{"id":91435,"date":"2021-12-28T20:15:09","date_gmt":"2021-12-28T19:15:09","guid":{"rendered":"https:\/\/marktxxl.de\/markt\/produkt\/banner-baby-mit-storch-als-geschenk-zur-geburt-der-storchenexpress-war-da-herzlich-willkommen-zu-hause-mama-und-kind-160-cm-breit-inkl-oesen-made-in-ger\/"},"modified":"2023-04-11T03:11:27","modified_gmt":"2023-04-11T01:11:27","slug":"banner-baby-mit-storch-als-geschenk-zur-geburt-der-storchenexpress-war-da-herzlich-willkommen-zu-hause-mama-und-kind-160-cm-breit-inkl-oesen-made-in-ger","status":"publish","type":"product","link":"https:\/\/marktxxl.de\/markt\/produkt\/banner-baby-mit-storch-als-geschenk-zur-geburt-der-storchenexpress-war-da-herzlich-willkommen-zu-hause-mama-und-kind-160-cm-breit-inkl-oesen-made-in-ger\/","title":{"rendered":"XXL Banner SET zur Geburt I Storch + Baby I Universal I wetterfest I personalisierbar I inkl. Kabelbinder &amp; Stift I 160\u2026"},"content":{"rendered":"<p>\u2764\ufe0f 160 CM x 70 CM GROSSER BANNER MIT STORCH &amp; BABY: Willkommen zu Hause! Ein wundersch\u00f6nes Geburtsgeschenk zur Begr\u00fc\u00dfung von Mama und Kind (Junge oder M\u00e4dchen) nach der Geburt oder zur Anzeige der Geburt im \/ am Haus, Zaun, Tor oder im Garten.<br \/>\n\u2764\ufe0f WUNDERSCH\u00d6NE GESCHENKIDEE ZUR GEBURT: Dar\u00fcber freut sich jeder, der den Klapperstorch am Gartenzaun oder am Haus sieht! Der Banner zur Geburt ist f\u00fcr au\u00dfen (aber auch f\u00fcr innen) ideal geeignet. Einfach an den vier \u00d6sen in den Ecken befestigen.<br \/>\n\u2764\ufe0f TOLLE \u00dcBERRASCHUNG: Den Banner mit Storch und Baby k\u00f6nnt Ihr ganz einfach (\u00e4hnlich wie ein Poster \/ Plakat) zur Begr\u00fc\u00dfung am Fenster, \u00fcber der T\u00fcr, am Balkon, der Hauswand, am Hoftor oder am Gartenzaun anbringen. Mutter und Kind werden so beim Heimkommen aus der Klinik herzlich begr\u00fc\u00dft. Sie werden vor Freude \u00fcber den gro\u00dfen und liebevollen Willkommensgru\u00df strahlen.<br \/>\n\u2764\ufe0f SEHR HOHE QUALIT\u00c4T &#8211; MADE IN GERMANY: Der Banner mit Storch zur Geburt ist robust, wasserfest und wetterfest. Er wird umweltfreundlich und geruchsneutral mit Latexfarben auf PVC gedruckt. Inklusive \u00d6sen in allen Ecken zum leichten Aufh\u00e4ngen.<br \/>\n[ \u2714 SEHR SCHNELLE LIEFERUNG \u2714 ] Wird in Deutschland meist binnen 1-2 Werktagen geliefert. (Kein Versand an DHL-Packstationen). Versand \u00d6sterreich ca. 3-5 Werktage. (Genaue Lieferzeiten siehe Lieferzeitenangabe im Warenkorb)<br \/>\n<div class=\"main-cross-sell\" data-asin=\"B08DG4VRN7\">\n\n\t<div class=\"WooZone-cross-sell-loader\">\n\t\t<div>\n\t\t\t<div id=\"floatingBarsG\">\n\t\t\t\t<div class=\"blockG\" id=\"rotateG_01\"><\/div>\n\t\t\t\t<div class=\"blockG\" id=\"rotateG_02\"><\/div>\n\t\t\t\t<div class=\"blockG\" id=\"rotateG_03\"><\/div>\n\t\t\t\t<div class=\"blockG\" id=\"rotateG_04\"><\/div>\n\t\t\t\t<div class=\"blockG\" id=\"rotateG_05\"><\/div>\n\t\t\t\t<div class=\"blockG\" id=\"rotateG_06\"><\/div>\n\t\t\t\t<div class=\"blockG\" id=\"rotateG_07\"><\/div>\n\t\t\t\t<div class=\"blockG\" id=\"rotateG_08\"><\/div>\n\t\t\t<\/div>\n\t\t\t<div class=\"WooZone-cross-sell-loader-text\"><\/div>\n\t\t<\/div>\n\t<\/div>\n\n\t\t\n<\/div>\n<div style=\"clear:both;\"><\/div><\/p>\n","protected":false},"excerpt":{"rendered":"<p>\u2764\ufe0f 160 CM x 70 CM GROSSER BANNER MIT STORCH &amp; BABY: Willkommen zu Hause! Ein wundersch\u00f6nes Geburtsgeschenk zur Begr\u00fc\u00dfung von Mama und Kind (Junge oder M\u00e4dchen) nach der Geburt oder zur Anzeige der Geburt im \/ am Haus, Zaun, Tor oder im Garten.<br \/>\n\u2764\ufe0f WUNDERSCH\u00d6NE GESCHENKIDEE ZUR GEBURT: Dar\u00fcber freut sich jeder, der den Klapperstorch am Gartenzaun oder am Haus sieht! Der Banner zur Geburt ist f\u00fcr au\u00dfen (aber auch f\u00fcr innen) ideal geeignet. Einfach an den vier \u00d6sen in den Ecken befestigen.<br \/>\n\u2764\ufe0f TOLLE \u00dcBERRASCHUNG: Den Banner mit Storch und Baby k\u00f6nnt Ihr ganz einfach (\u00e4hnlich wie ein Poster \/ Plakat) zur Begr\u00fc\u00dfung am Fenster, \u00fcber der T\u00fcr, am Balkon, der Hauswand, am Hoftor oder am Gartenzaun anbringen. Mutter und Kind werden so beim Heimkommen aus der Klinik herzlich begr\u00fc\u00dft. Sie werden vor Freude \u00fcber den gro\u00dfen und liebevollen Willkommensgru\u00df strahlen.<\/p>\n","protected":false},"featured_media":91436,"comment_status":"open","ping_status":"closed","template":"","meta":[],"product_brand":[],"product_cat":[21,8929],"product_tag":[],"class_list":{"0":"post-91435","1":"product","2":"type-product","3":"status-publish","4":"has-post-thumbnail","6":"product_cat-baby","7":"product_cat-babygeschenke-baby","8":"pa_binding-babyartikel","9":"pa_brand-iulias-freude-schenken","10":"pa_height-0-1968503935-zoll","11":"pa_length-62-99212592-zoll","12":"pa_manufacturer-iulias-verlag","13":"pa_size-1-stueck-1er-pack","14":"pa_weight-1-543235834-pfund","15":"pa_width-27-55905509-zoll","17":"first","18":"instock","19":"shipping-taxable","20":"purchasable","21":"product-type-simple","22":"customify-col","23":"product-has-gallery"},"yoast_head":"<!-- This site is optimized with the Yoast SEO plugin v27.4 - https:\/\/yoast.com\/product\/yoast-seo-wordpress\/ -->\n<title>XXL Banner SET zur Geburt I Storch + Baby I Universal I wetterfest I personalisierbar I inkl. Kabelbinder &amp; Stift I 160\u2026 - Markt-XXL<\/title>\n<meta name=\"description\" content=\"Markt-XXL XXL Banner SET zur Geburt I Storch + Baby I Universal I wetterfest I personalisierbar I inkl. Kabelbinder &amp; Stift I 160\u2026\" \/>\n<meta name=\"robots\" content=\"index, follow, max-snippet:-1, max-image-preview:large, max-video-preview:-1\" \/>\n<link rel=\"canonical\" href=\"https:\/\/marktxxl.de\/markt\/produkt\/banner-baby-mit-storch-als-geschenk-zur-geburt-der-storchenexpress-war-da-herzlich-willkommen-zu-hause-mama-und-kind-160-cm-breit-inkl-oesen-made-in-ger\/\" \/>\n<meta property=\"og:locale\" content=\"de_DE\" \/>\n<meta property=\"og:type\" content=\"article\" \/>\n<meta property=\"og:title\" content=\"XXL Banner SET zur Geburt I Storch + Baby I Universal I wetterfest I personalisierbar I inkl. Kabelbinder &amp; Stift I 160\u2026 - Markt-XXL\" \/>\n<meta property=\"og:description\" content=\"Markt-XXL XXL Banner SET zur Geburt I Storch + Baby I Universal I wetterfest I personalisierbar I inkl. Kabelbinder &amp; Stift I 160\u2026\" \/>\n<meta property=\"og:url\" content=\"https:\/\/marktxxl.de\/markt\/produkt\/banner-baby-mit-storch-als-geschenk-zur-geburt-der-storchenexpress-war-da-herzlich-willkommen-zu-hause-mama-und-kind-160-cm-breit-inkl-oesen-made-in-ger\/\" \/>\n<meta property=\"og:site_name\" content=\"Markt-XXL\" \/>\n<meta property=\"article:modified_time\" content=\"2023-04-11T01:11:27+00:00\" \/>\n<meta property=\"og:image\" content=\"https:\/\/m.media-amazon.com\/images\/I\/51YKe4vKBaL._SL500_.jpg\" \/>\n\t<meta property=\"og:image:width\" content=\"500\" \/>\n\t<meta property=\"og:image:height\" content=\"500\" \/>\n\t<meta property=\"og:image:type\" content=\"image\/jpeg\" \/>\n<meta name=\"twitter:card\" content=\"summary_large_image\" \/>\n<meta name=\"twitter:label1\" content=\"Gesch\u00e4tzte Lesezeit\" \/>\n\t<meta name=\"twitter:data1\" content=\"1\u00a0Minute\" \/>\n<script type=\"application\/ld+json\" class=\"yoast-schema-graph\">{\"@context\":\"https:\\\/\\\/schema.org\",\"@graph\":[{\"@type\":\"WebPage\",\"@id\":\"https:\\\/\\\/marktxxl.de\\\/markt\\\/produkt\\\/banner-baby-mit-storch-als-geschenk-zur-geburt-der-storchenexpress-war-da-herzlich-willkommen-zu-hause-mama-und-kind-160-cm-breit-inkl-oesen-made-in-ger\\\/\",\"url\":\"https:\\\/\\\/marktxxl.de\\\/markt\\\/produkt\\\/banner-baby-mit-storch-als-geschenk-zur-geburt-der-storchenexpress-war-da-herzlich-willkommen-zu-hause-mama-und-kind-160-cm-breit-inkl-oesen-made-in-ger\\\/\",\"name\":\"XXL Banner SET zur Geburt I Storch + Baby I Universal I wetterfest I personalisierbar I inkl. Kabelbinder &amp; Stift I 160\u2026 - Markt-XXL\",\"isPartOf\":{\"@id\":\"https:\\\/\\\/marktxxl.de\\\/markt\\\/#website\"},\"primaryImageOfPage\":{\"@id\":\"https:\\\/\\\/marktxxl.de\\\/markt\\\/produkt\\\/banner-baby-mit-storch-als-geschenk-zur-geburt-der-storchenexpress-war-da-herzlich-willkommen-zu-hause-mama-und-kind-160-cm-breit-inkl-oesen-made-in-ger\\\/#primaryimage\"},\"image\":{\"@id\":\"https:\\\/\\\/marktxxl.de\\\/markt\\\/produkt\\\/banner-baby-mit-storch-als-geschenk-zur-geburt-der-storchenexpress-war-da-herzlich-willkommen-zu-hause-mama-und-kind-160-cm-breit-inkl-oesen-made-in-ger\\\/#primaryimage\"},\"thumbnailUrl\":\"https:\\\/\\\/m.media-amazon.com\\\/images\\\/I\\\/51YKe4vKBaL._SL500_.jpg\",\"datePublished\":\"2021-12-28T19:15:09+00:00\",\"dateModified\":\"2023-04-11T01:11:27+00:00\",\"description\":\"Markt-XXL XXL Banner SET zur Geburt I Storch + Baby I Universal I wetterfest I personalisierbar I inkl. Kabelbinder &amp; Stift I 160\u2026\",\"breadcrumb\":{\"@id\":\"https:\\\/\\\/marktxxl.de\\\/markt\\\/produkt\\\/banner-baby-mit-storch-als-geschenk-zur-geburt-der-storchenexpress-war-da-herzlich-willkommen-zu-hause-mama-und-kind-160-cm-breit-inkl-oesen-made-in-ger\\\/#breadcrumb\"},\"inLanguage\":\"de\",\"potentialAction\":[{\"@type\":\"ReadAction\",\"target\":[\"https:\\\/\\\/marktxxl.de\\\/markt\\\/produkt\\\/banner-baby-mit-storch-als-geschenk-zur-geburt-der-storchenexpress-war-da-herzlich-willkommen-zu-hause-mama-und-kind-160-cm-breit-inkl-oesen-made-in-ger\\\/\"]}]},{\"@type\":\"ImageObject\",\"inLanguage\":\"de\",\"@id\":\"https:\\\/\\\/marktxxl.de\\\/markt\\\/produkt\\\/banner-baby-mit-storch-als-geschenk-zur-geburt-der-storchenexpress-war-da-herzlich-willkommen-zu-hause-mama-und-kind-160-cm-breit-inkl-oesen-made-in-ger\\\/#primaryimage\",\"url\":\"https:\\\/\\\/m.media-amazon.com\\\/images\\\/I\\\/51YKe4vKBaL._SL500_.jpg\",\"contentUrl\":\"https:\\\/\\\/m.media-amazon.com\\\/images\\\/I\\\/51YKe4vKBaL._SL500_.jpg\",\"width\":500,\"height\":500},{\"@type\":\"BreadcrumbList\",\"@id\":\"https:\\\/\\\/marktxxl.de\\\/markt\\\/produkt\\\/banner-baby-mit-storch-als-geschenk-zur-geburt-der-storchenexpress-war-da-herzlich-willkommen-zu-hause-mama-und-kind-160-cm-breit-inkl-oesen-made-in-ger\\\/#breadcrumb\",\"itemListElement\":[{\"@type\":\"ListItem\",\"position\":1,\"name\":\"Startseite\",\"item\":\"https:\\\/\\\/marktxxl.de\\\/markt\\\/\"},{\"@type\":\"ListItem\",\"position\":2,\"name\":\"Markt\",\"item\":\"https:\\\/\\\/marktxxl.de\\\/markt\\\/\"},{\"@type\":\"ListItem\",\"position\":3,\"name\":\"XXL Banner SET zur Geburt I Storch + Baby I Universal I wetterfest I personalisierbar I inkl. Kabelbinder &amp; Stift I 160\u2026\"}]},{\"@type\":\"WebSite\",\"@id\":\"https:\\\/\\\/marktxxl.de\\\/markt\\\/#website\",\"url\":\"https:\\\/\\\/marktxxl.de\\\/markt\\\/\",\"name\":\"Markt-XXL\",\"description\":\"Ihr Markt Online\",\"publisher\":{\"@id\":\"https:\\\/\\\/marktxxl.de\\\/markt\\\/#organization\"},\"potentialAction\":[{\"@type\":\"SearchAction\",\"target\":{\"@type\":\"EntryPoint\",\"urlTemplate\":\"https:\\\/\\\/marktxxl.de\\\/markt\\\/?s={search_term_string}\"},\"query-input\":{\"@type\":\"PropertyValueSpecification\",\"valueRequired\":true,\"valueName\":\"search_term_string\"}}],\"inLanguage\":\"de\"},{\"@type\":\"Organization\",\"@id\":\"https:\\\/\\\/marktxxl.de\\\/markt\\\/#organization\",\"name\":\"Markt-XXL\",\"url\":\"https:\\\/\\\/marktxxl.de\\\/markt\\\/\",\"logo\":{\"@type\":\"ImageObject\",\"inLanguage\":\"de\",\"@id\":\"https:\\\/\\\/marktxxl.de\\\/markt\\\/#\\\/schema\\\/logo\\\/image\\\/\",\"url\":\"https:\\\/\\\/marktxxl.de\\\/markt\\\/wp-content\\\/uploads\\\/sites\\\/3\\\/2020\\\/12\\\/logo.png\",\"contentUrl\":\"https:\\\/\\\/marktxxl.de\\\/markt\\\/wp-content\\\/uploads\\\/sites\\\/3\\\/2020\\\/12\\\/logo.png\",\"width\":200,\"height\":70,\"caption\":\"Markt-XXL\"},\"image\":{\"@id\":\"https:\\\/\\\/marktxxl.de\\\/markt\\\/#\\\/schema\\\/logo\\\/image\\\/\"}}]}<\/script>\n<!-- \/ Yoast SEO plugin. -->","yoast_head_json":{"title":"XXL Banner SET zur Geburt I Storch + Baby I Universal I wetterfest I personalisierbar I inkl. Kabelbinder &amp; Stift I 160\u2026 - Markt-XXL","description":"Markt-XXL XXL Banner SET zur Geburt I Storch + Baby I Universal I wetterfest I personalisierbar I inkl. Kabelbinder &amp; Stift I 160\u2026","robots":{"index":"index","follow":"follow","max-snippet":"max-snippet:-1","max-image-preview":"max-image-preview:large","max-video-preview":"max-video-preview:-1"},"canonical":"https:\/\/marktxxl.de\/markt\/produkt\/banner-baby-mit-storch-als-geschenk-zur-geburt-der-storchenexpress-war-da-herzlich-willkommen-zu-hause-mama-und-kind-160-cm-breit-inkl-oesen-made-in-ger\/","og_locale":"de_DE","og_type":"article","og_title":"XXL Banner SET zur Geburt I Storch + Baby I Universal I wetterfest I personalisierbar I inkl. Kabelbinder &amp; Stift I 160\u2026 - Markt-XXL","og_description":"Markt-XXL XXL Banner SET zur Geburt I Storch + Baby I Universal I wetterfest I personalisierbar I inkl. Kabelbinder &amp; Stift I 160\u2026","og_url":"https:\/\/marktxxl.de\/markt\/produkt\/banner-baby-mit-storch-als-geschenk-zur-geburt-der-storchenexpress-war-da-herzlich-willkommen-zu-hause-mama-und-kind-160-cm-breit-inkl-oesen-made-in-ger\/","og_site_name":"Markt-XXL","article_modified_time":"2023-04-11T01:11:27+00:00","og_image":[{"width":500,"height":500,"url":"https:\/\/m.media-amazon.com\/images\/I\/51YKe4vKBaL._SL500_.jpg","type":"image\/jpeg"}],"twitter_card":"summary_large_image","twitter_misc":{"Gesch\u00e4tzte Lesezeit":"1\u00a0Minute"},"schema":{"@context":"https:\/\/schema.org","@graph":[{"@type":"WebPage","@id":"https:\/\/marktxxl.de\/markt\/produkt\/banner-baby-mit-storch-als-geschenk-zur-geburt-der-storchenexpress-war-da-herzlich-willkommen-zu-hause-mama-und-kind-160-cm-breit-inkl-oesen-made-in-ger\/","url":"https:\/\/marktxxl.de\/markt\/produkt\/banner-baby-mit-storch-als-geschenk-zur-geburt-der-storchenexpress-war-da-herzlich-willkommen-zu-hause-mama-und-kind-160-cm-breit-inkl-oesen-made-in-ger\/","name":"XXL Banner SET zur Geburt I Storch + Baby I Universal I wetterfest I personalisierbar I inkl. Kabelbinder &amp; Stift I 160\u2026 - Markt-XXL","isPartOf":{"@id":"https:\/\/marktxxl.de\/markt\/#website"},"primaryImageOfPage":{"@id":"https:\/\/marktxxl.de\/markt\/produkt\/banner-baby-mit-storch-als-geschenk-zur-geburt-der-storchenexpress-war-da-herzlich-willkommen-zu-hause-mama-und-kind-160-cm-breit-inkl-oesen-made-in-ger\/#primaryimage"},"image":{"@id":"https:\/\/marktxxl.de\/markt\/produkt\/banner-baby-mit-storch-als-geschenk-zur-geburt-der-storchenexpress-war-da-herzlich-willkommen-zu-hause-mama-und-kind-160-cm-breit-inkl-oesen-made-in-ger\/#primaryimage"},"thumbnailUrl":"https:\/\/m.media-amazon.com\/images\/I\/51YKe4vKBaL._SL500_.jpg","datePublished":"2021-12-28T19:15:09+00:00","dateModified":"2023-04-11T01:11:27+00:00","description":"Markt-XXL XXL Banner SET zur Geburt I Storch + Baby I Universal I wetterfest I personalisierbar I inkl. Kabelbinder &amp; Stift I 160\u2026","breadcrumb":{"@id":"https:\/\/marktxxl.de\/markt\/produkt\/banner-baby-mit-storch-als-geschenk-zur-geburt-der-storchenexpress-war-da-herzlich-willkommen-zu-hause-mama-und-kind-160-cm-breit-inkl-oesen-made-in-ger\/#breadcrumb"},"inLanguage":"de","potentialAction":[{"@type":"ReadAction","target":["https:\/\/marktxxl.de\/markt\/produkt\/banner-baby-mit-storch-als-geschenk-zur-geburt-der-storchenexpress-war-da-herzlich-willkommen-zu-hause-mama-und-kind-160-cm-breit-inkl-oesen-made-in-ger\/"]}]},{"@type":"ImageObject","inLanguage":"de","@id":"https:\/\/marktxxl.de\/markt\/produkt\/banner-baby-mit-storch-als-geschenk-zur-geburt-der-storchenexpress-war-da-herzlich-willkommen-zu-hause-mama-und-kind-160-cm-breit-inkl-oesen-made-in-ger\/#primaryimage","url":"https:\/\/m.media-amazon.com\/images\/I\/51YKe4vKBaL._SL500_.jpg","contentUrl":"https:\/\/m.media-amazon.com\/images\/I\/51YKe4vKBaL._SL500_.jpg","width":500,"height":500},{"@type":"BreadcrumbList","@id":"https:\/\/marktxxl.de\/markt\/produkt\/banner-baby-mit-storch-als-geschenk-zur-geburt-der-storchenexpress-war-da-herzlich-willkommen-zu-hause-mama-und-kind-160-cm-breit-inkl-oesen-made-in-ger\/#breadcrumb","itemListElement":[{"@type":"ListItem","position":1,"name":"Startseite","item":"https:\/\/marktxxl.de\/markt\/"},{"@type":"ListItem","position":2,"name":"Markt","item":"https:\/\/marktxxl.de\/markt\/"},{"@type":"ListItem","position":3,"name":"XXL Banner SET zur Geburt I Storch + Baby I Universal I wetterfest I personalisierbar I inkl. Kabelbinder &amp; Stift I 160\u2026"}]},{"@type":"WebSite","@id":"https:\/\/marktxxl.de\/markt\/#website","url":"https:\/\/marktxxl.de\/markt\/","name":"Markt-XXL","description":"Ihr Markt Online","publisher":{"@id":"https:\/\/marktxxl.de\/markt\/#organization"},"potentialAction":[{"@type":"SearchAction","target":{"@type":"EntryPoint","urlTemplate":"https:\/\/marktxxl.de\/markt\/?s={search_term_string}"},"query-input":{"@type":"PropertyValueSpecification","valueRequired":true,"valueName":"search_term_string"}}],"inLanguage":"de"},{"@type":"Organization","@id":"https:\/\/marktxxl.de\/markt\/#organization","name":"Markt-XXL","url":"https:\/\/marktxxl.de\/markt\/","logo":{"@type":"ImageObject","inLanguage":"de","@id":"https:\/\/marktxxl.de\/markt\/#\/schema\/logo\/image\/","url":"https:\/\/marktxxl.de\/markt\/wp-content\/uploads\/sites\/3\/2020\/12\/logo.png","contentUrl":"https:\/\/marktxxl.de\/markt\/wp-content\/uploads\/sites\/3\/2020\/12\/logo.png","width":200,"height":70,"caption":"Markt-XXL"},"image":{"@id":"https:\/\/marktxxl.de\/markt\/#\/schema\/logo\/image\/"}}]}},"_links":{"self":[{"href":"https:\/\/marktxxl.de\/markt\/wp-json\/wp\/v2\/product\/91435","targetHints":{"allow":["GET"]}}],"collection":[{"href":"https:\/\/marktxxl.de\/markt\/wp-json\/wp\/v2\/product"}],"about":[{"href":"https:\/\/marktxxl.de\/markt\/wp-json\/wp\/v2\/types\/product"}],"replies":[{"embeddable":true,"href":"https:\/\/marktxxl.de\/markt\/wp-json\/wp\/v2\/comments?post=91435"}],"wp:featuredmedia":[{"embeddable":true,"href":"https:\/\/marktxxl.de\/markt\/wp-json\/wp\/v2\/media\/91436"}],"wp:attachment":[{"href":"https:\/\/marktxxl.de\/markt\/wp-json\/wp\/v2\/media?parent=91435"}],"wp:term":[{"taxonomy":"product_brand","embeddable":true,"href":"https:\/\/marktxxl.de\/markt\/wp-json\/wp\/v2\/product_brand?post=91435"},{"taxonomy":"product_cat","embeddable":true,"href":"https:\/\/marktxxl.de\/markt\/wp-json\/wp\/v2\/product_cat?post=91435"},{"taxonomy":"product_tag","embeddable":true,"href":"https:\/\/marktxxl.de\/markt\/wp-json\/wp\/v2\/product_tag?post=91435"}],"curies":[{"name":"wp","href":"https:\/\/api.w.org\/{rel}","templated":true}]}}