{"id":91266,"date":"2021-12-28T20:06:49","date_gmt":"2021-12-28T19:06:49","guid":{"rendered":"https:\/\/marktxxl.de\/markt\/produkt\/copper-pearl-6-ultraweiche-babywaschlappen-premium-grosse-weichesonny-blau-weiss-11x-11-handtuecher\/"},"modified":"2023-04-11T03:11:25","modified_gmt":"2023-04-11T01:11:25","slug":"copper-pearl-6-ultraweiche-babywaschlappen-premium-grosse-weichesonny-blau-weiss-11x-11-handtuecher","status":"publish","type":"product","link":"https:\/\/marktxxl.de\/markt\/produkt\/copper-pearl-6-ultraweiche-babywaschlappen-premium-grosse-weichesonny-blau-weiss-11x-11-handtuecher\/","title":{"rendered":"Copper Pearl 6 ultraweiche Babywaschlappen Premium gro\u00dfe weiche&#8221;Sonny&#8221; (blau\/wei\u00df) 11&#8243;x 11&#8243; Handt\u00fccher"},"content":{"rendered":"<p>100% RAYON AUS BAMBUSFASERN &#8211; Verwenden Sie Waschlappen aus Kupferperlen, um Gesicht und K\u00f6rper Ihres Babys sanft sauber zu halten<br \/>\nGROSSE 11 &#8220;x 11&#8221; ZOLLGR\u00d6SSE &#8211; Die Gr\u00f6\u00dfe unserer Premium-Bambuswaschlappen ist genau richtig, um das Gesicht des Babys abzuwischen, und auch perfekt f\u00fcr andere Haushaltszwecke. Ersetzen Sie die alten, schmutzigen Putzlappen, die Sie seit Jahren verwenden! Unsere langlebigen Waschlappen k\u00f6nnen Schmutz auf Geschirr, Fenstern und anderen Haushaltsreinigungsprojekten entfernen.<br \/>\nPREMIUM, ULTRA SOFT MATERIAL &#8211; Unser erstaunlich weiches Frottee ist perfekt zum Schutz der empfindlichen Haut Ihres Babys. Unsere Waschlappen sind auch langlebig und langlebig und k\u00f6nnen immer wieder zum Baden oder zu jeder Zeit verwendet werden. Das weiche Material des Bambus ist auch sehr saugf\u00e4hig und praktisch, wenn das Baby Unordnung macht oder ununterbrochen sabbert.<br \/>\nPERFEKTES DUSCHGESCHENK ODER BABY-REGISTRIERUNG &#8211; M\u00fctter lieben Copper Pearl-Produkte, und unsere Waschlappen sind nicht anders. Bambuswaschlappen sind das Geschenk, das jede Mutter, ob neu oder erfahren, benutzen kann und lieben wird. Lieferung in Premium-Verpackung, die in einer Geschenkt\u00fcte gut aussieht!<br \/>\nPERFEKTES DUSCHGESCHENK ODER BABY-REGISTRIERUNG &#8211; M\u00fctter lieben Copper Pearl-Produkte, und unsere Kapuzenhandt\u00fccher sind keine Ausnahme. Sie sind ein unverzichtbares Geschenk und ein bedeutungsvolles Geschenk, das jede Mutter f\u00fcr Babypartys, Geburtstage oder Feiertage lieben wird.<br \/>\n<div class=\"main-cross-sell\" data-asin=\"B01HEAMESO\">\n\n\t<div class=\"WooZone-cross-sell-loader\">\n\t\t<div>\n\t\t\t<div id=\"floatingBarsG\">\n\t\t\t\t<div class=\"blockG\" id=\"rotateG_01\"><\/div>\n\t\t\t\t<div class=\"blockG\" id=\"rotateG_02\"><\/div>\n\t\t\t\t<div class=\"blockG\" id=\"rotateG_03\"><\/div>\n\t\t\t\t<div class=\"blockG\" id=\"rotateG_04\"><\/div>\n\t\t\t\t<div class=\"blockG\" id=\"rotateG_05\"><\/div>\n\t\t\t\t<div class=\"blockG\" id=\"rotateG_06\"><\/div>\n\t\t\t\t<div class=\"blockG\" id=\"rotateG_07\"><\/div>\n\t\t\t\t<div class=\"blockG\" id=\"rotateG_08\"><\/div>\n\t\t\t<\/div>\n\t\t\t<div class=\"WooZone-cross-sell-loader-text\"><\/div>\n\t\t<\/div>\n\t<\/div>\n\n\t\t\n<\/div>\n<div style=\"clear:both;\"><\/div><\/p>\n","protected":false},"excerpt":{"rendered":"<p>100% RAYON AUS BAMBUSFASERN &#8211; Verwenden Sie Waschlappen aus Kupferperlen, um Gesicht und K\u00f6rper Ihres Babys sanft sauber zu halten<br \/>\nGROSSE 11 &#8220;x 11&#8221; ZOLLGR\u00d6SSE &#8211; Die Gr\u00f6\u00dfe unserer Premium-Bambuswaschlappen ist genau richtig, um das Gesicht des Babys abzuwischen, und auch perfekt f\u00fcr andere Haushaltszwecke. Ersetzen Sie die alten, schmutzigen Putzlappen, die Sie seit Jahren verwenden! Unsere langlebigen Waschlappen k\u00f6nnen Schmutz auf Geschirr, Fenstern und anderen Haushaltsreinigungsprojekten entfernen.<br \/>\nPREMIUM, ULTRA SOFT MATERIAL &#8211; Unser erstaunlich weiches Frottee ist perfekt zum Schutz der empfindlichen Haut Ihres Babys. Unsere Waschlappen sind auch langlebig und langlebig und k\u00f6nnen immer wieder zum Baden oder zu jeder Zeit verwendet werden. Das weiche Material des Bambus ist auch sehr saugf\u00e4hig und praktisch, wenn das Baby Unordnung macht oder ununterbrochen sabbert.<\/p>\n","protected":false},"featured_media":91267,"comment_status":"open","ping_status":"closed","template":"","meta":[],"product_brand":[],"product_cat":[21,9009],"product_tag":[],"class_list":{"0":"post-91266","1":"product","2":"type-product","3":"status-publish","4":"has-post-thumbnail","6":"product_cat-baby","7":"product_cat-babypflege-baby","8":"pa_binding-babyartikel","9":"pa_brand-copper-pearl","10":"pa_height-0-2-zoll","11":"pa_length-11-zoll","12":"pa_manufacturer-copper-pearl","13":"pa_weight-0-3-pfund","14":"pa_width-11-zoll","16":"first","17":"instock","18":"shipping-taxable","19":"purchasable","20":"product-type-simple","21":"customify-col","22":"product-has-gallery"},"yoast_head":"<!-- This site is optimized with the Yoast SEO plugin v27.4 - https:\/\/yoast.com\/product\/yoast-seo-wordpress\/ -->\n<title>Copper Pearl 6 ultraweiche Babywaschlappen Premium gro\u00dfe weiche&quot;Sonny&quot; (blau\/wei\u00df) 11&quot;x 11&quot; Handt\u00fccher - Markt-XXL<\/title>\n<meta name=\"description\" content=\"Markt-XXL Copper Pearl 6 ultraweiche Babywaschlappen Premium gro\u00dfe weiche&quot;Sonny&quot; (blau\/wei\u00df) 11&quot;x 11&quot; Handt\u00fccher\" \/>\n<meta name=\"robots\" content=\"index, follow, max-snippet:-1, max-image-preview:large, max-video-preview:-1\" \/>\n<link rel=\"canonical\" href=\"https:\/\/marktxxl.de\/markt\/produkt\/copper-pearl-6-ultraweiche-babywaschlappen-premium-grosse-weichesonny-blau-weiss-11x-11-handtuecher\/\" \/>\n<meta property=\"og:locale\" content=\"de_DE\" \/>\n<meta property=\"og:type\" content=\"article\" \/>\n<meta property=\"og:title\" content=\"Copper Pearl 6 ultraweiche Babywaschlappen Premium gro\u00dfe weiche&quot;Sonny&quot; (blau\/wei\u00df) 11&quot;x 11&quot; Handt\u00fccher - Markt-XXL\" \/>\n<meta property=\"og:description\" content=\"Markt-XXL Copper Pearl 6 ultraweiche Babywaschlappen Premium gro\u00dfe weiche&quot;Sonny&quot; (blau\/wei\u00df) 11&quot;x 11&quot; Handt\u00fccher\" \/>\n<meta property=\"og:url\" content=\"https:\/\/marktxxl.de\/markt\/produkt\/copper-pearl-6-ultraweiche-babywaschlappen-premium-grosse-weichesonny-blau-weiss-11x-11-handtuecher\/\" \/>\n<meta property=\"og:site_name\" content=\"Markt-XXL\" \/>\n<meta property=\"article:modified_time\" content=\"2023-04-11T01:11:25+00:00\" \/>\n<meta property=\"og:image\" content=\"https:\/\/m.media-amazon.com\/images\/I\/41PnXoxN3wL._SL500_.jpg\" \/>\n\t<meta property=\"og:image:width\" content=\"500\" \/>\n\t<meta property=\"og:image:height\" content=\"500\" \/>\n\t<meta property=\"og:image:type\" content=\"image\/jpeg\" \/>\n<meta name=\"twitter:card\" content=\"summary_large_image\" \/>\n<meta name=\"twitter:label1\" content=\"Gesch\u00e4tzte Lesezeit\" \/>\n\t<meta name=\"twitter:data1\" content=\"1\u00a0Minute\" \/>\n<script type=\"application\/ld+json\" class=\"yoast-schema-graph\">{\"@context\":\"https:\\\/\\\/schema.org\",\"@graph\":[{\"@type\":\"WebPage\",\"@id\":\"https:\\\/\\\/marktxxl.de\\\/markt\\\/produkt\\\/copper-pearl-6-ultraweiche-babywaschlappen-premium-grosse-weichesonny-blau-weiss-11x-11-handtuecher\\\/\",\"url\":\"https:\\\/\\\/marktxxl.de\\\/markt\\\/produkt\\\/copper-pearl-6-ultraweiche-babywaschlappen-premium-grosse-weichesonny-blau-weiss-11x-11-handtuecher\\\/\",\"name\":\"Copper Pearl 6 ultraweiche Babywaschlappen Premium gro\u00dfe weiche\\\"Sonny\\\" (blau\\\/wei\u00df) 11\\\"x 11\\\" Handt\u00fccher - Markt-XXL\",\"isPartOf\":{\"@id\":\"https:\\\/\\\/marktxxl.de\\\/markt\\\/#website\"},\"primaryImageOfPage\":{\"@id\":\"https:\\\/\\\/marktxxl.de\\\/markt\\\/produkt\\\/copper-pearl-6-ultraweiche-babywaschlappen-premium-grosse-weichesonny-blau-weiss-11x-11-handtuecher\\\/#primaryimage\"},\"image\":{\"@id\":\"https:\\\/\\\/marktxxl.de\\\/markt\\\/produkt\\\/copper-pearl-6-ultraweiche-babywaschlappen-premium-grosse-weichesonny-blau-weiss-11x-11-handtuecher\\\/#primaryimage\"},\"thumbnailUrl\":\"https:\\\/\\\/m.media-amazon.com\\\/images\\\/I\\\/41PnXoxN3wL._SL500_.jpg\",\"datePublished\":\"2021-12-28T19:06:49+00:00\",\"dateModified\":\"2023-04-11T01:11:25+00:00\",\"description\":\"Markt-XXL Copper Pearl 6 ultraweiche Babywaschlappen Premium gro\u00dfe weiche\\\"Sonny\\\" (blau\\\/wei\u00df) 11\\\"x 11\\\" Handt\u00fccher\",\"breadcrumb\":{\"@id\":\"https:\\\/\\\/marktxxl.de\\\/markt\\\/produkt\\\/copper-pearl-6-ultraweiche-babywaschlappen-premium-grosse-weichesonny-blau-weiss-11x-11-handtuecher\\\/#breadcrumb\"},\"inLanguage\":\"de\",\"potentialAction\":[{\"@type\":\"ReadAction\",\"target\":[\"https:\\\/\\\/marktxxl.de\\\/markt\\\/produkt\\\/copper-pearl-6-ultraweiche-babywaschlappen-premium-grosse-weichesonny-blau-weiss-11x-11-handtuecher\\\/\"]}]},{\"@type\":\"ImageObject\",\"inLanguage\":\"de\",\"@id\":\"https:\\\/\\\/marktxxl.de\\\/markt\\\/produkt\\\/copper-pearl-6-ultraweiche-babywaschlappen-premium-grosse-weichesonny-blau-weiss-11x-11-handtuecher\\\/#primaryimage\",\"url\":\"https:\\\/\\\/m.media-amazon.com\\\/images\\\/I\\\/41PnXoxN3wL._SL500_.jpg\",\"contentUrl\":\"https:\\\/\\\/m.media-amazon.com\\\/images\\\/I\\\/41PnXoxN3wL._SL500_.jpg\",\"width\":500,\"height\":500},{\"@type\":\"BreadcrumbList\",\"@id\":\"https:\\\/\\\/marktxxl.de\\\/markt\\\/produkt\\\/copper-pearl-6-ultraweiche-babywaschlappen-premium-grosse-weichesonny-blau-weiss-11x-11-handtuecher\\\/#breadcrumb\",\"itemListElement\":[{\"@type\":\"ListItem\",\"position\":1,\"name\":\"Startseite\",\"item\":\"https:\\\/\\\/marktxxl.de\\\/markt\\\/\"},{\"@type\":\"ListItem\",\"position\":2,\"name\":\"Markt\",\"item\":\"https:\\\/\\\/marktxxl.de\\\/markt\\\/\"},{\"@type\":\"ListItem\",\"position\":3,\"name\":\"Copper Pearl 6 ultraweiche Babywaschlappen Premium gro\u00dfe weiche&#8221;Sonny&#8221; (blau\\\/wei\u00df) 11&#8243;x 11&#8243; Handt\u00fccher\"}]},{\"@type\":\"WebSite\",\"@id\":\"https:\\\/\\\/marktxxl.de\\\/markt\\\/#website\",\"url\":\"https:\\\/\\\/marktxxl.de\\\/markt\\\/\",\"name\":\"Markt-XXL\",\"description\":\"Ihr Markt Online\",\"publisher\":{\"@id\":\"https:\\\/\\\/marktxxl.de\\\/markt\\\/#organization\"},\"potentialAction\":[{\"@type\":\"SearchAction\",\"target\":{\"@type\":\"EntryPoint\",\"urlTemplate\":\"https:\\\/\\\/marktxxl.de\\\/markt\\\/?s={search_term_string}\"},\"query-input\":{\"@type\":\"PropertyValueSpecification\",\"valueRequired\":true,\"valueName\":\"search_term_string\"}}],\"inLanguage\":\"de\"},{\"@type\":\"Organization\",\"@id\":\"https:\\\/\\\/marktxxl.de\\\/markt\\\/#organization\",\"name\":\"Markt-XXL\",\"url\":\"https:\\\/\\\/marktxxl.de\\\/markt\\\/\",\"logo\":{\"@type\":\"ImageObject\",\"inLanguage\":\"de\",\"@id\":\"https:\\\/\\\/marktxxl.de\\\/markt\\\/#\\\/schema\\\/logo\\\/image\\\/\",\"url\":\"https:\\\/\\\/marktxxl.de\\\/markt\\\/wp-content\\\/uploads\\\/sites\\\/3\\\/2020\\\/12\\\/logo.png\",\"contentUrl\":\"https:\\\/\\\/marktxxl.de\\\/markt\\\/wp-content\\\/uploads\\\/sites\\\/3\\\/2020\\\/12\\\/logo.png\",\"width\":200,\"height\":70,\"caption\":\"Markt-XXL\"},\"image\":{\"@id\":\"https:\\\/\\\/marktxxl.de\\\/markt\\\/#\\\/schema\\\/logo\\\/image\\\/\"}}]}<\/script>\n<!-- \/ Yoast SEO plugin. -->","yoast_head_json":{"title":"Copper Pearl 6 ultraweiche Babywaschlappen Premium gro\u00dfe weiche\"Sonny\" (blau\/wei\u00df) 11\"x 11\" Handt\u00fccher - Markt-XXL","description":"Markt-XXL Copper Pearl 6 ultraweiche Babywaschlappen Premium gro\u00dfe weiche\"Sonny\" (blau\/wei\u00df) 11\"x 11\" Handt\u00fccher","robots":{"index":"index","follow":"follow","max-snippet":"max-snippet:-1","max-image-preview":"max-image-preview:large","max-video-preview":"max-video-preview:-1"},"canonical":"https:\/\/marktxxl.de\/markt\/produkt\/copper-pearl-6-ultraweiche-babywaschlappen-premium-grosse-weichesonny-blau-weiss-11x-11-handtuecher\/","og_locale":"de_DE","og_type":"article","og_title":"Copper Pearl 6 ultraweiche Babywaschlappen Premium gro\u00dfe weiche\"Sonny\" (blau\/wei\u00df) 11\"x 11\" Handt\u00fccher - Markt-XXL","og_description":"Markt-XXL Copper Pearl 6 ultraweiche Babywaschlappen Premium gro\u00dfe weiche\"Sonny\" (blau\/wei\u00df) 11\"x 11\" Handt\u00fccher","og_url":"https:\/\/marktxxl.de\/markt\/produkt\/copper-pearl-6-ultraweiche-babywaschlappen-premium-grosse-weichesonny-blau-weiss-11x-11-handtuecher\/","og_site_name":"Markt-XXL","article_modified_time":"2023-04-11T01:11:25+00:00","og_image":[{"width":500,"height":500,"url":"https:\/\/m.media-amazon.com\/images\/I\/41PnXoxN3wL._SL500_.jpg","type":"image\/jpeg"}],"twitter_card":"summary_large_image","twitter_misc":{"Gesch\u00e4tzte Lesezeit":"1\u00a0Minute"},"schema":{"@context":"https:\/\/schema.org","@graph":[{"@type":"WebPage","@id":"https:\/\/marktxxl.de\/markt\/produkt\/copper-pearl-6-ultraweiche-babywaschlappen-premium-grosse-weichesonny-blau-weiss-11x-11-handtuecher\/","url":"https:\/\/marktxxl.de\/markt\/produkt\/copper-pearl-6-ultraweiche-babywaschlappen-premium-grosse-weichesonny-blau-weiss-11x-11-handtuecher\/","name":"Copper Pearl 6 ultraweiche Babywaschlappen Premium gro\u00dfe weiche\"Sonny\" (blau\/wei\u00df) 11\"x 11\" Handt\u00fccher - Markt-XXL","isPartOf":{"@id":"https:\/\/marktxxl.de\/markt\/#website"},"primaryImageOfPage":{"@id":"https:\/\/marktxxl.de\/markt\/produkt\/copper-pearl-6-ultraweiche-babywaschlappen-premium-grosse-weichesonny-blau-weiss-11x-11-handtuecher\/#primaryimage"},"image":{"@id":"https:\/\/marktxxl.de\/markt\/produkt\/copper-pearl-6-ultraweiche-babywaschlappen-premium-grosse-weichesonny-blau-weiss-11x-11-handtuecher\/#primaryimage"},"thumbnailUrl":"https:\/\/m.media-amazon.com\/images\/I\/41PnXoxN3wL._SL500_.jpg","datePublished":"2021-12-28T19:06:49+00:00","dateModified":"2023-04-11T01:11:25+00:00","description":"Markt-XXL Copper Pearl 6 ultraweiche Babywaschlappen Premium gro\u00dfe weiche\"Sonny\" (blau\/wei\u00df) 11\"x 11\" Handt\u00fccher","breadcrumb":{"@id":"https:\/\/marktxxl.de\/markt\/produkt\/copper-pearl-6-ultraweiche-babywaschlappen-premium-grosse-weichesonny-blau-weiss-11x-11-handtuecher\/#breadcrumb"},"inLanguage":"de","potentialAction":[{"@type":"ReadAction","target":["https:\/\/marktxxl.de\/markt\/produkt\/copper-pearl-6-ultraweiche-babywaschlappen-premium-grosse-weichesonny-blau-weiss-11x-11-handtuecher\/"]}]},{"@type":"ImageObject","inLanguage":"de","@id":"https:\/\/marktxxl.de\/markt\/produkt\/copper-pearl-6-ultraweiche-babywaschlappen-premium-grosse-weichesonny-blau-weiss-11x-11-handtuecher\/#primaryimage","url":"https:\/\/m.media-amazon.com\/images\/I\/41PnXoxN3wL._SL500_.jpg","contentUrl":"https:\/\/m.media-amazon.com\/images\/I\/41PnXoxN3wL._SL500_.jpg","width":500,"height":500},{"@type":"BreadcrumbList","@id":"https:\/\/marktxxl.de\/markt\/produkt\/copper-pearl-6-ultraweiche-babywaschlappen-premium-grosse-weichesonny-blau-weiss-11x-11-handtuecher\/#breadcrumb","itemListElement":[{"@type":"ListItem","position":1,"name":"Startseite","item":"https:\/\/marktxxl.de\/markt\/"},{"@type":"ListItem","position":2,"name":"Markt","item":"https:\/\/marktxxl.de\/markt\/"},{"@type":"ListItem","position":3,"name":"Copper Pearl 6 ultraweiche Babywaschlappen Premium gro\u00dfe weiche&#8221;Sonny&#8221; (blau\/wei\u00df) 11&#8243;x 11&#8243; Handt\u00fccher"}]},{"@type":"WebSite","@id":"https:\/\/marktxxl.de\/markt\/#website","url":"https:\/\/marktxxl.de\/markt\/","name":"Markt-XXL","description":"Ihr Markt Online","publisher":{"@id":"https:\/\/marktxxl.de\/markt\/#organization"},"potentialAction":[{"@type":"SearchAction","target":{"@type":"EntryPoint","urlTemplate":"https:\/\/marktxxl.de\/markt\/?s={search_term_string}"},"query-input":{"@type":"PropertyValueSpecification","valueRequired":true,"valueName":"search_term_string"}}],"inLanguage":"de"},{"@type":"Organization","@id":"https:\/\/marktxxl.de\/markt\/#organization","name":"Markt-XXL","url":"https:\/\/marktxxl.de\/markt\/","logo":{"@type":"ImageObject","inLanguage":"de","@id":"https:\/\/marktxxl.de\/markt\/#\/schema\/logo\/image\/","url":"https:\/\/marktxxl.de\/markt\/wp-content\/uploads\/sites\/3\/2020\/12\/logo.png","contentUrl":"https:\/\/marktxxl.de\/markt\/wp-content\/uploads\/sites\/3\/2020\/12\/logo.png","width":200,"height":70,"caption":"Markt-XXL"},"image":{"@id":"https:\/\/marktxxl.de\/markt\/#\/schema\/logo\/image\/"}}]}},"_links":{"self":[{"href":"https:\/\/marktxxl.de\/markt\/wp-json\/wp\/v2\/product\/91266","targetHints":{"allow":["GET"]}}],"collection":[{"href":"https:\/\/marktxxl.de\/markt\/wp-json\/wp\/v2\/product"}],"about":[{"href":"https:\/\/marktxxl.de\/markt\/wp-json\/wp\/v2\/types\/product"}],"replies":[{"embeddable":true,"href":"https:\/\/marktxxl.de\/markt\/wp-json\/wp\/v2\/comments?post=91266"}],"wp:featuredmedia":[{"embeddable":true,"href":"https:\/\/marktxxl.de\/markt\/wp-json\/wp\/v2\/media\/91267"}],"wp:attachment":[{"href":"https:\/\/marktxxl.de\/markt\/wp-json\/wp\/v2\/media?parent=91266"}],"wp:term":[{"taxonomy":"product_brand","embeddable":true,"href":"https:\/\/marktxxl.de\/markt\/wp-json\/wp\/v2\/product_brand?post=91266"},{"taxonomy":"product_cat","embeddable":true,"href":"https:\/\/marktxxl.de\/markt\/wp-json\/wp\/v2\/product_cat?post=91266"},{"taxonomy":"product_tag","embeddable":true,"href":"https:\/\/marktxxl.de\/markt\/wp-json\/wp\/v2\/product_tag?post=91266"}],"curies":[{"name":"wp","href":"https:\/\/api.w.org\/{rel}","templated":true}]}}