{"id":91238,"date":"2021-12-28T20:06:34","date_gmt":"2021-12-28T19:06:34","guid":{"rendered":"https:\/\/marktxxl.de\/markt\/produkt\/little-moonshine-premium-mutterpasshuelle-aus-reinem-filz-grau-stylische-und-bestaendige-schutzhuelle-fuer-den-mutterpass-platz-fuer-bilder-karten-und-dokumente-idealer-begleiter-fuer-schwang\/"},"modified":"2023-04-11T03:11:25","modified_gmt":"2023-04-11T01:11:25","slug":"little-moonshine-premium-mutterpasshuelle-aus-reinem-filz-grau-stylische-und-bestaendige-schutzhuelle-fuer-den-mutterpass-platz-fuer-bilder-karten-und-dokumente-idealer-begleiter-fuer-schwang","status":"publish","type":"product","link":"https:\/\/marktxxl.de\/markt\/produkt\/little-moonshine-premium-mutterpasshuelle-aus-reinem-filz-grau-stylische-und-bestaendige-schutzhuelle-fuer-den-mutterpass-platz-fuer-bilder-karten-und-dokumente-idealer-begleiter-fuer-schwang\/","title":{"rendered":"Little Moonshine Premium Mutterpassh\u00fclle aus reinem Filz (Dunkelgrau) &#8211; stylische und best\u00e4ndige H\u00fclle f\u00fcr den\u2026"},"content":{"rendered":"<p>\ud83d\udc3b ALLES GRIFFBEREIT &#8211; Unsere Mutterkindpassh\u00fclle ist perfekt auf die Ma\u00dfe Ihres deutschen Mutterpasses abgestimmt. Zus\u00e4tzlich bietet die H\u00fclle Platz f\u00fcr Ultraschallbilder, Versichertenkarte, Impfpass und Visitenkarten von Hebamme und Arzt!<br \/>\n\ud83d\udc3b ECHTER HINGUCKER &#8211; Unsere Designs werden mit Liebe in Deutschland entwickelt. Die N\u00e4hte sind mit h\u00f6chster Pr\u00e4zision gestochen und der verwendete Stoff ist auch nach langer Nutzung noch weich!<br \/>\n\ud83d\udc3b EXTREM ROBUST &#8211; Die Mutter-Kind-Pass-H\u00fclle ist extrem robust und sch\u00fctzt Ihre Dokumente zuverl\u00e4ssig und h\u00e4lt sie knitterfrei. Sie ist wasserabweisend und schirmt Ihren Mutterpass konsequent vor Schmutz ab!<br \/>\n\ud83d\udc3b PREMIUM WOLLFILZ &#8211; Wir verwenden ausschlie\u00dflich 100% Wollfilz f\u00fcr unsere Produkte. Der Stoff sehr best\u00e4ndig, f\u00fchlt sicher gleichzeitig samtig weich an und kratzt nicht!<br \/>\n\ud83d\udc3b GRATIS BONUS &#8211; Sie erhalten zu unserer Mutterpassh\u00fclle kostenlos 5 Meilensteinkarten f\u00fcr Ihre Schwangerschaft. Feiern Sie Ihre Meilensteine und halten Sie alles auf einem Foto fest!<br \/>\n<div class=\"main-cross-sell\" data-asin=\"B0838M7N1D\">\n\n\t<div class=\"WooZone-cross-sell-loader\">\n\t\t<div>\n\t\t\t<div id=\"floatingBarsG\">\n\t\t\t\t<div class=\"blockG\" id=\"rotateG_01\"><\/div>\n\t\t\t\t<div class=\"blockG\" id=\"rotateG_02\"><\/div>\n\t\t\t\t<div class=\"blockG\" id=\"rotateG_03\"><\/div>\n\t\t\t\t<div class=\"blockG\" id=\"rotateG_04\"><\/div>\n\t\t\t\t<div class=\"blockG\" id=\"rotateG_05\"><\/div>\n\t\t\t\t<div class=\"blockG\" id=\"rotateG_06\"><\/div>\n\t\t\t\t<div class=\"blockG\" id=\"rotateG_07\"><\/div>\n\t\t\t\t<div class=\"blockG\" id=\"rotateG_08\"><\/div>\n\t\t\t<\/div>\n\t\t\t<div class=\"WooZone-cross-sell-loader-text\"><\/div>\n\t\t<\/div>\n\t<\/div>\n\n\t\t\n<\/div>\n<div style=\"clear:both;\"><\/div><\/p>\n","protected":false},"excerpt":{"rendered":"<p>\ud83d\udc3b ALLES GRIFFBEREIT &#8211; Unsere Mutterkindpassh\u00fclle ist perfekt auf die Ma\u00dfe Ihres deutschen Mutterpasses abgestimmt. Zus\u00e4tzlich bietet die H\u00fclle Platz f\u00fcr Ultraschallbilder, Versichertenkarte, Impfpass und Visitenkarten von Hebamme und Arzt!<br \/>\n\ud83d\udc3b ECHTER HINGUCKER &#8211; Unsere Designs werden mit Liebe in Deutschland entwickelt. Die N\u00e4hte sind mit h\u00f6chster Pr\u00e4zision gestochen und der verwendete Stoff ist auch nach langer Nutzung noch weich!<br \/>\n\ud83d\udc3b EXTREM ROBUST &#8211; Die Mutter-Kind-Pass-H\u00fclle ist extrem robust und sch\u00fctzt Ihre Dokumente zuverl\u00e4ssig und h\u00e4lt sie knitterfrei. Sie ist wasserabweisend und schirmt Ihren Mutterpass konsequent vor Schmutz ab!<\/p>\n","protected":false},"featured_media":91239,"comment_status":"open","ping_status":"closed","template":"","meta":[],"product_brand":[],"product_cat":[21,8929],"product_tag":[],"class_list":{"0":"post-91238","1":"product","2":"type-product","3":"status-publish","4":"has-post-thumbnail","6":"product_cat-baby","7":"product_cat-babygeschenke-baby","8":"pa_binding-babyartikel","9":"pa_brand-little-moonshine","11":"first","12":"instock","13":"shipping-taxable","14":"purchasable","15":"product-type-simple","16":"customify-col","17":"product-has-gallery"},"yoast_head":"<!-- This site is optimized with the Yoast SEO plugin v27.4 - https:\/\/yoast.com\/product\/yoast-seo-wordpress\/ -->\n<title>Little Moonshine Premium Mutterpassh\u00fclle aus reinem Filz (Dunkelgrau) - stylische und best\u00e4ndige H\u00fclle f\u00fcr den\u2026 - Markt-XXL<\/title>\n<meta name=\"description\" content=\"Markt-XXL Little Moonshine Premium Mutterpassh\u00fclle aus reinem Filz (Dunkelgrau) - stylische und best\u00e4ndige H\u00fclle f\u00fcr den\u2026\" \/>\n<meta name=\"robots\" content=\"index, follow, max-snippet:-1, max-image-preview:large, max-video-preview:-1\" \/>\n<link rel=\"canonical\" href=\"https:\/\/marktxxl.de\/markt\/produkt\/little-moonshine-premium-mutterpasshuelle-aus-reinem-filz-grau-stylische-und-bestaendige-schutzhuelle-fuer-den-mutterpass-platz-fuer-bilder-karten-und-dokumente-idealer-begleiter-fuer-schwang\/\" \/>\n<meta property=\"og:locale\" content=\"de_DE\" \/>\n<meta property=\"og:type\" content=\"article\" \/>\n<meta property=\"og:title\" content=\"Little Moonshine Premium Mutterpassh\u00fclle aus reinem Filz (Dunkelgrau) - stylische und best\u00e4ndige H\u00fclle f\u00fcr den\u2026 - Markt-XXL\" \/>\n<meta property=\"og:description\" content=\"Markt-XXL Little Moonshine Premium Mutterpassh\u00fclle aus reinem Filz (Dunkelgrau) - stylische und best\u00e4ndige H\u00fclle f\u00fcr den\u2026\" \/>\n<meta property=\"og:url\" content=\"https:\/\/marktxxl.de\/markt\/produkt\/little-moonshine-premium-mutterpasshuelle-aus-reinem-filz-grau-stylische-und-bestaendige-schutzhuelle-fuer-den-mutterpass-platz-fuer-bilder-karten-und-dokumente-idealer-begleiter-fuer-schwang\/\" \/>\n<meta property=\"og:site_name\" content=\"Markt-XXL\" \/>\n<meta property=\"article:modified_time\" content=\"2023-04-11T01:11:25+00:00\" \/>\n<meta property=\"og:image\" content=\"https:\/\/m.media-amazon.com\/images\/I\/51cn+cU7itL._SL500_.jpg\" \/>\n\t<meta property=\"og:image:width\" content=\"500\" \/>\n\t<meta property=\"og:image:height\" content=\"500\" \/>\n\t<meta property=\"og:image:type\" content=\"image\/jpeg\" \/>\n<meta name=\"twitter:card\" content=\"summary_large_image\" \/>\n<meta name=\"twitter:label1\" content=\"Gesch\u00e4tzte Lesezeit\" \/>\n\t<meta name=\"twitter:data1\" content=\"1\u00a0Minute\" \/>\n<script type=\"application\/ld+json\" class=\"yoast-schema-graph\">{\"@context\":\"https:\\\/\\\/schema.org\",\"@graph\":[{\"@type\":\"WebPage\",\"@id\":\"https:\\\/\\\/marktxxl.de\\\/markt\\\/produkt\\\/little-moonshine-premium-mutterpasshuelle-aus-reinem-filz-grau-stylische-und-bestaendige-schutzhuelle-fuer-den-mutterpass-platz-fuer-bilder-karten-und-dokumente-idealer-begleiter-fuer-schwang\\\/\",\"url\":\"https:\\\/\\\/marktxxl.de\\\/markt\\\/produkt\\\/little-moonshine-premium-mutterpasshuelle-aus-reinem-filz-grau-stylische-und-bestaendige-schutzhuelle-fuer-den-mutterpass-platz-fuer-bilder-karten-und-dokumente-idealer-begleiter-fuer-schwang\\\/\",\"name\":\"Little Moonshine Premium Mutterpassh\u00fclle aus reinem Filz (Dunkelgrau) - stylische und best\u00e4ndige H\u00fclle f\u00fcr den\u2026 - Markt-XXL\",\"isPartOf\":{\"@id\":\"https:\\\/\\\/marktxxl.de\\\/markt\\\/#website\"},\"primaryImageOfPage\":{\"@id\":\"https:\\\/\\\/marktxxl.de\\\/markt\\\/produkt\\\/little-moonshine-premium-mutterpasshuelle-aus-reinem-filz-grau-stylische-und-bestaendige-schutzhuelle-fuer-den-mutterpass-platz-fuer-bilder-karten-und-dokumente-idealer-begleiter-fuer-schwang\\\/#primaryimage\"},\"image\":{\"@id\":\"https:\\\/\\\/marktxxl.de\\\/markt\\\/produkt\\\/little-moonshine-premium-mutterpasshuelle-aus-reinem-filz-grau-stylische-und-bestaendige-schutzhuelle-fuer-den-mutterpass-platz-fuer-bilder-karten-und-dokumente-idealer-begleiter-fuer-schwang\\\/#primaryimage\"},\"thumbnailUrl\":\"https:\\\/\\\/m.media-amazon.com\\\/images\\\/I\\\/51cn+cU7itL._SL500_.jpg\",\"datePublished\":\"2021-12-28T19:06:34+00:00\",\"dateModified\":\"2023-04-11T01:11:25+00:00\",\"description\":\"Markt-XXL Little Moonshine Premium Mutterpassh\u00fclle aus reinem Filz (Dunkelgrau) - stylische und best\u00e4ndige H\u00fclle f\u00fcr den\u2026\",\"breadcrumb\":{\"@id\":\"https:\\\/\\\/marktxxl.de\\\/markt\\\/produkt\\\/little-moonshine-premium-mutterpasshuelle-aus-reinem-filz-grau-stylische-und-bestaendige-schutzhuelle-fuer-den-mutterpass-platz-fuer-bilder-karten-und-dokumente-idealer-begleiter-fuer-schwang\\\/#breadcrumb\"},\"inLanguage\":\"de\",\"potentialAction\":[{\"@type\":\"ReadAction\",\"target\":[\"https:\\\/\\\/marktxxl.de\\\/markt\\\/produkt\\\/little-moonshine-premium-mutterpasshuelle-aus-reinem-filz-grau-stylische-und-bestaendige-schutzhuelle-fuer-den-mutterpass-platz-fuer-bilder-karten-und-dokumente-idealer-begleiter-fuer-schwang\\\/\"]}]},{\"@type\":\"ImageObject\",\"inLanguage\":\"de\",\"@id\":\"https:\\\/\\\/marktxxl.de\\\/markt\\\/produkt\\\/little-moonshine-premium-mutterpasshuelle-aus-reinem-filz-grau-stylische-und-bestaendige-schutzhuelle-fuer-den-mutterpass-platz-fuer-bilder-karten-und-dokumente-idealer-begleiter-fuer-schwang\\\/#primaryimage\",\"url\":\"https:\\\/\\\/m.media-amazon.com\\\/images\\\/I\\\/51cn+cU7itL._SL500_.jpg\",\"contentUrl\":\"https:\\\/\\\/m.media-amazon.com\\\/images\\\/I\\\/51cn+cU7itL._SL500_.jpg\",\"width\":500,\"height\":500},{\"@type\":\"BreadcrumbList\",\"@id\":\"https:\\\/\\\/marktxxl.de\\\/markt\\\/produkt\\\/little-moonshine-premium-mutterpasshuelle-aus-reinem-filz-grau-stylische-und-bestaendige-schutzhuelle-fuer-den-mutterpass-platz-fuer-bilder-karten-und-dokumente-idealer-begleiter-fuer-schwang\\\/#breadcrumb\",\"itemListElement\":[{\"@type\":\"ListItem\",\"position\":1,\"name\":\"Startseite\",\"item\":\"https:\\\/\\\/marktxxl.de\\\/markt\\\/\"},{\"@type\":\"ListItem\",\"position\":2,\"name\":\"Markt\",\"item\":\"https:\\\/\\\/marktxxl.de\\\/markt\\\/\"},{\"@type\":\"ListItem\",\"position\":3,\"name\":\"Little Moonshine Premium Mutterpassh\u00fclle aus reinem Filz (Dunkelgrau) &#8211; stylische und best\u00e4ndige H\u00fclle f\u00fcr den\u2026\"}]},{\"@type\":\"WebSite\",\"@id\":\"https:\\\/\\\/marktxxl.de\\\/markt\\\/#website\",\"url\":\"https:\\\/\\\/marktxxl.de\\\/markt\\\/\",\"name\":\"Markt-XXL\",\"description\":\"Ihr Markt Online\",\"publisher\":{\"@id\":\"https:\\\/\\\/marktxxl.de\\\/markt\\\/#organization\"},\"potentialAction\":[{\"@type\":\"SearchAction\",\"target\":{\"@type\":\"EntryPoint\",\"urlTemplate\":\"https:\\\/\\\/marktxxl.de\\\/markt\\\/?s={search_term_string}\"},\"query-input\":{\"@type\":\"PropertyValueSpecification\",\"valueRequired\":true,\"valueName\":\"search_term_string\"}}],\"inLanguage\":\"de\"},{\"@type\":\"Organization\",\"@id\":\"https:\\\/\\\/marktxxl.de\\\/markt\\\/#organization\",\"name\":\"Markt-XXL\",\"url\":\"https:\\\/\\\/marktxxl.de\\\/markt\\\/\",\"logo\":{\"@type\":\"ImageObject\",\"inLanguage\":\"de\",\"@id\":\"https:\\\/\\\/marktxxl.de\\\/markt\\\/#\\\/schema\\\/logo\\\/image\\\/\",\"url\":\"https:\\\/\\\/marktxxl.de\\\/markt\\\/wp-content\\\/uploads\\\/sites\\\/3\\\/2020\\\/12\\\/logo.png\",\"contentUrl\":\"https:\\\/\\\/marktxxl.de\\\/markt\\\/wp-content\\\/uploads\\\/sites\\\/3\\\/2020\\\/12\\\/logo.png\",\"width\":200,\"height\":70,\"caption\":\"Markt-XXL\"},\"image\":{\"@id\":\"https:\\\/\\\/marktxxl.de\\\/markt\\\/#\\\/schema\\\/logo\\\/image\\\/\"}}]}<\/script>\n<!-- \/ Yoast SEO plugin. -->","yoast_head_json":{"title":"Little Moonshine Premium Mutterpassh\u00fclle aus reinem Filz (Dunkelgrau) - stylische und best\u00e4ndige H\u00fclle f\u00fcr den\u2026 - Markt-XXL","description":"Markt-XXL Little Moonshine Premium Mutterpassh\u00fclle aus reinem Filz (Dunkelgrau) - stylische und best\u00e4ndige H\u00fclle f\u00fcr den\u2026","robots":{"index":"index","follow":"follow","max-snippet":"max-snippet:-1","max-image-preview":"max-image-preview:large","max-video-preview":"max-video-preview:-1"},"canonical":"https:\/\/marktxxl.de\/markt\/produkt\/little-moonshine-premium-mutterpasshuelle-aus-reinem-filz-grau-stylische-und-bestaendige-schutzhuelle-fuer-den-mutterpass-platz-fuer-bilder-karten-und-dokumente-idealer-begleiter-fuer-schwang\/","og_locale":"de_DE","og_type":"article","og_title":"Little Moonshine Premium Mutterpassh\u00fclle aus reinem Filz (Dunkelgrau) - stylische und best\u00e4ndige H\u00fclle f\u00fcr den\u2026 - Markt-XXL","og_description":"Markt-XXL Little Moonshine Premium Mutterpassh\u00fclle aus reinem Filz (Dunkelgrau) - stylische und best\u00e4ndige H\u00fclle f\u00fcr den\u2026","og_url":"https:\/\/marktxxl.de\/markt\/produkt\/little-moonshine-premium-mutterpasshuelle-aus-reinem-filz-grau-stylische-und-bestaendige-schutzhuelle-fuer-den-mutterpass-platz-fuer-bilder-karten-und-dokumente-idealer-begleiter-fuer-schwang\/","og_site_name":"Markt-XXL","article_modified_time":"2023-04-11T01:11:25+00:00","og_image":[{"width":500,"height":500,"url":"https:\/\/m.media-amazon.com\/images\/I\/51cn+cU7itL._SL500_.jpg","type":"image\/jpeg"}],"twitter_card":"summary_large_image","twitter_misc":{"Gesch\u00e4tzte Lesezeit":"1\u00a0Minute"},"schema":{"@context":"https:\/\/schema.org","@graph":[{"@type":"WebPage","@id":"https:\/\/marktxxl.de\/markt\/produkt\/little-moonshine-premium-mutterpasshuelle-aus-reinem-filz-grau-stylische-und-bestaendige-schutzhuelle-fuer-den-mutterpass-platz-fuer-bilder-karten-und-dokumente-idealer-begleiter-fuer-schwang\/","url":"https:\/\/marktxxl.de\/markt\/produkt\/little-moonshine-premium-mutterpasshuelle-aus-reinem-filz-grau-stylische-und-bestaendige-schutzhuelle-fuer-den-mutterpass-platz-fuer-bilder-karten-und-dokumente-idealer-begleiter-fuer-schwang\/","name":"Little Moonshine Premium Mutterpassh\u00fclle aus reinem Filz (Dunkelgrau) - stylische und best\u00e4ndige H\u00fclle f\u00fcr den\u2026 - Markt-XXL","isPartOf":{"@id":"https:\/\/marktxxl.de\/markt\/#website"},"primaryImageOfPage":{"@id":"https:\/\/marktxxl.de\/markt\/produkt\/little-moonshine-premium-mutterpasshuelle-aus-reinem-filz-grau-stylische-und-bestaendige-schutzhuelle-fuer-den-mutterpass-platz-fuer-bilder-karten-und-dokumente-idealer-begleiter-fuer-schwang\/#primaryimage"},"image":{"@id":"https:\/\/marktxxl.de\/markt\/produkt\/little-moonshine-premium-mutterpasshuelle-aus-reinem-filz-grau-stylische-und-bestaendige-schutzhuelle-fuer-den-mutterpass-platz-fuer-bilder-karten-und-dokumente-idealer-begleiter-fuer-schwang\/#primaryimage"},"thumbnailUrl":"https:\/\/m.media-amazon.com\/images\/I\/51cn+cU7itL._SL500_.jpg","datePublished":"2021-12-28T19:06:34+00:00","dateModified":"2023-04-11T01:11:25+00:00","description":"Markt-XXL Little Moonshine Premium Mutterpassh\u00fclle aus reinem Filz (Dunkelgrau) - stylische und best\u00e4ndige H\u00fclle f\u00fcr den\u2026","breadcrumb":{"@id":"https:\/\/marktxxl.de\/markt\/produkt\/little-moonshine-premium-mutterpasshuelle-aus-reinem-filz-grau-stylische-und-bestaendige-schutzhuelle-fuer-den-mutterpass-platz-fuer-bilder-karten-und-dokumente-idealer-begleiter-fuer-schwang\/#breadcrumb"},"inLanguage":"de","potentialAction":[{"@type":"ReadAction","target":["https:\/\/marktxxl.de\/markt\/produkt\/little-moonshine-premium-mutterpasshuelle-aus-reinem-filz-grau-stylische-und-bestaendige-schutzhuelle-fuer-den-mutterpass-platz-fuer-bilder-karten-und-dokumente-idealer-begleiter-fuer-schwang\/"]}]},{"@type":"ImageObject","inLanguage":"de","@id":"https:\/\/marktxxl.de\/markt\/produkt\/little-moonshine-premium-mutterpasshuelle-aus-reinem-filz-grau-stylische-und-bestaendige-schutzhuelle-fuer-den-mutterpass-platz-fuer-bilder-karten-und-dokumente-idealer-begleiter-fuer-schwang\/#primaryimage","url":"https:\/\/m.media-amazon.com\/images\/I\/51cn+cU7itL._SL500_.jpg","contentUrl":"https:\/\/m.media-amazon.com\/images\/I\/51cn+cU7itL._SL500_.jpg","width":500,"height":500},{"@type":"BreadcrumbList","@id":"https:\/\/marktxxl.de\/markt\/produkt\/little-moonshine-premium-mutterpasshuelle-aus-reinem-filz-grau-stylische-und-bestaendige-schutzhuelle-fuer-den-mutterpass-platz-fuer-bilder-karten-und-dokumente-idealer-begleiter-fuer-schwang\/#breadcrumb","itemListElement":[{"@type":"ListItem","position":1,"name":"Startseite","item":"https:\/\/marktxxl.de\/markt\/"},{"@type":"ListItem","position":2,"name":"Markt","item":"https:\/\/marktxxl.de\/markt\/"},{"@type":"ListItem","position":3,"name":"Little Moonshine Premium Mutterpassh\u00fclle aus reinem Filz (Dunkelgrau) &#8211; stylische und best\u00e4ndige H\u00fclle f\u00fcr den\u2026"}]},{"@type":"WebSite","@id":"https:\/\/marktxxl.de\/markt\/#website","url":"https:\/\/marktxxl.de\/markt\/","name":"Markt-XXL","description":"Ihr Markt Online","publisher":{"@id":"https:\/\/marktxxl.de\/markt\/#organization"},"potentialAction":[{"@type":"SearchAction","target":{"@type":"EntryPoint","urlTemplate":"https:\/\/marktxxl.de\/markt\/?s={search_term_string}"},"query-input":{"@type":"PropertyValueSpecification","valueRequired":true,"valueName":"search_term_string"}}],"inLanguage":"de"},{"@type":"Organization","@id":"https:\/\/marktxxl.de\/markt\/#organization","name":"Markt-XXL","url":"https:\/\/marktxxl.de\/markt\/","logo":{"@type":"ImageObject","inLanguage":"de","@id":"https:\/\/marktxxl.de\/markt\/#\/schema\/logo\/image\/","url":"https:\/\/marktxxl.de\/markt\/wp-content\/uploads\/sites\/3\/2020\/12\/logo.png","contentUrl":"https:\/\/marktxxl.de\/markt\/wp-content\/uploads\/sites\/3\/2020\/12\/logo.png","width":200,"height":70,"caption":"Markt-XXL"},"image":{"@id":"https:\/\/marktxxl.de\/markt\/#\/schema\/logo\/image\/"}}]}},"_links":{"self":[{"href":"https:\/\/marktxxl.de\/markt\/wp-json\/wp\/v2\/product\/91238","targetHints":{"allow":["GET"]}}],"collection":[{"href":"https:\/\/marktxxl.de\/markt\/wp-json\/wp\/v2\/product"}],"about":[{"href":"https:\/\/marktxxl.de\/markt\/wp-json\/wp\/v2\/types\/product"}],"replies":[{"embeddable":true,"href":"https:\/\/marktxxl.de\/markt\/wp-json\/wp\/v2\/comments?post=91238"}],"wp:featuredmedia":[{"embeddable":true,"href":"https:\/\/marktxxl.de\/markt\/wp-json\/wp\/v2\/media\/91239"}],"wp:attachment":[{"href":"https:\/\/marktxxl.de\/markt\/wp-json\/wp\/v2\/media?parent=91238"}],"wp:term":[{"taxonomy":"product_brand","embeddable":true,"href":"https:\/\/marktxxl.de\/markt\/wp-json\/wp\/v2\/product_brand?post=91238"},{"taxonomy":"product_cat","embeddable":true,"href":"https:\/\/marktxxl.de\/markt\/wp-json\/wp\/v2\/product_cat?post=91238"},{"taxonomy":"product_tag","embeddable":true,"href":"https:\/\/marktxxl.de\/markt\/wp-json\/wp\/v2\/product_tag?post=91238"}],"curies":[{"name":"wp","href":"https:\/\/api.w.org\/{rel}","templated":true}]}}