{"id":91105,"date":"2021-12-28T20:00:24","date_gmt":"2021-12-28T19:00:24","guid":{"rendered":"https:\/\/marktxxl.de\/markt\/produkt\/wrapaholic-youve-got-great-taste-aufkleber-goldfolie-business-dankesaufkleber-versandaufkleber-76-x-76-cm-120-etiketten-insgesamt\/"},"modified":"2023-04-11T03:11:23","modified_gmt":"2023-04-11T01:11:23","slug":"wrapaholic-youve-got-great-taste-aufkleber-goldfolie-business-dankesaufkleber-versandaufkleber-76-x-76-cm-120-etiketten-insgesamt","status":"publish","type":"product","link":"https:\/\/marktxxl.de\/markt\/produkt\/wrapaholic-youve-got-great-taste-aufkleber-goldfolie-business-dankesaufkleber-versandaufkleber-76-x-76-cm-120-etiketten-insgesamt\/","title":{"rendered":"WRAPAHOLIC Please Handle with Care Stickers &#8211; Holographic Ink Black Business Thank You Aufkleber, Versandaufkleber, 5 x\u2026"},"content":{"rendered":"<p>Premium-Qualit\u00e4t: Hergestellt aus hochwertigem Material. Einfach abziehen und aufkleben.<br \/>\nGoldfolien-SediGN: You&#8217;ve Got Great Taste Goldfolie bedruckt<br \/>\n100 % Zufriedenheitsgarantie \u2013 Wir freuen uns, gro\u00dfartige Produkte f\u00fcr alle unsere Kunden herzustellen und anzubieten. Wenn Sie aus irgendwelchen Gr\u00fcnden nicht ganz zufrieden mit unseren Artikeln sind (obwohl wir zuversichtlich sind, werden Sie sein! ), teilen Sie uns einfach mit, wir senden Ihnen 100% R\u00fcckerstattung ohne Fragen<br \/>\nGr\u00f6\u00dfe: Aufkleber sind 7,6 x 7,6 cm. 120 Etiketten insgesamt<br \/>\nPerfekt f\u00fcr Gesch\u00e4fts-Dankesaufkleber, Versandaufkleber<br \/>\n<div class=\"main-cross-sell\" data-asin=\"B07TCVWN22\">\n\n\t<div class=\"WooZone-cross-sell-loader\">\n\t\t<div>\n\t\t\t<div id=\"floatingBarsG\">\n\t\t\t\t<div class=\"blockG\" id=\"rotateG_01\"><\/div>\n\t\t\t\t<div class=\"blockG\" id=\"rotateG_02\"><\/div>\n\t\t\t\t<div class=\"blockG\" id=\"rotateG_03\"><\/div>\n\t\t\t\t<div class=\"blockG\" id=\"rotateG_04\"><\/div>\n\t\t\t\t<div class=\"blockG\" id=\"rotateG_05\"><\/div>\n\t\t\t\t<div class=\"blockG\" id=\"rotateG_06\"><\/div>\n\t\t\t\t<div class=\"blockG\" id=\"rotateG_07\"><\/div>\n\t\t\t\t<div class=\"blockG\" id=\"rotateG_08\"><\/div>\n\t\t\t<\/div>\n\t\t\t<div class=\"WooZone-cross-sell-loader-text\"><\/div>\n\t\t<\/div>\n\t<\/div>\n\n\t\t\n<\/div>\n<div style=\"clear:both;\"><\/div><\/p>\n","protected":false},"excerpt":{"rendered":"<p>Premium-Qualit\u00e4t: Hergestellt aus hochwertigem Material. Einfach abziehen und aufkleben.<br \/>\nGoldfolien-SediGN: You&#8217;ve Got Great Taste Goldfolie bedruckt<br \/>\n100 % Zufriedenheitsgarantie \u2013 Wir freuen uns, gro\u00dfartige Produkte f\u00fcr alle unsere Kunden herzustellen und anzubieten. Wenn Sie aus irgendwelchen Gr\u00fcnden nicht ganz zufrieden mit unseren Artikeln sind (obwohl wir zuversichtlich sind, werden Sie sein! ), teilen Sie uns einfach mit, wir senden Ihnen 100% R\u00fcckerstattung ohne Fragen<\/p>\n","protected":false},"featured_media":91106,"comment_status":"open","ping_status":"closed","template":"","meta":[],"product_brand":[],"product_cat":[21,8929],"product_tag":[],"class_list":{"0":"post-91105","1":"product","2":"type-product","3":"status-publish","4":"has-post-thumbnail","6":"product_cat-baby","7":"product_cat-babygeschenke-baby","8":"pa_binding-buerobedarf-schreibwaren","9":"pa_brand-wrapaholic","10":"pa_manufacturer-wrapaholic","12":"first","13":"instock","14":"shipping-taxable","15":"purchasable","16":"product-type-simple","17":"customify-col","18":"product-has-gallery"},"yoast_head":"<!-- This site is optimized with the Yoast SEO plugin v27.4 - https:\/\/yoast.com\/product\/yoast-seo-wordpress\/ -->\n<title>WRAPAHOLIC Please Handle with Care Stickers - Holographic Ink Black Business Thank You Aufkleber, Versandaufkleber, 5 x\u2026 - Markt-XXL<\/title>\n<meta name=\"description\" content=\"Markt-XXL WRAPAHOLIC Please Handle with Care Stickers - Holographic Ink Black Business Thank You Aufkleber, Versandaufkleber, 5 x\u2026\" \/>\n<meta name=\"robots\" content=\"index, follow, max-snippet:-1, max-image-preview:large, max-video-preview:-1\" \/>\n<link rel=\"canonical\" href=\"https:\/\/marktxxl.de\/markt\/produkt\/wrapaholic-youve-got-great-taste-aufkleber-goldfolie-business-dankesaufkleber-versandaufkleber-76-x-76-cm-120-etiketten-insgesamt\/\" \/>\n<meta property=\"og:locale\" content=\"de_DE\" \/>\n<meta property=\"og:type\" content=\"article\" \/>\n<meta property=\"og:title\" content=\"WRAPAHOLIC Please Handle with Care Stickers - Holographic Ink Black Business Thank You Aufkleber, Versandaufkleber, 5 x\u2026 - Markt-XXL\" \/>\n<meta property=\"og:description\" content=\"Markt-XXL WRAPAHOLIC Please Handle with Care Stickers - Holographic Ink Black Business Thank You Aufkleber, Versandaufkleber, 5 x\u2026\" \/>\n<meta property=\"og:url\" content=\"https:\/\/marktxxl.de\/markt\/produkt\/wrapaholic-youve-got-great-taste-aufkleber-goldfolie-business-dankesaufkleber-versandaufkleber-76-x-76-cm-120-etiketten-insgesamt\/\" \/>\n<meta property=\"og:site_name\" content=\"Markt-XXL\" \/>\n<meta property=\"article:modified_time\" content=\"2023-04-11T01:11:23+00:00\" \/>\n<meta property=\"og:image\" content=\"https:\/\/m.media-amazon.com\/images\/I\/41P6rmrF3nL._SL500_.jpg\" \/>\n\t<meta property=\"og:image:width\" content=\"500\" \/>\n\t<meta property=\"og:image:height\" content=\"500\" \/>\n\t<meta property=\"og:image:type\" content=\"image\/jpeg\" \/>\n<meta name=\"twitter:card\" content=\"summary_large_image\" \/>\n<script type=\"application\/ld+json\" class=\"yoast-schema-graph\">{\"@context\":\"https:\\\/\\\/schema.org\",\"@graph\":[{\"@type\":\"WebPage\",\"@id\":\"https:\\\/\\\/marktxxl.de\\\/markt\\\/produkt\\\/wrapaholic-youve-got-great-taste-aufkleber-goldfolie-business-dankesaufkleber-versandaufkleber-76-x-76-cm-120-etiketten-insgesamt\\\/\",\"url\":\"https:\\\/\\\/marktxxl.de\\\/markt\\\/produkt\\\/wrapaholic-youve-got-great-taste-aufkleber-goldfolie-business-dankesaufkleber-versandaufkleber-76-x-76-cm-120-etiketten-insgesamt\\\/\",\"name\":\"WRAPAHOLIC Please Handle with Care Stickers - Holographic Ink Black Business Thank You Aufkleber, Versandaufkleber, 5 x\u2026 - Markt-XXL\",\"isPartOf\":{\"@id\":\"https:\\\/\\\/marktxxl.de\\\/markt\\\/#website\"},\"primaryImageOfPage\":{\"@id\":\"https:\\\/\\\/marktxxl.de\\\/markt\\\/produkt\\\/wrapaholic-youve-got-great-taste-aufkleber-goldfolie-business-dankesaufkleber-versandaufkleber-76-x-76-cm-120-etiketten-insgesamt\\\/#primaryimage\"},\"image\":{\"@id\":\"https:\\\/\\\/marktxxl.de\\\/markt\\\/produkt\\\/wrapaholic-youve-got-great-taste-aufkleber-goldfolie-business-dankesaufkleber-versandaufkleber-76-x-76-cm-120-etiketten-insgesamt\\\/#primaryimage\"},\"thumbnailUrl\":\"https:\\\/\\\/m.media-amazon.com\\\/images\\\/I\\\/41P6rmrF3nL._SL500_.jpg\",\"datePublished\":\"2021-12-28T19:00:24+00:00\",\"dateModified\":\"2023-04-11T01:11:23+00:00\",\"description\":\"Markt-XXL WRAPAHOLIC Please Handle with Care Stickers - Holographic Ink Black Business Thank You Aufkleber, Versandaufkleber, 5 x\u2026\",\"breadcrumb\":{\"@id\":\"https:\\\/\\\/marktxxl.de\\\/markt\\\/produkt\\\/wrapaholic-youve-got-great-taste-aufkleber-goldfolie-business-dankesaufkleber-versandaufkleber-76-x-76-cm-120-etiketten-insgesamt\\\/#breadcrumb\"},\"inLanguage\":\"de\",\"potentialAction\":[{\"@type\":\"ReadAction\",\"target\":[\"https:\\\/\\\/marktxxl.de\\\/markt\\\/produkt\\\/wrapaholic-youve-got-great-taste-aufkleber-goldfolie-business-dankesaufkleber-versandaufkleber-76-x-76-cm-120-etiketten-insgesamt\\\/\"]}]},{\"@type\":\"ImageObject\",\"inLanguage\":\"de\",\"@id\":\"https:\\\/\\\/marktxxl.de\\\/markt\\\/produkt\\\/wrapaholic-youve-got-great-taste-aufkleber-goldfolie-business-dankesaufkleber-versandaufkleber-76-x-76-cm-120-etiketten-insgesamt\\\/#primaryimage\",\"url\":\"https:\\\/\\\/m.media-amazon.com\\\/images\\\/I\\\/41P6rmrF3nL._SL500_.jpg\",\"contentUrl\":\"https:\\\/\\\/m.media-amazon.com\\\/images\\\/I\\\/41P6rmrF3nL._SL500_.jpg\",\"width\":500,\"height\":500},{\"@type\":\"BreadcrumbList\",\"@id\":\"https:\\\/\\\/marktxxl.de\\\/markt\\\/produkt\\\/wrapaholic-youve-got-great-taste-aufkleber-goldfolie-business-dankesaufkleber-versandaufkleber-76-x-76-cm-120-etiketten-insgesamt\\\/#breadcrumb\",\"itemListElement\":[{\"@type\":\"ListItem\",\"position\":1,\"name\":\"Startseite\",\"item\":\"https:\\\/\\\/marktxxl.de\\\/markt\\\/\"},{\"@type\":\"ListItem\",\"position\":2,\"name\":\"Markt\",\"item\":\"https:\\\/\\\/marktxxl.de\\\/markt\\\/\"},{\"@type\":\"ListItem\",\"position\":3,\"name\":\"WRAPAHOLIC Please Handle with Care Stickers &#8211; Holographic Ink Black Business Thank You Aufkleber, Versandaufkleber, 5 x\u2026\"}]},{\"@type\":\"WebSite\",\"@id\":\"https:\\\/\\\/marktxxl.de\\\/markt\\\/#website\",\"url\":\"https:\\\/\\\/marktxxl.de\\\/markt\\\/\",\"name\":\"Markt-XXL\",\"description\":\"Ihr Markt Online\",\"publisher\":{\"@id\":\"https:\\\/\\\/marktxxl.de\\\/markt\\\/#organization\"},\"potentialAction\":[{\"@type\":\"SearchAction\",\"target\":{\"@type\":\"EntryPoint\",\"urlTemplate\":\"https:\\\/\\\/marktxxl.de\\\/markt\\\/?s={search_term_string}\"},\"query-input\":{\"@type\":\"PropertyValueSpecification\",\"valueRequired\":true,\"valueName\":\"search_term_string\"}}],\"inLanguage\":\"de\"},{\"@type\":\"Organization\",\"@id\":\"https:\\\/\\\/marktxxl.de\\\/markt\\\/#organization\",\"name\":\"Markt-XXL\",\"url\":\"https:\\\/\\\/marktxxl.de\\\/markt\\\/\",\"logo\":{\"@type\":\"ImageObject\",\"inLanguage\":\"de\",\"@id\":\"https:\\\/\\\/marktxxl.de\\\/markt\\\/#\\\/schema\\\/logo\\\/image\\\/\",\"url\":\"https:\\\/\\\/marktxxl.de\\\/markt\\\/wp-content\\\/uploads\\\/sites\\\/3\\\/2020\\\/12\\\/logo.png\",\"contentUrl\":\"https:\\\/\\\/marktxxl.de\\\/markt\\\/wp-content\\\/uploads\\\/sites\\\/3\\\/2020\\\/12\\\/logo.png\",\"width\":200,\"height\":70,\"caption\":\"Markt-XXL\"},\"image\":{\"@id\":\"https:\\\/\\\/marktxxl.de\\\/markt\\\/#\\\/schema\\\/logo\\\/image\\\/\"}}]}<\/script>\n<!-- \/ Yoast SEO plugin. -->","yoast_head_json":{"title":"WRAPAHOLIC Please Handle with Care Stickers - Holographic Ink Black Business Thank You Aufkleber, Versandaufkleber, 5 x\u2026 - Markt-XXL","description":"Markt-XXL WRAPAHOLIC Please Handle with Care Stickers - Holographic Ink Black Business Thank You Aufkleber, Versandaufkleber, 5 x\u2026","robots":{"index":"index","follow":"follow","max-snippet":"max-snippet:-1","max-image-preview":"max-image-preview:large","max-video-preview":"max-video-preview:-1"},"canonical":"https:\/\/marktxxl.de\/markt\/produkt\/wrapaholic-youve-got-great-taste-aufkleber-goldfolie-business-dankesaufkleber-versandaufkleber-76-x-76-cm-120-etiketten-insgesamt\/","og_locale":"de_DE","og_type":"article","og_title":"WRAPAHOLIC Please Handle with Care Stickers - Holographic Ink Black Business Thank You Aufkleber, Versandaufkleber, 5 x\u2026 - Markt-XXL","og_description":"Markt-XXL WRAPAHOLIC Please Handle with Care Stickers - Holographic Ink Black Business Thank You Aufkleber, Versandaufkleber, 5 x\u2026","og_url":"https:\/\/marktxxl.de\/markt\/produkt\/wrapaholic-youve-got-great-taste-aufkleber-goldfolie-business-dankesaufkleber-versandaufkleber-76-x-76-cm-120-etiketten-insgesamt\/","og_site_name":"Markt-XXL","article_modified_time":"2023-04-11T01:11:23+00:00","og_image":[{"width":500,"height":500,"url":"https:\/\/m.media-amazon.com\/images\/I\/41P6rmrF3nL._SL500_.jpg","type":"image\/jpeg"}],"twitter_card":"summary_large_image","schema":{"@context":"https:\/\/schema.org","@graph":[{"@type":"WebPage","@id":"https:\/\/marktxxl.de\/markt\/produkt\/wrapaholic-youve-got-great-taste-aufkleber-goldfolie-business-dankesaufkleber-versandaufkleber-76-x-76-cm-120-etiketten-insgesamt\/","url":"https:\/\/marktxxl.de\/markt\/produkt\/wrapaholic-youve-got-great-taste-aufkleber-goldfolie-business-dankesaufkleber-versandaufkleber-76-x-76-cm-120-etiketten-insgesamt\/","name":"WRAPAHOLIC Please Handle with Care Stickers - Holographic Ink Black Business Thank You Aufkleber, Versandaufkleber, 5 x\u2026 - Markt-XXL","isPartOf":{"@id":"https:\/\/marktxxl.de\/markt\/#website"},"primaryImageOfPage":{"@id":"https:\/\/marktxxl.de\/markt\/produkt\/wrapaholic-youve-got-great-taste-aufkleber-goldfolie-business-dankesaufkleber-versandaufkleber-76-x-76-cm-120-etiketten-insgesamt\/#primaryimage"},"image":{"@id":"https:\/\/marktxxl.de\/markt\/produkt\/wrapaholic-youve-got-great-taste-aufkleber-goldfolie-business-dankesaufkleber-versandaufkleber-76-x-76-cm-120-etiketten-insgesamt\/#primaryimage"},"thumbnailUrl":"https:\/\/m.media-amazon.com\/images\/I\/41P6rmrF3nL._SL500_.jpg","datePublished":"2021-12-28T19:00:24+00:00","dateModified":"2023-04-11T01:11:23+00:00","description":"Markt-XXL WRAPAHOLIC Please Handle with Care Stickers - Holographic Ink Black Business Thank You Aufkleber, Versandaufkleber, 5 x\u2026","breadcrumb":{"@id":"https:\/\/marktxxl.de\/markt\/produkt\/wrapaholic-youve-got-great-taste-aufkleber-goldfolie-business-dankesaufkleber-versandaufkleber-76-x-76-cm-120-etiketten-insgesamt\/#breadcrumb"},"inLanguage":"de","potentialAction":[{"@type":"ReadAction","target":["https:\/\/marktxxl.de\/markt\/produkt\/wrapaholic-youve-got-great-taste-aufkleber-goldfolie-business-dankesaufkleber-versandaufkleber-76-x-76-cm-120-etiketten-insgesamt\/"]}]},{"@type":"ImageObject","inLanguage":"de","@id":"https:\/\/marktxxl.de\/markt\/produkt\/wrapaholic-youve-got-great-taste-aufkleber-goldfolie-business-dankesaufkleber-versandaufkleber-76-x-76-cm-120-etiketten-insgesamt\/#primaryimage","url":"https:\/\/m.media-amazon.com\/images\/I\/41P6rmrF3nL._SL500_.jpg","contentUrl":"https:\/\/m.media-amazon.com\/images\/I\/41P6rmrF3nL._SL500_.jpg","width":500,"height":500},{"@type":"BreadcrumbList","@id":"https:\/\/marktxxl.de\/markt\/produkt\/wrapaholic-youve-got-great-taste-aufkleber-goldfolie-business-dankesaufkleber-versandaufkleber-76-x-76-cm-120-etiketten-insgesamt\/#breadcrumb","itemListElement":[{"@type":"ListItem","position":1,"name":"Startseite","item":"https:\/\/marktxxl.de\/markt\/"},{"@type":"ListItem","position":2,"name":"Markt","item":"https:\/\/marktxxl.de\/markt\/"},{"@type":"ListItem","position":3,"name":"WRAPAHOLIC Please Handle with Care Stickers &#8211; Holographic Ink Black Business Thank You Aufkleber, Versandaufkleber, 5 x\u2026"}]},{"@type":"WebSite","@id":"https:\/\/marktxxl.de\/markt\/#website","url":"https:\/\/marktxxl.de\/markt\/","name":"Markt-XXL","description":"Ihr Markt Online","publisher":{"@id":"https:\/\/marktxxl.de\/markt\/#organization"},"potentialAction":[{"@type":"SearchAction","target":{"@type":"EntryPoint","urlTemplate":"https:\/\/marktxxl.de\/markt\/?s={search_term_string}"},"query-input":{"@type":"PropertyValueSpecification","valueRequired":true,"valueName":"search_term_string"}}],"inLanguage":"de"},{"@type":"Organization","@id":"https:\/\/marktxxl.de\/markt\/#organization","name":"Markt-XXL","url":"https:\/\/marktxxl.de\/markt\/","logo":{"@type":"ImageObject","inLanguage":"de","@id":"https:\/\/marktxxl.de\/markt\/#\/schema\/logo\/image\/","url":"https:\/\/marktxxl.de\/markt\/wp-content\/uploads\/sites\/3\/2020\/12\/logo.png","contentUrl":"https:\/\/marktxxl.de\/markt\/wp-content\/uploads\/sites\/3\/2020\/12\/logo.png","width":200,"height":70,"caption":"Markt-XXL"},"image":{"@id":"https:\/\/marktxxl.de\/markt\/#\/schema\/logo\/image\/"}}]}},"_links":{"self":[{"href":"https:\/\/marktxxl.de\/markt\/wp-json\/wp\/v2\/product\/91105","targetHints":{"allow":["GET"]}}],"collection":[{"href":"https:\/\/marktxxl.de\/markt\/wp-json\/wp\/v2\/product"}],"about":[{"href":"https:\/\/marktxxl.de\/markt\/wp-json\/wp\/v2\/types\/product"}],"replies":[{"embeddable":true,"href":"https:\/\/marktxxl.de\/markt\/wp-json\/wp\/v2\/comments?post=91105"}],"wp:featuredmedia":[{"embeddable":true,"href":"https:\/\/marktxxl.de\/markt\/wp-json\/wp\/v2\/media\/91106"}],"wp:attachment":[{"href":"https:\/\/marktxxl.de\/markt\/wp-json\/wp\/v2\/media?parent=91105"}],"wp:term":[{"taxonomy":"product_brand","embeddable":true,"href":"https:\/\/marktxxl.de\/markt\/wp-json\/wp\/v2\/product_brand?post=91105"},{"taxonomy":"product_cat","embeddable":true,"href":"https:\/\/marktxxl.de\/markt\/wp-json\/wp\/v2\/product_cat?post=91105"},{"taxonomy":"product_tag","embeddable":true,"href":"https:\/\/marktxxl.de\/markt\/wp-json\/wp\/v2\/product_tag?post=91105"}],"curies":[{"name":"wp","href":"https:\/\/api.w.org\/{rel}","templated":true}]}}