{"id":91058,"date":"2021-12-28T19:57:41","date_gmt":"2021-12-28T18:57:41","guid":{"rendered":"https:\/\/marktxxl.de\/markt\/produkt\/vtech-baby-lil-critters-moosical-beads-purple-online-exclusive\/"},"modified":"2023-04-11T03:11:22","modified_gmt":"2023-04-11T01:11:22","slug":"vtech-baby-lil-critters-moosical-beads-purple-online-exclusive","status":"publish","type":"product","link":"https:\/\/marktxxl.de\/markt\/produkt\/vtech-baby-lil-critters-moosical-beads-purple-online-exclusive\/","title":{"rendered":"VTech Baby Lil&#8217; Critters Moosical Beads &#8211; Purple &#8211; Online Exclusive"},"content":{"rendered":"<p>Spieluhr mit Musik und verschiedenen Stofftexturen f\u00fcr die taktile Entwicklung des Babys; kuscheln Sie sich mit der weichen Kuscheltierkuh<br \/>\nDas Musikspielzeug hat einen einfach zu greifenden Perlenring; der Perlenring hat beleuchtete Kn\u00f6pfe und ein drehbares Quadrat f\u00fcr die Entwicklung der Feinmotorik.<br \/>\nSprechendes und singendes Pl\u00fcschspielzeug f\u00fcr Babys mit \u00fcber 30 spielerischen Liedern, Melodien, T\u00f6nen und S\u00e4tzen; erm\u00f6glicht Kindern eine gute Zeit<br \/>\nDie Gr\u00f6\u00dfe des Pl\u00fcsch-Kuhspielzeugs ist ein tolles Krippen-Spielzeug oder sogar ein Wickeltaschen-Spielzeug f\u00fcr Babys.<br \/>\nMusikalisches Pl\u00fcschtier ist f\u00fcr Babys von 0 bis 24 Monaten bestimmt; 2 AAA-Batterien f\u00fcr Demo; Verwendung neuer Batterien f\u00fcr den regelm\u00e4\u00dfigen Gebrauch<br \/>\n<div class=\"main-cross-sell\" data-asin=\"B0148NCN9A\">\n\n\t<div class=\"WooZone-cross-sell-loader\">\n\t\t<div>\n\t\t\t<div id=\"floatingBarsG\">\n\t\t\t\t<div class=\"blockG\" id=\"rotateG_01\"><\/div>\n\t\t\t\t<div class=\"blockG\" id=\"rotateG_02\"><\/div>\n\t\t\t\t<div class=\"blockG\" id=\"rotateG_03\"><\/div>\n\t\t\t\t<div class=\"blockG\" id=\"rotateG_04\"><\/div>\n\t\t\t\t<div class=\"blockG\" id=\"rotateG_05\"><\/div>\n\t\t\t\t<div class=\"blockG\" id=\"rotateG_06\"><\/div>\n\t\t\t\t<div class=\"blockG\" id=\"rotateG_07\"><\/div>\n\t\t\t\t<div class=\"blockG\" id=\"rotateG_08\"><\/div>\n\t\t\t<\/div>\n\t\t\t<div class=\"WooZone-cross-sell-loader-text\"><\/div>\n\t\t<\/div>\n\t<\/div>\n\n\t\t\n<\/div>\n<div style=\"clear:both;\"><\/div><\/p>\n","protected":false},"excerpt":{"rendered":"<p>Spieluhr mit Musik und verschiedenen Stofftexturen f\u00fcr die taktile Entwicklung des Babys; kuscheln Sie sich mit der weichen Kuscheltierkuh<br \/>\nDas Musikspielzeug hat einen einfach zu greifenden Perlenring; der Perlenring hat beleuchtete Kn\u00f6pfe und ein drehbares Quadrat f\u00fcr die Entwicklung der Feinmotorik.<br \/>\nSprechendes und singendes Pl\u00fcschspielzeug f\u00fcr Babys mit \u00fcber 30 spielerischen Liedern, Melodien, T\u00f6nen und S\u00e4tzen; erm\u00f6glicht Kindern eine gute Zeit<\/p>\n","protected":false},"featured_media":91059,"comment_status":"open","ping_status":"closed","template":"","meta":[],"product_brand":[],"product_cat":[21,8879],"product_tag":[],"class_list":{"0":"post-91058","1":"product","2":"type-product","3":"status-publish","4":"has-post-thumbnail","6":"product_cat-baby","7":"product_cat-baby-kleinkindspielzeug-baby","8":"pa_binding-spielzeug","9":"pa_brand-vtech","10":"pa_height-6-5-zoll","11":"pa_length-6-7-zoll","12":"pa_manufacturer-vtech","13":"pa_model-80-166010","14":"pa_weight-0-75-pfund","15":"pa_width-4-8-zoll","17":"first","18":"instock","19":"shipping-taxable","20":"purchasable","21":"product-type-simple","22":"customify-col","23":"product-has-gallery"},"yoast_head":"<!-- This site is optimized with the Yoast SEO plugin v27.4 - https:\/\/yoast.com\/product\/yoast-seo-wordpress\/ -->\n<title>VTech Baby Lil&#039; Critters Moosical Beads - Purple - Online Exclusive - Markt-XXL<\/title>\n<meta name=\"description\" content=\"Markt-XXL VTech Baby Lil&#039; Critters Moosical Beads - Purple - Online Exclusive\" \/>\n<meta name=\"robots\" content=\"index, follow, max-snippet:-1, max-image-preview:large, max-video-preview:-1\" \/>\n<link rel=\"canonical\" href=\"https:\/\/marktxxl.de\/markt\/produkt\/vtech-baby-lil-critters-moosical-beads-purple-online-exclusive\/\" \/>\n<meta property=\"og:locale\" content=\"de_DE\" \/>\n<meta property=\"og:type\" content=\"article\" \/>\n<meta property=\"og:title\" content=\"VTech Baby Lil&#039; Critters Moosical Beads - Purple - Online Exclusive - Markt-XXL\" \/>\n<meta property=\"og:description\" content=\"Markt-XXL VTech Baby Lil&#039; Critters Moosical Beads - Purple - Online Exclusive\" \/>\n<meta property=\"og:url\" content=\"https:\/\/marktxxl.de\/markt\/produkt\/vtech-baby-lil-critters-moosical-beads-purple-online-exclusive\/\" \/>\n<meta property=\"og:site_name\" content=\"Markt-XXL\" \/>\n<meta property=\"article:modified_time\" content=\"2023-04-11T01:11:22+00:00\" \/>\n<meta property=\"og:image\" content=\"https:\/\/m.media-amazon.com\/images\/I\/514tAgPJTHL._SL500_.jpg\" \/>\n\t<meta property=\"og:image:width\" content=\"500\" \/>\n\t<meta property=\"og:image:height\" content=\"500\" \/>\n\t<meta property=\"og:image:type\" content=\"image\/jpeg\" \/>\n<meta name=\"twitter:card\" content=\"summary_large_image\" \/>\n<meta name=\"twitter:label1\" content=\"Gesch\u00e4tzte Lesezeit\" \/>\n\t<meta name=\"twitter:data1\" content=\"1\u00a0Minute\" \/>\n<script type=\"application\/ld+json\" class=\"yoast-schema-graph\">{\"@context\":\"https:\\\/\\\/schema.org\",\"@graph\":[{\"@type\":\"WebPage\",\"@id\":\"https:\\\/\\\/marktxxl.de\\\/markt\\\/produkt\\\/vtech-baby-lil-critters-moosical-beads-purple-online-exclusive\\\/\",\"url\":\"https:\\\/\\\/marktxxl.de\\\/markt\\\/produkt\\\/vtech-baby-lil-critters-moosical-beads-purple-online-exclusive\\\/\",\"name\":\"VTech Baby Lil' Critters Moosical Beads - Purple - Online Exclusive - Markt-XXL\",\"isPartOf\":{\"@id\":\"https:\\\/\\\/marktxxl.de\\\/markt\\\/#website\"},\"primaryImageOfPage\":{\"@id\":\"https:\\\/\\\/marktxxl.de\\\/markt\\\/produkt\\\/vtech-baby-lil-critters-moosical-beads-purple-online-exclusive\\\/#primaryimage\"},\"image\":{\"@id\":\"https:\\\/\\\/marktxxl.de\\\/markt\\\/produkt\\\/vtech-baby-lil-critters-moosical-beads-purple-online-exclusive\\\/#primaryimage\"},\"thumbnailUrl\":\"https:\\\/\\\/m.media-amazon.com\\\/images\\\/I\\\/514tAgPJTHL._SL500_.jpg\",\"datePublished\":\"2021-12-28T18:57:41+00:00\",\"dateModified\":\"2023-04-11T01:11:22+00:00\",\"description\":\"Markt-XXL VTech Baby Lil' Critters Moosical Beads - Purple - Online Exclusive\",\"breadcrumb\":{\"@id\":\"https:\\\/\\\/marktxxl.de\\\/markt\\\/produkt\\\/vtech-baby-lil-critters-moosical-beads-purple-online-exclusive\\\/#breadcrumb\"},\"inLanguage\":\"de\",\"potentialAction\":[{\"@type\":\"ReadAction\",\"target\":[\"https:\\\/\\\/marktxxl.de\\\/markt\\\/produkt\\\/vtech-baby-lil-critters-moosical-beads-purple-online-exclusive\\\/\"]}]},{\"@type\":\"ImageObject\",\"inLanguage\":\"de\",\"@id\":\"https:\\\/\\\/marktxxl.de\\\/markt\\\/produkt\\\/vtech-baby-lil-critters-moosical-beads-purple-online-exclusive\\\/#primaryimage\",\"url\":\"https:\\\/\\\/m.media-amazon.com\\\/images\\\/I\\\/514tAgPJTHL._SL500_.jpg\",\"contentUrl\":\"https:\\\/\\\/m.media-amazon.com\\\/images\\\/I\\\/514tAgPJTHL._SL500_.jpg\",\"width\":500,\"height\":500},{\"@type\":\"BreadcrumbList\",\"@id\":\"https:\\\/\\\/marktxxl.de\\\/markt\\\/produkt\\\/vtech-baby-lil-critters-moosical-beads-purple-online-exclusive\\\/#breadcrumb\",\"itemListElement\":[{\"@type\":\"ListItem\",\"position\":1,\"name\":\"Startseite\",\"item\":\"https:\\\/\\\/marktxxl.de\\\/markt\\\/\"},{\"@type\":\"ListItem\",\"position\":2,\"name\":\"Markt\",\"item\":\"https:\\\/\\\/marktxxl.de\\\/markt\\\/\"},{\"@type\":\"ListItem\",\"position\":3,\"name\":\"VTech Baby Lil&#8217; Critters Moosical Beads &#8211; Purple &#8211; Online Exclusive\"}]},{\"@type\":\"WebSite\",\"@id\":\"https:\\\/\\\/marktxxl.de\\\/markt\\\/#website\",\"url\":\"https:\\\/\\\/marktxxl.de\\\/markt\\\/\",\"name\":\"Markt-XXL\",\"description\":\"Ihr Markt Online\",\"publisher\":{\"@id\":\"https:\\\/\\\/marktxxl.de\\\/markt\\\/#organization\"},\"potentialAction\":[{\"@type\":\"SearchAction\",\"target\":{\"@type\":\"EntryPoint\",\"urlTemplate\":\"https:\\\/\\\/marktxxl.de\\\/markt\\\/?s={search_term_string}\"},\"query-input\":{\"@type\":\"PropertyValueSpecification\",\"valueRequired\":true,\"valueName\":\"search_term_string\"}}],\"inLanguage\":\"de\"},{\"@type\":\"Organization\",\"@id\":\"https:\\\/\\\/marktxxl.de\\\/markt\\\/#organization\",\"name\":\"Markt-XXL\",\"url\":\"https:\\\/\\\/marktxxl.de\\\/markt\\\/\",\"logo\":{\"@type\":\"ImageObject\",\"inLanguage\":\"de\",\"@id\":\"https:\\\/\\\/marktxxl.de\\\/markt\\\/#\\\/schema\\\/logo\\\/image\\\/\",\"url\":\"https:\\\/\\\/marktxxl.de\\\/markt\\\/wp-content\\\/uploads\\\/sites\\\/3\\\/2020\\\/12\\\/logo.png\",\"contentUrl\":\"https:\\\/\\\/marktxxl.de\\\/markt\\\/wp-content\\\/uploads\\\/sites\\\/3\\\/2020\\\/12\\\/logo.png\",\"width\":200,\"height\":70,\"caption\":\"Markt-XXL\"},\"image\":{\"@id\":\"https:\\\/\\\/marktxxl.de\\\/markt\\\/#\\\/schema\\\/logo\\\/image\\\/\"}}]}<\/script>\n<!-- \/ Yoast SEO plugin. -->","yoast_head_json":{"title":"VTech Baby Lil' Critters Moosical Beads - Purple - Online Exclusive - Markt-XXL","description":"Markt-XXL VTech Baby Lil' Critters Moosical Beads - Purple - Online Exclusive","robots":{"index":"index","follow":"follow","max-snippet":"max-snippet:-1","max-image-preview":"max-image-preview:large","max-video-preview":"max-video-preview:-1"},"canonical":"https:\/\/marktxxl.de\/markt\/produkt\/vtech-baby-lil-critters-moosical-beads-purple-online-exclusive\/","og_locale":"de_DE","og_type":"article","og_title":"VTech Baby Lil' Critters Moosical Beads - Purple - Online Exclusive - Markt-XXL","og_description":"Markt-XXL VTech Baby Lil' Critters Moosical Beads - Purple - Online Exclusive","og_url":"https:\/\/marktxxl.de\/markt\/produkt\/vtech-baby-lil-critters-moosical-beads-purple-online-exclusive\/","og_site_name":"Markt-XXL","article_modified_time":"2023-04-11T01:11:22+00:00","og_image":[{"width":500,"height":500,"url":"https:\/\/m.media-amazon.com\/images\/I\/514tAgPJTHL._SL500_.jpg","type":"image\/jpeg"}],"twitter_card":"summary_large_image","twitter_misc":{"Gesch\u00e4tzte Lesezeit":"1\u00a0Minute"},"schema":{"@context":"https:\/\/schema.org","@graph":[{"@type":"WebPage","@id":"https:\/\/marktxxl.de\/markt\/produkt\/vtech-baby-lil-critters-moosical-beads-purple-online-exclusive\/","url":"https:\/\/marktxxl.de\/markt\/produkt\/vtech-baby-lil-critters-moosical-beads-purple-online-exclusive\/","name":"VTech Baby Lil' Critters Moosical Beads - Purple - Online Exclusive - Markt-XXL","isPartOf":{"@id":"https:\/\/marktxxl.de\/markt\/#website"},"primaryImageOfPage":{"@id":"https:\/\/marktxxl.de\/markt\/produkt\/vtech-baby-lil-critters-moosical-beads-purple-online-exclusive\/#primaryimage"},"image":{"@id":"https:\/\/marktxxl.de\/markt\/produkt\/vtech-baby-lil-critters-moosical-beads-purple-online-exclusive\/#primaryimage"},"thumbnailUrl":"https:\/\/m.media-amazon.com\/images\/I\/514tAgPJTHL._SL500_.jpg","datePublished":"2021-12-28T18:57:41+00:00","dateModified":"2023-04-11T01:11:22+00:00","description":"Markt-XXL VTech Baby Lil' Critters Moosical Beads - Purple - Online Exclusive","breadcrumb":{"@id":"https:\/\/marktxxl.de\/markt\/produkt\/vtech-baby-lil-critters-moosical-beads-purple-online-exclusive\/#breadcrumb"},"inLanguage":"de","potentialAction":[{"@type":"ReadAction","target":["https:\/\/marktxxl.de\/markt\/produkt\/vtech-baby-lil-critters-moosical-beads-purple-online-exclusive\/"]}]},{"@type":"ImageObject","inLanguage":"de","@id":"https:\/\/marktxxl.de\/markt\/produkt\/vtech-baby-lil-critters-moosical-beads-purple-online-exclusive\/#primaryimage","url":"https:\/\/m.media-amazon.com\/images\/I\/514tAgPJTHL._SL500_.jpg","contentUrl":"https:\/\/m.media-amazon.com\/images\/I\/514tAgPJTHL._SL500_.jpg","width":500,"height":500},{"@type":"BreadcrumbList","@id":"https:\/\/marktxxl.de\/markt\/produkt\/vtech-baby-lil-critters-moosical-beads-purple-online-exclusive\/#breadcrumb","itemListElement":[{"@type":"ListItem","position":1,"name":"Startseite","item":"https:\/\/marktxxl.de\/markt\/"},{"@type":"ListItem","position":2,"name":"Markt","item":"https:\/\/marktxxl.de\/markt\/"},{"@type":"ListItem","position":3,"name":"VTech Baby Lil&#8217; Critters Moosical Beads &#8211; Purple &#8211; Online Exclusive"}]},{"@type":"WebSite","@id":"https:\/\/marktxxl.de\/markt\/#website","url":"https:\/\/marktxxl.de\/markt\/","name":"Markt-XXL","description":"Ihr Markt Online","publisher":{"@id":"https:\/\/marktxxl.de\/markt\/#organization"},"potentialAction":[{"@type":"SearchAction","target":{"@type":"EntryPoint","urlTemplate":"https:\/\/marktxxl.de\/markt\/?s={search_term_string}"},"query-input":{"@type":"PropertyValueSpecification","valueRequired":true,"valueName":"search_term_string"}}],"inLanguage":"de"},{"@type":"Organization","@id":"https:\/\/marktxxl.de\/markt\/#organization","name":"Markt-XXL","url":"https:\/\/marktxxl.de\/markt\/","logo":{"@type":"ImageObject","inLanguage":"de","@id":"https:\/\/marktxxl.de\/markt\/#\/schema\/logo\/image\/","url":"https:\/\/marktxxl.de\/markt\/wp-content\/uploads\/sites\/3\/2020\/12\/logo.png","contentUrl":"https:\/\/marktxxl.de\/markt\/wp-content\/uploads\/sites\/3\/2020\/12\/logo.png","width":200,"height":70,"caption":"Markt-XXL"},"image":{"@id":"https:\/\/marktxxl.de\/markt\/#\/schema\/logo\/image\/"}}]}},"_links":{"self":[{"href":"https:\/\/marktxxl.de\/markt\/wp-json\/wp\/v2\/product\/91058","targetHints":{"allow":["GET"]}}],"collection":[{"href":"https:\/\/marktxxl.de\/markt\/wp-json\/wp\/v2\/product"}],"about":[{"href":"https:\/\/marktxxl.de\/markt\/wp-json\/wp\/v2\/types\/product"}],"replies":[{"embeddable":true,"href":"https:\/\/marktxxl.de\/markt\/wp-json\/wp\/v2\/comments?post=91058"}],"wp:featuredmedia":[{"embeddable":true,"href":"https:\/\/marktxxl.de\/markt\/wp-json\/wp\/v2\/media\/91059"}],"wp:attachment":[{"href":"https:\/\/marktxxl.de\/markt\/wp-json\/wp\/v2\/media?parent=91058"}],"wp:term":[{"taxonomy":"product_brand","embeddable":true,"href":"https:\/\/marktxxl.de\/markt\/wp-json\/wp\/v2\/product_brand?post=91058"},{"taxonomy":"product_cat","embeddable":true,"href":"https:\/\/marktxxl.de\/markt\/wp-json\/wp\/v2\/product_cat?post=91058"},{"taxonomy":"product_tag","embeddable":true,"href":"https:\/\/marktxxl.de\/markt\/wp-json\/wp\/v2\/product_tag?post=91058"}],"curies":[{"name":"wp","href":"https:\/\/api.w.org\/{rel}","templated":true}]}}