{"id":90763,"date":"2021-12-28T19:42:25","date_gmt":"2021-12-28T18:42:25","guid":{"rendered":"https:\/\/marktxxl.de\/markt\/produkt\/always-ultra-duenne-windeleinlagen-mit-fluegeln-groesse-4-ohne-duft-50-stueck-3-stueck\/"},"modified":"2023-04-11T03:11:16","modified_gmt":"2023-04-11T01:11:16","slug":"always-ultra-duenne-windeleinlagen-mit-fluegeln-groesse-4-ohne-duft-50-stueck-3-stueck","status":"publish","type":"product","link":"https:\/\/marktxxl.de\/markt\/produkt\/always-ultra-duenne-windeleinlagen-mit-fluegeln-groesse-4-ohne-duft-50-stueck-3-stueck\/","title":{"rendered":"Always Ultrad\u00fcnne weibliche Pads f\u00fcr Frauen, Gr\u00f6\u00dfe 4, Saugf\u00e4higkeit \u00fcber Nacht, Multipack, mit Fl\u00fcgeln, geruchlos, 50\u2026"},"content":{"rendered":"<p>Sind Sie sicher, dass Sie die richtige Passform bekommen? Die falsche Passform kann zu Leckagen f\u00fchren. Die Gr\u00f6\u00dfe kann um Auslaufen zu verhindern<br \/>\nImmer My Fit hilft Ihnen, den besten Schutz zu erhalten, indem Sie Ihr Pad an Ihre K\u00f6rperform und Slipgr\u00f6\u00dfe anpassen. Verwenden Sie die Gr\u00f6\u00dfentabelle in den Bildern, um Ihre Passform zu finden<br \/>\nBietet 45 % gr\u00f6\u00dfere R\u00fcckseite, um Lecks in der Nacht zu verhindern. Always Ultra Regular with Wings). LeakGuard-Kern absorbiert in Sekunden f\u00fcr bis zu 10 Stunden Schutz<br \/>\nAlways Ultra Thin, Gr\u00f6\u00dfe 4, \u00dcbernachtungspads mit Flexi-Wings haben ein flexibles Design f\u00fcr unseren besten Schutz bei Nacht<br \/>\nAlways Feminine Produkte sind jetzt HSA-\/FSA-zugelassen in den USA<br \/>\n<div class=\"main-cross-sell\" data-asin=\"B01IZ5EMBO\">\n\n\t<div class=\"WooZone-cross-sell-loader\">\n\t\t<div>\n\t\t\t<div id=\"floatingBarsG\">\n\t\t\t\t<div class=\"blockG\" id=\"rotateG_01\"><\/div>\n\t\t\t\t<div class=\"blockG\" id=\"rotateG_02\"><\/div>\n\t\t\t\t<div class=\"blockG\" id=\"rotateG_03\"><\/div>\n\t\t\t\t<div class=\"blockG\" id=\"rotateG_04\"><\/div>\n\t\t\t\t<div class=\"blockG\" id=\"rotateG_05\"><\/div>\n\t\t\t\t<div class=\"blockG\" id=\"rotateG_06\"><\/div>\n\t\t\t\t<div class=\"blockG\" id=\"rotateG_07\"><\/div>\n\t\t\t\t<div class=\"blockG\" id=\"rotateG_08\"><\/div>\n\t\t\t<\/div>\n\t\t\t<div class=\"WooZone-cross-sell-loader-text\"><\/div>\n\t\t<\/div>\n\t<\/div>\n\n\t\t\n<\/div>\n<div style=\"clear:both;\"><\/div><\/p>\n","protected":false},"excerpt":{"rendered":"<p>Sind Sie sicher, dass Sie die richtige Passform bekommen? Die falsche Passform kann zu Leckagen f\u00fchren. Die Gr\u00f6\u00dfe kann um Auslaufen zu verhindern<br \/>\nImmer My Fit hilft Ihnen, den besten Schutz zu erhalten, indem Sie Ihr Pad an Ihre K\u00f6rperform und Slipgr\u00f6\u00dfe anpassen. Verwenden Sie die Gr\u00f6\u00dfentabelle in den Bildern, um Ihre Passform zu finden<br \/>\nBietet 45 % gr\u00f6\u00dfere R\u00fcckseite, um Lecks in der Nacht zu verhindern. Always Ultra Regular with Wings). LeakGuard-Kern absorbiert in Sekunden f\u00fcr bis zu 10 Stunden Schutz<\/p>\n","protected":false},"featured_media":90764,"comment_status":"open","ping_status":"closed","template":"","meta":[],"product_brand":[],"product_cat":[566,5680],"product_tag":[],"class_list":{"0":"post-90763","1":"product","2":"type-product","3":"status-publish","4":"has-post-thumbnail","6":"product_cat-drogerie-koerperpflege","7":"product_cat-intime-pflege-hygiene","8":"pa_binding-badartikel","9":"pa_brand-always","10":"pa_height-8-386-zoll","11":"pa_length-13-583-zoll","12":"pa_manufacturer-procter-gamble-haba-hub","13":"pa_model-bd2028","14":"pa_size-50-count-pack-of-3","15":"pa_width-8-386-zoll","17":"first","18":"instock","19":"shipping-taxable","20":"purchasable","21":"product-type-simple","22":"customify-col","23":"product-has-gallery"},"yoast_head":"<!-- This site is optimized with the Yoast SEO plugin v27.4 - https:\/\/yoast.com\/product\/yoast-seo-wordpress\/ -->\n<title>Always Ultrad\u00fcnne weibliche Pads f\u00fcr Frauen, Gr\u00f6\u00dfe 4, Saugf\u00e4higkeit \u00fcber Nacht, Multipack, mit Fl\u00fcgeln, geruchlos, 50\u2026 - Markt-XXL<\/title>\n<meta name=\"description\" content=\"Markt-XXL Always Ultrad\u00fcnne weibliche Pads f\u00fcr Frauen, Gr\u00f6\u00dfe 4, Saugf\u00e4higkeit \u00fcber Nacht, Multipack, mit Fl\u00fcgeln, geruchlos, 50\u2026\" \/>\n<meta name=\"robots\" content=\"index, follow, max-snippet:-1, max-image-preview:large, max-video-preview:-1\" \/>\n<link rel=\"canonical\" href=\"https:\/\/marktxxl.de\/markt\/produkt\/always-ultra-duenne-windeleinlagen-mit-fluegeln-groesse-4-ohne-duft-50-stueck-3-stueck\/\" \/>\n<meta property=\"og:locale\" content=\"de_DE\" \/>\n<meta property=\"og:type\" content=\"article\" \/>\n<meta property=\"og:title\" content=\"Always Ultrad\u00fcnne weibliche Pads f\u00fcr Frauen, Gr\u00f6\u00dfe 4, Saugf\u00e4higkeit \u00fcber Nacht, Multipack, mit Fl\u00fcgeln, geruchlos, 50\u2026 - Markt-XXL\" \/>\n<meta property=\"og:description\" content=\"Markt-XXL Always Ultrad\u00fcnne weibliche Pads f\u00fcr Frauen, Gr\u00f6\u00dfe 4, Saugf\u00e4higkeit \u00fcber Nacht, Multipack, mit Fl\u00fcgeln, geruchlos, 50\u2026\" \/>\n<meta property=\"og:url\" content=\"https:\/\/marktxxl.de\/markt\/produkt\/always-ultra-duenne-windeleinlagen-mit-fluegeln-groesse-4-ohne-duft-50-stueck-3-stueck\/\" \/>\n<meta property=\"og:site_name\" content=\"Markt-XXL\" \/>\n<meta property=\"article:modified_time\" content=\"2023-04-11T01:11:16+00:00\" \/>\n<meta property=\"og:image\" content=\"https:\/\/m.media-amazon.com\/images\/I\/5195pfcsECS._SL500_.jpg\" \/>\n\t<meta property=\"og:image:width\" content=\"500\" \/>\n\t<meta property=\"og:image:height\" content=\"500\" \/>\n\t<meta property=\"og:image:type\" content=\"image\/jpeg\" \/>\n<meta name=\"twitter:card\" content=\"summary_large_image\" \/>\n<meta name=\"twitter:label1\" content=\"Gesch\u00e4tzte Lesezeit\" \/>\n\t<meta name=\"twitter:data1\" content=\"1\u00a0Minute\" \/>\n<script type=\"application\/ld+json\" class=\"yoast-schema-graph\">{\"@context\":\"https:\\\/\\\/schema.org\",\"@graph\":[{\"@type\":\"WebPage\",\"@id\":\"https:\\\/\\\/marktxxl.de\\\/markt\\\/produkt\\\/always-ultra-duenne-windeleinlagen-mit-fluegeln-groesse-4-ohne-duft-50-stueck-3-stueck\\\/\",\"url\":\"https:\\\/\\\/marktxxl.de\\\/markt\\\/produkt\\\/always-ultra-duenne-windeleinlagen-mit-fluegeln-groesse-4-ohne-duft-50-stueck-3-stueck\\\/\",\"name\":\"Always Ultrad\u00fcnne weibliche Pads f\u00fcr Frauen, Gr\u00f6\u00dfe 4, Saugf\u00e4higkeit \u00fcber Nacht, Multipack, mit Fl\u00fcgeln, geruchlos, 50\u2026 - Markt-XXL\",\"isPartOf\":{\"@id\":\"https:\\\/\\\/marktxxl.de\\\/markt\\\/#website\"},\"primaryImageOfPage\":{\"@id\":\"https:\\\/\\\/marktxxl.de\\\/markt\\\/produkt\\\/always-ultra-duenne-windeleinlagen-mit-fluegeln-groesse-4-ohne-duft-50-stueck-3-stueck\\\/#primaryimage\"},\"image\":{\"@id\":\"https:\\\/\\\/marktxxl.de\\\/markt\\\/produkt\\\/always-ultra-duenne-windeleinlagen-mit-fluegeln-groesse-4-ohne-duft-50-stueck-3-stueck\\\/#primaryimage\"},\"thumbnailUrl\":\"https:\\\/\\\/m.media-amazon.com\\\/images\\\/I\\\/5195pfcsECS._SL500_.jpg\",\"datePublished\":\"2021-12-28T18:42:25+00:00\",\"dateModified\":\"2023-04-11T01:11:16+00:00\",\"description\":\"Markt-XXL Always Ultrad\u00fcnne weibliche Pads f\u00fcr Frauen, Gr\u00f6\u00dfe 4, Saugf\u00e4higkeit \u00fcber Nacht, Multipack, mit Fl\u00fcgeln, geruchlos, 50\u2026\",\"breadcrumb\":{\"@id\":\"https:\\\/\\\/marktxxl.de\\\/markt\\\/produkt\\\/always-ultra-duenne-windeleinlagen-mit-fluegeln-groesse-4-ohne-duft-50-stueck-3-stueck\\\/#breadcrumb\"},\"inLanguage\":\"de\",\"potentialAction\":[{\"@type\":\"ReadAction\",\"target\":[\"https:\\\/\\\/marktxxl.de\\\/markt\\\/produkt\\\/always-ultra-duenne-windeleinlagen-mit-fluegeln-groesse-4-ohne-duft-50-stueck-3-stueck\\\/\"]}]},{\"@type\":\"ImageObject\",\"inLanguage\":\"de\",\"@id\":\"https:\\\/\\\/marktxxl.de\\\/markt\\\/produkt\\\/always-ultra-duenne-windeleinlagen-mit-fluegeln-groesse-4-ohne-duft-50-stueck-3-stueck\\\/#primaryimage\",\"url\":\"https:\\\/\\\/m.media-amazon.com\\\/images\\\/I\\\/5195pfcsECS._SL500_.jpg\",\"contentUrl\":\"https:\\\/\\\/m.media-amazon.com\\\/images\\\/I\\\/5195pfcsECS._SL500_.jpg\",\"width\":500,\"height\":500},{\"@type\":\"BreadcrumbList\",\"@id\":\"https:\\\/\\\/marktxxl.de\\\/markt\\\/produkt\\\/always-ultra-duenne-windeleinlagen-mit-fluegeln-groesse-4-ohne-duft-50-stueck-3-stueck\\\/#breadcrumb\",\"itemListElement\":[{\"@type\":\"ListItem\",\"position\":1,\"name\":\"Startseite\",\"item\":\"https:\\\/\\\/marktxxl.de\\\/markt\\\/\"},{\"@type\":\"ListItem\",\"position\":2,\"name\":\"Markt\",\"item\":\"https:\\\/\\\/marktxxl.de\\\/markt\\\/\"},{\"@type\":\"ListItem\",\"position\":3,\"name\":\"Always Ultrad\u00fcnne weibliche Pads f\u00fcr Frauen, Gr\u00f6\u00dfe 4, Saugf\u00e4higkeit \u00fcber Nacht, Multipack, mit Fl\u00fcgeln, geruchlos, 50\u2026\"}]},{\"@type\":\"WebSite\",\"@id\":\"https:\\\/\\\/marktxxl.de\\\/markt\\\/#website\",\"url\":\"https:\\\/\\\/marktxxl.de\\\/markt\\\/\",\"name\":\"Markt-XXL\",\"description\":\"Ihr Markt Online\",\"publisher\":{\"@id\":\"https:\\\/\\\/marktxxl.de\\\/markt\\\/#organization\"},\"potentialAction\":[{\"@type\":\"SearchAction\",\"target\":{\"@type\":\"EntryPoint\",\"urlTemplate\":\"https:\\\/\\\/marktxxl.de\\\/markt\\\/?s={search_term_string}\"},\"query-input\":{\"@type\":\"PropertyValueSpecification\",\"valueRequired\":true,\"valueName\":\"search_term_string\"}}],\"inLanguage\":\"de\"},{\"@type\":\"Organization\",\"@id\":\"https:\\\/\\\/marktxxl.de\\\/markt\\\/#organization\",\"name\":\"Markt-XXL\",\"url\":\"https:\\\/\\\/marktxxl.de\\\/markt\\\/\",\"logo\":{\"@type\":\"ImageObject\",\"inLanguage\":\"de\",\"@id\":\"https:\\\/\\\/marktxxl.de\\\/markt\\\/#\\\/schema\\\/logo\\\/image\\\/\",\"url\":\"https:\\\/\\\/marktxxl.de\\\/markt\\\/wp-content\\\/uploads\\\/sites\\\/3\\\/2020\\\/12\\\/logo.png\",\"contentUrl\":\"https:\\\/\\\/marktxxl.de\\\/markt\\\/wp-content\\\/uploads\\\/sites\\\/3\\\/2020\\\/12\\\/logo.png\",\"width\":200,\"height\":70,\"caption\":\"Markt-XXL\"},\"image\":{\"@id\":\"https:\\\/\\\/marktxxl.de\\\/markt\\\/#\\\/schema\\\/logo\\\/image\\\/\"}}]}<\/script>\n<!-- \/ Yoast SEO plugin. -->","yoast_head_json":{"title":"Always Ultrad\u00fcnne weibliche Pads f\u00fcr Frauen, Gr\u00f6\u00dfe 4, Saugf\u00e4higkeit \u00fcber Nacht, Multipack, mit Fl\u00fcgeln, geruchlos, 50\u2026 - Markt-XXL","description":"Markt-XXL Always Ultrad\u00fcnne weibliche Pads f\u00fcr Frauen, Gr\u00f6\u00dfe 4, Saugf\u00e4higkeit \u00fcber Nacht, Multipack, mit Fl\u00fcgeln, geruchlos, 50\u2026","robots":{"index":"index","follow":"follow","max-snippet":"max-snippet:-1","max-image-preview":"max-image-preview:large","max-video-preview":"max-video-preview:-1"},"canonical":"https:\/\/marktxxl.de\/markt\/produkt\/always-ultra-duenne-windeleinlagen-mit-fluegeln-groesse-4-ohne-duft-50-stueck-3-stueck\/","og_locale":"de_DE","og_type":"article","og_title":"Always Ultrad\u00fcnne weibliche Pads f\u00fcr Frauen, Gr\u00f6\u00dfe 4, Saugf\u00e4higkeit \u00fcber Nacht, Multipack, mit Fl\u00fcgeln, geruchlos, 50\u2026 - Markt-XXL","og_description":"Markt-XXL Always Ultrad\u00fcnne weibliche Pads f\u00fcr Frauen, Gr\u00f6\u00dfe 4, Saugf\u00e4higkeit \u00fcber Nacht, Multipack, mit Fl\u00fcgeln, geruchlos, 50\u2026","og_url":"https:\/\/marktxxl.de\/markt\/produkt\/always-ultra-duenne-windeleinlagen-mit-fluegeln-groesse-4-ohne-duft-50-stueck-3-stueck\/","og_site_name":"Markt-XXL","article_modified_time":"2023-04-11T01:11:16+00:00","og_image":[{"width":500,"height":500,"url":"https:\/\/m.media-amazon.com\/images\/I\/5195pfcsECS._SL500_.jpg","type":"image\/jpeg"}],"twitter_card":"summary_large_image","twitter_misc":{"Gesch\u00e4tzte Lesezeit":"1\u00a0Minute"},"schema":{"@context":"https:\/\/schema.org","@graph":[{"@type":"WebPage","@id":"https:\/\/marktxxl.de\/markt\/produkt\/always-ultra-duenne-windeleinlagen-mit-fluegeln-groesse-4-ohne-duft-50-stueck-3-stueck\/","url":"https:\/\/marktxxl.de\/markt\/produkt\/always-ultra-duenne-windeleinlagen-mit-fluegeln-groesse-4-ohne-duft-50-stueck-3-stueck\/","name":"Always Ultrad\u00fcnne weibliche Pads f\u00fcr Frauen, Gr\u00f6\u00dfe 4, Saugf\u00e4higkeit \u00fcber Nacht, Multipack, mit Fl\u00fcgeln, geruchlos, 50\u2026 - Markt-XXL","isPartOf":{"@id":"https:\/\/marktxxl.de\/markt\/#website"},"primaryImageOfPage":{"@id":"https:\/\/marktxxl.de\/markt\/produkt\/always-ultra-duenne-windeleinlagen-mit-fluegeln-groesse-4-ohne-duft-50-stueck-3-stueck\/#primaryimage"},"image":{"@id":"https:\/\/marktxxl.de\/markt\/produkt\/always-ultra-duenne-windeleinlagen-mit-fluegeln-groesse-4-ohne-duft-50-stueck-3-stueck\/#primaryimage"},"thumbnailUrl":"https:\/\/m.media-amazon.com\/images\/I\/5195pfcsECS._SL500_.jpg","datePublished":"2021-12-28T18:42:25+00:00","dateModified":"2023-04-11T01:11:16+00:00","description":"Markt-XXL Always Ultrad\u00fcnne weibliche Pads f\u00fcr Frauen, Gr\u00f6\u00dfe 4, Saugf\u00e4higkeit \u00fcber Nacht, Multipack, mit Fl\u00fcgeln, geruchlos, 50\u2026","breadcrumb":{"@id":"https:\/\/marktxxl.de\/markt\/produkt\/always-ultra-duenne-windeleinlagen-mit-fluegeln-groesse-4-ohne-duft-50-stueck-3-stueck\/#breadcrumb"},"inLanguage":"de","potentialAction":[{"@type":"ReadAction","target":["https:\/\/marktxxl.de\/markt\/produkt\/always-ultra-duenne-windeleinlagen-mit-fluegeln-groesse-4-ohne-duft-50-stueck-3-stueck\/"]}]},{"@type":"ImageObject","inLanguage":"de","@id":"https:\/\/marktxxl.de\/markt\/produkt\/always-ultra-duenne-windeleinlagen-mit-fluegeln-groesse-4-ohne-duft-50-stueck-3-stueck\/#primaryimage","url":"https:\/\/m.media-amazon.com\/images\/I\/5195pfcsECS._SL500_.jpg","contentUrl":"https:\/\/m.media-amazon.com\/images\/I\/5195pfcsECS._SL500_.jpg","width":500,"height":500},{"@type":"BreadcrumbList","@id":"https:\/\/marktxxl.de\/markt\/produkt\/always-ultra-duenne-windeleinlagen-mit-fluegeln-groesse-4-ohne-duft-50-stueck-3-stueck\/#breadcrumb","itemListElement":[{"@type":"ListItem","position":1,"name":"Startseite","item":"https:\/\/marktxxl.de\/markt\/"},{"@type":"ListItem","position":2,"name":"Markt","item":"https:\/\/marktxxl.de\/markt\/"},{"@type":"ListItem","position":3,"name":"Always Ultrad\u00fcnne weibliche Pads f\u00fcr Frauen, Gr\u00f6\u00dfe 4, Saugf\u00e4higkeit \u00fcber Nacht, Multipack, mit Fl\u00fcgeln, geruchlos, 50\u2026"}]},{"@type":"WebSite","@id":"https:\/\/marktxxl.de\/markt\/#website","url":"https:\/\/marktxxl.de\/markt\/","name":"Markt-XXL","description":"Ihr Markt Online","publisher":{"@id":"https:\/\/marktxxl.de\/markt\/#organization"},"potentialAction":[{"@type":"SearchAction","target":{"@type":"EntryPoint","urlTemplate":"https:\/\/marktxxl.de\/markt\/?s={search_term_string}"},"query-input":{"@type":"PropertyValueSpecification","valueRequired":true,"valueName":"search_term_string"}}],"inLanguage":"de"},{"@type":"Organization","@id":"https:\/\/marktxxl.de\/markt\/#organization","name":"Markt-XXL","url":"https:\/\/marktxxl.de\/markt\/","logo":{"@type":"ImageObject","inLanguage":"de","@id":"https:\/\/marktxxl.de\/markt\/#\/schema\/logo\/image\/","url":"https:\/\/marktxxl.de\/markt\/wp-content\/uploads\/sites\/3\/2020\/12\/logo.png","contentUrl":"https:\/\/marktxxl.de\/markt\/wp-content\/uploads\/sites\/3\/2020\/12\/logo.png","width":200,"height":70,"caption":"Markt-XXL"},"image":{"@id":"https:\/\/marktxxl.de\/markt\/#\/schema\/logo\/image\/"}}]}},"_links":{"self":[{"href":"https:\/\/marktxxl.de\/markt\/wp-json\/wp\/v2\/product\/90763","targetHints":{"allow":["GET"]}}],"collection":[{"href":"https:\/\/marktxxl.de\/markt\/wp-json\/wp\/v2\/product"}],"about":[{"href":"https:\/\/marktxxl.de\/markt\/wp-json\/wp\/v2\/types\/product"}],"replies":[{"embeddable":true,"href":"https:\/\/marktxxl.de\/markt\/wp-json\/wp\/v2\/comments?post=90763"}],"wp:featuredmedia":[{"embeddable":true,"href":"https:\/\/marktxxl.de\/markt\/wp-json\/wp\/v2\/media\/90764"}],"wp:attachment":[{"href":"https:\/\/marktxxl.de\/markt\/wp-json\/wp\/v2\/media?parent=90763"}],"wp:term":[{"taxonomy":"product_brand","embeddable":true,"href":"https:\/\/marktxxl.de\/markt\/wp-json\/wp\/v2\/product_brand?post=90763"},{"taxonomy":"product_cat","embeddable":true,"href":"https:\/\/marktxxl.de\/markt\/wp-json\/wp\/v2\/product_cat?post=90763"},{"taxonomy":"product_tag","embeddable":true,"href":"https:\/\/marktxxl.de\/markt\/wp-json\/wp\/v2\/product_tag?post=90763"}],"curies":[{"name":"wp","href":"https:\/\/api.w.org\/{rel}","templated":true}]}}