{"id":90697,"date":"2021-12-28T19:39:26","date_gmt":"2021-12-28T18:39:26","guid":{"rendered":"https:\/\/marktxxl.de\/markt\/produkt\/babbleroo-baby-wickeltasche-rucksack-wickelrucksack-laessige-wickeltaschen-multifunktional-grosse-kapazitaet-babytasche-reiserucksack-mit-wickelauflage-schnullerhalter\/"},"modified":"2023-04-07T02:25:12","modified_gmt":"2023-04-07T00:25:12","slug":"babbleroo-baby-wickeltasche-rucksack-wickelrucksack-laessige-wickeltaschen-multifunktional-grosse-kapazitaet-babytasche-reiserucksack-mit-wickelauflage-schnullerhalter","status":"publish","type":"product","link":"https:\/\/marktxxl.de\/markt\/produkt\/babbleroo-baby-wickeltasche-rucksack-wickelrucksack-laessige-wickeltaschen-multifunktional-grosse-kapazitaet-babytasche-reiserucksack-mit-wickelauflage-schnullerhalter\/","title":{"rendered":"BabbleRoo Baby Wickeltasche\/Rucksack, Wickelrucksack l\u00e4ssige Wickeltaschen, Multifunktional Gro\u00dfe Kapazit\u00e4t Babytasche\u2026"},"content":{"rendered":"<p>Was du bekommst &#8211; Ein ger\u00e4umiger, umbaubarer Rucksack (Gr\u00f6\u00dfe: 42 x 21 x 31 cm, 26L), ein leicht abwischbares, faltbares Wickelpolster (Gr\u00f6\u00dfe: 59 x 37 cm), integrierte Kinderwagengurte und eine abnehmbare Schnullertasche. Die Wickeltasche wird mit allem geliefert, was sie unterwegs ben\u00f6tigen, um alles f\u00fcr das Baby und auch etwas f\u00fcr sie zu verstauen<br \/>\nViel Stauraum &#8211; Gut organisierte Struktur, mit allen Arten von n\u00fctzlichen Taschen, Funktionen und Extras. Die BabbleRoo Babytasche beinhaltet 2 Hauptf\u00e4cher, 5 isolierte Taschen (passend f\u00fcr alle Babyflaschen), eine Wischtasche, eine Schl\u00fcsseltasche und eine spezielle Multifunktionstasche mit Wickelpolster f\u00fcr Tablets und Laptops bis zu 15,6&#8243;. Mehrere Taschen mit leicht gleitenden Rei\u00dfverschl\u00fcssen machen diesen Windelrucksack mit einer Hand leicht zug\u00e4nglich<br \/>\nLanglebig und komfortabel &#8211; Unsere handlichen Rucksack-Wickeltaschen bestehen aus rei\u00dffestem, wasserdichtem Gewebe, starken Rei\u00dfverschl\u00fcssen und leicht zu reinigendem, leicht farbigem Innenfutter, die f\u00fcr lange Lebensdauer ausgelegt sind. Verst\u00e4rkte, gepolsterte Schultergurte und die gepolsterte R\u00fcckenlehne sorgen daf\u00fcr, dass die Last gleichm\u00e4\u00dfig auf Schultern und R\u00fccken verteilt wird und somit lange Zeit getragen wird<br \/>\nPraktisch &amp; durchdacht &#8211; Gepolsterte Schultergurte, ein leicht zu greifender Obergriff und praktische eingebaute Buggy-Clips erm\u00f6glichen es ihnen, diese Wickeltasche als Rucksack, Handtasche oder zur Befestigung am Kinderwagen zu tragen. Die geschlechtsneutrale Rucksacktasche, die nicht wie eine &#8220;Mama-Tasche&#8221; aussieht, wird sp\u00e4ter im Leben ein tolles Handgep\u00e4ckst\u00fcck sein<br \/>\nKUNDENSERVICE \u2013 Die BabbleRoo Wickeltasche kommt mit 24\/7 E-Mail Kundenservice, ein au\u00dfergew\u00f6hnliches Kundenerlebnis mit 180 Tagen Garantie. Kontaktieren Sie uns, wenn sie Probleme haben oder Hilfe ben\u00f6tigen<br \/>\n<div class=\"main-cross-sell\" data-asin=\"B088PLF4QX\">\n\n\t<div class=\"WooZone-cross-sell-loader\">\n\t\t<div>\n\t\t\t<div id=\"floatingBarsG\">\n\t\t\t\t<div class=\"blockG\" id=\"rotateG_01\"><\/div>\n\t\t\t\t<div class=\"blockG\" id=\"rotateG_02\"><\/div>\n\t\t\t\t<div class=\"blockG\" id=\"rotateG_03\"><\/div>\n\t\t\t\t<div class=\"blockG\" id=\"rotateG_04\"><\/div>\n\t\t\t\t<div class=\"blockG\" id=\"rotateG_05\"><\/div>\n\t\t\t\t<div class=\"blockG\" id=\"rotateG_06\"><\/div>\n\t\t\t\t<div class=\"blockG\" id=\"rotateG_07\"><\/div>\n\t\t\t\t<div class=\"blockG\" id=\"rotateG_08\"><\/div>\n\t\t\t<\/div>\n\t\t\t<div class=\"WooZone-cross-sell-loader-text\"><\/div>\n\t\t<\/div>\n\t<\/div>\n\n\t\t\n<\/div>\n<div style=\"clear:both;\"><\/div><\/p>\n","protected":false},"excerpt":{"rendered":"<p>Was du bekommst &#8211; Ein ger\u00e4umiger, umbaubarer Rucksack (Gr\u00f6\u00dfe: 42 x 21 x 31 cm, 26L), ein leicht abwischbares, faltbares Wickelpolster (Gr\u00f6\u00dfe: 59 x 37 cm), integrierte Kinderwagengurte und eine abnehmbare Schnullertasche. Die Wickeltasche wird mit allem geliefert, was sie unterwegs ben\u00f6tigen, um alles f\u00fcr das Baby und auch etwas f\u00fcr sie zu verstauen<br \/>\nViel Stauraum &#8211; Gut organisierte Struktur, mit allen Arten von n\u00fctzlichen Taschen, Funktionen und Extras. Die BabbleRoo Babytasche beinhaltet 2 Hauptf\u00e4cher, 5 isolierte Taschen (passend f\u00fcr alle Babyflaschen), eine Wischtasche, eine Schl\u00fcsseltasche und eine spezielle Multifunktionstasche mit Wickelpolster f\u00fcr Tablets und Laptops bis zu 15,6&#8243;. Mehrere Taschen mit leicht gleitenden Rei\u00dfverschl\u00fcssen machen diesen Windelrucksack mit einer Hand leicht zug\u00e4nglich<br \/>\nLanglebig und komfortabel &#8211; Unsere handlichen Rucksack-Wickeltaschen bestehen aus rei\u00dffestem, wasserdichtem Gewebe, starken Rei\u00dfverschl\u00fcssen und leicht zu reinigendem, leicht farbigem Innenfutter, die f\u00fcr lange Lebensdauer ausgelegt sind. Verst\u00e4rkte, gepolsterte Schultergurte und die gepolsterte R\u00fcckenlehne sorgen daf\u00fcr, dass die Last gleichm\u00e4\u00dfig auf Schultern und R\u00fccken verteilt wird und somit lange Zeit getragen wird<\/p>\n","protected":false},"featured_media":90698,"comment_status":"open","ping_status":"closed","template":"","meta":[],"product_brand":[],"product_cat":[566,5406],"product_tag":[],"class_list":{"0":"post-90697","1":"product","2":"type-product","3":"status-publish","4":"has-post-thumbnail","6":"product_cat-drogerie-koerperpflege","7":"product_cat-kinder-babypflege","8":"pa_brand-babbleroo","9":"pa_manufacturer-babbleroo","10":"pa_weight-2-094391489-pfund","12":"first","13":"instock","14":"shipping-taxable","15":"purchasable","16":"product-type-simple","17":"customify-col","18":"product-has-gallery"},"yoast_head":"<!-- This site is optimized with the Yoast SEO plugin v27.4 - https:\/\/yoast.com\/product\/yoast-seo-wordpress\/ -->\n<title>BabbleRoo Baby Wickeltasche\/Rucksack, Wickelrucksack l\u00e4ssige Wickeltaschen, Multifunktional Gro\u00dfe Kapazit\u00e4t Babytasche\u2026 - Markt-XXL<\/title>\n<meta name=\"description\" content=\"Markt-XXL BabbleRoo Baby Wickeltasche\/Rucksack, Wickelrucksack l\u00e4ssige Wickeltaschen, Multifunktional Gro\u00dfe Kapazit\u00e4t Babytasche\u2026\" \/>\n<meta name=\"robots\" content=\"index, follow, max-snippet:-1, max-image-preview:large, max-video-preview:-1\" \/>\n<link rel=\"canonical\" href=\"https:\/\/marktxxl.de\/markt\/produkt\/babbleroo-baby-wickeltasche-rucksack-wickelrucksack-laessige-wickeltaschen-multifunktional-grosse-kapazitaet-babytasche-reiserucksack-mit-wickelauflage-schnullerhalter\/\" \/>\n<meta property=\"og:locale\" content=\"de_DE\" \/>\n<meta property=\"og:type\" content=\"article\" \/>\n<meta property=\"og:title\" content=\"BabbleRoo Baby Wickeltasche\/Rucksack, Wickelrucksack l\u00e4ssige Wickeltaschen, Multifunktional Gro\u00dfe Kapazit\u00e4t Babytasche\u2026 - Markt-XXL\" \/>\n<meta property=\"og:description\" content=\"Markt-XXL BabbleRoo Baby Wickeltasche\/Rucksack, Wickelrucksack l\u00e4ssige Wickeltaschen, Multifunktional Gro\u00dfe Kapazit\u00e4t Babytasche\u2026\" \/>\n<meta property=\"og:url\" content=\"https:\/\/marktxxl.de\/markt\/produkt\/babbleroo-baby-wickeltasche-rucksack-wickelrucksack-laessige-wickeltaschen-multifunktional-grosse-kapazitaet-babytasche-reiserucksack-mit-wickelauflage-schnullerhalter\/\" \/>\n<meta property=\"og:site_name\" content=\"Markt-XXL\" \/>\n<meta property=\"article:modified_time\" content=\"2023-04-07T00:25:12+00:00\" \/>\n<meta property=\"og:image\" content=\"https:\/\/m.media-amazon.com\/images\/I\/51NC-IiLfWL._SL500_.jpg\" \/>\n\t<meta property=\"og:image:width\" content=\"500\" \/>\n\t<meta property=\"og:image:height\" content=\"500\" \/>\n\t<meta property=\"og:image:type\" content=\"image\/jpeg\" \/>\n<meta name=\"twitter:card\" content=\"summary_large_image\" \/>\n<meta name=\"twitter:label1\" content=\"Gesch\u00e4tzte Lesezeit\" \/>\n\t<meta name=\"twitter:data1\" content=\"1\u00a0Minute\" \/>\n<script type=\"application\/ld+json\" class=\"yoast-schema-graph\">{\"@context\":\"https:\\\/\\\/schema.org\",\"@graph\":[{\"@type\":\"WebPage\",\"@id\":\"https:\\\/\\\/marktxxl.de\\\/markt\\\/produkt\\\/babbleroo-baby-wickeltasche-rucksack-wickelrucksack-laessige-wickeltaschen-multifunktional-grosse-kapazitaet-babytasche-reiserucksack-mit-wickelauflage-schnullerhalter\\\/\",\"url\":\"https:\\\/\\\/marktxxl.de\\\/markt\\\/produkt\\\/babbleroo-baby-wickeltasche-rucksack-wickelrucksack-laessige-wickeltaschen-multifunktional-grosse-kapazitaet-babytasche-reiserucksack-mit-wickelauflage-schnullerhalter\\\/\",\"name\":\"BabbleRoo Baby Wickeltasche\\\/Rucksack, Wickelrucksack l\u00e4ssige Wickeltaschen, Multifunktional Gro\u00dfe Kapazit\u00e4t Babytasche\u2026 - Markt-XXL\",\"isPartOf\":{\"@id\":\"https:\\\/\\\/marktxxl.de\\\/markt\\\/#website\"},\"primaryImageOfPage\":{\"@id\":\"https:\\\/\\\/marktxxl.de\\\/markt\\\/produkt\\\/babbleroo-baby-wickeltasche-rucksack-wickelrucksack-laessige-wickeltaschen-multifunktional-grosse-kapazitaet-babytasche-reiserucksack-mit-wickelauflage-schnullerhalter\\\/#primaryimage\"},\"image\":{\"@id\":\"https:\\\/\\\/marktxxl.de\\\/markt\\\/produkt\\\/babbleroo-baby-wickeltasche-rucksack-wickelrucksack-laessige-wickeltaschen-multifunktional-grosse-kapazitaet-babytasche-reiserucksack-mit-wickelauflage-schnullerhalter\\\/#primaryimage\"},\"thumbnailUrl\":\"https:\\\/\\\/m.media-amazon.com\\\/images\\\/I\\\/51NC-IiLfWL._SL500_.jpg\",\"datePublished\":\"2021-12-28T18:39:26+00:00\",\"dateModified\":\"2023-04-07T00:25:12+00:00\",\"description\":\"Markt-XXL BabbleRoo Baby Wickeltasche\\\/Rucksack, Wickelrucksack l\u00e4ssige Wickeltaschen, Multifunktional Gro\u00dfe Kapazit\u00e4t Babytasche\u2026\",\"breadcrumb\":{\"@id\":\"https:\\\/\\\/marktxxl.de\\\/markt\\\/produkt\\\/babbleroo-baby-wickeltasche-rucksack-wickelrucksack-laessige-wickeltaschen-multifunktional-grosse-kapazitaet-babytasche-reiserucksack-mit-wickelauflage-schnullerhalter\\\/#breadcrumb\"},\"inLanguage\":\"de\",\"potentialAction\":[{\"@type\":\"ReadAction\",\"target\":[\"https:\\\/\\\/marktxxl.de\\\/markt\\\/produkt\\\/babbleroo-baby-wickeltasche-rucksack-wickelrucksack-laessige-wickeltaschen-multifunktional-grosse-kapazitaet-babytasche-reiserucksack-mit-wickelauflage-schnullerhalter\\\/\"]}]},{\"@type\":\"ImageObject\",\"inLanguage\":\"de\",\"@id\":\"https:\\\/\\\/marktxxl.de\\\/markt\\\/produkt\\\/babbleroo-baby-wickeltasche-rucksack-wickelrucksack-laessige-wickeltaschen-multifunktional-grosse-kapazitaet-babytasche-reiserucksack-mit-wickelauflage-schnullerhalter\\\/#primaryimage\",\"url\":\"https:\\\/\\\/m.media-amazon.com\\\/images\\\/I\\\/51NC-IiLfWL._SL500_.jpg\",\"contentUrl\":\"https:\\\/\\\/m.media-amazon.com\\\/images\\\/I\\\/51NC-IiLfWL._SL500_.jpg\",\"width\":500,\"height\":500},{\"@type\":\"BreadcrumbList\",\"@id\":\"https:\\\/\\\/marktxxl.de\\\/markt\\\/produkt\\\/babbleroo-baby-wickeltasche-rucksack-wickelrucksack-laessige-wickeltaschen-multifunktional-grosse-kapazitaet-babytasche-reiserucksack-mit-wickelauflage-schnullerhalter\\\/#breadcrumb\",\"itemListElement\":[{\"@type\":\"ListItem\",\"position\":1,\"name\":\"Startseite\",\"item\":\"https:\\\/\\\/marktxxl.de\\\/markt\\\/\"},{\"@type\":\"ListItem\",\"position\":2,\"name\":\"Markt\",\"item\":\"https:\\\/\\\/marktxxl.de\\\/markt\\\/\"},{\"@type\":\"ListItem\",\"position\":3,\"name\":\"BabbleRoo Baby Wickeltasche\\\/Rucksack, Wickelrucksack l\u00e4ssige Wickeltaschen, Multifunktional Gro\u00dfe Kapazit\u00e4t Babytasche\u2026\"}]},{\"@type\":\"WebSite\",\"@id\":\"https:\\\/\\\/marktxxl.de\\\/markt\\\/#website\",\"url\":\"https:\\\/\\\/marktxxl.de\\\/markt\\\/\",\"name\":\"Markt-XXL\",\"description\":\"Ihr Markt Online\",\"publisher\":{\"@id\":\"https:\\\/\\\/marktxxl.de\\\/markt\\\/#organization\"},\"potentialAction\":[{\"@type\":\"SearchAction\",\"target\":{\"@type\":\"EntryPoint\",\"urlTemplate\":\"https:\\\/\\\/marktxxl.de\\\/markt\\\/?s={search_term_string}\"},\"query-input\":{\"@type\":\"PropertyValueSpecification\",\"valueRequired\":true,\"valueName\":\"search_term_string\"}}],\"inLanguage\":\"de\"},{\"@type\":\"Organization\",\"@id\":\"https:\\\/\\\/marktxxl.de\\\/markt\\\/#organization\",\"name\":\"Markt-XXL\",\"url\":\"https:\\\/\\\/marktxxl.de\\\/markt\\\/\",\"logo\":{\"@type\":\"ImageObject\",\"inLanguage\":\"de\",\"@id\":\"https:\\\/\\\/marktxxl.de\\\/markt\\\/#\\\/schema\\\/logo\\\/image\\\/\",\"url\":\"https:\\\/\\\/marktxxl.de\\\/markt\\\/wp-content\\\/uploads\\\/sites\\\/3\\\/2020\\\/12\\\/logo.png\",\"contentUrl\":\"https:\\\/\\\/marktxxl.de\\\/markt\\\/wp-content\\\/uploads\\\/sites\\\/3\\\/2020\\\/12\\\/logo.png\",\"width\":200,\"height\":70,\"caption\":\"Markt-XXL\"},\"image\":{\"@id\":\"https:\\\/\\\/marktxxl.de\\\/markt\\\/#\\\/schema\\\/logo\\\/image\\\/\"}}]}<\/script>\n<!-- \/ Yoast SEO plugin. -->","yoast_head_json":{"title":"BabbleRoo Baby Wickeltasche\/Rucksack, Wickelrucksack l\u00e4ssige Wickeltaschen, Multifunktional Gro\u00dfe Kapazit\u00e4t Babytasche\u2026 - Markt-XXL","description":"Markt-XXL BabbleRoo Baby Wickeltasche\/Rucksack, Wickelrucksack l\u00e4ssige Wickeltaschen, Multifunktional Gro\u00dfe Kapazit\u00e4t Babytasche\u2026","robots":{"index":"index","follow":"follow","max-snippet":"max-snippet:-1","max-image-preview":"max-image-preview:large","max-video-preview":"max-video-preview:-1"},"canonical":"https:\/\/marktxxl.de\/markt\/produkt\/babbleroo-baby-wickeltasche-rucksack-wickelrucksack-laessige-wickeltaschen-multifunktional-grosse-kapazitaet-babytasche-reiserucksack-mit-wickelauflage-schnullerhalter\/","og_locale":"de_DE","og_type":"article","og_title":"BabbleRoo Baby Wickeltasche\/Rucksack, Wickelrucksack l\u00e4ssige Wickeltaschen, Multifunktional Gro\u00dfe Kapazit\u00e4t Babytasche\u2026 - Markt-XXL","og_description":"Markt-XXL BabbleRoo Baby Wickeltasche\/Rucksack, Wickelrucksack l\u00e4ssige Wickeltaschen, Multifunktional Gro\u00dfe Kapazit\u00e4t Babytasche\u2026","og_url":"https:\/\/marktxxl.de\/markt\/produkt\/babbleroo-baby-wickeltasche-rucksack-wickelrucksack-laessige-wickeltaschen-multifunktional-grosse-kapazitaet-babytasche-reiserucksack-mit-wickelauflage-schnullerhalter\/","og_site_name":"Markt-XXL","article_modified_time":"2023-04-07T00:25:12+00:00","og_image":[{"width":500,"height":500,"url":"https:\/\/m.media-amazon.com\/images\/I\/51NC-IiLfWL._SL500_.jpg","type":"image\/jpeg"}],"twitter_card":"summary_large_image","twitter_misc":{"Gesch\u00e4tzte Lesezeit":"1\u00a0Minute"},"schema":{"@context":"https:\/\/schema.org","@graph":[{"@type":"WebPage","@id":"https:\/\/marktxxl.de\/markt\/produkt\/babbleroo-baby-wickeltasche-rucksack-wickelrucksack-laessige-wickeltaschen-multifunktional-grosse-kapazitaet-babytasche-reiserucksack-mit-wickelauflage-schnullerhalter\/","url":"https:\/\/marktxxl.de\/markt\/produkt\/babbleroo-baby-wickeltasche-rucksack-wickelrucksack-laessige-wickeltaschen-multifunktional-grosse-kapazitaet-babytasche-reiserucksack-mit-wickelauflage-schnullerhalter\/","name":"BabbleRoo Baby Wickeltasche\/Rucksack, Wickelrucksack l\u00e4ssige Wickeltaschen, Multifunktional Gro\u00dfe Kapazit\u00e4t Babytasche\u2026 - Markt-XXL","isPartOf":{"@id":"https:\/\/marktxxl.de\/markt\/#website"},"primaryImageOfPage":{"@id":"https:\/\/marktxxl.de\/markt\/produkt\/babbleroo-baby-wickeltasche-rucksack-wickelrucksack-laessige-wickeltaschen-multifunktional-grosse-kapazitaet-babytasche-reiserucksack-mit-wickelauflage-schnullerhalter\/#primaryimage"},"image":{"@id":"https:\/\/marktxxl.de\/markt\/produkt\/babbleroo-baby-wickeltasche-rucksack-wickelrucksack-laessige-wickeltaschen-multifunktional-grosse-kapazitaet-babytasche-reiserucksack-mit-wickelauflage-schnullerhalter\/#primaryimage"},"thumbnailUrl":"https:\/\/m.media-amazon.com\/images\/I\/51NC-IiLfWL._SL500_.jpg","datePublished":"2021-12-28T18:39:26+00:00","dateModified":"2023-04-07T00:25:12+00:00","description":"Markt-XXL BabbleRoo Baby Wickeltasche\/Rucksack, Wickelrucksack l\u00e4ssige Wickeltaschen, Multifunktional Gro\u00dfe Kapazit\u00e4t Babytasche\u2026","breadcrumb":{"@id":"https:\/\/marktxxl.de\/markt\/produkt\/babbleroo-baby-wickeltasche-rucksack-wickelrucksack-laessige-wickeltaschen-multifunktional-grosse-kapazitaet-babytasche-reiserucksack-mit-wickelauflage-schnullerhalter\/#breadcrumb"},"inLanguage":"de","potentialAction":[{"@type":"ReadAction","target":["https:\/\/marktxxl.de\/markt\/produkt\/babbleroo-baby-wickeltasche-rucksack-wickelrucksack-laessige-wickeltaschen-multifunktional-grosse-kapazitaet-babytasche-reiserucksack-mit-wickelauflage-schnullerhalter\/"]}]},{"@type":"ImageObject","inLanguage":"de","@id":"https:\/\/marktxxl.de\/markt\/produkt\/babbleroo-baby-wickeltasche-rucksack-wickelrucksack-laessige-wickeltaschen-multifunktional-grosse-kapazitaet-babytasche-reiserucksack-mit-wickelauflage-schnullerhalter\/#primaryimage","url":"https:\/\/m.media-amazon.com\/images\/I\/51NC-IiLfWL._SL500_.jpg","contentUrl":"https:\/\/m.media-amazon.com\/images\/I\/51NC-IiLfWL._SL500_.jpg","width":500,"height":500},{"@type":"BreadcrumbList","@id":"https:\/\/marktxxl.de\/markt\/produkt\/babbleroo-baby-wickeltasche-rucksack-wickelrucksack-laessige-wickeltaschen-multifunktional-grosse-kapazitaet-babytasche-reiserucksack-mit-wickelauflage-schnullerhalter\/#breadcrumb","itemListElement":[{"@type":"ListItem","position":1,"name":"Startseite","item":"https:\/\/marktxxl.de\/markt\/"},{"@type":"ListItem","position":2,"name":"Markt","item":"https:\/\/marktxxl.de\/markt\/"},{"@type":"ListItem","position":3,"name":"BabbleRoo Baby Wickeltasche\/Rucksack, Wickelrucksack l\u00e4ssige Wickeltaschen, Multifunktional Gro\u00dfe Kapazit\u00e4t Babytasche\u2026"}]},{"@type":"WebSite","@id":"https:\/\/marktxxl.de\/markt\/#website","url":"https:\/\/marktxxl.de\/markt\/","name":"Markt-XXL","description":"Ihr Markt Online","publisher":{"@id":"https:\/\/marktxxl.de\/markt\/#organization"},"potentialAction":[{"@type":"SearchAction","target":{"@type":"EntryPoint","urlTemplate":"https:\/\/marktxxl.de\/markt\/?s={search_term_string}"},"query-input":{"@type":"PropertyValueSpecification","valueRequired":true,"valueName":"search_term_string"}}],"inLanguage":"de"},{"@type":"Organization","@id":"https:\/\/marktxxl.de\/markt\/#organization","name":"Markt-XXL","url":"https:\/\/marktxxl.de\/markt\/","logo":{"@type":"ImageObject","inLanguage":"de","@id":"https:\/\/marktxxl.de\/markt\/#\/schema\/logo\/image\/","url":"https:\/\/marktxxl.de\/markt\/wp-content\/uploads\/sites\/3\/2020\/12\/logo.png","contentUrl":"https:\/\/marktxxl.de\/markt\/wp-content\/uploads\/sites\/3\/2020\/12\/logo.png","width":200,"height":70,"caption":"Markt-XXL"},"image":{"@id":"https:\/\/marktxxl.de\/markt\/#\/schema\/logo\/image\/"}}]}},"_links":{"self":[{"href":"https:\/\/marktxxl.de\/markt\/wp-json\/wp\/v2\/product\/90697","targetHints":{"allow":["GET"]}}],"collection":[{"href":"https:\/\/marktxxl.de\/markt\/wp-json\/wp\/v2\/product"}],"about":[{"href":"https:\/\/marktxxl.de\/markt\/wp-json\/wp\/v2\/types\/product"}],"replies":[{"embeddable":true,"href":"https:\/\/marktxxl.de\/markt\/wp-json\/wp\/v2\/comments?post=90697"}],"wp:featuredmedia":[{"embeddable":true,"href":"https:\/\/marktxxl.de\/markt\/wp-json\/wp\/v2\/media\/90698"}],"wp:attachment":[{"href":"https:\/\/marktxxl.de\/markt\/wp-json\/wp\/v2\/media?parent=90697"}],"wp:term":[{"taxonomy":"product_brand","embeddable":true,"href":"https:\/\/marktxxl.de\/markt\/wp-json\/wp\/v2\/product_brand?post=90697"},{"taxonomy":"product_cat","embeddable":true,"href":"https:\/\/marktxxl.de\/markt\/wp-json\/wp\/v2\/product_cat?post=90697"},{"taxonomy":"product_tag","embeddable":true,"href":"https:\/\/marktxxl.de\/markt\/wp-json\/wp\/v2\/product_tag?post=90697"}],"curies":[{"name":"wp","href":"https:\/\/api.w.org\/{rel}","templated":true}]}}