{"id":90610,"date":"2021-12-28T19:36:20","date_gmt":"2021-12-28T18:36:20","guid":{"rendered":"https:\/\/marktxxl.de\/markt\/produkt\/laessig-kinder-wanderrucksack-kinderrucksack-ausflug-ab-5-jahre-outdoor-backpack-big-adventure\/"},"modified":"2023-04-07T02:24:50","modified_gmt":"2023-04-07T00:24:50","slug":"laessig-kinder-wanderrucksack-kinderrucksack-ausflug-ab-5-jahre-outdoor-backpack-big-adventure","status":"publish","type":"product","link":"https:\/\/marktxxl.de\/markt\/produkt\/laessig-kinder-wanderrucksack-kinderrucksack-ausflug-ab-5-jahre-outdoor-backpack-big-adventure\/","title":{"rendered":"L\u00c4SSIG Kinder Wanderrucksack Kinderrucksack Ausflug ab 5 Jahre \/Outdoor Backpack Big Adventure Blau, 14 L"},"content":{"rendered":"<p>TOLLE EXTRAS: einen integrierten Regenschutz mit Befestigung, eine thermoisolierte Sitzunterlage sowie Elastikschlaufen und verstellbare Schlaufen au\u00dfen f\u00fcr Jacke oder Outdoor-Equipment. Dar\u00fcber hinaus verf\u00fcgt der Kinderrucksack \u00fcber ein Namensschild, Karabiner und Reflektoren<br \/>\nKOMFORTABEL: F\u00fcr einen guten und komfortablen Sitz des Kinderrucksacks mit 14 Litern Fassungsverm\u00f6gen sorgt der Brustgurt, das gepolsterte R\u00fcckenteil sowie die h\u00f6henverstellbaren und gepolsterten Schultergurte. Gleichzeitig ist der Rucksack besonders leicht und robust<br \/>\nGUTE AUFTEILUNG: Mit dem gro\u00dfen Hauptfach und der \u00fcbersichtlichen Innenaufteilung im Rucksack ist es kinderleicht Ordnung zu schaffen<br \/>\nREGENSCHUTZ: Im Deckel befindet sich ein Fach f\u00fcr den integrierten Regenschutz, sodass auch einem Ausflug bei Regen nichts im Weg steht<br \/>\nNACHHALTIG: Das verwendete Au\u00dfenmaterial des Rucksacks ist besonders robust und besteht aus 100 % recyceltem Polyester (\u201aRepreve\u2018-Material)<br \/>\nab 5 Jahre<br \/>\n<div class=\"main-cross-sell\" data-asin=\"B08B938TCP\">\n\n\t<div class=\"WooZone-cross-sell-loader\">\n\t\t<div>\n\t\t\t<div id=\"floatingBarsG\">\n\t\t\t\t<div class=\"blockG\" id=\"rotateG_01\"><\/div>\n\t\t\t\t<div class=\"blockG\" id=\"rotateG_02\"><\/div>\n\t\t\t\t<div class=\"blockG\" id=\"rotateG_03\"><\/div>\n\t\t\t\t<div class=\"blockG\" id=\"rotateG_04\"><\/div>\n\t\t\t\t<div class=\"blockG\" id=\"rotateG_05\"><\/div>\n\t\t\t\t<div class=\"blockG\" id=\"rotateG_06\"><\/div>\n\t\t\t\t<div class=\"blockG\" id=\"rotateG_07\"><\/div>\n\t\t\t\t<div class=\"blockG\" id=\"rotateG_08\"><\/div>\n\t\t\t<\/div>\n\t\t\t<div class=\"WooZone-cross-sell-loader-text\"><\/div>\n\t\t<\/div>\n\t<\/div>\n\n\t\t\n<\/div>\n<div style=\"clear:both;\"><\/div><\/p>\n","protected":false},"excerpt":{"rendered":"<p>TOLLE EXTRAS: einen integrierten Regenschutz mit Befestigung, eine thermoisolierte Sitzunterlage sowie Elastikschlaufen und verstellbare Schlaufen au\u00dfen f\u00fcr Jacke oder Outdoor-Equipment. Dar\u00fcber hinaus verf\u00fcgt der Kinderrucksack \u00fcber ein Namensschild, Karabiner und Reflektoren<br \/>\nKOMFORTABEL: F\u00fcr einen guten und komfortablen Sitz des Kinderrucksacks mit 14 Litern Fassungsverm\u00f6gen sorgt der Brustgurt, das gepolsterte R\u00fcckenteil sowie die h\u00f6henverstellbaren und gepolsterten Schultergurte. Gleichzeitig ist der Rucksack besonders leicht und robust<br \/>\nGUTE AUFTEILUNG: Mit dem gro\u00dfen Hauptfach und der \u00fcbersichtlichen Innenaufteilung im Rucksack ist es kinderleicht Ordnung zu schaffen<\/p>\n","protected":false},"featured_media":90611,"comment_status":"open","ping_status":"closed","template":"","meta":[],"product_brand":[],"product_cat":[504,8631],"product_tag":[],"class_list":{"0":"post-90610","1":"product","2":"type-product","3":"status-publish","4":"has-post-thumbnail","6":"product_cat-buerobedarf-schreibwaren","7":"product_cat-schul-unibedarf","8":"pa_binding-luggage","9":"pa_brand-laessig","10":"pa_model-28838","12":"first","13":"instock","14":"shipping-taxable","15":"purchasable","16":"product-type-simple","17":"customify-col","18":"product-has-gallery"},"yoast_head":"<!-- This site is optimized with the Yoast SEO plugin v27.3 - https:\/\/yoast.com\/product\/yoast-seo-wordpress\/ -->\n<title>L\u00c4SSIG Kinder Wanderrucksack Kinderrucksack Ausflug ab 5 Jahre \/Outdoor Backpack Big Adventure Blau, 14 L - Markt-XXL<\/title>\n<meta name=\"description\" content=\"Markt-XXL L\u00c4SSIG Kinder Wanderrucksack Kinderrucksack Ausflug ab 5 Jahre \/Outdoor Backpack Big Adventure Blau, 14 L\" \/>\n<meta name=\"robots\" content=\"index, follow, max-snippet:-1, max-image-preview:large, max-video-preview:-1\" \/>\n<link rel=\"canonical\" href=\"https:\/\/marktxxl.de\/markt\/produkt\/laessig-kinder-wanderrucksack-kinderrucksack-ausflug-ab-5-jahre-outdoor-backpack-big-adventure\/\" \/>\n<meta property=\"og:locale\" content=\"de_DE\" \/>\n<meta property=\"og:type\" content=\"article\" \/>\n<meta property=\"og:title\" content=\"L\u00c4SSIG Kinder Wanderrucksack Kinderrucksack Ausflug ab 5 Jahre \/Outdoor Backpack Big Adventure Blau, 14 L - Markt-XXL\" \/>\n<meta property=\"og:description\" content=\"Markt-XXL L\u00c4SSIG Kinder Wanderrucksack Kinderrucksack Ausflug ab 5 Jahre \/Outdoor Backpack Big Adventure Blau, 14 L\" \/>\n<meta property=\"og:url\" content=\"https:\/\/marktxxl.de\/markt\/produkt\/laessig-kinder-wanderrucksack-kinderrucksack-ausflug-ab-5-jahre-outdoor-backpack-big-adventure\/\" \/>\n<meta property=\"og:site_name\" content=\"Markt-XXL\" \/>\n<meta property=\"article:modified_time\" content=\"2023-04-07T00:24:50+00:00\" \/>\n<meta property=\"og:image\" content=\"https:\/\/m.media-amazon.com\/images\/I\/41zvJkTj1dL._SL500_.jpg\" \/>\n\t<meta property=\"og:image:width\" content=\"500\" \/>\n\t<meta property=\"og:image:height\" content=\"500\" \/>\n\t<meta property=\"og:image:type\" content=\"image\/jpeg\" \/>\n<meta name=\"twitter:card\" content=\"summary_large_image\" \/>\n<meta name=\"twitter:label1\" content=\"Gesch\u00e4tzte Lesezeit\" \/>\n\t<meta name=\"twitter:data1\" content=\"1\u00a0Minute\" \/>\n<script type=\"application\/ld+json\" class=\"yoast-schema-graph\">{\"@context\":\"https:\\\/\\\/schema.org\",\"@graph\":[{\"@type\":\"WebPage\",\"@id\":\"https:\\\/\\\/marktxxl.de\\\/markt\\\/produkt\\\/laessig-kinder-wanderrucksack-kinderrucksack-ausflug-ab-5-jahre-outdoor-backpack-big-adventure\\\/\",\"url\":\"https:\\\/\\\/marktxxl.de\\\/markt\\\/produkt\\\/laessig-kinder-wanderrucksack-kinderrucksack-ausflug-ab-5-jahre-outdoor-backpack-big-adventure\\\/\",\"name\":\"L\u00c4SSIG Kinder Wanderrucksack Kinderrucksack Ausflug ab 5 Jahre \\\/Outdoor Backpack Big Adventure Blau, 14 L - Markt-XXL\",\"isPartOf\":{\"@id\":\"https:\\\/\\\/marktxxl.de\\\/markt\\\/#website\"},\"primaryImageOfPage\":{\"@id\":\"https:\\\/\\\/marktxxl.de\\\/markt\\\/produkt\\\/laessig-kinder-wanderrucksack-kinderrucksack-ausflug-ab-5-jahre-outdoor-backpack-big-adventure\\\/#primaryimage\"},\"image\":{\"@id\":\"https:\\\/\\\/marktxxl.de\\\/markt\\\/produkt\\\/laessig-kinder-wanderrucksack-kinderrucksack-ausflug-ab-5-jahre-outdoor-backpack-big-adventure\\\/#primaryimage\"},\"thumbnailUrl\":\"https:\\\/\\\/m.media-amazon.com\\\/images\\\/I\\\/41zvJkTj1dL._SL500_.jpg\",\"datePublished\":\"2021-12-28T18:36:20+00:00\",\"dateModified\":\"2023-04-07T00:24:50+00:00\",\"description\":\"Markt-XXL L\u00c4SSIG Kinder Wanderrucksack Kinderrucksack Ausflug ab 5 Jahre \\\/Outdoor Backpack Big Adventure Blau, 14 L\",\"breadcrumb\":{\"@id\":\"https:\\\/\\\/marktxxl.de\\\/markt\\\/produkt\\\/laessig-kinder-wanderrucksack-kinderrucksack-ausflug-ab-5-jahre-outdoor-backpack-big-adventure\\\/#breadcrumb\"},\"inLanguage\":\"de\",\"potentialAction\":[{\"@type\":\"ReadAction\",\"target\":[\"https:\\\/\\\/marktxxl.de\\\/markt\\\/produkt\\\/laessig-kinder-wanderrucksack-kinderrucksack-ausflug-ab-5-jahre-outdoor-backpack-big-adventure\\\/\"]}]},{\"@type\":\"ImageObject\",\"inLanguage\":\"de\",\"@id\":\"https:\\\/\\\/marktxxl.de\\\/markt\\\/produkt\\\/laessig-kinder-wanderrucksack-kinderrucksack-ausflug-ab-5-jahre-outdoor-backpack-big-adventure\\\/#primaryimage\",\"url\":\"https:\\\/\\\/m.media-amazon.com\\\/images\\\/I\\\/41zvJkTj1dL._SL500_.jpg\",\"contentUrl\":\"https:\\\/\\\/m.media-amazon.com\\\/images\\\/I\\\/41zvJkTj1dL._SL500_.jpg\",\"width\":500,\"height\":500},{\"@type\":\"BreadcrumbList\",\"@id\":\"https:\\\/\\\/marktxxl.de\\\/markt\\\/produkt\\\/laessig-kinder-wanderrucksack-kinderrucksack-ausflug-ab-5-jahre-outdoor-backpack-big-adventure\\\/#breadcrumb\",\"itemListElement\":[{\"@type\":\"ListItem\",\"position\":1,\"name\":\"Startseite\",\"item\":\"https:\\\/\\\/marktxxl.de\\\/markt\\\/\"},{\"@type\":\"ListItem\",\"position\":2,\"name\":\"Markt\",\"item\":\"https:\\\/\\\/marktxxl.de\\\/markt\\\/\"},{\"@type\":\"ListItem\",\"position\":3,\"name\":\"L\u00c4SSIG Kinder Wanderrucksack Kinderrucksack Ausflug ab 5 Jahre \\\/Outdoor Backpack Big Adventure Blau, 14 L\"}]},{\"@type\":\"WebSite\",\"@id\":\"https:\\\/\\\/marktxxl.de\\\/markt\\\/#website\",\"url\":\"https:\\\/\\\/marktxxl.de\\\/markt\\\/\",\"name\":\"Markt-XXL\",\"description\":\"Ihr Markt Online\",\"publisher\":{\"@id\":\"https:\\\/\\\/marktxxl.de\\\/markt\\\/#organization\"},\"potentialAction\":[{\"@type\":\"SearchAction\",\"target\":{\"@type\":\"EntryPoint\",\"urlTemplate\":\"https:\\\/\\\/marktxxl.de\\\/markt\\\/?s={search_term_string}\"},\"query-input\":{\"@type\":\"PropertyValueSpecification\",\"valueRequired\":true,\"valueName\":\"search_term_string\"}}],\"inLanguage\":\"de\"},{\"@type\":\"Organization\",\"@id\":\"https:\\\/\\\/marktxxl.de\\\/markt\\\/#organization\",\"name\":\"Markt-XXL\",\"url\":\"https:\\\/\\\/marktxxl.de\\\/markt\\\/\",\"logo\":{\"@type\":\"ImageObject\",\"inLanguage\":\"de\",\"@id\":\"https:\\\/\\\/marktxxl.de\\\/markt\\\/#\\\/schema\\\/logo\\\/image\\\/\",\"url\":\"https:\\\/\\\/marktxxl.de\\\/markt\\\/wp-content\\\/uploads\\\/sites\\\/3\\\/2020\\\/12\\\/logo.png\",\"contentUrl\":\"https:\\\/\\\/marktxxl.de\\\/markt\\\/wp-content\\\/uploads\\\/sites\\\/3\\\/2020\\\/12\\\/logo.png\",\"width\":200,\"height\":70,\"caption\":\"Markt-XXL\"},\"image\":{\"@id\":\"https:\\\/\\\/marktxxl.de\\\/markt\\\/#\\\/schema\\\/logo\\\/image\\\/\"}}]}<\/script>\n<!-- \/ Yoast SEO plugin. -->","yoast_head_json":{"title":"L\u00c4SSIG Kinder Wanderrucksack Kinderrucksack Ausflug ab 5 Jahre \/Outdoor Backpack Big Adventure Blau, 14 L - Markt-XXL","description":"Markt-XXL L\u00c4SSIG Kinder Wanderrucksack Kinderrucksack Ausflug ab 5 Jahre \/Outdoor Backpack Big Adventure Blau, 14 L","robots":{"index":"index","follow":"follow","max-snippet":"max-snippet:-1","max-image-preview":"max-image-preview:large","max-video-preview":"max-video-preview:-1"},"canonical":"https:\/\/marktxxl.de\/markt\/produkt\/laessig-kinder-wanderrucksack-kinderrucksack-ausflug-ab-5-jahre-outdoor-backpack-big-adventure\/","og_locale":"de_DE","og_type":"article","og_title":"L\u00c4SSIG Kinder Wanderrucksack Kinderrucksack Ausflug ab 5 Jahre \/Outdoor Backpack Big Adventure Blau, 14 L - Markt-XXL","og_description":"Markt-XXL L\u00c4SSIG Kinder Wanderrucksack Kinderrucksack Ausflug ab 5 Jahre \/Outdoor Backpack Big Adventure Blau, 14 L","og_url":"https:\/\/marktxxl.de\/markt\/produkt\/laessig-kinder-wanderrucksack-kinderrucksack-ausflug-ab-5-jahre-outdoor-backpack-big-adventure\/","og_site_name":"Markt-XXL","article_modified_time":"2023-04-07T00:24:50+00:00","og_image":[{"width":500,"height":500,"url":"https:\/\/m.media-amazon.com\/images\/I\/41zvJkTj1dL._SL500_.jpg","type":"image\/jpeg"}],"twitter_card":"summary_large_image","twitter_misc":{"Gesch\u00e4tzte Lesezeit":"1\u00a0Minute"},"schema":{"@context":"https:\/\/schema.org","@graph":[{"@type":"WebPage","@id":"https:\/\/marktxxl.de\/markt\/produkt\/laessig-kinder-wanderrucksack-kinderrucksack-ausflug-ab-5-jahre-outdoor-backpack-big-adventure\/","url":"https:\/\/marktxxl.de\/markt\/produkt\/laessig-kinder-wanderrucksack-kinderrucksack-ausflug-ab-5-jahre-outdoor-backpack-big-adventure\/","name":"L\u00c4SSIG Kinder Wanderrucksack Kinderrucksack Ausflug ab 5 Jahre \/Outdoor Backpack Big Adventure Blau, 14 L - Markt-XXL","isPartOf":{"@id":"https:\/\/marktxxl.de\/markt\/#website"},"primaryImageOfPage":{"@id":"https:\/\/marktxxl.de\/markt\/produkt\/laessig-kinder-wanderrucksack-kinderrucksack-ausflug-ab-5-jahre-outdoor-backpack-big-adventure\/#primaryimage"},"image":{"@id":"https:\/\/marktxxl.de\/markt\/produkt\/laessig-kinder-wanderrucksack-kinderrucksack-ausflug-ab-5-jahre-outdoor-backpack-big-adventure\/#primaryimage"},"thumbnailUrl":"https:\/\/m.media-amazon.com\/images\/I\/41zvJkTj1dL._SL500_.jpg","datePublished":"2021-12-28T18:36:20+00:00","dateModified":"2023-04-07T00:24:50+00:00","description":"Markt-XXL L\u00c4SSIG Kinder Wanderrucksack Kinderrucksack Ausflug ab 5 Jahre \/Outdoor Backpack Big Adventure Blau, 14 L","breadcrumb":{"@id":"https:\/\/marktxxl.de\/markt\/produkt\/laessig-kinder-wanderrucksack-kinderrucksack-ausflug-ab-5-jahre-outdoor-backpack-big-adventure\/#breadcrumb"},"inLanguage":"de","potentialAction":[{"@type":"ReadAction","target":["https:\/\/marktxxl.de\/markt\/produkt\/laessig-kinder-wanderrucksack-kinderrucksack-ausflug-ab-5-jahre-outdoor-backpack-big-adventure\/"]}]},{"@type":"ImageObject","inLanguage":"de","@id":"https:\/\/marktxxl.de\/markt\/produkt\/laessig-kinder-wanderrucksack-kinderrucksack-ausflug-ab-5-jahre-outdoor-backpack-big-adventure\/#primaryimage","url":"https:\/\/m.media-amazon.com\/images\/I\/41zvJkTj1dL._SL500_.jpg","contentUrl":"https:\/\/m.media-amazon.com\/images\/I\/41zvJkTj1dL._SL500_.jpg","width":500,"height":500},{"@type":"BreadcrumbList","@id":"https:\/\/marktxxl.de\/markt\/produkt\/laessig-kinder-wanderrucksack-kinderrucksack-ausflug-ab-5-jahre-outdoor-backpack-big-adventure\/#breadcrumb","itemListElement":[{"@type":"ListItem","position":1,"name":"Startseite","item":"https:\/\/marktxxl.de\/markt\/"},{"@type":"ListItem","position":2,"name":"Markt","item":"https:\/\/marktxxl.de\/markt\/"},{"@type":"ListItem","position":3,"name":"L\u00c4SSIG Kinder Wanderrucksack Kinderrucksack Ausflug ab 5 Jahre \/Outdoor Backpack Big Adventure Blau, 14 L"}]},{"@type":"WebSite","@id":"https:\/\/marktxxl.de\/markt\/#website","url":"https:\/\/marktxxl.de\/markt\/","name":"Markt-XXL","description":"Ihr Markt Online","publisher":{"@id":"https:\/\/marktxxl.de\/markt\/#organization"},"potentialAction":[{"@type":"SearchAction","target":{"@type":"EntryPoint","urlTemplate":"https:\/\/marktxxl.de\/markt\/?s={search_term_string}"},"query-input":{"@type":"PropertyValueSpecification","valueRequired":true,"valueName":"search_term_string"}}],"inLanguage":"de"},{"@type":"Organization","@id":"https:\/\/marktxxl.de\/markt\/#organization","name":"Markt-XXL","url":"https:\/\/marktxxl.de\/markt\/","logo":{"@type":"ImageObject","inLanguage":"de","@id":"https:\/\/marktxxl.de\/markt\/#\/schema\/logo\/image\/","url":"https:\/\/marktxxl.de\/markt\/wp-content\/uploads\/sites\/3\/2020\/12\/logo.png","contentUrl":"https:\/\/marktxxl.de\/markt\/wp-content\/uploads\/sites\/3\/2020\/12\/logo.png","width":200,"height":70,"caption":"Markt-XXL"},"image":{"@id":"https:\/\/marktxxl.de\/markt\/#\/schema\/logo\/image\/"}}]}},"_links":{"self":[{"href":"https:\/\/marktxxl.de\/markt\/wp-json\/wp\/v2\/product\/90610","targetHints":{"allow":["GET"]}}],"collection":[{"href":"https:\/\/marktxxl.de\/markt\/wp-json\/wp\/v2\/product"}],"about":[{"href":"https:\/\/marktxxl.de\/markt\/wp-json\/wp\/v2\/types\/product"}],"replies":[{"embeddable":true,"href":"https:\/\/marktxxl.de\/markt\/wp-json\/wp\/v2\/comments?post=90610"}],"wp:featuredmedia":[{"embeddable":true,"href":"https:\/\/marktxxl.de\/markt\/wp-json\/wp\/v2\/media\/90611"}],"wp:attachment":[{"href":"https:\/\/marktxxl.de\/markt\/wp-json\/wp\/v2\/media?parent=90610"}],"wp:term":[{"taxonomy":"product_brand","embeddable":true,"href":"https:\/\/marktxxl.de\/markt\/wp-json\/wp\/v2\/product_brand?post=90610"},{"taxonomy":"product_cat","embeddable":true,"href":"https:\/\/marktxxl.de\/markt\/wp-json\/wp\/v2\/product_cat?post=90610"},{"taxonomy":"product_tag","embeddable":true,"href":"https:\/\/marktxxl.de\/markt\/wp-json\/wp\/v2\/product_tag?post=90610"}],"curies":[{"name":"wp","href":"https:\/\/api.w.org\/{rel}","templated":true}]}}