{"id":90475,"date":"2021-12-28T19:30:34","date_gmt":"2021-12-28T18:30:34","guid":{"rendered":"https:\/\/marktxxl.de\/markt\/produkt\/spiegelleuchte-infankey-3-in-1-spiegelleuchte-bad-60cm-12w-1000lm-4000k-220v-wasserdicht-ip44-neutralweiss-badleuchte-schminklicht-schrankleuchte-aufbauleuchte\/"},"modified":"2023-04-07T02:24:49","modified_gmt":"2023-04-07T00:24:49","slug":"spiegelleuchte-infankey-3-in-1-spiegelleuchte-bad-60cm-12w-1000lm-4000k-220v-wasserdicht-ip44-neutralweiss-badleuchte-schminklicht-schrankleuchte-aufbauleuchte","status":"publish","type":"product","link":"https:\/\/marktxxl.de\/markt\/produkt\/spiegelleuchte-infankey-3-in-1-spiegelleuchte-bad-60cm-12w-1000lm-4000k-220v-wasserdicht-ip44-neutralweiss-badleuchte-schminklicht-schrankleuchte-aufbauleuchte\/","title":{"rendered":"Infankey Spiegelleuchte, 3-in-1 Spiegelleuchte Bad 60CM 12W 800LM 4000K 220V, Neutralwei\u00df, Badleuchte, Schminklicht\u2026"},"content":{"rendered":"<p>[3 IN 1 Installationsm\u00f6glichkeite] Led spiegelleuchte kann als spiegelleuchte oder als Schrankleuchte und Bildbeleuchtung am Schrank oder an der Wand montiert werden. Die abnehmbare Halterung mit zwei vorgebohrten L\u00f6chern und das komplette Montagezubeh\u00f6r erm\u00f6glichen die einfache Installation verschiedener Installationen<br \/>\n[4000 Kelvin &amp; 1000 Lumen] Diese badlampe mit beleuchtungerstrahlt in neutral-wei\u00dfem, hellen Licht, weist keinen Gelb- und Blaustich auf und eignet sich deswegen auch ideal als Schminklicht. Die spiegellampe wird direkt an ein Stromkabel angeschlossen und kann dann \u00fcber einen herk\u00f6mmlichen Lichtschalter betrieben werden.<br \/>\n[Spiegelleuchte 12W 220V] Diese wandleuchte bad ist aus Edelstahl + Kunststoff gefertigt. Das Spiegellicht kann in Badezimmern oder anderen feuchten Innenbereichen verwendet werden. Wie Spiegelschrank, Badezimmer, Spiegel, Lav, Garderobe, Schrankspiegellichter, Zuhause, Hotels, B\u00fcros, Arbeitsstationen und architektonische Badezimmerbeleuchtung usw<br \/>\n[Wasserdichte IP44 Spiegel Beleuchtung 60CM] IP44 Wasserdichte l\u00e4sst die Spiegellampe sicher in nasser Umgebung einsetzbar, kann als badezimmer spiegellampe. Die Leuchte selbst \u00fcberzeugt mit den Ma\u00dfen 600 x 110 x 45mm (LxBxH)<br \/>\n[Service Nach dem Verkauf] Wenn Sie Fragen zu dieser spiegelschrank lampe haben, wenden Sie sich bitte an uns. Wenn das Produkt nicht Ihren Erwartungen entspricht, k\u00f6nnen Sie eine vollst\u00e4ndige R\u00fcckerstattung oder einen Umtausch beantragen<br \/>\n<div class=\"main-cross-sell\" data-asin=\"B086SLS5M3\">\n\n\t<div class=\"WooZone-cross-sell-loader\">\n\t\t<div>\n\t\t\t<div id=\"floatingBarsG\">\n\t\t\t\t<div class=\"blockG\" id=\"rotateG_01\"><\/div>\n\t\t\t\t<div class=\"blockG\" id=\"rotateG_02\"><\/div>\n\t\t\t\t<div class=\"blockG\" id=\"rotateG_03\"><\/div>\n\t\t\t\t<div class=\"blockG\" id=\"rotateG_04\"><\/div>\n\t\t\t\t<div class=\"blockG\" id=\"rotateG_05\"><\/div>\n\t\t\t\t<div class=\"blockG\" id=\"rotateG_06\"><\/div>\n\t\t\t\t<div class=\"blockG\" id=\"rotateG_07\"><\/div>\n\t\t\t\t<div class=\"blockG\" id=\"rotateG_08\"><\/div>\n\t\t\t<\/div>\n\t\t\t<div class=\"WooZone-cross-sell-loader-text\"><\/div>\n\t\t<\/div>\n\t<\/div>\n\n\t\t\n<\/div>\n<div style=\"clear:both;\"><\/div><\/p>\n","protected":false},"excerpt":{"rendered":"<p>[3 IN 1 Installationsm\u00f6glichkeite] Led spiegelleuchte kann als spiegelleuchte oder als Schrankleuchte und Bildbeleuchtung am Schrank oder an der Wand montiert werden. Die abnehmbare Halterung mit zwei vorgebohrten L\u00f6chern und das komplette Montagezubeh\u00f6r erm\u00f6glichen die einfache Installation verschiedener Installationen<br \/>\n[4000 Kelvin &amp; 1000 Lumen] Diese badlampe mit beleuchtungerstrahlt in neutral-wei\u00dfem, hellen Licht, weist keinen Gelb- und Blaustich auf und eignet sich deswegen auch ideal als Schminklicht. Die spiegellampe wird direkt an ein Stromkabel angeschlossen und kann dann \u00fcber einen herk\u00f6mmlichen Lichtschalter betrieben werden.<br \/>\n[Spiegelleuchte 12W 220V] Diese wandleuchte bad ist aus Edelstahl + Kunststoff gefertigt. Das Spiegellicht kann in Badezimmern oder anderen feuchten Innenbereichen verwendet werden. Wie Spiegelschrank, Badezimmer, Spiegel, Lav, Garderobe, Schrankspiegellichter, Zuhause, Hotels, B\u00fcros, Arbeitsstationen und architektonische Badezimmerbeleuchtung usw<\/p>\n","protected":false},"featured_media":90476,"comment_status":"open","ping_status":"closed","template":"","meta":[],"product_brand":[],"product_cat":[11474,2108],"product_tag":[],"class_list":{"0":"post-90475","1":"product","2":"type-product","3":"status-publish","4":"has-post-thumbnail","6":"product_cat-bad-beleuchtung","7":"product_cat-beleuchtung","8":"pa_brand-infankey","9":"pa_color-60cm","10":"pa_manufacturer-infankey","11":"pa_size-60cm","13":"first","14":"instock","15":"shipping-taxable","16":"purchasable","17":"product-type-simple","18":"customify-col","19":"product-has-gallery"},"yoast_head":"<!-- This site is optimized with the Yoast SEO plugin v27.4 - https:\/\/yoast.com\/product\/yoast-seo-wordpress\/ -->\n<title>Infankey Spiegelleuchte, 3-in-1 Spiegelleuchte Bad 60CM 12W 800LM 4000K 220V, Neutralwei\u00df, Badleuchte, Schminklicht\u2026 - Markt-XXL<\/title>\n<meta name=\"description\" content=\"Markt-XXL Infankey Spiegelleuchte, 3-in-1 Spiegelleuchte Bad 60CM 12W 800LM 4000K 220V, Neutralwei\u00df, Badleuchte, Schminklicht\u2026\" \/>\n<meta name=\"robots\" content=\"index, follow, max-snippet:-1, max-image-preview:large, max-video-preview:-1\" \/>\n<link rel=\"canonical\" href=\"https:\/\/marktxxl.de\/markt\/produkt\/spiegelleuchte-infankey-3-in-1-spiegelleuchte-bad-60cm-12w-1000lm-4000k-220v-wasserdicht-ip44-neutralweiss-badleuchte-schminklicht-schrankleuchte-aufbauleuchte\/\" \/>\n<meta property=\"og:locale\" content=\"de_DE\" \/>\n<meta property=\"og:type\" content=\"article\" \/>\n<meta property=\"og:title\" content=\"Infankey Spiegelleuchte, 3-in-1 Spiegelleuchte Bad 60CM 12W 800LM 4000K 220V, Neutralwei\u00df, Badleuchte, Schminklicht\u2026 - Markt-XXL\" \/>\n<meta property=\"og:description\" content=\"Markt-XXL Infankey Spiegelleuchte, 3-in-1 Spiegelleuchte Bad 60CM 12W 800LM 4000K 220V, Neutralwei\u00df, Badleuchte, Schminklicht\u2026\" \/>\n<meta property=\"og:url\" content=\"https:\/\/marktxxl.de\/markt\/produkt\/spiegelleuchte-infankey-3-in-1-spiegelleuchte-bad-60cm-12w-1000lm-4000k-220v-wasserdicht-ip44-neutralweiss-badleuchte-schminklicht-schrankleuchte-aufbauleuchte\/\" \/>\n<meta property=\"og:site_name\" content=\"Markt-XXL\" \/>\n<meta property=\"article:modified_time\" content=\"2023-04-07T00:24:49+00:00\" \/>\n<meta property=\"og:image\" content=\"https:\/\/m.media-amazon.com\/images\/I\/31bptvXGwnL._SL500_.jpg\" \/>\n\t<meta property=\"og:image:width\" content=\"500\" \/>\n\t<meta property=\"og:image:height\" content=\"500\" \/>\n\t<meta property=\"og:image:type\" content=\"image\/jpeg\" \/>\n<meta name=\"twitter:card\" content=\"summary_large_image\" \/>\n<meta name=\"twitter:label1\" content=\"Gesch\u00e4tzte Lesezeit\" \/>\n\t<meta name=\"twitter:data1\" content=\"1\u00a0Minute\" \/>\n<script type=\"application\/ld+json\" class=\"yoast-schema-graph\">{\"@context\":\"https:\\\/\\\/schema.org\",\"@graph\":[{\"@type\":\"WebPage\",\"@id\":\"https:\\\/\\\/marktxxl.de\\\/markt\\\/produkt\\\/spiegelleuchte-infankey-3-in-1-spiegelleuchte-bad-60cm-12w-1000lm-4000k-220v-wasserdicht-ip44-neutralweiss-badleuchte-schminklicht-schrankleuchte-aufbauleuchte\\\/\",\"url\":\"https:\\\/\\\/marktxxl.de\\\/markt\\\/produkt\\\/spiegelleuchte-infankey-3-in-1-spiegelleuchte-bad-60cm-12w-1000lm-4000k-220v-wasserdicht-ip44-neutralweiss-badleuchte-schminklicht-schrankleuchte-aufbauleuchte\\\/\",\"name\":\"Infankey Spiegelleuchte, 3-in-1 Spiegelleuchte Bad 60CM 12W 800LM 4000K 220V, Neutralwei\u00df, Badleuchte, Schminklicht\u2026 - Markt-XXL\",\"isPartOf\":{\"@id\":\"https:\\\/\\\/marktxxl.de\\\/markt\\\/#website\"},\"primaryImageOfPage\":{\"@id\":\"https:\\\/\\\/marktxxl.de\\\/markt\\\/produkt\\\/spiegelleuchte-infankey-3-in-1-spiegelleuchte-bad-60cm-12w-1000lm-4000k-220v-wasserdicht-ip44-neutralweiss-badleuchte-schminklicht-schrankleuchte-aufbauleuchte\\\/#primaryimage\"},\"image\":{\"@id\":\"https:\\\/\\\/marktxxl.de\\\/markt\\\/produkt\\\/spiegelleuchte-infankey-3-in-1-spiegelleuchte-bad-60cm-12w-1000lm-4000k-220v-wasserdicht-ip44-neutralweiss-badleuchte-schminklicht-schrankleuchte-aufbauleuchte\\\/#primaryimage\"},\"thumbnailUrl\":\"https:\\\/\\\/m.media-amazon.com\\\/images\\\/I\\\/31bptvXGwnL._SL500_.jpg\",\"datePublished\":\"2021-12-28T18:30:34+00:00\",\"dateModified\":\"2023-04-07T00:24:49+00:00\",\"description\":\"Markt-XXL Infankey Spiegelleuchte, 3-in-1 Spiegelleuchte Bad 60CM 12W 800LM 4000K 220V, Neutralwei\u00df, Badleuchte, Schminklicht\u2026\",\"breadcrumb\":{\"@id\":\"https:\\\/\\\/marktxxl.de\\\/markt\\\/produkt\\\/spiegelleuchte-infankey-3-in-1-spiegelleuchte-bad-60cm-12w-1000lm-4000k-220v-wasserdicht-ip44-neutralweiss-badleuchte-schminklicht-schrankleuchte-aufbauleuchte\\\/#breadcrumb\"},\"inLanguage\":\"de\",\"potentialAction\":[{\"@type\":\"ReadAction\",\"target\":[\"https:\\\/\\\/marktxxl.de\\\/markt\\\/produkt\\\/spiegelleuchte-infankey-3-in-1-spiegelleuchte-bad-60cm-12w-1000lm-4000k-220v-wasserdicht-ip44-neutralweiss-badleuchte-schminklicht-schrankleuchte-aufbauleuchte\\\/\"]}]},{\"@type\":\"ImageObject\",\"inLanguage\":\"de\",\"@id\":\"https:\\\/\\\/marktxxl.de\\\/markt\\\/produkt\\\/spiegelleuchte-infankey-3-in-1-spiegelleuchte-bad-60cm-12w-1000lm-4000k-220v-wasserdicht-ip44-neutralweiss-badleuchte-schminklicht-schrankleuchte-aufbauleuchte\\\/#primaryimage\",\"url\":\"https:\\\/\\\/m.media-amazon.com\\\/images\\\/I\\\/31bptvXGwnL._SL500_.jpg\",\"contentUrl\":\"https:\\\/\\\/m.media-amazon.com\\\/images\\\/I\\\/31bptvXGwnL._SL500_.jpg\",\"width\":500,\"height\":500},{\"@type\":\"BreadcrumbList\",\"@id\":\"https:\\\/\\\/marktxxl.de\\\/markt\\\/produkt\\\/spiegelleuchte-infankey-3-in-1-spiegelleuchte-bad-60cm-12w-1000lm-4000k-220v-wasserdicht-ip44-neutralweiss-badleuchte-schminklicht-schrankleuchte-aufbauleuchte\\\/#breadcrumb\",\"itemListElement\":[{\"@type\":\"ListItem\",\"position\":1,\"name\":\"Startseite\",\"item\":\"https:\\\/\\\/marktxxl.de\\\/markt\\\/\"},{\"@type\":\"ListItem\",\"position\":2,\"name\":\"Markt\",\"item\":\"https:\\\/\\\/marktxxl.de\\\/markt\\\/\"},{\"@type\":\"ListItem\",\"position\":3,\"name\":\"Infankey Spiegelleuchte, 3-in-1 Spiegelleuchte Bad 60CM 12W 800LM 4000K 220V, Neutralwei\u00df, Badleuchte, Schminklicht\u2026\"}]},{\"@type\":\"WebSite\",\"@id\":\"https:\\\/\\\/marktxxl.de\\\/markt\\\/#website\",\"url\":\"https:\\\/\\\/marktxxl.de\\\/markt\\\/\",\"name\":\"Markt-XXL\",\"description\":\"Ihr Markt Online\",\"publisher\":{\"@id\":\"https:\\\/\\\/marktxxl.de\\\/markt\\\/#organization\"},\"potentialAction\":[{\"@type\":\"SearchAction\",\"target\":{\"@type\":\"EntryPoint\",\"urlTemplate\":\"https:\\\/\\\/marktxxl.de\\\/markt\\\/?s={search_term_string}\"},\"query-input\":{\"@type\":\"PropertyValueSpecification\",\"valueRequired\":true,\"valueName\":\"search_term_string\"}}],\"inLanguage\":\"de\"},{\"@type\":\"Organization\",\"@id\":\"https:\\\/\\\/marktxxl.de\\\/markt\\\/#organization\",\"name\":\"Markt-XXL\",\"url\":\"https:\\\/\\\/marktxxl.de\\\/markt\\\/\",\"logo\":{\"@type\":\"ImageObject\",\"inLanguage\":\"de\",\"@id\":\"https:\\\/\\\/marktxxl.de\\\/markt\\\/#\\\/schema\\\/logo\\\/image\\\/\",\"url\":\"https:\\\/\\\/marktxxl.de\\\/markt\\\/wp-content\\\/uploads\\\/sites\\\/3\\\/2020\\\/12\\\/logo.png\",\"contentUrl\":\"https:\\\/\\\/marktxxl.de\\\/markt\\\/wp-content\\\/uploads\\\/sites\\\/3\\\/2020\\\/12\\\/logo.png\",\"width\":200,\"height\":70,\"caption\":\"Markt-XXL\"},\"image\":{\"@id\":\"https:\\\/\\\/marktxxl.de\\\/markt\\\/#\\\/schema\\\/logo\\\/image\\\/\"}}]}<\/script>\n<!-- \/ Yoast SEO plugin. -->","yoast_head_json":{"title":"Infankey Spiegelleuchte, 3-in-1 Spiegelleuchte Bad 60CM 12W 800LM 4000K 220V, Neutralwei\u00df, Badleuchte, Schminklicht\u2026 - Markt-XXL","description":"Markt-XXL Infankey Spiegelleuchte, 3-in-1 Spiegelleuchte Bad 60CM 12W 800LM 4000K 220V, Neutralwei\u00df, Badleuchte, Schminklicht\u2026","robots":{"index":"index","follow":"follow","max-snippet":"max-snippet:-1","max-image-preview":"max-image-preview:large","max-video-preview":"max-video-preview:-1"},"canonical":"https:\/\/marktxxl.de\/markt\/produkt\/spiegelleuchte-infankey-3-in-1-spiegelleuchte-bad-60cm-12w-1000lm-4000k-220v-wasserdicht-ip44-neutralweiss-badleuchte-schminklicht-schrankleuchte-aufbauleuchte\/","og_locale":"de_DE","og_type":"article","og_title":"Infankey Spiegelleuchte, 3-in-1 Spiegelleuchte Bad 60CM 12W 800LM 4000K 220V, Neutralwei\u00df, Badleuchte, Schminklicht\u2026 - Markt-XXL","og_description":"Markt-XXL Infankey Spiegelleuchte, 3-in-1 Spiegelleuchte Bad 60CM 12W 800LM 4000K 220V, Neutralwei\u00df, Badleuchte, Schminklicht\u2026","og_url":"https:\/\/marktxxl.de\/markt\/produkt\/spiegelleuchte-infankey-3-in-1-spiegelleuchte-bad-60cm-12w-1000lm-4000k-220v-wasserdicht-ip44-neutralweiss-badleuchte-schminklicht-schrankleuchte-aufbauleuchte\/","og_site_name":"Markt-XXL","article_modified_time":"2023-04-07T00:24:49+00:00","og_image":[{"width":500,"height":500,"url":"https:\/\/m.media-amazon.com\/images\/I\/31bptvXGwnL._SL500_.jpg","type":"image\/jpeg"}],"twitter_card":"summary_large_image","twitter_misc":{"Gesch\u00e4tzte Lesezeit":"1\u00a0Minute"},"schema":{"@context":"https:\/\/schema.org","@graph":[{"@type":"WebPage","@id":"https:\/\/marktxxl.de\/markt\/produkt\/spiegelleuchte-infankey-3-in-1-spiegelleuchte-bad-60cm-12w-1000lm-4000k-220v-wasserdicht-ip44-neutralweiss-badleuchte-schminklicht-schrankleuchte-aufbauleuchte\/","url":"https:\/\/marktxxl.de\/markt\/produkt\/spiegelleuchte-infankey-3-in-1-spiegelleuchte-bad-60cm-12w-1000lm-4000k-220v-wasserdicht-ip44-neutralweiss-badleuchte-schminklicht-schrankleuchte-aufbauleuchte\/","name":"Infankey Spiegelleuchte, 3-in-1 Spiegelleuchte Bad 60CM 12W 800LM 4000K 220V, Neutralwei\u00df, Badleuchte, Schminklicht\u2026 - Markt-XXL","isPartOf":{"@id":"https:\/\/marktxxl.de\/markt\/#website"},"primaryImageOfPage":{"@id":"https:\/\/marktxxl.de\/markt\/produkt\/spiegelleuchte-infankey-3-in-1-spiegelleuchte-bad-60cm-12w-1000lm-4000k-220v-wasserdicht-ip44-neutralweiss-badleuchte-schminklicht-schrankleuchte-aufbauleuchte\/#primaryimage"},"image":{"@id":"https:\/\/marktxxl.de\/markt\/produkt\/spiegelleuchte-infankey-3-in-1-spiegelleuchte-bad-60cm-12w-1000lm-4000k-220v-wasserdicht-ip44-neutralweiss-badleuchte-schminklicht-schrankleuchte-aufbauleuchte\/#primaryimage"},"thumbnailUrl":"https:\/\/m.media-amazon.com\/images\/I\/31bptvXGwnL._SL500_.jpg","datePublished":"2021-12-28T18:30:34+00:00","dateModified":"2023-04-07T00:24:49+00:00","description":"Markt-XXL Infankey Spiegelleuchte, 3-in-1 Spiegelleuchte Bad 60CM 12W 800LM 4000K 220V, Neutralwei\u00df, Badleuchte, Schminklicht\u2026","breadcrumb":{"@id":"https:\/\/marktxxl.de\/markt\/produkt\/spiegelleuchte-infankey-3-in-1-spiegelleuchte-bad-60cm-12w-1000lm-4000k-220v-wasserdicht-ip44-neutralweiss-badleuchte-schminklicht-schrankleuchte-aufbauleuchte\/#breadcrumb"},"inLanguage":"de","potentialAction":[{"@type":"ReadAction","target":["https:\/\/marktxxl.de\/markt\/produkt\/spiegelleuchte-infankey-3-in-1-spiegelleuchte-bad-60cm-12w-1000lm-4000k-220v-wasserdicht-ip44-neutralweiss-badleuchte-schminklicht-schrankleuchte-aufbauleuchte\/"]}]},{"@type":"ImageObject","inLanguage":"de","@id":"https:\/\/marktxxl.de\/markt\/produkt\/spiegelleuchte-infankey-3-in-1-spiegelleuchte-bad-60cm-12w-1000lm-4000k-220v-wasserdicht-ip44-neutralweiss-badleuchte-schminklicht-schrankleuchte-aufbauleuchte\/#primaryimage","url":"https:\/\/m.media-amazon.com\/images\/I\/31bptvXGwnL._SL500_.jpg","contentUrl":"https:\/\/m.media-amazon.com\/images\/I\/31bptvXGwnL._SL500_.jpg","width":500,"height":500},{"@type":"BreadcrumbList","@id":"https:\/\/marktxxl.de\/markt\/produkt\/spiegelleuchte-infankey-3-in-1-spiegelleuchte-bad-60cm-12w-1000lm-4000k-220v-wasserdicht-ip44-neutralweiss-badleuchte-schminklicht-schrankleuchte-aufbauleuchte\/#breadcrumb","itemListElement":[{"@type":"ListItem","position":1,"name":"Startseite","item":"https:\/\/marktxxl.de\/markt\/"},{"@type":"ListItem","position":2,"name":"Markt","item":"https:\/\/marktxxl.de\/markt\/"},{"@type":"ListItem","position":3,"name":"Infankey Spiegelleuchte, 3-in-1 Spiegelleuchte Bad 60CM 12W 800LM 4000K 220V, Neutralwei\u00df, Badleuchte, Schminklicht\u2026"}]},{"@type":"WebSite","@id":"https:\/\/marktxxl.de\/markt\/#website","url":"https:\/\/marktxxl.de\/markt\/","name":"Markt-XXL","description":"Ihr Markt Online","publisher":{"@id":"https:\/\/marktxxl.de\/markt\/#organization"},"potentialAction":[{"@type":"SearchAction","target":{"@type":"EntryPoint","urlTemplate":"https:\/\/marktxxl.de\/markt\/?s={search_term_string}"},"query-input":{"@type":"PropertyValueSpecification","valueRequired":true,"valueName":"search_term_string"}}],"inLanguage":"de"},{"@type":"Organization","@id":"https:\/\/marktxxl.de\/markt\/#organization","name":"Markt-XXL","url":"https:\/\/marktxxl.de\/markt\/","logo":{"@type":"ImageObject","inLanguage":"de","@id":"https:\/\/marktxxl.de\/markt\/#\/schema\/logo\/image\/","url":"https:\/\/marktxxl.de\/markt\/wp-content\/uploads\/sites\/3\/2020\/12\/logo.png","contentUrl":"https:\/\/marktxxl.de\/markt\/wp-content\/uploads\/sites\/3\/2020\/12\/logo.png","width":200,"height":70,"caption":"Markt-XXL"},"image":{"@id":"https:\/\/marktxxl.de\/markt\/#\/schema\/logo\/image\/"}}]}},"_links":{"self":[{"href":"https:\/\/marktxxl.de\/markt\/wp-json\/wp\/v2\/product\/90475","targetHints":{"allow":["GET"]}}],"collection":[{"href":"https:\/\/marktxxl.de\/markt\/wp-json\/wp\/v2\/product"}],"about":[{"href":"https:\/\/marktxxl.de\/markt\/wp-json\/wp\/v2\/types\/product"}],"replies":[{"embeddable":true,"href":"https:\/\/marktxxl.de\/markt\/wp-json\/wp\/v2\/comments?post=90475"}],"wp:featuredmedia":[{"embeddable":true,"href":"https:\/\/marktxxl.de\/markt\/wp-json\/wp\/v2\/media\/90476"}],"wp:attachment":[{"href":"https:\/\/marktxxl.de\/markt\/wp-json\/wp\/v2\/media?parent=90475"}],"wp:term":[{"taxonomy":"product_brand","embeddable":true,"href":"https:\/\/marktxxl.de\/markt\/wp-json\/wp\/v2\/product_brand?post=90475"},{"taxonomy":"product_cat","embeddable":true,"href":"https:\/\/marktxxl.de\/markt\/wp-json\/wp\/v2\/product_cat?post=90475"},{"taxonomy":"product_tag","embeddable":true,"href":"https:\/\/marktxxl.de\/markt\/wp-json\/wp\/v2\/product_tag?post=90475"}],"curies":[{"name":"wp","href":"https:\/\/api.w.org\/{rel}","templated":true}]}}