{"id":90142,"date":"2021-12-28T19:18:54","date_gmt":"2021-12-28T18:18:54","guid":{"rendered":"https:\/\/marktxxl.de\/markt\/produkt\/poly-mailers-tropical-patterns-10-x-13-100-pack-cactus-succulants\/"},"modified":"2023-04-07T02:24:41","modified_gmt":"2023-04-07T00:24:41","slug":"poly-mailers-tropical-patterns-10-x-13-100-pack-cactus-succulants","status":"publish","type":"product","link":"https:\/\/marktxxl.de\/markt\/produkt\/poly-mailers-tropical-patterns-10-x-13-100-pack-cactus-succulants\/","title":{"rendered":"Poly Mailers Tropical Patterns 10&#8243; X 13&#8243; (100 Pack) Cactus &amp; succulants."},"content":{"rendered":"<p>Ungepolstert. Perfekt f\u00fcr Kleidung: Ungepolstert und rei\u00dffest, unsere 25,4 x 33 Umschl\u00e4ge sind ideal zum Verpacken von Kleidung, T-Shirts und anderen nicht zerbrechlichen Gegenst\u00e4nden.<br \/>\nBauen Sie dauerhafte Eindr\u00fccke mit Pack It Chic Pack It Chic, einem kleinen Familienunternehmen, hat sich verpflichtet, unz\u00e4hlige M\u00f6glichkeiten zu bieten, um sich mit Ihrem Einzelhandel, Versand und Verpackungsbedarf abzuheben. Entdecken Sie unsere anderen modernen und schicken Designs.<br \/>\nInternational products have separate terms, are sold from abroad and may differ from local products, including fit, age ratings, and language of product, labeling or instructions.<br \/>\n<div class=\"main-cross-sell\" data-asin=\"B07B8L3JV7\">\n\n\t<div class=\"WooZone-cross-sell-loader\">\n\t\t<div>\n\t\t\t<div id=\"floatingBarsG\">\n\t\t\t\t<div class=\"blockG\" id=\"rotateG_01\"><\/div>\n\t\t\t\t<div class=\"blockG\" id=\"rotateG_02\"><\/div>\n\t\t\t\t<div class=\"blockG\" id=\"rotateG_03\"><\/div>\n\t\t\t\t<div class=\"blockG\" id=\"rotateG_04\"><\/div>\n\t\t\t\t<div class=\"blockG\" id=\"rotateG_05\"><\/div>\n\t\t\t\t<div class=\"blockG\" id=\"rotateG_06\"><\/div>\n\t\t\t\t<div class=\"blockG\" id=\"rotateG_07\"><\/div>\n\t\t\t\t<div class=\"blockG\" id=\"rotateG_08\"><\/div>\n\t\t\t<\/div>\n\t\t\t<div class=\"WooZone-cross-sell-loader-text\"><\/div>\n\t\t<\/div>\n\t<\/div>\n\n\t\t\n<\/div>\n<div style=\"clear:both;\"><\/div><\/p>\n","protected":false},"excerpt":{"rendered":"<p>Ungepolstert. Perfekt f\u00fcr Kleidung: Ungepolstert und rei\u00dffest, unsere 25,4 x 33 Umschl\u00e4ge sind ideal zum Verpacken von Kleidung, T-Shirts und anderen nicht zerbrechlichen Gegenst\u00e4nden.<br \/>\nBauen Sie dauerhafte Eindr\u00fccke mit Pack It Chic Pack It Chic, einem kleinen Familienunternehmen, hat sich verpflichtet, unz\u00e4hlige M\u00f6glichkeiten zu bieten, um sich mit Ihrem Einzelhandel, Versand und Verpackungsbedarf abzuheben. Entdecken Sie unsere anderen modernen und schicken Designs.<br \/>\nInternational products have separate terms, are sold from abroad and may differ from local products, including fit, age ratings, and language of product, labeling or instructions.<\/p>\n","protected":false},"featured_media":90143,"comment_status":"open","ping_status":"closed","template":"","meta":[],"product_brand":[],"product_cat":[504,8703],"product_tag":[],"class_list":{"0":"post-90142","1":"product","2":"type-product","3":"status-publish","4":"has-post-thumbnail","6":"product_cat-buerobedarf-schreibwaren","7":"product_cat-umschlaege-versandzubehoer","8":"pa_binding-buerobedarf-schreibwaren","9":"pa_brand-pack-it-chic","10":"pa_color-cactus-succulants","11":"pa_manufacturer-atz-premium-brands","12":"pa_size-10-x-13-100-pack","14":"first","15":"instock","16":"shipping-taxable","17":"purchasable","18":"product-type-simple","19":"customify-col","20":"product-has-gallery"},"yoast_head":"<!-- This site is optimized with the Yoast SEO plugin v27.3 - https:\/\/yoast.com\/product\/yoast-seo-wordpress\/ -->\n<title>Poly Mailers Tropical Patterns 10&quot; X 13&quot; (100 Pack) Cactus &amp; succulants. - Markt-XXL<\/title>\n<meta name=\"description\" content=\"Markt-XXL Poly Mailers Tropical Patterns 10&quot; X 13&quot; (100 Pack) Cactus &amp; succulants.\" \/>\n<meta name=\"robots\" content=\"index, follow, max-snippet:-1, max-image-preview:large, max-video-preview:-1\" \/>\n<link rel=\"canonical\" href=\"https:\/\/marktxxl.de\/markt\/produkt\/poly-mailers-tropical-patterns-10-x-13-100-pack-cactus-succulants\/\" \/>\n<meta property=\"og:locale\" content=\"de_DE\" \/>\n<meta property=\"og:type\" content=\"article\" \/>\n<meta property=\"og:title\" content=\"Poly Mailers Tropical Patterns 10&quot; X 13&quot; (100 Pack) Cactus &amp; succulants. - Markt-XXL\" \/>\n<meta property=\"og:description\" content=\"Markt-XXL Poly Mailers Tropical Patterns 10&quot; X 13&quot; (100 Pack) Cactus &amp; succulants.\" \/>\n<meta property=\"og:url\" content=\"https:\/\/marktxxl.de\/markt\/produkt\/poly-mailers-tropical-patterns-10-x-13-100-pack-cactus-succulants\/\" \/>\n<meta property=\"og:site_name\" content=\"Markt-XXL\" \/>\n<meta property=\"article:modified_time\" content=\"2023-04-07T00:24:41+00:00\" \/>\n<meta property=\"og:image\" content=\"https:\/\/m.media-amazon.com\/images\/I\/51hTgpnCenL._SL500_.jpg\" \/>\n\t<meta property=\"og:image:width\" content=\"500\" \/>\n\t<meta property=\"og:image:height\" content=\"500\" \/>\n\t<meta property=\"og:image:type\" content=\"image\/jpeg\" \/>\n<meta name=\"twitter:card\" content=\"summary_large_image\" \/>\n<meta name=\"twitter:label1\" content=\"Gesch\u00e4tzte Lesezeit\" \/>\n\t<meta name=\"twitter:data1\" content=\"1\u00a0Minute\" \/>\n<script type=\"application\/ld+json\" class=\"yoast-schema-graph\">{\"@context\":\"https:\\\/\\\/schema.org\",\"@graph\":[{\"@type\":\"WebPage\",\"@id\":\"https:\\\/\\\/marktxxl.de\\\/markt\\\/produkt\\\/poly-mailers-tropical-patterns-10-x-13-100-pack-cactus-succulants\\\/\",\"url\":\"https:\\\/\\\/marktxxl.de\\\/markt\\\/produkt\\\/poly-mailers-tropical-patterns-10-x-13-100-pack-cactus-succulants\\\/\",\"name\":\"Poly Mailers Tropical Patterns 10\\\" X 13\\\" (100 Pack) Cactus &amp; succulants. - Markt-XXL\",\"isPartOf\":{\"@id\":\"https:\\\/\\\/marktxxl.de\\\/markt\\\/#website\"},\"primaryImageOfPage\":{\"@id\":\"https:\\\/\\\/marktxxl.de\\\/markt\\\/produkt\\\/poly-mailers-tropical-patterns-10-x-13-100-pack-cactus-succulants\\\/#primaryimage\"},\"image\":{\"@id\":\"https:\\\/\\\/marktxxl.de\\\/markt\\\/produkt\\\/poly-mailers-tropical-patterns-10-x-13-100-pack-cactus-succulants\\\/#primaryimage\"},\"thumbnailUrl\":\"https:\\\/\\\/m.media-amazon.com\\\/images\\\/I\\\/51hTgpnCenL._SL500_.jpg\",\"datePublished\":\"2021-12-28T18:18:54+00:00\",\"dateModified\":\"2023-04-07T00:24:41+00:00\",\"description\":\"Markt-XXL Poly Mailers Tropical Patterns 10\\\" X 13\\\" (100 Pack) Cactus &amp; succulants.\",\"breadcrumb\":{\"@id\":\"https:\\\/\\\/marktxxl.de\\\/markt\\\/produkt\\\/poly-mailers-tropical-patterns-10-x-13-100-pack-cactus-succulants\\\/#breadcrumb\"},\"inLanguage\":\"de\",\"potentialAction\":[{\"@type\":\"ReadAction\",\"target\":[\"https:\\\/\\\/marktxxl.de\\\/markt\\\/produkt\\\/poly-mailers-tropical-patterns-10-x-13-100-pack-cactus-succulants\\\/\"]}]},{\"@type\":\"ImageObject\",\"inLanguage\":\"de\",\"@id\":\"https:\\\/\\\/marktxxl.de\\\/markt\\\/produkt\\\/poly-mailers-tropical-patterns-10-x-13-100-pack-cactus-succulants\\\/#primaryimage\",\"url\":\"https:\\\/\\\/m.media-amazon.com\\\/images\\\/I\\\/51hTgpnCenL._SL500_.jpg\",\"contentUrl\":\"https:\\\/\\\/m.media-amazon.com\\\/images\\\/I\\\/51hTgpnCenL._SL500_.jpg\",\"width\":500,\"height\":500},{\"@type\":\"BreadcrumbList\",\"@id\":\"https:\\\/\\\/marktxxl.de\\\/markt\\\/produkt\\\/poly-mailers-tropical-patterns-10-x-13-100-pack-cactus-succulants\\\/#breadcrumb\",\"itemListElement\":[{\"@type\":\"ListItem\",\"position\":1,\"name\":\"Startseite\",\"item\":\"https:\\\/\\\/marktxxl.de\\\/markt\\\/\"},{\"@type\":\"ListItem\",\"position\":2,\"name\":\"Markt\",\"item\":\"https:\\\/\\\/marktxxl.de\\\/markt\\\/\"},{\"@type\":\"ListItem\",\"position\":3,\"name\":\"Poly Mailers Tropical Patterns 10&#8243; X 13&#8243; (100 Pack) Cactus &amp; succulants.\"}]},{\"@type\":\"WebSite\",\"@id\":\"https:\\\/\\\/marktxxl.de\\\/markt\\\/#website\",\"url\":\"https:\\\/\\\/marktxxl.de\\\/markt\\\/\",\"name\":\"Markt-XXL\",\"description\":\"Ihr Markt Online\",\"publisher\":{\"@id\":\"https:\\\/\\\/marktxxl.de\\\/markt\\\/#organization\"},\"potentialAction\":[{\"@type\":\"SearchAction\",\"target\":{\"@type\":\"EntryPoint\",\"urlTemplate\":\"https:\\\/\\\/marktxxl.de\\\/markt\\\/?s={search_term_string}\"},\"query-input\":{\"@type\":\"PropertyValueSpecification\",\"valueRequired\":true,\"valueName\":\"search_term_string\"}}],\"inLanguage\":\"de\"},{\"@type\":\"Organization\",\"@id\":\"https:\\\/\\\/marktxxl.de\\\/markt\\\/#organization\",\"name\":\"Markt-XXL\",\"url\":\"https:\\\/\\\/marktxxl.de\\\/markt\\\/\",\"logo\":{\"@type\":\"ImageObject\",\"inLanguage\":\"de\",\"@id\":\"https:\\\/\\\/marktxxl.de\\\/markt\\\/#\\\/schema\\\/logo\\\/image\\\/\",\"url\":\"https:\\\/\\\/marktxxl.de\\\/markt\\\/wp-content\\\/uploads\\\/sites\\\/3\\\/2020\\\/12\\\/logo.png\",\"contentUrl\":\"https:\\\/\\\/marktxxl.de\\\/markt\\\/wp-content\\\/uploads\\\/sites\\\/3\\\/2020\\\/12\\\/logo.png\",\"width\":200,\"height\":70,\"caption\":\"Markt-XXL\"},\"image\":{\"@id\":\"https:\\\/\\\/marktxxl.de\\\/markt\\\/#\\\/schema\\\/logo\\\/image\\\/\"}}]}<\/script>\n<!-- \/ Yoast SEO plugin. -->","yoast_head_json":{"title":"Poly Mailers Tropical Patterns 10\" X 13\" (100 Pack) Cactus &amp; succulants. - Markt-XXL","description":"Markt-XXL Poly Mailers Tropical Patterns 10\" X 13\" (100 Pack) Cactus &amp; succulants.","robots":{"index":"index","follow":"follow","max-snippet":"max-snippet:-1","max-image-preview":"max-image-preview:large","max-video-preview":"max-video-preview:-1"},"canonical":"https:\/\/marktxxl.de\/markt\/produkt\/poly-mailers-tropical-patterns-10-x-13-100-pack-cactus-succulants\/","og_locale":"de_DE","og_type":"article","og_title":"Poly Mailers Tropical Patterns 10\" X 13\" (100 Pack) Cactus &amp; succulants. - Markt-XXL","og_description":"Markt-XXL Poly Mailers Tropical Patterns 10\" X 13\" (100 Pack) Cactus &amp; succulants.","og_url":"https:\/\/marktxxl.de\/markt\/produkt\/poly-mailers-tropical-patterns-10-x-13-100-pack-cactus-succulants\/","og_site_name":"Markt-XXL","article_modified_time":"2023-04-07T00:24:41+00:00","og_image":[{"width":500,"height":500,"url":"https:\/\/m.media-amazon.com\/images\/I\/51hTgpnCenL._SL500_.jpg","type":"image\/jpeg"}],"twitter_card":"summary_large_image","twitter_misc":{"Gesch\u00e4tzte Lesezeit":"1\u00a0Minute"},"schema":{"@context":"https:\/\/schema.org","@graph":[{"@type":"WebPage","@id":"https:\/\/marktxxl.de\/markt\/produkt\/poly-mailers-tropical-patterns-10-x-13-100-pack-cactus-succulants\/","url":"https:\/\/marktxxl.de\/markt\/produkt\/poly-mailers-tropical-patterns-10-x-13-100-pack-cactus-succulants\/","name":"Poly Mailers Tropical Patterns 10\" X 13\" (100 Pack) Cactus &amp; succulants. - Markt-XXL","isPartOf":{"@id":"https:\/\/marktxxl.de\/markt\/#website"},"primaryImageOfPage":{"@id":"https:\/\/marktxxl.de\/markt\/produkt\/poly-mailers-tropical-patterns-10-x-13-100-pack-cactus-succulants\/#primaryimage"},"image":{"@id":"https:\/\/marktxxl.de\/markt\/produkt\/poly-mailers-tropical-patterns-10-x-13-100-pack-cactus-succulants\/#primaryimage"},"thumbnailUrl":"https:\/\/m.media-amazon.com\/images\/I\/51hTgpnCenL._SL500_.jpg","datePublished":"2021-12-28T18:18:54+00:00","dateModified":"2023-04-07T00:24:41+00:00","description":"Markt-XXL Poly Mailers Tropical Patterns 10\" X 13\" (100 Pack) Cactus &amp; succulants.","breadcrumb":{"@id":"https:\/\/marktxxl.de\/markt\/produkt\/poly-mailers-tropical-patterns-10-x-13-100-pack-cactus-succulants\/#breadcrumb"},"inLanguage":"de","potentialAction":[{"@type":"ReadAction","target":["https:\/\/marktxxl.de\/markt\/produkt\/poly-mailers-tropical-patterns-10-x-13-100-pack-cactus-succulants\/"]}]},{"@type":"ImageObject","inLanguage":"de","@id":"https:\/\/marktxxl.de\/markt\/produkt\/poly-mailers-tropical-patterns-10-x-13-100-pack-cactus-succulants\/#primaryimage","url":"https:\/\/m.media-amazon.com\/images\/I\/51hTgpnCenL._SL500_.jpg","contentUrl":"https:\/\/m.media-amazon.com\/images\/I\/51hTgpnCenL._SL500_.jpg","width":500,"height":500},{"@type":"BreadcrumbList","@id":"https:\/\/marktxxl.de\/markt\/produkt\/poly-mailers-tropical-patterns-10-x-13-100-pack-cactus-succulants\/#breadcrumb","itemListElement":[{"@type":"ListItem","position":1,"name":"Startseite","item":"https:\/\/marktxxl.de\/markt\/"},{"@type":"ListItem","position":2,"name":"Markt","item":"https:\/\/marktxxl.de\/markt\/"},{"@type":"ListItem","position":3,"name":"Poly Mailers Tropical Patterns 10&#8243; X 13&#8243; (100 Pack) Cactus &amp; succulants."}]},{"@type":"WebSite","@id":"https:\/\/marktxxl.de\/markt\/#website","url":"https:\/\/marktxxl.de\/markt\/","name":"Markt-XXL","description":"Ihr Markt Online","publisher":{"@id":"https:\/\/marktxxl.de\/markt\/#organization"},"potentialAction":[{"@type":"SearchAction","target":{"@type":"EntryPoint","urlTemplate":"https:\/\/marktxxl.de\/markt\/?s={search_term_string}"},"query-input":{"@type":"PropertyValueSpecification","valueRequired":true,"valueName":"search_term_string"}}],"inLanguage":"de"},{"@type":"Organization","@id":"https:\/\/marktxxl.de\/markt\/#organization","name":"Markt-XXL","url":"https:\/\/marktxxl.de\/markt\/","logo":{"@type":"ImageObject","inLanguage":"de","@id":"https:\/\/marktxxl.de\/markt\/#\/schema\/logo\/image\/","url":"https:\/\/marktxxl.de\/markt\/wp-content\/uploads\/sites\/3\/2020\/12\/logo.png","contentUrl":"https:\/\/marktxxl.de\/markt\/wp-content\/uploads\/sites\/3\/2020\/12\/logo.png","width":200,"height":70,"caption":"Markt-XXL"},"image":{"@id":"https:\/\/marktxxl.de\/markt\/#\/schema\/logo\/image\/"}}]}},"_links":{"self":[{"href":"https:\/\/marktxxl.de\/markt\/wp-json\/wp\/v2\/product\/90142","targetHints":{"allow":["GET"]}}],"collection":[{"href":"https:\/\/marktxxl.de\/markt\/wp-json\/wp\/v2\/product"}],"about":[{"href":"https:\/\/marktxxl.de\/markt\/wp-json\/wp\/v2\/types\/product"}],"replies":[{"embeddable":true,"href":"https:\/\/marktxxl.de\/markt\/wp-json\/wp\/v2\/comments?post=90142"}],"wp:featuredmedia":[{"embeddable":true,"href":"https:\/\/marktxxl.de\/markt\/wp-json\/wp\/v2\/media\/90143"}],"wp:attachment":[{"href":"https:\/\/marktxxl.de\/markt\/wp-json\/wp\/v2\/media?parent=90142"}],"wp:term":[{"taxonomy":"product_brand","embeddable":true,"href":"https:\/\/marktxxl.de\/markt\/wp-json\/wp\/v2\/product_brand?post=90142"},{"taxonomy":"product_cat","embeddable":true,"href":"https:\/\/marktxxl.de\/markt\/wp-json\/wp\/v2\/product_cat?post=90142"},{"taxonomy":"product_tag","embeddable":true,"href":"https:\/\/marktxxl.de\/markt\/wp-json\/wp\/v2\/product_tag?post=90142"}],"curies":[{"name":"wp","href":"https:\/\/api.w.org\/{rel}","templated":true}]}}