{"id":90120,"date":"2021-12-28T19:15:46","date_gmt":"2021-12-28T18:15:46","guid":{"rendered":"https:\/\/marktxxl.de\/markt\/produkt\/kinderrucksack-vaschy-niedlich-wasserabweisend-vorschule-jungen-maedchen-kleinkind-kindergarten-kleine-kinder-rucksack-mit-brustschnalle-fuer-2-bis-4-jahre-alt\/"},"modified":"2023-04-07T02:24:41","modified_gmt":"2023-04-07T00:24:41","slug":"kinderrucksack-vaschy-niedlich-wasserabweisend-vorschule-jungen-maedchen-kleinkind-kindergarten-kleine-kinder-rucksack-mit-brustschnalle-fuer-2-bis-4-jahre-alt","status":"publish","type":"product","link":"https:\/\/marktxxl.de\/markt\/produkt\/kinderrucksack-vaschy-niedlich-wasserabweisend-vorschule-jungen-maedchen-kleinkind-kindergarten-kleine-kinder-rucksack-mit-brustschnalle-fuer-2-bis-4-jahre-alt\/","title":{"rendered":"VASCHY Kinderrucksack M\u00e4dchen, Niedlich Wasserdicht Vorschule Kinder Rucksack Kindergarten Kleinkind Schulranzen mit\u2026"},"content":{"rendered":"<p>1.Einzigartiges design: Inspiriert von den kunstwerken eines liebevollen k\u00fcnstlers, kanalisiert unsere exklusive kollektion ihre spontane nutzung von farbe und kindlichem sinn f\u00fcr wunder. Die kollektion des kinderrucksacks f\u00e4ngt die geister der fantasie und mode ein, die ihren kleinen dazu inspirieren, ihre tr\u00e4ume zu verwirklichen.<br \/>\n2.Leicht zu organisieren: Der vorschulrucksack verf\u00fcgt \u00fcber leicht zu \u00f6ffnende und zu schlie\u00dfende rei\u00dfverschlusstaschen, eine haupttasche mit rei\u00dfverschluss, zwei seitentaschen f\u00fcr wasser und mikrofon, obere schlaufen f\u00fcr aufbewahrung und andere tragem\u00f6glichkeiten und ist die effizienteste und spielerischste kollektion rund um smooth sbs rei\u00dfverschl\u00fcsse f\u00fcr die kleinen kinder, zum leicht zu \u00f6ffnen und zu schlie\u00dfen. Spitzenschlaufen f\u00fcr lagerung oder andere tragende wahlen.<br \/>\n3.Gro\u00dfe kapazit\u00e4t: 11&#215;4.3&#215;14.6 zoll \/ 28x11x37cm(l\u00e4nge x breite x h\u00f6he) , gewichte 0.77 pfund\/0.35 kilogramm.seitentaschen: 4.3&#215;5.5 zoll \/ 11x14cm.capacity: 11.5 liter innerer teiler passt die A4 tablette, t\u00e4tigkeitsb\u00fccher, etc.holds eine brotzeittasche, zwei kleine notizb\u00fccher, zwei b\u00fccher und eine wasserflasche. Es war eine praktische art, ihre sachen (zeitschriften, b\u00fccher, gesammelte sch\u00e4tze usw.) zu organisieren.<br \/>\n4.Leichtgewicht: Der vorschulrucksack ist aus strapazierf\u00e4higem, wasserabweisendem polyester, das leicht und einfach zu reinigen ist. Der kinderrucksack ist perfekt f\u00fcr kleinkinder, die in die vorschule gehen oder spielen. Der verstellbare brustgurt stabilisiert die ladung w\u00e4hrend der t\u00e4glichen aktivit\u00e4ten.<br \/>\n5.Ideales Geschenk: Empfohlen f\u00fcr kinder 2 jahre alt und up.comes mit einer garantie gegen irgendwelche herstellungsfehler zum zeitpunkt des kaufs. Der kleine rucksack ist ein perfektes geschenk f\u00fcr die sch\u00f6nen kinder.<br \/>\n<div class=\"main-cross-sell\" data-asin=\"B077QG99K6\">\n\n\t<div class=\"WooZone-cross-sell-loader\">\n\t\t<div>\n\t\t\t<div id=\"floatingBarsG\">\n\t\t\t\t<div class=\"blockG\" id=\"rotateG_01\"><\/div>\n\t\t\t\t<div class=\"blockG\" id=\"rotateG_02\"><\/div>\n\t\t\t\t<div class=\"blockG\" id=\"rotateG_03\"><\/div>\n\t\t\t\t<div class=\"blockG\" id=\"rotateG_04\"><\/div>\n\t\t\t\t<div class=\"blockG\" id=\"rotateG_05\"><\/div>\n\t\t\t\t<div class=\"blockG\" id=\"rotateG_06\"><\/div>\n\t\t\t\t<div class=\"blockG\" id=\"rotateG_07\"><\/div>\n\t\t\t\t<div class=\"blockG\" id=\"rotateG_08\"><\/div>\n\t\t\t<\/div>\n\t\t\t<div class=\"WooZone-cross-sell-loader-text\"><\/div>\n\t\t<\/div>\n\t<\/div>\n\n\t\t\n<\/div>\n<div style=\"clear:both;\"><\/div><\/p>\n","protected":false},"excerpt":{"rendered":"<p>1.Einzigartiges design: Inspiriert von den kunstwerken eines liebevollen k\u00fcnstlers, kanalisiert unsere exklusive kollektion ihre spontane nutzung von farbe und kindlichem sinn f\u00fcr wunder. Die kollektion des kinderrucksacks f\u00e4ngt die geister der fantasie und mode ein, die ihren kleinen dazu inspirieren, ihre tr\u00e4ume zu verwirklichen.<br \/>\n2.Leicht zu organisieren: Der vorschulrucksack verf\u00fcgt \u00fcber leicht zu \u00f6ffnende und zu schlie\u00dfende rei\u00dfverschlusstaschen, eine haupttasche mit rei\u00dfverschluss, zwei seitentaschen f\u00fcr wasser und mikrofon, obere schlaufen f\u00fcr aufbewahrung und andere tragem\u00f6glichkeiten und ist die effizienteste und spielerischste kollektion rund um smooth sbs rei\u00dfverschl\u00fcsse f\u00fcr die kleinen kinder, zum leicht zu \u00f6ffnen und zu schlie\u00dfen. Spitzenschlaufen f\u00fcr lagerung oder andere tragende wahlen.<br \/>\n3.Gro\u00dfe kapazit\u00e4t: 11&#215;4.3&#215;14.6 zoll \/ 28x11x37cm(l\u00e4nge x breite x h\u00f6he) , gewichte 0.77 pfund\/0.35 kilogramm.seitentaschen: 4.3&#215;5.5 zoll \/ 11x14cm.capacity: 11.5 liter innerer teiler passt die A4 tablette, t\u00e4tigkeitsb\u00fccher, etc.holds eine brotzeittasche, zwei kleine notizb\u00fccher, zwei b\u00fccher und eine wasserflasche. Es war eine praktische art, ihre sachen (zeitschriften, b\u00fccher, gesammelte sch\u00e4tze usw.) zu organisieren.<\/p>\n","protected":false},"featured_media":90121,"comment_status":"open","ping_status":"closed","template":"","meta":[],"product_brand":[],"product_cat":[504,8631],"product_tag":[],"class_list":{"0":"post-90120","1":"product","2":"type-product","3":"status-publish","4":"has-post-thumbnail","6":"product_cat-buerobedarf-schreibwaren","7":"product_cat-schul-unibedarf","8":"pa_brand-vaschy","9":"pa_model-vaeu21bp","10":"pa_size-einheitsgroesse","11":"pa_weight-0-76941329438-pfund","13":"first","14":"instock","15":"shipping-taxable","16":"purchasable","17":"product-type-simple","18":"customify-col","19":"product-has-gallery"},"yoast_head":"<!-- This site is optimized with the Yoast SEO plugin v27.4 - https:\/\/yoast.com\/product\/yoast-seo-wordpress\/ -->\n<title>VASCHY Kinderrucksack M\u00e4dchen, Niedlich Wasserdicht Vorschule Kinder Rucksack Kindergarten Kleinkind Schulranzen mit\u2026 - Markt-XXL<\/title>\n<meta name=\"description\" content=\"Markt-XXL VASCHY Kinderrucksack M\u00e4dchen, Niedlich Wasserdicht Vorschule Kinder Rucksack Kindergarten Kleinkind Schulranzen mit\u2026\" \/>\n<meta name=\"robots\" content=\"index, follow, max-snippet:-1, max-image-preview:large, max-video-preview:-1\" \/>\n<link rel=\"canonical\" href=\"https:\/\/marktxxl.de\/markt\/produkt\/kinderrucksack-vaschy-niedlich-wasserabweisend-vorschule-jungen-maedchen-kleinkind-kindergarten-kleine-kinder-rucksack-mit-brustschnalle-fuer-2-bis-4-jahre-alt\/\" \/>\n<meta property=\"og:locale\" content=\"de_DE\" \/>\n<meta property=\"og:type\" content=\"article\" \/>\n<meta property=\"og:title\" content=\"VASCHY Kinderrucksack M\u00e4dchen, Niedlich Wasserdicht Vorschule Kinder Rucksack Kindergarten Kleinkind Schulranzen mit\u2026 - Markt-XXL\" \/>\n<meta property=\"og:description\" content=\"Markt-XXL VASCHY Kinderrucksack M\u00e4dchen, Niedlich Wasserdicht Vorschule Kinder Rucksack Kindergarten Kleinkind Schulranzen mit\u2026\" \/>\n<meta property=\"og:url\" content=\"https:\/\/marktxxl.de\/markt\/produkt\/kinderrucksack-vaschy-niedlich-wasserabweisend-vorschule-jungen-maedchen-kleinkind-kindergarten-kleine-kinder-rucksack-mit-brustschnalle-fuer-2-bis-4-jahre-alt\/\" \/>\n<meta property=\"og:site_name\" content=\"Markt-XXL\" \/>\n<meta property=\"article:modified_time\" content=\"2023-04-07T00:24:41+00:00\" \/>\n<meta property=\"og:image\" content=\"https:\/\/m.media-amazon.com\/images\/I\/51oxlp3yprL._SL500_.jpg\" \/>\n\t<meta property=\"og:image:width\" content=\"393\" \/>\n\t<meta property=\"og:image:height\" content=\"500\" \/>\n\t<meta property=\"og:image:type\" content=\"image\/jpeg\" \/>\n<meta name=\"twitter:card\" content=\"summary_large_image\" \/>\n<meta name=\"twitter:label1\" content=\"Gesch\u00e4tzte Lesezeit\" \/>\n\t<meta name=\"twitter:data1\" content=\"1\u00a0Minute\" \/>\n<script type=\"application\/ld+json\" class=\"yoast-schema-graph\">{\"@context\":\"https:\\\/\\\/schema.org\",\"@graph\":[{\"@type\":\"WebPage\",\"@id\":\"https:\\\/\\\/marktxxl.de\\\/markt\\\/produkt\\\/kinderrucksack-vaschy-niedlich-wasserabweisend-vorschule-jungen-maedchen-kleinkind-kindergarten-kleine-kinder-rucksack-mit-brustschnalle-fuer-2-bis-4-jahre-alt\\\/\",\"url\":\"https:\\\/\\\/marktxxl.de\\\/markt\\\/produkt\\\/kinderrucksack-vaschy-niedlich-wasserabweisend-vorschule-jungen-maedchen-kleinkind-kindergarten-kleine-kinder-rucksack-mit-brustschnalle-fuer-2-bis-4-jahre-alt\\\/\",\"name\":\"VASCHY Kinderrucksack M\u00e4dchen, Niedlich Wasserdicht Vorschule Kinder Rucksack Kindergarten Kleinkind Schulranzen mit\u2026 - Markt-XXL\",\"isPartOf\":{\"@id\":\"https:\\\/\\\/marktxxl.de\\\/markt\\\/#website\"},\"primaryImageOfPage\":{\"@id\":\"https:\\\/\\\/marktxxl.de\\\/markt\\\/produkt\\\/kinderrucksack-vaschy-niedlich-wasserabweisend-vorschule-jungen-maedchen-kleinkind-kindergarten-kleine-kinder-rucksack-mit-brustschnalle-fuer-2-bis-4-jahre-alt\\\/#primaryimage\"},\"image\":{\"@id\":\"https:\\\/\\\/marktxxl.de\\\/markt\\\/produkt\\\/kinderrucksack-vaschy-niedlich-wasserabweisend-vorschule-jungen-maedchen-kleinkind-kindergarten-kleine-kinder-rucksack-mit-brustschnalle-fuer-2-bis-4-jahre-alt\\\/#primaryimage\"},\"thumbnailUrl\":\"https:\\\/\\\/m.media-amazon.com\\\/images\\\/I\\\/51oxlp3yprL._SL500_.jpg\",\"datePublished\":\"2021-12-28T18:15:46+00:00\",\"dateModified\":\"2023-04-07T00:24:41+00:00\",\"description\":\"Markt-XXL VASCHY Kinderrucksack M\u00e4dchen, Niedlich Wasserdicht Vorschule Kinder Rucksack Kindergarten Kleinkind Schulranzen mit\u2026\",\"breadcrumb\":{\"@id\":\"https:\\\/\\\/marktxxl.de\\\/markt\\\/produkt\\\/kinderrucksack-vaschy-niedlich-wasserabweisend-vorschule-jungen-maedchen-kleinkind-kindergarten-kleine-kinder-rucksack-mit-brustschnalle-fuer-2-bis-4-jahre-alt\\\/#breadcrumb\"},\"inLanguage\":\"de\",\"potentialAction\":[{\"@type\":\"ReadAction\",\"target\":[\"https:\\\/\\\/marktxxl.de\\\/markt\\\/produkt\\\/kinderrucksack-vaschy-niedlich-wasserabweisend-vorschule-jungen-maedchen-kleinkind-kindergarten-kleine-kinder-rucksack-mit-brustschnalle-fuer-2-bis-4-jahre-alt\\\/\"]}]},{\"@type\":\"ImageObject\",\"inLanguage\":\"de\",\"@id\":\"https:\\\/\\\/marktxxl.de\\\/markt\\\/produkt\\\/kinderrucksack-vaschy-niedlich-wasserabweisend-vorschule-jungen-maedchen-kleinkind-kindergarten-kleine-kinder-rucksack-mit-brustschnalle-fuer-2-bis-4-jahre-alt\\\/#primaryimage\",\"url\":\"https:\\\/\\\/m.media-amazon.com\\\/images\\\/I\\\/51oxlp3yprL._SL500_.jpg\",\"contentUrl\":\"https:\\\/\\\/m.media-amazon.com\\\/images\\\/I\\\/51oxlp3yprL._SL500_.jpg\",\"width\":393,\"height\":500},{\"@type\":\"BreadcrumbList\",\"@id\":\"https:\\\/\\\/marktxxl.de\\\/markt\\\/produkt\\\/kinderrucksack-vaschy-niedlich-wasserabweisend-vorschule-jungen-maedchen-kleinkind-kindergarten-kleine-kinder-rucksack-mit-brustschnalle-fuer-2-bis-4-jahre-alt\\\/#breadcrumb\",\"itemListElement\":[{\"@type\":\"ListItem\",\"position\":1,\"name\":\"Startseite\",\"item\":\"https:\\\/\\\/marktxxl.de\\\/markt\\\/\"},{\"@type\":\"ListItem\",\"position\":2,\"name\":\"Markt\",\"item\":\"https:\\\/\\\/marktxxl.de\\\/markt\\\/\"},{\"@type\":\"ListItem\",\"position\":3,\"name\":\"VASCHY Kinderrucksack M\u00e4dchen, Niedlich Wasserdicht Vorschule Kinder Rucksack Kindergarten Kleinkind Schulranzen mit\u2026\"}]},{\"@type\":\"WebSite\",\"@id\":\"https:\\\/\\\/marktxxl.de\\\/markt\\\/#website\",\"url\":\"https:\\\/\\\/marktxxl.de\\\/markt\\\/\",\"name\":\"Markt-XXL\",\"description\":\"Ihr Markt Online\",\"publisher\":{\"@id\":\"https:\\\/\\\/marktxxl.de\\\/markt\\\/#organization\"},\"potentialAction\":[{\"@type\":\"SearchAction\",\"target\":{\"@type\":\"EntryPoint\",\"urlTemplate\":\"https:\\\/\\\/marktxxl.de\\\/markt\\\/?s={search_term_string}\"},\"query-input\":{\"@type\":\"PropertyValueSpecification\",\"valueRequired\":true,\"valueName\":\"search_term_string\"}}],\"inLanguage\":\"de\"},{\"@type\":\"Organization\",\"@id\":\"https:\\\/\\\/marktxxl.de\\\/markt\\\/#organization\",\"name\":\"Markt-XXL\",\"url\":\"https:\\\/\\\/marktxxl.de\\\/markt\\\/\",\"logo\":{\"@type\":\"ImageObject\",\"inLanguage\":\"de\",\"@id\":\"https:\\\/\\\/marktxxl.de\\\/markt\\\/#\\\/schema\\\/logo\\\/image\\\/\",\"url\":\"https:\\\/\\\/marktxxl.de\\\/markt\\\/wp-content\\\/uploads\\\/sites\\\/3\\\/2020\\\/12\\\/logo.png\",\"contentUrl\":\"https:\\\/\\\/marktxxl.de\\\/markt\\\/wp-content\\\/uploads\\\/sites\\\/3\\\/2020\\\/12\\\/logo.png\",\"width\":200,\"height\":70,\"caption\":\"Markt-XXL\"},\"image\":{\"@id\":\"https:\\\/\\\/marktxxl.de\\\/markt\\\/#\\\/schema\\\/logo\\\/image\\\/\"}}]}<\/script>\n<!-- \/ Yoast SEO plugin. -->","yoast_head_json":{"title":"VASCHY Kinderrucksack M\u00e4dchen, Niedlich Wasserdicht Vorschule Kinder Rucksack Kindergarten Kleinkind Schulranzen mit\u2026 - Markt-XXL","description":"Markt-XXL VASCHY Kinderrucksack M\u00e4dchen, Niedlich Wasserdicht Vorschule Kinder Rucksack Kindergarten Kleinkind Schulranzen mit\u2026","robots":{"index":"index","follow":"follow","max-snippet":"max-snippet:-1","max-image-preview":"max-image-preview:large","max-video-preview":"max-video-preview:-1"},"canonical":"https:\/\/marktxxl.de\/markt\/produkt\/kinderrucksack-vaschy-niedlich-wasserabweisend-vorschule-jungen-maedchen-kleinkind-kindergarten-kleine-kinder-rucksack-mit-brustschnalle-fuer-2-bis-4-jahre-alt\/","og_locale":"de_DE","og_type":"article","og_title":"VASCHY Kinderrucksack M\u00e4dchen, Niedlich Wasserdicht Vorschule Kinder Rucksack Kindergarten Kleinkind Schulranzen mit\u2026 - Markt-XXL","og_description":"Markt-XXL VASCHY Kinderrucksack M\u00e4dchen, Niedlich Wasserdicht Vorschule Kinder Rucksack Kindergarten Kleinkind Schulranzen mit\u2026","og_url":"https:\/\/marktxxl.de\/markt\/produkt\/kinderrucksack-vaschy-niedlich-wasserabweisend-vorschule-jungen-maedchen-kleinkind-kindergarten-kleine-kinder-rucksack-mit-brustschnalle-fuer-2-bis-4-jahre-alt\/","og_site_name":"Markt-XXL","article_modified_time":"2023-04-07T00:24:41+00:00","og_image":[{"width":393,"height":500,"url":"https:\/\/m.media-amazon.com\/images\/I\/51oxlp3yprL._SL500_.jpg","type":"image\/jpeg"}],"twitter_card":"summary_large_image","twitter_misc":{"Gesch\u00e4tzte Lesezeit":"1\u00a0Minute"},"schema":{"@context":"https:\/\/schema.org","@graph":[{"@type":"WebPage","@id":"https:\/\/marktxxl.de\/markt\/produkt\/kinderrucksack-vaschy-niedlich-wasserabweisend-vorschule-jungen-maedchen-kleinkind-kindergarten-kleine-kinder-rucksack-mit-brustschnalle-fuer-2-bis-4-jahre-alt\/","url":"https:\/\/marktxxl.de\/markt\/produkt\/kinderrucksack-vaschy-niedlich-wasserabweisend-vorschule-jungen-maedchen-kleinkind-kindergarten-kleine-kinder-rucksack-mit-brustschnalle-fuer-2-bis-4-jahre-alt\/","name":"VASCHY Kinderrucksack M\u00e4dchen, Niedlich Wasserdicht Vorschule Kinder Rucksack Kindergarten Kleinkind Schulranzen mit\u2026 - Markt-XXL","isPartOf":{"@id":"https:\/\/marktxxl.de\/markt\/#website"},"primaryImageOfPage":{"@id":"https:\/\/marktxxl.de\/markt\/produkt\/kinderrucksack-vaschy-niedlich-wasserabweisend-vorschule-jungen-maedchen-kleinkind-kindergarten-kleine-kinder-rucksack-mit-brustschnalle-fuer-2-bis-4-jahre-alt\/#primaryimage"},"image":{"@id":"https:\/\/marktxxl.de\/markt\/produkt\/kinderrucksack-vaschy-niedlich-wasserabweisend-vorschule-jungen-maedchen-kleinkind-kindergarten-kleine-kinder-rucksack-mit-brustschnalle-fuer-2-bis-4-jahre-alt\/#primaryimage"},"thumbnailUrl":"https:\/\/m.media-amazon.com\/images\/I\/51oxlp3yprL._SL500_.jpg","datePublished":"2021-12-28T18:15:46+00:00","dateModified":"2023-04-07T00:24:41+00:00","description":"Markt-XXL VASCHY Kinderrucksack M\u00e4dchen, Niedlich Wasserdicht Vorschule Kinder Rucksack Kindergarten Kleinkind Schulranzen mit\u2026","breadcrumb":{"@id":"https:\/\/marktxxl.de\/markt\/produkt\/kinderrucksack-vaschy-niedlich-wasserabweisend-vorschule-jungen-maedchen-kleinkind-kindergarten-kleine-kinder-rucksack-mit-brustschnalle-fuer-2-bis-4-jahre-alt\/#breadcrumb"},"inLanguage":"de","potentialAction":[{"@type":"ReadAction","target":["https:\/\/marktxxl.de\/markt\/produkt\/kinderrucksack-vaschy-niedlich-wasserabweisend-vorschule-jungen-maedchen-kleinkind-kindergarten-kleine-kinder-rucksack-mit-brustschnalle-fuer-2-bis-4-jahre-alt\/"]}]},{"@type":"ImageObject","inLanguage":"de","@id":"https:\/\/marktxxl.de\/markt\/produkt\/kinderrucksack-vaschy-niedlich-wasserabweisend-vorschule-jungen-maedchen-kleinkind-kindergarten-kleine-kinder-rucksack-mit-brustschnalle-fuer-2-bis-4-jahre-alt\/#primaryimage","url":"https:\/\/m.media-amazon.com\/images\/I\/51oxlp3yprL._SL500_.jpg","contentUrl":"https:\/\/m.media-amazon.com\/images\/I\/51oxlp3yprL._SL500_.jpg","width":393,"height":500},{"@type":"BreadcrumbList","@id":"https:\/\/marktxxl.de\/markt\/produkt\/kinderrucksack-vaschy-niedlich-wasserabweisend-vorschule-jungen-maedchen-kleinkind-kindergarten-kleine-kinder-rucksack-mit-brustschnalle-fuer-2-bis-4-jahre-alt\/#breadcrumb","itemListElement":[{"@type":"ListItem","position":1,"name":"Startseite","item":"https:\/\/marktxxl.de\/markt\/"},{"@type":"ListItem","position":2,"name":"Markt","item":"https:\/\/marktxxl.de\/markt\/"},{"@type":"ListItem","position":3,"name":"VASCHY Kinderrucksack M\u00e4dchen, Niedlich Wasserdicht Vorschule Kinder Rucksack Kindergarten Kleinkind Schulranzen mit\u2026"}]},{"@type":"WebSite","@id":"https:\/\/marktxxl.de\/markt\/#website","url":"https:\/\/marktxxl.de\/markt\/","name":"Markt-XXL","description":"Ihr Markt Online","publisher":{"@id":"https:\/\/marktxxl.de\/markt\/#organization"},"potentialAction":[{"@type":"SearchAction","target":{"@type":"EntryPoint","urlTemplate":"https:\/\/marktxxl.de\/markt\/?s={search_term_string}"},"query-input":{"@type":"PropertyValueSpecification","valueRequired":true,"valueName":"search_term_string"}}],"inLanguage":"de"},{"@type":"Organization","@id":"https:\/\/marktxxl.de\/markt\/#organization","name":"Markt-XXL","url":"https:\/\/marktxxl.de\/markt\/","logo":{"@type":"ImageObject","inLanguage":"de","@id":"https:\/\/marktxxl.de\/markt\/#\/schema\/logo\/image\/","url":"https:\/\/marktxxl.de\/markt\/wp-content\/uploads\/sites\/3\/2020\/12\/logo.png","contentUrl":"https:\/\/marktxxl.de\/markt\/wp-content\/uploads\/sites\/3\/2020\/12\/logo.png","width":200,"height":70,"caption":"Markt-XXL"},"image":{"@id":"https:\/\/marktxxl.de\/markt\/#\/schema\/logo\/image\/"}}]}},"_links":{"self":[{"href":"https:\/\/marktxxl.de\/markt\/wp-json\/wp\/v2\/product\/90120","targetHints":{"allow":["GET"]}}],"collection":[{"href":"https:\/\/marktxxl.de\/markt\/wp-json\/wp\/v2\/product"}],"about":[{"href":"https:\/\/marktxxl.de\/markt\/wp-json\/wp\/v2\/types\/product"}],"replies":[{"embeddable":true,"href":"https:\/\/marktxxl.de\/markt\/wp-json\/wp\/v2\/comments?post=90120"}],"wp:featuredmedia":[{"embeddable":true,"href":"https:\/\/marktxxl.de\/markt\/wp-json\/wp\/v2\/media\/90121"}],"wp:attachment":[{"href":"https:\/\/marktxxl.de\/markt\/wp-json\/wp\/v2\/media?parent=90120"}],"wp:term":[{"taxonomy":"product_brand","embeddable":true,"href":"https:\/\/marktxxl.de\/markt\/wp-json\/wp\/v2\/product_brand?post=90120"},{"taxonomy":"product_cat","embeddable":true,"href":"https:\/\/marktxxl.de\/markt\/wp-json\/wp\/v2\/product_cat?post=90120"},{"taxonomy":"product_tag","embeddable":true,"href":"https:\/\/marktxxl.de\/markt\/wp-json\/wp\/v2\/product_tag?post=90120"}],"curies":[{"name":"wp","href":"https:\/\/api.w.org\/{rel}","templated":true}]}}