{"id":90076,"date":"2021-12-28T19:15:13","date_gmt":"2021-12-28T18:15:13","guid":{"rendered":"https:\/\/marktxxl.de\/markt\/produkt\/piano-adventures-lesson-book-primer-level-2nd-edition-noten-sammelband-lehrmaterial-fuer-klavier\/"},"modified":"2023-04-07T02:24:40","modified_gmt":"2023-04-07T00:24:40","slug":"piano-adventures-lesson-book-primer-level-2nd-edition-noten-sammelband-lehrmaterial-fuer-klavier","status":"publish","type":"product","link":"https:\/\/marktxxl.de\/markt\/produkt\/piano-adventures-lesson-book-primer-level-2nd-edition-noten-sammelband-lehrmaterial-fuer-klavier\/","title":{"rendered":"Piano Adventures : Lesson Book &#8211; Primer Level (2nd Edition): Noten, Sammelband, Lehrmaterial f\u00fcr Klavier"},"content":{"rendered":"<p>Diese Schule bringt wahrlich das Gef\u00fchl von Abenteuer in das Klavierlernen und unterst\u00fctzt und motiviert den Sch\u00fcler zum Lernen mit ihrem weitgef\u00e4cherten Repertoire und ihren hervorragenden Mitteln. Klavier lernen leicht gemacht!<br \/>\nNotenbuch<br \/>\nKlavier<br \/>\n<div class=\"main-cross-sell\" data-asin=\"1616770759\">\n\n\t<div class=\"WooZone-cross-sell-loader\">\n\t\t<div>\n\t\t\t<div id=\"floatingBarsG\">\n\t\t\t\t<div class=\"blockG\" id=\"rotateG_01\"><\/div>\n\t\t\t\t<div class=\"blockG\" id=\"rotateG_02\"><\/div>\n\t\t\t\t<div class=\"blockG\" id=\"rotateG_03\"><\/div>\n\t\t\t\t<div class=\"blockG\" id=\"rotateG_04\"><\/div>\n\t\t\t\t<div class=\"blockG\" id=\"rotateG_05\"><\/div>\n\t\t\t\t<div class=\"blockG\" id=\"rotateG_06\"><\/div>\n\t\t\t\t<div class=\"blockG\" id=\"rotateG_07\"><\/div>\n\t\t\t\t<div class=\"blockG\" id=\"rotateG_08\"><\/div>\n\t\t\t<\/div>\n\t\t\t<div class=\"WooZone-cross-sell-loader-text\"><\/div>\n\t\t<\/div>\n\t<\/div>\n\n\t\t\n<\/div>\n<div style=\"clear:both;\"><\/div><\/p>\n","protected":false},"excerpt":{"rendered":"<p>Diese Schule bringt wahrlich das Gef\u00fchl von Abenteuer in das Klavierlernen und unterst\u00fctzt und motiviert den Sch\u00fcler zum Lernen mit ihrem weitgef\u00e4cherten Repertoire und ihren hervorragenden Mitteln. Klavier lernen leicht gemacht!<br \/>\nNotenbuch<br \/>\nKlavier<\/p>\n","protected":false},"featured_media":90077,"comment_status":"open","ping_status":"closed","template":"","meta":[],"product_brand":[],"product_cat":[504,8631],"product_tag":[],"class_list":{"0":"post-90076","1":"product","2":"type-product","3":"status-publish","4":"has-post-thumbnail","6":"product_cat-buerobedarf-schreibwaren","7":"product_cat-schul-unibedarf","8":"pa_binding-taschenbuch","9":"pa_brand-faber-piano-adventures","10":"pa_edition-2nd-revised-ed","11":"pa_height-9-zoll","12":"pa_languages-veroeffentlicht-englisch-originalsprache-englisch-menue-englisch-unbekannt-englisch","13":"pa_length-12-zoll","14":"pa_manufacturer-hl-agency-consigned","15":"pa_model-28736","16":"pa_weight-0-55-pfund","17":"pa_width-0-19-zoll","19":"first","20":"instock","21":"shipping-taxable","22":"purchasable","23":"product-type-simple","24":"customify-col","25":"product-has-gallery"},"yoast_head":"<!-- This site is optimized with the Yoast SEO plugin v27.4 - https:\/\/yoast.com\/product\/yoast-seo-wordpress\/ -->\n<title>Piano Adventures : Lesson Book - Primer Level (2nd Edition): Noten, Sammelband, Lehrmaterial f\u00fcr Klavier - Markt-XXL<\/title>\n<meta name=\"description\" content=\"Markt-XXL Piano Adventures : Lesson Book - Primer Level (2nd Edition): Noten, Sammelband, Lehrmaterial f\u00fcr Klavier\" \/>\n<meta name=\"robots\" content=\"index, follow, max-snippet:-1, max-image-preview:large, max-video-preview:-1\" \/>\n<link rel=\"canonical\" href=\"https:\/\/marktxxl.de\/markt\/produkt\/piano-adventures-lesson-book-primer-level-2nd-edition-noten-sammelband-lehrmaterial-fuer-klavier\/\" \/>\n<meta property=\"og:locale\" content=\"de_DE\" \/>\n<meta property=\"og:type\" content=\"article\" \/>\n<meta property=\"og:title\" content=\"Piano Adventures : Lesson Book - Primer Level (2nd Edition): Noten, Sammelband, Lehrmaterial f\u00fcr Klavier - Markt-XXL\" \/>\n<meta property=\"og:description\" content=\"Markt-XXL Piano Adventures : Lesson Book - Primer Level (2nd Edition): Noten, Sammelband, Lehrmaterial f\u00fcr Klavier\" \/>\n<meta property=\"og:url\" content=\"https:\/\/marktxxl.de\/markt\/produkt\/piano-adventures-lesson-book-primer-level-2nd-edition-noten-sammelband-lehrmaterial-fuer-klavier\/\" \/>\n<meta property=\"og:site_name\" content=\"Markt-XXL\" \/>\n<meta property=\"article:modified_time\" content=\"2023-04-07T00:24:40+00:00\" \/>\n<meta property=\"og:image\" content=\"https:\/\/m.media-amazon.com\/images\/I\/41N5XBov-ML._SL500_.jpg\" \/>\n\t<meta property=\"og:image:width\" content=\"500\" \/>\n\t<meta property=\"og:image:height\" content=\"375\" \/>\n\t<meta property=\"og:image:type\" content=\"image\/jpeg\" \/>\n<meta name=\"twitter:card\" content=\"summary_large_image\" \/>\n<script type=\"application\/ld+json\" class=\"yoast-schema-graph\">{\"@context\":\"https:\\\/\\\/schema.org\",\"@graph\":[{\"@type\":\"WebPage\",\"@id\":\"https:\\\/\\\/marktxxl.de\\\/markt\\\/produkt\\\/piano-adventures-lesson-book-primer-level-2nd-edition-noten-sammelband-lehrmaterial-fuer-klavier\\\/\",\"url\":\"https:\\\/\\\/marktxxl.de\\\/markt\\\/produkt\\\/piano-adventures-lesson-book-primer-level-2nd-edition-noten-sammelband-lehrmaterial-fuer-klavier\\\/\",\"name\":\"Piano Adventures : Lesson Book - Primer Level (2nd Edition): Noten, Sammelband, Lehrmaterial f\u00fcr Klavier - Markt-XXL\",\"isPartOf\":{\"@id\":\"https:\\\/\\\/marktxxl.de\\\/markt\\\/#website\"},\"primaryImageOfPage\":{\"@id\":\"https:\\\/\\\/marktxxl.de\\\/markt\\\/produkt\\\/piano-adventures-lesson-book-primer-level-2nd-edition-noten-sammelband-lehrmaterial-fuer-klavier\\\/#primaryimage\"},\"image\":{\"@id\":\"https:\\\/\\\/marktxxl.de\\\/markt\\\/produkt\\\/piano-adventures-lesson-book-primer-level-2nd-edition-noten-sammelband-lehrmaterial-fuer-klavier\\\/#primaryimage\"},\"thumbnailUrl\":\"https:\\\/\\\/m.media-amazon.com\\\/images\\\/I\\\/41N5XBov-ML._SL500_.jpg\",\"datePublished\":\"2021-12-28T18:15:13+00:00\",\"dateModified\":\"2023-04-07T00:24:40+00:00\",\"description\":\"Markt-XXL Piano Adventures : Lesson Book - Primer Level (2nd Edition): Noten, Sammelband, Lehrmaterial f\u00fcr Klavier\",\"breadcrumb\":{\"@id\":\"https:\\\/\\\/marktxxl.de\\\/markt\\\/produkt\\\/piano-adventures-lesson-book-primer-level-2nd-edition-noten-sammelband-lehrmaterial-fuer-klavier\\\/#breadcrumb\"},\"inLanguage\":\"de\",\"potentialAction\":[{\"@type\":\"ReadAction\",\"target\":[\"https:\\\/\\\/marktxxl.de\\\/markt\\\/produkt\\\/piano-adventures-lesson-book-primer-level-2nd-edition-noten-sammelband-lehrmaterial-fuer-klavier\\\/\"]}]},{\"@type\":\"ImageObject\",\"inLanguage\":\"de\",\"@id\":\"https:\\\/\\\/marktxxl.de\\\/markt\\\/produkt\\\/piano-adventures-lesson-book-primer-level-2nd-edition-noten-sammelband-lehrmaterial-fuer-klavier\\\/#primaryimage\",\"url\":\"https:\\\/\\\/m.media-amazon.com\\\/images\\\/I\\\/41N5XBov-ML._SL500_.jpg\",\"contentUrl\":\"https:\\\/\\\/m.media-amazon.com\\\/images\\\/I\\\/41N5XBov-ML._SL500_.jpg\",\"width\":500,\"height\":375},{\"@type\":\"BreadcrumbList\",\"@id\":\"https:\\\/\\\/marktxxl.de\\\/markt\\\/produkt\\\/piano-adventures-lesson-book-primer-level-2nd-edition-noten-sammelband-lehrmaterial-fuer-klavier\\\/#breadcrumb\",\"itemListElement\":[{\"@type\":\"ListItem\",\"position\":1,\"name\":\"Startseite\",\"item\":\"https:\\\/\\\/marktxxl.de\\\/markt\\\/\"},{\"@type\":\"ListItem\",\"position\":2,\"name\":\"Markt\",\"item\":\"https:\\\/\\\/marktxxl.de\\\/markt\\\/\"},{\"@type\":\"ListItem\",\"position\":3,\"name\":\"Piano Adventures : Lesson Book &#8211; Primer Level (2nd Edition): Noten, Sammelband, Lehrmaterial f\u00fcr Klavier\"}]},{\"@type\":\"WebSite\",\"@id\":\"https:\\\/\\\/marktxxl.de\\\/markt\\\/#website\",\"url\":\"https:\\\/\\\/marktxxl.de\\\/markt\\\/\",\"name\":\"Markt-XXL\",\"description\":\"Ihr Markt Online\",\"publisher\":{\"@id\":\"https:\\\/\\\/marktxxl.de\\\/markt\\\/#organization\"},\"potentialAction\":[{\"@type\":\"SearchAction\",\"target\":{\"@type\":\"EntryPoint\",\"urlTemplate\":\"https:\\\/\\\/marktxxl.de\\\/markt\\\/?s={search_term_string}\"},\"query-input\":{\"@type\":\"PropertyValueSpecification\",\"valueRequired\":true,\"valueName\":\"search_term_string\"}}],\"inLanguage\":\"de\"},{\"@type\":\"Organization\",\"@id\":\"https:\\\/\\\/marktxxl.de\\\/markt\\\/#organization\",\"name\":\"Markt-XXL\",\"url\":\"https:\\\/\\\/marktxxl.de\\\/markt\\\/\",\"logo\":{\"@type\":\"ImageObject\",\"inLanguage\":\"de\",\"@id\":\"https:\\\/\\\/marktxxl.de\\\/markt\\\/#\\\/schema\\\/logo\\\/image\\\/\",\"url\":\"https:\\\/\\\/marktxxl.de\\\/markt\\\/wp-content\\\/uploads\\\/sites\\\/3\\\/2020\\\/12\\\/logo.png\",\"contentUrl\":\"https:\\\/\\\/marktxxl.de\\\/markt\\\/wp-content\\\/uploads\\\/sites\\\/3\\\/2020\\\/12\\\/logo.png\",\"width\":200,\"height\":70,\"caption\":\"Markt-XXL\"},\"image\":{\"@id\":\"https:\\\/\\\/marktxxl.de\\\/markt\\\/#\\\/schema\\\/logo\\\/image\\\/\"}}]}<\/script>\n<!-- \/ Yoast SEO plugin. -->","yoast_head_json":{"title":"Piano Adventures : Lesson Book - Primer Level (2nd Edition): Noten, Sammelband, Lehrmaterial f\u00fcr Klavier - Markt-XXL","description":"Markt-XXL Piano Adventures : Lesson Book - Primer Level (2nd Edition): Noten, Sammelband, Lehrmaterial f\u00fcr Klavier","robots":{"index":"index","follow":"follow","max-snippet":"max-snippet:-1","max-image-preview":"max-image-preview:large","max-video-preview":"max-video-preview:-1"},"canonical":"https:\/\/marktxxl.de\/markt\/produkt\/piano-adventures-lesson-book-primer-level-2nd-edition-noten-sammelband-lehrmaterial-fuer-klavier\/","og_locale":"de_DE","og_type":"article","og_title":"Piano Adventures : Lesson Book - Primer Level (2nd Edition): Noten, Sammelband, Lehrmaterial f\u00fcr Klavier - Markt-XXL","og_description":"Markt-XXL Piano Adventures : Lesson Book - Primer Level (2nd Edition): Noten, Sammelband, Lehrmaterial f\u00fcr Klavier","og_url":"https:\/\/marktxxl.de\/markt\/produkt\/piano-adventures-lesson-book-primer-level-2nd-edition-noten-sammelband-lehrmaterial-fuer-klavier\/","og_site_name":"Markt-XXL","article_modified_time":"2023-04-07T00:24:40+00:00","og_image":[{"width":500,"height":375,"url":"https:\/\/m.media-amazon.com\/images\/I\/41N5XBov-ML._SL500_.jpg","type":"image\/jpeg"}],"twitter_card":"summary_large_image","schema":{"@context":"https:\/\/schema.org","@graph":[{"@type":"WebPage","@id":"https:\/\/marktxxl.de\/markt\/produkt\/piano-adventures-lesson-book-primer-level-2nd-edition-noten-sammelband-lehrmaterial-fuer-klavier\/","url":"https:\/\/marktxxl.de\/markt\/produkt\/piano-adventures-lesson-book-primer-level-2nd-edition-noten-sammelband-lehrmaterial-fuer-klavier\/","name":"Piano Adventures : Lesson Book - Primer Level (2nd Edition): Noten, Sammelband, Lehrmaterial f\u00fcr Klavier - Markt-XXL","isPartOf":{"@id":"https:\/\/marktxxl.de\/markt\/#website"},"primaryImageOfPage":{"@id":"https:\/\/marktxxl.de\/markt\/produkt\/piano-adventures-lesson-book-primer-level-2nd-edition-noten-sammelband-lehrmaterial-fuer-klavier\/#primaryimage"},"image":{"@id":"https:\/\/marktxxl.de\/markt\/produkt\/piano-adventures-lesson-book-primer-level-2nd-edition-noten-sammelband-lehrmaterial-fuer-klavier\/#primaryimage"},"thumbnailUrl":"https:\/\/m.media-amazon.com\/images\/I\/41N5XBov-ML._SL500_.jpg","datePublished":"2021-12-28T18:15:13+00:00","dateModified":"2023-04-07T00:24:40+00:00","description":"Markt-XXL Piano Adventures : Lesson Book - Primer Level (2nd Edition): Noten, Sammelband, Lehrmaterial f\u00fcr Klavier","breadcrumb":{"@id":"https:\/\/marktxxl.de\/markt\/produkt\/piano-adventures-lesson-book-primer-level-2nd-edition-noten-sammelband-lehrmaterial-fuer-klavier\/#breadcrumb"},"inLanguage":"de","potentialAction":[{"@type":"ReadAction","target":["https:\/\/marktxxl.de\/markt\/produkt\/piano-adventures-lesson-book-primer-level-2nd-edition-noten-sammelband-lehrmaterial-fuer-klavier\/"]}]},{"@type":"ImageObject","inLanguage":"de","@id":"https:\/\/marktxxl.de\/markt\/produkt\/piano-adventures-lesson-book-primer-level-2nd-edition-noten-sammelband-lehrmaterial-fuer-klavier\/#primaryimage","url":"https:\/\/m.media-amazon.com\/images\/I\/41N5XBov-ML._SL500_.jpg","contentUrl":"https:\/\/m.media-amazon.com\/images\/I\/41N5XBov-ML._SL500_.jpg","width":500,"height":375},{"@type":"BreadcrumbList","@id":"https:\/\/marktxxl.de\/markt\/produkt\/piano-adventures-lesson-book-primer-level-2nd-edition-noten-sammelband-lehrmaterial-fuer-klavier\/#breadcrumb","itemListElement":[{"@type":"ListItem","position":1,"name":"Startseite","item":"https:\/\/marktxxl.de\/markt\/"},{"@type":"ListItem","position":2,"name":"Markt","item":"https:\/\/marktxxl.de\/markt\/"},{"@type":"ListItem","position":3,"name":"Piano Adventures : Lesson Book &#8211; Primer Level (2nd Edition): Noten, Sammelband, Lehrmaterial f\u00fcr Klavier"}]},{"@type":"WebSite","@id":"https:\/\/marktxxl.de\/markt\/#website","url":"https:\/\/marktxxl.de\/markt\/","name":"Markt-XXL","description":"Ihr Markt Online","publisher":{"@id":"https:\/\/marktxxl.de\/markt\/#organization"},"potentialAction":[{"@type":"SearchAction","target":{"@type":"EntryPoint","urlTemplate":"https:\/\/marktxxl.de\/markt\/?s={search_term_string}"},"query-input":{"@type":"PropertyValueSpecification","valueRequired":true,"valueName":"search_term_string"}}],"inLanguage":"de"},{"@type":"Organization","@id":"https:\/\/marktxxl.de\/markt\/#organization","name":"Markt-XXL","url":"https:\/\/marktxxl.de\/markt\/","logo":{"@type":"ImageObject","inLanguage":"de","@id":"https:\/\/marktxxl.de\/markt\/#\/schema\/logo\/image\/","url":"https:\/\/marktxxl.de\/markt\/wp-content\/uploads\/sites\/3\/2020\/12\/logo.png","contentUrl":"https:\/\/marktxxl.de\/markt\/wp-content\/uploads\/sites\/3\/2020\/12\/logo.png","width":200,"height":70,"caption":"Markt-XXL"},"image":{"@id":"https:\/\/marktxxl.de\/markt\/#\/schema\/logo\/image\/"}}]}},"_links":{"self":[{"href":"https:\/\/marktxxl.de\/markt\/wp-json\/wp\/v2\/product\/90076","targetHints":{"allow":["GET"]}}],"collection":[{"href":"https:\/\/marktxxl.de\/markt\/wp-json\/wp\/v2\/product"}],"about":[{"href":"https:\/\/marktxxl.de\/markt\/wp-json\/wp\/v2\/types\/product"}],"replies":[{"embeddable":true,"href":"https:\/\/marktxxl.de\/markt\/wp-json\/wp\/v2\/comments?post=90076"}],"wp:featuredmedia":[{"embeddable":true,"href":"https:\/\/marktxxl.de\/markt\/wp-json\/wp\/v2\/media\/90077"}],"wp:attachment":[{"href":"https:\/\/marktxxl.de\/markt\/wp-json\/wp\/v2\/media?parent=90076"}],"wp:term":[{"taxonomy":"product_brand","embeddable":true,"href":"https:\/\/marktxxl.de\/markt\/wp-json\/wp\/v2\/product_brand?post=90076"},{"taxonomy":"product_cat","embeddable":true,"href":"https:\/\/marktxxl.de\/markt\/wp-json\/wp\/v2\/product_cat?post=90076"},{"taxonomy":"product_tag","embeddable":true,"href":"https:\/\/marktxxl.de\/markt\/wp-json\/wp\/v2\/product_tag?post=90076"}],"curies":[{"name":"wp","href":"https:\/\/api.w.org\/{rel}","templated":true}]}}