{"id":90049,"date":"2021-12-28T19:12:50","date_gmt":"2021-12-28T18:12:50","guid":{"rendered":"https:\/\/marktxxl.de\/markt\/produkt\/five-star-modernes-spiralen-notizbuch-5-faecher-mittelbreites-liniertes-papier-2-blatt-farbe-wird-variieren-6326\/"},"modified":"2023-04-07T02:24:40","modified_gmt":"2023-04-07T00:24:40","slug":"five-star-modernes-spiralen-notizbuch-5-faecher-mittelbreites-liniertes-papier-2-blatt-farbe-wird-variieren-6326","status":"publish","type":"product","link":"https:\/\/marktxxl.de\/markt\/produkt\/five-star-modernes-spiralen-notizbuch-5-faecher-mittelbreites-liniertes-papier-2-blatt-farbe-wird-variieren-6326\/","title":{"rendered":"Five Star modernes Spiralen-Notizbuch, 5\u00a0F\u00e4cher, mittelbreites, liniertes Papier, 2\u00a0Blatt, Farbe wird variieren (6326) 1 Packung kobalt"},"content":{"rendered":"<p>H\u00e4lt das ganze Jahr. Garantiert!<br \/>\nInklusive 5 beweglichen Kunststoff-Trennw\u00e4nden, die Sie in Ihrem Notizbuch anordnen k\u00f6nnen, um Ihre Arbeit zu organisieren. Die Lasche auf der Trennwand ist von der Vorderseite immer sichtbar, sodass Sie sie leicht finden und in jedem Bereich umklappen k\u00f6nnen<br \/>\nTrennbl\u00e4tter haben eine erweiterbare Tasche f\u00fcr mehr lose Papiere; 5 Notizb\u00fccher mit je 200 linierte College-B\u00f6gen, die perforiert sind, damit die Kanten sauber bleiben; 28 x 21,5 cm (11 x 8 1\/2 Zoll) Abrissblattgr\u00f6\u00dfe<br \/>\nDer Spiralschutz deckt den Draht ab, um ein Verhaken der Spirale zu verhindern und bietet einen komfortablen Griff; das beschriftbare Etikett auf dem R\u00fccken erleichtert das Beschriften Ihres Notizbuches und das richtige in Ihrem Spind<br \/>\nPraktische Stiftschlaufe auf der Vorderseite; das Papier ist 3-fach gelocht zum Herausnehmen aus dem Notizbuch und zur Aufbewahrung in Ihrem Lieblingsordner<br \/>\n<div class=\"main-cross-sell\" data-asin=\"B00ZZNN76Q\">\n\n\t<div class=\"WooZone-cross-sell-loader\">\n\t\t<div>\n\t\t\t<div id=\"floatingBarsG\">\n\t\t\t\t<div class=\"blockG\" id=\"rotateG_01\"><\/div>\n\t\t\t\t<div class=\"blockG\" id=\"rotateG_02\"><\/div>\n\t\t\t\t<div class=\"blockG\" id=\"rotateG_03\"><\/div>\n\t\t\t\t<div class=\"blockG\" id=\"rotateG_04\"><\/div>\n\t\t\t\t<div class=\"blockG\" id=\"rotateG_05\"><\/div>\n\t\t\t\t<div class=\"blockG\" id=\"rotateG_06\"><\/div>\n\t\t\t\t<div class=\"blockG\" id=\"rotateG_07\"><\/div>\n\t\t\t\t<div class=\"blockG\" id=\"rotateG_08\"><\/div>\n\t\t\t<\/div>\n\t\t\t<div class=\"WooZone-cross-sell-loader-text\"><\/div>\n\t\t<\/div>\n\t<\/div>\n\n\t\t\n<\/div>\n<div style=\"clear:both;\"><\/div><\/p>\n","protected":false},"excerpt":{"rendered":"<p>H\u00e4lt das ganze Jahr. Garantiert!<br \/>\nInklusive 5 beweglichen Kunststoff-Trennw\u00e4nden, die Sie in Ihrem Notizbuch anordnen k\u00f6nnen, um Ihre Arbeit zu organisieren. Die Lasche auf der Trennwand ist von der Vorderseite immer sichtbar, sodass Sie sie leicht finden und in jedem Bereich umklappen k\u00f6nnen<br \/>\nTrennbl\u00e4tter haben eine erweiterbare Tasche f\u00fcr mehr lose Papiere; 5 Notizb\u00fccher mit je 200 linierte College-B\u00f6gen, die perforiert sind, damit die Kanten sauber bleiben; 28 x 21,5 cm (11 x 8 1\/2 Zoll) Abrissblattgr\u00f6\u00dfe<\/p>\n","protected":false},"featured_media":90050,"comment_status":"open","ping_status":"closed","template":"","meta":[],"product_brand":[],"product_cat":[504,8631],"product_tag":[],"class_list":{"0":"post-90049","1":"product","2":"type-product","3":"status-publish","4":"has-post-thumbnail","6":"product_cat-buerobedarf-schreibwaren","7":"product_cat-schul-unibedarf","8":"pa_binding-buerobedarf-schreibwaren","9":"pa_brand-five-star","10":"pa_manufacturer-acco-brands","11":"pa_model-28728","13":"first","14":"instock","15":"shipping-taxable","16":"purchasable","17":"product-type-simple","18":"customify-col","19":"product-has-gallery"},"yoast_head":"<!-- This site is optimized with the Yoast SEO plugin v27.3 - https:\/\/yoast.com\/product\/yoast-seo-wordpress\/ -->\n<title>Five Star modernes Spiralen-Notizbuch, 5\u00a0F\u00e4cher, mittelbreites, liniertes Papier, 2\u00a0Blatt, Farbe wird variieren (6326) 1 Packung kobalt - Markt-XXL<\/title>\n<meta name=\"description\" content=\"Markt-XXL Five Star modernes Spiralen-Notizbuch, 5\u00a0F\u00e4cher, mittelbreites, liniertes Papier, 2\u00a0Blatt, Farbe wird variieren (6326) 1 Packung kobalt\" \/>\n<meta name=\"robots\" content=\"index, follow, max-snippet:-1, max-image-preview:large, max-video-preview:-1\" \/>\n<link rel=\"canonical\" href=\"https:\/\/marktxxl.de\/markt\/produkt\/five-star-modernes-spiralen-notizbuch-5-faecher-mittelbreites-liniertes-papier-2-blatt-farbe-wird-variieren-6326\/\" \/>\n<meta property=\"og:locale\" content=\"de_DE\" \/>\n<meta property=\"og:type\" content=\"article\" \/>\n<meta property=\"og:title\" content=\"Five Star modernes Spiralen-Notizbuch, 5\u00a0F\u00e4cher, mittelbreites, liniertes Papier, 2\u00a0Blatt, Farbe wird variieren (6326) 1 Packung kobalt - Markt-XXL\" \/>\n<meta property=\"og:description\" content=\"Markt-XXL Five Star modernes Spiralen-Notizbuch, 5\u00a0F\u00e4cher, mittelbreites, liniertes Papier, 2\u00a0Blatt, Farbe wird variieren (6326) 1 Packung kobalt\" \/>\n<meta property=\"og:url\" content=\"https:\/\/marktxxl.de\/markt\/produkt\/five-star-modernes-spiralen-notizbuch-5-faecher-mittelbreites-liniertes-papier-2-blatt-farbe-wird-variieren-6326\/\" \/>\n<meta property=\"og:site_name\" content=\"Markt-XXL\" \/>\n<meta property=\"article:modified_time\" content=\"2023-04-07T00:24:40+00:00\" \/>\n<meta property=\"og:image\" content=\"https:\/\/m.media-amazon.com\/images\/I\/31ssd-GjLFS._SL500_.jpg\" \/>\n\t<meta property=\"og:image:width\" content=\"500\" \/>\n\t<meta property=\"og:image:height\" content=\"500\" \/>\n\t<meta property=\"og:image:type\" content=\"image\/jpeg\" \/>\n<meta name=\"twitter:card\" content=\"summary_large_image\" \/>\n<meta name=\"twitter:label1\" content=\"Gesch\u00e4tzte Lesezeit\" \/>\n\t<meta name=\"twitter:data1\" content=\"1\u00a0Minute\" \/>\n<script type=\"application\/ld+json\" class=\"yoast-schema-graph\">{\"@context\":\"https:\\\/\\\/schema.org\",\"@graph\":[{\"@type\":\"WebPage\",\"@id\":\"https:\\\/\\\/marktxxl.de\\\/markt\\\/produkt\\\/five-star-modernes-spiralen-notizbuch-5-faecher-mittelbreites-liniertes-papier-2-blatt-farbe-wird-variieren-6326\\\/\",\"url\":\"https:\\\/\\\/marktxxl.de\\\/markt\\\/produkt\\\/five-star-modernes-spiralen-notizbuch-5-faecher-mittelbreites-liniertes-papier-2-blatt-farbe-wird-variieren-6326\\\/\",\"name\":\"Five Star modernes Spiralen-Notizbuch, 5\u00a0F\u00e4cher, mittelbreites, liniertes Papier, 2\u00a0Blatt, Farbe wird variieren (6326) 1 Packung kobalt - Markt-XXL\",\"isPartOf\":{\"@id\":\"https:\\\/\\\/marktxxl.de\\\/markt\\\/#website\"},\"primaryImageOfPage\":{\"@id\":\"https:\\\/\\\/marktxxl.de\\\/markt\\\/produkt\\\/five-star-modernes-spiralen-notizbuch-5-faecher-mittelbreites-liniertes-papier-2-blatt-farbe-wird-variieren-6326\\\/#primaryimage\"},\"image\":{\"@id\":\"https:\\\/\\\/marktxxl.de\\\/markt\\\/produkt\\\/five-star-modernes-spiralen-notizbuch-5-faecher-mittelbreites-liniertes-papier-2-blatt-farbe-wird-variieren-6326\\\/#primaryimage\"},\"thumbnailUrl\":\"https:\\\/\\\/m.media-amazon.com\\\/images\\\/I\\\/31ssd-GjLFS._SL500_.jpg\",\"datePublished\":\"2021-12-28T18:12:50+00:00\",\"dateModified\":\"2023-04-07T00:24:40+00:00\",\"description\":\"Markt-XXL Five Star modernes Spiralen-Notizbuch, 5\u00a0F\u00e4cher, mittelbreites, liniertes Papier, 2\u00a0Blatt, Farbe wird variieren (6326) 1 Packung kobalt\",\"breadcrumb\":{\"@id\":\"https:\\\/\\\/marktxxl.de\\\/markt\\\/produkt\\\/five-star-modernes-spiralen-notizbuch-5-faecher-mittelbreites-liniertes-papier-2-blatt-farbe-wird-variieren-6326\\\/#breadcrumb\"},\"inLanguage\":\"de\",\"potentialAction\":[{\"@type\":\"ReadAction\",\"target\":[\"https:\\\/\\\/marktxxl.de\\\/markt\\\/produkt\\\/five-star-modernes-spiralen-notizbuch-5-faecher-mittelbreites-liniertes-papier-2-blatt-farbe-wird-variieren-6326\\\/\"]}]},{\"@type\":\"ImageObject\",\"inLanguage\":\"de\",\"@id\":\"https:\\\/\\\/marktxxl.de\\\/markt\\\/produkt\\\/five-star-modernes-spiralen-notizbuch-5-faecher-mittelbreites-liniertes-papier-2-blatt-farbe-wird-variieren-6326\\\/#primaryimage\",\"url\":\"https:\\\/\\\/m.media-amazon.com\\\/images\\\/I\\\/31ssd-GjLFS._SL500_.jpg\",\"contentUrl\":\"https:\\\/\\\/m.media-amazon.com\\\/images\\\/I\\\/31ssd-GjLFS._SL500_.jpg\",\"width\":500,\"height\":500},{\"@type\":\"BreadcrumbList\",\"@id\":\"https:\\\/\\\/marktxxl.de\\\/markt\\\/produkt\\\/five-star-modernes-spiralen-notizbuch-5-faecher-mittelbreites-liniertes-papier-2-blatt-farbe-wird-variieren-6326\\\/#breadcrumb\",\"itemListElement\":[{\"@type\":\"ListItem\",\"position\":1,\"name\":\"Startseite\",\"item\":\"https:\\\/\\\/marktxxl.de\\\/markt\\\/\"},{\"@type\":\"ListItem\",\"position\":2,\"name\":\"Markt\",\"item\":\"https:\\\/\\\/marktxxl.de\\\/markt\\\/\"},{\"@type\":\"ListItem\",\"position\":3,\"name\":\"Five Star modernes Spiralen-Notizbuch, 5\u00a0F\u00e4cher, mittelbreites, liniertes Papier, 2\u00a0Blatt, Farbe wird variieren (6326) 1 Packung kobalt\"}]},{\"@type\":\"WebSite\",\"@id\":\"https:\\\/\\\/marktxxl.de\\\/markt\\\/#website\",\"url\":\"https:\\\/\\\/marktxxl.de\\\/markt\\\/\",\"name\":\"Markt-XXL\",\"description\":\"Ihr Markt Online\",\"publisher\":{\"@id\":\"https:\\\/\\\/marktxxl.de\\\/markt\\\/#organization\"},\"potentialAction\":[{\"@type\":\"SearchAction\",\"target\":{\"@type\":\"EntryPoint\",\"urlTemplate\":\"https:\\\/\\\/marktxxl.de\\\/markt\\\/?s={search_term_string}\"},\"query-input\":{\"@type\":\"PropertyValueSpecification\",\"valueRequired\":true,\"valueName\":\"search_term_string\"}}],\"inLanguage\":\"de\"},{\"@type\":\"Organization\",\"@id\":\"https:\\\/\\\/marktxxl.de\\\/markt\\\/#organization\",\"name\":\"Markt-XXL\",\"url\":\"https:\\\/\\\/marktxxl.de\\\/markt\\\/\",\"logo\":{\"@type\":\"ImageObject\",\"inLanguage\":\"de\",\"@id\":\"https:\\\/\\\/marktxxl.de\\\/markt\\\/#\\\/schema\\\/logo\\\/image\\\/\",\"url\":\"https:\\\/\\\/marktxxl.de\\\/markt\\\/wp-content\\\/uploads\\\/sites\\\/3\\\/2020\\\/12\\\/logo.png\",\"contentUrl\":\"https:\\\/\\\/marktxxl.de\\\/markt\\\/wp-content\\\/uploads\\\/sites\\\/3\\\/2020\\\/12\\\/logo.png\",\"width\":200,\"height\":70,\"caption\":\"Markt-XXL\"},\"image\":{\"@id\":\"https:\\\/\\\/marktxxl.de\\\/markt\\\/#\\\/schema\\\/logo\\\/image\\\/\"}}]}<\/script>\n<!-- \/ Yoast SEO plugin. -->","yoast_head_json":{"title":"Five Star modernes Spiralen-Notizbuch, 5\u00a0F\u00e4cher, mittelbreites, liniertes Papier, 2\u00a0Blatt, Farbe wird variieren (6326) 1 Packung kobalt - Markt-XXL","description":"Markt-XXL Five Star modernes Spiralen-Notizbuch, 5\u00a0F\u00e4cher, mittelbreites, liniertes Papier, 2\u00a0Blatt, Farbe wird variieren (6326) 1 Packung kobalt","robots":{"index":"index","follow":"follow","max-snippet":"max-snippet:-1","max-image-preview":"max-image-preview:large","max-video-preview":"max-video-preview:-1"},"canonical":"https:\/\/marktxxl.de\/markt\/produkt\/five-star-modernes-spiralen-notizbuch-5-faecher-mittelbreites-liniertes-papier-2-blatt-farbe-wird-variieren-6326\/","og_locale":"de_DE","og_type":"article","og_title":"Five Star modernes Spiralen-Notizbuch, 5\u00a0F\u00e4cher, mittelbreites, liniertes Papier, 2\u00a0Blatt, Farbe wird variieren (6326) 1 Packung kobalt - Markt-XXL","og_description":"Markt-XXL Five Star modernes Spiralen-Notizbuch, 5\u00a0F\u00e4cher, mittelbreites, liniertes Papier, 2\u00a0Blatt, Farbe wird variieren (6326) 1 Packung kobalt","og_url":"https:\/\/marktxxl.de\/markt\/produkt\/five-star-modernes-spiralen-notizbuch-5-faecher-mittelbreites-liniertes-papier-2-blatt-farbe-wird-variieren-6326\/","og_site_name":"Markt-XXL","article_modified_time":"2023-04-07T00:24:40+00:00","og_image":[{"width":500,"height":500,"url":"https:\/\/m.media-amazon.com\/images\/I\/31ssd-GjLFS._SL500_.jpg","type":"image\/jpeg"}],"twitter_card":"summary_large_image","twitter_misc":{"Gesch\u00e4tzte Lesezeit":"1\u00a0Minute"},"schema":{"@context":"https:\/\/schema.org","@graph":[{"@type":"WebPage","@id":"https:\/\/marktxxl.de\/markt\/produkt\/five-star-modernes-spiralen-notizbuch-5-faecher-mittelbreites-liniertes-papier-2-blatt-farbe-wird-variieren-6326\/","url":"https:\/\/marktxxl.de\/markt\/produkt\/five-star-modernes-spiralen-notizbuch-5-faecher-mittelbreites-liniertes-papier-2-blatt-farbe-wird-variieren-6326\/","name":"Five Star modernes Spiralen-Notizbuch, 5\u00a0F\u00e4cher, mittelbreites, liniertes Papier, 2\u00a0Blatt, Farbe wird variieren (6326) 1 Packung kobalt - Markt-XXL","isPartOf":{"@id":"https:\/\/marktxxl.de\/markt\/#website"},"primaryImageOfPage":{"@id":"https:\/\/marktxxl.de\/markt\/produkt\/five-star-modernes-spiralen-notizbuch-5-faecher-mittelbreites-liniertes-papier-2-blatt-farbe-wird-variieren-6326\/#primaryimage"},"image":{"@id":"https:\/\/marktxxl.de\/markt\/produkt\/five-star-modernes-spiralen-notizbuch-5-faecher-mittelbreites-liniertes-papier-2-blatt-farbe-wird-variieren-6326\/#primaryimage"},"thumbnailUrl":"https:\/\/m.media-amazon.com\/images\/I\/31ssd-GjLFS._SL500_.jpg","datePublished":"2021-12-28T18:12:50+00:00","dateModified":"2023-04-07T00:24:40+00:00","description":"Markt-XXL Five Star modernes Spiralen-Notizbuch, 5\u00a0F\u00e4cher, mittelbreites, liniertes Papier, 2\u00a0Blatt, Farbe wird variieren (6326) 1 Packung kobalt","breadcrumb":{"@id":"https:\/\/marktxxl.de\/markt\/produkt\/five-star-modernes-spiralen-notizbuch-5-faecher-mittelbreites-liniertes-papier-2-blatt-farbe-wird-variieren-6326\/#breadcrumb"},"inLanguage":"de","potentialAction":[{"@type":"ReadAction","target":["https:\/\/marktxxl.de\/markt\/produkt\/five-star-modernes-spiralen-notizbuch-5-faecher-mittelbreites-liniertes-papier-2-blatt-farbe-wird-variieren-6326\/"]}]},{"@type":"ImageObject","inLanguage":"de","@id":"https:\/\/marktxxl.de\/markt\/produkt\/five-star-modernes-spiralen-notizbuch-5-faecher-mittelbreites-liniertes-papier-2-blatt-farbe-wird-variieren-6326\/#primaryimage","url":"https:\/\/m.media-amazon.com\/images\/I\/31ssd-GjLFS._SL500_.jpg","contentUrl":"https:\/\/m.media-amazon.com\/images\/I\/31ssd-GjLFS._SL500_.jpg","width":500,"height":500},{"@type":"BreadcrumbList","@id":"https:\/\/marktxxl.de\/markt\/produkt\/five-star-modernes-spiralen-notizbuch-5-faecher-mittelbreites-liniertes-papier-2-blatt-farbe-wird-variieren-6326\/#breadcrumb","itemListElement":[{"@type":"ListItem","position":1,"name":"Startseite","item":"https:\/\/marktxxl.de\/markt\/"},{"@type":"ListItem","position":2,"name":"Markt","item":"https:\/\/marktxxl.de\/markt\/"},{"@type":"ListItem","position":3,"name":"Five Star modernes Spiralen-Notizbuch, 5\u00a0F\u00e4cher, mittelbreites, liniertes Papier, 2\u00a0Blatt, Farbe wird variieren (6326) 1 Packung kobalt"}]},{"@type":"WebSite","@id":"https:\/\/marktxxl.de\/markt\/#website","url":"https:\/\/marktxxl.de\/markt\/","name":"Markt-XXL","description":"Ihr Markt Online","publisher":{"@id":"https:\/\/marktxxl.de\/markt\/#organization"},"potentialAction":[{"@type":"SearchAction","target":{"@type":"EntryPoint","urlTemplate":"https:\/\/marktxxl.de\/markt\/?s={search_term_string}"},"query-input":{"@type":"PropertyValueSpecification","valueRequired":true,"valueName":"search_term_string"}}],"inLanguage":"de"},{"@type":"Organization","@id":"https:\/\/marktxxl.de\/markt\/#organization","name":"Markt-XXL","url":"https:\/\/marktxxl.de\/markt\/","logo":{"@type":"ImageObject","inLanguage":"de","@id":"https:\/\/marktxxl.de\/markt\/#\/schema\/logo\/image\/","url":"https:\/\/marktxxl.de\/markt\/wp-content\/uploads\/sites\/3\/2020\/12\/logo.png","contentUrl":"https:\/\/marktxxl.de\/markt\/wp-content\/uploads\/sites\/3\/2020\/12\/logo.png","width":200,"height":70,"caption":"Markt-XXL"},"image":{"@id":"https:\/\/marktxxl.de\/markt\/#\/schema\/logo\/image\/"}}]}},"_links":{"self":[{"href":"https:\/\/marktxxl.de\/markt\/wp-json\/wp\/v2\/product\/90049","targetHints":{"allow":["GET"]}}],"collection":[{"href":"https:\/\/marktxxl.de\/markt\/wp-json\/wp\/v2\/product"}],"about":[{"href":"https:\/\/marktxxl.de\/markt\/wp-json\/wp\/v2\/types\/product"}],"replies":[{"embeddable":true,"href":"https:\/\/marktxxl.de\/markt\/wp-json\/wp\/v2\/comments?post=90049"}],"wp:featuredmedia":[{"embeddable":true,"href":"https:\/\/marktxxl.de\/markt\/wp-json\/wp\/v2\/media\/90050"}],"wp:attachment":[{"href":"https:\/\/marktxxl.de\/markt\/wp-json\/wp\/v2\/media?parent=90049"}],"wp:term":[{"taxonomy":"product_brand","embeddable":true,"href":"https:\/\/marktxxl.de\/markt\/wp-json\/wp\/v2\/product_brand?post=90049"},{"taxonomy":"product_cat","embeddable":true,"href":"https:\/\/marktxxl.de\/markt\/wp-json\/wp\/v2\/product_cat?post=90049"},{"taxonomy":"product_tag","embeddable":true,"href":"https:\/\/marktxxl.de\/markt\/wp-json\/wp\/v2\/product_tag?post=90049"}],"curies":[{"name":"wp","href":"https:\/\/api.w.org\/{rel}","templated":true}]}}