{"id":89936,"date":"2021-12-28T19:09:27","date_gmt":"2021-12-28T18:09:27","guid":{"rendered":"https:\/\/marktxxl.de\/markt\/produkt\/luxja-beamer-tasche-mit-schutzhuelle-fuer-laptop-projektor-tasche-kompatibel-mit-acer-benq-epson-optoma-und-viewsonic-beamer-39-4-cm-x-28-cm-x-13-5-cm\/"},"modified":"2023-04-07T02:24:38","modified_gmt":"2023-04-07T00:24:38","slug":"luxja-beamer-tasche-mit-schutzhuelle-fuer-laptop-projektor-tasche-kompatibel-mit-acer-benq-epson-optoma-und-viewsonic-beamer-39-4-cm-x-28-cm-x-13-5-cm","status":"publish","type":"product","link":"https:\/\/marktxxl.de\/markt\/produkt\/luxja-beamer-tasche-mit-schutzhuelle-fuer-laptop-projektor-tasche-kompatibel-mit-acer-benq-epson-optoma-und-viewsonic-beamer-39-4-cm-x-28-cm-x-13-5-cm\/","title":{"rendered":"Luxja Beamer Tasche mit Schutzh\u00fclle f\u00fcr Laptop, Projektor Tasche Kompatibel mit Acer, BenQ, Epson, Optoma und Viewsonic\u2026"},"content":{"rendered":"<p>SCHUTZ: Aus strapazierf\u00e4higem Nylon. Dickes Polster zwischen Materialschichten, das Ihren Projektor und das Zubeh\u00f6r gut sch\u00fctzt.<br \/>\nHAUPTSPEICHERUNG: Das Hauptfach ist mit einem Klebeband befestigt, um den Projektor in gutem Zustand zu halten. Kommt auch mit einem abnehmbaren gepolsterten Teiler, von dem das Layout nach Ihren W\u00fcnschen. Es gibt auch eine gro\u00dfe gepolsterte Innentasche (39,4 cm x 28,6 cm) f\u00fcr einen 15,6-Zoll-Laptop.<br \/>\nMEHRERE TASCHEN: Der vordere Teil (mit 3 Taschen und 1 Rei\u00dfverschlusstasche) zur Aufbewahrung von HDMI-Kabel, AV-Kabel, Fernbedienung und dergleichen. Eine Ges\u00e4\u00dftasche f\u00fcr weiteres Zubeh\u00f6r.<br \/>\nEINFACH ZU TRAGEN: Mit stabilen Griffen und abnehmbarem Schultergurt zum einfachen Tragen befestigt. Ein vertikaler Riemen auf der R\u00fcckseite zum \u00dcbergleiten eines Trolleygriffs.<br \/>\nABMESSUNGEN: 40,6 cm x 29,2 cm x 14,6 cm (ganze Tasche). 39,4 cm x 28 cm x 13,5 cm (Innenabmessungen unten). Diese Projektortasche ist kompatibel mit Epson (EH-TW650, EB-S05, EB-2042), BenQ (TH683, W2700, TH535, TK800M, W1090, W2000), Optoma (HD144X, UHD40, HD143X, UHD370X, EH461. UH ), ViewSonic (PJD7720HD, PX747-4K, PA503W), Acer (Z650, V6810, P5330W, P5530, P5630, H5382BD, H6517ABD). F\u00fcr Projektoren anderer Modelle und Marken beziehen Sie sich bitte auf die Gr\u00f6\u00dfe des unteren Teils.<br \/>\n<div class=\"main-cross-sell\" data-asin=\"B07X3461NN\">\n\n\t<div class=\"WooZone-cross-sell-loader\">\n\t\t<div>\n\t\t\t<div id=\"floatingBarsG\">\n\t\t\t\t<div class=\"blockG\" id=\"rotateG_01\"><\/div>\n\t\t\t\t<div class=\"blockG\" id=\"rotateG_02\"><\/div>\n\t\t\t\t<div class=\"blockG\" id=\"rotateG_03\"><\/div>\n\t\t\t\t<div class=\"blockG\" id=\"rotateG_04\"><\/div>\n\t\t\t\t<div class=\"blockG\" id=\"rotateG_05\"><\/div>\n\t\t\t\t<div class=\"blockG\" id=\"rotateG_06\"><\/div>\n\t\t\t\t<div class=\"blockG\" id=\"rotateG_07\"><\/div>\n\t\t\t\t<div class=\"blockG\" id=\"rotateG_08\"><\/div>\n\t\t\t<\/div>\n\t\t\t<div class=\"WooZone-cross-sell-loader-text\"><\/div>\n\t\t<\/div>\n\t<\/div>\n\n\t\t\n<\/div>\n<div style=\"clear:both;\"><\/div><\/p>\n","protected":false},"excerpt":{"rendered":"<p>SCHUTZ: Aus strapazierf\u00e4higem Nylon. Dickes Polster zwischen Materialschichten, das Ihren Projektor und das Zubeh\u00f6r gut sch\u00fctzt.<br \/>\nHAUPTSPEICHERUNG: Das Hauptfach ist mit einem Klebeband befestigt, um den Projektor in gutem Zustand zu halten. Kommt auch mit einem abnehmbaren gepolsterten Teiler, von dem das Layout nach Ihren W\u00fcnschen. Es gibt auch eine gro\u00dfe gepolsterte Innentasche (39,4 cm x 28,6 cm) f\u00fcr einen 15,6-Zoll-Laptop.<br \/>\nMEHRERE TASCHEN: Der vordere Teil (mit 3 Taschen und 1 Rei\u00dfverschlusstasche) zur Aufbewahrung von HDMI-Kabel, AV-Kabel, Fernbedienung und dergleichen. Eine Ges\u00e4\u00dftasche f\u00fcr weiteres Zubeh\u00f6r.<\/p>\n","protected":false},"featured_media":89937,"comment_status":"open","ping_status":"closed","template":"","meta":[],"product_brand":[],"product_cat":[504,8208],"product_tag":[],"class_list":{"0":"post-89936","1":"product","2":"type-product","3":"status-publish","4":"has-post-thumbnail","6":"product_cat-buerobedarf-schreibwaren","7":"product_cat-bueroelektronik","8":"pa_binding-elektronik","9":"pa_brand-luxja","10":"pa_manufacturer-luxja","12":"first","13":"instock","14":"shipping-taxable","15":"purchasable","16":"product-type-simple","17":"customify-col","18":"product-has-gallery"},"yoast_head":"<!-- This site is optimized with the Yoast SEO plugin v27.4 - https:\/\/yoast.com\/product\/yoast-seo-wordpress\/ -->\n<title>Luxja Beamer Tasche mit Schutzh\u00fclle f\u00fcr Laptop, Projektor Tasche Kompatibel mit Acer, BenQ, Epson, Optoma und Viewsonic\u2026 - Markt-XXL<\/title>\n<meta name=\"description\" content=\"Markt-XXL Luxja Beamer Tasche mit Schutzh\u00fclle f\u00fcr Laptop, Projektor Tasche Kompatibel mit Acer, BenQ, Epson, Optoma und Viewsonic\u2026\" \/>\n<meta name=\"robots\" content=\"index, follow, max-snippet:-1, max-image-preview:large, max-video-preview:-1\" \/>\n<link rel=\"canonical\" href=\"https:\/\/marktxxl.de\/markt\/produkt\/luxja-beamer-tasche-mit-schutzhuelle-fuer-laptop-projektor-tasche-kompatibel-mit-acer-benq-epson-optoma-und-viewsonic-beamer-39-4-cm-x-28-cm-x-13-5-cm\/\" \/>\n<meta property=\"og:locale\" content=\"de_DE\" \/>\n<meta property=\"og:type\" content=\"article\" \/>\n<meta property=\"og:title\" content=\"Luxja Beamer Tasche mit Schutzh\u00fclle f\u00fcr Laptop, Projektor Tasche Kompatibel mit Acer, BenQ, Epson, Optoma und Viewsonic\u2026 - Markt-XXL\" \/>\n<meta property=\"og:description\" content=\"Markt-XXL Luxja Beamer Tasche mit Schutzh\u00fclle f\u00fcr Laptop, Projektor Tasche Kompatibel mit Acer, BenQ, Epson, Optoma und Viewsonic\u2026\" \/>\n<meta property=\"og:url\" content=\"https:\/\/marktxxl.de\/markt\/produkt\/luxja-beamer-tasche-mit-schutzhuelle-fuer-laptop-projektor-tasche-kompatibel-mit-acer-benq-epson-optoma-und-viewsonic-beamer-39-4-cm-x-28-cm-x-13-5-cm\/\" \/>\n<meta property=\"og:site_name\" content=\"Markt-XXL\" \/>\n<meta property=\"article:modified_time\" content=\"2023-04-07T00:24:38+00:00\" \/>\n<meta property=\"og:image\" content=\"https:\/\/m.media-amazon.com\/images\/I\/41jkppiU-JL._SL500_.jpg\" \/>\n\t<meta property=\"og:image:width\" content=\"500\" \/>\n\t<meta property=\"og:image:height\" content=\"500\" \/>\n\t<meta property=\"og:image:type\" content=\"image\/jpeg\" \/>\n<meta name=\"twitter:card\" content=\"summary_large_image\" \/>\n<meta name=\"twitter:label1\" content=\"Gesch\u00e4tzte Lesezeit\" \/>\n\t<meta name=\"twitter:data1\" content=\"1\u00a0Minute\" \/>\n<script type=\"application\/ld+json\" class=\"yoast-schema-graph\">{\"@context\":\"https:\\\/\\\/schema.org\",\"@graph\":[{\"@type\":\"WebPage\",\"@id\":\"https:\\\/\\\/marktxxl.de\\\/markt\\\/produkt\\\/luxja-beamer-tasche-mit-schutzhuelle-fuer-laptop-projektor-tasche-kompatibel-mit-acer-benq-epson-optoma-und-viewsonic-beamer-39-4-cm-x-28-cm-x-13-5-cm\\\/\",\"url\":\"https:\\\/\\\/marktxxl.de\\\/markt\\\/produkt\\\/luxja-beamer-tasche-mit-schutzhuelle-fuer-laptop-projektor-tasche-kompatibel-mit-acer-benq-epson-optoma-und-viewsonic-beamer-39-4-cm-x-28-cm-x-13-5-cm\\\/\",\"name\":\"Luxja Beamer Tasche mit Schutzh\u00fclle f\u00fcr Laptop, Projektor Tasche Kompatibel mit Acer, BenQ, Epson, Optoma und Viewsonic\u2026 - Markt-XXL\",\"isPartOf\":{\"@id\":\"https:\\\/\\\/marktxxl.de\\\/markt\\\/#website\"},\"primaryImageOfPage\":{\"@id\":\"https:\\\/\\\/marktxxl.de\\\/markt\\\/produkt\\\/luxja-beamer-tasche-mit-schutzhuelle-fuer-laptop-projektor-tasche-kompatibel-mit-acer-benq-epson-optoma-und-viewsonic-beamer-39-4-cm-x-28-cm-x-13-5-cm\\\/#primaryimage\"},\"image\":{\"@id\":\"https:\\\/\\\/marktxxl.de\\\/markt\\\/produkt\\\/luxja-beamer-tasche-mit-schutzhuelle-fuer-laptop-projektor-tasche-kompatibel-mit-acer-benq-epson-optoma-und-viewsonic-beamer-39-4-cm-x-28-cm-x-13-5-cm\\\/#primaryimage\"},\"thumbnailUrl\":\"https:\\\/\\\/m.media-amazon.com\\\/images\\\/I\\\/41jkppiU-JL._SL500_.jpg\",\"datePublished\":\"2021-12-28T18:09:27+00:00\",\"dateModified\":\"2023-04-07T00:24:38+00:00\",\"description\":\"Markt-XXL Luxja Beamer Tasche mit Schutzh\u00fclle f\u00fcr Laptop, Projektor Tasche Kompatibel mit Acer, BenQ, Epson, Optoma und Viewsonic\u2026\",\"breadcrumb\":{\"@id\":\"https:\\\/\\\/marktxxl.de\\\/markt\\\/produkt\\\/luxja-beamer-tasche-mit-schutzhuelle-fuer-laptop-projektor-tasche-kompatibel-mit-acer-benq-epson-optoma-und-viewsonic-beamer-39-4-cm-x-28-cm-x-13-5-cm\\\/#breadcrumb\"},\"inLanguage\":\"de\",\"potentialAction\":[{\"@type\":\"ReadAction\",\"target\":[\"https:\\\/\\\/marktxxl.de\\\/markt\\\/produkt\\\/luxja-beamer-tasche-mit-schutzhuelle-fuer-laptop-projektor-tasche-kompatibel-mit-acer-benq-epson-optoma-und-viewsonic-beamer-39-4-cm-x-28-cm-x-13-5-cm\\\/\"]}]},{\"@type\":\"ImageObject\",\"inLanguage\":\"de\",\"@id\":\"https:\\\/\\\/marktxxl.de\\\/markt\\\/produkt\\\/luxja-beamer-tasche-mit-schutzhuelle-fuer-laptop-projektor-tasche-kompatibel-mit-acer-benq-epson-optoma-und-viewsonic-beamer-39-4-cm-x-28-cm-x-13-5-cm\\\/#primaryimage\",\"url\":\"https:\\\/\\\/m.media-amazon.com\\\/images\\\/I\\\/41jkppiU-JL._SL500_.jpg\",\"contentUrl\":\"https:\\\/\\\/m.media-amazon.com\\\/images\\\/I\\\/41jkppiU-JL._SL500_.jpg\",\"width\":500,\"height\":500},{\"@type\":\"BreadcrumbList\",\"@id\":\"https:\\\/\\\/marktxxl.de\\\/markt\\\/produkt\\\/luxja-beamer-tasche-mit-schutzhuelle-fuer-laptop-projektor-tasche-kompatibel-mit-acer-benq-epson-optoma-und-viewsonic-beamer-39-4-cm-x-28-cm-x-13-5-cm\\\/#breadcrumb\",\"itemListElement\":[{\"@type\":\"ListItem\",\"position\":1,\"name\":\"Startseite\",\"item\":\"https:\\\/\\\/marktxxl.de\\\/markt\\\/\"},{\"@type\":\"ListItem\",\"position\":2,\"name\":\"Markt\",\"item\":\"https:\\\/\\\/marktxxl.de\\\/markt\\\/\"},{\"@type\":\"ListItem\",\"position\":3,\"name\":\"Luxja Beamer Tasche mit Schutzh\u00fclle f\u00fcr Laptop, Projektor Tasche Kompatibel mit Acer, BenQ, Epson, Optoma und Viewsonic\u2026\"}]},{\"@type\":\"WebSite\",\"@id\":\"https:\\\/\\\/marktxxl.de\\\/markt\\\/#website\",\"url\":\"https:\\\/\\\/marktxxl.de\\\/markt\\\/\",\"name\":\"Markt-XXL\",\"description\":\"Ihr Markt Online\",\"publisher\":{\"@id\":\"https:\\\/\\\/marktxxl.de\\\/markt\\\/#organization\"},\"potentialAction\":[{\"@type\":\"SearchAction\",\"target\":{\"@type\":\"EntryPoint\",\"urlTemplate\":\"https:\\\/\\\/marktxxl.de\\\/markt\\\/?s={search_term_string}\"},\"query-input\":{\"@type\":\"PropertyValueSpecification\",\"valueRequired\":true,\"valueName\":\"search_term_string\"}}],\"inLanguage\":\"de\"},{\"@type\":\"Organization\",\"@id\":\"https:\\\/\\\/marktxxl.de\\\/markt\\\/#organization\",\"name\":\"Markt-XXL\",\"url\":\"https:\\\/\\\/marktxxl.de\\\/markt\\\/\",\"logo\":{\"@type\":\"ImageObject\",\"inLanguage\":\"de\",\"@id\":\"https:\\\/\\\/marktxxl.de\\\/markt\\\/#\\\/schema\\\/logo\\\/image\\\/\",\"url\":\"https:\\\/\\\/marktxxl.de\\\/markt\\\/wp-content\\\/uploads\\\/sites\\\/3\\\/2020\\\/12\\\/logo.png\",\"contentUrl\":\"https:\\\/\\\/marktxxl.de\\\/markt\\\/wp-content\\\/uploads\\\/sites\\\/3\\\/2020\\\/12\\\/logo.png\",\"width\":200,\"height\":70,\"caption\":\"Markt-XXL\"},\"image\":{\"@id\":\"https:\\\/\\\/marktxxl.de\\\/markt\\\/#\\\/schema\\\/logo\\\/image\\\/\"}}]}<\/script>\n<!-- \/ Yoast SEO plugin. -->","yoast_head_json":{"title":"Luxja Beamer Tasche mit Schutzh\u00fclle f\u00fcr Laptop, Projektor Tasche Kompatibel mit Acer, BenQ, Epson, Optoma und Viewsonic\u2026 - Markt-XXL","description":"Markt-XXL Luxja Beamer Tasche mit Schutzh\u00fclle f\u00fcr Laptop, Projektor Tasche Kompatibel mit Acer, BenQ, Epson, Optoma und Viewsonic\u2026","robots":{"index":"index","follow":"follow","max-snippet":"max-snippet:-1","max-image-preview":"max-image-preview:large","max-video-preview":"max-video-preview:-1"},"canonical":"https:\/\/marktxxl.de\/markt\/produkt\/luxja-beamer-tasche-mit-schutzhuelle-fuer-laptop-projektor-tasche-kompatibel-mit-acer-benq-epson-optoma-und-viewsonic-beamer-39-4-cm-x-28-cm-x-13-5-cm\/","og_locale":"de_DE","og_type":"article","og_title":"Luxja Beamer Tasche mit Schutzh\u00fclle f\u00fcr Laptop, Projektor Tasche Kompatibel mit Acer, BenQ, Epson, Optoma und Viewsonic\u2026 - Markt-XXL","og_description":"Markt-XXL Luxja Beamer Tasche mit Schutzh\u00fclle f\u00fcr Laptop, Projektor Tasche Kompatibel mit Acer, BenQ, Epson, Optoma und Viewsonic\u2026","og_url":"https:\/\/marktxxl.de\/markt\/produkt\/luxja-beamer-tasche-mit-schutzhuelle-fuer-laptop-projektor-tasche-kompatibel-mit-acer-benq-epson-optoma-und-viewsonic-beamer-39-4-cm-x-28-cm-x-13-5-cm\/","og_site_name":"Markt-XXL","article_modified_time":"2023-04-07T00:24:38+00:00","og_image":[{"width":500,"height":500,"url":"https:\/\/m.media-amazon.com\/images\/I\/41jkppiU-JL._SL500_.jpg","type":"image\/jpeg"}],"twitter_card":"summary_large_image","twitter_misc":{"Gesch\u00e4tzte Lesezeit":"1\u00a0Minute"},"schema":{"@context":"https:\/\/schema.org","@graph":[{"@type":"WebPage","@id":"https:\/\/marktxxl.de\/markt\/produkt\/luxja-beamer-tasche-mit-schutzhuelle-fuer-laptop-projektor-tasche-kompatibel-mit-acer-benq-epson-optoma-und-viewsonic-beamer-39-4-cm-x-28-cm-x-13-5-cm\/","url":"https:\/\/marktxxl.de\/markt\/produkt\/luxja-beamer-tasche-mit-schutzhuelle-fuer-laptop-projektor-tasche-kompatibel-mit-acer-benq-epson-optoma-und-viewsonic-beamer-39-4-cm-x-28-cm-x-13-5-cm\/","name":"Luxja Beamer Tasche mit Schutzh\u00fclle f\u00fcr Laptop, Projektor Tasche Kompatibel mit Acer, BenQ, Epson, Optoma und Viewsonic\u2026 - Markt-XXL","isPartOf":{"@id":"https:\/\/marktxxl.de\/markt\/#website"},"primaryImageOfPage":{"@id":"https:\/\/marktxxl.de\/markt\/produkt\/luxja-beamer-tasche-mit-schutzhuelle-fuer-laptop-projektor-tasche-kompatibel-mit-acer-benq-epson-optoma-und-viewsonic-beamer-39-4-cm-x-28-cm-x-13-5-cm\/#primaryimage"},"image":{"@id":"https:\/\/marktxxl.de\/markt\/produkt\/luxja-beamer-tasche-mit-schutzhuelle-fuer-laptop-projektor-tasche-kompatibel-mit-acer-benq-epson-optoma-und-viewsonic-beamer-39-4-cm-x-28-cm-x-13-5-cm\/#primaryimage"},"thumbnailUrl":"https:\/\/m.media-amazon.com\/images\/I\/41jkppiU-JL._SL500_.jpg","datePublished":"2021-12-28T18:09:27+00:00","dateModified":"2023-04-07T00:24:38+00:00","description":"Markt-XXL Luxja Beamer Tasche mit Schutzh\u00fclle f\u00fcr Laptop, Projektor Tasche Kompatibel mit Acer, BenQ, Epson, Optoma und Viewsonic\u2026","breadcrumb":{"@id":"https:\/\/marktxxl.de\/markt\/produkt\/luxja-beamer-tasche-mit-schutzhuelle-fuer-laptop-projektor-tasche-kompatibel-mit-acer-benq-epson-optoma-und-viewsonic-beamer-39-4-cm-x-28-cm-x-13-5-cm\/#breadcrumb"},"inLanguage":"de","potentialAction":[{"@type":"ReadAction","target":["https:\/\/marktxxl.de\/markt\/produkt\/luxja-beamer-tasche-mit-schutzhuelle-fuer-laptop-projektor-tasche-kompatibel-mit-acer-benq-epson-optoma-und-viewsonic-beamer-39-4-cm-x-28-cm-x-13-5-cm\/"]}]},{"@type":"ImageObject","inLanguage":"de","@id":"https:\/\/marktxxl.de\/markt\/produkt\/luxja-beamer-tasche-mit-schutzhuelle-fuer-laptop-projektor-tasche-kompatibel-mit-acer-benq-epson-optoma-und-viewsonic-beamer-39-4-cm-x-28-cm-x-13-5-cm\/#primaryimage","url":"https:\/\/m.media-amazon.com\/images\/I\/41jkppiU-JL._SL500_.jpg","contentUrl":"https:\/\/m.media-amazon.com\/images\/I\/41jkppiU-JL._SL500_.jpg","width":500,"height":500},{"@type":"BreadcrumbList","@id":"https:\/\/marktxxl.de\/markt\/produkt\/luxja-beamer-tasche-mit-schutzhuelle-fuer-laptop-projektor-tasche-kompatibel-mit-acer-benq-epson-optoma-und-viewsonic-beamer-39-4-cm-x-28-cm-x-13-5-cm\/#breadcrumb","itemListElement":[{"@type":"ListItem","position":1,"name":"Startseite","item":"https:\/\/marktxxl.de\/markt\/"},{"@type":"ListItem","position":2,"name":"Markt","item":"https:\/\/marktxxl.de\/markt\/"},{"@type":"ListItem","position":3,"name":"Luxja Beamer Tasche mit Schutzh\u00fclle f\u00fcr Laptop, Projektor Tasche Kompatibel mit Acer, BenQ, Epson, Optoma und Viewsonic\u2026"}]},{"@type":"WebSite","@id":"https:\/\/marktxxl.de\/markt\/#website","url":"https:\/\/marktxxl.de\/markt\/","name":"Markt-XXL","description":"Ihr Markt Online","publisher":{"@id":"https:\/\/marktxxl.de\/markt\/#organization"},"potentialAction":[{"@type":"SearchAction","target":{"@type":"EntryPoint","urlTemplate":"https:\/\/marktxxl.de\/markt\/?s={search_term_string}"},"query-input":{"@type":"PropertyValueSpecification","valueRequired":true,"valueName":"search_term_string"}}],"inLanguage":"de"},{"@type":"Organization","@id":"https:\/\/marktxxl.de\/markt\/#organization","name":"Markt-XXL","url":"https:\/\/marktxxl.de\/markt\/","logo":{"@type":"ImageObject","inLanguage":"de","@id":"https:\/\/marktxxl.de\/markt\/#\/schema\/logo\/image\/","url":"https:\/\/marktxxl.de\/markt\/wp-content\/uploads\/sites\/3\/2020\/12\/logo.png","contentUrl":"https:\/\/marktxxl.de\/markt\/wp-content\/uploads\/sites\/3\/2020\/12\/logo.png","width":200,"height":70,"caption":"Markt-XXL"},"image":{"@id":"https:\/\/marktxxl.de\/markt\/#\/schema\/logo\/image\/"}}]}},"_links":{"self":[{"href":"https:\/\/marktxxl.de\/markt\/wp-json\/wp\/v2\/product\/89936","targetHints":{"allow":["GET"]}}],"collection":[{"href":"https:\/\/marktxxl.de\/markt\/wp-json\/wp\/v2\/product"}],"about":[{"href":"https:\/\/marktxxl.de\/markt\/wp-json\/wp\/v2\/types\/product"}],"replies":[{"embeddable":true,"href":"https:\/\/marktxxl.de\/markt\/wp-json\/wp\/v2\/comments?post=89936"}],"wp:featuredmedia":[{"embeddable":true,"href":"https:\/\/marktxxl.de\/markt\/wp-json\/wp\/v2\/media\/89937"}],"wp:attachment":[{"href":"https:\/\/marktxxl.de\/markt\/wp-json\/wp\/v2\/media?parent=89936"}],"wp:term":[{"taxonomy":"product_brand","embeddable":true,"href":"https:\/\/marktxxl.de\/markt\/wp-json\/wp\/v2\/product_brand?post=89936"},{"taxonomy":"product_cat","embeddable":true,"href":"https:\/\/marktxxl.de\/markt\/wp-json\/wp\/v2\/product_cat?post=89936"},{"taxonomy":"product_tag","embeddable":true,"href":"https:\/\/marktxxl.de\/markt\/wp-json\/wp\/v2\/product_tag?post=89936"}],"curies":[{"name":"wp","href":"https:\/\/api.w.org\/{rel}","templated":true}]}}