{"id":89864,"date":"2021-12-28T19:03:49","date_gmt":"2021-12-28T18:03:49","guid":{"rendered":"https:\/\/marktxxl.de\/markt\/produkt\/brennenstuhl-led-arbeitsstrahler\/"},"modified":"2023-04-11T03:09:42","modified_gmt":"2023-04-11T01:09:42","slug":"brennenstuhl-led-arbeitsstrahler","status":"publish","type":"product","link":"https:\/\/marktxxl.de\/markt\/produkt\/brennenstuhl-led-arbeitsstrahler\/","title":{"rendered":"Brennenstuhl Mobiler LED Strahler DINORA 5000 \/ LED Baustrahler f\u00fcr den st\u00e4ndigen Einsatz im Au\u00dfenbereich (LED\u2026"},"content":{"rendered":"<div class=\"main-cross-sell\" data-asin=\"B09KCPGVSF\">\n\n\t<div class=\"WooZone-cross-sell-loader\">\n\t\t<div>\n\t\t\t<div id=\"floatingBarsG\">\n\t\t\t\t<div class=\"blockG\" id=\"rotateG_01\"><\/div>\n\t\t\t\t<div class=\"blockG\" id=\"rotateG_02\"><\/div>\n\t\t\t\t<div class=\"blockG\" id=\"rotateG_03\"><\/div>\n\t\t\t\t<div class=\"blockG\" id=\"rotateG_04\"><\/div>\n\t\t\t\t<div class=\"blockG\" id=\"rotateG_05\"><\/div>\n\t\t\t\t<div class=\"blockG\" id=\"rotateG_06\"><\/div>\n\t\t\t\t<div class=\"blockG\" id=\"rotateG_07\"><\/div>\n\t\t\t\t<div class=\"blockG\" id=\"rotateG_08\"><\/div>\n\t\t\t<\/div>\n\t\t\t<div class=\"WooZone-cross-sell-loader-text\"><\/div>\n\t\t<\/div>\n\t<\/div>\n\n\t\t\n<\/div>\n<div style=\"clear:both;\"><\/div>\n","protected":false},"excerpt":{"rendered":"","protected":false},"featured_media":89865,"comment_status":"open","ping_status":"closed","template":"","meta":[],"product_brand":[],"product_cat":[2108],"product_tag":[],"class_list":{"0":"post-89864","1":"product","2":"type-product","3":"status-publish","4":"has-post-thumbnail","6":"product_cat-beleuchtung","7":"pa_binding-werkzeug","9":"first","10":"instock","11":"shipping-taxable","12":"purchasable","13":"product-type-simple","14":"customify-col","15":"product-has-gallery"},"yoast_head":"<!-- This site is optimized with the Yoast SEO plugin v27.4 - https:\/\/yoast.com\/product\/yoast-seo-wordpress\/ -->\n<title>Brennenstuhl Mobiler LED Strahler DINORA 5000 \/ LED Baustrahler f\u00fcr den st\u00e4ndigen Einsatz im Au\u00dfenbereich (LED\u2026 - Markt-XXL<\/title>\n<meta name=\"description\" content=\"Markt-XXL Brennenstuhl Mobiler LED Strahler DINORA 5000 \/ LED Baustrahler f\u00fcr den st\u00e4ndigen Einsatz im Au\u00dfenbereich (LED\u2026\" \/>\n<meta name=\"robots\" content=\"index, follow, max-snippet:-1, max-image-preview:large, max-video-preview:-1\" \/>\n<link rel=\"canonical\" href=\"https:\/\/marktxxl.de\/markt\/produkt\/brennenstuhl-led-arbeitsstrahler\/\" \/>\n<meta property=\"og:locale\" content=\"de_DE\" \/>\n<meta property=\"og:type\" content=\"article\" \/>\n<meta property=\"og:title\" content=\"Brennenstuhl Mobiler LED Strahler DINORA 5000 \/ LED Baustrahler f\u00fcr den st\u00e4ndigen Einsatz im Au\u00dfenbereich (LED\u2026 - Markt-XXL\" \/>\n<meta property=\"og:description\" content=\"Markt-XXL Brennenstuhl Mobiler LED Strahler DINORA 5000 \/ LED Baustrahler f\u00fcr den st\u00e4ndigen Einsatz im Au\u00dfenbereich (LED\u2026\" \/>\n<meta property=\"og:url\" content=\"https:\/\/marktxxl.de\/markt\/produkt\/brennenstuhl-led-arbeitsstrahler\/\" \/>\n<meta property=\"og:site_name\" content=\"Markt-XXL\" \/>\n<meta property=\"article:modified_time\" content=\"2023-04-11T01:09:42+00:00\" \/>\n<meta property=\"og:image\" content=\"https:\/\/m.media-amazon.com\/images\/I\/41YnktGKY1L._SL500_.jpg\" \/>\n\t<meta property=\"og:image:width\" content=\"500\" \/>\n\t<meta property=\"og:image:height\" content=\"434\" \/>\n\t<meta property=\"og:image:type\" content=\"image\/jpeg\" \/>\n<meta name=\"twitter:card\" content=\"summary_large_image\" \/>\n<script type=\"application\/ld+json\" class=\"yoast-schema-graph\">{\"@context\":\"https:\\\/\\\/schema.org\",\"@graph\":[{\"@type\":\"WebPage\",\"@id\":\"https:\\\/\\\/marktxxl.de\\\/markt\\\/produkt\\\/brennenstuhl-led-arbeitsstrahler\\\/\",\"url\":\"https:\\\/\\\/marktxxl.de\\\/markt\\\/produkt\\\/brennenstuhl-led-arbeitsstrahler\\\/\",\"name\":\"Brennenstuhl Mobiler LED Strahler DINORA 5000 \\\/ LED Baustrahler f\u00fcr den st\u00e4ndigen Einsatz im Au\u00dfenbereich (LED\u2026 - Markt-XXL\",\"isPartOf\":{\"@id\":\"https:\\\/\\\/marktxxl.de\\\/markt\\\/#website\"},\"primaryImageOfPage\":{\"@id\":\"https:\\\/\\\/marktxxl.de\\\/markt\\\/produkt\\\/brennenstuhl-led-arbeitsstrahler\\\/#primaryimage\"},\"image\":{\"@id\":\"https:\\\/\\\/marktxxl.de\\\/markt\\\/produkt\\\/brennenstuhl-led-arbeitsstrahler\\\/#primaryimage\"},\"thumbnailUrl\":\"https:\\\/\\\/m.media-amazon.com\\\/images\\\/I\\\/41YnktGKY1L._SL500_.jpg\",\"datePublished\":\"2021-12-28T18:03:49+00:00\",\"dateModified\":\"2023-04-11T01:09:42+00:00\",\"description\":\"Markt-XXL Brennenstuhl Mobiler LED Strahler DINORA 5000 \\\/ LED Baustrahler f\u00fcr den st\u00e4ndigen Einsatz im Au\u00dfenbereich (LED\u2026\",\"breadcrumb\":{\"@id\":\"https:\\\/\\\/marktxxl.de\\\/markt\\\/produkt\\\/brennenstuhl-led-arbeitsstrahler\\\/#breadcrumb\"},\"inLanguage\":\"de\",\"potentialAction\":[{\"@type\":\"ReadAction\",\"target\":[\"https:\\\/\\\/marktxxl.de\\\/markt\\\/produkt\\\/brennenstuhl-led-arbeitsstrahler\\\/\"]}]},{\"@type\":\"ImageObject\",\"inLanguage\":\"de\",\"@id\":\"https:\\\/\\\/marktxxl.de\\\/markt\\\/produkt\\\/brennenstuhl-led-arbeitsstrahler\\\/#primaryimage\",\"url\":\"https:\\\/\\\/m.media-amazon.com\\\/images\\\/I\\\/41YnktGKY1L._SL500_.jpg\",\"contentUrl\":\"https:\\\/\\\/m.media-amazon.com\\\/images\\\/I\\\/41YnktGKY1L._SL500_.jpg\",\"width\":500,\"height\":434},{\"@type\":\"BreadcrumbList\",\"@id\":\"https:\\\/\\\/marktxxl.de\\\/markt\\\/produkt\\\/brennenstuhl-led-arbeitsstrahler\\\/#breadcrumb\",\"itemListElement\":[{\"@type\":\"ListItem\",\"position\":1,\"name\":\"Startseite\",\"item\":\"https:\\\/\\\/marktxxl.de\\\/markt\\\/\"},{\"@type\":\"ListItem\",\"position\":2,\"name\":\"Markt\",\"item\":\"https:\\\/\\\/marktxxl.de\\\/markt\\\/\"},{\"@type\":\"ListItem\",\"position\":3,\"name\":\"Brennenstuhl Mobiler LED Strahler DINORA 5000 \\\/ LED Baustrahler f\u00fcr den st\u00e4ndigen Einsatz im Au\u00dfenbereich (LED\u2026\"}]},{\"@type\":\"WebSite\",\"@id\":\"https:\\\/\\\/marktxxl.de\\\/markt\\\/#website\",\"url\":\"https:\\\/\\\/marktxxl.de\\\/markt\\\/\",\"name\":\"Markt-XXL\",\"description\":\"Ihr Markt Online\",\"publisher\":{\"@id\":\"https:\\\/\\\/marktxxl.de\\\/markt\\\/#organization\"},\"potentialAction\":[{\"@type\":\"SearchAction\",\"target\":{\"@type\":\"EntryPoint\",\"urlTemplate\":\"https:\\\/\\\/marktxxl.de\\\/markt\\\/?s={search_term_string}\"},\"query-input\":{\"@type\":\"PropertyValueSpecification\",\"valueRequired\":true,\"valueName\":\"search_term_string\"}}],\"inLanguage\":\"de\"},{\"@type\":\"Organization\",\"@id\":\"https:\\\/\\\/marktxxl.de\\\/markt\\\/#organization\",\"name\":\"Markt-XXL\",\"url\":\"https:\\\/\\\/marktxxl.de\\\/markt\\\/\",\"logo\":{\"@type\":\"ImageObject\",\"inLanguage\":\"de\",\"@id\":\"https:\\\/\\\/marktxxl.de\\\/markt\\\/#\\\/schema\\\/logo\\\/image\\\/\",\"url\":\"https:\\\/\\\/marktxxl.de\\\/markt\\\/wp-content\\\/uploads\\\/sites\\\/3\\\/2020\\\/12\\\/logo.png\",\"contentUrl\":\"https:\\\/\\\/marktxxl.de\\\/markt\\\/wp-content\\\/uploads\\\/sites\\\/3\\\/2020\\\/12\\\/logo.png\",\"width\":200,\"height\":70,\"caption\":\"Markt-XXL\"},\"image\":{\"@id\":\"https:\\\/\\\/marktxxl.de\\\/markt\\\/#\\\/schema\\\/logo\\\/image\\\/\"}}]}<\/script>\n<!-- \/ Yoast SEO plugin. -->","yoast_head_json":{"title":"Brennenstuhl Mobiler LED Strahler DINORA 5000 \/ LED Baustrahler f\u00fcr den st\u00e4ndigen Einsatz im Au\u00dfenbereich (LED\u2026 - Markt-XXL","description":"Markt-XXL Brennenstuhl Mobiler LED Strahler DINORA 5000 \/ LED Baustrahler f\u00fcr den st\u00e4ndigen Einsatz im Au\u00dfenbereich (LED\u2026","robots":{"index":"index","follow":"follow","max-snippet":"max-snippet:-1","max-image-preview":"max-image-preview:large","max-video-preview":"max-video-preview:-1"},"canonical":"https:\/\/marktxxl.de\/markt\/produkt\/brennenstuhl-led-arbeitsstrahler\/","og_locale":"de_DE","og_type":"article","og_title":"Brennenstuhl Mobiler LED Strahler DINORA 5000 \/ LED Baustrahler f\u00fcr den st\u00e4ndigen Einsatz im Au\u00dfenbereich (LED\u2026 - Markt-XXL","og_description":"Markt-XXL Brennenstuhl Mobiler LED Strahler DINORA 5000 \/ LED Baustrahler f\u00fcr den st\u00e4ndigen Einsatz im Au\u00dfenbereich (LED\u2026","og_url":"https:\/\/marktxxl.de\/markt\/produkt\/brennenstuhl-led-arbeitsstrahler\/","og_site_name":"Markt-XXL","article_modified_time":"2023-04-11T01:09:42+00:00","og_image":[{"width":500,"height":434,"url":"https:\/\/m.media-amazon.com\/images\/I\/41YnktGKY1L._SL500_.jpg","type":"image\/jpeg"}],"twitter_card":"summary_large_image","schema":{"@context":"https:\/\/schema.org","@graph":[{"@type":"WebPage","@id":"https:\/\/marktxxl.de\/markt\/produkt\/brennenstuhl-led-arbeitsstrahler\/","url":"https:\/\/marktxxl.de\/markt\/produkt\/brennenstuhl-led-arbeitsstrahler\/","name":"Brennenstuhl Mobiler LED Strahler DINORA 5000 \/ LED Baustrahler f\u00fcr den st\u00e4ndigen Einsatz im Au\u00dfenbereich (LED\u2026 - Markt-XXL","isPartOf":{"@id":"https:\/\/marktxxl.de\/markt\/#website"},"primaryImageOfPage":{"@id":"https:\/\/marktxxl.de\/markt\/produkt\/brennenstuhl-led-arbeitsstrahler\/#primaryimage"},"image":{"@id":"https:\/\/marktxxl.de\/markt\/produkt\/brennenstuhl-led-arbeitsstrahler\/#primaryimage"},"thumbnailUrl":"https:\/\/m.media-amazon.com\/images\/I\/41YnktGKY1L._SL500_.jpg","datePublished":"2021-12-28T18:03:49+00:00","dateModified":"2023-04-11T01:09:42+00:00","description":"Markt-XXL Brennenstuhl Mobiler LED Strahler DINORA 5000 \/ LED Baustrahler f\u00fcr den st\u00e4ndigen Einsatz im Au\u00dfenbereich (LED\u2026","breadcrumb":{"@id":"https:\/\/marktxxl.de\/markt\/produkt\/brennenstuhl-led-arbeitsstrahler\/#breadcrumb"},"inLanguage":"de","potentialAction":[{"@type":"ReadAction","target":["https:\/\/marktxxl.de\/markt\/produkt\/brennenstuhl-led-arbeitsstrahler\/"]}]},{"@type":"ImageObject","inLanguage":"de","@id":"https:\/\/marktxxl.de\/markt\/produkt\/brennenstuhl-led-arbeitsstrahler\/#primaryimage","url":"https:\/\/m.media-amazon.com\/images\/I\/41YnktGKY1L._SL500_.jpg","contentUrl":"https:\/\/m.media-amazon.com\/images\/I\/41YnktGKY1L._SL500_.jpg","width":500,"height":434},{"@type":"BreadcrumbList","@id":"https:\/\/marktxxl.de\/markt\/produkt\/brennenstuhl-led-arbeitsstrahler\/#breadcrumb","itemListElement":[{"@type":"ListItem","position":1,"name":"Startseite","item":"https:\/\/marktxxl.de\/markt\/"},{"@type":"ListItem","position":2,"name":"Markt","item":"https:\/\/marktxxl.de\/markt\/"},{"@type":"ListItem","position":3,"name":"Brennenstuhl Mobiler LED Strahler DINORA 5000 \/ LED Baustrahler f\u00fcr den st\u00e4ndigen Einsatz im Au\u00dfenbereich (LED\u2026"}]},{"@type":"WebSite","@id":"https:\/\/marktxxl.de\/markt\/#website","url":"https:\/\/marktxxl.de\/markt\/","name":"Markt-XXL","description":"Ihr Markt Online","publisher":{"@id":"https:\/\/marktxxl.de\/markt\/#organization"},"potentialAction":[{"@type":"SearchAction","target":{"@type":"EntryPoint","urlTemplate":"https:\/\/marktxxl.de\/markt\/?s={search_term_string}"},"query-input":{"@type":"PropertyValueSpecification","valueRequired":true,"valueName":"search_term_string"}}],"inLanguage":"de"},{"@type":"Organization","@id":"https:\/\/marktxxl.de\/markt\/#organization","name":"Markt-XXL","url":"https:\/\/marktxxl.de\/markt\/","logo":{"@type":"ImageObject","inLanguage":"de","@id":"https:\/\/marktxxl.de\/markt\/#\/schema\/logo\/image\/","url":"https:\/\/marktxxl.de\/markt\/wp-content\/uploads\/sites\/3\/2020\/12\/logo.png","contentUrl":"https:\/\/marktxxl.de\/markt\/wp-content\/uploads\/sites\/3\/2020\/12\/logo.png","width":200,"height":70,"caption":"Markt-XXL"},"image":{"@id":"https:\/\/marktxxl.de\/markt\/#\/schema\/logo\/image\/"}}]}},"_links":{"self":[{"href":"https:\/\/marktxxl.de\/markt\/wp-json\/wp\/v2\/product\/89864","targetHints":{"allow":["GET"]}}],"collection":[{"href":"https:\/\/marktxxl.de\/markt\/wp-json\/wp\/v2\/product"}],"about":[{"href":"https:\/\/marktxxl.de\/markt\/wp-json\/wp\/v2\/types\/product"}],"replies":[{"embeddable":true,"href":"https:\/\/marktxxl.de\/markt\/wp-json\/wp\/v2\/comments?post=89864"}],"wp:featuredmedia":[{"embeddable":true,"href":"https:\/\/marktxxl.de\/markt\/wp-json\/wp\/v2\/media\/89865"}],"wp:attachment":[{"href":"https:\/\/marktxxl.de\/markt\/wp-json\/wp\/v2\/media?parent=89864"}],"wp:term":[{"taxonomy":"product_brand","embeddable":true,"href":"https:\/\/marktxxl.de\/markt\/wp-json\/wp\/v2\/product_brand?post=89864"},{"taxonomy":"product_cat","embeddable":true,"href":"https:\/\/marktxxl.de\/markt\/wp-json\/wp\/v2\/product_cat?post=89864"},{"taxonomy":"product_tag","embeddable":true,"href":"https:\/\/marktxxl.de\/markt\/wp-json\/wp\/v2\/product_tag?post=89864"}],"curies":[{"name":"wp","href":"https:\/\/api.w.org\/{rel}","templated":true}]}}