{"id":89824,"date":"2021-12-28T19:03:12","date_gmt":"2021-12-28T18:03:12","guid":{"rendered":"https:\/\/marktxxl.de\/markt\/produkt\/proxxon-steckschluesselsatz-spezialsatz-mit-tiefbetteinsaetzen-20-teiliges-werkzeug-set-mit-kunststoffkoffer-23292\/"},"modified":"2023-04-11T03:09:41","modified_gmt":"2023-04-11T01:09:41","slug":"proxxon-steckschluesselsatz-spezialsatz-mit-tiefbetteinsaetzen-20-teiliges-werkzeug-set-mit-kunststoffkoffer-23292","status":"publish","type":"product","link":"https:\/\/marktxxl.de\/markt\/produkt\/proxxon-steckschluesselsatz-spezialsatz-mit-tiefbetteinsaetzen-20-teiliges-werkzeug-set-mit-kunststoffkoffer-23292\/","title":{"rendered":"PROXXON Steckschl\u00fcsselsatz, Spezialsatz mit Tiefbetteins\u00e4tzen, 20-teiliges Werkzeug-Set mit Kunststoffkoffer, 23292"},"content":{"rendered":"<p>Praxisorientierter Steckschl\u00fcsselsatz 1\/2\u201c und 1\/4&#8243; mit Tiefbetteins\u00e4tzen, Ohne unn\u00f6tige F\u00fcllgr\u00f6\u00dfen f\u00fcr professionelle Anwender<br \/>\nHerausragende Materialqualit\u00e4t dank kaltgeschmiedeten 31 CrV 3-Stahls f\u00fcr ideale H\u00e4rte und Z\u00e4higkeit, Zweifach vernickelt und matt-verchromt<br \/>\nWerte f\u00fcr H\u00e4rte und maximales Drehmoment sind deutlich h\u00f6her, als von DIN\/ISO gefordert, Klar lesbare Schl\u00fcsselweiten mit Lasermarkierung<br \/>\nHochfeste, flexible Formeinlagen aus gespritztem Polypropylen, F\u00fcr eine einfache Entnahme der Werkzeuge ohne Klemmung, Kompakter Kunststoffkoffer<br \/>\nLieferumfang: 1 x PROXXON Steckschl\u00fcsselsatz, 20-teilig, Gewicht: 2,91 kg, Au\u00dfenma\u00dfe: 340 x 185 x 60 mm, Artikelnummer: 23292<br \/>\n<div class=\"main-cross-sell\" data-asin=\"B000VD1ICK\">\n\n\t<div class=\"WooZone-cross-sell-loader\">\n\t\t<div>\n\t\t\t<div id=\"floatingBarsG\">\n\t\t\t\t<div class=\"blockG\" id=\"rotateG_01\"><\/div>\n\t\t\t\t<div class=\"blockG\" id=\"rotateG_02\"><\/div>\n\t\t\t\t<div class=\"blockG\" id=\"rotateG_03\"><\/div>\n\t\t\t\t<div class=\"blockG\" id=\"rotateG_04\"><\/div>\n\t\t\t\t<div class=\"blockG\" id=\"rotateG_05\"><\/div>\n\t\t\t\t<div class=\"blockG\" id=\"rotateG_06\"><\/div>\n\t\t\t\t<div class=\"blockG\" id=\"rotateG_07\"><\/div>\n\t\t\t\t<div class=\"blockG\" id=\"rotateG_08\"><\/div>\n\t\t\t<\/div>\n\t\t\t<div class=\"WooZone-cross-sell-loader-text\"><\/div>\n\t\t<\/div>\n\t<\/div>\n\n\t\t\n<\/div>\n<div style=\"clear:both;\"><\/div><\/p>\n","protected":false},"excerpt":{"rendered":"<p>Praxisorientierter Steckschl\u00fcsselsatz 1\/2\u201c und 1\/4&#8243; mit Tiefbetteins\u00e4tzen, Ohne unn\u00f6tige F\u00fcllgr\u00f6\u00dfen f\u00fcr professionelle Anwender<br \/>\nHerausragende Materialqualit\u00e4t dank kaltgeschmiedeten 31 CrV 3-Stahls f\u00fcr ideale H\u00e4rte und Z\u00e4higkeit, Zweifach vernickelt und matt-verchromt<br \/>\nWerte f\u00fcr H\u00e4rte und maximales Drehmoment sind deutlich h\u00f6her, als von DIN\/ISO gefordert, Klar lesbare Schl\u00fcsselweiten mit Lasermarkierung<\/p>\n","protected":false},"featured_media":89825,"comment_status":"open","ping_status":"closed","template":"","meta":[],"product_brand":[],"product_cat":[1983,10970],"product_tag":[],"class_list":{"0":"post-89824","1":"product","2":"type-product","3":"status-publish","4":"has-post-thumbnail","6":"product_cat-baumarkt","7":"product_cat-elektro-handwerkzeuge","8":"pa_binding-werkzeug","9":"pa_brand-proxxon","10":"pa_height-2-1259842498-zoll","11":"pa_length-13-3070866006-zoll","12":"pa_manufacturer-proxxon-gmbh","13":"pa_model-28689","14":"pa_warranty-proxxon-2223292-estuche-1-4-20-vasos-largos","15":"pa_weight-2-20021337476-pfund","16":"pa_width-7-3228346382-zoll","18":"first","19":"instock","20":"shipping-taxable","21":"purchasable","22":"product-type-simple","23":"customify-col","24":"product-has-gallery"},"yoast_head":"<!-- This site is optimized with the Yoast SEO plugin v27.3 - https:\/\/yoast.com\/product\/yoast-seo-wordpress\/ -->\n<title>PROXXON Steckschl\u00fcsselsatz, Spezialsatz mit Tiefbetteins\u00e4tzen, 20-teiliges Werkzeug-Set mit Kunststoffkoffer, 23292 - Markt-XXL<\/title>\n<meta name=\"description\" content=\"Markt-XXL PROXXON Steckschl\u00fcsselsatz, Spezialsatz mit Tiefbetteins\u00e4tzen, 20-teiliges Werkzeug-Set mit Kunststoffkoffer, 23292\" \/>\n<meta name=\"robots\" content=\"index, follow, max-snippet:-1, max-image-preview:large, max-video-preview:-1\" \/>\n<link rel=\"canonical\" href=\"https:\/\/marktxxl.de\/markt\/produkt\/proxxon-steckschluesselsatz-spezialsatz-mit-tiefbetteinsaetzen-20-teiliges-werkzeug-set-mit-kunststoffkoffer-23292\/\" \/>\n<meta property=\"og:locale\" content=\"de_DE\" \/>\n<meta property=\"og:type\" content=\"article\" \/>\n<meta property=\"og:title\" content=\"PROXXON Steckschl\u00fcsselsatz, Spezialsatz mit Tiefbetteins\u00e4tzen, 20-teiliges Werkzeug-Set mit Kunststoffkoffer, 23292 - Markt-XXL\" \/>\n<meta property=\"og:description\" content=\"Markt-XXL PROXXON Steckschl\u00fcsselsatz, Spezialsatz mit Tiefbetteins\u00e4tzen, 20-teiliges Werkzeug-Set mit Kunststoffkoffer, 23292\" \/>\n<meta property=\"og:url\" content=\"https:\/\/marktxxl.de\/markt\/produkt\/proxxon-steckschluesselsatz-spezialsatz-mit-tiefbetteinsaetzen-20-teiliges-werkzeug-set-mit-kunststoffkoffer-23292\/\" \/>\n<meta property=\"og:site_name\" content=\"Markt-XXL\" \/>\n<meta property=\"article:modified_time\" content=\"2023-04-11T01:09:41+00:00\" \/>\n<meta property=\"og:image\" content=\"https:\/\/m.media-amazon.com\/images\/I\/414XutKbJcL._SL500_.jpg\" \/>\n\t<meta property=\"og:image:width\" content=\"500\" \/>\n\t<meta property=\"og:image:height\" content=\"358\" \/>\n\t<meta property=\"og:image:type\" content=\"image\/jpeg\" \/>\n<meta name=\"twitter:card\" content=\"summary_large_image\" \/>\n<script type=\"application\/ld+json\" class=\"yoast-schema-graph\">{\"@context\":\"https:\\\/\\\/schema.org\",\"@graph\":[{\"@type\":\"WebPage\",\"@id\":\"https:\\\/\\\/marktxxl.de\\\/markt\\\/produkt\\\/proxxon-steckschluesselsatz-spezialsatz-mit-tiefbetteinsaetzen-20-teiliges-werkzeug-set-mit-kunststoffkoffer-23292\\\/\",\"url\":\"https:\\\/\\\/marktxxl.de\\\/markt\\\/produkt\\\/proxxon-steckschluesselsatz-spezialsatz-mit-tiefbetteinsaetzen-20-teiliges-werkzeug-set-mit-kunststoffkoffer-23292\\\/\",\"name\":\"PROXXON Steckschl\u00fcsselsatz, Spezialsatz mit Tiefbetteins\u00e4tzen, 20-teiliges Werkzeug-Set mit Kunststoffkoffer, 23292 - Markt-XXL\",\"isPartOf\":{\"@id\":\"https:\\\/\\\/marktxxl.de\\\/markt\\\/#website\"},\"primaryImageOfPage\":{\"@id\":\"https:\\\/\\\/marktxxl.de\\\/markt\\\/produkt\\\/proxxon-steckschluesselsatz-spezialsatz-mit-tiefbetteinsaetzen-20-teiliges-werkzeug-set-mit-kunststoffkoffer-23292\\\/#primaryimage\"},\"image\":{\"@id\":\"https:\\\/\\\/marktxxl.de\\\/markt\\\/produkt\\\/proxxon-steckschluesselsatz-spezialsatz-mit-tiefbetteinsaetzen-20-teiliges-werkzeug-set-mit-kunststoffkoffer-23292\\\/#primaryimage\"},\"thumbnailUrl\":\"https:\\\/\\\/m.media-amazon.com\\\/images\\\/I\\\/414XutKbJcL._SL500_.jpg\",\"datePublished\":\"2021-12-28T18:03:12+00:00\",\"dateModified\":\"2023-04-11T01:09:41+00:00\",\"description\":\"Markt-XXL PROXXON Steckschl\u00fcsselsatz, Spezialsatz mit Tiefbetteins\u00e4tzen, 20-teiliges Werkzeug-Set mit Kunststoffkoffer, 23292\",\"breadcrumb\":{\"@id\":\"https:\\\/\\\/marktxxl.de\\\/markt\\\/produkt\\\/proxxon-steckschluesselsatz-spezialsatz-mit-tiefbetteinsaetzen-20-teiliges-werkzeug-set-mit-kunststoffkoffer-23292\\\/#breadcrumb\"},\"inLanguage\":\"de\",\"potentialAction\":[{\"@type\":\"ReadAction\",\"target\":[\"https:\\\/\\\/marktxxl.de\\\/markt\\\/produkt\\\/proxxon-steckschluesselsatz-spezialsatz-mit-tiefbetteinsaetzen-20-teiliges-werkzeug-set-mit-kunststoffkoffer-23292\\\/\"]}]},{\"@type\":\"ImageObject\",\"inLanguage\":\"de\",\"@id\":\"https:\\\/\\\/marktxxl.de\\\/markt\\\/produkt\\\/proxxon-steckschluesselsatz-spezialsatz-mit-tiefbetteinsaetzen-20-teiliges-werkzeug-set-mit-kunststoffkoffer-23292\\\/#primaryimage\",\"url\":\"https:\\\/\\\/m.media-amazon.com\\\/images\\\/I\\\/414XutKbJcL._SL500_.jpg\",\"contentUrl\":\"https:\\\/\\\/m.media-amazon.com\\\/images\\\/I\\\/414XutKbJcL._SL500_.jpg\",\"width\":500,\"height\":358},{\"@type\":\"BreadcrumbList\",\"@id\":\"https:\\\/\\\/marktxxl.de\\\/markt\\\/produkt\\\/proxxon-steckschluesselsatz-spezialsatz-mit-tiefbetteinsaetzen-20-teiliges-werkzeug-set-mit-kunststoffkoffer-23292\\\/#breadcrumb\",\"itemListElement\":[{\"@type\":\"ListItem\",\"position\":1,\"name\":\"Startseite\",\"item\":\"https:\\\/\\\/marktxxl.de\\\/markt\\\/\"},{\"@type\":\"ListItem\",\"position\":2,\"name\":\"Markt\",\"item\":\"https:\\\/\\\/marktxxl.de\\\/markt\\\/\"},{\"@type\":\"ListItem\",\"position\":3,\"name\":\"PROXXON Steckschl\u00fcsselsatz, Spezialsatz mit Tiefbetteins\u00e4tzen, 20-teiliges Werkzeug-Set mit Kunststoffkoffer, 23292\"}]},{\"@type\":\"WebSite\",\"@id\":\"https:\\\/\\\/marktxxl.de\\\/markt\\\/#website\",\"url\":\"https:\\\/\\\/marktxxl.de\\\/markt\\\/\",\"name\":\"Markt-XXL\",\"description\":\"Ihr Markt Online\",\"publisher\":{\"@id\":\"https:\\\/\\\/marktxxl.de\\\/markt\\\/#organization\"},\"potentialAction\":[{\"@type\":\"SearchAction\",\"target\":{\"@type\":\"EntryPoint\",\"urlTemplate\":\"https:\\\/\\\/marktxxl.de\\\/markt\\\/?s={search_term_string}\"},\"query-input\":{\"@type\":\"PropertyValueSpecification\",\"valueRequired\":true,\"valueName\":\"search_term_string\"}}],\"inLanguage\":\"de\"},{\"@type\":\"Organization\",\"@id\":\"https:\\\/\\\/marktxxl.de\\\/markt\\\/#organization\",\"name\":\"Markt-XXL\",\"url\":\"https:\\\/\\\/marktxxl.de\\\/markt\\\/\",\"logo\":{\"@type\":\"ImageObject\",\"inLanguage\":\"de\",\"@id\":\"https:\\\/\\\/marktxxl.de\\\/markt\\\/#\\\/schema\\\/logo\\\/image\\\/\",\"url\":\"https:\\\/\\\/marktxxl.de\\\/markt\\\/wp-content\\\/uploads\\\/sites\\\/3\\\/2020\\\/12\\\/logo.png\",\"contentUrl\":\"https:\\\/\\\/marktxxl.de\\\/markt\\\/wp-content\\\/uploads\\\/sites\\\/3\\\/2020\\\/12\\\/logo.png\",\"width\":200,\"height\":70,\"caption\":\"Markt-XXL\"},\"image\":{\"@id\":\"https:\\\/\\\/marktxxl.de\\\/markt\\\/#\\\/schema\\\/logo\\\/image\\\/\"}}]}<\/script>\n<!-- \/ Yoast SEO plugin. -->","yoast_head_json":{"title":"PROXXON Steckschl\u00fcsselsatz, Spezialsatz mit Tiefbetteins\u00e4tzen, 20-teiliges Werkzeug-Set mit Kunststoffkoffer, 23292 - Markt-XXL","description":"Markt-XXL PROXXON Steckschl\u00fcsselsatz, Spezialsatz mit Tiefbetteins\u00e4tzen, 20-teiliges Werkzeug-Set mit Kunststoffkoffer, 23292","robots":{"index":"index","follow":"follow","max-snippet":"max-snippet:-1","max-image-preview":"max-image-preview:large","max-video-preview":"max-video-preview:-1"},"canonical":"https:\/\/marktxxl.de\/markt\/produkt\/proxxon-steckschluesselsatz-spezialsatz-mit-tiefbetteinsaetzen-20-teiliges-werkzeug-set-mit-kunststoffkoffer-23292\/","og_locale":"de_DE","og_type":"article","og_title":"PROXXON Steckschl\u00fcsselsatz, Spezialsatz mit Tiefbetteins\u00e4tzen, 20-teiliges Werkzeug-Set mit Kunststoffkoffer, 23292 - Markt-XXL","og_description":"Markt-XXL PROXXON Steckschl\u00fcsselsatz, Spezialsatz mit Tiefbetteins\u00e4tzen, 20-teiliges Werkzeug-Set mit Kunststoffkoffer, 23292","og_url":"https:\/\/marktxxl.de\/markt\/produkt\/proxxon-steckschluesselsatz-spezialsatz-mit-tiefbetteinsaetzen-20-teiliges-werkzeug-set-mit-kunststoffkoffer-23292\/","og_site_name":"Markt-XXL","article_modified_time":"2023-04-11T01:09:41+00:00","og_image":[{"width":500,"height":358,"url":"https:\/\/m.media-amazon.com\/images\/I\/414XutKbJcL._SL500_.jpg","type":"image\/jpeg"}],"twitter_card":"summary_large_image","schema":{"@context":"https:\/\/schema.org","@graph":[{"@type":"WebPage","@id":"https:\/\/marktxxl.de\/markt\/produkt\/proxxon-steckschluesselsatz-spezialsatz-mit-tiefbetteinsaetzen-20-teiliges-werkzeug-set-mit-kunststoffkoffer-23292\/","url":"https:\/\/marktxxl.de\/markt\/produkt\/proxxon-steckschluesselsatz-spezialsatz-mit-tiefbetteinsaetzen-20-teiliges-werkzeug-set-mit-kunststoffkoffer-23292\/","name":"PROXXON Steckschl\u00fcsselsatz, Spezialsatz mit Tiefbetteins\u00e4tzen, 20-teiliges Werkzeug-Set mit Kunststoffkoffer, 23292 - Markt-XXL","isPartOf":{"@id":"https:\/\/marktxxl.de\/markt\/#website"},"primaryImageOfPage":{"@id":"https:\/\/marktxxl.de\/markt\/produkt\/proxxon-steckschluesselsatz-spezialsatz-mit-tiefbetteinsaetzen-20-teiliges-werkzeug-set-mit-kunststoffkoffer-23292\/#primaryimage"},"image":{"@id":"https:\/\/marktxxl.de\/markt\/produkt\/proxxon-steckschluesselsatz-spezialsatz-mit-tiefbetteinsaetzen-20-teiliges-werkzeug-set-mit-kunststoffkoffer-23292\/#primaryimage"},"thumbnailUrl":"https:\/\/m.media-amazon.com\/images\/I\/414XutKbJcL._SL500_.jpg","datePublished":"2021-12-28T18:03:12+00:00","dateModified":"2023-04-11T01:09:41+00:00","description":"Markt-XXL PROXXON Steckschl\u00fcsselsatz, Spezialsatz mit Tiefbetteins\u00e4tzen, 20-teiliges Werkzeug-Set mit Kunststoffkoffer, 23292","breadcrumb":{"@id":"https:\/\/marktxxl.de\/markt\/produkt\/proxxon-steckschluesselsatz-spezialsatz-mit-tiefbetteinsaetzen-20-teiliges-werkzeug-set-mit-kunststoffkoffer-23292\/#breadcrumb"},"inLanguage":"de","potentialAction":[{"@type":"ReadAction","target":["https:\/\/marktxxl.de\/markt\/produkt\/proxxon-steckschluesselsatz-spezialsatz-mit-tiefbetteinsaetzen-20-teiliges-werkzeug-set-mit-kunststoffkoffer-23292\/"]}]},{"@type":"ImageObject","inLanguage":"de","@id":"https:\/\/marktxxl.de\/markt\/produkt\/proxxon-steckschluesselsatz-spezialsatz-mit-tiefbetteinsaetzen-20-teiliges-werkzeug-set-mit-kunststoffkoffer-23292\/#primaryimage","url":"https:\/\/m.media-amazon.com\/images\/I\/414XutKbJcL._SL500_.jpg","contentUrl":"https:\/\/m.media-amazon.com\/images\/I\/414XutKbJcL._SL500_.jpg","width":500,"height":358},{"@type":"BreadcrumbList","@id":"https:\/\/marktxxl.de\/markt\/produkt\/proxxon-steckschluesselsatz-spezialsatz-mit-tiefbetteinsaetzen-20-teiliges-werkzeug-set-mit-kunststoffkoffer-23292\/#breadcrumb","itemListElement":[{"@type":"ListItem","position":1,"name":"Startseite","item":"https:\/\/marktxxl.de\/markt\/"},{"@type":"ListItem","position":2,"name":"Markt","item":"https:\/\/marktxxl.de\/markt\/"},{"@type":"ListItem","position":3,"name":"PROXXON Steckschl\u00fcsselsatz, Spezialsatz mit Tiefbetteins\u00e4tzen, 20-teiliges Werkzeug-Set mit Kunststoffkoffer, 23292"}]},{"@type":"WebSite","@id":"https:\/\/marktxxl.de\/markt\/#website","url":"https:\/\/marktxxl.de\/markt\/","name":"Markt-XXL","description":"Ihr Markt Online","publisher":{"@id":"https:\/\/marktxxl.de\/markt\/#organization"},"potentialAction":[{"@type":"SearchAction","target":{"@type":"EntryPoint","urlTemplate":"https:\/\/marktxxl.de\/markt\/?s={search_term_string}"},"query-input":{"@type":"PropertyValueSpecification","valueRequired":true,"valueName":"search_term_string"}}],"inLanguage":"de"},{"@type":"Organization","@id":"https:\/\/marktxxl.de\/markt\/#organization","name":"Markt-XXL","url":"https:\/\/marktxxl.de\/markt\/","logo":{"@type":"ImageObject","inLanguage":"de","@id":"https:\/\/marktxxl.de\/markt\/#\/schema\/logo\/image\/","url":"https:\/\/marktxxl.de\/markt\/wp-content\/uploads\/sites\/3\/2020\/12\/logo.png","contentUrl":"https:\/\/marktxxl.de\/markt\/wp-content\/uploads\/sites\/3\/2020\/12\/logo.png","width":200,"height":70,"caption":"Markt-XXL"},"image":{"@id":"https:\/\/marktxxl.de\/markt\/#\/schema\/logo\/image\/"}}]}},"_links":{"self":[{"href":"https:\/\/marktxxl.de\/markt\/wp-json\/wp\/v2\/product\/89824","targetHints":{"allow":["GET"]}}],"collection":[{"href":"https:\/\/marktxxl.de\/markt\/wp-json\/wp\/v2\/product"}],"about":[{"href":"https:\/\/marktxxl.de\/markt\/wp-json\/wp\/v2\/types\/product"}],"replies":[{"embeddable":true,"href":"https:\/\/marktxxl.de\/markt\/wp-json\/wp\/v2\/comments?post=89824"}],"wp:featuredmedia":[{"embeddable":true,"href":"https:\/\/marktxxl.de\/markt\/wp-json\/wp\/v2\/media\/89825"}],"wp:attachment":[{"href":"https:\/\/marktxxl.de\/markt\/wp-json\/wp\/v2\/media?parent=89824"}],"wp:term":[{"taxonomy":"product_brand","embeddable":true,"href":"https:\/\/marktxxl.de\/markt\/wp-json\/wp\/v2\/product_brand?post=89824"},{"taxonomy":"product_cat","embeddable":true,"href":"https:\/\/marktxxl.de\/markt\/wp-json\/wp\/v2\/product_cat?post=89824"},{"taxonomy":"product_tag","embeddable":true,"href":"https:\/\/marktxxl.de\/markt\/wp-json\/wp\/v2\/product_tag?post=89824"}],"curies":[{"name":"wp","href":"https:\/\/api.w.org\/{rel}","templated":true}]}}