{"id":89703,"date":"2021-12-28T19:00:57","date_gmt":"2021-12-28T18:00:57","guid":{"rendered":"https:\/\/marktxxl.de\/markt\/produkt\/fischer-duoseal-8-x-48-s-universalduebel-fuer-nassbereiche-25-stk-mit-schrauben-leistungsstarke-2-komponenten-duebel-abdichtender-kunststoffduebel-zur-befestigung-in-feuchtraeumen\/"},"modified":"2023-04-11T03:09:40","modified_gmt":"2023-04-11T01:09:40","slug":"fischer-duoseal-8-x-48-s-universalduebel-fuer-nassbereiche-25-stk-mit-schrauben-leistungsstarke-2-komponenten-duebel-abdichtender-kunststoffduebel-zur-befestigung-in-feuchtraeumen","status":"publish","type":"product","link":"https:\/\/marktxxl.de\/markt\/produkt\/fischer-duoseal-8-x-48-s-universalduebel-fuer-nassbereiche-25-stk-mit-schrauben-leistungsstarke-2-komponenten-duebel-abdichtender-kunststoffduebel-zur-befestigung-in-feuchtraeumen\/","title":{"rendered":"fischer DuoSeal 8 x 48 S, Universald\u00fcbel f\u00fcr Nassbereiche (25 Stk.) mit Schrauben, leistungsstarke D\u00fcbel, abdichtender\u2026"},"content":{"rendered":"<p>Dream-Team f\u00fcr Sanit\u00e4rbereiche: Der DuoSeal dichtet zusammen mit der enthaltenen, perfekt auf den D\u00fcbel abgestimmten Edelstahlschraube Bohrl\u00f6cher ohne zus\u00e4tzliche Dichtmasse komplett ab, so haben Feuchtigkeit und Schimmel keine Chance in Bad, Waschk\u00fcche und weiteren Nassbereichen.<br \/>\nLeistungsstarker Montagehelfer: Der Universald\u00fcbel l\u00e4sst sich ohne viel Kraft montieren und \u00fcberzeugt mit seinem intelligenten Funktionsprinzip aus Spreizen, Klappen und Knoten f\u00fcr besten Halt \u2013 die Mitdrehsicherung verhindert zudem ein Mitdrehen des D\u00fcbels.<br \/>\nDie Innovation: Der erste D\u00fcbel f\u00fcr den Nassbereich, der ohne Silikon abdichtet!<br \/>\nAnwendungsgebiete: Der Kunststoffd\u00fcbel eignet sich f\u00fcr geflieste Fl\u00e4chen, die h\u00e4ufig Spritzwasser ausgesetzt sind wie bei der Anbringung von Bad Accessoires, Spiegeln und Armaturen, u.a. in Baustoffen wie Beton, Vollziegel, Porenbeton und Spanplatten.<br \/>\nLieferumfang: 25 x DuoSeal (Art.-Nr. 557728), Faltschachtel mit D\u00fcbeln (25 Stk. 8 x 48) und passenden Panhead Edelstahlschraube (25 Stk. 6,0 x 70) von fischer.<br \/>\n<div class=\"main-cross-sell\" data-asin=\"B08PW4KFHT\">\n\n\t<div class=\"WooZone-cross-sell-loader\">\n\t\t<div>\n\t\t\t<div id=\"floatingBarsG\">\n\t\t\t\t<div class=\"blockG\" id=\"rotateG_01\"><\/div>\n\t\t\t\t<div class=\"blockG\" id=\"rotateG_02\"><\/div>\n\t\t\t\t<div class=\"blockG\" id=\"rotateG_03\"><\/div>\n\t\t\t\t<div class=\"blockG\" id=\"rotateG_04\"><\/div>\n\t\t\t\t<div class=\"blockG\" id=\"rotateG_05\"><\/div>\n\t\t\t\t<div class=\"blockG\" id=\"rotateG_06\"><\/div>\n\t\t\t\t<div class=\"blockG\" id=\"rotateG_07\"><\/div>\n\t\t\t\t<div class=\"blockG\" id=\"rotateG_08\"><\/div>\n\t\t\t<\/div>\n\t\t\t<div class=\"WooZone-cross-sell-loader-text\"><\/div>\n\t\t<\/div>\n\t<\/div>\n\n\t\t\n<\/div>\n<div style=\"clear:both;\"><\/div><\/p>\n","protected":false},"excerpt":{"rendered":"<p>Dream-Team f\u00fcr Sanit\u00e4rbereiche: Der DuoSeal dichtet zusammen mit der enthaltenen, perfekt auf den D\u00fcbel abgestimmten Edelstahlschraube Bohrl\u00f6cher ohne zus\u00e4tzliche Dichtmasse komplett ab, so haben Feuchtigkeit und Schimmel keine Chance in Bad, Waschk\u00fcche und weiteren Nassbereichen.<br \/>\nLeistungsstarker Montagehelfer: Der Universald\u00fcbel l\u00e4sst sich ohne viel Kraft montieren und \u00fcberzeugt mit seinem intelligenten Funktionsprinzip aus Spreizen, Klappen und Knoten f\u00fcr besten Halt \u2013 die Mitdrehsicherung verhindert zudem ein Mitdrehen des D\u00fcbels.<br \/>\nDie Innovation: Der erste D\u00fcbel f\u00fcr den Nassbereich, der ohne Silikon abdichtet!<\/p>\n","protected":false},"featured_media":89704,"comment_status":"open","ping_status":"closed","template":"","meta":[],"product_brand":[],"product_cat":[1983,10865],"product_tag":[],"class_list":{"0":"post-89703","1":"product","2":"type-product","3":"status-publish","4":"has-post-thumbnail","6":"product_cat-baumarkt","7":"product_cat-eisenwaren","8":"pa_binding-werkzeug","9":"pa_brand-fischer","10":"pa_color-rot","11":"pa_height-0-31496-zoll","12":"pa_length-1-88976-zoll","13":"pa_manufacturer-fischer","14":"pa_model-28669","15":"pa_size-o-x-l-8-mm-x-48-mm","16":"pa_width-0-31496-zoll","18":"first","19":"instock","20":"shipping-taxable","21":"purchasable","22":"product-type-simple","23":"customify-col","24":"product-has-gallery"},"yoast_head":"<!-- This site is optimized with the Yoast SEO plugin v27.3 - https:\/\/yoast.com\/product\/yoast-seo-wordpress\/ -->\n<title>fischer DuoSeal 8 x 48 S, Universald\u00fcbel f\u00fcr Nassbereiche (25 Stk.) mit Schrauben, leistungsstarke D\u00fcbel, abdichtender\u2026 - Markt-XXL<\/title>\n<meta name=\"description\" content=\"Markt-XXL fischer DuoSeal 8 x 48 S, Universald\u00fcbel f\u00fcr Nassbereiche (25 Stk.) mit Schrauben, leistungsstarke D\u00fcbel, abdichtender\u2026\" \/>\n<meta name=\"robots\" content=\"index, follow, max-snippet:-1, max-image-preview:large, max-video-preview:-1\" \/>\n<link rel=\"canonical\" href=\"https:\/\/marktxxl.de\/markt\/produkt\/fischer-duoseal-8-x-48-s-universalduebel-fuer-nassbereiche-25-stk-mit-schrauben-leistungsstarke-2-komponenten-duebel-abdichtender-kunststoffduebel-zur-befestigung-in-feuchtraeumen\/\" \/>\n<meta property=\"og:locale\" content=\"de_DE\" \/>\n<meta property=\"og:type\" content=\"article\" \/>\n<meta property=\"og:title\" content=\"fischer DuoSeal 8 x 48 S, Universald\u00fcbel f\u00fcr Nassbereiche (25 Stk.) mit Schrauben, leistungsstarke D\u00fcbel, abdichtender\u2026 - Markt-XXL\" \/>\n<meta property=\"og:description\" content=\"Markt-XXL fischer DuoSeal 8 x 48 S, Universald\u00fcbel f\u00fcr Nassbereiche (25 Stk.) mit Schrauben, leistungsstarke D\u00fcbel, abdichtender\u2026\" \/>\n<meta property=\"og:url\" content=\"https:\/\/marktxxl.de\/markt\/produkt\/fischer-duoseal-8-x-48-s-universalduebel-fuer-nassbereiche-25-stk-mit-schrauben-leistungsstarke-2-komponenten-duebel-abdichtender-kunststoffduebel-zur-befestigung-in-feuchtraeumen\/\" \/>\n<meta property=\"og:site_name\" content=\"Markt-XXL\" \/>\n<meta property=\"article:modified_time\" content=\"2023-04-11T01:09:40+00:00\" \/>\n<meta property=\"og:image\" content=\"https:\/\/m.media-amazon.com\/images\/I\/51YOIHo1qQL._SL500_.jpg\" \/>\n\t<meta property=\"og:image:width\" content=\"500\" \/>\n\t<meta property=\"og:image:height\" content=\"500\" \/>\n\t<meta property=\"og:image:type\" content=\"image\/jpeg\" \/>\n<meta name=\"twitter:card\" content=\"summary_large_image\" \/>\n<meta name=\"twitter:label1\" content=\"Gesch\u00e4tzte Lesezeit\" \/>\n\t<meta name=\"twitter:data1\" content=\"1\u00a0Minute\" \/>\n<script type=\"application\/ld+json\" class=\"yoast-schema-graph\">{\"@context\":\"https:\\\/\\\/schema.org\",\"@graph\":[{\"@type\":\"WebPage\",\"@id\":\"https:\\\/\\\/marktxxl.de\\\/markt\\\/produkt\\\/fischer-duoseal-8-x-48-s-universalduebel-fuer-nassbereiche-25-stk-mit-schrauben-leistungsstarke-2-komponenten-duebel-abdichtender-kunststoffduebel-zur-befestigung-in-feuchtraeumen\\\/\",\"url\":\"https:\\\/\\\/marktxxl.de\\\/markt\\\/produkt\\\/fischer-duoseal-8-x-48-s-universalduebel-fuer-nassbereiche-25-stk-mit-schrauben-leistungsstarke-2-komponenten-duebel-abdichtender-kunststoffduebel-zur-befestigung-in-feuchtraeumen\\\/\",\"name\":\"fischer DuoSeal 8 x 48 S, Universald\u00fcbel f\u00fcr Nassbereiche (25 Stk.) mit Schrauben, leistungsstarke D\u00fcbel, abdichtender\u2026 - Markt-XXL\",\"isPartOf\":{\"@id\":\"https:\\\/\\\/marktxxl.de\\\/markt\\\/#website\"},\"primaryImageOfPage\":{\"@id\":\"https:\\\/\\\/marktxxl.de\\\/markt\\\/produkt\\\/fischer-duoseal-8-x-48-s-universalduebel-fuer-nassbereiche-25-stk-mit-schrauben-leistungsstarke-2-komponenten-duebel-abdichtender-kunststoffduebel-zur-befestigung-in-feuchtraeumen\\\/#primaryimage\"},\"image\":{\"@id\":\"https:\\\/\\\/marktxxl.de\\\/markt\\\/produkt\\\/fischer-duoseal-8-x-48-s-universalduebel-fuer-nassbereiche-25-stk-mit-schrauben-leistungsstarke-2-komponenten-duebel-abdichtender-kunststoffduebel-zur-befestigung-in-feuchtraeumen\\\/#primaryimage\"},\"thumbnailUrl\":\"https:\\\/\\\/m.media-amazon.com\\\/images\\\/I\\\/51YOIHo1qQL._SL500_.jpg\",\"datePublished\":\"2021-12-28T18:00:57+00:00\",\"dateModified\":\"2023-04-11T01:09:40+00:00\",\"description\":\"Markt-XXL fischer DuoSeal 8 x 48 S, Universald\u00fcbel f\u00fcr Nassbereiche (25 Stk.) mit Schrauben, leistungsstarke D\u00fcbel, abdichtender\u2026\",\"breadcrumb\":{\"@id\":\"https:\\\/\\\/marktxxl.de\\\/markt\\\/produkt\\\/fischer-duoseal-8-x-48-s-universalduebel-fuer-nassbereiche-25-stk-mit-schrauben-leistungsstarke-2-komponenten-duebel-abdichtender-kunststoffduebel-zur-befestigung-in-feuchtraeumen\\\/#breadcrumb\"},\"inLanguage\":\"de\",\"potentialAction\":[{\"@type\":\"ReadAction\",\"target\":[\"https:\\\/\\\/marktxxl.de\\\/markt\\\/produkt\\\/fischer-duoseal-8-x-48-s-universalduebel-fuer-nassbereiche-25-stk-mit-schrauben-leistungsstarke-2-komponenten-duebel-abdichtender-kunststoffduebel-zur-befestigung-in-feuchtraeumen\\\/\"]}]},{\"@type\":\"ImageObject\",\"inLanguage\":\"de\",\"@id\":\"https:\\\/\\\/marktxxl.de\\\/markt\\\/produkt\\\/fischer-duoseal-8-x-48-s-universalduebel-fuer-nassbereiche-25-stk-mit-schrauben-leistungsstarke-2-komponenten-duebel-abdichtender-kunststoffduebel-zur-befestigung-in-feuchtraeumen\\\/#primaryimage\",\"url\":\"https:\\\/\\\/m.media-amazon.com\\\/images\\\/I\\\/51YOIHo1qQL._SL500_.jpg\",\"contentUrl\":\"https:\\\/\\\/m.media-amazon.com\\\/images\\\/I\\\/51YOIHo1qQL._SL500_.jpg\",\"width\":500,\"height\":500},{\"@type\":\"BreadcrumbList\",\"@id\":\"https:\\\/\\\/marktxxl.de\\\/markt\\\/produkt\\\/fischer-duoseal-8-x-48-s-universalduebel-fuer-nassbereiche-25-stk-mit-schrauben-leistungsstarke-2-komponenten-duebel-abdichtender-kunststoffduebel-zur-befestigung-in-feuchtraeumen\\\/#breadcrumb\",\"itemListElement\":[{\"@type\":\"ListItem\",\"position\":1,\"name\":\"Startseite\",\"item\":\"https:\\\/\\\/marktxxl.de\\\/markt\\\/\"},{\"@type\":\"ListItem\",\"position\":2,\"name\":\"Markt\",\"item\":\"https:\\\/\\\/marktxxl.de\\\/markt\\\/\"},{\"@type\":\"ListItem\",\"position\":3,\"name\":\"fischer DuoSeal 8 x 48 S, Universald\u00fcbel f\u00fcr Nassbereiche (25 Stk.) mit Schrauben, leistungsstarke D\u00fcbel, abdichtender\u2026\"}]},{\"@type\":\"WebSite\",\"@id\":\"https:\\\/\\\/marktxxl.de\\\/markt\\\/#website\",\"url\":\"https:\\\/\\\/marktxxl.de\\\/markt\\\/\",\"name\":\"Markt-XXL\",\"description\":\"Ihr Markt Online\",\"publisher\":{\"@id\":\"https:\\\/\\\/marktxxl.de\\\/markt\\\/#organization\"},\"potentialAction\":[{\"@type\":\"SearchAction\",\"target\":{\"@type\":\"EntryPoint\",\"urlTemplate\":\"https:\\\/\\\/marktxxl.de\\\/markt\\\/?s={search_term_string}\"},\"query-input\":{\"@type\":\"PropertyValueSpecification\",\"valueRequired\":true,\"valueName\":\"search_term_string\"}}],\"inLanguage\":\"de\"},{\"@type\":\"Organization\",\"@id\":\"https:\\\/\\\/marktxxl.de\\\/markt\\\/#organization\",\"name\":\"Markt-XXL\",\"url\":\"https:\\\/\\\/marktxxl.de\\\/markt\\\/\",\"logo\":{\"@type\":\"ImageObject\",\"inLanguage\":\"de\",\"@id\":\"https:\\\/\\\/marktxxl.de\\\/markt\\\/#\\\/schema\\\/logo\\\/image\\\/\",\"url\":\"https:\\\/\\\/marktxxl.de\\\/markt\\\/wp-content\\\/uploads\\\/sites\\\/3\\\/2020\\\/12\\\/logo.png\",\"contentUrl\":\"https:\\\/\\\/marktxxl.de\\\/markt\\\/wp-content\\\/uploads\\\/sites\\\/3\\\/2020\\\/12\\\/logo.png\",\"width\":200,\"height\":70,\"caption\":\"Markt-XXL\"},\"image\":{\"@id\":\"https:\\\/\\\/marktxxl.de\\\/markt\\\/#\\\/schema\\\/logo\\\/image\\\/\"}}]}<\/script>\n<!-- \/ Yoast SEO plugin. -->","yoast_head_json":{"title":"fischer DuoSeal 8 x 48 S, Universald\u00fcbel f\u00fcr Nassbereiche (25 Stk.) mit Schrauben, leistungsstarke D\u00fcbel, abdichtender\u2026 - Markt-XXL","description":"Markt-XXL fischer DuoSeal 8 x 48 S, Universald\u00fcbel f\u00fcr Nassbereiche (25 Stk.) mit Schrauben, leistungsstarke D\u00fcbel, abdichtender\u2026","robots":{"index":"index","follow":"follow","max-snippet":"max-snippet:-1","max-image-preview":"max-image-preview:large","max-video-preview":"max-video-preview:-1"},"canonical":"https:\/\/marktxxl.de\/markt\/produkt\/fischer-duoseal-8-x-48-s-universalduebel-fuer-nassbereiche-25-stk-mit-schrauben-leistungsstarke-2-komponenten-duebel-abdichtender-kunststoffduebel-zur-befestigung-in-feuchtraeumen\/","og_locale":"de_DE","og_type":"article","og_title":"fischer DuoSeal 8 x 48 S, Universald\u00fcbel f\u00fcr Nassbereiche (25 Stk.) mit Schrauben, leistungsstarke D\u00fcbel, abdichtender\u2026 - Markt-XXL","og_description":"Markt-XXL fischer DuoSeal 8 x 48 S, Universald\u00fcbel f\u00fcr Nassbereiche (25 Stk.) mit Schrauben, leistungsstarke D\u00fcbel, abdichtender\u2026","og_url":"https:\/\/marktxxl.de\/markt\/produkt\/fischer-duoseal-8-x-48-s-universalduebel-fuer-nassbereiche-25-stk-mit-schrauben-leistungsstarke-2-komponenten-duebel-abdichtender-kunststoffduebel-zur-befestigung-in-feuchtraeumen\/","og_site_name":"Markt-XXL","article_modified_time":"2023-04-11T01:09:40+00:00","og_image":[{"width":500,"height":500,"url":"https:\/\/m.media-amazon.com\/images\/I\/51YOIHo1qQL._SL500_.jpg","type":"image\/jpeg"}],"twitter_card":"summary_large_image","twitter_misc":{"Gesch\u00e4tzte Lesezeit":"1\u00a0Minute"},"schema":{"@context":"https:\/\/schema.org","@graph":[{"@type":"WebPage","@id":"https:\/\/marktxxl.de\/markt\/produkt\/fischer-duoseal-8-x-48-s-universalduebel-fuer-nassbereiche-25-stk-mit-schrauben-leistungsstarke-2-komponenten-duebel-abdichtender-kunststoffduebel-zur-befestigung-in-feuchtraeumen\/","url":"https:\/\/marktxxl.de\/markt\/produkt\/fischer-duoseal-8-x-48-s-universalduebel-fuer-nassbereiche-25-stk-mit-schrauben-leistungsstarke-2-komponenten-duebel-abdichtender-kunststoffduebel-zur-befestigung-in-feuchtraeumen\/","name":"fischer DuoSeal 8 x 48 S, Universald\u00fcbel f\u00fcr Nassbereiche (25 Stk.) mit Schrauben, leistungsstarke D\u00fcbel, abdichtender\u2026 - Markt-XXL","isPartOf":{"@id":"https:\/\/marktxxl.de\/markt\/#website"},"primaryImageOfPage":{"@id":"https:\/\/marktxxl.de\/markt\/produkt\/fischer-duoseal-8-x-48-s-universalduebel-fuer-nassbereiche-25-stk-mit-schrauben-leistungsstarke-2-komponenten-duebel-abdichtender-kunststoffduebel-zur-befestigung-in-feuchtraeumen\/#primaryimage"},"image":{"@id":"https:\/\/marktxxl.de\/markt\/produkt\/fischer-duoseal-8-x-48-s-universalduebel-fuer-nassbereiche-25-stk-mit-schrauben-leistungsstarke-2-komponenten-duebel-abdichtender-kunststoffduebel-zur-befestigung-in-feuchtraeumen\/#primaryimage"},"thumbnailUrl":"https:\/\/m.media-amazon.com\/images\/I\/51YOIHo1qQL._SL500_.jpg","datePublished":"2021-12-28T18:00:57+00:00","dateModified":"2023-04-11T01:09:40+00:00","description":"Markt-XXL fischer DuoSeal 8 x 48 S, Universald\u00fcbel f\u00fcr Nassbereiche (25 Stk.) mit Schrauben, leistungsstarke D\u00fcbel, abdichtender\u2026","breadcrumb":{"@id":"https:\/\/marktxxl.de\/markt\/produkt\/fischer-duoseal-8-x-48-s-universalduebel-fuer-nassbereiche-25-stk-mit-schrauben-leistungsstarke-2-komponenten-duebel-abdichtender-kunststoffduebel-zur-befestigung-in-feuchtraeumen\/#breadcrumb"},"inLanguage":"de","potentialAction":[{"@type":"ReadAction","target":["https:\/\/marktxxl.de\/markt\/produkt\/fischer-duoseal-8-x-48-s-universalduebel-fuer-nassbereiche-25-stk-mit-schrauben-leistungsstarke-2-komponenten-duebel-abdichtender-kunststoffduebel-zur-befestigung-in-feuchtraeumen\/"]}]},{"@type":"ImageObject","inLanguage":"de","@id":"https:\/\/marktxxl.de\/markt\/produkt\/fischer-duoseal-8-x-48-s-universalduebel-fuer-nassbereiche-25-stk-mit-schrauben-leistungsstarke-2-komponenten-duebel-abdichtender-kunststoffduebel-zur-befestigung-in-feuchtraeumen\/#primaryimage","url":"https:\/\/m.media-amazon.com\/images\/I\/51YOIHo1qQL._SL500_.jpg","contentUrl":"https:\/\/m.media-amazon.com\/images\/I\/51YOIHo1qQL._SL500_.jpg","width":500,"height":500},{"@type":"BreadcrumbList","@id":"https:\/\/marktxxl.de\/markt\/produkt\/fischer-duoseal-8-x-48-s-universalduebel-fuer-nassbereiche-25-stk-mit-schrauben-leistungsstarke-2-komponenten-duebel-abdichtender-kunststoffduebel-zur-befestigung-in-feuchtraeumen\/#breadcrumb","itemListElement":[{"@type":"ListItem","position":1,"name":"Startseite","item":"https:\/\/marktxxl.de\/markt\/"},{"@type":"ListItem","position":2,"name":"Markt","item":"https:\/\/marktxxl.de\/markt\/"},{"@type":"ListItem","position":3,"name":"fischer DuoSeal 8 x 48 S, Universald\u00fcbel f\u00fcr Nassbereiche (25 Stk.) mit Schrauben, leistungsstarke D\u00fcbel, abdichtender\u2026"}]},{"@type":"WebSite","@id":"https:\/\/marktxxl.de\/markt\/#website","url":"https:\/\/marktxxl.de\/markt\/","name":"Markt-XXL","description":"Ihr Markt Online","publisher":{"@id":"https:\/\/marktxxl.de\/markt\/#organization"},"potentialAction":[{"@type":"SearchAction","target":{"@type":"EntryPoint","urlTemplate":"https:\/\/marktxxl.de\/markt\/?s={search_term_string}"},"query-input":{"@type":"PropertyValueSpecification","valueRequired":true,"valueName":"search_term_string"}}],"inLanguage":"de"},{"@type":"Organization","@id":"https:\/\/marktxxl.de\/markt\/#organization","name":"Markt-XXL","url":"https:\/\/marktxxl.de\/markt\/","logo":{"@type":"ImageObject","inLanguage":"de","@id":"https:\/\/marktxxl.de\/markt\/#\/schema\/logo\/image\/","url":"https:\/\/marktxxl.de\/markt\/wp-content\/uploads\/sites\/3\/2020\/12\/logo.png","contentUrl":"https:\/\/marktxxl.de\/markt\/wp-content\/uploads\/sites\/3\/2020\/12\/logo.png","width":200,"height":70,"caption":"Markt-XXL"},"image":{"@id":"https:\/\/marktxxl.de\/markt\/#\/schema\/logo\/image\/"}}]}},"_links":{"self":[{"href":"https:\/\/marktxxl.de\/markt\/wp-json\/wp\/v2\/product\/89703","targetHints":{"allow":["GET"]}}],"collection":[{"href":"https:\/\/marktxxl.de\/markt\/wp-json\/wp\/v2\/product"}],"about":[{"href":"https:\/\/marktxxl.de\/markt\/wp-json\/wp\/v2\/types\/product"}],"replies":[{"embeddable":true,"href":"https:\/\/marktxxl.de\/markt\/wp-json\/wp\/v2\/comments?post=89703"}],"wp:featuredmedia":[{"embeddable":true,"href":"https:\/\/marktxxl.de\/markt\/wp-json\/wp\/v2\/media\/89704"}],"wp:attachment":[{"href":"https:\/\/marktxxl.de\/markt\/wp-json\/wp\/v2\/media?parent=89703"}],"wp:term":[{"taxonomy":"product_brand","embeddable":true,"href":"https:\/\/marktxxl.de\/markt\/wp-json\/wp\/v2\/product_brand?post=89703"},{"taxonomy":"product_cat","embeddable":true,"href":"https:\/\/marktxxl.de\/markt\/wp-json\/wp\/v2\/product_cat?post=89703"},{"taxonomy":"product_tag","embeddable":true,"href":"https:\/\/marktxxl.de\/markt\/wp-json\/wp\/v2\/product_tag?post=89703"}],"curies":[{"name":"wp","href":"https:\/\/api.w.org\/{rel}","templated":true}]}}