{"id":89642,"date":"2021-12-28T18:57:10","date_gmt":"2021-12-28T17:57:10","guid":{"rendered":"https:\/\/marktxxl.de\/markt\/produkt\/mam-air-night-silikon-schnuller-im-2er-set-zahnfreundlicher-und-leuchtender-baby-schnuller-extra-leichtes-und-luftiges-schilddesign-mit-schnullerbox\/"},"modified":"2023-04-11T03:09:39","modified_gmt":"2023-04-11T01:09:39","slug":"mam-air-night-silikon-schnuller-im-2er-set-zahnfreundlicher-und-leuchtender-baby-schnuller-extra-leichtes-und-luftiges-schilddesign-mit-schnullerbox","status":"publish","type":"product","link":"https:\/\/marktxxl.de\/markt\/produkt\/mam-air-night-silikon-schnuller-im-2er-set-zahnfreundlicher-und-leuchtender-baby-schnuller-extra-leichtes-und-luftiges-schilddesign-mit-schnullerbox\/","title":{"rendered":"MAM Air Night Silikon Schnuller im 2er-Set, zahnfreundlicher und leuchtender Baby Schnuller, 16+ Monate, Tiger\/Robbe\u2026"},"content":{"rendered":"<p>Besondere Form \u2013 Dank des innovativen Schilddesigns mit extra gro\u00dfen Luftl\u00f6chern ist der Silikonschnuller perfekt bei empfindlicher Babyhaut<br \/>\nZahnfreundlicher Schnuller \u2013 Mit dem schmalen, symmetrischen Saugerhals sind die Schnuller im Set besonders zahnfreundlich und liegen immer richtig herum in Babys Mund<br \/>\nInnovative Funktion \u2013 Da der Air Night Schnuller im Dunkeln leuchtet, kann er von Eltern und Baby einfach wiedergefunden werden \u2013 ideal f\u00fcr jede Baby Ausstattung, die f\u00fcr ruhige N\u00e4chte sorgt<br \/>\nExtra sanft \u2013 Der kiefergerechte Sauger aus SkinSoft Silikon f\u00fchlt sich unvergleichlich weich &amp; vertraut in Babys Mund an und wird so sehr gut akzeptiert<br \/>\nEinfache Handhabung \u2013 In der Sterilisier- und Transportbox kann der MAM Schnuller einfach und zeitsparend ohne Zusatzger\u00e4t in der Mikrowelle sterilisiert werden<br \/>\n<div class=\"main-cross-sell\" data-asin=\"B09K65JKV5\">\n\n\t<div class=\"WooZone-cross-sell-loader\">\n\t\t<div>\n\t\t\t<div id=\"floatingBarsG\">\n\t\t\t\t<div class=\"blockG\" id=\"rotateG_01\"><\/div>\n\t\t\t\t<div class=\"blockG\" id=\"rotateG_02\"><\/div>\n\t\t\t\t<div class=\"blockG\" id=\"rotateG_03\"><\/div>\n\t\t\t\t<div class=\"blockG\" id=\"rotateG_04\"><\/div>\n\t\t\t\t<div class=\"blockG\" id=\"rotateG_05\"><\/div>\n\t\t\t\t<div class=\"blockG\" id=\"rotateG_06\"><\/div>\n\t\t\t\t<div class=\"blockG\" id=\"rotateG_07\"><\/div>\n\t\t\t\t<div class=\"blockG\" id=\"rotateG_08\"><\/div>\n\t\t\t<\/div>\n\t\t\t<div class=\"WooZone-cross-sell-loader-text\"><\/div>\n\t\t<\/div>\n\t<\/div>\n\n\t\t\n<\/div>\n<div style=\"clear:both;\"><\/div><\/p>\n","protected":false},"excerpt":{"rendered":"<p>Besondere Form \u2013 Dank des innovativen Schilddesigns mit extra gro\u00dfen Luftl\u00f6chern ist der Silikonschnuller perfekt bei empfindlicher Babyhaut<br \/>\nZahnfreundlicher Schnuller \u2013 Mit dem schmalen, symmetrischen Saugerhals sind die Schnuller im Set besonders zahnfreundlich und liegen immer richtig herum in Babys Mund<br \/>\nInnovative Funktion \u2013 Da der Air Night Schnuller im Dunkeln leuchtet, kann er von Eltern und Baby einfach wiedergefunden werden \u2013 ideal f\u00fcr jede Baby Ausstattung, die f\u00fcr ruhige N\u00e4chte sorgt<\/p>\n","protected":false},"featured_media":89643,"comment_status":"open","ping_status":"closed","template":"","meta":[],"product_brand":[],"product_cat":[21,9329],"product_tag":[],"class_list":{"0":"post-89642","1":"product","2":"type-product","3":"status-publish","4":"has-post-thumbnail","6":"product_cat-baby","7":"product_cat-kinderwagen-buggys-zubehoer-baby","8":"pa_binding-babyartikel","9":"pa_brand-mam","11":"first","12":"instock","13":"shipping-taxable","14":"purchasable","15":"product-type-simple","16":"customify-col","17":"product-has-gallery"},"yoast_head":"<!-- This site is optimized with the Yoast SEO plugin v27.4 - https:\/\/yoast.com\/product\/yoast-seo-wordpress\/ -->\n<title>MAM Air Night Silikon Schnuller im 2er-Set, zahnfreundlicher und leuchtender Baby Schnuller, 16+ Monate, Tiger\/Robbe\u2026 - Markt-XXL<\/title>\n<meta name=\"description\" content=\"Markt-XXL MAM Air Night Silikon Schnuller im 2er-Set, zahnfreundlicher und leuchtender Baby Schnuller, 16+ Monate, Tiger\/Robbe\u2026\" \/>\n<meta name=\"robots\" content=\"index, follow, max-snippet:-1, max-image-preview:large, max-video-preview:-1\" \/>\n<link rel=\"canonical\" href=\"https:\/\/marktxxl.de\/markt\/produkt\/mam-air-night-silikon-schnuller-im-2er-set-zahnfreundlicher-und-leuchtender-baby-schnuller-extra-leichtes-und-luftiges-schilddesign-mit-schnullerbox\/\" \/>\n<meta property=\"og:locale\" content=\"de_DE\" \/>\n<meta property=\"og:type\" content=\"article\" \/>\n<meta property=\"og:title\" content=\"MAM Air Night Silikon Schnuller im 2er-Set, zahnfreundlicher und leuchtender Baby Schnuller, 16+ Monate, Tiger\/Robbe\u2026 - Markt-XXL\" \/>\n<meta property=\"og:description\" content=\"Markt-XXL MAM Air Night Silikon Schnuller im 2er-Set, zahnfreundlicher und leuchtender Baby Schnuller, 16+ Monate, Tiger\/Robbe\u2026\" \/>\n<meta property=\"og:url\" content=\"https:\/\/marktxxl.de\/markt\/produkt\/mam-air-night-silikon-schnuller-im-2er-set-zahnfreundlicher-und-leuchtender-baby-schnuller-extra-leichtes-und-luftiges-schilddesign-mit-schnullerbox\/\" \/>\n<meta property=\"og:site_name\" content=\"Markt-XXL\" \/>\n<meta property=\"article:modified_time\" content=\"2023-04-11T01:09:39+00:00\" \/>\n<meta property=\"og:image\" content=\"https:\/\/m.media-amazon.com\/images\/I\/41KD2W7CHAL._SL500_.jpg\" \/>\n\t<meta property=\"og:image:width\" content=\"500\" \/>\n\t<meta property=\"og:image:height\" content=\"500\" \/>\n\t<meta property=\"og:image:type\" content=\"image\/jpeg\" \/>\n<meta name=\"twitter:card\" content=\"summary_large_image\" \/>\n<meta name=\"twitter:label1\" content=\"Gesch\u00e4tzte Lesezeit\" \/>\n\t<meta name=\"twitter:data1\" content=\"1\u00a0Minute\" \/>\n<script type=\"application\/ld+json\" class=\"yoast-schema-graph\">{\"@context\":\"https:\\\/\\\/schema.org\",\"@graph\":[{\"@type\":\"WebPage\",\"@id\":\"https:\\\/\\\/marktxxl.de\\\/markt\\\/produkt\\\/mam-air-night-silikon-schnuller-im-2er-set-zahnfreundlicher-und-leuchtender-baby-schnuller-extra-leichtes-und-luftiges-schilddesign-mit-schnullerbox\\\/\",\"url\":\"https:\\\/\\\/marktxxl.de\\\/markt\\\/produkt\\\/mam-air-night-silikon-schnuller-im-2er-set-zahnfreundlicher-und-leuchtender-baby-schnuller-extra-leichtes-und-luftiges-schilddesign-mit-schnullerbox\\\/\",\"name\":\"MAM Air Night Silikon Schnuller im 2er-Set, zahnfreundlicher und leuchtender Baby Schnuller, 16+ Monate, Tiger\\\/Robbe\u2026 - Markt-XXL\",\"isPartOf\":{\"@id\":\"https:\\\/\\\/marktxxl.de\\\/markt\\\/#website\"},\"primaryImageOfPage\":{\"@id\":\"https:\\\/\\\/marktxxl.de\\\/markt\\\/produkt\\\/mam-air-night-silikon-schnuller-im-2er-set-zahnfreundlicher-und-leuchtender-baby-schnuller-extra-leichtes-und-luftiges-schilddesign-mit-schnullerbox\\\/#primaryimage\"},\"image\":{\"@id\":\"https:\\\/\\\/marktxxl.de\\\/markt\\\/produkt\\\/mam-air-night-silikon-schnuller-im-2er-set-zahnfreundlicher-und-leuchtender-baby-schnuller-extra-leichtes-und-luftiges-schilddesign-mit-schnullerbox\\\/#primaryimage\"},\"thumbnailUrl\":\"https:\\\/\\\/m.media-amazon.com\\\/images\\\/I\\\/41KD2W7CHAL._SL500_.jpg\",\"datePublished\":\"2021-12-28T17:57:10+00:00\",\"dateModified\":\"2023-04-11T01:09:39+00:00\",\"description\":\"Markt-XXL MAM Air Night Silikon Schnuller im 2er-Set, zahnfreundlicher und leuchtender Baby Schnuller, 16+ Monate, Tiger\\\/Robbe\u2026\",\"breadcrumb\":{\"@id\":\"https:\\\/\\\/marktxxl.de\\\/markt\\\/produkt\\\/mam-air-night-silikon-schnuller-im-2er-set-zahnfreundlicher-und-leuchtender-baby-schnuller-extra-leichtes-und-luftiges-schilddesign-mit-schnullerbox\\\/#breadcrumb\"},\"inLanguage\":\"de\",\"potentialAction\":[{\"@type\":\"ReadAction\",\"target\":[\"https:\\\/\\\/marktxxl.de\\\/markt\\\/produkt\\\/mam-air-night-silikon-schnuller-im-2er-set-zahnfreundlicher-und-leuchtender-baby-schnuller-extra-leichtes-und-luftiges-schilddesign-mit-schnullerbox\\\/\"]}]},{\"@type\":\"ImageObject\",\"inLanguage\":\"de\",\"@id\":\"https:\\\/\\\/marktxxl.de\\\/markt\\\/produkt\\\/mam-air-night-silikon-schnuller-im-2er-set-zahnfreundlicher-und-leuchtender-baby-schnuller-extra-leichtes-und-luftiges-schilddesign-mit-schnullerbox\\\/#primaryimage\",\"url\":\"https:\\\/\\\/m.media-amazon.com\\\/images\\\/I\\\/41KD2W7CHAL._SL500_.jpg\",\"contentUrl\":\"https:\\\/\\\/m.media-amazon.com\\\/images\\\/I\\\/41KD2W7CHAL._SL500_.jpg\",\"width\":500,\"height\":500},{\"@type\":\"BreadcrumbList\",\"@id\":\"https:\\\/\\\/marktxxl.de\\\/markt\\\/produkt\\\/mam-air-night-silikon-schnuller-im-2er-set-zahnfreundlicher-und-leuchtender-baby-schnuller-extra-leichtes-und-luftiges-schilddesign-mit-schnullerbox\\\/#breadcrumb\",\"itemListElement\":[{\"@type\":\"ListItem\",\"position\":1,\"name\":\"Startseite\",\"item\":\"https:\\\/\\\/marktxxl.de\\\/markt\\\/\"},{\"@type\":\"ListItem\",\"position\":2,\"name\":\"Markt\",\"item\":\"https:\\\/\\\/marktxxl.de\\\/markt\\\/\"},{\"@type\":\"ListItem\",\"position\":3,\"name\":\"MAM Air Night Silikon Schnuller im 2er-Set, zahnfreundlicher und leuchtender Baby Schnuller, 16+ Monate, Tiger\\\/Robbe\u2026\"}]},{\"@type\":\"WebSite\",\"@id\":\"https:\\\/\\\/marktxxl.de\\\/markt\\\/#website\",\"url\":\"https:\\\/\\\/marktxxl.de\\\/markt\\\/\",\"name\":\"Markt-XXL\",\"description\":\"Ihr Markt Online\",\"publisher\":{\"@id\":\"https:\\\/\\\/marktxxl.de\\\/markt\\\/#organization\"},\"potentialAction\":[{\"@type\":\"SearchAction\",\"target\":{\"@type\":\"EntryPoint\",\"urlTemplate\":\"https:\\\/\\\/marktxxl.de\\\/markt\\\/?s={search_term_string}\"},\"query-input\":{\"@type\":\"PropertyValueSpecification\",\"valueRequired\":true,\"valueName\":\"search_term_string\"}}],\"inLanguage\":\"de\"},{\"@type\":\"Organization\",\"@id\":\"https:\\\/\\\/marktxxl.de\\\/markt\\\/#organization\",\"name\":\"Markt-XXL\",\"url\":\"https:\\\/\\\/marktxxl.de\\\/markt\\\/\",\"logo\":{\"@type\":\"ImageObject\",\"inLanguage\":\"de\",\"@id\":\"https:\\\/\\\/marktxxl.de\\\/markt\\\/#\\\/schema\\\/logo\\\/image\\\/\",\"url\":\"https:\\\/\\\/marktxxl.de\\\/markt\\\/wp-content\\\/uploads\\\/sites\\\/3\\\/2020\\\/12\\\/logo.png\",\"contentUrl\":\"https:\\\/\\\/marktxxl.de\\\/markt\\\/wp-content\\\/uploads\\\/sites\\\/3\\\/2020\\\/12\\\/logo.png\",\"width\":200,\"height\":70,\"caption\":\"Markt-XXL\"},\"image\":{\"@id\":\"https:\\\/\\\/marktxxl.de\\\/markt\\\/#\\\/schema\\\/logo\\\/image\\\/\"}}]}<\/script>\n<!-- \/ Yoast SEO plugin. -->","yoast_head_json":{"title":"MAM Air Night Silikon Schnuller im 2er-Set, zahnfreundlicher und leuchtender Baby Schnuller, 16+ Monate, Tiger\/Robbe\u2026 - Markt-XXL","description":"Markt-XXL MAM Air Night Silikon Schnuller im 2er-Set, zahnfreundlicher und leuchtender Baby Schnuller, 16+ Monate, Tiger\/Robbe\u2026","robots":{"index":"index","follow":"follow","max-snippet":"max-snippet:-1","max-image-preview":"max-image-preview:large","max-video-preview":"max-video-preview:-1"},"canonical":"https:\/\/marktxxl.de\/markt\/produkt\/mam-air-night-silikon-schnuller-im-2er-set-zahnfreundlicher-und-leuchtender-baby-schnuller-extra-leichtes-und-luftiges-schilddesign-mit-schnullerbox\/","og_locale":"de_DE","og_type":"article","og_title":"MAM Air Night Silikon Schnuller im 2er-Set, zahnfreundlicher und leuchtender Baby Schnuller, 16+ Monate, Tiger\/Robbe\u2026 - Markt-XXL","og_description":"Markt-XXL MAM Air Night Silikon Schnuller im 2er-Set, zahnfreundlicher und leuchtender Baby Schnuller, 16+ Monate, Tiger\/Robbe\u2026","og_url":"https:\/\/marktxxl.de\/markt\/produkt\/mam-air-night-silikon-schnuller-im-2er-set-zahnfreundlicher-und-leuchtender-baby-schnuller-extra-leichtes-und-luftiges-schilddesign-mit-schnullerbox\/","og_site_name":"Markt-XXL","article_modified_time":"2023-04-11T01:09:39+00:00","og_image":[{"width":500,"height":500,"url":"https:\/\/m.media-amazon.com\/images\/I\/41KD2W7CHAL._SL500_.jpg","type":"image\/jpeg"}],"twitter_card":"summary_large_image","twitter_misc":{"Gesch\u00e4tzte Lesezeit":"1\u00a0Minute"},"schema":{"@context":"https:\/\/schema.org","@graph":[{"@type":"WebPage","@id":"https:\/\/marktxxl.de\/markt\/produkt\/mam-air-night-silikon-schnuller-im-2er-set-zahnfreundlicher-und-leuchtender-baby-schnuller-extra-leichtes-und-luftiges-schilddesign-mit-schnullerbox\/","url":"https:\/\/marktxxl.de\/markt\/produkt\/mam-air-night-silikon-schnuller-im-2er-set-zahnfreundlicher-und-leuchtender-baby-schnuller-extra-leichtes-und-luftiges-schilddesign-mit-schnullerbox\/","name":"MAM Air Night Silikon Schnuller im 2er-Set, zahnfreundlicher und leuchtender Baby Schnuller, 16+ Monate, Tiger\/Robbe\u2026 - Markt-XXL","isPartOf":{"@id":"https:\/\/marktxxl.de\/markt\/#website"},"primaryImageOfPage":{"@id":"https:\/\/marktxxl.de\/markt\/produkt\/mam-air-night-silikon-schnuller-im-2er-set-zahnfreundlicher-und-leuchtender-baby-schnuller-extra-leichtes-und-luftiges-schilddesign-mit-schnullerbox\/#primaryimage"},"image":{"@id":"https:\/\/marktxxl.de\/markt\/produkt\/mam-air-night-silikon-schnuller-im-2er-set-zahnfreundlicher-und-leuchtender-baby-schnuller-extra-leichtes-und-luftiges-schilddesign-mit-schnullerbox\/#primaryimage"},"thumbnailUrl":"https:\/\/m.media-amazon.com\/images\/I\/41KD2W7CHAL._SL500_.jpg","datePublished":"2021-12-28T17:57:10+00:00","dateModified":"2023-04-11T01:09:39+00:00","description":"Markt-XXL MAM Air Night Silikon Schnuller im 2er-Set, zahnfreundlicher und leuchtender Baby Schnuller, 16+ Monate, Tiger\/Robbe\u2026","breadcrumb":{"@id":"https:\/\/marktxxl.de\/markt\/produkt\/mam-air-night-silikon-schnuller-im-2er-set-zahnfreundlicher-und-leuchtender-baby-schnuller-extra-leichtes-und-luftiges-schilddesign-mit-schnullerbox\/#breadcrumb"},"inLanguage":"de","potentialAction":[{"@type":"ReadAction","target":["https:\/\/marktxxl.de\/markt\/produkt\/mam-air-night-silikon-schnuller-im-2er-set-zahnfreundlicher-und-leuchtender-baby-schnuller-extra-leichtes-und-luftiges-schilddesign-mit-schnullerbox\/"]}]},{"@type":"ImageObject","inLanguage":"de","@id":"https:\/\/marktxxl.de\/markt\/produkt\/mam-air-night-silikon-schnuller-im-2er-set-zahnfreundlicher-und-leuchtender-baby-schnuller-extra-leichtes-und-luftiges-schilddesign-mit-schnullerbox\/#primaryimage","url":"https:\/\/m.media-amazon.com\/images\/I\/41KD2W7CHAL._SL500_.jpg","contentUrl":"https:\/\/m.media-amazon.com\/images\/I\/41KD2W7CHAL._SL500_.jpg","width":500,"height":500},{"@type":"BreadcrumbList","@id":"https:\/\/marktxxl.de\/markt\/produkt\/mam-air-night-silikon-schnuller-im-2er-set-zahnfreundlicher-und-leuchtender-baby-schnuller-extra-leichtes-und-luftiges-schilddesign-mit-schnullerbox\/#breadcrumb","itemListElement":[{"@type":"ListItem","position":1,"name":"Startseite","item":"https:\/\/marktxxl.de\/markt\/"},{"@type":"ListItem","position":2,"name":"Markt","item":"https:\/\/marktxxl.de\/markt\/"},{"@type":"ListItem","position":3,"name":"MAM Air Night Silikon Schnuller im 2er-Set, zahnfreundlicher und leuchtender Baby Schnuller, 16+ Monate, Tiger\/Robbe\u2026"}]},{"@type":"WebSite","@id":"https:\/\/marktxxl.de\/markt\/#website","url":"https:\/\/marktxxl.de\/markt\/","name":"Markt-XXL","description":"Ihr Markt Online","publisher":{"@id":"https:\/\/marktxxl.de\/markt\/#organization"},"potentialAction":[{"@type":"SearchAction","target":{"@type":"EntryPoint","urlTemplate":"https:\/\/marktxxl.de\/markt\/?s={search_term_string}"},"query-input":{"@type":"PropertyValueSpecification","valueRequired":true,"valueName":"search_term_string"}}],"inLanguage":"de"},{"@type":"Organization","@id":"https:\/\/marktxxl.de\/markt\/#organization","name":"Markt-XXL","url":"https:\/\/marktxxl.de\/markt\/","logo":{"@type":"ImageObject","inLanguage":"de","@id":"https:\/\/marktxxl.de\/markt\/#\/schema\/logo\/image\/","url":"https:\/\/marktxxl.de\/markt\/wp-content\/uploads\/sites\/3\/2020\/12\/logo.png","contentUrl":"https:\/\/marktxxl.de\/markt\/wp-content\/uploads\/sites\/3\/2020\/12\/logo.png","width":200,"height":70,"caption":"Markt-XXL"},"image":{"@id":"https:\/\/marktxxl.de\/markt\/#\/schema\/logo\/image\/"}}]}},"_links":{"self":[{"href":"https:\/\/marktxxl.de\/markt\/wp-json\/wp\/v2\/product\/89642","targetHints":{"allow":["GET"]}}],"collection":[{"href":"https:\/\/marktxxl.de\/markt\/wp-json\/wp\/v2\/product"}],"about":[{"href":"https:\/\/marktxxl.de\/markt\/wp-json\/wp\/v2\/types\/product"}],"replies":[{"embeddable":true,"href":"https:\/\/marktxxl.de\/markt\/wp-json\/wp\/v2\/comments?post=89642"}],"wp:featuredmedia":[{"embeddable":true,"href":"https:\/\/marktxxl.de\/markt\/wp-json\/wp\/v2\/media\/89643"}],"wp:attachment":[{"href":"https:\/\/marktxxl.de\/markt\/wp-json\/wp\/v2\/media?parent=89642"}],"wp:term":[{"taxonomy":"product_brand","embeddable":true,"href":"https:\/\/marktxxl.de\/markt\/wp-json\/wp\/v2\/product_brand?post=89642"},{"taxonomy":"product_cat","embeddable":true,"href":"https:\/\/marktxxl.de\/markt\/wp-json\/wp\/v2\/product_cat?post=89642"},{"taxonomy":"product_tag","embeddable":true,"href":"https:\/\/marktxxl.de\/markt\/wp-json\/wp\/v2\/product_tag?post=89642"}],"curies":[{"name":"wp","href":"https:\/\/api.w.org\/{rel}","templated":true}]}}