{"id":89602,"date":"2021-12-28T18:54:33","date_gmt":"2021-12-28T17:54:33","guid":{"rendered":"https:\/\/marktxxl.de\/markt\/produkt\/lammfell-fusssack-oslo-fuer-babywanne-von-werner-christ-baby-universal-winterfusssack-aus-medizinischem-fell-fuer-tragetasche-babyschale-kinderwagen-in-rot-blau-braun-schwarz-ro\/"},"modified":"2023-04-11T03:09:39","modified_gmt":"2023-04-11T01:09:39","slug":"lammfell-fusssack-oslo-fuer-babywanne-von-werner-christ-baby-universal-winterfusssack-aus-medizinischem-fell-fuer-tragetasche-babyschale-kinderwagen-in-rot-blau-braun-schwarz-ro","status":"publish","type":"product","link":"https:\/\/marktxxl.de\/markt\/produkt\/lammfell-fusssack-oslo-fuer-babywanne-von-werner-christ-baby-universal-winterfusssack-aus-medizinischem-fell-fuer-tragetasche-babyschale-kinderwagen-in-rot-blau-braun-schwarz-ro\/","title":{"rendered":"WERNER CHRIST BABY, Lammfell-Fu\u00dfsack OSLO f\u00fcr Babywanne \u2013 Winterfu\u00dfsack aus medizinischem Fell (ab 0 bis 6 Monate) f\u00fcr\u2026"},"content":{"rendered":"<p>VIELSEITIG EINSETZBAR: Der 2-Wege-Reisverschluss bietet die M\u00f6glichkeit Vorder- und R\u00fcckseite komplett voneinander zu trennen und somit den OSLO Fu\u00dfsack vielseitig zu verwenden: als Wickelunterlage, Betteinlage oder Kinderwageneinlage. Zudem erlaubt diese Funktion die Verwendung des gleichen bei sehr unterschiedlichen Witterungen. Alter: Ab der Geburt bis ca. 12 Monate.<br \/>\nEIGENSCHAFTEN: Durch die temperaturausgleichende und atmungsaktive Eigenschaft von echtem Lammfell, stellt unser Fu\u00dfsack optimales Wohlbefinden f\u00fcr Ihr Baby sicher. Dank der gro\u00dfz\u00fcgigen Gurt\u00f6ffnungen ist das Befestigen des Fu\u00dfsacks einfach handzuhaben. Die wasserabweisende und atmungsaktive Au\u00dfenh\u00fclle ist leicht abwaschbar.<br \/>\nFARBEN UND MA\u00dfE: Der OSLO Fu\u00dfsack ist 78 cm lang und 33 cm breit (H\u00f6he im Fu\u00dfraum 8-10 cm) und wiegt ca. 1000 g. Erh\u00e4ltlich in den Farben beige, grau, blau, schwarz, rot, braun, rose sowie in einem blau-, braun- und graumelierten Farbton.<br \/>\nMARKENQUALIT\u00c4T: Unser Lammfellfu\u00dfsack wird mit Liebe und Sorgfalt von Hand gefertigt. Eine komplett in Eigenregie betriebene Wertsch\u00f6pfungskette, von der Rohware bis zum fertigen Produkt, ist seit jeher Garant f\u00fcr den bekannten \u201eWERNER CHRIST-Standard\u201c. Alle unsere Lammfelle werden ausschlie\u00dflich mit dem Einsatz erneuerbarer Energien, mit besonderem Augenmerk auf Nachhaltigkeit, in unserer hauseigenen Gerberei hergestellt.<br \/>\nPFLEGE: Unser OSLO Fu\u00dfsack ist maschinenwaschbar mit einem Lammfellwaschmittel (wir empfehlen das hauseigene C7) sowie trocknerbest\u00e4ndig. Bitte beachten Sie die beigef\u00fcgte Waschanleitung.<br \/>\n<div class=\"main-cross-sell\" data-asin=\"B07CKW95DW\">\n\n\t<div class=\"WooZone-cross-sell-loader\">\n\t\t<div>\n\t\t\t<div id=\"floatingBarsG\">\n\t\t\t\t<div class=\"blockG\" id=\"rotateG_01\"><\/div>\n\t\t\t\t<div class=\"blockG\" id=\"rotateG_02\"><\/div>\n\t\t\t\t<div class=\"blockG\" id=\"rotateG_03\"><\/div>\n\t\t\t\t<div class=\"blockG\" id=\"rotateG_04\"><\/div>\n\t\t\t\t<div class=\"blockG\" id=\"rotateG_05\"><\/div>\n\t\t\t\t<div class=\"blockG\" id=\"rotateG_06\"><\/div>\n\t\t\t\t<div class=\"blockG\" id=\"rotateG_07\"><\/div>\n\t\t\t\t<div class=\"blockG\" id=\"rotateG_08\"><\/div>\n\t\t\t<\/div>\n\t\t\t<div class=\"WooZone-cross-sell-loader-text\"><\/div>\n\t\t<\/div>\n\t<\/div>\n\n\t\t\n<\/div>\n<div style=\"clear:both;\"><\/div><\/p>\n","protected":false},"excerpt":{"rendered":"<p>VIELSEITIG EINSETZBAR: Der 2-Wege-Reisverschluss bietet die M\u00f6glichkeit Vorder- und R\u00fcckseite komplett voneinander zu trennen und somit den OSLO Fu\u00dfsack vielseitig zu verwenden: als Wickelunterlage, Betteinlage oder Kinderwageneinlage. Zudem erlaubt diese Funktion die Verwendung des gleichen bei sehr unterschiedlichen Witterungen. Alter: Ab der Geburt bis ca. 12 Monate.<br \/>\nEIGENSCHAFTEN: Durch die temperaturausgleichende und atmungsaktive Eigenschaft von echtem Lammfell, stellt unser Fu\u00dfsack optimales Wohlbefinden f\u00fcr Ihr Baby sicher. Dank der gro\u00dfz\u00fcgigen Gurt\u00f6ffnungen ist das Befestigen des Fu\u00dfsacks einfach handzuhaben. Die wasserabweisende und atmungsaktive Au\u00dfenh\u00fclle ist leicht abwaschbar.<br \/>\nFARBEN UND MA\u00dfE: Der OSLO Fu\u00dfsack ist 78 cm lang und 33 cm breit (H\u00f6he im Fu\u00dfraum 8-10 cm) und wiegt ca. 1000 g. Erh\u00e4ltlich in den Farben beige, grau, blau, schwarz, rot, braun, rose sowie in einem blau-, braun- und graumelierten Farbton.<\/p>\n","protected":false},"featured_media":89603,"comment_status":"open","ping_status":"closed","template":"","meta":[],"product_brand":[],"product_cat":[21,9329],"product_tag":[],"class_list":{"0":"post-89602","1":"product","2":"type-product","3":"status-publish","4":"has-post-thumbnail","6":"product_cat-baby","7":"product_cat-kinderwagen-buggys-zubehoer-baby","8":"pa_binding-babyartikel","9":"pa_brand-christ","10":"pa_manufacturer-werner-christ-gmbh","12":"first","13":"instock","14":"shipping-taxable","15":"purchasable","16":"product-type-simple","17":"customify-col","18":"product-has-gallery"},"yoast_head":"<!-- This site is optimized with the Yoast SEO plugin v27.4 - https:\/\/yoast.com\/product\/yoast-seo-wordpress\/ -->\n<title>WERNER CHRIST BABY, Lammfell-Fu\u00dfsack OSLO f\u00fcr Babywanne \u2013 Winterfu\u00dfsack aus medizinischem Fell (ab 0 bis 6 Monate) f\u00fcr\u2026 - Markt-XXL<\/title>\n<meta name=\"description\" content=\"Markt-XXL WERNER CHRIST BABY, Lammfell-Fu\u00dfsack OSLO f\u00fcr Babywanne \u2013 Winterfu\u00dfsack aus medizinischem Fell (ab 0 bis 6 Monate) f\u00fcr\u2026\" \/>\n<meta name=\"robots\" content=\"index, follow, max-snippet:-1, max-image-preview:large, max-video-preview:-1\" \/>\n<link rel=\"canonical\" href=\"https:\/\/marktxxl.de\/markt\/produkt\/lammfell-fusssack-oslo-fuer-babywanne-von-werner-christ-baby-universal-winterfusssack-aus-medizinischem-fell-fuer-tragetasche-babyschale-kinderwagen-in-rot-blau-braun-schwarz-ro\/\" \/>\n<meta property=\"og:locale\" content=\"de_DE\" \/>\n<meta property=\"og:type\" content=\"article\" \/>\n<meta property=\"og:title\" content=\"WERNER CHRIST BABY, Lammfell-Fu\u00dfsack OSLO f\u00fcr Babywanne \u2013 Winterfu\u00dfsack aus medizinischem Fell (ab 0 bis 6 Monate) f\u00fcr\u2026 - Markt-XXL\" \/>\n<meta property=\"og:description\" content=\"Markt-XXL WERNER CHRIST BABY, Lammfell-Fu\u00dfsack OSLO f\u00fcr Babywanne \u2013 Winterfu\u00dfsack aus medizinischem Fell (ab 0 bis 6 Monate) f\u00fcr\u2026\" \/>\n<meta property=\"og:url\" content=\"https:\/\/marktxxl.de\/markt\/produkt\/lammfell-fusssack-oslo-fuer-babywanne-von-werner-christ-baby-universal-winterfusssack-aus-medizinischem-fell-fuer-tragetasche-babyschale-kinderwagen-in-rot-blau-braun-schwarz-ro\/\" \/>\n<meta property=\"og:site_name\" content=\"Markt-XXL\" \/>\n<meta property=\"article:modified_time\" content=\"2023-04-11T01:09:39+00:00\" \/>\n<meta property=\"og:image\" content=\"https:\/\/m.media-amazon.com\/images\/I\/41nstd0f1-L._SL500_.jpg\" \/>\n\t<meta property=\"og:image:width\" content=\"500\" \/>\n\t<meta property=\"og:image:height\" content=\"500\" \/>\n\t<meta property=\"og:image:type\" content=\"image\/jpeg\" \/>\n<meta name=\"twitter:card\" content=\"summary_large_image\" \/>\n<meta name=\"twitter:label1\" content=\"Gesch\u00e4tzte Lesezeit\" \/>\n\t<meta name=\"twitter:data1\" content=\"1\u00a0Minute\" \/>\n<script type=\"application\/ld+json\" class=\"yoast-schema-graph\">{\"@context\":\"https:\\\/\\\/schema.org\",\"@graph\":[{\"@type\":\"WebPage\",\"@id\":\"https:\\\/\\\/marktxxl.de\\\/markt\\\/produkt\\\/lammfell-fusssack-oslo-fuer-babywanne-von-werner-christ-baby-universal-winterfusssack-aus-medizinischem-fell-fuer-tragetasche-babyschale-kinderwagen-in-rot-blau-braun-schwarz-ro\\\/\",\"url\":\"https:\\\/\\\/marktxxl.de\\\/markt\\\/produkt\\\/lammfell-fusssack-oslo-fuer-babywanne-von-werner-christ-baby-universal-winterfusssack-aus-medizinischem-fell-fuer-tragetasche-babyschale-kinderwagen-in-rot-blau-braun-schwarz-ro\\\/\",\"name\":\"WERNER CHRIST BABY, Lammfell-Fu\u00dfsack OSLO f\u00fcr Babywanne \u2013 Winterfu\u00dfsack aus medizinischem Fell (ab 0 bis 6 Monate) f\u00fcr\u2026 - Markt-XXL\",\"isPartOf\":{\"@id\":\"https:\\\/\\\/marktxxl.de\\\/markt\\\/#website\"},\"primaryImageOfPage\":{\"@id\":\"https:\\\/\\\/marktxxl.de\\\/markt\\\/produkt\\\/lammfell-fusssack-oslo-fuer-babywanne-von-werner-christ-baby-universal-winterfusssack-aus-medizinischem-fell-fuer-tragetasche-babyschale-kinderwagen-in-rot-blau-braun-schwarz-ro\\\/#primaryimage\"},\"image\":{\"@id\":\"https:\\\/\\\/marktxxl.de\\\/markt\\\/produkt\\\/lammfell-fusssack-oslo-fuer-babywanne-von-werner-christ-baby-universal-winterfusssack-aus-medizinischem-fell-fuer-tragetasche-babyschale-kinderwagen-in-rot-blau-braun-schwarz-ro\\\/#primaryimage\"},\"thumbnailUrl\":\"https:\\\/\\\/m.media-amazon.com\\\/images\\\/I\\\/41nstd0f1-L._SL500_.jpg\",\"datePublished\":\"2021-12-28T17:54:33+00:00\",\"dateModified\":\"2023-04-11T01:09:39+00:00\",\"description\":\"Markt-XXL WERNER CHRIST BABY, Lammfell-Fu\u00dfsack OSLO f\u00fcr Babywanne \u2013 Winterfu\u00dfsack aus medizinischem Fell (ab 0 bis 6 Monate) f\u00fcr\u2026\",\"breadcrumb\":{\"@id\":\"https:\\\/\\\/marktxxl.de\\\/markt\\\/produkt\\\/lammfell-fusssack-oslo-fuer-babywanne-von-werner-christ-baby-universal-winterfusssack-aus-medizinischem-fell-fuer-tragetasche-babyschale-kinderwagen-in-rot-blau-braun-schwarz-ro\\\/#breadcrumb\"},\"inLanguage\":\"de\",\"potentialAction\":[{\"@type\":\"ReadAction\",\"target\":[\"https:\\\/\\\/marktxxl.de\\\/markt\\\/produkt\\\/lammfell-fusssack-oslo-fuer-babywanne-von-werner-christ-baby-universal-winterfusssack-aus-medizinischem-fell-fuer-tragetasche-babyschale-kinderwagen-in-rot-blau-braun-schwarz-ro\\\/\"]}]},{\"@type\":\"ImageObject\",\"inLanguage\":\"de\",\"@id\":\"https:\\\/\\\/marktxxl.de\\\/markt\\\/produkt\\\/lammfell-fusssack-oslo-fuer-babywanne-von-werner-christ-baby-universal-winterfusssack-aus-medizinischem-fell-fuer-tragetasche-babyschale-kinderwagen-in-rot-blau-braun-schwarz-ro\\\/#primaryimage\",\"url\":\"https:\\\/\\\/m.media-amazon.com\\\/images\\\/I\\\/41nstd0f1-L._SL500_.jpg\",\"contentUrl\":\"https:\\\/\\\/m.media-amazon.com\\\/images\\\/I\\\/41nstd0f1-L._SL500_.jpg\",\"width\":500,\"height\":500},{\"@type\":\"BreadcrumbList\",\"@id\":\"https:\\\/\\\/marktxxl.de\\\/markt\\\/produkt\\\/lammfell-fusssack-oslo-fuer-babywanne-von-werner-christ-baby-universal-winterfusssack-aus-medizinischem-fell-fuer-tragetasche-babyschale-kinderwagen-in-rot-blau-braun-schwarz-ro\\\/#breadcrumb\",\"itemListElement\":[{\"@type\":\"ListItem\",\"position\":1,\"name\":\"Startseite\",\"item\":\"https:\\\/\\\/marktxxl.de\\\/markt\\\/\"},{\"@type\":\"ListItem\",\"position\":2,\"name\":\"Markt\",\"item\":\"https:\\\/\\\/marktxxl.de\\\/markt\\\/\"},{\"@type\":\"ListItem\",\"position\":3,\"name\":\"WERNER CHRIST BABY, Lammfell-Fu\u00dfsack OSLO f\u00fcr Babywanne \u2013 Winterfu\u00dfsack aus medizinischem Fell (ab 0 bis 6 Monate) f\u00fcr\u2026\"}]},{\"@type\":\"WebSite\",\"@id\":\"https:\\\/\\\/marktxxl.de\\\/markt\\\/#website\",\"url\":\"https:\\\/\\\/marktxxl.de\\\/markt\\\/\",\"name\":\"Markt-XXL\",\"description\":\"Ihr Markt Online\",\"publisher\":{\"@id\":\"https:\\\/\\\/marktxxl.de\\\/markt\\\/#organization\"},\"potentialAction\":[{\"@type\":\"SearchAction\",\"target\":{\"@type\":\"EntryPoint\",\"urlTemplate\":\"https:\\\/\\\/marktxxl.de\\\/markt\\\/?s={search_term_string}\"},\"query-input\":{\"@type\":\"PropertyValueSpecification\",\"valueRequired\":true,\"valueName\":\"search_term_string\"}}],\"inLanguage\":\"de\"},{\"@type\":\"Organization\",\"@id\":\"https:\\\/\\\/marktxxl.de\\\/markt\\\/#organization\",\"name\":\"Markt-XXL\",\"url\":\"https:\\\/\\\/marktxxl.de\\\/markt\\\/\",\"logo\":{\"@type\":\"ImageObject\",\"inLanguage\":\"de\",\"@id\":\"https:\\\/\\\/marktxxl.de\\\/markt\\\/#\\\/schema\\\/logo\\\/image\\\/\",\"url\":\"https:\\\/\\\/marktxxl.de\\\/markt\\\/wp-content\\\/uploads\\\/sites\\\/3\\\/2020\\\/12\\\/logo.png\",\"contentUrl\":\"https:\\\/\\\/marktxxl.de\\\/markt\\\/wp-content\\\/uploads\\\/sites\\\/3\\\/2020\\\/12\\\/logo.png\",\"width\":200,\"height\":70,\"caption\":\"Markt-XXL\"},\"image\":{\"@id\":\"https:\\\/\\\/marktxxl.de\\\/markt\\\/#\\\/schema\\\/logo\\\/image\\\/\"}}]}<\/script>\n<!-- \/ Yoast SEO plugin. -->","yoast_head_json":{"title":"WERNER CHRIST BABY, Lammfell-Fu\u00dfsack OSLO f\u00fcr Babywanne \u2013 Winterfu\u00dfsack aus medizinischem Fell (ab 0 bis 6 Monate) f\u00fcr\u2026 - Markt-XXL","description":"Markt-XXL WERNER CHRIST BABY, Lammfell-Fu\u00dfsack OSLO f\u00fcr Babywanne \u2013 Winterfu\u00dfsack aus medizinischem Fell (ab 0 bis 6 Monate) f\u00fcr\u2026","robots":{"index":"index","follow":"follow","max-snippet":"max-snippet:-1","max-image-preview":"max-image-preview:large","max-video-preview":"max-video-preview:-1"},"canonical":"https:\/\/marktxxl.de\/markt\/produkt\/lammfell-fusssack-oslo-fuer-babywanne-von-werner-christ-baby-universal-winterfusssack-aus-medizinischem-fell-fuer-tragetasche-babyschale-kinderwagen-in-rot-blau-braun-schwarz-ro\/","og_locale":"de_DE","og_type":"article","og_title":"WERNER CHRIST BABY, Lammfell-Fu\u00dfsack OSLO f\u00fcr Babywanne \u2013 Winterfu\u00dfsack aus medizinischem Fell (ab 0 bis 6 Monate) f\u00fcr\u2026 - Markt-XXL","og_description":"Markt-XXL WERNER CHRIST BABY, Lammfell-Fu\u00dfsack OSLO f\u00fcr Babywanne \u2013 Winterfu\u00dfsack aus medizinischem Fell (ab 0 bis 6 Monate) f\u00fcr\u2026","og_url":"https:\/\/marktxxl.de\/markt\/produkt\/lammfell-fusssack-oslo-fuer-babywanne-von-werner-christ-baby-universal-winterfusssack-aus-medizinischem-fell-fuer-tragetasche-babyschale-kinderwagen-in-rot-blau-braun-schwarz-ro\/","og_site_name":"Markt-XXL","article_modified_time":"2023-04-11T01:09:39+00:00","og_image":[{"width":500,"height":500,"url":"https:\/\/m.media-amazon.com\/images\/I\/41nstd0f1-L._SL500_.jpg","type":"image\/jpeg"}],"twitter_card":"summary_large_image","twitter_misc":{"Gesch\u00e4tzte Lesezeit":"1\u00a0Minute"},"schema":{"@context":"https:\/\/schema.org","@graph":[{"@type":"WebPage","@id":"https:\/\/marktxxl.de\/markt\/produkt\/lammfell-fusssack-oslo-fuer-babywanne-von-werner-christ-baby-universal-winterfusssack-aus-medizinischem-fell-fuer-tragetasche-babyschale-kinderwagen-in-rot-blau-braun-schwarz-ro\/","url":"https:\/\/marktxxl.de\/markt\/produkt\/lammfell-fusssack-oslo-fuer-babywanne-von-werner-christ-baby-universal-winterfusssack-aus-medizinischem-fell-fuer-tragetasche-babyschale-kinderwagen-in-rot-blau-braun-schwarz-ro\/","name":"WERNER CHRIST BABY, Lammfell-Fu\u00dfsack OSLO f\u00fcr Babywanne \u2013 Winterfu\u00dfsack aus medizinischem Fell (ab 0 bis 6 Monate) f\u00fcr\u2026 - Markt-XXL","isPartOf":{"@id":"https:\/\/marktxxl.de\/markt\/#website"},"primaryImageOfPage":{"@id":"https:\/\/marktxxl.de\/markt\/produkt\/lammfell-fusssack-oslo-fuer-babywanne-von-werner-christ-baby-universal-winterfusssack-aus-medizinischem-fell-fuer-tragetasche-babyschale-kinderwagen-in-rot-blau-braun-schwarz-ro\/#primaryimage"},"image":{"@id":"https:\/\/marktxxl.de\/markt\/produkt\/lammfell-fusssack-oslo-fuer-babywanne-von-werner-christ-baby-universal-winterfusssack-aus-medizinischem-fell-fuer-tragetasche-babyschale-kinderwagen-in-rot-blau-braun-schwarz-ro\/#primaryimage"},"thumbnailUrl":"https:\/\/m.media-amazon.com\/images\/I\/41nstd0f1-L._SL500_.jpg","datePublished":"2021-12-28T17:54:33+00:00","dateModified":"2023-04-11T01:09:39+00:00","description":"Markt-XXL WERNER CHRIST BABY, Lammfell-Fu\u00dfsack OSLO f\u00fcr Babywanne \u2013 Winterfu\u00dfsack aus medizinischem Fell (ab 0 bis 6 Monate) f\u00fcr\u2026","breadcrumb":{"@id":"https:\/\/marktxxl.de\/markt\/produkt\/lammfell-fusssack-oslo-fuer-babywanne-von-werner-christ-baby-universal-winterfusssack-aus-medizinischem-fell-fuer-tragetasche-babyschale-kinderwagen-in-rot-blau-braun-schwarz-ro\/#breadcrumb"},"inLanguage":"de","potentialAction":[{"@type":"ReadAction","target":["https:\/\/marktxxl.de\/markt\/produkt\/lammfell-fusssack-oslo-fuer-babywanne-von-werner-christ-baby-universal-winterfusssack-aus-medizinischem-fell-fuer-tragetasche-babyschale-kinderwagen-in-rot-blau-braun-schwarz-ro\/"]}]},{"@type":"ImageObject","inLanguage":"de","@id":"https:\/\/marktxxl.de\/markt\/produkt\/lammfell-fusssack-oslo-fuer-babywanne-von-werner-christ-baby-universal-winterfusssack-aus-medizinischem-fell-fuer-tragetasche-babyschale-kinderwagen-in-rot-blau-braun-schwarz-ro\/#primaryimage","url":"https:\/\/m.media-amazon.com\/images\/I\/41nstd0f1-L._SL500_.jpg","contentUrl":"https:\/\/m.media-amazon.com\/images\/I\/41nstd0f1-L._SL500_.jpg","width":500,"height":500},{"@type":"BreadcrumbList","@id":"https:\/\/marktxxl.de\/markt\/produkt\/lammfell-fusssack-oslo-fuer-babywanne-von-werner-christ-baby-universal-winterfusssack-aus-medizinischem-fell-fuer-tragetasche-babyschale-kinderwagen-in-rot-blau-braun-schwarz-ro\/#breadcrumb","itemListElement":[{"@type":"ListItem","position":1,"name":"Startseite","item":"https:\/\/marktxxl.de\/markt\/"},{"@type":"ListItem","position":2,"name":"Markt","item":"https:\/\/marktxxl.de\/markt\/"},{"@type":"ListItem","position":3,"name":"WERNER CHRIST BABY, Lammfell-Fu\u00dfsack OSLO f\u00fcr Babywanne \u2013 Winterfu\u00dfsack aus medizinischem Fell (ab 0 bis 6 Monate) f\u00fcr\u2026"}]},{"@type":"WebSite","@id":"https:\/\/marktxxl.de\/markt\/#website","url":"https:\/\/marktxxl.de\/markt\/","name":"Markt-XXL","description":"Ihr Markt Online","publisher":{"@id":"https:\/\/marktxxl.de\/markt\/#organization"},"potentialAction":[{"@type":"SearchAction","target":{"@type":"EntryPoint","urlTemplate":"https:\/\/marktxxl.de\/markt\/?s={search_term_string}"},"query-input":{"@type":"PropertyValueSpecification","valueRequired":true,"valueName":"search_term_string"}}],"inLanguage":"de"},{"@type":"Organization","@id":"https:\/\/marktxxl.de\/markt\/#organization","name":"Markt-XXL","url":"https:\/\/marktxxl.de\/markt\/","logo":{"@type":"ImageObject","inLanguage":"de","@id":"https:\/\/marktxxl.de\/markt\/#\/schema\/logo\/image\/","url":"https:\/\/marktxxl.de\/markt\/wp-content\/uploads\/sites\/3\/2020\/12\/logo.png","contentUrl":"https:\/\/marktxxl.de\/markt\/wp-content\/uploads\/sites\/3\/2020\/12\/logo.png","width":200,"height":70,"caption":"Markt-XXL"},"image":{"@id":"https:\/\/marktxxl.de\/markt\/#\/schema\/logo\/image\/"}}]}},"_links":{"self":[{"href":"https:\/\/marktxxl.de\/markt\/wp-json\/wp\/v2\/product\/89602","targetHints":{"allow":["GET"]}}],"collection":[{"href":"https:\/\/marktxxl.de\/markt\/wp-json\/wp\/v2\/product"}],"about":[{"href":"https:\/\/marktxxl.de\/markt\/wp-json\/wp\/v2\/types\/product"}],"replies":[{"embeddable":true,"href":"https:\/\/marktxxl.de\/markt\/wp-json\/wp\/v2\/comments?post=89602"}],"wp:featuredmedia":[{"embeddable":true,"href":"https:\/\/marktxxl.de\/markt\/wp-json\/wp\/v2\/media\/89603"}],"wp:attachment":[{"href":"https:\/\/marktxxl.de\/markt\/wp-json\/wp\/v2\/media?parent=89602"}],"wp:term":[{"taxonomy":"product_brand","embeddable":true,"href":"https:\/\/marktxxl.de\/markt\/wp-json\/wp\/v2\/product_brand?post=89602"},{"taxonomy":"product_cat","embeddable":true,"href":"https:\/\/marktxxl.de\/markt\/wp-json\/wp\/v2\/product_cat?post=89602"},{"taxonomy":"product_tag","embeddable":true,"href":"https:\/\/marktxxl.de\/markt\/wp-json\/wp\/v2\/product_tag?post=89602"}],"curies":[{"name":"wp","href":"https:\/\/api.w.org\/{rel}","templated":true}]}}