{"id":89586,"date":"2021-12-28T18:54:18","date_gmt":"2021-12-28T17:54:18","guid":{"rendered":"https:\/\/marktxxl.de\/markt\/produkt\/oasmu-babyspielzeug-kinderwagen-spielzeug-buntes-fuchs-spielzeug-waschbarer-quietscher-auto-spielzeug-kinder-haengespielzeug-fuer-kinderbett-mit-beissring\/"},"modified":"2023-04-11T03:09:38","modified_gmt":"2023-04-11T01:09:38","slug":"oasmu-babyspielzeug-kinderwagen-spielzeug-buntes-fuchs-spielzeug-waschbarer-quietscher-auto-spielzeug-kinder-haengespielzeug-fuer-kinderbett-mit-beissring","status":"publish","type":"product","link":"https:\/\/marktxxl.de\/markt\/produkt\/oasmu-babyspielzeug-kinderwagen-spielzeug-buntes-fuchs-spielzeug-waschbarer-quietscher-auto-spielzeug-kinder-haengespielzeug-fuer-kinderbett-mit-beissring\/","title":{"rendered":"OASMU Babyspielzeug, Kinderwagen-Spielzeug, buntes Fuchs-Spielzeug, waschbarer Quietscher, Auto-Spielzeug, Kinder\u2026"},"content":{"rendered":"<p>Bequeme und sichere Stoffe: Pl\u00fcsch, bewusst ausgew\u00e4hlte hochwertige Pl\u00fcschstoffe, gef\u00fcllt mit hochwertiger und gesunder umweltfreundlicher PP-Baumwolle, eine weiche und angenehme Haptik.<br \/>\nKindersicheres Design: Pl\u00fcschspielzeug mit sicherem und ungiftigem Material, kein Schaden f\u00fcr Babys. Sie k\u00f6nnen es mit dem Verschluss um Bett oder Autositz h\u00e4ngen, sehr einfach aufzuh\u00e4ngen oder abzunehmen.<br \/>\nNiedliche Form: niedliches blaues L\u00f6wen-Design. Das kleine Tier ist sehr niedlich. Diese bunten Spielzeuge bieten eine Balance zwischen hellen, kontrastreichen Mustern, die das Sehverm\u00f6gen des Babys stimulieren, und warmen Farben, die die Augen des Babys einen Platz zum Ausruhen geben.<br \/>\nDer kleine Trainer des Babys f\u00f6rdert Emotionen, Sehkraft, richtig, Greifen, Sinne, Hand-Augen-Koordination, H\u00f6rf\u00e4higkeit. H\u00e4ngende Figuren ermutigen das Baby zum Greifen, Ziehen und Dr\u00fccken, st\u00e4rken die Muskeln.<br \/>\nGeeignet f\u00fcr Babys im Alter von 3 bis 6 Monaten, 7 bis 12 Monaten, 1 bis 3 Jahren. Geeignet f\u00fcr: Kinderwagen, Bett, Autositz Hinweis: Jedes Kind muss st\u00e4ndig beaufsichtigt werden.<br \/>\n<div class=\"main-cross-sell\" data-asin=\"B07KZGZJ4W\">\n\n\t<div class=\"WooZone-cross-sell-loader\">\n\t\t<div>\n\t\t\t<div id=\"floatingBarsG\">\n\t\t\t\t<div class=\"blockG\" id=\"rotateG_01\"><\/div>\n\t\t\t\t<div class=\"blockG\" id=\"rotateG_02\"><\/div>\n\t\t\t\t<div class=\"blockG\" id=\"rotateG_03\"><\/div>\n\t\t\t\t<div class=\"blockG\" id=\"rotateG_04\"><\/div>\n\t\t\t\t<div class=\"blockG\" id=\"rotateG_05\"><\/div>\n\t\t\t\t<div class=\"blockG\" id=\"rotateG_06\"><\/div>\n\t\t\t\t<div class=\"blockG\" id=\"rotateG_07\"><\/div>\n\t\t\t\t<div class=\"blockG\" id=\"rotateG_08\"><\/div>\n\t\t\t<\/div>\n\t\t\t<div class=\"WooZone-cross-sell-loader-text\"><\/div>\n\t\t<\/div>\n\t<\/div>\n\n\t\t\n<\/div>\n<div style=\"clear:both;\"><\/div><\/p>\n","protected":false},"excerpt":{"rendered":"<p>Bequeme und sichere Stoffe: Pl\u00fcsch, bewusst ausgew\u00e4hlte hochwertige Pl\u00fcschstoffe, gef\u00fcllt mit hochwertiger und gesunder umweltfreundlicher PP-Baumwolle, eine weiche und angenehme Haptik.<br \/>\nKindersicheres Design: Pl\u00fcschspielzeug mit sicherem und ungiftigem Material, kein Schaden f\u00fcr Babys. Sie k\u00f6nnen es mit dem Verschluss um Bett oder Autositz h\u00e4ngen, sehr einfach aufzuh\u00e4ngen oder abzunehmen.<br \/>\nNiedliche Form: niedliches blaues L\u00f6wen-Design. Das kleine Tier ist sehr niedlich. Diese bunten Spielzeuge bieten eine Balance zwischen hellen, kontrastreichen Mustern, die das Sehverm\u00f6gen des Babys stimulieren, und warmen Farben, die die Augen des Babys einen Platz zum Ausruhen geben.<\/p>\n","protected":false},"featured_media":89587,"comment_status":"open","ping_status":"closed","template":"","meta":[],"product_brand":[],"product_cat":[21,9329],"product_tag":[],"class_list":{"0":"post-89586","1":"product","2":"type-product","3":"status-publish","4":"has-post-thumbnail","6":"product_cat-baby","7":"product_cat-kinderwagen-buggys-zubehoer-baby","8":"pa_binding-spielzeug","9":"pa_brand-oasmu","10":"pa_color-fuchs","11":"pa_manufacturer-oasmu","12":"pa_model-fjk-jwj005","13":"pa_size-20cm-18-5cm","15":"first","16":"instock","17":"shipping-taxable","18":"purchasable","19":"product-type-simple","20":"customify-col","21":"product-has-gallery"},"yoast_head":"<!-- This site is optimized with the Yoast SEO plugin v27.4 - https:\/\/yoast.com\/product\/yoast-seo-wordpress\/ -->\n<title>OASMU Babyspielzeug, Kinderwagen-Spielzeug, buntes Fuchs-Spielzeug, waschbarer Quietscher, Auto-Spielzeug, Kinder\u2026 - Markt-XXL<\/title>\n<meta name=\"description\" content=\"Markt-XXL OASMU Babyspielzeug, Kinderwagen-Spielzeug, buntes Fuchs-Spielzeug, waschbarer Quietscher, Auto-Spielzeug, Kinder\u2026\" \/>\n<meta name=\"robots\" content=\"index, follow, max-snippet:-1, max-image-preview:large, max-video-preview:-1\" \/>\n<link rel=\"canonical\" href=\"https:\/\/marktxxl.de\/markt\/produkt\/oasmu-babyspielzeug-kinderwagen-spielzeug-buntes-fuchs-spielzeug-waschbarer-quietscher-auto-spielzeug-kinder-haengespielzeug-fuer-kinderbett-mit-beissring\/\" \/>\n<meta property=\"og:locale\" content=\"de_DE\" \/>\n<meta property=\"og:type\" content=\"article\" \/>\n<meta property=\"og:title\" content=\"OASMU Babyspielzeug, Kinderwagen-Spielzeug, buntes Fuchs-Spielzeug, waschbarer Quietscher, Auto-Spielzeug, Kinder\u2026 - Markt-XXL\" \/>\n<meta property=\"og:description\" content=\"Markt-XXL OASMU Babyspielzeug, Kinderwagen-Spielzeug, buntes Fuchs-Spielzeug, waschbarer Quietscher, Auto-Spielzeug, Kinder\u2026\" \/>\n<meta property=\"og:url\" content=\"https:\/\/marktxxl.de\/markt\/produkt\/oasmu-babyspielzeug-kinderwagen-spielzeug-buntes-fuchs-spielzeug-waschbarer-quietscher-auto-spielzeug-kinder-haengespielzeug-fuer-kinderbett-mit-beissring\/\" \/>\n<meta property=\"og:site_name\" content=\"Markt-XXL\" \/>\n<meta property=\"article:modified_time\" content=\"2023-04-11T01:09:38+00:00\" \/>\n<meta property=\"og:image\" content=\"https:\/\/m.media-amazon.com\/images\/I\/51uXh-ZQdML._SL500_.jpg\" \/>\n\t<meta property=\"og:image:width\" content=\"500\" \/>\n\t<meta property=\"og:image:height\" content=\"500\" \/>\n\t<meta property=\"og:image:type\" content=\"image\/jpeg\" \/>\n<meta name=\"twitter:card\" content=\"summary_large_image\" \/>\n<meta name=\"twitter:label1\" content=\"Gesch\u00e4tzte Lesezeit\" \/>\n\t<meta name=\"twitter:data1\" content=\"1\u00a0Minute\" \/>\n<script type=\"application\/ld+json\" class=\"yoast-schema-graph\">{\"@context\":\"https:\\\/\\\/schema.org\",\"@graph\":[{\"@type\":\"WebPage\",\"@id\":\"https:\\\/\\\/marktxxl.de\\\/markt\\\/produkt\\\/oasmu-babyspielzeug-kinderwagen-spielzeug-buntes-fuchs-spielzeug-waschbarer-quietscher-auto-spielzeug-kinder-haengespielzeug-fuer-kinderbett-mit-beissring\\\/\",\"url\":\"https:\\\/\\\/marktxxl.de\\\/markt\\\/produkt\\\/oasmu-babyspielzeug-kinderwagen-spielzeug-buntes-fuchs-spielzeug-waschbarer-quietscher-auto-spielzeug-kinder-haengespielzeug-fuer-kinderbett-mit-beissring\\\/\",\"name\":\"OASMU Babyspielzeug, Kinderwagen-Spielzeug, buntes Fuchs-Spielzeug, waschbarer Quietscher, Auto-Spielzeug, Kinder\u2026 - Markt-XXL\",\"isPartOf\":{\"@id\":\"https:\\\/\\\/marktxxl.de\\\/markt\\\/#website\"},\"primaryImageOfPage\":{\"@id\":\"https:\\\/\\\/marktxxl.de\\\/markt\\\/produkt\\\/oasmu-babyspielzeug-kinderwagen-spielzeug-buntes-fuchs-spielzeug-waschbarer-quietscher-auto-spielzeug-kinder-haengespielzeug-fuer-kinderbett-mit-beissring\\\/#primaryimage\"},\"image\":{\"@id\":\"https:\\\/\\\/marktxxl.de\\\/markt\\\/produkt\\\/oasmu-babyspielzeug-kinderwagen-spielzeug-buntes-fuchs-spielzeug-waschbarer-quietscher-auto-spielzeug-kinder-haengespielzeug-fuer-kinderbett-mit-beissring\\\/#primaryimage\"},\"thumbnailUrl\":\"https:\\\/\\\/m.media-amazon.com\\\/images\\\/I\\\/51uXh-ZQdML._SL500_.jpg\",\"datePublished\":\"2021-12-28T17:54:18+00:00\",\"dateModified\":\"2023-04-11T01:09:38+00:00\",\"description\":\"Markt-XXL OASMU Babyspielzeug, Kinderwagen-Spielzeug, buntes Fuchs-Spielzeug, waschbarer Quietscher, Auto-Spielzeug, Kinder\u2026\",\"breadcrumb\":{\"@id\":\"https:\\\/\\\/marktxxl.de\\\/markt\\\/produkt\\\/oasmu-babyspielzeug-kinderwagen-spielzeug-buntes-fuchs-spielzeug-waschbarer-quietscher-auto-spielzeug-kinder-haengespielzeug-fuer-kinderbett-mit-beissring\\\/#breadcrumb\"},\"inLanguage\":\"de\",\"potentialAction\":[{\"@type\":\"ReadAction\",\"target\":[\"https:\\\/\\\/marktxxl.de\\\/markt\\\/produkt\\\/oasmu-babyspielzeug-kinderwagen-spielzeug-buntes-fuchs-spielzeug-waschbarer-quietscher-auto-spielzeug-kinder-haengespielzeug-fuer-kinderbett-mit-beissring\\\/\"]}]},{\"@type\":\"ImageObject\",\"inLanguage\":\"de\",\"@id\":\"https:\\\/\\\/marktxxl.de\\\/markt\\\/produkt\\\/oasmu-babyspielzeug-kinderwagen-spielzeug-buntes-fuchs-spielzeug-waschbarer-quietscher-auto-spielzeug-kinder-haengespielzeug-fuer-kinderbett-mit-beissring\\\/#primaryimage\",\"url\":\"https:\\\/\\\/m.media-amazon.com\\\/images\\\/I\\\/51uXh-ZQdML._SL500_.jpg\",\"contentUrl\":\"https:\\\/\\\/m.media-amazon.com\\\/images\\\/I\\\/51uXh-ZQdML._SL500_.jpg\",\"width\":500,\"height\":500},{\"@type\":\"BreadcrumbList\",\"@id\":\"https:\\\/\\\/marktxxl.de\\\/markt\\\/produkt\\\/oasmu-babyspielzeug-kinderwagen-spielzeug-buntes-fuchs-spielzeug-waschbarer-quietscher-auto-spielzeug-kinder-haengespielzeug-fuer-kinderbett-mit-beissring\\\/#breadcrumb\",\"itemListElement\":[{\"@type\":\"ListItem\",\"position\":1,\"name\":\"Startseite\",\"item\":\"https:\\\/\\\/marktxxl.de\\\/markt\\\/\"},{\"@type\":\"ListItem\",\"position\":2,\"name\":\"Markt\",\"item\":\"https:\\\/\\\/marktxxl.de\\\/markt\\\/\"},{\"@type\":\"ListItem\",\"position\":3,\"name\":\"OASMU Babyspielzeug, Kinderwagen-Spielzeug, buntes Fuchs-Spielzeug, waschbarer Quietscher, Auto-Spielzeug, Kinder\u2026\"}]},{\"@type\":\"WebSite\",\"@id\":\"https:\\\/\\\/marktxxl.de\\\/markt\\\/#website\",\"url\":\"https:\\\/\\\/marktxxl.de\\\/markt\\\/\",\"name\":\"Markt-XXL\",\"description\":\"Ihr Markt Online\",\"publisher\":{\"@id\":\"https:\\\/\\\/marktxxl.de\\\/markt\\\/#organization\"},\"potentialAction\":[{\"@type\":\"SearchAction\",\"target\":{\"@type\":\"EntryPoint\",\"urlTemplate\":\"https:\\\/\\\/marktxxl.de\\\/markt\\\/?s={search_term_string}\"},\"query-input\":{\"@type\":\"PropertyValueSpecification\",\"valueRequired\":true,\"valueName\":\"search_term_string\"}}],\"inLanguage\":\"de\"},{\"@type\":\"Organization\",\"@id\":\"https:\\\/\\\/marktxxl.de\\\/markt\\\/#organization\",\"name\":\"Markt-XXL\",\"url\":\"https:\\\/\\\/marktxxl.de\\\/markt\\\/\",\"logo\":{\"@type\":\"ImageObject\",\"inLanguage\":\"de\",\"@id\":\"https:\\\/\\\/marktxxl.de\\\/markt\\\/#\\\/schema\\\/logo\\\/image\\\/\",\"url\":\"https:\\\/\\\/marktxxl.de\\\/markt\\\/wp-content\\\/uploads\\\/sites\\\/3\\\/2020\\\/12\\\/logo.png\",\"contentUrl\":\"https:\\\/\\\/marktxxl.de\\\/markt\\\/wp-content\\\/uploads\\\/sites\\\/3\\\/2020\\\/12\\\/logo.png\",\"width\":200,\"height\":70,\"caption\":\"Markt-XXL\"},\"image\":{\"@id\":\"https:\\\/\\\/marktxxl.de\\\/markt\\\/#\\\/schema\\\/logo\\\/image\\\/\"}}]}<\/script>\n<!-- \/ Yoast SEO plugin. -->","yoast_head_json":{"title":"OASMU Babyspielzeug, Kinderwagen-Spielzeug, buntes Fuchs-Spielzeug, waschbarer Quietscher, Auto-Spielzeug, Kinder\u2026 - Markt-XXL","description":"Markt-XXL OASMU Babyspielzeug, Kinderwagen-Spielzeug, buntes Fuchs-Spielzeug, waschbarer Quietscher, Auto-Spielzeug, Kinder\u2026","robots":{"index":"index","follow":"follow","max-snippet":"max-snippet:-1","max-image-preview":"max-image-preview:large","max-video-preview":"max-video-preview:-1"},"canonical":"https:\/\/marktxxl.de\/markt\/produkt\/oasmu-babyspielzeug-kinderwagen-spielzeug-buntes-fuchs-spielzeug-waschbarer-quietscher-auto-spielzeug-kinder-haengespielzeug-fuer-kinderbett-mit-beissring\/","og_locale":"de_DE","og_type":"article","og_title":"OASMU Babyspielzeug, Kinderwagen-Spielzeug, buntes Fuchs-Spielzeug, waschbarer Quietscher, Auto-Spielzeug, Kinder\u2026 - Markt-XXL","og_description":"Markt-XXL OASMU Babyspielzeug, Kinderwagen-Spielzeug, buntes Fuchs-Spielzeug, waschbarer Quietscher, Auto-Spielzeug, Kinder\u2026","og_url":"https:\/\/marktxxl.de\/markt\/produkt\/oasmu-babyspielzeug-kinderwagen-spielzeug-buntes-fuchs-spielzeug-waschbarer-quietscher-auto-spielzeug-kinder-haengespielzeug-fuer-kinderbett-mit-beissring\/","og_site_name":"Markt-XXL","article_modified_time":"2023-04-11T01:09:38+00:00","og_image":[{"width":500,"height":500,"url":"https:\/\/m.media-amazon.com\/images\/I\/51uXh-ZQdML._SL500_.jpg","type":"image\/jpeg"}],"twitter_card":"summary_large_image","twitter_misc":{"Gesch\u00e4tzte Lesezeit":"1\u00a0Minute"},"schema":{"@context":"https:\/\/schema.org","@graph":[{"@type":"WebPage","@id":"https:\/\/marktxxl.de\/markt\/produkt\/oasmu-babyspielzeug-kinderwagen-spielzeug-buntes-fuchs-spielzeug-waschbarer-quietscher-auto-spielzeug-kinder-haengespielzeug-fuer-kinderbett-mit-beissring\/","url":"https:\/\/marktxxl.de\/markt\/produkt\/oasmu-babyspielzeug-kinderwagen-spielzeug-buntes-fuchs-spielzeug-waschbarer-quietscher-auto-spielzeug-kinder-haengespielzeug-fuer-kinderbett-mit-beissring\/","name":"OASMU Babyspielzeug, Kinderwagen-Spielzeug, buntes Fuchs-Spielzeug, waschbarer Quietscher, Auto-Spielzeug, Kinder\u2026 - Markt-XXL","isPartOf":{"@id":"https:\/\/marktxxl.de\/markt\/#website"},"primaryImageOfPage":{"@id":"https:\/\/marktxxl.de\/markt\/produkt\/oasmu-babyspielzeug-kinderwagen-spielzeug-buntes-fuchs-spielzeug-waschbarer-quietscher-auto-spielzeug-kinder-haengespielzeug-fuer-kinderbett-mit-beissring\/#primaryimage"},"image":{"@id":"https:\/\/marktxxl.de\/markt\/produkt\/oasmu-babyspielzeug-kinderwagen-spielzeug-buntes-fuchs-spielzeug-waschbarer-quietscher-auto-spielzeug-kinder-haengespielzeug-fuer-kinderbett-mit-beissring\/#primaryimage"},"thumbnailUrl":"https:\/\/m.media-amazon.com\/images\/I\/51uXh-ZQdML._SL500_.jpg","datePublished":"2021-12-28T17:54:18+00:00","dateModified":"2023-04-11T01:09:38+00:00","description":"Markt-XXL OASMU Babyspielzeug, Kinderwagen-Spielzeug, buntes Fuchs-Spielzeug, waschbarer Quietscher, Auto-Spielzeug, Kinder\u2026","breadcrumb":{"@id":"https:\/\/marktxxl.de\/markt\/produkt\/oasmu-babyspielzeug-kinderwagen-spielzeug-buntes-fuchs-spielzeug-waschbarer-quietscher-auto-spielzeug-kinder-haengespielzeug-fuer-kinderbett-mit-beissring\/#breadcrumb"},"inLanguage":"de","potentialAction":[{"@type":"ReadAction","target":["https:\/\/marktxxl.de\/markt\/produkt\/oasmu-babyspielzeug-kinderwagen-spielzeug-buntes-fuchs-spielzeug-waschbarer-quietscher-auto-spielzeug-kinder-haengespielzeug-fuer-kinderbett-mit-beissring\/"]}]},{"@type":"ImageObject","inLanguage":"de","@id":"https:\/\/marktxxl.de\/markt\/produkt\/oasmu-babyspielzeug-kinderwagen-spielzeug-buntes-fuchs-spielzeug-waschbarer-quietscher-auto-spielzeug-kinder-haengespielzeug-fuer-kinderbett-mit-beissring\/#primaryimage","url":"https:\/\/m.media-amazon.com\/images\/I\/51uXh-ZQdML._SL500_.jpg","contentUrl":"https:\/\/m.media-amazon.com\/images\/I\/51uXh-ZQdML._SL500_.jpg","width":500,"height":500},{"@type":"BreadcrumbList","@id":"https:\/\/marktxxl.de\/markt\/produkt\/oasmu-babyspielzeug-kinderwagen-spielzeug-buntes-fuchs-spielzeug-waschbarer-quietscher-auto-spielzeug-kinder-haengespielzeug-fuer-kinderbett-mit-beissring\/#breadcrumb","itemListElement":[{"@type":"ListItem","position":1,"name":"Startseite","item":"https:\/\/marktxxl.de\/markt\/"},{"@type":"ListItem","position":2,"name":"Markt","item":"https:\/\/marktxxl.de\/markt\/"},{"@type":"ListItem","position":3,"name":"OASMU Babyspielzeug, Kinderwagen-Spielzeug, buntes Fuchs-Spielzeug, waschbarer Quietscher, Auto-Spielzeug, Kinder\u2026"}]},{"@type":"WebSite","@id":"https:\/\/marktxxl.de\/markt\/#website","url":"https:\/\/marktxxl.de\/markt\/","name":"Markt-XXL","description":"Ihr Markt Online","publisher":{"@id":"https:\/\/marktxxl.de\/markt\/#organization"},"potentialAction":[{"@type":"SearchAction","target":{"@type":"EntryPoint","urlTemplate":"https:\/\/marktxxl.de\/markt\/?s={search_term_string}"},"query-input":{"@type":"PropertyValueSpecification","valueRequired":true,"valueName":"search_term_string"}}],"inLanguage":"de"},{"@type":"Organization","@id":"https:\/\/marktxxl.de\/markt\/#organization","name":"Markt-XXL","url":"https:\/\/marktxxl.de\/markt\/","logo":{"@type":"ImageObject","inLanguage":"de","@id":"https:\/\/marktxxl.de\/markt\/#\/schema\/logo\/image\/","url":"https:\/\/marktxxl.de\/markt\/wp-content\/uploads\/sites\/3\/2020\/12\/logo.png","contentUrl":"https:\/\/marktxxl.de\/markt\/wp-content\/uploads\/sites\/3\/2020\/12\/logo.png","width":200,"height":70,"caption":"Markt-XXL"},"image":{"@id":"https:\/\/marktxxl.de\/markt\/#\/schema\/logo\/image\/"}}]}},"_links":{"self":[{"href":"https:\/\/marktxxl.de\/markt\/wp-json\/wp\/v2\/product\/89586","targetHints":{"allow":["GET"]}}],"collection":[{"href":"https:\/\/marktxxl.de\/markt\/wp-json\/wp\/v2\/product"}],"about":[{"href":"https:\/\/marktxxl.de\/markt\/wp-json\/wp\/v2\/types\/product"}],"replies":[{"embeddable":true,"href":"https:\/\/marktxxl.de\/markt\/wp-json\/wp\/v2\/comments?post=89586"}],"wp:featuredmedia":[{"embeddable":true,"href":"https:\/\/marktxxl.de\/markt\/wp-json\/wp\/v2\/media\/89587"}],"wp:attachment":[{"href":"https:\/\/marktxxl.de\/markt\/wp-json\/wp\/v2\/media?parent=89586"}],"wp:term":[{"taxonomy":"product_brand","embeddable":true,"href":"https:\/\/marktxxl.de\/markt\/wp-json\/wp\/v2\/product_brand?post=89586"},{"taxonomy":"product_cat","embeddable":true,"href":"https:\/\/marktxxl.de\/markt\/wp-json\/wp\/v2\/product_cat?post=89586"},{"taxonomy":"product_tag","embeddable":true,"href":"https:\/\/marktxxl.de\/markt\/wp-json\/wp\/v2\/product_tag?post=89586"}],"curies":[{"name":"wp","href":"https:\/\/api.w.org\/{rel}","templated":true}]}}