{"id":89521,"date":"2021-12-28T18:48:54","date_gmt":"2021-12-28T17:48:54","guid":{"rendered":"https:\/\/marktxxl.de\/markt\/produkt\/moonworks-kaffee-tasse-penis-muster-penisse-fun-tasse-penis-tasse-pimmel-tasse-buero-tasse\/"},"modified":"2023-04-11T03:09:37","modified_gmt":"2023-04-11T01:09:37","slug":"moonworks-kaffee-tasse-penis-muster-penisse-fun-tasse-penis-tasse-pimmel-tasse-buero-tasse","status":"publish","type":"product","link":"https:\/\/marktxxl.de\/markt\/produkt\/moonworks-kaffee-tasse-penis-muster-penisse-fun-tasse-penis-tasse-pimmel-tasse-buero-tasse\/","title":{"rendered":"MoonWorks\u00ae Kaffee-Tasse Titten-Muster Br\u00fcste Fun-Tasse Titten-Tasse B\u00fcro-Tasse wei\u00df unisize Rim-Schwarz Keramik-Tasse"},"content":{"rendered":"<p>von wegen &#8220;wir sind alle gleich&#8221;! &#8230;und das betrifft nicht nur unsere Augenfarbe oder Eigenschaften, sondern auch andere Dinge, die normalerweise unter der (Kleider)Oberfl\u00e4che liegen \ud83d\ude42 Vielfalt belebt ja bekanntlich das Gesch\u00e4ft, deshalb Hoch die Tassen auf die Diversit\u00e4t mit der witzigen Penis-Tasse!<br \/>\nSp\u00fclmaschinengeeignet f\u00fcr eine leichte Reinigung und hohe Haltbarkeit. Formsch\u00f6ne Komfortgr\u00f6\u00dfe mit ca. 325 ml Fassungsverm\u00f6gen und gro\u00dfem Henkel f\u00fcr einen optimalen Griff<br \/>\nhochwertige Qualit\u00e4t verspricht eine hohe Langlebigkeit und eine lange Farbbrillanz<br \/>\nin Deutschland mit Liebe zum Detail designed und in Handarbeit bedruckt<br \/>\njetzt Versandkosten sparen: mehrere Artikel kosteng\u00fcnstig kombinieren &#8211; entdecke einzigartige Kollektionen in unserem H\u00e4ndlershop<br \/>\n<div class=\"main-cross-sell\" data-asin=\"B07WS972C9\">\n\n\t<div class=\"WooZone-cross-sell-loader\">\n\t\t<div>\n\t\t\t<div id=\"floatingBarsG\">\n\t\t\t\t<div class=\"blockG\" id=\"rotateG_01\"><\/div>\n\t\t\t\t<div class=\"blockG\" id=\"rotateG_02\"><\/div>\n\t\t\t\t<div class=\"blockG\" id=\"rotateG_03\"><\/div>\n\t\t\t\t<div class=\"blockG\" id=\"rotateG_04\"><\/div>\n\t\t\t\t<div class=\"blockG\" id=\"rotateG_05\"><\/div>\n\t\t\t\t<div class=\"blockG\" id=\"rotateG_06\"><\/div>\n\t\t\t\t<div class=\"blockG\" id=\"rotateG_07\"><\/div>\n\t\t\t\t<div class=\"blockG\" id=\"rotateG_08\"><\/div>\n\t\t\t<\/div>\n\t\t\t<div class=\"WooZone-cross-sell-loader-text\"><\/div>\n\t\t<\/div>\n\t<\/div>\n\n\t\t\n<\/div>\n<div style=\"clear:both;\"><\/div><\/p>\n","protected":false},"excerpt":{"rendered":"<p>von wegen &#8220;wir sind alle gleich&#8221;! &#8230;und das betrifft nicht nur unsere Augenfarbe oder Eigenschaften, sondern auch andere Dinge, die normalerweise unter der (Kleider)Oberfl\u00e4che liegen \ud83d\ude42 Vielfalt belebt ja bekanntlich das Gesch\u00e4ft, deshalb Hoch die Tassen auf die Diversit\u00e4t mit der witzigen Penis-Tasse!<br \/>\nSp\u00fclmaschinengeeignet f\u00fcr eine leichte Reinigung und hohe Haltbarkeit. Formsch\u00f6ne Komfortgr\u00f6\u00dfe mit ca. 325 ml Fassungsverm\u00f6gen und gro\u00dfem Henkel f\u00fcr einen optimalen Griff<br \/>\nhochwertige Qualit\u00e4t verspricht eine hohe Langlebigkeit und eine lange Farbbrillanz<\/p>\n","protected":false},"featured_media":89522,"comment_status":"open","ping_status":"closed","template":"","meta":[],"product_brand":[],"product_cat":[652],"product_tag":[],"class_list":{"0":"post-89521","1":"product","2":"type-product","3":"status-publish","4":"has-post-thumbnail","6":"product_cat-erotik-markt-xxl","7":"pa_brand-moonworks","8":"pa_manufacturer-moonworks","10":"first","11":"instock","12":"shipping-taxable","13":"purchasable","14":"product-type-simple","15":"customify-col","16":"product-has-gallery"},"yoast_head":"<!-- This site is optimized with the Yoast SEO plugin v27.4 - https:\/\/yoast.com\/product\/yoast-seo-wordpress\/ -->\n<title>MoonWorks\u00ae Kaffee-Tasse Titten-Muster Br\u00fcste Fun-Tasse Titten-Tasse B\u00fcro-Tasse wei\u00df unisize Rim-Schwarz Keramik-Tasse - Markt-XXL<\/title>\n<meta name=\"description\" content=\"Markt-XXL MoonWorks\u00ae Kaffee-Tasse Titten-Muster Br\u00fcste Fun-Tasse Titten-Tasse B\u00fcro-Tasse wei\u00df unisize Rim-Schwarz Keramik-Tasse\" \/>\n<meta name=\"robots\" content=\"index, follow, max-snippet:-1, max-image-preview:large, max-video-preview:-1\" \/>\n<link rel=\"canonical\" href=\"https:\/\/marktxxl.de\/markt\/produkt\/moonworks-kaffee-tasse-penis-muster-penisse-fun-tasse-penis-tasse-pimmel-tasse-buero-tasse\/\" \/>\n<meta property=\"og:locale\" content=\"de_DE\" \/>\n<meta property=\"og:type\" content=\"article\" \/>\n<meta property=\"og:title\" content=\"MoonWorks\u00ae Kaffee-Tasse Titten-Muster Br\u00fcste Fun-Tasse Titten-Tasse B\u00fcro-Tasse wei\u00df unisize Rim-Schwarz Keramik-Tasse - Markt-XXL\" \/>\n<meta property=\"og:description\" content=\"Markt-XXL MoonWorks\u00ae Kaffee-Tasse Titten-Muster Br\u00fcste Fun-Tasse Titten-Tasse B\u00fcro-Tasse wei\u00df unisize Rim-Schwarz Keramik-Tasse\" \/>\n<meta property=\"og:url\" content=\"https:\/\/marktxxl.de\/markt\/produkt\/moonworks-kaffee-tasse-penis-muster-penisse-fun-tasse-penis-tasse-pimmel-tasse-buero-tasse\/\" \/>\n<meta property=\"og:site_name\" content=\"Markt-XXL\" \/>\n<meta property=\"article:modified_time\" content=\"2023-04-11T01:09:37+00:00\" \/>\n<meta property=\"og:image\" content=\"https:\/\/m.media-amazon.com\/images\/I\/41xuT2YO7ZL._SL500_.jpg\" \/>\n\t<meta property=\"og:image:width\" content=\"500\" \/>\n\t<meta property=\"og:image:height\" content=\"500\" \/>\n\t<meta property=\"og:image:type\" content=\"image\/jpeg\" \/>\n<meta name=\"twitter:card\" content=\"summary_large_image\" \/>\n<meta name=\"twitter:label1\" content=\"Gesch\u00e4tzte Lesezeit\" \/>\n\t<meta name=\"twitter:data1\" content=\"1\u00a0Minute\" \/>\n<script type=\"application\/ld+json\" class=\"yoast-schema-graph\">{\"@context\":\"https:\\\/\\\/schema.org\",\"@graph\":[{\"@type\":\"WebPage\",\"@id\":\"https:\\\/\\\/marktxxl.de\\\/markt\\\/produkt\\\/moonworks-kaffee-tasse-penis-muster-penisse-fun-tasse-penis-tasse-pimmel-tasse-buero-tasse\\\/\",\"url\":\"https:\\\/\\\/marktxxl.de\\\/markt\\\/produkt\\\/moonworks-kaffee-tasse-penis-muster-penisse-fun-tasse-penis-tasse-pimmel-tasse-buero-tasse\\\/\",\"name\":\"MoonWorks\u00ae Kaffee-Tasse Titten-Muster Br\u00fcste Fun-Tasse Titten-Tasse B\u00fcro-Tasse wei\u00df unisize Rim-Schwarz Keramik-Tasse - Markt-XXL\",\"isPartOf\":{\"@id\":\"https:\\\/\\\/marktxxl.de\\\/markt\\\/#website\"},\"primaryImageOfPage\":{\"@id\":\"https:\\\/\\\/marktxxl.de\\\/markt\\\/produkt\\\/moonworks-kaffee-tasse-penis-muster-penisse-fun-tasse-penis-tasse-pimmel-tasse-buero-tasse\\\/#primaryimage\"},\"image\":{\"@id\":\"https:\\\/\\\/marktxxl.de\\\/markt\\\/produkt\\\/moonworks-kaffee-tasse-penis-muster-penisse-fun-tasse-penis-tasse-pimmel-tasse-buero-tasse\\\/#primaryimage\"},\"thumbnailUrl\":\"https:\\\/\\\/m.media-amazon.com\\\/images\\\/I\\\/41xuT2YO7ZL._SL500_.jpg\",\"datePublished\":\"2021-12-28T17:48:54+00:00\",\"dateModified\":\"2023-04-11T01:09:37+00:00\",\"description\":\"Markt-XXL MoonWorks\u00ae Kaffee-Tasse Titten-Muster Br\u00fcste Fun-Tasse Titten-Tasse B\u00fcro-Tasse wei\u00df unisize Rim-Schwarz Keramik-Tasse\",\"breadcrumb\":{\"@id\":\"https:\\\/\\\/marktxxl.de\\\/markt\\\/produkt\\\/moonworks-kaffee-tasse-penis-muster-penisse-fun-tasse-penis-tasse-pimmel-tasse-buero-tasse\\\/#breadcrumb\"},\"inLanguage\":\"de\",\"potentialAction\":[{\"@type\":\"ReadAction\",\"target\":[\"https:\\\/\\\/marktxxl.de\\\/markt\\\/produkt\\\/moonworks-kaffee-tasse-penis-muster-penisse-fun-tasse-penis-tasse-pimmel-tasse-buero-tasse\\\/\"]}]},{\"@type\":\"ImageObject\",\"inLanguage\":\"de\",\"@id\":\"https:\\\/\\\/marktxxl.de\\\/markt\\\/produkt\\\/moonworks-kaffee-tasse-penis-muster-penisse-fun-tasse-penis-tasse-pimmel-tasse-buero-tasse\\\/#primaryimage\",\"url\":\"https:\\\/\\\/m.media-amazon.com\\\/images\\\/I\\\/41xuT2YO7ZL._SL500_.jpg\",\"contentUrl\":\"https:\\\/\\\/m.media-amazon.com\\\/images\\\/I\\\/41xuT2YO7ZL._SL500_.jpg\",\"width\":500,\"height\":500},{\"@type\":\"BreadcrumbList\",\"@id\":\"https:\\\/\\\/marktxxl.de\\\/markt\\\/produkt\\\/moonworks-kaffee-tasse-penis-muster-penisse-fun-tasse-penis-tasse-pimmel-tasse-buero-tasse\\\/#breadcrumb\",\"itemListElement\":[{\"@type\":\"ListItem\",\"position\":1,\"name\":\"Startseite\",\"item\":\"https:\\\/\\\/marktxxl.de\\\/markt\\\/\"},{\"@type\":\"ListItem\",\"position\":2,\"name\":\"Markt\",\"item\":\"https:\\\/\\\/marktxxl.de\\\/markt\\\/\"},{\"@type\":\"ListItem\",\"position\":3,\"name\":\"MoonWorks\u00ae Kaffee-Tasse Titten-Muster Br\u00fcste Fun-Tasse Titten-Tasse B\u00fcro-Tasse wei\u00df unisize Rim-Schwarz Keramik-Tasse\"}]},{\"@type\":\"WebSite\",\"@id\":\"https:\\\/\\\/marktxxl.de\\\/markt\\\/#website\",\"url\":\"https:\\\/\\\/marktxxl.de\\\/markt\\\/\",\"name\":\"Markt-XXL\",\"description\":\"Ihr Markt Online\",\"publisher\":{\"@id\":\"https:\\\/\\\/marktxxl.de\\\/markt\\\/#organization\"},\"potentialAction\":[{\"@type\":\"SearchAction\",\"target\":{\"@type\":\"EntryPoint\",\"urlTemplate\":\"https:\\\/\\\/marktxxl.de\\\/markt\\\/?s={search_term_string}\"},\"query-input\":{\"@type\":\"PropertyValueSpecification\",\"valueRequired\":true,\"valueName\":\"search_term_string\"}}],\"inLanguage\":\"de\"},{\"@type\":\"Organization\",\"@id\":\"https:\\\/\\\/marktxxl.de\\\/markt\\\/#organization\",\"name\":\"Markt-XXL\",\"url\":\"https:\\\/\\\/marktxxl.de\\\/markt\\\/\",\"logo\":{\"@type\":\"ImageObject\",\"inLanguage\":\"de\",\"@id\":\"https:\\\/\\\/marktxxl.de\\\/markt\\\/#\\\/schema\\\/logo\\\/image\\\/\",\"url\":\"https:\\\/\\\/marktxxl.de\\\/markt\\\/wp-content\\\/uploads\\\/sites\\\/3\\\/2020\\\/12\\\/logo.png\",\"contentUrl\":\"https:\\\/\\\/marktxxl.de\\\/markt\\\/wp-content\\\/uploads\\\/sites\\\/3\\\/2020\\\/12\\\/logo.png\",\"width\":200,\"height\":70,\"caption\":\"Markt-XXL\"},\"image\":{\"@id\":\"https:\\\/\\\/marktxxl.de\\\/markt\\\/#\\\/schema\\\/logo\\\/image\\\/\"}}]}<\/script>\n<!-- \/ Yoast SEO plugin. -->","yoast_head_json":{"title":"MoonWorks\u00ae Kaffee-Tasse Titten-Muster Br\u00fcste Fun-Tasse Titten-Tasse B\u00fcro-Tasse wei\u00df unisize Rim-Schwarz Keramik-Tasse - Markt-XXL","description":"Markt-XXL MoonWorks\u00ae Kaffee-Tasse Titten-Muster Br\u00fcste Fun-Tasse Titten-Tasse B\u00fcro-Tasse wei\u00df unisize Rim-Schwarz Keramik-Tasse","robots":{"index":"index","follow":"follow","max-snippet":"max-snippet:-1","max-image-preview":"max-image-preview:large","max-video-preview":"max-video-preview:-1"},"canonical":"https:\/\/marktxxl.de\/markt\/produkt\/moonworks-kaffee-tasse-penis-muster-penisse-fun-tasse-penis-tasse-pimmel-tasse-buero-tasse\/","og_locale":"de_DE","og_type":"article","og_title":"MoonWorks\u00ae Kaffee-Tasse Titten-Muster Br\u00fcste Fun-Tasse Titten-Tasse B\u00fcro-Tasse wei\u00df unisize Rim-Schwarz Keramik-Tasse - Markt-XXL","og_description":"Markt-XXL MoonWorks\u00ae Kaffee-Tasse Titten-Muster Br\u00fcste Fun-Tasse Titten-Tasse B\u00fcro-Tasse wei\u00df unisize Rim-Schwarz Keramik-Tasse","og_url":"https:\/\/marktxxl.de\/markt\/produkt\/moonworks-kaffee-tasse-penis-muster-penisse-fun-tasse-penis-tasse-pimmel-tasse-buero-tasse\/","og_site_name":"Markt-XXL","article_modified_time":"2023-04-11T01:09:37+00:00","og_image":[{"width":500,"height":500,"url":"https:\/\/m.media-amazon.com\/images\/I\/41xuT2YO7ZL._SL500_.jpg","type":"image\/jpeg"}],"twitter_card":"summary_large_image","twitter_misc":{"Gesch\u00e4tzte Lesezeit":"1\u00a0Minute"},"schema":{"@context":"https:\/\/schema.org","@graph":[{"@type":"WebPage","@id":"https:\/\/marktxxl.de\/markt\/produkt\/moonworks-kaffee-tasse-penis-muster-penisse-fun-tasse-penis-tasse-pimmel-tasse-buero-tasse\/","url":"https:\/\/marktxxl.de\/markt\/produkt\/moonworks-kaffee-tasse-penis-muster-penisse-fun-tasse-penis-tasse-pimmel-tasse-buero-tasse\/","name":"MoonWorks\u00ae Kaffee-Tasse Titten-Muster Br\u00fcste Fun-Tasse Titten-Tasse B\u00fcro-Tasse wei\u00df unisize Rim-Schwarz Keramik-Tasse - Markt-XXL","isPartOf":{"@id":"https:\/\/marktxxl.de\/markt\/#website"},"primaryImageOfPage":{"@id":"https:\/\/marktxxl.de\/markt\/produkt\/moonworks-kaffee-tasse-penis-muster-penisse-fun-tasse-penis-tasse-pimmel-tasse-buero-tasse\/#primaryimage"},"image":{"@id":"https:\/\/marktxxl.de\/markt\/produkt\/moonworks-kaffee-tasse-penis-muster-penisse-fun-tasse-penis-tasse-pimmel-tasse-buero-tasse\/#primaryimage"},"thumbnailUrl":"https:\/\/m.media-amazon.com\/images\/I\/41xuT2YO7ZL._SL500_.jpg","datePublished":"2021-12-28T17:48:54+00:00","dateModified":"2023-04-11T01:09:37+00:00","description":"Markt-XXL MoonWorks\u00ae Kaffee-Tasse Titten-Muster Br\u00fcste Fun-Tasse Titten-Tasse B\u00fcro-Tasse wei\u00df unisize Rim-Schwarz Keramik-Tasse","breadcrumb":{"@id":"https:\/\/marktxxl.de\/markt\/produkt\/moonworks-kaffee-tasse-penis-muster-penisse-fun-tasse-penis-tasse-pimmel-tasse-buero-tasse\/#breadcrumb"},"inLanguage":"de","potentialAction":[{"@type":"ReadAction","target":["https:\/\/marktxxl.de\/markt\/produkt\/moonworks-kaffee-tasse-penis-muster-penisse-fun-tasse-penis-tasse-pimmel-tasse-buero-tasse\/"]}]},{"@type":"ImageObject","inLanguage":"de","@id":"https:\/\/marktxxl.de\/markt\/produkt\/moonworks-kaffee-tasse-penis-muster-penisse-fun-tasse-penis-tasse-pimmel-tasse-buero-tasse\/#primaryimage","url":"https:\/\/m.media-amazon.com\/images\/I\/41xuT2YO7ZL._SL500_.jpg","contentUrl":"https:\/\/m.media-amazon.com\/images\/I\/41xuT2YO7ZL._SL500_.jpg","width":500,"height":500},{"@type":"BreadcrumbList","@id":"https:\/\/marktxxl.de\/markt\/produkt\/moonworks-kaffee-tasse-penis-muster-penisse-fun-tasse-penis-tasse-pimmel-tasse-buero-tasse\/#breadcrumb","itemListElement":[{"@type":"ListItem","position":1,"name":"Startseite","item":"https:\/\/marktxxl.de\/markt\/"},{"@type":"ListItem","position":2,"name":"Markt","item":"https:\/\/marktxxl.de\/markt\/"},{"@type":"ListItem","position":3,"name":"MoonWorks\u00ae Kaffee-Tasse Titten-Muster Br\u00fcste Fun-Tasse Titten-Tasse B\u00fcro-Tasse wei\u00df unisize Rim-Schwarz Keramik-Tasse"}]},{"@type":"WebSite","@id":"https:\/\/marktxxl.de\/markt\/#website","url":"https:\/\/marktxxl.de\/markt\/","name":"Markt-XXL","description":"Ihr Markt Online","publisher":{"@id":"https:\/\/marktxxl.de\/markt\/#organization"},"potentialAction":[{"@type":"SearchAction","target":{"@type":"EntryPoint","urlTemplate":"https:\/\/marktxxl.de\/markt\/?s={search_term_string}"},"query-input":{"@type":"PropertyValueSpecification","valueRequired":true,"valueName":"search_term_string"}}],"inLanguage":"de"},{"@type":"Organization","@id":"https:\/\/marktxxl.de\/markt\/#organization","name":"Markt-XXL","url":"https:\/\/marktxxl.de\/markt\/","logo":{"@type":"ImageObject","inLanguage":"de","@id":"https:\/\/marktxxl.de\/markt\/#\/schema\/logo\/image\/","url":"https:\/\/marktxxl.de\/markt\/wp-content\/uploads\/sites\/3\/2020\/12\/logo.png","contentUrl":"https:\/\/marktxxl.de\/markt\/wp-content\/uploads\/sites\/3\/2020\/12\/logo.png","width":200,"height":70,"caption":"Markt-XXL"},"image":{"@id":"https:\/\/marktxxl.de\/markt\/#\/schema\/logo\/image\/"}}]}},"_links":{"self":[{"href":"https:\/\/marktxxl.de\/markt\/wp-json\/wp\/v2\/product\/89521","targetHints":{"allow":["GET"]}}],"collection":[{"href":"https:\/\/marktxxl.de\/markt\/wp-json\/wp\/v2\/product"}],"about":[{"href":"https:\/\/marktxxl.de\/markt\/wp-json\/wp\/v2\/types\/product"}],"replies":[{"embeddable":true,"href":"https:\/\/marktxxl.de\/markt\/wp-json\/wp\/v2\/comments?post=89521"}],"wp:featuredmedia":[{"embeddable":true,"href":"https:\/\/marktxxl.de\/markt\/wp-json\/wp\/v2\/media\/89522"}],"wp:attachment":[{"href":"https:\/\/marktxxl.de\/markt\/wp-json\/wp\/v2\/media?parent=89521"}],"wp:term":[{"taxonomy":"product_brand","embeddable":true,"href":"https:\/\/marktxxl.de\/markt\/wp-json\/wp\/v2\/product_brand?post=89521"},{"taxonomy":"product_cat","embeddable":true,"href":"https:\/\/marktxxl.de\/markt\/wp-json\/wp\/v2\/product_cat?post=89521"},{"taxonomy":"product_tag","embeddable":true,"href":"https:\/\/marktxxl.de\/markt\/wp-json\/wp\/v2\/product_tag?post=89521"}],"curies":[{"name":"wp","href":"https:\/\/api.w.org\/{rel}","templated":true}]}}