{"id":89464,"date":"2021-12-28T18:45:54","date_gmt":"2021-12-28T17:45:54","guid":{"rendered":"https:\/\/marktxxl.de\/markt\/produkt\/modern-essentials-10th-edition-essential-oil-reference-book-featuring-doterra-oil-names-new-2018-released-oils\/"},"modified":"2023-04-11T03:09:37","modified_gmt":"2023-04-11T01:09:37","slug":"modern-essentials-10th-edition-essential-oil-reference-book-featuring-doterra-oil-names-new-2018-released-oils","status":"publish","type":"product","link":"https:\/\/marktxxl.de\/markt\/produkt\/modern-essentials-10th-edition-essential-oil-reference-book-featuring-doterra-oil-names-new-2018-released-oils\/","title":{"rendered":"Modern Essentials 10th Edition, Essential Oil Reference Book featuring doTERRA oil names &amp; new 2018 released oils"},"content":{"rendered":"<p>Detaillierte Beschreibungen von \u00fcber 60 \u00e4therischen \u00d6len und 30 Mischungen, darunter 9 \u00e4therische \u00d6le und 7 Mischungen neu in dieser Edition.<br \/>\n&#8220;Simple Solutions &#8221; \u00fcber 150 konditionsspezifische Rezepte, Mischungen und Tipps im Abschnitt &#8220;My Usage Guide&#8221;.<br \/>\n&#8220;My Usage Guide&#8221; organisiert alphabetisch f\u00fcr Hunderte von h\u00e4ufigen St\u00f6rungen.<br \/>\n\u201eEssential Oil Basics\u201c Kapitel umrissende Anwendung und Sicherheitsgrundlagen f\u00fcr Anf\u00e4nger und erfahrene Benutzer von \u00e4therischen \u00d6len.<br \/>\nK\u00f6rpersystem-Symbol im gesamten Buch zur Hervorhebung verschiedener K\u00f6rpersysteme, die von den \u00d6len betroffen sind.<br \/>\n<div class=\"main-cross-sell\" data-asin=\"193770288X\">\n\n\t<div class=\"WooZone-cross-sell-loader\">\n\t\t<div>\n\t\t\t<div id=\"floatingBarsG\">\n\t\t\t\t<div class=\"blockG\" id=\"rotateG_01\"><\/div>\n\t\t\t\t<div class=\"blockG\" id=\"rotateG_02\"><\/div>\n\t\t\t\t<div class=\"blockG\" id=\"rotateG_03\"><\/div>\n\t\t\t\t<div class=\"blockG\" id=\"rotateG_04\"><\/div>\n\t\t\t\t<div class=\"blockG\" id=\"rotateG_05\"><\/div>\n\t\t\t\t<div class=\"blockG\" id=\"rotateG_06\"><\/div>\n\t\t\t\t<div class=\"blockG\" id=\"rotateG_07\"><\/div>\n\t\t\t\t<div class=\"blockG\" id=\"rotateG_08\"><\/div>\n\t\t\t<\/div>\n\t\t\t<div class=\"WooZone-cross-sell-loader-text\"><\/div>\n\t\t<\/div>\n\t<\/div>\n\n\t\t\n<\/div>\n<div style=\"clear:both;\"><\/div><\/p>\n","protected":false},"excerpt":{"rendered":"<p>Detaillierte Beschreibungen von \u00fcber 60 \u00e4therischen \u00d6len und 30 Mischungen, darunter 9 \u00e4therische \u00d6le und 7 Mischungen neu in dieser Edition.<br \/>\n&#8220;Simple Solutions &#8221; \u00fcber 150 konditionsspezifische Rezepte, Mischungen und Tipps im Abschnitt &#8220;My Usage Guide&#8221;.<br \/>\n&#8220;My Usage Guide&#8221; organisiert alphabetisch f\u00fcr Hunderte von h\u00e4ufigen St\u00f6rungen.<\/p>\n","protected":false},"featured_media":89465,"comment_status":"open","ping_status":"closed","template":"","meta":[],"product_brand":[],"product_cat":[652],"product_tag":[],"class_list":{"0":"post-89464","1":"product","2":"type-product","3":"status-publish","4":"has-post-thumbnail","6":"product_cat-erotik-markt-xxl","7":"pa_binding-gebundene-ausgabe","8":"pa_brand-yalaso","9":"pa_languages-veroeffentlicht-englisch-unbekannt-englisch","10":"pa_manufacturer-yalaso","11":"pa_weight-3-pfund","13":"first","14":"instock","15":"shipping-taxable","16":"purchasable","17":"product-type-simple","18":"customify-col","19":"product-has-gallery"},"yoast_head":"<!-- This site is optimized with the Yoast SEO plugin v27.4 - https:\/\/yoast.com\/product\/yoast-seo-wordpress\/ -->\n<title>Modern Essentials 10th Edition, Essential Oil Reference Book featuring doTERRA oil names &amp; new 2018 released oils - Markt-XXL<\/title>\n<meta name=\"description\" content=\"Markt-XXL Modern Essentials 10th Edition, Essential Oil Reference Book featuring doTERRA oil names &amp; new 2018 released oils\" \/>\n<meta name=\"robots\" content=\"index, follow, max-snippet:-1, max-image-preview:large, max-video-preview:-1\" \/>\n<link rel=\"canonical\" href=\"https:\/\/marktxxl.de\/markt\/produkt\/modern-essentials-10th-edition-essential-oil-reference-book-featuring-doterra-oil-names-new-2018-released-oils\/\" \/>\n<meta property=\"og:locale\" content=\"de_DE\" \/>\n<meta property=\"og:type\" content=\"article\" \/>\n<meta property=\"og:title\" content=\"Modern Essentials 10th Edition, Essential Oil Reference Book featuring doTERRA oil names &amp; new 2018 released oils - Markt-XXL\" \/>\n<meta property=\"og:description\" content=\"Markt-XXL Modern Essentials 10th Edition, Essential Oil Reference Book featuring doTERRA oil names &amp; new 2018 released oils\" \/>\n<meta property=\"og:url\" content=\"https:\/\/marktxxl.de\/markt\/produkt\/modern-essentials-10th-edition-essential-oil-reference-book-featuring-doterra-oil-names-new-2018-released-oils\/\" \/>\n<meta property=\"og:site_name\" content=\"Markt-XXL\" \/>\n<meta property=\"article:modified_time\" content=\"2023-04-11T01:09:37+00:00\" \/>\n<meta property=\"og:image\" content=\"https:\/\/m.media-amazon.com\/images\/I\/51vr-nnRZbL._SL500_.jpg\" \/>\n\t<meta property=\"og:image:width\" content=\"500\" \/>\n\t<meta property=\"og:image:height\" content=\"500\" \/>\n\t<meta property=\"og:image:type\" content=\"image\/jpeg\" \/>\n<meta name=\"twitter:card\" content=\"summary_large_image\" \/>\n<script type=\"application\/ld+json\" class=\"yoast-schema-graph\">{\"@context\":\"https:\\\/\\\/schema.org\",\"@graph\":[{\"@type\":\"WebPage\",\"@id\":\"https:\\\/\\\/marktxxl.de\\\/markt\\\/produkt\\\/modern-essentials-10th-edition-essential-oil-reference-book-featuring-doterra-oil-names-new-2018-released-oils\\\/\",\"url\":\"https:\\\/\\\/marktxxl.de\\\/markt\\\/produkt\\\/modern-essentials-10th-edition-essential-oil-reference-book-featuring-doterra-oil-names-new-2018-released-oils\\\/\",\"name\":\"Modern Essentials 10th Edition, Essential Oil Reference Book featuring doTERRA oil names &amp; new 2018 released oils - Markt-XXL\",\"isPartOf\":{\"@id\":\"https:\\\/\\\/marktxxl.de\\\/markt\\\/#website\"},\"primaryImageOfPage\":{\"@id\":\"https:\\\/\\\/marktxxl.de\\\/markt\\\/produkt\\\/modern-essentials-10th-edition-essential-oil-reference-book-featuring-doterra-oil-names-new-2018-released-oils\\\/#primaryimage\"},\"image\":{\"@id\":\"https:\\\/\\\/marktxxl.de\\\/markt\\\/produkt\\\/modern-essentials-10th-edition-essential-oil-reference-book-featuring-doterra-oil-names-new-2018-released-oils\\\/#primaryimage\"},\"thumbnailUrl\":\"https:\\\/\\\/m.media-amazon.com\\\/images\\\/I\\\/51vr-nnRZbL._SL500_.jpg\",\"datePublished\":\"2021-12-28T17:45:54+00:00\",\"dateModified\":\"2023-04-11T01:09:37+00:00\",\"description\":\"Markt-XXL Modern Essentials 10th Edition, Essential Oil Reference Book featuring doTERRA oil names &amp; new 2018 released oils\",\"breadcrumb\":{\"@id\":\"https:\\\/\\\/marktxxl.de\\\/markt\\\/produkt\\\/modern-essentials-10th-edition-essential-oil-reference-book-featuring-doterra-oil-names-new-2018-released-oils\\\/#breadcrumb\"},\"inLanguage\":\"de\",\"potentialAction\":[{\"@type\":\"ReadAction\",\"target\":[\"https:\\\/\\\/marktxxl.de\\\/markt\\\/produkt\\\/modern-essentials-10th-edition-essential-oil-reference-book-featuring-doterra-oil-names-new-2018-released-oils\\\/\"]}]},{\"@type\":\"ImageObject\",\"inLanguage\":\"de\",\"@id\":\"https:\\\/\\\/marktxxl.de\\\/markt\\\/produkt\\\/modern-essentials-10th-edition-essential-oil-reference-book-featuring-doterra-oil-names-new-2018-released-oils\\\/#primaryimage\",\"url\":\"https:\\\/\\\/m.media-amazon.com\\\/images\\\/I\\\/51vr-nnRZbL._SL500_.jpg\",\"contentUrl\":\"https:\\\/\\\/m.media-amazon.com\\\/images\\\/I\\\/51vr-nnRZbL._SL500_.jpg\",\"width\":500,\"height\":500},{\"@type\":\"BreadcrumbList\",\"@id\":\"https:\\\/\\\/marktxxl.de\\\/markt\\\/produkt\\\/modern-essentials-10th-edition-essential-oil-reference-book-featuring-doterra-oil-names-new-2018-released-oils\\\/#breadcrumb\",\"itemListElement\":[{\"@type\":\"ListItem\",\"position\":1,\"name\":\"Startseite\",\"item\":\"https:\\\/\\\/marktxxl.de\\\/markt\\\/\"},{\"@type\":\"ListItem\",\"position\":2,\"name\":\"Markt\",\"item\":\"https:\\\/\\\/marktxxl.de\\\/markt\\\/\"},{\"@type\":\"ListItem\",\"position\":3,\"name\":\"Modern Essentials 10th Edition, Essential Oil Reference Book featuring doTERRA oil names &amp; new 2018 released oils\"}]},{\"@type\":\"WebSite\",\"@id\":\"https:\\\/\\\/marktxxl.de\\\/markt\\\/#website\",\"url\":\"https:\\\/\\\/marktxxl.de\\\/markt\\\/\",\"name\":\"Markt-XXL\",\"description\":\"Ihr Markt Online\",\"publisher\":{\"@id\":\"https:\\\/\\\/marktxxl.de\\\/markt\\\/#organization\"},\"potentialAction\":[{\"@type\":\"SearchAction\",\"target\":{\"@type\":\"EntryPoint\",\"urlTemplate\":\"https:\\\/\\\/marktxxl.de\\\/markt\\\/?s={search_term_string}\"},\"query-input\":{\"@type\":\"PropertyValueSpecification\",\"valueRequired\":true,\"valueName\":\"search_term_string\"}}],\"inLanguage\":\"de\"},{\"@type\":\"Organization\",\"@id\":\"https:\\\/\\\/marktxxl.de\\\/markt\\\/#organization\",\"name\":\"Markt-XXL\",\"url\":\"https:\\\/\\\/marktxxl.de\\\/markt\\\/\",\"logo\":{\"@type\":\"ImageObject\",\"inLanguage\":\"de\",\"@id\":\"https:\\\/\\\/marktxxl.de\\\/markt\\\/#\\\/schema\\\/logo\\\/image\\\/\",\"url\":\"https:\\\/\\\/marktxxl.de\\\/markt\\\/wp-content\\\/uploads\\\/sites\\\/3\\\/2020\\\/12\\\/logo.png\",\"contentUrl\":\"https:\\\/\\\/marktxxl.de\\\/markt\\\/wp-content\\\/uploads\\\/sites\\\/3\\\/2020\\\/12\\\/logo.png\",\"width\":200,\"height\":70,\"caption\":\"Markt-XXL\"},\"image\":{\"@id\":\"https:\\\/\\\/marktxxl.de\\\/markt\\\/#\\\/schema\\\/logo\\\/image\\\/\"}}]}<\/script>\n<!-- \/ Yoast SEO plugin. -->","yoast_head_json":{"title":"Modern Essentials 10th Edition, Essential Oil Reference Book featuring doTERRA oil names &amp; new 2018 released oils - Markt-XXL","description":"Markt-XXL Modern Essentials 10th Edition, Essential Oil Reference Book featuring doTERRA oil names &amp; new 2018 released oils","robots":{"index":"index","follow":"follow","max-snippet":"max-snippet:-1","max-image-preview":"max-image-preview:large","max-video-preview":"max-video-preview:-1"},"canonical":"https:\/\/marktxxl.de\/markt\/produkt\/modern-essentials-10th-edition-essential-oil-reference-book-featuring-doterra-oil-names-new-2018-released-oils\/","og_locale":"de_DE","og_type":"article","og_title":"Modern Essentials 10th Edition, Essential Oil Reference Book featuring doTERRA oil names &amp; new 2018 released oils - Markt-XXL","og_description":"Markt-XXL Modern Essentials 10th Edition, Essential Oil Reference Book featuring doTERRA oil names &amp; new 2018 released oils","og_url":"https:\/\/marktxxl.de\/markt\/produkt\/modern-essentials-10th-edition-essential-oil-reference-book-featuring-doterra-oil-names-new-2018-released-oils\/","og_site_name":"Markt-XXL","article_modified_time":"2023-04-11T01:09:37+00:00","og_image":[{"width":500,"height":500,"url":"https:\/\/m.media-amazon.com\/images\/I\/51vr-nnRZbL._SL500_.jpg","type":"image\/jpeg"}],"twitter_card":"summary_large_image","schema":{"@context":"https:\/\/schema.org","@graph":[{"@type":"WebPage","@id":"https:\/\/marktxxl.de\/markt\/produkt\/modern-essentials-10th-edition-essential-oil-reference-book-featuring-doterra-oil-names-new-2018-released-oils\/","url":"https:\/\/marktxxl.de\/markt\/produkt\/modern-essentials-10th-edition-essential-oil-reference-book-featuring-doterra-oil-names-new-2018-released-oils\/","name":"Modern Essentials 10th Edition, Essential Oil Reference Book featuring doTERRA oil names &amp; new 2018 released oils - Markt-XXL","isPartOf":{"@id":"https:\/\/marktxxl.de\/markt\/#website"},"primaryImageOfPage":{"@id":"https:\/\/marktxxl.de\/markt\/produkt\/modern-essentials-10th-edition-essential-oil-reference-book-featuring-doterra-oil-names-new-2018-released-oils\/#primaryimage"},"image":{"@id":"https:\/\/marktxxl.de\/markt\/produkt\/modern-essentials-10th-edition-essential-oil-reference-book-featuring-doterra-oil-names-new-2018-released-oils\/#primaryimage"},"thumbnailUrl":"https:\/\/m.media-amazon.com\/images\/I\/51vr-nnRZbL._SL500_.jpg","datePublished":"2021-12-28T17:45:54+00:00","dateModified":"2023-04-11T01:09:37+00:00","description":"Markt-XXL Modern Essentials 10th Edition, Essential Oil Reference Book featuring doTERRA oil names &amp; new 2018 released oils","breadcrumb":{"@id":"https:\/\/marktxxl.de\/markt\/produkt\/modern-essentials-10th-edition-essential-oil-reference-book-featuring-doterra-oil-names-new-2018-released-oils\/#breadcrumb"},"inLanguage":"de","potentialAction":[{"@type":"ReadAction","target":["https:\/\/marktxxl.de\/markt\/produkt\/modern-essentials-10th-edition-essential-oil-reference-book-featuring-doterra-oil-names-new-2018-released-oils\/"]}]},{"@type":"ImageObject","inLanguage":"de","@id":"https:\/\/marktxxl.de\/markt\/produkt\/modern-essentials-10th-edition-essential-oil-reference-book-featuring-doterra-oil-names-new-2018-released-oils\/#primaryimage","url":"https:\/\/m.media-amazon.com\/images\/I\/51vr-nnRZbL._SL500_.jpg","contentUrl":"https:\/\/m.media-amazon.com\/images\/I\/51vr-nnRZbL._SL500_.jpg","width":500,"height":500},{"@type":"BreadcrumbList","@id":"https:\/\/marktxxl.de\/markt\/produkt\/modern-essentials-10th-edition-essential-oil-reference-book-featuring-doterra-oil-names-new-2018-released-oils\/#breadcrumb","itemListElement":[{"@type":"ListItem","position":1,"name":"Startseite","item":"https:\/\/marktxxl.de\/markt\/"},{"@type":"ListItem","position":2,"name":"Markt","item":"https:\/\/marktxxl.de\/markt\/"},{"@type":"ListItem","position":3,"name":"Modern Essentials 10th Edition, Essential Oil Reference Book featuring doTERRA oil names &amp; new 2018 released oils"}]},{"@type":"WebSite","@id":"https:\/\/marktxxl.de\/markt\/#website","url":"https:\/\/marktxxl.de\/markt\/","name":"Markt-XXL","description":"Ihr Markt Online","publisher":{"@id":"https:\/\/marktxxl.de\/markt\/#organization"},"potentialAction":[{"@type":"SearchAction","target":{"@type":"EntryPoint","urlTemplate":"https:\/\/marktxxl.de\/markt\/?s={search_term_string}"},"query-input":{"@type":"PropertyValueSpecification","valueRequired":true,"valueName":"search_term_string"}}],"inLanguage":"de"},{"@type":"Organization","@id":"https:\/\/marktxxl.de\/markt\/#organization","name":"Markt-XXL","url":"https:\/\/marktxxl.de\/markt\/","logo":{"@type":"ImageObject","inLanguage":"de","@id":"https:\/\/marktxxl.de\/markt\/#\/schema\/logo\/image\/","url":"https:\/\/marktxxl.de\/markt\/wp-content\/uploads\/sites\/3\/2020\/12\/logo.png","contentUrl":"https:\/\/marktxxl.de\/markt\/wp-content\/uploads\/sites\/3\/2020\/12\/logo.png","width":200,"height":70,"caption":"Markt-XXL"},"image":{"@id":"https:\/\/marktxxl.de\/markt\/#\/schema\/logo\/image\/"}}]}},"_links":{"self":[{"href":"https:\/\/marktxxl.de\/markt\/wp-json\/wp\/v2\/product\/89464","targetHints":{"allow":["GET"]}}],"collection":[{"href":"https:\/\/marktxxl.de\/markt\/wp-json\/wp\/v2\/product"}],"about":[{"href":"https:\/\/marktxxl.de\/markt\/wp-json\/wp\/v2\/types\/product"}],"replies":[{"embeddable":true,"href":"https:\/\/marktxxl.de\/markt\/wp-json\/wp\/v2\/comments?post=89464"}],"wp:featuredmedia":[{"embeddable":true,"href":"https:\/\/marktxxl.de\/markt\/wp-json\/wp\/v2\/media\/89465"}],"wp:attachment":[{"href":"https:\/\/marktxxl.de\/markt\/wp-json\/wp\/v2\/media?parent=89464"}],"wp:term":[{"taxonomy":"product_brand","embeddable":true,"href":"https:\/\/marktxxl.de\/markt\/wp-json\/wp\/v2\/product_brand?post=89464"},{"taxonomy":"product_cat","embeddable":true,"href":"https:\/\/marktxxl.de\/markt\/wp-json\/wp\/v2\/product_cat?post=89464"},{"taxonomy":"product_tag","embeddable":true,"href":"https:\/\/marktxxl.de\/markt\/wp-json\/wp\/v2\/product_tag?post=89464"}],"curies":[{"name":"wp","href":"https:\/\/api.w.org\/{rel}","templated":true}]}}