{"id":89369,"date":"2021-12-28T18:42:43","date_gmt":"2021-12-28T17:42:43","guid":{"rendered":"https:\/\/marktxxl.de\/markt\/produkt\/scrub-daddy-inc-scrub-mommy\/"},"modified":"2023-04-11T03:09:35","modified_gmt":"2023-04-11T01:09:35","slug":"scrub-daddy-inc-scrub-mommy","status":"publish","type":"product","link":"https:\/\/marktxxl.de\/markt\/produkt\/scrub-daddy-inc-scrub-mommy\/","title":{"rendered":"SCRUB DADDY INC &#8211; Scrub Mommy"},"content":{"rendered":"<p>Schrubben, Umdrehen, Abwischen \u2013 Scrub Mommy ist ein zweiseitiger Schwamm, wobei jede Seite eine andere Rolle \u00fcbernimmt. Verwenden Sie die FlexTexture Seite, um Schmutz abzuschrubben, dann drehen Sie ihn und verwenden Sie die weiche ResoFoam-Seite, um Fl\u00fcssigkeiten aufzusaugen und die Oberfl\u00e4che trocken zu wischen.<br \/>\nTemperaturkontrolliertes Scheuern: Die FlexTexture-Seite von Scrub Mommy wird fest in kaltem Wasser f\u00fcr hartes Schrubben und weich in warmem Wasser f\u00fcr leichte Reinigung. Ein vielseitiges Design bedeutet, dass sie das richtige Werkzeug f\u00fcr jede Arbeit ist.<br \/>\nKratzfrei \u2013 Scrub Mommy kann sicher auf \u00fcber einem Dutzend verschiedenen Oberfl\u00e4chen verwendet werden, einschlie\u00dflich Glas, Edelstahl, Gusseisen und Antihaftbeschichtungen.<br \/>\nEffizienter \u2013 Scrub Mommys ResoFoam-Seite ist 6 x saugf\u00e4higer als die f\u00fchrende Marke und produziert 60 % mehr Seifenlauge. Ihre FlexTexture-Seite ist im Labor getestet, um bis zu 8 Wochen geruchsfrei zu bleiben.<br \/>\nErgonomisch und funktional \u2013 Scrub Mommy ist so konzipiert, dass sie bequem in der Hand liegt, bietet guten Halt und breite Abdeckung, so dass Sie weniger Zeit mit dem Schrubben verbringen k\u00f6nnen. Mit einem Design, das s\u00fc\u00df und funktional ist, ist es schwer, nicht zur\u00fcck zu l\u00e4cheln.<br \/>\n<div class=\"main-cross-sell\" data-asin=\"B01EXU1VLY\">\n\n\t<div class=\"WooZone-cross-sell-loader\">\n\t\t<div>\n\t\t\t<div id=\"floatingBarsG\">\n\t\t\t\t<div class=\"blockG\" id=\"rotateG_01\"><\/div>\n\t\t\t\t<div class=\"blockG\" id=\"rotateG_02\"><\/div>\n\t\t\t\t<div class=\"blockG\" id=\"rotateG_03\"><\/div>\n\t\t\t\t<div class=\"blockG\" id=\"rotateG_04\"><\/div>\n\t\t\t\t<div class=\"blockG\" id=\"rotateG_05\"><\/div>\n\t\t\t\t<div class=\"blockG\" id=\"rotateG_06\"><\/div>\n\t\t\t\t<div class=\"blockG\" id=\"rotateG_07\"><\/div>\n\t\t\t\t<div class=\"blockG\" id=\"rotateG_08\"><\/div>\n\t\t\t<\/div>\n\t\t\t<div class=\"WooZone-cross-sell-loader-text\"><\/div>\n\t\t<\/div>\n\t<\/div>\n\n\t\t\n<\/div>\n<div style=\"clear:both;\"><\/div><\/p>\n","protected":false},"excerpt":{"rendered":"<p>Schrubben, Umdrehen, Abwischen \u2013 Scrub Mommy ist ein zweiseitiger Schwamm, wobei jede Seite eine andere Rolle \u00fcbernimmt. Verwenden Sie die FlexTexture Seite, um Schmutz abzuschrubben, dann drehen Sie ihn und verwenden Sie die weiche ResoFoam-Seite, um Fl\u00fcssigkeiten aufzusaugen und die Oberfl\u00e4che trocken zu wischen.<br \/>\nTemperaturkontrolliertes Scheuern: Die FlexTexture-Seite von Scrub Mommy wird fest in kaltem Wasser f\u00fcr hartes Schrubben und weich in warmem Wasser f\u00fcr leichte Reinigung. Ein vielseitiges Design bedeutet, dass sie das richtige Werkzeug f\u00fcr jede Arbeit ist.<br \/>\nKratzfrei \u2013 Scrub Mommy kann sicher auf \u00fcber einem Dutzend verschiedenen Oberfl\u00e4chen verwendet werden, einschlie\u00dflich Glas, Edelstahl, Gusseisen und Antihaftbeschichtungen.<\/p>\n","protected":false},"featured_media":89370,"comment_status":"open","ping_status":"closed","template":"","meta":[],"product_brand":[],"product_cat":[566,6496],"product_tag":[],"class_list":{"0":"post-89369","1":"product","2":"type-product","3":"status-publish","4":"has-post-thumbnail","6":"product_cat-drogerie-koerperpflege","7":"product_cat-wellness","8":"pa_binding-haushaltswaren","9":"pa_brand-scrub-daddy","10":"pa_color-ohne","11":"pa_height-6-zoll","12":"pa_length-1-5-zoll","13":"pa_manufacturer-scrub-daddy-inc","14":"pa_model-sm24mvp2016","15":"pa_size-1-count","16":"pa_width-4-zoll","18":"first","19":"instock","20":"shipping-taxable","21":"purchasable","22":"product-type-simple","23":"customify-col","24":"product-has-gallery"},"yoast_head":"<!-- This site is optimized with the Yoast SEO plugin v27.3 - https:\/\/yoast.com\/product\/yoast-seo-wordpress\/ -->\n<title>SCRUB DADDY INC - Scrub Mommy - Markt-XXL<\/title>\n<meta name=\"description\" content=\"Markt-XXL SCRUB DADDY INC - Scrub Mommy\" \/>\n<meta name=\"robots\" content=\"index, follow, max-snippet:-1, max-image-preview:large, max-video-preview:-1\" \/>\n<link rel=\"canonical\" href=\"https:\/\/marktxxl.de\/markt\/produkt\/scrub-daddy-inc-scrub-mommy\/\" \/>\n<meta property=\"og:locale\" content=\"de_DE\" \/>\n<meta property=\"og:type\" content=\"article\" \/>\n<meta property=\"og:title\" content=\"SCRUB DADDY INC - Scrub Mommy - Markt-XXL\" \/>\n<meta property=\"og:description\" content=\"Markt-XXL SCRUB DADDY INC - Scrub Mommy\" \/>\n<meta property=\"og:url\" content=\"https:\/\/marktxxl.de\/markt\/produkt\/scrub-daddy-inc-scrub-mommy\/\" \/>\n<meta property=\"og:site_name\" content=\"Markt-XXL\" \/>\n<meta property=\"article:modified_time\" content=\"2023-04-11T01:09:35+00:00\" \/>\n<meta property=\"og:image\" content=\"https:\/\/m.media-amazon.com\/images\/I\/51nFoqu+DzL._SL500_.jpg\" \/>\n\t<meta property=\"og:image:width\" content=\"500\" \/>\n\t<meta property=\"og:image:height\" content=\"500\" \/>\n\t<meta property=\"og:image:type\" content=\"image\/jpeg\" \/>\n<meta name=\"twitter:card\" content=\"summary_large_image\" \/>\n<meta name=\"twitter:label1\" content=\"Gesch\u00e4tzte Lesezeit\" \/>\n\t<meta name=\"twitter:data1\" content=\"1\u00a0Minute\" \/>\n<script type=\"application\/ld+json\" class=\"yoast-schema-graph\">{\"@context\":\"https:\\\/\\\/schema.org\",\"@graph\":[{\"@type\":\"WebPage\",\"@id\":\"https:\\\/\\\/marktxxl.de\\\/markt\\\/produkt\\\/scrub-daddy-inc-scrub-mommy\\\/\",\"url\":\"https:\\\/\\\/marktxxl.de\\\/markt\\\/produkt\\\/scrub-daddy-inc-scrub-mommy\\\/\",\"name\":\"SCRUB DADDY INC - Scrub Mommy - Markt-XXL\",\"isPartOf\":{\"@id\":\"https:\\\/\\\/marktxxl.de\\\/markt\\\/#website\"},\"primaryImageOfPage\":{\"@id\":\"https:\\\/\\\/marktxxl.de\\\/markt\\\/produkt\\\/scrub-daddy-inc-scrub-mommy\\\/#primaryimage\"},\"image\":{\"@id\":\"https:\\\/\\\/marktxxl.de\\\/markt\\\/produkt\\\/scrub-daddy-inc-scrub-mommy\\\/#primaryimage\"},\"thumbnailUrl\":\"https:\\\/\\\/m.media-amazon.com\\\/images\\\/I\\\/51nFoqu+DzL._SL500_.jpg\",\"datePublished\":\"2021-12-28T17:42:43+00:00\",\"dateModified\":\"2023-04-11T01:09:35+00:00\",\"description\":\"Markt-XXL SCRUB DADDY INC - Scrub Mommy\",\"breadcrumb\":{\"@id\":\"https:\\\/\\\/marktxxl.de\\\/markt\\\/produkt\\\/scrub-daddy-inc-scrub-mommy\\\/#breadcrumb\"},\"inLanguage\":\"de\",\"potentialAction\":[{\"@type\":\"ReadAction\",\"target\":[\"https:\\\/\\\/marktxxl.de\\\/markt\\\/produkt\\\/scrub-daddy-inc-scrub-mommy\\\/\"]}]},{\"@type\":\"ImageObject\",\"inLanguage\":\"de\",\"@id\":\"https:\\\/\\\/marktxxl.de\\\/markt\\\/produkt\\\/scrub-daddy-inc-scrub-mommy\\\/#primaryimage\",\"url\":\"https:\\\/\\\/m.media-amazon.com\\\/images\\\/I\\\/51nFoqu+DzL._SL500_.jpg\",\"contentUrl\":\"https:\\\/\\\/m.media-amazon.com\\\/images\\\/I\\\/51nFoqu+DzL._SL500_.jpg\",\"width\":500,\"height\":500},{\"@type\":\"BreadcrumbList\",\"@id\":\"https:\\\/\\\/marktxxl.de\\\/markt\\\/produkt\\\/scrub-daddy-inc-scrub-mommy\\\/#breadcrumb\",\"itemListElement\":[{\"@type\":\"ListItem\",\"position\":1,\"name\":\"Startseite\",\"item\":\"https:\\\/\\\/marktxxl.de\\\/markt\\\/\"},{\"@type\":\"ListItem\",\"position\":2,\"name\":\"Markt\",\"item\":\"https:\\\/\\\/marktxxl.de\\\/markt\\\/\"},{\"@type\":\"ListItem\",\"position\":3,\"name\":\"SCRUB DADDY INC &#8211; Scrub Mommy\"}]},{\"@type\":\"WebSite\",\"@id\":\"https:\\\/\\\/marktxxl.de\\\/markt\\\/#website\",\"url\":\"https:\\\/\\\/marktxxl.de\\\/markt\\\/\",\"name\":\"Markt-XXL\",\"description\":\"Ihr Markt Online\",\"publisher\":{\"@id\":\"https:\\\/\\\/marktxxl.de\\\/markt\\\/#organization\"},\"potentialAction\":[{\"@type\":\"SearchAction\",\"target\":{\"@type\":\"EntryPoint\",\"urlTemplate\":\"https:\\\/\\\/marktxxl.de\\\/markt\\\/?s={search_term_string}\"},\"query-input\":{\"@type\":\"PropertyValueSpecification\",\"valueRequired\":true,\"valueName\":\"search_term_string\"}}],\"inLanguage\":\"de\"},{\"@type\":\"Organization\",\"@id\":\"https:\\\/\\\/marktxxl.de\\\/markt\\\/#organization\",\"name\":\"Markt-XXL\",\"url\":\"https:\\\/\\\/marktxxl.de\\\/markt\\\/\",\"logo\":{\"@type\":\"ImageObject\",\"inLanguage\":\"de\",\"@id\":\"https:\\\/\\\/marktxxl.de\\\/markt\\\/#\\\/schema\\\/logo\\\/image\\\/\",\"url\":\"https:\\\/\\\/marktxxl.de\\\/markt\\\/wp-content\\\/uploads\\\/sites\\\/3\\\/2020\\\/12\\\/logo.png\",\"contentUrl\":\"https:\\\/\\\/marktxxl.de\\\/markt\\\/wp-content\\\/uploads\\\/sites\\\/3\\\/2020\\\/12\\\/logo.png\",\"width\":200,\"height\":70,\"caption\":\"Markt-XXL\"},\"image\":{\"@id\":\"https:\\\/\\\/marktxxl.de\\\/markt\\\/#\\\/schema\\\/logo\\\/image\\\/\"}}]}<\/script>\n<!-- \/ Yoast SEO plugin. -->","yoast_head_json":{"title":"SCRUB DADDY INC - Scrub Mommy - Markt-XXL","description":"Markt-XXL SCRUB DADDY INC - Scrub Mommy","robots":{"index":"index","follow":"follow","max-snippet":"max-snippet:-1","max-image-preview":"max-image-preview:large","max-video-preview":"max-video-preview:-1"},"canonical":"https:\/\/marktxxl.de\/markt\/produkt\/scrub-daddy-inc-scrub-mommy\/","og_locale":"de_DE","og_type":"article","og_title":"SCRUB DADDY INC - Scrub Mommy - Markt-XXL","og_description":"Markt-XXL SCRUB DADDY INC - Scrub Mommy","og_url":"https:\/\/marktxxl.de\/markt\/produkt\/scrub-daddy-inc-scrub-mommy\/","og_site_name":"Markt-XXL","article_modified_time":"2023-04-11T01:09:35+00:00","og_image":[{"width":500,"height":500,"url":"https:\/\/m.media-amazon.com\/images\/I\/51nFoqu+DzL._SL500_.jpg","type":"image\/jpeg"}],"twitter_card":"summary_large_image","twitter_misc":{"Gesch\u00e4tzte Lesezeit":"1\u00a0Minute"},"schema":{"@context":"https:\/\/schema.org","@graph":[{"@type":"WebPage","@id":"https:\/\/marktxxl.de\/markt\/produkt\/scrub-daddy-inc-scrub-mommy\/","url":"https:\/\/marktxxl.de\/markt\/produkt\/scrub-daddy-inc-scrub-mommy\/","name":"SCRUB DADDY INC - Scrub Mommy - Markt-XXL","isPartOf":{"@id":"https:\/\/marktxxl.de\/markt\/#website"},"primaryImageOfPage":{"@id":"https:\/\/marktxxl.de\/markt\/produkt\/scrub-daddy-inc-scrub-mommy\/#primaryimage"},"image":{"@id":"https:\/\/marktxxl.de\/markt\/produkt\/scrub-daddy-inc-scrub-mommy\/#primaryimage"},"thumbnailUrl":"https:\/\/m.media-amazon.com\/images\/I\/51nFoqu+DzL._SL500_.jpg","datePublished":"2021-12-28T17:42:43+00:00","dateModified":"2023-04-11T01:09:35+00:00","description":"Markt-XXL SCRUB DADDY INC - Scrub Mommy","breadcrumb":{"@id":"https:\/\/marktxxl.de\/markt\/produkt\/scrub-daddy-inc-scrub-mommy\/#breadcrumb"},"inLanguage":"de","potentialAction":[{"@type":"ReadAction","target":["https:\/\/marktxxl.de\/markt\/produkt\/scrub-daddy-inc-scrub-mommy\/"]}]},{"@type":"ImageObject","inLanguage":"de","@id":"https:\/\/marktxxl.de\/markt\/produkt\/scrub-daddy-inc-scrub-mommy\/#primaryimage","url":"https:\/\/m.media-amazon.com\/images\/I\/51nFoqu+DzL._SL500_.jpg","contentUrl":"https:\/\/m.media-amazon.com\/images\/I\/51nFoqu+DzL._SL500_.jpg","width":500,"height":500},{"@type":"BreadcrumbList","@id":"https:\/\/marktxxl.de\/markt\/produkt\/scrub-daddy-inc-scrub-mommy\/#breadcrumb","itemListElement":[{"@type":"ListItem","position":1,"name":"Startseite","item":"https:\/\/marktxxl.de\/markt\/"},{"@type":"ListItem","position":2,"name":"Markt","item":"https:\/\/marktxxl.de\/markt\/"},{"@type":"ListItem","position":3,"name":"SCRUB DADDY INC &#8211; Scrub Mommy"}]},{"@type":"WebSite","@id":"https:\/\/marktxxl.de\/markt\/#website","url":"https:\/\/marktxxl.de\/markt\/","name":"Markt-XXL","description":"Ihr Markt Online","publisher":{"@id":"https:\/\/marktxxl.de\/markt\/#organization"},"potentialAction":[{"@type":"SearchAction","target":{"@type":"EntryPoint","urlTemplate":"https:\/\/marktxxl.de\/markt\/?s={search_term_string}"},"query-input":{"@type":"PropertyValueSpecification","valueRequired":true,"valueName":"search_term_string"}}],"inLanguage":"de"},{"@type":"Organization","@id":"https:\/\/marktxxl.de\/markt\/#organization","name":"Markt-XXL","url":"https:\/\/marktxxl.de\/markt\/","logo":{"@type":"ImageObject","inLanguage":"de","@id":"https:\/\/marktxxl.de\/markt\/#\/schema\/logo\/image\/","url":"https:\/\/marktxxl.de\/markt\/wp-content\/uploads\/sites\/3\/2020\/12\/logo.png","contentUrl":"https:\/\/marktxxl.de\/markt\/wp-content\/uploads\/sites\/3\/2020\/12\/logo.png","width":200,"height":70,"caption":"Markt-XXL"},"image":{"@id":"https:\/\/marktxxl.de\/markt\/#\/schema\/logo\/image\/"}}]}},"_links":{"self":[{"href":"https:\/\/marktxxl.de\/markt\/wp-json\/wp\/v2\/product\/89369","targetHints":{"allow":["GET"]}}],"collection":[{"href":"https:\/\/marktxxl.de\/markt\/wp-json\/wp\/v2\/product"}],"about":[{"href":"https:\/\/marktxxl.de\/markt\/wp-json\/wp\/v2\/types\/product"}],"replies":[{"embeddable":true,"href":"https:\/\/marktxxl.de\/markt\/wp-json\/wp\/v2\/comments?post=89369"}],"wp:featuredmedia":[{"embeddable":true,"href":"https:\/\/marktxxl.de\/markt\/wp-json\/wp\/v2\/media\/89370"}],"wp:attachment":[{"href":"https:\/\/marktxxl.de\/markt\/wp-json\/wp\/v2\/media?parent=89369"}],"wp:term":[{"taxonomy":"product_brand","embeddable":true,"href":"https:\/\/marktxxl.de\/markt\/wp-json\/wp\/v2\/product_brand?post=89369"},{"taxonomy":"product_cat","embeddable":true,"href":"https:\/\/marktxxl.de\/markt\/wp-json\/wp\/v2\/product_cat?post=89369"},{"taxonomy":"product_tag","embeddable":true,"href":"https:\/\/marktxxl.de\/markt\/wp-json\/wp\/v2\/product_tag?post=89369"}],"curies":[{"name":"wp","href":"https:\/\/api.w.org\/{rel}","templated":true}]}}