{"id":89338,"date":"2021-12-28T18:40:11","date_gmt":"2021-12-28T17:40:11","guid":{"rendered":"https:\/\/marktxxl.de\/markt\/produkt\/massagepistole-tiefes-gewebe-zur-linderung-von-muskelschmerzen-zur-erholung-der-muskulatur-nach-sportlichen-aktivitaeten-professionelles-massagegeraet-leise-und-tragbar\/"},"modified":"2023-04-11T03:09:34","modified_gmt":"2023-04-11T01:09:34","slug":"massagepistole-tiefes-gewebe-zur-linderung-von-muskelschmerzen-zur-erholung-der-muskulatur-nach-sportlichen-aktivitaeten-professionelles-massagegeraet-leise-und-tragbar","status":"publish","type":"product","link":"https:\/\/marktxxl.de\/markt\/produkt\/massagepistole-tiefes-gewebe-zur-linderung-von-muskelschmerzen-zur-erholung-der-muskulatur-nach-sportlichen-aktivitaeten-professionelles-massagegeraet-leise-und-tragbar\/","title":{"rendered":"Massagepistole, Elektrische Muskel Massageger\u00e4t Massage Pistole Rechargeable Tragbares Handger\u00e4t Massage Gun Leises und\u2026"},"content":{"rendered":"<p>Effektive Entspannung: Schlagdruck-Impulse, die durch eine einstellbare Multifrequenz-Pistole erzeugt werden, dringen tief in das Muskelgewebe ein. Verbesserter Blutfluss verteilt Milchs\u00e4ure, behandelt effektiv schmerzende Muskeln und sch\u00fctzt Muskeln und Faszien vor Sportverletzungen.<br \/>\nLEISTUNGSSTARK UND LEICHT: W\u00e4hrend es mit seinem leistungsstarken Motor bis zu 3200 Impulse pro Minute erzeugt, bleibt der Ton bei nur 45 dB erhalten. Mit seinem ultraleisen b\u00fcrstenlosen Motor k\u00f6nnen Sie den Komfort einer Massage genie\u00dfen, wo Sie wollen, ohne die Menschen um sie herum zu st\u00f6ren.<br \/>\nVielseitig: breite Palette von Anwendungsbereichen. Schnelle Linderung von Muskelschmerzen, effektive Behandlung von Schmerzen und Steifheit. Kann \u00fcberall am K\u00f6rper mit seinen 6 speziell entwickelten Mehrzweck-Massagek\u00f6pfen verwendet werden. Geeignet f\u00fcr den professionellen und privaten Gebrauch.<br \/>\nIntelligente Funktion: Kleine Gr\u00f6\u00dfe, leistungsstark mit sechs verschiedenen Percussion-Modi. Im intelligenten Modus sorgt er f\u00fcr ein perfektes Massageerlebnis mit variabler Pulsfrequenz stufenweise. Es hat ein ausgewogenes Design, ist stark und leicht.<br \/>\nWiederaufladbar und tragbar: Mit einem wiederaufladbaren Lithium-Akku von 2500 mAh ist es kein Problem f\u00fcr 6 Stunden zu verwenden. Erhalten Sie eine elegante Tragetasche, nur 10 kg, bequem f\u00fcr die Verwendung zu Hause oder im Fitnessstudio, B\u00fcro usw.<br \/>\n<div class=\"main-cross-sell\" data-asin=\"B094JBTCDZ\">\n\n\t<div class=\"WooZone-cross-sell-loader\">\n\t\t<div>\n\t\t\t<div id=\"floatingBarsG\">\n\t\t\t\t<div class=\"blockG\" id=\"rotateG_01\"><\/div>\n\t\t\t\t<div class=\"blockG\" id=\"rotateG_02\"><\/div>\n\t\t\t\t<div class=\"blockG\" id=\"rotateG_03\"><\/div>\n\t\t\t\t<div class=\"blockG\" id=\"rotateG_04\"><\/div>\n\t\t\t\t<div class=\"blockG\" id=\"rotateG_05\"><\/div>\n\t\t\t\t<div class=\"blockG\" id=\"rotateG_06\"><\/div>\n\t\t\t\t<div class=\"blockG\" id=\"rotateG_07\"><\/div>\n\t\t\t\t<div class=\"blockG\" id=\"rotateG_08\"><\/div>\n\t\t\t<\/div>\n\t\t\t<div class=\"WooZone-cross-sell-loader-text\"><\/div>\n\t\t<\/div>\n\t<\/div>\n\n\t\t\n<\/div>\n<div style=\"clear:both;\"><\/div><\/p>\n","protected":false},"excerpt":{"rendered":"<p>Effektive Entspannung: Schlagdruck-Impulse, die durch eine einstellbare Multifrequenz-Pistole erzeugt werden, dringen tief in das Muskelgewebe ein. Verbesserter Blutfluss verteilt Milchs\u00e4ure, behandelt effektiv schmerzende Muskeln und sch\u00fctzt Muskeln und Faszien vor Sportverletzungen.<br \/>\nLEISTUNGSSTARK UND LEICHT: W\u00e4hrend es mit seinem leistungsstarken Motor bis zu 3200 Impulse pro Minute erzeugt, bleibt der Ton bei nur 45 dB erhalten. Mit seinem ultraleisen b\u00fcrstenlosen Motor k\u00f6nnen Sie den Komfort einer Massage genie\u00dfen, wo Sie wollen, ohne die Menschen um sie herum zu st\u00f6ren.<br \/>\nVielseitig: breite Palette von Anwendungsbereichen. Schnelle Linderung von Muskelschmerzen, effektive Behandlung von Schmerzen und Steifheit. Kann \u00fcberall am K\u00f6rper mit seinen 6 speziell entwickelten Mehrzweck-Massagek\u00f6pfen verwendet werden. Geeignet f\u00fcr den professionellen und privaten Gebrauch.<\/p>\n","protected":false},"featured_media":89339,"comment_status":"open","ping_status":"closed","template":"","meta":[],"product_brand":[],"product_cat":[566,6496],"product_tag":[],"class_list":{"0":"post-89338","1":"product","2":"type-product","3":"status-publish","4":"has-post-thumbnail","6":"product_cat-drogerie-koerperpflege","7":"product_cat-wellness","8":"pa_brand-pervita-medical","9":"pa_height-8-9370078649-zoll","10":"pa_length-6-299212592-zoll","11":"pa_manufacturer-pervita-medical","12":"pa_width-2-5984251942-zoll","14":"first","15":"instock","16":"shipping-taxable","17":"purchasable","18":"product-type-simple","19":"customify-col","20":"product-has-gallery"},"yoast_head":"<!-- This site is optimized with the Yoast SEO plugin v27.3 - https:\/\/yoast.com\/product\/yoast-seo-wordpress\/ -->\n<title>Massagepistole, Elektrische Muskel Massageger\u00e4t Massage Pistole Rechargeable Tragbares Handger\u00e4t Massage Gun Leises und\u2026 - Markt-XXL<\/title>\n<meta name=\"description\" content=\"Markt-XXL Massagepistole, Elektrische Muskel Massageger\u00e4t Massage Pistole Rechargeable Tragbares Handger\u00e4t Massage Gun Leises und\u2026\" \/>\n<meta name=\"robots\" content=\"index, follow, max-snippet:-1, max-image-preview:large, max-video-preview:-1\" \/>\n<link rel=\"canonical\" href=\"https:\/\/marktxxl.de\/markt\/produkt\/massagepistole-tiefes-gewebe-zur-linderung-von-muskelschmerzen-zur-erholung-der-muskulatur-nach-sportlichen-aktivitaeten-professionelles-massagegeraet-leise-und-tragbar\/\" \/>\n<meta property=\"og:locale\" content=\"de_DE\" \/>\n<meta property=\"og:type\" content=\"article\" \/>\n<meta property=\"og:title\" content=\"Massagepistole, Elektrische Muskel Massageger\u00e4t Massage Pistole Rechargeable Tragbares Handger\u00e4t Massage Gun Leises und\u2026 - Markt-XXL\" \/>\n<meta property=\"og:description\" content=\"Markt-XXL Massagepistole, Elektrische Muskel Massageger\u00e4t Massage Pistole Rechargeable Tragbares Handger\u00e4t Massage Gun Leises und\u2026\" \/>\n<meta property=\"og:url\" content=\"https:\/\/marktxxl.de\/markt\/produkt\/massagepistole-tiefes-gewebe-zur-linderung-von-muskelschmerzen-zur-erholung-der-muskulatur-nach-sportlichen-aktivitaeten-professionelles-massagegeraet-leise-und-tragbar\/\" \/>\n<meta property=\"og:site_name\" content=\"Markt-XXL\" \/>\n<meta property=\"article:modified_time\" content=\"2023-04-11T01:09:34+00:00\" \/>\n<meta property=\"og:image\" content=\"https:\/\/m.media-amazon.com\/images\/I\/41uTB4NXNKL._SL500_.jpg\" \/>\n\t<meta property=\"og:image:width\" content=\"500\" \/>\n\t<meta property=\"og:image:height\" content=\"500\" \/>\n\t<meta property=\"og:image:type\" content=\"image\/jpeg\" \/>\n<meta name=\"twitter:card\" content=\"summary_large_image\" \/>\n<meta name=\"twitter:label1\" content=\"Gesch\u00e4tzte Lesezeit\" \/>\n\t<meta name=\"twitter:data1\" content=\"1\u00a0Minute\" \/>\n<script type=\"application\/ld+json\" class=\"yoast-schema-graph\">{\"@context\":\"https:\\\/\\\/schema.org\",\"@graph\":[{\"@type\":\"WebPage\",\"@id\":\"https:\\\/\\\/marktxxl.de\\\/markt\\\/produkt\\\/massagepistole-tiefes-gewebe-zur-linderung-von-muskelschmerzen-zur-erholung-der-muskulatur-nach-sportlichen-aktivitaeten-professionelles-massagegeraet-leise-und-tragbar\\\/\",\"url\":\"https:\\\/\\\/marktxxl.de\\\/markt\\\/produkt\\\/massagepistole-tiefes-gewebe-zur-linderung-von-muskelschmerzen-zur-erholung-der-muskulatur-nach-sportlichen-aktivitaeten-professionelles-massagegeraet-leise-und-tragbar\\\/\",\"name\":\"Massagepistole, Elektrische Muskel Massageger\u00e4t Massage Pistole Rechargeable Tragbares Handger\u00e4t Massage Gun Leises und\u2026 - Markt-XXL\",\"isPartOf\":{\"@id\":\"https:\\\/\\\/marktxxl.de\\\/markt\\\/#website\"},\"primaryImageOfPage\":{\"@id\":\"https:\\\/\\\/marktxxl.de\\\/markt\\\/produkt\\\/massagepistole-tiefes-gewebe-zur-linderung-von-muskelschmerzen-zur-erholung-der-muskulatur-nach-sportlichen-aktivitaeten-professionelles-massagegeraet-leise-und-tragbar\\\/#primaryimage\"},\"image\":{\"@id\":\"https:\\\/\\\/marktxxl.de\\\/markt\\\/produkt\\\/massagepistole-tiefes-gewebe-zur-linderung-von-muskelschmerzen-zur-erholung-der-muskulatur-nach-sportlichen-aktivitaeten-professionelles-massagegeraet-leise-und-tragbar\\\/#primaryimage\"},\"thumbnailUrl\":\"https:\\\/\\\/m.media-amazon.com\\\/images\\\/I\\\/41uTB4NXNKL._SL500_.jpg\",\"datePublished\":\"2021-12-28T17:40:11+00:00\",\"dateModified\":\"2023-04-11T01:09:34+00:00\",\"description\":\"Markt-XXL Massagepistole, Elektrische Muskel Massageger\u00e4t Massage Pistole Rechargeable Tragbares Handger\u00e4t Massage Gun Leises und\u2026\",\"breadcrumb\":{\"@id\":\"https:\\\/\\\/marktxxl.de\\\/markt\\\/produkt\\\/massagepistole-tiefes-gewebe-zur-linderung-von-muskelschmerzen-zur-erholung-der-muskulatur-nach-sportlichen-aktivitaeten-professionelles-massagegeraet-leise-und-tragbar\\\/#breadcrumb\"},\"inLanguage\":\"de\",\"potentialAction\":[{\"@type\":\"ReadAction\",\"target\":[\"https:\\\/\\\/marktxxl.de\\\/markt\\\/produkt\\\/massagepistole-tiefes-gewebe-zur-linderung-von-muskelschmerzen-zur-erholung-der-muskulatur-nach-sportlichen-aktivitaeten-professionelles-massagegeraet-leise-und-tragbar\\\/\"]}]},{\"@type\":\"ImageObject\",\"inLanguage\":\"de\",\"@id\":\"https:\\\/\\\/marktxxl.de\\\/markt\\\/produkt\\\/massagepistole-tiefes-gewebe-zur-linderung-von-muskelschmerzen-zur-erholung-der-muskulatur-nach-sportlichen-aktivitaeten-professionelles-massagegeraet-leise-und-tragbar\\\/#primaryimage\",\"url\":\"https:\\\/\\\/m.media-amazon.com\\\/images\\\/I\\\/41uTB4NXNKL._SL500_.jpg\",\"contentUrl\":\"https:\\\/\\\/m.media-amazon.com\\\/images\\\/I\\\/41uTB4NXNKL._SL500_.jpg\",\"width\":500,\"height\":500},{\"@type\":\"BreadcrumbList\",\"@id\":\"https:\\\/\\\/marktxxl.de\\\/markt\\\/produkt\\\/massagepistole-tiefes-gewebe-zur-linderung-von-muskelschmerzen-zur-erholung-der-muskulatur-nach-sportlichen-aktivitaeten-professionelles-massagegeraet-leise-und-tragbar\\\/#breadcrumb\",\"itemListElement\":[{\"@type\":\"ListItem\",\"position\":1,\"name\":\"Startseite\",\"item\":\"https:\\\/\\\/marktxxl.de\\\/markt\\\/\"},{\"@type\":\"ListItem\",\"position\":2,\"name\":\"Markt\",\"item\":\"https:\\\/\\\/marktxxl.de\\\/markt\\\/\"},{\"@type\":\"ListItem\",\"position\":3,\"name\":\"Massagepistole, Elektrische Muskel Massageger\u00e4t Massage Pistole Rechargeable Tragbares Handger\u00e4t Massage Gun Leises und\u2026\"}]},{\"@type\":\"WebSite\",\"@id\":\"https:\\\/\\\/marktxxl.de\\\/markt\\\/#website\",\"url\":\"https:\\\/\\\/marktxxl.de\\\/markt\\\/\",\"name\":\"Markt-XXL\",\"description\":\"Ihr Markt Online\",\"publisher\":{\"@id\":\"https:\\\/\\\/marktxxl.de\\\/markt\\\/#organization\"},\"potentialAction\":[{\"@type\":\"SearchAction\",\"target\":{\"@type\":\"EntryPoint\",\"urlTemplate\":\"https:\\\/\\\/marktxxl.de\\\/markt\\\/?s={search_term_string}\"},\"query-input\":{\"@type\":\"PropertyValueSpecification\",\"valueRequired\":true,\"valueName\":\"search_term_string\"}}],\"inLanguage\":\"de\"},{\"@type\":\"Organization\",\"@id\":\"https:\\\/\\\/marktxxl.de\\\/markt\\\/#organization\",\"name\":\"Markt-XXL\",\"url\":\"https:\\\/\\\/marktxxl.de\\\/markt\\\/\",\"logo\":{\"@type\":\"ImageObject\",\"inLanguage\":\"de\",\"@id\":\"https:\\\/\\\/marktxxl.de\\\/markt\\\/#\\\/schema\\\/logo\\\/image\\\/\",\"url\":\"https:\\\/\\\/marktxxl.de\\\/markt\\\/wp-content\\\/uploads\\\/sites\\\/3\\\/2020\\\/12\\\/logo.png\",\"contentUrl\":\"https:\\\/\\\/marktxxl.de\\\/markt\\\/wp-content\\\/uploads\\\/sites\\\/3\\\/2020\\\/12\\\/logo.png\",\"width\":200,\"height\":70,\"caption\":\"Markt-XXL\"},\"image\":{\"@id\":\"https:\\\/\\\/marktxxl.de\\\/markt\\\/#\\\/schema\\\/logo\\\/image\\\/\"}}]}<\/script>\n<!-- \/ Yoast SEO plugin. -->","yoast_head_json":{"title":"Massagepistole, Elektrische Muskel Massageger\u00e4t Massage Pistole Rechargeable Tragbares Handger\u00e4t Massage Gun Leises und\u2026 - Markt-XXL","description":"Markt-XXL Massagepistole, Elektrische Muskel Massageger\u00e4t Massage Pistole Rechargeable Tragbares Handger\u00e4t Massage Gun Leises und\u2026","robots":{"index":"index","follow":"follow","max-snippet":"max-snippet:-1","max-image-preview":"max-image-preview:large","max-video-preview":"max-video-preview:-1"},"canonical":"https:\/\/marktxxl.de\/markt\/produkt\/massagepistole-tiefes-gewebe-zur-linderung-von-muskelschmerzen-zur-erholung-der-muskulatur-nach-sportlichen-aktivitaeten-professionelles-massagegeraet-leise-und-tragbar\/","og_locale":"de_DE","og_type":"article","og_title":"Massagepistole, Elektrische Muskel Massageger\u00e4t Massage Pistole Rechargeable Tragbares Handger\u00e4t Massage Gun Leises und\u2026 - Markt-XXL","og_description":"Markt-XXL Massagepistole, Elektrische Muskel Massageger\u00e4t Massage Pistole Rechargeable Tragbares Handger\u00e4t Massage Gun Leises und\u2026","og_url":"https:\/\/marktxxl.de\/markt\/produkt\/massagepistole-tiefes-gewebe-zur-linderung-von-muskelschmerzen-zur-erholung-der-muskulatur-nach-sportlichen-aktivitaeten-professionelles-massagegeraet-leise-und-tragbar\/","og_site_name":"Markt-XXL","article_modified_time":"2023-04-11T01:09:34+00:00","og_image":[{"width":500,"height":500,"url":"https:\/\/m.media-amazon.com\/images\/I\/41uTB4NXNKL._SL500_.jpg","type":"image\/jpeg"}],"twitter_card":"summary_large_image","twitter_misc":{"Gesch\u00e4tzte Lesezeit":"1\u00a0Minute"},"schema":{"@context":"https:\/\/schema.org","@graph":[{"@type":"WebPage","@id":"https:\/\/marktxxl.de\/markt\/produkt\/massagepistole-tiefes-gewebe-zur-linderung-von-muskelschmerzen-zur-erholung-der-muskulatur-nach-sportlichen-aktivitaeten-professionelles-massagegeraet-leise-und-tragbar\/","url":"https:\/\/marktxxl.de\/markt\/produkt\/massagepistole-tiefes-gewebe-zur-linderung-von-muskelschmerzen-zur-erholung-der-muskulatur-nach-sportlichen-aktivitaeten-professionelles-massagegeraet-leise-und-tragbar\/","name":"Massagepistole, Elektrische Muskel Massageger\u00e4t Massage Pistole Rechargeable Tragbares Handger\u00e4t Massage Gun Leises und\u2026 - Markt-XXL","isPartOf":{"@id":"https:\/\/marktxxl.de\/markt\/#website"},"primaryImageOfPage":{"@id":"https:\/\/marktxxl.de\/markt\/produkt\/massagepistole-tiefes-gewebe-zur-linderung-von-muskelschmerzen-zur-erholung-der-muskulatur-nach-sportlichen-aktivitaeten-professionelles-massagegeraet-leise-und-tragbar\/#primaryimage"},"image":{"@id":"https:\/\/marktxxl.de\/markt\/produkt\/massagepistole-tiefes-gewebe-zur-linderung-von-muskelschmerzen-zur-erholung-der-muskulatur-nach-sportlichen-aktivitaeten-professionelles-massagegeraet-leise-und-tragbar\/#primaryimage"},"thumbnailUrl":"https:\/\/m.media-amazon.com\/images\/I\/41uTB4NXNKL._SL500_.jpg","datePublished":"2021-12-28T17:40:11+00:00","dateModified":"2023-04-11T01:09:34+00:00","description":"Markt-XXL Massagepistole, Elektrische Muskel Massageger\u00e4t Massage Pistole Rechargeable Tragbares Handger\u00e4t Massage Gun Leises und\u2026","breadcrumb":{"@id":"https:\/\/marktxxl.de\/markt\/produkt\/massagepistole-tiefes-gewebe-zur-linderung-von-muskelschmerzen-zur-erholung-der-muskulatur-nach-sportlichen-aktivitaeten-professionelles-massagegeraet-leise-und-tragbar\/#breadcrumb"},"inLanguage":"de","potentialAction":[{"@type":"ReadAction","target":["https:\/\/marktxxl.de\/markt\/produkt\/massagepistole-tiefes-gewebe-zur-linderung-von-muskelschmerzen-zur-erholung-der-muskulatur-nach-sportlichen-aktivitaeten-professionelles-massagegeraet-leise-und-tragbar\/"]}]},{"@type":"ImageObject","inLanguage":"de","@id":"https:\/\/marktxxl.de\/markt\/produkt\/massagepistole-tiefes-gewebe-zur-linderung-von-muskelschmerzen-zur-erholung-der-muskulatur-nach-sportlichen-aktivitaeten-professionelles-massagegeraet-leise-und-tragbar\/#primaryimage","url":"https:\/\/m.media-amazon.com\/images\/I\/41uTB4NXNKL._SL500_.jpg","contentUrl":"https:\/\/m.media-amazon.com\/images\/I\/41uTB4NXNKL._SL500_.jpg","width":500,"height":500},{"@type":"BreadcrumbList","@id":"https:\/\/marktxxl.de\/markt\/produkt\/massagepistole-tiefes-gewebe-zur-linderung-von-muskelschmerzen-zur-erholung-der-muskulatur-nach-sportlichen-aktivitaeten-professionelles-massagegeraet-leise-und-tragbar\/#breadcrumb","itemListElement":[{"@type":"ListItem","position":1,"name":"Startseite","item":"https:\/\/marktxxl.de\/markt\/"},{"@type":"ListItem","position":2,"name":"Markt","item":"https:\/\/marktxxl.de\/markt\/"},{"@type":"ListItem","position":3,"name":"Massagepistole, Elektrische Muskel Massageger\u00e4t Massage Pistole Rechargeable Tragbares Handger\u00e4t Massage Gun Leises und\u2026"}]},{"@type":"WebSite","@id":"https:\/\/marktxxl.de\/markt\/#website","url":"https:\/\/marktxxl.de\/markt\/","name":"Markt-XXL","description":"Ihr Markt Online","publisher":{"@id":"https:\/\/marktxxl.de\/markt\/#organization"},"potentialAction":[{"@type":"SearchAction","target":{"@type":"EntryPoint","urlTemplate":"https:\/\/marktxxl.de\/markt\/?s={search_term_string}"},"query-input":{"@type":"PropertyValueSpecification","valueRequired":true,"valueName":"search_term_string"}}],"inLanguage":"de"},{"@type":"Organization","@id":"https:\/\/marktxxl.de\/markt\/#organization","name":"Markt-XXL","url":"https:\/\/marktxxl.de\/markt\/","logo":{"@type":"ImageObject","inLanguage":"de","@id":"https:\/\/marktxxl.de\/markt\/#\/schema\/logo\/image\/","url":"https:\/\/marktxxl.de\/markt\/wp-content\/uploads\/sites\/3\/2020\/12\/logo.png","contentUrl":"https:\/\/marktxxl.de\/markt\/wp-content\/uploads\/sites\/3\/2020\/12\/logo.png","width":200,"height":70,"caption":"Markt-XXL"},"image":{"@id":"https:\/\/marktxxl.de\/markt\/#\/schema\/logo\/image\/"}}]}},"_links":{"self":[{"href":"https:\/\/marktxxl.de\/markt\/wp-json\/wp\/v2\/product\/89338","targetHints":{"allow":["GET"]}}],"collection":[{"href":"https:\/\/marktxxl.de\/markt\/wp-json\/wp\/v2\/product"}],"about":[{"href":"https:\/\/marktxxl.de\/markt\/wp-json\/wp\/v2\/types\/product"}],"replies":[{"embeddable":true,"href":"https:\/\/marktxxl.de\/markt\/wp-json\/wp\/v2\/comments?post=89338"}],"wp:featuredmedia":[{"embeddable":true,"href":"https:\/\/marktxxl.de\/markt\/wp-json\/wp\/v2\/media\/89339"}],"wp:attachment":[{"href":"https:\/\/marktxxl.de\/markt\/wp-json\/wp\/v2\/media?parent=89338"}],"wp:term":[{"taxonomy":"product_brand","embeddable":true,"href":"https:\/\/marktxxl.de\/markt\/wp-json\/wp\/v2\/product_brand?post=89338"},{"taxonomy":"product_cat","embeddable":true,"href":"https:\/\/marktxxl.de\/markt\/wp-json\/wp\/v2\/product_cat?post=89338"},{"taxonomy":"product_tag","embeddable":true,"href":"https:\/\/marktxxl.de\/markt\/wp-json\/wp\/v2\/product_tag?post=89338"}],"curies":[{"name":"wp","href":"https:\/\/api.w.org\/{rel}","templated":true}]}}