{"id":89173,"date":"2021-12-28T18:33:50","date_gmt":"2021-12-28T17:33:50","guid":{"rendered":"https:\/\/marktxxl.de\/markt\/produkt\/david-50x-ovulationstest-teststreifen-zur-babyplanung-frauen-fruchtbarkeitstest-kinderwunsch-teststaebchen-ovulation-test-10-miu-ml-lh\/"},"modified":"2023-04-11T03:09:32","modified_gmt":"2023-04-11T01:09:32","slug":"david-50x-ovulationstest-teststreifen-zur-babyplanung-frauen-fruchtbarkeitstest-kinderwunsch-teststaebchen-ovulation-test-10-miu-ml-lh","status":"publish","type":"product","link":"https:\/\/marktxxl.de\/markt\/produkt\/david-50x-ovulationstest-teststreifen-zur-babyplanung-frauen-fruchtbarkeitstest-kinderwunsch-teststaebchen-ovulation-test-10-miu-ml-lh\/","title":{"rendered":"50 x David Ovulationstest Streifen 10 miu\/ml LH ovulation test"},"content":{"rendered":"<p>\u2705 SCHNELLTEST: Unsere Fertilit\u00e4ts-Tests ermitteln den LH-Wert &amp; somit den Zeitpunkt Ihres Eisprungs. Dank des Urintests erfahren Sie, in welcher Zyklus-Phase Sie sich befinden<br \/>\n\u2705 EINFACHE ANWENDUNG: Schluss mit vagen Aussagen. Mittels einer Kontroll- und farblichen Testlinie wird Ihnen entweder ein positives oder negatives Ergebnis angezeigt<br \/>\n\u2705 ZUVERL\u00c4SSIGE ERGEBNISSE: Bereits nach wenigen Minuten k\u00f6nnen Sie ein eindeutiges, verl\u00e4ssliches Ergebnis mit einer sehr hohen Genauigkeit von \u00fcber 99,8 % ablesen<br \/>\n\u2705 FORTSCHRITTLICH: Anders als bei Anderen, weist unser Test die h\u00f6chstm\u00f6gliche Empfindlichkeit (Sensitivit\u00e4t) von 10 miu\/ml auf. Dem Kinderwunsch steht nichts mehr im Wege<br \/>\n\u2705 HYGIENISCH &amp; SICHER: Unsere Ovulations-Tests mit hochspezifischer Erkennung sind einzeln versiegelt &amp; somit ab dem Produktionstag bis zu 3 Jahre haltbar. Streifenbreite 3 mm<br \/>\n<div class=\"main-cross-sell\" data-asin=\"B00AIWRXR8\">\n\n\t<div class=\"WooZone-cross-sell-loader\">\n\t\t<div>\n\t\t\t<div id=\"floatingBarsG\">\n\t\t\t\t<div class=\"blockG\" id=\"rotateG_01\"><\/div>\n\t\t\t\t<div class=\"blockG\" id=\"rotateG_02\"><\/div>\n\t\t\t\t<div class=\"blockG\" id=\"rotateG_03\"><\/div>\n\t\t\t\t<div class=\"blockG\" id=\"rotateG_04\"><\/div>\n\t\t\t\t<div class=\"blockG\" id=\"rotateG_05\"><\/div>\n\t\t\t\t<div class=\"blockG\" id=\"rotateG_06\"><\/div>\n\t\t\t\t<div class=\"blockG\" id=\"rotateG_07\"><\/div>\n\t\t\t\t<div class=\"blockG\" id=\"rotateG_08\"><\/div>\n\t\t\t<\/div>\n\t\t\t<div class=\"WooZone-cross-sell-loader-text\"><\/div>\n\t\t<\/div>\n\t<\/div>\n\n\t\t\n<\/div>\n<div style=\"clear:both;\"><\/div><\/p>\n","protected":false},"excerpt":{"rendered":"<p>\u2705 SCHNELLTEST: Unsere Fertilit\u00e4ts-Tests ermitteln den LH-Wert &amp; somit den Zeitpunkt Ihres Eisprungs. Dank des Urintests erfahren Sie, in welcher Zyklus-Phase Sie sich befinden<br \/>\n\u2705 EINFACHE ANWENDUNG: Schluss mit vagen Aussagen. Mittels einer Kontroll- und farblichen Testlinie wird Ihnen entweder ein positives oder negatives Ergebnis angezeigt<br \/>\n\u2705 ZUVERL\u00c4SSIGE ERGEBNISSE: Bereits nach wenigen Minuten k\u00f6nnen Sie ein eindeutiges, verl\u00e4ssliches Ergebnis mit einer sehr hohen Genauigkeit von \u00fcber 99,8 % ablesen<\/p>\n","protected":false},"featured_media":89174,"comment_status":"open","ping_status":"closed","template":"","meta":[],"product_brand":[],"product_cat":[566,6291],"product_tag":[],"class_list":{"0":"post-89173","1":"product","2":"type-product","3":"status-publish","4":"has-post-thumbnail","6":"product_cat-drogerie-koerperpflege","7":"product_cat-schwangerschaft","8":"pa_binding-badartikel","9":"pa_brand-runbio","10":"pa_height-3-93700787-zoll","11":"pa_length-7-87401574-zoll","12":"pa_manufacturer-runbio","13":"pa_model-50david","14":"pa_size-50-stueck-1er-pack","15":"pa_weight-0-00220462262-pfund","16":"pa_width-0-787401574-zoll","18":"first","19":"instock","20":"shipping-taxable","21":"purchasable","22":"product-type-simple","23":"customify-col","24":"product-has-gallery"},"yoast_head":"<!-- This site is optimized with the Yoast SEO plugin v27.3 - https:\/\/yoast.com\/product\/yoast-seo-wordpress\/ -->\n<title>50 x David Ovulationstest Streifen 10 miu\/ml LH ovulation test - Markt-XXL<\/title>\n<meta name=\"description\" content=\"Markt-XXL 50 x David Ovulationstest Streifen 10 miu\/ml LH ovulation test\" \/>\n<meta name=\"robots\" content=\"index, follow, max-snippet:-1, max-image-preview:large, max-video-preview:-1\" \/>\n<link rel=\"canonical\" href=\"https:\/\/marktxxl.de\/markt\/produkt\/david-50x-ovulationstest-teststreifen-zur-babyplanung-frauen-fruchtbarkeitstest-kinderwunsch-teststaebchen-ovulation-test-10-miu-ml-lh\/\" \/>\n<meta property=\"og:locale\" content=\"de_DE\" \/>\n<meta property=\"og:type\" content=\"article\" \/>\n<meta property=\"og:title\" content=\"50 x David Ovulationstest Streifen 10 miu\/ml LH ovulation test - Markt-XXL\" \/>\n<meta property=\"og:description\" content=\"Markt-XXL 50 x David Ovulationstest Streifen 10 miu\/ml LH ovulation test\" \/>\n<meta property=\"og:url\" content=\"https:\/\/marktxxl.de\/markt\/produkt\/david-50x-ovulationstest-teststreifen-zur-babyplanung-frauen-fruchtbarkeitstest-kinderwunsch-teststaebchen-ovulation-test-10-miu-ml-lh\/\" \/>\n<meta property=\"og:site_name\" content=\"Markt-XXL\" \/>\n<meta property=\"article:modified_time\" content=\"2023-04-11T01:09:32+00:00\" \/>\n<meta property=\"og:image\" content=\"https:\/\/m.media-amazon.com\/images\/I\/41C9srqT6LL._SL500_.jpg\" \/>\n\t<meta property=\"og:image:width\" content=\"499\" \/>\n\t<meta property=\"og:image:height\" content=\"500\" \/>\n\t<meta property=\"og:image:type\" content=\"image\/jpeg\" \/>\n<meta name=\"twitter:card\" content=\"summary_large_image\" \/>\n<meta name=\"twitter:label1\" content=\"Gesch\u00e4tzte Lesezeit\" \/>\n\t<meta name=\"twitter:data1\" content=\"1\u00a0Minute\" \/>\n<script type=\"application\/ld+json\" class=\"yoast-schema-graph\">{\"@context\":\"https:\\\/\\\/schema.org\",\"@graph\":[{\"@type\":\"WebPage\",\"@id\":\"https:\\\/\\\/marktxxl.de\\\/markt\\\/produkt\\\/david-50x-ovulationstest-teststreifen-zur-babyplanung-frauen-fruchtbarkeitstest-kinderwunsch-teststaebchen-ovulation-test-10-miu-ml-lh\\\/\",\"url\":\"https:\\\/\\\/marktxxl.de\\\/markt\\\/produkt\\\/david-50x-ovulationstest-teststreifen-zur-babyplanung-frauen-fruchtbarkeitstest-kinderwunsch-teststaebchen-ovulation-test-10-miu-ml-lh\\\/\",\"name\":\"50 x David Ovulationstest Streifen 10 miu\\\/ml LH ovulation test - Markt-XXL\",\"isPartOf\":{\"@id\":\"https:\\\/\\\/marktxxl.de\\\/markt\\\/#website\"},\"primaryImageOfPage\":{\"@id\":\"https:\\\/\\\/marktxxl.de\\\/markt\\\/produkt\\\/david-50x-ovulationstest-teststreifen-zur-babyplanung-frauen-fruchtbarkeitstest-kinderwunsch-teststaebchen-ovulation-test-10-miu-ml-lh\\\/#primaryimage\"},\"image\":{\"@id\":\"https:\\\/\\\/marktxxl.de\\\/markt\\\/produkt\\\/david-50x-ovulationstest-teststreifen-zur-babyplanung-frauen-fruchtbarkeitstest-kinderwunsch-teststaebchen-ovulation-test-10-miu-ml-lh\\\/#primaryimage\"},\"thumbnailUrl\":\"https:\\\/\\\/m.media-amazon.com\\\/images\\\/I\\\/41C9srqT6LL._SL500_.jpg\",\"datePublished\":\"2021-12-28T17:33:50+00:00\",\"dateModified\":\"2023-04-11T01:09:32+00:00\",\"description\":\"Markt-XXL 50 x David Ovulationstest Streifen 10 miu\\\/ml LH ovulation test\",\"breadcrumb\":{\"@id\":\"https:\\\/\\\/marktxxl.de\\\/markt\\\/produkt\\\/david-50x-ovulationstest-teststreifen-zur-babyplanung-frauen-fruchtbarkeitstest-kinderwunsch-teststaebchen-ovulation-test-10-miu-ml-lh\\\/#breadcrumb\"},\"inLanguage\":\"de\",\"potentialAction\":[{\"@type\":\"ReadAction\",\"target\":[\"https:\\\/\\\/marktxxl.de\\\/markt\\\/produkt\\\/david-50x-ovulationstest-teststreifen-zur-babyplanung-frauen-fruchtbarkeitstest-kinderwunsch-teststaebchen-ovulation-test-10-miu-ml-lh\\\/\"]}]},{\"@type\":\"ImageObject\",\"inLanguage\":\"de\",\"@id\":\"https:\\\/\\\/marktxxl.de\\\/markt\\\/produkt\\\/david-50x-ovulationstest-teststreifen-zur-babyplanung-frauen-fruchtbarkeitstest-kinderwunsch-teststaebchen-ovulation-test-10-miu-ml-lh\\\/#primaryimage\",\"url\":\"https:\\\/\\\/m.media-amazon.com\\\/images\\\/I\\\/41C9srqT6LL._SL500_.jpg\",\"contentUrl\":\"https:\\\/\\\/m.media-amazon.com\\\/images\\\/I\\\/41C9srqT6LL._SL500_.jpg\",\"width\":499,\"height\":500},{\"@type\":\"BreadcrumbList\",\"@id\":\"https:\\\/\\\/marktxxl.de\\\/markt\\\/produkt\\\/david-50x-ovulationstest-teststreifen-zur-babyplanung-frauen-fruchtbarkeitstest-kinderwunsch-teststaebchen-ovulation-test-10-miu-ml-lh\\\/#breadcrumb\",\"itemListElement\":[{\"@type\":\"ListItem\",\"position\":1,\"name\":\"Startseite\",\"item\":\"https:\\\/\\\/marktxxl.de\\\/markt\\\/\"},{\"@type\":\"ListItem\",\"position\":2,\"name\":\"Markt\",\"item\":\"https:\\\/\\\/marktxxl.de\\\/markt\\\/\"},{\"@type\":\"ListItem\",\"position\":3,\"name\":\"50 x David Ovulationstest Streifen 10 miu\\\/ml LH ovulation test\"}]},{\"@type\":\"WebSite\",\"@id\":\"https:\\\/\\\/marktxxl.de\\\/markt\\\/#website\",\"url\":\"https:\\\/\\\/marktxxl.de\\\/markt\\\/\",\"name\":\"Markt-XXL\",\"description\":\"Ihr Markt Online\",\"publisher\":{\"@id\":\"https:\\\/\\\/marktxxl.de\\\/markt\\\/#organization\"},\"potentialAction\":[{\"@type\":\"SearchAction\",\"target\":{\"@type\":\"EntryPoint\",\"urlTemplate\":\"https:\\\/\\\/marktxxl.de\\\/markt\\\/?s={search_term_string}\"},\"query-input\":{\"@type\":\"PropertyValueSpecification\",\"valueRequired\":true,\"valueName\":\"search_term_string\"}}],\"inLanguage\":\"de\"},{\"@type\":\"Organization\",\"@id\":\"https:\\\/\\\/marktxxl.de\\\/markt\\\/#organization\",\"name\":\"Markt-XXL\",\"url\":\"https:\\\/\\\/marktxxl.de\\\/markt\\\/\",\"logo\":{\"@type\":\"ImageObject\",\"inLanguage\":\"de\",\"@id\":\"https:\\\/\\\/marktxxl.de\\\/markt\\\/#\\\/schema\\\/logo\\\/image\\\/\",\"url\":\"https:\\\/\\\/marktxxl.de\\\/markt\\\/wp-content\\\/uploads\\\/sites\\\/3\\\/2020\\\/12\\\/logo.png\",\"contentUrl\":\"https:\\\/\\\/marktxxl.de\\\/markt\\\/wp-content\\\/uploads\\\/sites\\\/3\\\/2020\\\/12\\\/logo.png\",\"width\":200,\"height\":70,\"caption\":\"Markt-XXL\"},\"image\":{\"@id\":\"https:\\\/\\\/marktxxl.de\\\/markt\\\/#\\\/schema\\\/logo\\\/image\\\/\"}}]}<\/script>\n<!-- \/ Yoast SEO plugin. -->","yoast_head_json":{"title":"50 x David Ovulationstest Streifen 10 miu\/ml LH ovulation test - Markt-XXL","description":"Markt-XXL 50 x David Ovulationstest Streifen 10 miu\/ml LH ovulation test","robots":{"index":"index","follow":"follow","max-snippet":"max-snippet:-1","max-image-preview":"max-image-preview:large","max-video-preview":"max-video-preview:-1"},"canonical":"https:\/\/marktxxl.de\/markt\/produkt\/david-50x-ovulationstest-teststreifen-zur-babyplanung-frauen-fruchtbarkeitstest-kinderwunsch-teststaebchen-ovulation-test-10-miu-ml-lh\/","og_locale":"de_DE","og_type":"article","og_title":"50 x David Ovulationstest Streifen 10 miu\/ml LH ovulation test - Markt-XXL","og_description":"Markt-XXL 50 x David Ovulationstest Streifen 10 miu\/ml LH ovulation test","og_url":"https:\/\/marktxxl.de\/markt\/produkt\/david-50x-ovulationstest-teststreifen-zur-babyplanung-frauen-fruchtbarkeitstest-kinderwunsch-teststaebchen-ovulation-test-10-miu-ml-lh\/","og_site_name":"Markt-XXL","article_modified_time":"2023-04-11T01:09:32+00:00","og_image":[{"width":499,"height":500,"url":"https:\/\/m.media-amazon.com\/images\/I\/41C9srqT6LL._SL500_.jpg","type":"image\/jpeg"}],"twitter_card":"summary_large_image","twitter_misc":{"Gesch\u00e4tzte Lesezeit":"1\u00a0Minute"},"schema":{"@context":"https:\/\/schema.org","@graph":[{"@type":"WebPage","@id":"https:\/\/marktxxl.de\/markt\/produkt\/david-50x-ovulationstest-teststreifen-zur-babyplanung-frauen-fruchtbarkeitstest-kinderwunsch-teststaebchen-ovulation-test-10-miu-ml-lh\/","url":"https:\/\/marktxxl.de\/markt\/produkt\/david-50x-ovulationstest-teststreifen-zur-babyplanung-frauen-fruchtbarkeitstest-kinderwunsch-teststaebchen-ovulation-test-10-miu-ml-lh\/","name":"50 x David Ovulationstest Streifen 10 miu\/ml LH ovulation test - Markt-XXL","isPartOf":{"@id":"https:\/\/marktxxl.de\/markt\/#website"},"primaryImageOfPage":{"@id":"https:\/\/marktxxl.de\/markt\/produkt\/david-50x-ovulationstest-teststreifen-zur-babyplanung-frauen-fruchtbarkeitstest-kinderwunsch-teststaebchen-ovulation-test-10-miu-ml-lh\/#primaryimage"},"image":{"@id":"https:\/\/marktxxl.de\/markt\/produkt\/david-50x-ovulationstest-teststreifen-zur-babyplanung-frauen-fruchtbarkeitstest-kinderwunsch-teststaebchen-ovulation-test-10-miu-ml-lh\/#primaryimage"},"thumbnailUrl":"https:\/\/m.media-amazon.com\/images\/I\/41C9srqT6LL._SL500_.jpg","datePublished":"2021-12-28T17:33:50+00:00","dateModified":"2023-04-11T01:09:32+00:00","description":"Markt-XXL 50 x David Ovulationstest Streifen 10 miu\/ml LH ovulation test","breadcrumb":{"@id":"https:\/\/marktxxl.de\/markt\/produkt\/david-50x-ovulationstest-teststreifen-zur-babyplanung-frauen-fruchtbarkeitstest-kinderwunsch-teststaebchen-ovulation-test-10-miu-ml-lh\/#breadcrumb"},"inLanguage":"de","potentialAction":[{"@type":"ReadAction","target":["https:\/\/marktxxl.de\/markt\/produkt\/david-50x-ovulationstest-teststreifen-zur-babyplanung-frauen-fruchtbarkeitstest-kinderwunsch-teststaebchen-ovulation-test-10-miu-ml-lh\/"]}]},{"@type":"ImageObject","inLanguage":"de","@id":"https:\/\/marktxxl.de\/markt\/produkt\/david-50x-ovulationstest-teststreifen-zur-babyplanung-frauen-fruchtbarkeitstest-kinderwunsch-teststaebchen-ovulation-test-10-miu-ml-lh\/#primaryimage","url":"https:\/\/m.media-amazon.com\/images\/I\/41C9srqT6LL._SL500_.jpg","contentUrl":"https:\/\/m.media-amazon.com\/images\/I\/41C9srqT6LL._SL500_.jpg","width":499,"height":500},{"@type":"BreadcrumbList","@id":"https:\/\/marktxxl.de\/markt\/produkt\/david-50x-ovulationstest-teststreifen-zur-babyplanung-frauen-fruchtbarkeitstest-kinderwunsch-teststaebchen-ovulation-test-10-miu-ml-lh\/#breadcrumb","itemListElement":[{"@type":"ListItem","position":1,"name":"Startseite","item":"https:\/\/marktxxl.de\/markt\/"},{"@type":"ListItem","position":2,"name":"Markt","item":"https:\/\/marktxxl.de\/markt\/"},{"@type":"ListItem","position":3,"name":"50 x David Ovulationstest Streifen 10 miu\/ml LH ovulation test"}]},{"@type":"WebSite","@id":"https:\/\/marktxxl.de\/markt\/#website","url":"https:\/\/marktxxl.de\/markt\/","name":"Markt-XXL","description":"Ihr Markt Online","publisher":{"@id":"https:\/\/marktxxl.de\/markt\/#organization"},"potentialAction":[{"@type":"SearchAction","target":{"@type":"EntryPoint","urlTemplate":"https:\/\/marktxxl.de\/markt\/?s={search_term_string}"},"query-input":{"@type":"PropertyValueSpecification","valueRequired":true,"valueName":"search_term_string"}}],"inLanguage":"de"},{"@type":"Organization","@id":"https:\/\/marktxxl.de\/markt\/#organization","name":"Markt-XXL","url":"https:\/\/marktxxl.de\/markt\/","logo":{"@type":"ImageObject","inLanguage":"de","@id":"https:\/\/marktxxl.de\/markt\/#\/schema\/logo\/image\/","url":"https:\/\/marktxxl.de\/markt\/wp-content\/uploads\/sites\/3\/2020\/12\/logo.png","contentUrl":"https:\/\/marktxxl.de\/markt\/wp-content\/uploads\/sites\/3\/2020\/12\/logo.png","width":200,"height":70,"caption":"Markt-XXL"},"image":{"@id":"https:\/\/marktxxl.de\/markt\/#\/schema\/logo\/image\/"}}]}},"_links":{"self":[{"href":"https:\/\/marktxxl.de\/markt\/wp-json\/wp\/v2\/product\/89173","targetHints":{"allow":["GET"]}}],"collection":[{"href":"https:\/\/marktxxl.de\/markt\/wp-json\/wp\/v2\/product"}],"about":[{"href":"https:\/\/marktxxl.de\/markt\/wp-json\/wp\/v2\/types\/product"}],"replies":[{"embeddable":true,"href":"https:\/\/marktxxl.de\/markt\/wp-json\/wp\/v2\/comments?post=89173"}],"wp:featuredmedia":[{"embeddable":true,"href":"https:\/\/marktxxl.de\/markt\/wp-json\/wp\/v2\/media\/89174"}],"wp:attachment":[{"href":"https:\/\/marktxxl.de\/markt\/wp-json\/wp\/v2\/media?parent=89173"}],"wp:term":[{"taxonomy":"product_brand","embeddable":true,"href":"https:\/\/marktxxl.de\/markt\/wp-json\/wp\/v2\/product_brand?post=89173"},{"taxonomy":"product_cat","embeddable":true,"href":"https:\/\/marktxxl.de\/markt\/wp-json\/wp\/v2\/product_cat?post=89173"},{"taxonomy":"product_tag","embeddable":true,"href":"https:\/\/marktxxl.de\/markt\/wp-json\/wp\/v2\/product_tag?post=89173"}],"curies":[{"name":"wp","href":"https:\/\/api.w.org\/{rel}","templated":true}]}}