{"id":89144,"date":"2021-12-28T18:33:33","date_gmt":"2021-12-28T17:33:33","guid":{"rendered":"https:\/\/marktxxl.de\/markt\/produkt\/premom-semi-quantitative-ovulationstest-streifen-ovulationsvorhersage-kit-mit-intelligentem-digitalen-ovulationsleser-app-numerische-ovulationstests-20-lh-tests\/"},"modified":"2023-04-11T03:09:32","modified_gmt":"2023-04-11T01:09:32","slug":"premom-semi-quantitative-ovulationstest-streifen-ovulationsvorhersage-kit-mit-intelligentem-digitalen-ovulationsleser-app-numerische-ovulationstests-20-lh-tests","status":"publish","type":"product","link":"https:\/\/marktxxl.de\/markt\/produkt\/premom-semi-quantitative-ovulationstest-streifen-ovulationsvorhersage-kit-mit-intelligentem-digitalen-ovulationsleser-app-numerische-ovulationstests-20-lh-tests\/","title":{"rendered":"Premom 20 Ovulationstest 10-80 mIU\/mL: Fruchtbarkeitstest f\u00fcr Frauen Kinderwunsch Empfindlich Eisprung Teststreifen\u2026"},"content":{"rendered":"<p>\u2714 Erstmalig und innovativ: Es ist das erste Ovulationsvorhersage-Kit (OPK) auf dem Markt, das Ihr LH-Hormon quantifizieren und den Eisprung-Zyklus digitalisieren kann, um Ihr LH-Muster zu zeigen und die fruchtbaren Fenster genauer und mit mehr Details als je zuvor zu bestimmen. Egal, ob Sie TTC ( versuchen zu begreifen) oder HTC ( schwer zu begreifen) sind, Premom semi-quantitativen Ovulationstests k\u00f6nnen Ihnen helfen, schwanger zu werden nat\u00fcrlich und einfach zu Hause!<br \/>\n\u2714 Semi-quantitativ und digital: Mit der intelligenten Premom APP oder dem Farbdiagramm quantifiziert dieser OPK Ihren LH-Spiegel von 0 bis 80 mIU\/mL und zeigt Ihre exakten LH-Ergebnisse in einem kompletten Diagramm Ihres Ovulationszyklus an, besonders vorteilhaft f\u00fcr Frauen mit PCOS, unregelm\u00e4\u00dfigen Zyklen, mehrfachen LH-Anstiegen oder schwer zu erkennenden LH-Anstiegen.<br \/>\n\u2714 Klare Ergebnisse: Feste und klare Testlinien auf einem sauberen wei\u00dfen Hintergrund. Kein Vergleich zwischen Testlinie und Kontrolllinie erforderlich. Kein zweideutiges Ergebnis.<br \/>\n\u2714 Einfach zu verfolgen: Tauchen Sie den Test f\u00fcr 5-10 Sekunden in die Urinprobe und lesen Sie das Ergebnis in 5-10 Minuten ab. Fotografieren Sie das Testergebnis mit der Premom APP. Ein intelligenter Algorithmus zeigt Ihnen den numerischen LH-Wert, LH-Anstieg, LH-Spitze und digitalisiert Ihren kompletten Eisprung-Zyklus f\u00fcr Ihre Nachverfolgung.<br \/>\n\u2714 HINWEIS: Das Aussehen des Testbeutels und der Verpackung kann pro Bestellung variieren. Auf dem Karton &amp; der Anleitung sollte das Markenlogo zu sehen sein. Die Produktqualit\u00e4t und Wirksamkeit bleibt gleich. Das Verfallsdatum ist im Format &#8221; JJ-MM-TT&#8221; (J-Jahr, M-Monat, T-Tag) aufgedruckt.<br \/>\n<div class=\"main-cross-sell\" data-asin=\"B07P7LSW57\">\n\n\t<div class=\"WooZone-cross-sell-loader\">\n\t\t<div>\n\t\t\t<div id=\"floatingBarsG\">\n\t\t\t\t<div class=\"blockG\" id=\"rotateG_01\"><\/div>\n\t\t\t\t<div class=\"blockG\" id=\"rotateG_02\"><\/div>\n\t\t\t\t<div class=\"blockG\" id=\"rotateG_03\"><\/div>\n\t\t\t\t<div class=\"blockG\" id=\"rotateG_04\"><\/div>\n\t\t\t\t<div class=\"blockG\" id=\"rotateG_05\"><\/div>\n\t\t\t\t<div class=\"blockG\" id=\"rotateG_06\"><\/div>\n\t\t\t\t<div class=\"blockG\" id=\"rotateG_07\"><\/div>\n\t\t\t\t<div class=\"blockG\" id=\"rotateG_08\"><\/div>\n\t\t\t<\/div>\n\t\t\t<div class=\"WooZone-cross-sell-loader-text\"><\/div>\n\t\t<\/div>\n\t<\/div>\n\n\t\t\n<\/div>\n<div style=\"clear:both;\"><\/div><\/p>\n","protected":false},"excerpt":{"rendered":"<p>\u2714 Erstmalig und innovativ: Es ist das erste Ovulationsvorhersage-Kit (OPK) auf dem Markt, das Ihr LH-Hormon quantifizieren und den Eisprung-Zyklus digitalisieren kann, um Ihr LH-Muster zu zeigen und die fruchtbaren Fenster genauer und mit mehr Details als je zuvor zu bestimmen. Egal, ob Sie TTC ( versuchen zu begreifen) oder HTC ( schwer zu begreifen) sind, Premom semi-quantitativen Ovulationstests k\u00f6nnen Ihnen helfen, schwanger zu werden nat\u00fcrlich und einfach zu Hause!<br \/>\n\u2714 Semi-quantitativ und digital: Mit der intelligenten Premom APP oder dem Farbdiagramm quantifiziert dieser OPK Ihren LH-Spiegel von 0 bis 80 mIU\/mL und zeigt Ihre exakten LH-Ergebnisse in einem kompletten Diagramm Ihres Ovulationszyklus an, besonders vorteilhaft f\u00fcr Frauen mit PCOS, unregelm\u00e4\u00dfigen Zyklen, mehrfachen LH-Anstiegen oder schwer zu erkennenden LH-Anstiegen.<br \/>\n\u2714 Klare Ergebnisse: Feste und klare Testlinien auf einem sauberen wei\u00dfen Hintergrund. Kein Vergleich zwischen Testlinie und Kontrolllinie erforderlich. Kein zweideutiges Ergebnis.<\/p>\n","protected":false},"featured_media":89145,"comment_status":"open","ping_status":"closed","template":"","meta":[],"product_brand":[],"product_cat":[566,6291],"product_tag":[],"class_list":{"0":"post-89144","1":"product","2":"type-product","3":"status-publish","4":"has-post-thumbnail","6":"product_cat-drogerie-koerperpflege","7":"product_cat-schwangerschaft","8":"pa_binding-badartikel","9":"pa_brand-premom","10":"pa_manufacturer-easyhome","11":"pa_size-20-stueck-1er-pack","13":"first","14":"instock","15":"shipping-taxable","16":"purchasable","17":"product-type-simple","18":"customify-col","19":"product-has-gallery"},"yoast_head":"<!-- This site is optimized with the Yoast SEO plugin v27.4 - https:\/\/yoast.com\/product\/yoast-seo-wordpress\/ -->\n<title>Premom 20 Ovulationstest 10-80 mIU\/mL: Fruchtbarkeitstest f\u00fcr Frauen Kinderwunsch Empfindlich Eisprung Teststreifen\u2026 - Markt-XXL<\/title>\n<meta name=\"description\" content=\"Markt-XXL Premom 20 Ovulationstest 10-80 mIU\/mL: Fruchtbarkeitstest f\u00fcr Frauen Kinderwunsch Empfindlich Eisprung Teststreifen\u2026\" \/>\n<meta name=\"robots\" content=\"index, follow, max-snippet:-1, max-image-preview:large, max-video-preview:-1\" \/>\n<link rel=\"canonical\" href=\"https:\/\/marktxxl.de\/markt\/produkt\/premom-semi-quantitative-ovulationstest-streifen-ovulationsvorhersage-kit-mit-intelligentem-digitalen-ovulationsleser-app-numerische-ovulationstests-20-lh-tests\/\" \/>\n<meta property=\"og:locale\" content=\"de_DE\" \/>\n<meta property=\"og:type\" content=\"article\" \/>\n<meta property=\"og:title\" content=\"Premom 20 Ovulationstest 10-80 mIU\/mL: Fruchtbarkeitstest f\u00fcr Frauen Kinderwunsch Empfindlich Eisprung Teststreifen\u2026 - Markt-XXL\" \/>\n<meta property=\"og:description\" content=\"Markt-XXL Premom 20 Ovulationstest 10-80 mIU\/mL: Fruchtbarkeitstest f\u00fcr Frauen Kinderwunsch Empfindlich Eisprung Teststreifen\u2026\" \/>\n<meta property=\"og:url\" content=\"https:\/\/marktxxl.de\/markt\/produkt\/premom-semi-quantitative-ovulationstest-streifen-ovulationsvorhersage-kit-mit-intelligentem-digitalen-ovulationsleser-app-numerische-ovulationstests-20-lh-tests\/\" \/>\n<meta property=\"og:site_name\" content=\"Markt-XXL\" \/>\n<meta property=\"article:modified_time\" content=\"2023-04-11T01:09:32+00:00\" \/>\n<meta property=\"og:image\" content=\"https:\/\/m.media-amazon.com\/images\/I\/51v-zIzCPaL._SL500_.jpg\" \/>\n\t<meta property=\"og:image:width\" content=\"500\" \/>\n\t<meta property=\"og:image:height\" content=\"500\" \/>\n\t<meta property=\"og:image:type\" content=\"image\/jpeg\" \/>\n<meta name=\"twitter:card\" content=\"summary_large_image\" \/>\n<meta name=\"twitter:label1\" content=\"Gesch\u00e4tzte Lesezeit\" \/>\n\t<meta name=\"twitter:data1\" content=\"1\u00a0Minute\" \/>\n<script type=\"application\/ld+json\" class=\"yoast-schema-graph\">{\"@context\":\"https:\\\/\\\/schema.org\",\"@graph\":[{\"@type\":\"WebPage\",\"@id\":\"https:\\\/\\\/marktxxl.de\\\/markt\\\/produkt\\\/premom-semi-quantitative-ovulationstest-streifen-ovulationsvorhersage-kit-mit-intelligentem-digitalen-ovulationsleser-app-numerische-ovulationstests-20-lh-tests\\\/\",\"url\":\"https:\\\/\\\/marktxxl.de\\\/markt\\\/produkt\\\/premom-semi-quantitative-ovulationstest-streifen-ovulationsvorhersage-kit-mit-intelligentem-digitalen-ovulationsleser-app-numerische-ovulationstests-20-lh-tests\\\/\",\"name\":\"Premom 20 Ovulationstest 10-80 mIU\\\/mL: Fruchtbarkeitstest f\u00fcr Frauen Kinderwunsch Empfindlich Eisprung Teststreifen\u2026 - Markt-XXL\",\"isPartOf\":{\"@id\":\"https:\\\/\\\/marktxxl.de\\\/markt\\\/#website\"},\"primaryImageOfPage\":{\"@id\":\"https:\\\/\\\/marktxxl.de\\\/markt\\\/produkt\\\/premom-semi-quantitative-ovulationstest-streifen-ovulationsvorhersage-kit-mit-intelligentem-digitalen-ovulationsleser-app-numerische-ovulationstests-20-lh-tests\\\/#primaryimage\"},\"image\":{\"@id\":\"https:\\\/\\\/marktxxl.de\\\/markt\\\/produkt\\\/premom-semi-quantitative-ovulationstest-streifen-ovulationsvorhersage-kit-mit-intelligentem-digitalen-ovulationsleser-app-numerische-ovulationstests-20-lh-tests\\\/#primaryimage\"},\"thumbnailUrl\":\"https:\\\/\\\/m.media-amazon.com\\\/images\\\/I\\\/51v-zIzCPaL._SL500_.jpg\",\"datePublished\":\"2021-12-28T17:33:33+00:00\",\"dateModified\":\"2023-04-11T01:09:32+00:00\",\"description\":\"Markt-XXL Premom 20 Ovulationstest 10-80 mIU\\\/mL: Fruchtbarkeitstest f\u00fcr Frauen Kinderwunsch Empfindlich Eisprung Teststreifen\u2026\",\"breadcrumb\":{\"@id\":\"https:\\\/\\\/marktxxl.de\\\/markt\\\/produkt\\\/premom-semi-quantitative-ovulationstest-streifen-ovulationsvorhersage-kit-mit-intelligentem-digitalen-ovulationsleser-app-numerische-ovulationstests-20-lh-tests\\\/#breadcrumb\"},\"inLanguage\":\"de\",\"potentialAction\":[{\"@type\":\"ReadAction\",\"target\":[\"https:\\\/\\\/marktxxl.de\\\/markt\\\/produkt\\\/premom-semi-quantitative-ovulationstest-streifen-ovulationsvorhersage-kit-mit-intelligentem-digitalen-ovulationsleser-app-numerische-ovulationstests-20-lh-tests\\\/\"]}]},{\"@type\":\"ImageObject\",\"inLanguage\":\"de\",\"@id\":\"https:\\\/\\\/marktxxl.de\\\/markt\\\/produkt\\\/premom-semi-quantitative-ovulationstest-streifen-ovulationsvorhersage-kit-mit-intelligentem-digitalen-ovulationsleser-app-numerische-ovulationstests-20-lh-tests\\\/#primaryimage\",\"url\":\"https:\\\/\\\/m.media-amazon.com\\\/images\\\/I\\\/51v-zIzCPaL._SL500_.jpg\",\"contentUrl\":\"https:\\\/\\\/m.media-amazon.com\\\/images\\\/I\\\/51v-zIzCPaL._SL500_.jpg\",\"width\":500,\"height\":500},{\"@type\":\"BreadcrumbList\",\"@id\":\"https:\\\/\\\/marktxxl.de\\\/markt\\\/produkt\\\/premom-semi-quantitative-ovulationstest-streifen-ovulationsvorhersage-kit-mit-intelligentem-digitalen-ovulationsleser-app-numerische-ovulationstests-20-lh-tests\\\/#breadcrumb\",\"itemListElement\":[{\"@type\":\"ListItem\",\"position\":1,\"name\":\"Startseite\",\"item\":\"https:\\\/\\\/marktxxl.de\\\/markt\\\/\"},{\"@type\":\"ListItem\",\"position\":2,\"name\":\"Markt\",\"item\":\"https:\\\/\\\/marktxxl.de\\\/markt\\\/\"},{\"@type\":\"ListItem\",\"position\":3,\"name\":\"Premom 20 Ovulationstest 10-80 mIU\\\/mL: Fruchtbarkeitstest f\u00fcr Frauen Kinderwunsch Empfindlich Eisprung Teststreifen\u2026\"}]},{\"@type\":\"WebSite\",\"@id\":\"https:\\\/\\\/marktxxl.de\\\/markt\\\/#website\",\"url\":\"https:\\\/\\\/marktxxl.de\\\/markt\\\/\",\"name\":\"Markt-XXL\",\"description\":\"Ihr Markt Online\",\"publisher\":{\"@id\":\"https:\\\/\\\/marktxxl.de\\\/markt\\\/#organization\"},\"potentialAction\":[{\"@type\":\"SearchAction\",\"target\":{\"@type\":\"EntryPoint\",\"urlTemplate\":\"https:\\\/\\\/marktxxl.de\\\/markt\\\/?s={search_term_string}\"},\"query-input\":{\"@type\":\"PropertyValueSpecification\",\"valueRequired\":true,\"valueName\":\"search_term_string\"}}],\"inLanguage\":\"de\"},{\"@type\":\"Organization\",\"@id\":\"https:\\\/\\\/marktxxl.de\\\/markt\\\/#organization\",\"name\":\"Markt-XXL\",\"url\":\"https:\\\/\\\/marktxxl.de\\\/markt\\\/\",\"logo\":{\"@type\":\"ImageObject\",\"inLanguage\":\"de\",\"@id\":\"https:\\\/\\\/marktxxl.de\\\/markt\\\/#\\\/schema\\\/logo\\\/image\\\/\",\"url\":\"https:\\\/\\\/marktxxl.de\\\/markt\\\/wp-content\\\/uploads\\\/sites\\\/3\\\/2020\\\/12\\\/logo.png\",\"contentUrl\":\"https:\\\/\\\/marktxxl.de\\\/markt\\\/wp-content\\\/uploads\\\/sites\\\/3\\\/2020\\\/12\\\/logo.png\",\"width\":200,\"height\":70,\"caption\":\"Markt-XXL\"},\"image\":{\"@id\":\"https:\\\/\\\/marktxxl.de\\\/markt\\\/#\\\/schema\\\/logo\\\/image\\\/\"}}]}<\/script>\n<!-- \/ Yoast SEO plugin. -->","yoast_head_json":{"title":"Premom 20 Ovulationstest 10-80 mIU\/mL: Fruchtbarkeitstest f\u00fcr Frauen Kinderwunsch Empfindlich Eisprung Teststreifen\u2026 - Markt-XXL","description":"Markt-XXL Premom 20 Ovulationstest 10-80 mIU\/mL: Fruchtbarkeitstest f\u00fcr Frauen Kinderwunsch Empfindlich Eisprung Teststreifen\u2026","robots":{"index":"index","follow":"follow","max-snippet":"max-snippet:-1","max-image-preview":"max-image-preview:large","max-video-preview":"max-video-preview:-1"},"canonical":"https:\/\/marktxxl.de\/markt\/produkt\/premom-semi-quantitative-ovulationstest-streifen-ovulationsvorhersage-kit-mit-intelligentem-digitalen-ovulationsleser-app-numerische-ovulationstests-20-lh-tests\/","og_locale":"de_DE","og_type":"article","og_title":"Premom 20 Ovulationstest 10-80 mIU\/mL: Fruchtbarkeitstest f\u00fcr Frauen Kinderwunsch Empfindlich Eisprung Teststreifen\u2026 - Markt-XXL","og_description":"Markt-XXL Premom 20 Ovulationstest 10-80 mIU\/mL: Fruchtbarkeitstest f\u00fcr Frauen Kinderwunsch Empfindlich Eisprung Teststreifen\u2026","og_url":"https:\/\/marktxxl.de\/markt\/produkt\/premom-semi-quantitative-ovulationstest-streifen-ovulationsvorhersage-kit-mit-intelligentem-digitalen-ovulationsleser-app-numerische-ovulationstests-20-lh-tests\/","og_site_name":"Markt-XXL","article_modified_time":"2023-04-11T01:09:32+00:00","og_image":[{"width":500,"height":500,"url":"https:\/\/m.media-amazon.com\/images\/I\/51v-zIzCPaL._SL500_.jpg","type":"image\/jpeg"}],"twitter_card":"summary_large_image","twitter_misc":{"Gesch\u00e4tzte Lesezeit":"1\u00a0Minute"},"schema":{"@context":"https:\/\/schema.org","@graph":[{"@type":"WebPage","@id":"https:\/\/marktxxl.de\/markt\/produkt\/premom-semi-quantitative-ovulationstest-streifen-ovulationsvorhersage-kit-mit-intelligentem-digitalen-ovulationsleser-app-numerische-ovulationstests-20-lh-tests\/","url":"https:\/\/marktxxl.de\/markt\/produkt\/premom-semi-quantitative-ovulationstest-streifen-ovulationsvorhersage-kit-mit-intelligentem-digitalen-ovulationsleser-app-numerische-ovulationstests-20-lh-tests\/","name":"Premom 20 Ovulationstest 10-80 mIU\/mL: Fruchtbarkeitstest f\u00fcr Frauen Kinderwunsch Empfindlich Eisprung Teststreifen\u2026 - Markt-XXL","isPartOf":{"@id":"https:\/\/marktxxl.de\/markt\/#website"},"primaryImageOfPage":{"@id":"https:\/\/marktxxl.de\/markt\/produkt\/premom-semi-quantitative-ovulationstest-streifen-ovulationsvorhersage-kit-mit-intelligentem-digitalen-ovulationsleser-app-numerische-ovulationstests-20-lh-tests\/#primaryimage"},"image":{"@id":"https:\/\/marktxxl.de\/markt\/produkt\/premom-semi-quantitative-ovulationstest-streifen-ovulationsvorhersage-kit-mit-intelligentem-digitalen-ovulationsleser-app-numerische-ovulationstests-20-lh-tests\/#primaryimage"},"thumbnailUrl":"https:\/\/m.media-amazon.com\/images\/I\/51v-zIzCPaL._SL500_.jpg","datePublished":"2021-12-28T17:33:33+00:00","dateModified":"2023-04-11T01:09:32+00:00","description":"Markt-XXL Premom 20 Ovulationstest 10-80 mIU\/mL: Fruchtbarkeitstest f\u00fcr Frauen Kinderwunsch Empfindlich Eisprung Teststreifen\u2026","breadcrumb":{"@id":"https:\/\/marktxxl.de\/markt\/produkt\/premom-semi-quantitative-ovulationstest-streifen-ovulationsvorhersage-kit-mit-intelligentem-digitalen-ovulationsleser-app-numerische-ovulationstests-20-lh-tests\/#breadcrumb"},"inLanguage":"de","potentialAction":[{"@type":"ReadAction","target":["https:\/\/marktxxl.de\/markt\/produkt\/premom-semi-quantitative-ovulationstest-streifen-ovulationsvorhersage-kit-mit-intelligentem-digitalen-ovulationsleser-app-numerische-ovulationstests-20-lh-tests\/"]}]},{"@type":"ImageObject","inLanguage":"de","@id":"https:\/\/marktxxl.de\/markt\/produkt\/premom-semi-quantitative-ovulationstest-streifen-ovulationsvorhersage-kit-mit-intelligentem-digitalen-ovulationsleser-app-numerische-ovulationstests-20-lh-tests\/#primaryimage","url":"https:\/\/m.media-amazon.com\/images\/I\/51v-zIzCPaL._SL500_.jpg","contentUrl":"https:\/\/m.media-amazon.com\/images\/I\/51v-zIzCPaL._SL500_.jpg","width":500,"height":500},{"@type":"BreadcrumbList","@id":"https:\/\/marktxxl.de\/markt\/produkt\/premom-semi-quantitative-ovulationstest-streifen-ovulationsvorhersage-kit-mit-intelligentem-digitalen-ovulationsleser-app-numerische-ovulationstests-20-lh-tests\/#breadcrumb","itemListElement":[{"@type":"ListItem","position":1,"name":"Startseite","item":"https:\/\/marktxxl.de\/markt\/"},{"@type":"ListItem","position":2,"name":"Markt","item":"https:\/\/marktxxl.de\/markt\/"},{"@type":"ListItem","position":3,"name":"Premom 20 Ovulationstest 10-80 mIU\/mL: Fruchtbarkeitstest f\u00fcr Frauen Kinderwunsch Empfindlich Eisprung Teststreifen\u2026"}]},{"@type":"WebSite","@id":"https:\/\/marktxxl.de\/markt\/#website","url":"https:\/\/marktxxl.de\/markt\/","name":"Markt-XXL","description":"Ihr Markt Online","publisher":{"@id":"https:\/\/marktxxl.de\/markt\/#organization"},"potentialAction":[{"@type":"SearchAction","target":{"@type":"EntryPoint","urlTemplate":"https:\/\/marktxxl.de\/markt\/?s={search_term_string}"},"query-input":{"@type":"PropertyValueSpecification","valueRequired":true,"valueName":"search_term_string"}}],"inLanguage":"de"},{"@type":"Organization","@id":"https:\/\/marktxxl.de\/markt\/#organization","name":"Markt-XXL","url":"https:\/\/marktxxl.de\/markt\/","logo":{"@type":"ImageObject","inLanguage":"de","@id":"https:\/\/marktxxl.de\/markt\/#\/schema\/logo\/image\/","url":"https:\/\/marktxxl.de\/markt\/wp-content\/uploads\/sites\/3\/2020\/12\/logo.png","contentUrl":"https:\/\/marktxxl.de\/markt\/wp-content\/uploads\/sites\/3\/2020\/12\/logo.png","width":200,"height":70,"caption":"Markt-XXL"},"image":{"@id":"https:\/\/marktxxl.de\/markt\/#\/schema\/logo\/image\/"}}]}},"_links":{"self":[{"href":"https:\/\/marktxxl.de\/markt\/wp-json\/wp\/v2\/product\/89144","targetHints":{"allow":["GET"]}}],"collection":[{"href":"https:\/\/marktxxl.de\/markt\/wp-json\/wp\/v2\/product"}],"about":[{"href":"https:\/\/marktxxl.de\/markt\/wp-json\/wp\/v2\/types\/product"}],"replies":[{"embeddable":true,"href":"https:\/\/marktxxl.de\/markt\/wp-json\/wp\/v2\/comments?post=89144"}],"wp:featuredmedia":[{"embeddable":true,"href":"https:\/\/marktxxl.de\/markt\/wp-json\/wp\/v2\/media\/89145"}],"wp:attachment":[{"href":"https:\/\/marktxxl.de\/markt\/wp-json\/wp\/v2\/media?parent=89144"}],"wp:term":[{"taxonomy":"product_brand","embeddable":true,"href":"https:\/\/marktxxl.de\/markt\/wp-json\/wp\/v2\/product_brand?post=89144"},{"taxonomy":"product_cat","embeddable":true,"href":"https:\/\/marktxxl.de\/markt\/wp-json\/wp\/v2\/product_cat?post=89144"},{"taxonomy":"product_tag","embeddable":true,"href":"https:\/\/marktxxl.de\/markt\/wp-json\/wp\/v2\/product_tag?post=89144"}],"curies":[{"name":"wp","href":"https:\/\/api.w.org\/{rel}","templated":true}]}}