{"id":89087,"date":"2021-12-28T18:30:23","date_gmt":"2021-12-28T17:30:23","guid":{"rendered":"https:\/\/marktxxl.de\/markt\/produkt\/mommed-ovulationstest-und-schwangerschaftstest-umfasst-20-fruehschwangerschaftstest-60-ovulationstest-80-urinbecher-zeiterfassungstabelle-schnelle-und-genaue-ergebnisse\/"},"modified":"2023-04-11T03:08:38","modified_gmt":"2023-04-11T01:08:38","slug":"mommed-ovulationstest-und-schwangerschaftstest-umfasst-20-fruehschwangerschaftstest-60-ovulationstest-80-urinbecher-zeiterfassungstabelle-schnelle-und-genaue-ergebnisse","status":"publish","type":"product","link":"https:\/\/marktxxl.de\/markt\/produkt\/mommed-ovulationstest-und-schwangerschaftstest-umfasst-20-fruehschwangerschaftstest-60-ovulationstest-80-urinbecher-zeiterfassungstabelle-schnelle-und-genaue-ergebnisse\/","title":{"rendered":"MOMMED Ovulationstest und Schwangerschaftstest, Umfasst 20 Fr\u00fchschwangerschaftstest, 60 Ovulationstest, 80 Urinbecher\u2026"},"content":{"rendered":"<p>WAS SIE BRAUCHEN: Sie haben endlich den gro\u00dfen Schritt getan und sind fest entschlossen, ein Baby zu bekommen. Was nun? Sie m\u00fcssen wissen, wann Ihr K\u00f6rper seinen h\u00f6chsten Fruchtbarkeitspunkt erreicht hat. Mit dem MomMed-Ovulationstest-Kit k\u00f6nnen Sie dies und mehr bequem von zu Hause aus herausfinden!<br \/>\nKOMPLETTES SET: Dieses LH- und HCG-Schwangerschaftstest Fr\u00fchtest Teststreifen enth\u00e4lt alles, was Sie vom Beginn des Prozesses bis zu dem magischen Moment ben\u00f6tigen, der best\u00e4tigt, dass Ihr gr\u00f6\u00dfter Wunsch in Erf\u00fcllung gegangen ist! Sie erhalten: 20 schwangerschaftstest, 60 Ovulationstest, 80 Urinbecher und eine Zeiterfassungstabelle sowie eine Gebrauchsanweisung!<br \/>\nGENAUIGKEIT IST DER SCHL\u00dcSSEL: Im Gegensatz zu \u00e4hnlichen Produkten auf dem Markt bietet der MomMed-Ovulationstest eine Genauigkeit von \u00fcber 99% und schnelle Ergebnisse. Er ist Ihr vertrauensw\u00fcrdigster und zuverl\u00e4ssigster Partner auf dem Weg zur Schwangerschaft!<br \/>\nBENUTZERFREUNDLICH UND PRAKTISCH: Mit diesen einfach durchzuf\u00fchrenden Ovulationstests k\u00f6nnen Sie innerhalb von nur wenigen Minuten Ihre Ergebnisse lesen und sich umfassend \u00fcber die Bereitschaft Ihres K\u00f6rpers hinsichtlich des LH- und HCG-Hormonspiegels informieren und Urinbecher. Werfen Sie sie in Ihre Handtasche und verwenden Sie sie, wann und wo immer sie gebraucht werden!<br \/>\nVERFOLGUNG BEHALTEN: Wenn Sie versuchen, schwanger zu werden, ist es \u00e4u\u00dferst wichtig, Ihre vorherigen Tests genau zu verfolgen, da diese hervorragende Indikatoren f\u00fcr Ihre individuellen Fruchtbarkeitsperioden sind. Unsere praktische Zeiterfassungstabelle wird Ihnen sicherlich das Leben leichter machen!<br \/>\n<div class=\"main-cross-sell\" data-asin=\"B07S3GY1SF\">\n\n\t<div class=\"WooZone-cross-sell-loader\">\n\t\t<div>\n\t\t\t<div id=\"floatingBarsG\">\n\t\t\t\t<div class=\"blockG\" id=\"rotateG_01\"><\/div>\n\t\t\t\t<div class=\"blockG\" id=\"rotateG_02\"><\/div>\n\t\t\t\t<div class=\"blockG\" id=\"rotateG_03\"><\/div>\n\t\t\t\t<div class=\"blockG\" id=\"rotateG_04\"><\/div>\n\t\t\t\t<div class=\"blockG\" id=\"rotateG_05\"><\/div>\n\t\t\t\t<div class=\"blockG\" id=\"rotateG_06\"><\/div>\n\t\t\t\t<div class=\"blockG\" id=\"rotateG_07\"><\/div>\n\t\t\t\t<div class=\"blockG\" id=\"rotateG_08\"><\/div>\n\t\t\t<\/div>\n\t\t\t<div class=\"WooZone-cross-sell-loader-text\"><\/div>\n\t\t<\/div>\n\t<\/div>\n\n\t\t\n<\/div>\n<div style=\"clear:both;\"><\/div><\/p>\n","protected":false},"excerpt":{"rendered":"<p>WAS SIE BRAUCHEN: Sie haben endlich den gro\u00dfen Schritt getan und sind fest entschlossen, ein Baby zu bekommen. Was nun? Sie m\u00fcssen wissen, wann Ihr K\u00f6rper seinen h\u00f6chsten Fruchtbarkeitspunkt erreicht hat. Mit dem MomMed-Ovulationstest-Kit k\u00f6nnen Sie dies und mehr bequem von zu Hause aus herausfinden!<br \/>\nKOMPLETTES SET: Dieses LH- und HCG-Schwangerschaftstest Fr\u00fchtest Teststreifen enth\u00e4lt alles, was Sie vom Beginn des Prozesses bis zu dem magischen Moment ben\u00f6tigen, der best\u00e4tigt, dass Ihr gr\u00f6\u00dfter Wunsch in Erf\u00fcllung gegangen ist! Sie erhalten: 20 schwangerschaftstest, 60 Ovulationstest, 80 Urinbecher und eine Zeiterfassungstabelle sowie eine Gebrauchsanweisung!<br \/>\nGENAUIGKEIT IST DER SCHL\u00dcSSEL: Im Gegensatz zu \u00e4hnlichen Produkten auf dem Markt bietet der MomMed-Ovulationstest eine Genauigkeit von \u00fcber 99% und schnelle Ergebnisse. Er ist Ihr vertrauensw\u00fcrdigster und zuverl\u00e4ssigster Partner auf dem Weg zur Schwangerschaft!<\/p>\n","protected":false},"featured_media":89088,"comment_status":"open","ping_status":"closed","template":"","meta":[],"product_brand":[],"product_cat":[566,6291],"product_tag":[],"class_list":{"0":"post-89087","1":"product","2":"type-product","3":"status-publish","4":"has-post-thumbnail","6":"product_cat-drogerie-koerperpflege","7":"product_cat-schwangerschaft","8":"pa_binding-badartikel","9":"pa_brand-mommed","10":"pa_manufacturer-mommed","12":"first","13":"instock","14":"shipping-taxable","15":"purchasable","16":"product-type-simple","17":"customify-col","18":"product-has-gallery"},"yoast_head":"<!-- This site is optimized with the Yoast SEO plugin v27.4 - https:\/\/yoast.com\/product\/yoast-seo-wordpress\/ -->\n<title>MOMMED Ovulationstest und Schwangerschaftstest, Umfasst 20 Fr\u00fchschwangerschaftstest, 60 Ovulationstest, 80 Urinbecher\u2026 - Markt-XXL<\/title>\n<meta name=\"description\" content=\"Markt-XXL MOMMED Ovulationstest und Schwangerschaftstest, Umfasst 20 Fr\u00fchschwangerschaftstest, 60 Ovulationstest, 80 Urinbecher\u2026\" \/>\n<meta name=\"robots\" content=\"index, follow, max-snippet:-1, max-image-preview:large, max-video-preview:-1\" \/>\n<link rel=\"canonical\" href=\"https:\/\/marktxxl.de\/markt\/produkt\/mommed-ovulationstest-und-schwangerschaftstest-umfasst-20-fruehschwangerschaftstest-60-ovulationstest-80-urinbecher-zeiterfassungstabelle-schnelle-und-genaue-ergebnisse\/\" \/>\n<meta property=\"og:locale\" content=\"de_DE\" \/>\n<meta property=\"og:type\" content=\"article\" \/>\n<meta property=\"og:title\" content=\"MOMMED Ovulationstest und Schwangerschaftstest, Umfasst 20 Fr\u00fchschwangerschaftstest, 60 Ovulationstest, 80 Urinbecher\u2026 - Markt-XXL\" \/>\n<meta property=\"og:description\" content=\"Markt-XXL MOMMED Ovulationstest und Schwangerschaftstest, Umfasst 20 Fr\u00fchschwangerschaftstest, 60 Ovulationstest, 80 Urinbecher\u2026\" \/>\n<meta property=\"og:url\" content=\"https:\/\/marktxxl.de\/markt\/produkt\/mommed-ovulationstest-und-schwangerschaftstest-umfasst-20-fruehschwangerschaftstest-60-ovulationstest-80-urinbecher-zeiterfassungstabelle-schnelle-und-genaue-ergebnisse\/\" \/>\n<meta property=\"og:site_name\" content=\"Markt-XXL\" \/>\n<meta property=\"article:modified_time\" content=\"2023-04-11T01:08:38+00:00\" \/>\n<meta property=\"og:image\" content=\"https:\/\/m.media-amazon.com\/images\/I\/516FUSIniqL._SL500_.jpg\" \/>\n\t<meta property=\"og:image:width\" content=\"500\" \/>\n\t<meta property=\"og:image:height\" content=\"500\" \/>\n\t<meta property=\"og:image:type\" content=\"image\/jpeg\" \/>\n<meta name=\"twitter:card\" content=\"summary_large_image\" \/>\n<meta name=\"twitter:label1\" content=\"Gesch\u00e4tzte Lesezeit\" \/>\n\t<meta name=\"twitter:data1\" content=\"1\u00a0Minute\" \/>\n<script type=\"application\/ld+json\" class=\"yoast-schema-graph\">{\"@context\":\"https:\\\/\\\/schema.org\",\"@graph\":[{\"@type\":\"WebPage\",\"@id\":\"https:\\\/\\\/marktxxl.de\\\/markt\\\/produkt\\\/mommed-ovulationstest-und-schwangerschaftstest-umfasst-20-fruehschwangerschaftstest-60-ovulationstest-80-urinbecher-zeiterfassungstabelle-schnelle-und-genaue-ergebnisse\\\/\",\"url\":\"https:\\\/\\\/marktxxl.de\\\/markt\\\/produkt\\\/mommed-ovulationstest-und-schwangerschaftstest-umfasst-20-fruehschwangerschaftstest-60-ovulationstest-80-urinbecher-zeiterfassungstabelle-schnelle-und-genaue-ergebnisse\\\/\",\"name\":\"MOMMED Ovulationstest und Schwangerschaftstest, Umfasst 20 Fr\u00fchschwangerschaftstest, 60 Ovulationstest, 80 Urinbecher\u2026 - Markt-XXL\",\"isPartOf\":{\"@id\":\"https:\\\/\\\/marktxxl.de\\\/markt\\\/#website\"},\"primaryImageOfPage\":{\"@id\":\"https:\\\/\\\/marktxxl.de\\\/markt\\\/produkt\\\/mommed-ovulationstest-und-schwangerschaftstest-umfasst-20-fruehschwangerschaftstest-60-ovulationstest-80-urinbecher-zeiterfassungstabelle-schnelle-und-genaue-ergebnisse\\\/#primaryimage\"},\"image\":{\"@id\":\"https:\\\/\\\/marktxxl.de\\\/markt\\\/produkt\\\/mommed-ovulationstest-und-schwangerschaftstest-umfasst-20-fruehschwangerschaftstest-60-ovulationstest-80-urinbecher-zeiterfassungstabelle-schnelle-und-genaue-ergebnisse\\\/#primaryimage\"},\"thumbnailUrl\":\"https:\\\/\\\/m.media-amazon.com\\\/images\\\/I\\\/516FUSIniqL._SL500_.jpg\",\"datePublished\":\"2021-12-28T17:30:23+00:00\",\"dateModified\":\"2023-04-11T01:08:38+00:00\",\"description\":\"Markt-XXL MOMMED Ovulationstest und Schwangerschaftstest, Umfasst 20 Fr\u00fchschwangerschaftstest, 60 Ovulationstest, 80 Urinbecher\u2026\",\"breadcrumb\":{\"@id\":\"https:\\\/\\\/marktxxl.de\\\/markt\\\/produkt\\\/mommed-ovulationstest-und-schwangerschaftstest-umfasst-20-fruehschwangerschaftstest-60-ovulationstest-80-urinbecher-zeiterfassungstabelle-schnelle-und-genaue-ergebnisse\\\/#breadcrumb\"},\"inLanguage\":\"de\",\"potentialAction\":[{\"@type\":\"ReadAction\",\"target\":[\"https:\\\/\\\/marktxxl.de\\\/markt\\\/produkt\\\/mommed-ovulationstest-und-schwangerschaftstest-umfasst-20-fruehschwangerschaftstest-60-ovulationstest-80-urinbecher-zeiterfassungstabelle-schnelle-und-genaue-ergebnisse\\\/\"]}]},{\"@type\":\"ImageObject\",\"inLanguage\":\"de\",\"@id\":\"https:\\\/\\\/marktxxl.de\\\/markt\\\/produkt\\\/mommed-ovulationstest-und-schwangerschaftstest-umfasst-20-fruehschwangerschaftstest-60-ovulationstest-80-urinbecher-zeiterfassungstabelle-schnelle-und-genaue-ergebnisse\\\/#primaryimage\",\"url\":\"https:\\\/\\\/m.media-amazon.com\\\/images\\\/I\\\/516FUSIniqL._SL500_.jpg\",\"contentUrl\":\"https:\\\/\\\/m.media-amazon.com\\\/images\\\/I\\\/516FUSIniqL._SL500_.jpg\",\"width\":500,\"height\":500},{\"@type\":\"BreadcrumbList\",\"@id\":\"https:\\\/\\\/marktxxl.de\\\/markt\\\/produkt\\\/mommed-ovulationstest-und-schwangerschaftstest-umfasst-20-fruehschwangerschaftstest-60-ovulationstest-80-urinbecher-zeiterfassungstabelle-schnelle-und-genaue-ergebnisse\\\/#breadcrumb\",\"itemListElement\":[{\"@type\":\"ListItem\",\"position\":1,\"name\":\"Startseite\",\"item\":\"https:\\\/\\\/marktxxl.de\\\/markt\\\/\"},{\"@type\":\"ListItem\",\"position\":2,\"name\":\"Markt\",\"item\":\"https:\\\/\\\/marktxxl.de\\\/markt\\\/\"},{\"@type\":\"ListItem\",\"position\":3,\"name\":\"MOMMED Ovulationstest und Schwangerschaftstest, Umfasst 20 Fr\u00fchschwangerschaftstest, 60 Ovulationstest, 80 Urinbecher\u2026\"}]},{\"@type\":\"WebSite\",\"@id\":\"https:\\\/\\\/marktxxl.de\\\/markt\\\/#website\",\"url\":\"https:\\\/\\\/marktxxl.de\\\/markt\\\/\",\"name\":\"Markt-XXL\",\"description\":\"Ihr Markt Online\",\"publisher\":{\"@id\":\"https:\\\/\\\/marktxxl.de\\\/markt\\\/#organization\"},\"potentialAction\":[{\"@type\":\"SearchAction\",\"target\":{\"@type\":\"EntryPoint\",\"urlTemplate\":\"https:\\\/\\\/marktxxl.de\\\/markt\\\/?s={search_term_string}\"},\"query-input\":{\"@type\":\"PropertyValueSpecification\",\"valueRequired\":true,\"valueName\":\"search_term_string\"}}],\"inLanguage\":\"de\"},{\"@type\":\"Organization\",\"@id\":\"https:\\\/\\\/marktxxl.de\\\/markt\\\/#organization\",\"name\":\"Markt-XXL\",\"url\":\"https:\\\/\\\/marktxxl.de\\\/markt\\\/\",\"logo\":{\"@type\":\"ImageObject\",\"inLanguage\":\"de\",\"@id\":\"https:\\\/\\\/marktxxl.de\\\/markt\\\/#\\\/schema\\\/logo\\\/image\\\/\",\"url\":\"https:\\\/\\\/marktxxl.de\\\/markt\\\/wp-content\\\/uploads\\\/sites\\\/3\\\/2020\\\/12\\\/logo.png\",\"contentUrl\":\"https:\\\/\\\/marktxxl.de\\\/markt\\\/wp-content\\\/uploads\\\/sites\\\/3\\\/2020\\\/12\\\/logo.png\",\"width\":200,\"height\":70,\"caption\":\"Markt-XXL\"},\"image\":{\"@id\":\"https:\\\/\\\/marktxxl.de\\\/markt\\\/#\\\/schema\\\/logo\\\/image\\\/\"}}]}<\/script>\n<!-- \/ Yoast SEO plugin. -->","yoast_head_json":{"title":"MOMMED Ovulationstest und Schwangerschaftstest, Umfasst 20 Fr\u00fchschwangerschaftstest, 60 Ovulationstest, 80 Urinbecher\u2026 - Markt-XXL","description":"Markt-XXL MOMMED Ovulationstest und Schwangerschaftstest, Umfasst 20 Fr\u00fchschwangerschaftstest, 60 Ovulationstest, 80 Urinbecher\u2026","robots":{"index":"index","follow":"follow","max-snippet":"max-snippet:-1","max-image-preview":"max-image-preview:large","max-video-preview":"max-video-preview:-1"},"canonical":"https:\/\/marktxxl.de\/markt\/produkt\/mommed-ovulationstest-und-schwangerschaftstest-umfasst-20-fruehschwangerschaftstest-60-ovulationstest-80-urinbecher-zeiterfassungstabelle-schnelle-und-genaue-ergebnisse\/","og_locale":"de_DE","og_type":"article","og_title":"MOMMED Ovulationstest und Schwangerschaftstest, Umfasst 20 Fr\u00fchschwangerschaftstest, 60 Ovulationstest, 80 Urinbecher\u2026 - Markt-XXL","og_description":"Markt-XXL MOMMED Ovulationstest und Schwangerschaftstest, Umfasst 20 Fr\u00fchschwangerschaftstest, 60 Ovulationstest, 80 Urinbecher\u2026","og_url":"https:\/\/marktxxl.de\/markt\/produkt\/mommed-ovulationstest-und-schwangerschaftstest-umfasst-20-fruehschwangerschaftstest-60-ovulationstest-80-urinbecher-zeiterfassungstabelle-schnelle-und-genaue-ergebnisse\/","og_site_name":"Markt-XXL","article_modified_time":"2023-04-11T01:08:38+00:00","og_image":[{"width":500,"height":500,"url":"https:\/\/m.media-amazon.com\/images\/I\/516FUSIniqL._SL500_.jpg","type":"image\/jpeg"}],"twitter_card":"summary_large_image","twitter_misc":{"Gesch\u00e4tzte Lesezeit":"1\u00a0Minute"},"schema":{"@context":"https:\/\/schema.org","@graph":[{"@type":"WebPage","@id":"https:\/\/marktxxl.de\/markt\/produkt\/mommed-ovulationstest-und-schwangerschaftstest-umfasst-20-fruehschwangerschaftstest-60-ovulationstest-80-urinbecher-zeiterfassungstabelle-schnelle-und-genaue-ergebnisse\/","url":"https:\/\/marktxxl.de\/markt\/produkt\/mommed-ovulationstest-und-schwangerschaftstest-umfasst-20-fruehschwangerschaftstest-60-ovulationstest-80-urinbecher-zeiterfassungstabelle-schnelle-und-genaue-ergebnisse\/","name":"MOMMED Ovulationstest und Schwangerschaftstest, Umfasst 20 Fr\u00fchschwangerschaftstest, 60 Ovulationstest, 80 Urinbecher\u2026 - Markt-XXL","isPartOf":{"@id":"https:\/\/marktxxl.de\/markt\/#website"},"primaryImageOfPage":{"@id":"https:\/\/marktxxl.de\/markt\/produkt\/mommed-ovulationstest-und-schwangerschaftstest-umfasst-20-fruehschwangerschaftstest-60-ovulationstest-80-urinbecher-zeiterfassungstabelle-schnelle-und-genaue-ergebnisse\/#primaryimage"},"image":{"@id":"https:\/\/marktxxl.de\/markt\/produkt\/mommed-ovulationstest-und-schwangerschaftstest-umfasst-20-fruehschwangerschaftstest-60-ovulationstest-80-urinbecher-zeiterfassungstabelle-schnelle-und-genaue-ergebnisse\/#primaryimage"},"thumbnailUrl":"https:\/\/m.media-amazon.com\/images\/I\/516FUSIniqL._SL500_.jpg","datePublished":"2021-12-28T17:30:23+00:00","dateModified":"2023-04-11T01:08:38+00:00","description":"Markt-XXL MOMMED Ovulationstest und Schwangerschaftstest, Umfasst 20 Fr\u00fchschwangerschaftstest, 60 Ovulationstest, 80 Urinbecher\u2026","breadcrumb":{"@id":"https:\/\/marktxxl.de\/markt\/produkt\/mommed-ovulationstest-und-schwangerschaftstest-umfasst-20-fruehschwangerschaftstest-60-ovulationstest-80-urinbecher-zeiterfassungstabelle-schnelle-und-genaue-ergebnisse\/#breadcrumb"},"inLanguage":"de","potentialAction":[{"@type":"ReadAction","target":["https:\/\/marktxxl.de\/markt\/produkt\/mommed-ovulationstest-und-schwangerschaftstest-umfasst-20-fruehschwangerschaftstest-60-ovulationstest-80-urinbecher-zeiterfassungstabelle-schnelle-und-genaue-ergebnisse\/"]}]},{"@type":"ImageObject","inLanguage":"de","@id":"https:\/\/marktxxl.de\/markt\/produkt\/mommed-ovulationstest-und-schwangerschaftstest-umfasst-20-fruehschwangerschaftstest-60-ovulationstest-80-urinbecher-zeiterfassungstabelle-schnelle-und-genaue-ergebnisse\/#primaryimage","url":"https:\/\/m.media-amazon.com\/images\/I\/516FUSIniqL._SL500_.jpg","contentUrl":"https:\/\/m.media-amazon.com\/images\/I\/516FUSIniqL._SL500_.jpg","width":500,"height":500},{"@type":"BreadcrumbList","@id":"https:\/\/marktxxl.de\/markt\/produkt\/mommed-ovulationstest-und-schwangerschaftstest-umfasst-20-fruehschwangerschaftstest-60-ovulationstest-80-urinbecher-zeiterfassungstabelle-schnelle-und-genaue-ergebnisse\/#breadcrumb","itemListElement":[{"@type":"ListItem","position":1,"name":"Startseite","item":"https:\/\/marktxxl.de\/markt\/"},{"@type":"ListItem","position":2,"name":"Markt","item":"https:\/\/marktxxl.de\/markt\/"},{"@type":"ListItem","position":3,"name":"MOMMED Ovulationstest und Schwangerschaftstest, Umfasst 20 Fr\u00fchschwangerschaftstest, 60 Ovulationstest, 80 Urinbecher\u2026"}]},{"@type":"WebSite","@id":"https:\/\/marktxxl.de\/markt\/#website","url":"https:\/\/marktxxl.de\/markt\/","name":"Markt-XXL","description":"Ihr Markt Online","publisher":{"@id":"https:\/\/marktxxl.de\/markt\/#organization"},"potentialAction":[{"@type":"SearchAction","target":{"@type":"EntryPoint","urlTemplate":"https:\/\/marktxxl.de\/markt\/?s={search_term_string}"},"query-input":{"@type":"PropertyValueSpecification","valueRequired":true,"valueName":"search_term_string"}}],"inLanguage":"de"},{"@type":"Organization","@id":"https:\/\/marktxxl.de\/markt\/#organization","name":"Markt-XXL","url":"https:\/\/marktxxl.de\/markt\/","logo":{"@type":"ImageObject","inLanguage":"de","@id":"https:\/\/marktxxl.de\/markt\/#\/schema\/logo\/image\/","url":"https:\/\/marktxxl.de\/markt\/wp-content\/uploads\/sites\/3\/2020\/12\/logo.png","contentUrl":"https:\/\/marktxxl.de\/markt\/wp-content\/uploads\/sites\/3\/2020\/12\/logo.png","width":200,"height":70,"caption":"Markt-XXL"},"image":{"@id":"https:\/\/marktxxl.de\/markt\/#\/schema\/logo\/image\/"}}]}},"_links":{"self":[{"href":"https:\/\/marktxxl.de\/markt\/wp-json\/wp\/v2\/product\/89087","targetHints":{"allow":["GET"]}}],"collection":[{"href":"https:\/\/marktxxl.de\/markt\/wp-json\/wp\/v2\/product"}],"about":[{"href":"https:\/\/marktxxl.de\/markt\/wp-json\/wp\/v2\/types\/product"}],"replies":[{"embeddable":true,"href":"https:\/\/marktxxl.de\/markt\/wp-json\/wp\/v2\/comments?post=89087"}],"wp:featuredmedia":[{"embeddable":true,"href":"https:\/\/marktxxl.de\/markt\/wp-json\/wp\/v2\/media\/89088"}],"wp:attachment":[{"href":"https:\/\/marktxxl.de\/markt\/wp-json\/wp\/v2\/media?parent=89087"}],"wp:term":[{"taxonomy":"product_brand","embeddable":true,"href":"https:\/\/marktxxl.de\/markt\/wp-json\/wp\/v2\/product_brand?post=89087"},{"taxonomy":"product_cat","embeddable":true,"href":"https:\/\/marktxxl.de\/markt\/wp-json\/wp\/v2\/product_cat?post=89087"},{"taxonomy":"product_tag","embeddable":true,"href":"https:\/\/marktxxl.de\/markt\/wp-json\/wp\/v2\/product_tag?post=89087"}],"curies":[{"name":"wp","href":"https:\/\/api.w.org\/{rel}","templated":true}]}}