{"id":89028,"date":"2021-12-28T18:27:30","date_gmt":"2021-12-28T17:27:30","guid":{"rendered":"https:\/\/marktxxl.de\/markt\/produkt\/preserve-shave-5-ersatzklingen-fuer-preserve-shave-5-rasierer-1-pack-mit-4-klingen-nur-kompatibel-mit-preserve-shave-5\/"},"modified":"2023-04-11T03:08:36","modified_gmt":"2023-04-11T01:08:36","slug":"preserve-shave-5-ersatzklingen-fuer-preserve-shave-5-rasierer-1-pack-mit-4-klingen-nur-kompatibel-mit-preserve-shave-5","status":"publish","type":"product","link":"https:\/\/marktxxl.de\/markt\/produkt\/preserve-shave-5-ersatzklingen-fuer-preserve-shave-5-rasierer-1-pack-mit-4-klingen-nur-kompatibel-mit-preserve-shave-5\/","title":{"rendered":"Preserve Shave 5 Ersatzklingen f\u00fcr Preserve Shave 5 Rasierer, 1 Pack mit 4 Klingen (nur kompatibel mit Preserve Shave 5)"},"content":{"rendered":"<p>Dieses Set enth\u00e4lt vier -Rasierklingen &#8220;Shave 5&#8221;. Diese Patronen sind so konzipiert, dass sie nur auf Rasierhobel &#8220;Shave 5&#8221; passen. (Passt nicht auf die Preserve Orignal Triple Razor e)<br \/>\nKonzipiert f\u00fcr die Verwendung mit den Rasieren \u201eShave 5\u201c von Preserve<br \/>\nDie 5-Klingen-Patrone verf\u00fcgt \u00fcber keramikbeschichtete Klingen f\u00fcr verbesserten Komfort und einen Gleitstreifen mit Kakaobutter und Aloe<br \/>\nF\u00fcr M\u00e4nner und Frauen geeignet<br \/>\nKlingen werden in den USA hergestellt und Patronen werden in Mexiko montiert. Nicht an Tieren getestet<br \/>\n<div class=\"main-cross-sell\" data-asin=\"B019Y3686I\">\n\n\t<div class=\"WooZone-cross-sell-loader\">\n\t\t<div>\n\t\t\t<div id=\"floatingBarsG\">\n\t\t\t\t<div class=\"blockG\" id=\"rotateG_01\"><\/div>\n\t\t\t\t<div class=\"blockG\" id=\"rotateG_02\"><\/div>\n\t\t\t\t<div class=\"blockG\" id=\"rotateG_03\"><\/div>\n\t\t\t\t<div class=\"blockG\" id=\"rotateG_04\"><\/div>\n\t\t\t\t<div class=\"blockG\" id=\"rotateG_05\"><\/div>\n\t\t\t\t<div class=\"blockG\" id=\"rotateG_06\"><\/div>\n\t\t\t\t<div class=\"blockG\" id=\"rotateG_07\"><\/div>\n\t\t\t\t<div class=\"blockG\" id=\"rotateG_08\"><\/div>\n\t\t\t<\/div>\n\t\t\t<div class=\"WooZone-cross-sell-loader-text\"><\/div>\n\t\t<\/div>\n\t<\/div>\n\n\t\t\n<\/div>\n<div style=\"clear:both;\"><\/div><\/p>\n","protected":false},"excerpt":{"rendered":"<p>Dieses Set enth\u00e4lt vier -Rasierklingen &#8220;Shave 5&#8221;. Diese Patronen sind so konzipiert, dass sie nur auf Rasierhobel &#8220;Shave 5&#8221; passen. (Passt nicht auf die Preserve Orignal Triple Razor e)<br \/>\nKonzipiert f\u00fcr die Verwendung mit den Rasieren \u201eShave 5\u201c von Preserve<br \/>\nDie 5-Klingen-Patrone verf\u00fcgt \u00fcber keramikbeschichtete Klingen f\u00fcr verbesserten Komfort und einen Gleitstreifen mit Kakaobutter und Aloe<\/p>\n","protected":false},"featured_media":89029,"comment_status":"open","ping_status":"closed","template":"","meta":[],"product_brand":[],"product_cat":[566,6190],"product_tag":[],"class_list":{"0":"post-89028","1":"product","2":"type-product","3":"status-publish","4":"has-post-thumbnail","6":"product_cat-drogerie-koerperpflege","7":"product_cat-rasur-enthaarung","8":"pa_binding-badartikel","9":"pa_brand-preserve","10":"pa_height-4-zoll","11":"pa_length-2-2-zoll","12":"pa_model-5254ge","13":"pa_weight-0-05-pfund","14":"pa_width-0-6-zoll","16":"first","17":"instock","18":"shipping-taxable","19":"purchasable","20":"product-type-simple","21":"customify-col","22":"product-has-gallery"},"yoast_head":"<!-- This site is optimized with the Yoast SEO plugin v27.4 - https:\/\/yoast.com\/product\/yoast-seo-wordpress\/ -->\n<title>Preserve Shave 5 Ersatzklingen f\u00fcr Preserve Shave 5 Rasierer, 1 Pack mit 4 Klingen (nur kompatibel mit Preserve Shave 5) - Markt-XXL<\/title>\n<meta name=\"description\" content=\"Markt-XXL Preserve Shave 5 Ersatzklingen f\u00fcr Preserve Shave 5 Rasierer, 1 Pack mit 4 Klingen (nur kompatibel mit Preserve Shave 5)\" \/>\n<meta name=\"robots\" content=\"index, follow, max-snippet:-1, max-image-preview:large, max-video-preview:-1\" \/>\n<link rel=\"canonical\" href=\"https:\/\/marktxxl.de\/markt\/produkt\/preserve-shave-5-ersatzklingen-fuer-preserve-shave-5-rasierer-1-pack-mit-4-klingen-nur-kompatibel-mit-preserve-shave-5\/\" \/>\n<meta property=\"og:locale\" content=\"de_DE\" \/>\n<meta property=\"og:type\" content=\"article\" \/>\n<meta property=\"og:title\" content=\"Preserve Shave 5 Ersatzklingen f\u00fcr Preserve Shave 5 Rasierer, 1 Pack mit 4 Klingen (nur kompatibel mit Preserve Shave 5) - Markt-XXL\" \/>\n<meta property=\"og:description\" content=\"Markt-XXL Preserve Shave 5 Ersatzklingen f\u00fcr Preserve Shave 5 Rasierer, 1 Pack mit 4 Klingen (nur kompatibel mit Preserve Shave 5)\" \/>\n<meta property=\"og:url\" content=\"https:\/\/marktxxl.de\/markt\/produkt\/preserve-shave-5-ersatzklingen-fuer-preserve-shave-5-rasierer-1-pack-mit-4-klingen-nur-kompatibel-mit-preserve-shave-5\/\" \/>\n<meta property=\"og:site_name\" content=\"Markt-XXL\" \/>\n<meta property=\"article:modified_time\" content=\"2023-04-11T01:08:36+00:00\" \/>\n<meta property=\"og:image\" content=\"https:\/\/m.media-amazon.com\/images\/I\/31GS66VG3bS._SL500_.jpg\" \/>\n\t<meta property=\"og:image:width\" content=\"333\" \/>\n\t<meta property=\"og:image:height\" content=\"500\" \/>\n\t<meta property=\"og:image:type\" content=\"image\/jpeg\" \/>\n<meta name=\"twitter:card\" content=\"summary_large_image\" \/>\n<script type=\"application\/ld+json\" class=\"yoast-schema-graph\">{\"@context\":\"https:\\\/\\\/schema.org\",\"@graph\":[{\"@type\":\"WebPage\",\"@id\":\"https:\\\/\\\/marktxxl.de\\\/markt\\\/produkt\\\/preserve-shave-5-ersatzklingen-fuer-preserve-shave-5-rasierer-1-pack-mit-4-klingen-nur-kompatibel-mit-preserve-shave-5\\\/\",\"url\":\"https:\\\/\\\/marktxxl.de\\\/markt\\\/produkt\\\/preserve-shave-5-ersatzklingen-fuer-preserve-shave-5-rasierer-1-pack-mit-4-klingen-nur-kompatibel-mit-preserve-shave-5\\\/\",\"name\":\"Preserve Shave 5 Ersatzklingen f\u00fcr Preserve Shave 5 Rasierer, 1 Pack mit 4 Klingen (nur kompatibel mit Preserve Shave 5) - Markt-XXL\",\"isPartOf\":{\"@id\":\"https:\\\/\\\/marktxxl.de\\\/markt\\\/#website\"},\"primaryImageOfPage\":{\"@id\":\"https:\\\/\\\/marktxxl.de\\\/markt\\\/produkt\\\/preserve-shave-5-ersatzklingen-fuer-preserve-shave-5-rasierer-1-pack-mit-4-klingen-nur-kompatibel-mit-preserve-shave-5\\\/#primaryimage\"},\"image\":{\"@id\":\"https:\\\/\\\/marktxxl.de\\\/markt\\\/produkt\\\/preserve-shave-5-ersatzklingen-fuer-preserve-shave-5-rasierer-1-pack-mit-4-klingen-nur-kompatibel-mit-preserve-shave-5\\\/#primaryimage\"},\"thumbnailUrl\":\"https:\\\/\\\/m.media-amazon.com\\\/images\\\/I\\\/31GS66VG3bS._SL500_.jpg\",\"datePublished\":\"2021-12-28T17:27:30+00:00\",\"dateModified\":\"2023-04-11T01:08:36+00:00\",\"description\":\"Markt-XXL Preserve Shave 5 Ersatzklingen f\u00fcr Preserve Shave 5 Rasierer, 1 Pack mit 4 Klingen (nur kompatibel mit Preserve Shave 5)\",\"breadcrumb\":{\"@id\":\"https:\\\/\\\/marktxxl.de\\\/markt\\\/produkt\\\/preserve-shave-5-ersatzklingen-fuer-preserve-shave-5-rasierer-1-pack-mit-4-klingen-nur-kompatibel-mit-preserve-shave-5\\\/#breadcrumb\"},\"inLanguage\":\"de\",\"potentialAction\":[{\"@type\":\"ReadAction\",\"target\":[\"https:\\\/\\\/marktxxl.de\\\/markt\\\/produkt\\\/preserve-shave-5-ersatzklingen-fuer-preserve-shave-5-rasierer-1-pack-mit-4-klingen-nur-kompatibel-mit-preserve-shave-5\\\/\"]}]},{\"@type\":\"ImageObject\",\"inLanguage\":\"de\",\"@id\":\"https:\\\/\\\/marktxxl.de\\\/markt\\\/produkt\\\/preserve-shave-5-ersatzklingen-fuer-preserve-shave-5-rasierer-1-pack-mit-4-klingen-nur-kompatibel-mit-preserve-shave-5\\\/#primaryimage\",\"url\":\"https:\\\/\\\/m.media-amazon.com\\\/images\\\/I\\\/31GS66VG3bS._SL500_.jpg\",\"contentUrl\":\"https:\\\/\\\/m.media-amazon.com\\\/images\\\/I\\\/31GS66VG3bS._SL500_.jpg\",\"width\":333,\"height\":500},{\"@type\":\"BreadcrumbList\",\"@id\":\"https:\\\/\\\/marktxxl.de\\\/markt\\\/produkt\\\/preserve-shave-5-ersatzklingen-fuer-preserve-shave-5-rasierer-1-pack-mit-4-klingen-nur-kompatibel-mit-preserve-shave-5\\\/#breadcrumb\",\"itemListElement\":[{\"@type\":\"ListItem\",\"position\":1,\"name\":\"Startseite\",\"item\":\"https:\\\/\\\/marktxxl.de\\\/markt\\\/\"},{\"@type\":\"ListItem\",\"position\":2,\"name\":\"Markt\",\"item\":\"https:\\\/\\\/marktxxl.de\\\/markt\\\/\"},{\"@type\":\"ListItem\",\"position\":3,\"name\":\"Preserve Shave 5 Ersatzklingen f\u00fcr Preserve Shave 5 Rasierer, 1 Pack mit 4 Klingen (nur kompatibel mit Preserve Shave 5)\"}]},{\"@type\":\"WebSite\",\"@id\":\"https:\\\/\\\/marktxxl.de\\\/markt\\\/#website\",\"url\":\"https:\\\/\\\/marktxxl.de\\\/markt\\\/\",\"name\":\"Markt-XXL\",\"description\":\"Ihr Markt Online\",\"publisher\":{\"@id\":\"https:\\\/\\\/marktxxl.de\\\/markt\\\/#organization\"},\"potentialAction\":[{\"@type\":\"SearchAction\",\"target\":{\"@type\":\"EntryPoint\",\"urlTemplate\":\"https:\\\/\\\/marktxxl.de\\\/markt\\\/?s={search_term_string}\"},\"query-input\":{\"@type\":\"PropertyValueSpecification\",\"valueRequired\":true,\"valueName\":\"search_term_string\"}}],\"inLanguage\":\"de\"},{\"@type\":\"Organization\",\"@id\":\"https:\\\/\\\/marktxxl.de\\\/markt\\\/#organization\",\"name\":\"Markt-XXL\",\"url\":\"https:\\\/\\\/marktxxl.de\\\/markt\\\/\",\"logo\":{\"@type\":\"ImageObject\",\"inLanguage\":\"de\",\"@id\":\"https:\\\/\\\/marktxxl.de\\\/markt\\\/#\\\/schema\\\/logo\\\/image\\\/\",\"url\":\"https:\\\/\\\/marktxxl.de\\\/markt\\\/wp-content\\\/uploads\\\/sites\\\/3\\\/2020\\\/12\\\/logo.png\",\"contentUrl\":\"https:\\\/\\\/marktxxl.de\\\/markt\\\/wp-content\\\/uploads\\\/sites\\\/3\\\/2020\\\/12\\\/logo.png\",\"width\":200,\"height\":70,\"caption\":\"Markt-XXL\"},\"image\":{\"@id\":\"https:\\\/\\\/marktxxl.de\\\/markt\\\/#\\\/schema\\\/logo\\\/image\\\/\"}}]}<\/script>\n<!-- \/ Yoast SEO plugin. -->","yoast_head_json":{"title":"Preserve Shave 5 Ersatzklingen f\u00fcr Preserve Shave 5 Rasierer, 1 Pack mit 4 Klingen (nur kompatibel mit Preserve Shave 5) - Markt-XXL","description":"Markt-XXL Preserve Shave 5 Ersatzklingen f\u00fcr Preserve Shave 5 Rasierer, 1 Pack mit 4 Klingen (nur kompatibel mit Preserve Shave 5)","robots":{"index":"index","follow":"follow","max-snippet":"max-snippet:-1","max-image-preview":"max-image-preview:large","max-video-preview":"max-video-preview:-1"},"canonical":"https:\/\/marktxxl.de\/markt\/produkt\/preserve-shave-5-ersatzklingen-fuer-preserve-shave-5-rasierer-1-pack-mit-4-klingen-nur-kompatibel-mit-preserve-shave-5\/","og_locale":"de_DE","og_type":"article","og_title":"Preserve Shave 5 Ersatzklingen f\u00fcr Preserve Shave 5 Rasierer, 1 Pack mit 4 Klingen (nur kompatibel mit Preserve Shave 5) - Markt-XXL","og_description":"Markt-XXL Preserve Shave 5 Ersatzklingen f\u00fcr Preserve Shave 5 Rasierer, 1 Pack mit 4 Klingen (nur kompatibel mit Preserve Shave 5)","og_url":"https:\/\/marktxxl.de\/markt\/produkt\/preserve-shave-5-ersatzklingen-fuer-preserve-shave-5-rasierer-1-pack-mit-4-klingen-nur-kompatibel-mit-preserve-shave-5\/","og_site_name":"Markt-XXL","article_modified_time":"2023-04-11T01:08:36+00:00","og_image":[{"width":333,"height":500,"url":"https:\/\/m.media-amazon.com\/images\/I\/31GS66VG3bS._SL500_.jpg","type":"image\/jpeg"}],"twitter_card":"summary_large_image","schema":{"@context":"https:\/\/schema.org","@graph":[{"@type":"WebPage","@id":"https:\/\/marktxxl.de\/markt\/produkt\/preserve-shave-5-ersatzklingen-fuer-preserve-shave-5-rasierer-1-pack-mit-4-klingen-nur-kompatibel-mit-preserve-shave-5\/","url":"https:\/\/marktxxl.de\/markt\/produkt\/preserve-shave-5-ersatzklingen-fuer-preserve-shave-5-rasierer-1-pack-mit-4-klingen-nur-kompatibel-mit-preserve-shave-5\/","name":"Preserve Shave 5 Ersatzklingen f\u00fcr Preserve Shave 5 Rasierer, 1 Pack mit 4 Klingen (nur kompatibel mit Preserve Shave 5) - Markt-XXL","isPartOf":{"@id":"https:\/\/marktxxl.de\/markt\/#website"},"primaryImageOfPage":{"@id":"https:\/\/marktxxl.de\/markt\/produkt\/preserve-shave-5-ersatzklingen-fuer-preserve-shave-5-rasierer-1-pack-mit-4-klingen-nur-kompatibel-mit-preserve-shave-5\/#primaryimage"},"image":{"@id":"https:\/\/marktxxl.de\/markt\/produkt\/preserve-shave-5-ersatzklingen-fuer-preserve-shave-5-rasierer-1-pack-mit-4-klingen-nur-kompatibel-mit-preserve-shave-5\/#primaryimage"},"thumbnailUrl":"https:\/\/m.media-amazon.com\/images\/I\/31GS66VG3bS._SL500_.jpg","datePublished":"2021-12-28T17:27:30+00:00","dateModified":"2023-04-11T01:08:36+00:00","description":"Markt-XXL Preserve Shave 5 Ersatzklingen f\u00fcr Preserve Shave 5 Rasierer, 1 Pack mit 4 Klingen (nur kompatibel mit Preserve Shave 5)","breadcrumb":{"@id":"https:\/\/marktxxl.de\/markt\/produkt\/preserve-shave-5-ersatzklingen-fuer-preserve-shave-5-rasierer-1-pack-mit-4-klingen-nur-kompatibel-mit-preserve-shave-5\/#breadcrumb"},"inLanguage":"de","potentialAction":[{"@type":"ReadAction","target":["https:\/\/marktxxl.de\/markt\/produkt\/preserve-shave-5-ersatzklingen-fuer-preserve-shave-5-rasierer-1-pack-mit-4-klingen-nur-kompatibel-mit-preserve-shave-5\/"]}]},{"@type":"ImageObject","inLanguage":"de","@id":"https:\/\/marktxxl.de\/markt\/produkt\/preserve-shave-5-ersatzklingen-fuer-preserve-shave-5-rasierer-1-pack-mit-4-klingen-nur-kompatibel-mit-preserve-shave-5\/#primaryimage","url":"https:\/\/m.media-amazon.com\/images\/I\/31GS66VG3bS._SL500_.jpg","contentUrl":"https:\/\/m.media-amazon.com\/images\/I\/31GS66VG3bS._SL500_.jpg","width":333,"height":500},{"@type":"BreadcrumbList","@id":"https:\/\/marktxxl.de\/markt\/produkt\/preserve-shave-5-ersatzklingen-fuer-preserve-shave-5-rasierer-1-pack-mit-4-klingen-nur-kompatibel-mit-preserve-shave-5\/#breadcrumb","itemListElement":[{"@type":"ListItem","position":1,"name":"Startseite","item":"https:\/\/marktxxl.de\/markt\/"},{"@type":"ListItem","position":2,"name":"Markt","item":"https:\/\/marktxxl.de\/markt\/"},{"@type":"ListItem","position":3,"name":"Preserve Shave 5 Ersatzklingen f\u00fcr Preserve Shave 5 Rasierer, 1 Pack mit 4 Klingen (nur kompatibel mit Preserve Shave 5)"}]},{"@type":"WebSite","@id":"https:\/\/marktxxl.de\/markt\/#website","url":"https:\/\/marktxxl.de\/markt\/","name":"Markt-XXL","description":"Ihr Markt Online","publisher":{"@id":"https:\/\/marktxxl.de\/markt\/#organization"},"potentialAction":[{"@type":"SearchAction","target":{"@type":"EntryPoint","urlTemplate":"https:\/\/marktxxl.de\/markt\/?s={search_term_string}"},"query-input":{"@type":"PropertyValueSpecification","valueRequired":true,"valueName":"search_term_string"}}],"inLanguage":"de"},{"@type":"Organization","@id":"https:\/\/marktxxl.de\/markt\/#organization","name":"Markt-XXL","url":"https:\/\/marktxxl.de\/markt\/","logo":{"@type":"ImageObject","inLanguage":"de","@id":"https:\/\/marktxxl.de\/markt\/#\/schema\/logo\/image\/","url":"https:\/\/marktxxl.de\/markt\/wp-content\/uploads\/sites\/3\/2020\/12\/logo.png","contentUrl":"https:\/\/marktxxl.de\/markt\/wp-content\/uploads\/sites\/3\/2020\/12\/logo.png","width":200,"height":70,"caption":"Markt-XXL"},"image":{"@id":"https:\/\/marktxxl.de\/markt\/#\/schema\/logo\/image\/"}}]}},"_links":{"self":[{"href":"https:\/\/marktxxl.de\/markt\/wp-json\/wp\/v2\/product\/89028","targetHints":{"allow":["GET"]}}],"collection":[{"href":"https:\/\/marktxxl.de\/markt\/wp-json\/wp\/v2\/product"}],"about":[{"href":"https:\/\/marktxxl.de\/markt\/wp-json\/wp\/v2\/types\/product"}],"replies":[{"embeddable":true,"href":"https:\/\/marktxxl.de\/markt\/wp-json\/wp\/v2\/comments?post=89028"}],"wp:featuredmedia":[{"embeddable":true,"href":"https:\/\/marktxxl.de\/markt\/wp-json\/wp\/v2\/media\/89029"}],"wp:attachment":[{"href":"https:\/\/marktxxl.de\/markt\/wp-json\/wp\/v2\/media?parent=89028"}],"wp:term":[{"taxonomy":"product_brand","embeddable":true,"href":"https:\/\/marktxxl.de\/markt\/wp-json\/wp\/v2\/product_brand?post=89028"},{"taxonomy":"product_cat","embeddable":true,"href":"https:\/\/marktxxl.de\/markt\/wp-json\/wp\/v2\/product_cat?post=89028"},{"taxonomy":"product_tag","embeddable":true,"href":"https:\/\/marktxxl.de\/markt\/wp-json\/wp\/v2\/product_tag?post=89028"}],"curies":[{"name":"wp","href":"https:\/\/api.w.org\/{rel}","templated":true}]}}