{"id":88834,"date":"2021-12-28T18:19:14","date_gmt":"2021-12-28T17:19:14","guid":{"rendered":"https:\/\/marktxxl.de\/markt\/produkt\/zeolith-klinoptilolith-premium-8%ce%bcm-pulver-mit-dem-mond-vermahlen-tribomechanisch-aktiviert-250g-beste-abbaustelle-europas-direkt-vom-hersteller\/"},"modified":"2023-04-11T03:08:33","modified_gmt":"2023-04-11T01:08:33","slug":"zeolith-klinoptilolith-premium-8%ce%bcm-pulver-mit-dem-mond-vermahlen-tribomechanisch-aktiviert-250g-beste-abbaustelle-europas-direkt-vom-hersteller","status":"publish","type":"product","link":"https:\/\/marktxxl.de\/markt\/produkt\/zeolith-klinoptilolith-premium-8%ce%bcm-pulver-mit-dem-mond-vermahlen-tribomechanisch-aktiviert-250g-beste-abbaustelle-europas-direkt-vom-hersteller\/","title":{"rendered":"LIFEKRAFT ZEOLITH Pulver 250g 8\u03bcm, Premium, tribomechanisch aktiviert"},"content":{"rendered":"<p>&amp;#9989 OPTIMALES PREIS-LEISTUNGSVERH\u00c4LTNIS \u2013 durch die Reinheit des Produkts und das spezielle Mahlverfahren ist das Produkt \u00e4u\u00dferst wirksam. Extrafein, aktiviert und energetisiert die Haut.<br \/>\n&amp;#9989 100% NAT\u00dcRLICHES KLINOPTILOLITH-ZEOLITH PREMIUM PULVER\u2013 frei von Zusatzstoffen, Farbstoffen und F\u00fcllstoffen \u2013 vollkommen vegan, zur \u00e4u\u00dferen Anwendung.<br \/>\n&amp;#9989 VORSPRUNG IN DER ROHSTOFFQUALIT\u00c4T UND REINHEIT \u2013 Zeolith hat hohe Ionenaustauschkapazit\u00e4t und viele Spurenelemente. STEINKRAFT Zeolith wird nicht durch Sprengung gewonnen, daher ist h\u00f6here Reinheit und vor allem mehr Grundenergie des Rohstoffs garantiert.<br \/>\n&amp;#9989 VORSPRUNG IM MAHLVERFAHREN \u2013 die hauseigene AIR2AIR Activation Technology ist eine Weiterentwicklung des tribomechanischen Mahlverfahrens. Der Rohstoff wird sehr sanft zerkleinert, dadurch bleiben die Kristallstrukturen erhalten. Durch die eingesetzte kinetische Energie wird die elektrostatische Ladung massiv gest\u00e4rkt. Hoch energetisiertes und vollkommen abriebfreies Produkt.<br \/>\n&amp;#9989 MADE IN AUSTRIA \u2013 unser LIFEKRAFT Vulkanmineral wird in zertifizierter und gepr\u00fcfter Produktion in \u00d6sterreich hergestellt. Die Abbaust\u00e4tte des Rohmaterials wird von einem \u00f6sterreichischen Unternehmen gef\u00fchrt. Dieses Austrian Process Control-System mit wacheren und h\u00f6heren Qualit\u00e4tskontrollen (Doppelanalysen, selektive Gewinnung) macht einen Unterschied und gibt Sicherheit und Zufriedenheit.<br \/>\n<div class=\"main-cross-sell\" data-asin=\"B07DDMZ164\">\n\n\t<div class=\"WooZone-cross-sell-loader\">\n\t\t<div>\n\t\t\t<div id=\"floatingBarsG\">\n\t\t\t\t<div class=\"blockG\" id=\"rotateG_01\"><\/div>\n\t\t\t\t<div class=\"blockG\" id=\"rotateG_02\"><\/div>\n\t\t\t\t<div class=\"blockG\" id=\"rotateG_03\"><\/div>\n\t\t\t\t<div class=\"blockG\" id=\"rotateG_04\"><\/div>\n\t\t\t\t<div class=\"blockG\" id=\"rotateG_05\"><\/div>\n\t\t\t\t<div class=\"blockG\" id=\"rotateG_06\"><\/div>\n\t\t\t\t<div class=\"blockG\" id=\"rotateG_07\"><\/div>\n\t\t\t\t<div class=\"blockG\" id=\"rotateG_08\"><\/div>\n\t\t\t<\/div>\n\t\t\t<div class=\"WooZone-cross-sell-loader-text\"><\/div>\n\t\t<\/div>\n\t<\/div>\n\n\t\t\n<\/div>\n<div style=\"clear:both;\"><\/div><\/p>\n","protected":false},"excerpt":{"rendered":"<p>&amp;#9989 OPTIMALES PREIS-LEISTUNGSVERH\u00c4LTNIS \u2013 durch die Reinheit des Produkts und das spezielle Mahlverfahren ist das Produkt \u00e4u\u00dferst wirksam. Extrafein, aktiviert und energetisiert die Haut.<br \/>\n&amp;#9989 100% NAT\u00dcRLICHES KLINOPTILOLITH-ZEOLITH PREMIUM PULVER\u2013 frei von Zusatzstoffen, Farbstoffen und F\u00fcllstoffen \u2013 vollkommen vegan, zur \u00e4u\u00dferen Anwendung.<br \/>\n&amp;#9989 VORSPRUNG IN DER ROHSTOFFQUALIT\u00c4T UND REINHEIT \u2013 Zeolith hat hohe Ionenaustauschkapazit\u00e4t und viele Spurenelemente. STEINKRAFT Zeolith wird nicht durch Sprengung gewonnen, daher ist h\u00f6here Reinheit und vor allem mehr Grundenergie des Rohstoffs garantiert.<\/p>\n","protected":false},"featured_media":88835,"comment_status":"open","ping_status":"closed","template":"","meta":[],"product_brand":[],"product_cat":[566,6104],"product_tag":[],"class_list":{"0":"post-88834","1":"product","2":"type-product","3":"status-publish","4":"has-post-thumbnail","6":"product_cat-drogerie-koerperpflege","7":"product_cat-nahrungsergaenzung","8":"pa_binding-badartikel","9":"pa_brand-steinkraft","10":"pa_color-hellgrau","11":"pa_languages-unbekannt-deutsch","12":"pa_manufacturer-steinkraft-naturerocks","13":"pa_size-250-g-1er-pack","15":"first","16":"instock","17":"shipping-taxable","18":"purchasable","19":"product-type-simple","20":"customify-col","21":"product-has-gallery"},"yoast_head":"<!-- This site is optimized with the Yoast SEO plugin v27.3 - https:\/\/yoast.com\/product\/yoast-seo-wordpress\/ -->\n<title>LIFEKRAFT ZEOLITH Pulver 250g 8\u03bcm, Premium, tribomechanisch aktiviert - Markt-XXL<\/title>\n<meta name=\"description\" content=\"Markt-XXL LIFEKRAFT ZEOLITH Pulver 250g 8\u03bcm, Premium, tribomechanisch aktiviert\" \/>\n<meta name=\"robots\" content=\"index, follow, max-snippet:-1, max-image-preview:large, max-video-preview:-1\" \/>\n<link rel=\"canonical\" href=\"https:\/\/marktxxl.de\/markt\/produkt\/zeolith-klinoptilolith-premium-8\u03bcm-pulver-mit-dem-mond-vermahlen-tribomechanisch-aktiviert-250g-beste-abbaustelle-europas-direkt-vom-hersteller\/\" \/>\n<meta property=\"og:locale\" content=\"de_DE\" \/>\n<meta property=\"og:type\" content=\"article\" \/>\n<meta property=\"og:title\" content=\"LIFEKRAFT ZEOLITH Pulver 250g 8\u03bcm, Premium, tribomechanisch aktiviert - Markt-XXL\" \/>\n<meta property=\"og:description\" content=\"Markt-XXL LIFEKRAFT ZEOLITH Pulver 250g 8\u03bcm, Premium, tribomechanisch aktiviert\" \/>\n<meta property=\"og:url\" content=\"https:\/\/marktxxl.de\/markt\/produkt\/zeolith-klinoptilolith-premium-8\u03bcm-pulver-mit-dem-mond-vermahlen-tribomechanisch-aktiviert-250g-beste-abbaustelle-europas-direkt-vom-hersteller\/\" \/>\n<meta property=\"og:site_name\" content=\"Markt-XXL\" \/>\n<meta property=\"article:modified_time\" content=\"2023-04-11T01:08:33+00:00\" \/>\n<meta property=\"og:image\" content=\"https:\/\/m.media-amazon.com\/images\/I\/41-jftg45uL._SL500_.jpg\" \/>\n\t<meta property=\"og:image:width\" content=\"500\" \/>\n\t<meta property=\"og:image:height\" content=\"500\" \/>\n\t<meta property=\"og:image:type\" content=\"image\/jpeg\" \/>\n<meta name=\"twitter:card\" content=\"summary_large_image\" \/>\n<meta name=\"twitter:label1\" content=\"Gesch\u00e4tzte Lesezeit\" \/>\n\t<meta name=\"twitter:data1\" content=\"1\u00a0Minute\" \/>\n<script type=\"application\/ld+json\" class=\"yoast-schema-graph\">{\"@context\":\"https:\\\/\\\/schema.org\",\"@graph\":[{\"@type\":\"WebPage\",\"@id\":\"https:\\\/\\\/marktxxl.de\\\/markt\\\/produkt\\\/zeolith-klinoptilolith-premium-8%ce%bcm-pulver-mit-dem-mond-vermahlen-tribomechanisch-aktiviert-250g-beste-abbaustelle-europas-direkt-vom-hersteller\\\/\",\"url\":\"https:\\\/\\\/marktxxl.de\\\/markt\\\/produkt\\\/zeolith-klinoptilolith-premium-8%ce%bcm-pulver-mit-dem-mond-vermahlen-tribomechanisch-aktiviert-250g-beste-abbaustelle-europas-direkt-vom-hersteller\\\/\",\"name\":\"LIFEKRAFT ZEOLITH Pulver 250g 8\u03bcm, Premium, tribomechanisch aktiviert - Markt-XXL\",\"isPartOf\":{\"@id\":\"https:\\\/\\\/marktxxl.de\\\/markt\\\/#website\"},\"primaryImageOfPage\":{\"@id\":\"https:\\\/\\\/marktxxl.de\\\/markt\\\/produkt\\\/zeolith-klinoptilolith-premium-8%ce%bcm-pulver-mit-dem-mond-vermahlen-tribomechanisch-aktiviert-250g-beste-abbaustelle-europas-direkt-vom-hersteller\\\/#primaryimage\"},\"image\":{\"@id\":\"https:\\\/\\\/marktxxl.de\\\/markt\\\/produkt\\\/zeolith-klinoptilolith-premium-8%ce%bcm-pulver-mit-dem-mond-vermahlen-tribomechanisch-aktiviert-250g-beste-abbaustelle-europas-direkt-vom-hersteller\\\/#primaryimage\"},\"thumbnailUrl\":\"https:\\\/\\\/m.media-amazon.com\\\/images\\\/I\\\/41-jftg45uL._SL500_.jpg\",\"datePublished\":\"2021-12-28T17:19:14+00:00\",\"dateModified\":\"2023-04-11T01:08:33+00:00\",\"description\":\"Markt-XXL LIFEKRAFT ZEOLITH Pulver 250g 8\u03bcm, Premium, tribomechanisch aktiviert\",\"breadcrumb\":{\"@id\":\"https:\\\/\\\/marktxxl.de\\\/markt\\\/produkt\\\/zeolith-klinoptilolith-premium-8%ce%bcm-pulver-mit-dem-mond-vermahlen-tribomechanisch-aktiviert-250g-beste-abbaustelle-europas-direkt-vom-hersteller\\\/#breadcrumb\"},\"inLanguage\":\"de\",\"potentialAction\":[{\"@type\":\"ReadAction\",\"target\":[\"https:\\\/\\\/marktxxl.de\\\/markt\\\/produkt\\\/zeolith-klinoptilolith-premium-8%ce%bcm-pulver-mit-dem-mond-vermahlen-tribomechanisch-aktiviert-250g-beste-abbaustelle-europas-direkt-vom-hersteller\\\/\"]}]},{\"@type\":\"ImageObject\",\"inLanguage\":\"de\",\"@id\":\"https:\\\/\\\/marktxxl.de\\\/markt\\\/produkt\\\/zeolith-klinoptilolith-premium-8%ce%bcm-pulver-mit-dem-mond-vermahlen-tribomechanisch-aktiviert-250g-beste-abbaustelle-europas-direkt-vom-hersteller\\\/#primaryimage\",\"url\":\"https:\\\/\\\/m.media-amazon.com\\\/images\\\/I\\\/41-jftg45uL._SL500_.jpg\",\"contentUrl\":\"https:\\\/\\\/m.media-amazon.com\\\/images\\\/I\\\/41-jftg45uL._SL500_.jpg\",\"width\":500,\"height\":500},{\"@type\":\"BreadcrumbList\",\"@id\":\"https:\\\/\\\/marktxxl.de\\\/markt\\\/produkt\\\/zeolith-klinoptilolith-premium-8%ce%bcm-pulver-mit-dem-mond-vermahlen-tribomechanisch-aktiviert-250g-beste-abbaustelle-europas-direkt-vom-hersteller\\\/#breadcrumb\",\"itemListElement\":[{\"@type\":\"ListItem\",\"position\":1,\"name\":\"Startseite\",\"item\":\"https:\\\/\\\/marktxxl.de\\\/markt\\\/\"},{\"@type\":\"ListItem\",\"position\":2,\"name\":\"Markt\",\"item\":\"https:\\\/\\\/marktxxl.de\\\/markt\\\/\"},{\"@type\":\"ListItem\",\"position\":3,\"name\":\"LIFEKRAFT ZEOLITH Pulver 250g 8\u03bcm, Premium, tribomechanisch aktiviert\"}]},{\"@type\":\"WebSite\",\"@id\":\"https:\\\/\\\/marktxxl.de\\\/markt\\\/#website\",\"url\":\"https:\\\/\\\/marktxxl.de\\\/markt\\\/\",\"name\":\"Markt-XXL\",\"description\":\"Ihr Markt Online\",\"publisher\":{\"@id\":\"https:\\\/\\\/marktxxl.de\\\/markt\\\/#organization\"},\"potentialAction\":[{\"@type\":\"SearchAction\",\"target\":{\"@type\":\"EntryPoint\",\"urlTemplate\":\"https:\\\/\\\/marktxxl.de\\\/markt\\\/?s={search_term_string}\"},\"query-input\":{\"@type\":\"PropertyValueSpecification\",\"valueRequired\":true,\"valueName\":\"search_term_string\"}}],\"inLanguage\":\"de\"},{\"@type\":\"Organization\",\"@id\":\"https:\\\/\\\/marktxxl.de\\\/markt\\\/#organization\",\"name\":\"Markt-XXL\",\"url\":\"https:\\\/\\\/marktxxl.de\\\/markt\\\/\",\"logo\":{\"@type\":\"ImageObject\",\"inLanguage\":\"de\",\"@id\":\"https:\\\/\\\/marktxxl.de\\\/markt\\\/#\\\/schema\\\/logo\\\/image\\\/\",\"url\":\"https:\\\/\\\/marktxxl.de\\\/markt\\\/wp-content\\\/uploads\\\/sites\\\/3\\\/2020\\\/12\\\/logo.png\",\"contentUrl\":\"https:\\\/\\\/marktxxl.de\\\/markt\\\/wp-content\\\/uploads\\\/sites\\\/3\\\/2020\\\/12\\\/logo.png\",\"width\":200,\"height\":70,\"caption\":\"Markt-XXL\"},\"image\":{\"@id\":\"https:\\\/\\\/marktxxl.de\\\/markt\\\/#\\\/schema\\\/logo\\\/image\\\/\"}}]}<\/script>\n<!-- \/ Yoast SEO plugin. -->","yoast_head_json":{"title":"LIFEKRAFT ZEOLITH Pulver 250g 8\u03bcm, Premium, tribomechanisch aktiviert - Markt-XXL","description":"Markt-XXL LIFEKRAFT ZEOLITH Pulver 250g 8\u03bcm, Premium, tribomechanisch aktiviert","robots":{"index":"index","follow":"follow","max-snippet":"max-snippet:-1","max-image-preview":"max-image-preview:large","max-video-preview":"max-video-preview:-1"},"canonical":"https:\/\/marktxxl.de\/markt\/produkt\/zeolith-klinoptilolith-premium-8\u03bcm-pulver-mit-dem-mond-vermahlen-tribomechanisch-aktiviert-250g-beste-abbaustelle-europas-direkt-vom-hersteller\/","og_locale":"de_DE","og_type":"article","og_title":"LIFEKRAFT ZEOLITH Pulver 250g 8\u03bcm, Premium, tribomechanisch aktiviert - Markt-XXL","og_description":"Markt-XXL LIFEKRAFT ZEOLITH Pulver 250g 8\u03bcm, Premium, tribomechanisch aktiviert","og_url":"https:\/\/marktxxl.de\/markt\/produkt\/zeolith-klinoptilolith-premium-8\u03bcm-pulver-mit-dem-mond-vermahlen-tribomechanisch-aktiviert-250g-beste-abbaustelle-europas-direkt-vom-hersteller\/","og_site_name":"Markt-XXL","article_modified_time":"2023-04-11T01:08:33+00:00","og_image":[{"width":500,"height":500,"url":"https:\/\/m.media-amazon.com\/images\/I\/41-jftg45uL._SL500_.jpg","type":"image\/jpeg"}],"twitter_card":"summary_large_image","twitter_misc":{"Gesch\u00e4tzte Lesezeit":"1\u00a0Minute"},"schema":{"@context":"https:\/\/schema.org","@graph":[{"@type":"WebPage","@id":"https:\/\/marktxxl.de\/markt\/produkt\/zeolith-klinoptilolith-premium-8%ce%bcm-pulver-mit-dem-mond-vermahlen-tribomechanisch-aktiviert-250g-beste-abbaustelle-europas-direkt-vom-hersteller\/","url":"https:\/\/marktxxl.de\/markt\/produkt\/zeolith-klinoptilolith-premium-8%ce%bcm-pulver-mit-dem-mond-vermahlen-tribomechanisch-aktiviert-250g-beste-abbaustelle-europas-direkt-vom-hersteller\/","name":"LIFEKRAFT ZEOLITH Pulver 250g 8\u03bcm, Premium, tribomechanisch aktiviert - Markt-XXL","isPartOf":{"@id":"https:\/\/marktxxl.de\/markt\/#website"},"primaryImageOfPage":{"@id":"https:\/\/marktxxl.de\/markt\/produkt\/zeolith-klinoptilolith-premium-8%ce%bcm-pulver-mit-dem-mond-vermahlen-tribomechanisch-aktiviert-250g-beste-abbaustelle-europas-direkt-vom-hersteller\/#primaryimage"},"image":{"@id":"https:\/\/marktxxl.de\/markt\/produkt\/zeolith-klinoptilolith-premium-8%ce%bcm-pulver-mit-dem-mond-vermahlen-tribomechanisch-aktiviert-250g-beste-abbaustelle-europas-direkt-vom-hersteller\/#primaryimage"},"thumbnailUrl":"https:\/\/m.media-amazon.com\/images\/I\/41-jftg45uL._SL500_.jpg","datePublished":"2021-12-28T17:19:14+00:00","dateModified":"2023-04-11T01:08:33+00:00","description":"Markt-XXL LIFEKRAFT ZEOLITH Pulver 250g 8\u03bcm, Premium, tribomechanisch aktiviert","breadcrumb":{"@id":"https:\/\/marktxxl.de\/markt\/produkt\/zeolith-klinoptilolith-premium-8%ce%bcm-pulver-mit-dem-mond-vermahlen-tribomechanisch-aktiviert-250g-beste-abbaustelle-europas-direkt-vom-hersteller\/#breadcrumb"},"inLanguage":"de","potentialAction":[{"@type":"ReadAction","target":["https:\/\/marktxxl.de\/markt\/produkt\/zeolith-klinoptilolith-premium-8%ce%bcm-pulver-mit-dem-mond-vermahlen-tribomechanisch-aktiviert-250g-beste-abbaustelle-europas-direkt-vom-hersteller\/"]}]},{"@type":"ImageObject","inLanguage":"de","@id":"https:\/\/marktxxl.de\/markt\/produkt\/zeolith-klinoptilolith-premium-8%ce%bcm-pulver-mit-dem-mond-vermahlen-tribomechanisch-aktiviert-250g-beste-abbaustelle-europas-direkt-vom-hersteller\/#primaryimage","url":"https:\/\/m.media-amazon.com\/images\/I\/41-jftg45uL._SL500_.jpg","contentUrl":"https:\/\/m.media-amazon.com\/images\/I\/41-jftg45uL._SL500_.jpg","width":500,"height":500},{"@type":"BreadcrumbList","@id":"https:\/\/marktxxl.de\/markt\/produkt\/zeolith-klinoptilolith-premium-8%ce%bcm-pulver-mit-dem-mond-vermahlen-tribomechanisch-aktiviert-250g-beste-abbaustelle-europas-direkt-vom-hersteller\/#breadcrumb","itemListElement":[{"@type":"ListItem","position":1,"name":"Startseite","item":"https:\/\/marktxxl.de\/markt\/"},{"@type":"ListItem","position":2,"name":"Markt","item":"https:\/\/marktxxl.de\/markt\/"},{"@type":"ListItem","position":3,"name":"LIFEKRAFT ZEOLITH Pulver 250g 8\u03bcm, Premium, tribomechanisch aktiviert"}]},{"@type":"WebSite","@id":"https:\/\/marktxxl.de\/markt\/#website","url":"https:\/\/marktxxl.de\/markt\/","name":"Markt-XXL","description":"Ihr Markt Online","publisher":{"@id":"https:\/\/marktxxl.de\/markt\/#organization"},"potentialAction":[{"@type":"SearchAction","target":{"@type":"EntryPoint","urlTemplate":"https:\/\/marktxxl.de\/markt\/?s={search_term_string}"},"query-input":{"@type":"PropertyValueSpecification","valueRequired":true,"valueName":"search_term_string"}}],"inLanguage":"de"},{"@type":"Organization","@id":"https:\/\/marktxxl.de\/markt\/#organization","name":"Markt-XXL","url":"https:\/\/marktxxl.de\/markt\/","logo":{"@type":"ImageObject","inLanguage":"de","@id":"https:\/\/marktxxl.de\/markt\/#\/schema\/logo\/image\/","url":"https:\/\/marktxxl.de\/markt\/wp-content\/uploads\/sites\/3\/2020\/12\/logo.png","contentUrl":"https:\/\/marktxxl.de\/markt\/wp-content\/uploads\/sites\/3\/2020\/12\/logo.png","width":200,"height":70,"caption":"Markt-XXL"},"image":{"@id":"https:\/\/marktxxl.de\/markt\/#\/schema\/logo\/image\/"}}]}},"_links":{"self":[{"href":"https:\/\/marktxxl.de\/markt\/wp-json\/wp\/v2\/product\/88834","targetHints":{"allow":["GET"]}}],"collection":[{"href":"https:\/\/marktxxl.de\/markt\/wp-json\/wp\/v2\/product"}],"about":[{"href":"https:\/\/marktxxl.de\/markt\/wp-json\/wp\/v2\/types\/product"}],"replies":[{"embeddable":true,"href":"https:\/\/marktxxl.de\/markt\/wp-json\/wp\/v2\/comments?post=88834"}],"wp:featuredmedia":[{"embeddable":true,"href":"https:\/\/marktxxl.de\/markt\/wp-json\/wp\/v2\/media\/88835"}],"wp:attachment":[{"href":"https:\/\/marktxxl.de\/markt\/wp-json\/wp\/v2\/media?parent=88834"}],"wp:term":[{"taxonomy":"product_brand","embeddable":true,"href":"https:\/\/marktxxl.de\/markt\/wp-json\/wp\/v2\/product_brand?post=88834"},{"taxonomy":"product_cat","embeddable":true,"href":"https:\/\/marktxxl.de\/markt\/wp-json\/wp\/v2\/product_cat?post=88834"},{"taxonomy":"product_tag","embeddable":true,"href":"https:\/\/marktxxl.de\/markt\/wp-json\/wp\/v2\/product_tag?post=88834"}],"curies":[{"name":"wp","href":"https:\/\/api.w.org\/{rel}","templated":true}]}}