{"id":88795,"date":"2021-12-28T18:18:36","date_gmt":"2021-12-28T17:18:36","guid":{"rendered":"https:\/\/marktxxl.de\/markt\/produkt\/manitoba-ernte-herzen-aus-natuerlichem-hanf-8-oz\/"},"modified":"2023-04-11T03:08:33","modified_gmt":"2023-04-11T01:08:33","slug":"manitoba-ernte-herzen-aus-natuerlichem-hanf-8-oz","status":"publish","type":"product","link":"https:\/\/marktxxl.de\/markt\/produkt\/manitoba-ernte-herzen-aus-natuerlichem-hanf-8-oz\/","title":{"rendered":"Manitoba Ernte Herzen aus nat\u00fcrlichem Hanf, 8\u00a0oz"},"content":{"rendered":"<p>REJUVENATE &amp; RESTORE: Maui Moisture verdicken und Restore + Bambusfasern Conditioner ist ein \u00fcppiger Conditioner, dass Ihr Haar wieder f\u00fchlt sich verj\u00fcngt und hilft. Mit Rizinus\u00f6l und Neem-\u00d6l, hilft diese Formel behandelt erweichen, nat\u00fcrlich, oder Haar \u00dcbergang.<br \/>\nDensify, REVIVE &amp; ST\u00c4RKEN: Maui Moisture verdicken und Restore + Bambusfasern Shampoo, Conditioner, Blowout Nebel &amp; st\u00e4rk Maske helfen erneuern und schwach, spr\u00f6de Haare erweichen. Bambusfasern, Rizinus\u00f6l und Neem-\u00d6l Hilfe verlassen Ihre Locken gesund aussehen und stark.<br \/>\nGesund aussehendes Haar: Bambusfasern, reich Rizinus\u00f6l &amp; \u00fcppiges Neem-\u00d6l kommen zusammen in der Maui Moisture verdicken und Restore + Bambusfasern Linie. Diese Formel hilft erneuert und erweichen behandelt, nat\u00fcrlichen oder \u00dcbergang Haartypen f\u00fcr einen gesund aussehenden Glanz.<br \/>\nUNIQUE BLEND mit Aloe Vera: Maui Moisture Shampoo, Conditioner, Haarstyling und Produkte f\u00fcr die Behandlung beginnen mit einer einzigartigen Mischung aus Aloe Vera Saft und sind mit Kokoswasser infundiert. Unsere Shampoos und Conditioner sind pH-neutral, Paraben frei und silikonfrei.<br \/>\nGESUNDE SCH\u00d6NHEIT f\u00fcr alle Haartypen: Sulfate Freie Haarpflege, Maui Moisture 6 Linien von Shampoos, Conditioner, Haar\u00f6le, Masken und Styling-Produkte f\u00fcr unterschiedliche Haartypen und Strukturen, zu helfen, Haar gesund aussehen zu bekommen.<br \/>\n<div class=\"main-cross-sell\" data-asin=\"B00Q68NNL8\">\n\n\t<div class=\"WooZone-cross-sell-loader\">\n\t\t<div>\n\t\t\t<div id=\"floatingBarsG\">\n\t\t\t\t<div class=\"blockG\" id=\"rotateG_01\"><\/div>\n\t\t\t\t<div class=\"blockG\" id=\"rotateG_02\"><\/div>\n\t\t\t\t<div class=\"blockG\" id=\"rotateG_03\"><\/div>\n\t\t\t\t<div class=\"blockG\" id=\"rotateG_04\"><\/div>\n\t\t\t\t<div class=\"blockG\" id=\"rotateG_05\"><\/div>\n\t\t\t\t<div class=\"blockG\" id=\"rotateG_06\"><\/div>\n\t\t\t\t<div class=\"blockG\" id=\"rotateG_07\"><\/div>\n\t\t\t\t<div class=\"blockG\" id=\"rotateG_08\"><\/div>\n\t\t\t<\/div>\n\t\t\t<div class=\"WooZone-cross-sell-loader-text\"><\/div>\n\t\t<\/div>\n\t<\/div>\n\n\t\t\n<\/div>\n<div style=\"clear:both;\"><\/div><\/p>\n","protected":false},"excerpt":{"rendered":"<p>REJUVENATE &amp; RESTORE: Maui Moisture verdicken und Restore + Bambusfasern Conditioner ist ein \u00fcppiger Conditioner, dass Ihr Haar wieder f\u00fchlt sich verj\u00fcngt und hilft. Mit Rizinus\u00f6l und Neem-\u00d6l, hilft diese Formel behandelt erweichen, nat\u00fcrlich, oder Haar \u00dcbergang.<br \/>\nDensify, REVIVE &amp; ST\u00c4RKEN: Maui Moisture verdicken und Restore + Bambusfasern Shampoo, Conditioner, Blowout Nebel &amp; st\u00e4rk Maske helfen erneuern und schwach, spr\u00f6de Haare erweichen. Bambusfasern, Rizinus\u00f6l und Neem-\u00d6l Hilfe verlassen Ihre Locken gesund aussehen und stark.<br \/>\nGesund aussehendes Haar: Bambusfasern, reich Rizinus\u00f6l &amp; \u00fcppiges Neem-\u00d6l kommen zusammen in der Maui Moisture verdicken und Restore + Bambusfasern Linie. Diese Formel hilft erneuert und erweichen behandelt, nat\u00fcrlichen oder \u00dcbergang Haartypen f\u00fcr einen gesund aussehenden Glanz.<\/p>\n","protected":false},"featured_media":88796,"comment_status":"open","ping_status":"closed","template":"","meta":[],"product_brand":[],"product_cat":[566,6104],"product_tag":[],"class_list":{"0":"post-88795","1":"product","2":"type-product","3":"status-publish","4":"has-post-thumbnail","6":"product_cat-drogerie-koerperpflege","7":"product_cat-nahrungsergaenzung","8":"pa_binding-misc","9":"pa_brand-manitoba-harvest","10":"pa_height-9-448818888-zoll","11":"pa_length-6-1023621985-zoll","12":"pa_manufacturer-monstra-llc-dropship","13":"pa_model-28472","14":"pa_weight-0-50044933474-pfund","15":"pa_width-2-755905509-zoll","17":"first","18":"instock","19":"shipping-taxable","20":"purchasable","21":"product-type-simple","22":"customify-col","23":"product-has-gallery"},"yoast_head":"<!-- This site is optimized with the Yoast SEO plugin v27.3 - https:\/\/yoast.com\/product\/yoast-seo-wordpress\/ -->\n<title>Manitoba Ernte Herzen aus nat\u00fcrlichem Hanf, 8\u00a0oz - Markt-XXL<\/title>\n<meta name=\"description\" content=\"Markt-XXL Manitoba Ernte Herzen aus nat\u00fcrlichem Hanf, 8\u00a0oz\" \/>\n<meta name=\"robots\" content=\"index, follow, max-snippet:-1, max-image-preview:large, max-video-preview:-1\" \/>\n<link rel=\"canonical\" href=\"https:\/\/marktxxl.de\/markt\/produkt\/manitoba-ernte-herzen-aus-natuerlichem-hanf-8-oz\/\" \/>\n<meta property=\"og:locale\" content=\"de_DE\" \/>\n<meta property=\"og:type\" content=\"article\" \/>\n<meta property=\"og:title\" content=\"Manitoba Ernte Herzen aus nat\u00fcrlichem Hanf, 8\u00a0oz - Markt-XXL\" \/>\n<meta property=\"og:description\" content=\"Markt-XXL Manitoba Ernte Herzen aus nat\u00fcrlichem Hanf, 8\u00a0oz\" \/>\n<meta property=\"og:url\" content=\"https:\/\/marktxxl.de\/markt\/produkt\/manitoba-ernte-herzen-aus-natuerlichem-hanf-8-oz\/\" \/>\n<meta property=\"og:site_name\" content=\"Markt-XXL\" \/>\n<meta property=\"article:modified_time\" content=\"2023-04-11T01:08:33+00:00\" \/>\n<meta property=\"og:image\" content=\"https:\/\/m.media-amazon.com\/images\/I\/51ZTaG7fhbL._SL500_.jpg\" \/>\n\t<meta property=\"og:image:width\" content=\"327\" \/>\n\t<meta property=\"og:image:height\" content=\"500\" \/>\n\t<meta property=\"og:image:type\" content=\"image\/jpeg\" \/>\n<meta name=\"twitter:card\" content=\"summary_large_image\" \/>\n<meta name=\"twitter:label1\" content=\"Gesch\u00e4tzte Lesezeit\" \/>\n\t<meta name=\"twitter:data1\" content=\"1\u00a0Minute\" \/>\n<script type=\"application\/ld+json\" class=\"yoast-schema-graph\">{\"@context\":\"https:\\\/\\\/schema.org\",\"@graph\":[{\"@type\":\"WebPage\",\"@id\":\"https:\\\/\\\/marktxxl.de\\\/markt\\\/produkt\\\/manitoba-ernte-herzen-aus-natuerlichem-hanf-8-oz\\\/\",\"url\":\"https:\\\/\\\/marktxxl.de\\\/markt\\\/produkt\\\/manitoba-ernte-herzen-aus-natuerlichem-hanf-8-oz\\\/\",\"name\":\"Manitoba Ernte Herzen aus nat\u00fcrlichem Hanf, 8\u00a0oz - Markt-XXL\",\"isPartOf\":{\"@id\":\"https:\\\/\\\/marktxxl.de\\\/markt\\\/#website\"},\"primaryImageOfPage\":{\"@id\":\"https:\\\/\\\/marktxxl.de\\\/markt\\\/produkt\\\/manitoba-ernte-herzen-aus-natuerlichem-hanf-8-oz\\\/#primaryimage\"},\"image\":{\"@id\":\"https:\\\/\\\/marktxxl.de\\\/markt\\\/produkt\\\/manitoba-ernte-herzen-aus-natuerlichem-hanf-8-oz\\\/#primaryimage\"},\"thumbnailUrl\":\"https:\\\/\\\/m.media-amazon.com\\\/images\\\/I\\\/51ZTaG7fhbL._SL500_.jpg\",\"datePublished\":\"2021-12-28T17:18:36+00:00\",\"dateModified\":\"2023-04-11T01:08:33+00:00\",\"description\":\"Markt-XXL Manitoba Ernte Herzen aus nat\u00fcrlichem Hanf, 8\u00a0oz\",\"breadcrumb\":{\"@id\":\"https:\\\/\\\/marktxxl.de\\\/markt\\\/produkt\\\/manitoba-ernte-herzen-aus-natuerlichem-hanf-8-oz\\\/#breadcrumb\"},\"inLanguage\":\"de\",\"potentialAction\":[{\"@type\":\"ReadAction\",\"target\":[\"https:\\\/\\\/marktxxl.de\\\/markt\\\/produkt\\\/manitoba-ernte-herzen-aus-natuerlichem-hanf-8-oz\\\/\"]}]},{\"@type\":\"ImageObject\",\"inLanguage\":\"de\",\"@id\":\"https:\\\/\\\/marktxxl.de\\\/markt\\\/produkt\\\/manitoba-ernte-herzen-aus-natuerlichem-hanf-8-oz\\\/#primaryimage\",\"url\":\"https:\\\/\\\/m.media-amazon.com\\\/images\\\/I\\\/51ZTaG7fhbL._SL500_.jpg\",\"contentUrl\":\"https:\\\/\\\/m.media-amazon.com\\\/images\\\/I\\\/51ZTaG7fhbL._SL500_.jpg\",\"width\":327,\"height\":500},{\"@type\":\"BreadcrumbList\",\"@id\":\"https:\\\/\\\/marktxxl.de\\\/markt\\\/produkt\\\/manitoba-ernte-herzen-aus-natuerlichem-hanf-8-oz\\\/#breadcrumb\",\"itemListElement\":[{\"@type\":\"ListItem\",\"position\":1,\"name\":\"Startseite\",\"item\":\"https:\\\/\\\/marktxxl.de\\\/markt\\\/\"},{\"@type\":\"ListItem\",\"position\":2,\"name\":\"Markt\",\"item\":\"https:\\\/\\\/marktxxl.de\\\/markt\\\/\"},{\"@type\":\"ListItem\",\"position\":3,\"name\":\"Manitoba Ernte Herzen aus nat\u00fcrlichem Hanf, 8\u00a0oz\"}]},{\"@type\":\"WebSite\",\"@id\":\"https:\\\/\\\/marktxxl.de\\\/markt\\\/#website\",\"url\":\"https:\\\/\\\/marktxxl.de\\\/markt\\\/\",\"name\":\"Markt-XXL\",\"description\":\"Ihr Markt Online\",\"publisher\":{\"@id\":\"https:\\\/\\\/marktxxl.de\\\/markt\\\/#organization\"},\"potentialAction\":[{\"@type\":\"SearchAction\",\"target\":{\"@type\":\"EntryPoint\",\"urlTemplate\":\"https:\\\/\\\/marktxxl.de\\\/markt\\\/?s={search_term_string}\"},\"query-input\":{\"@type\":\"PropertyValueSpecification\",\"valueRequired\":true,\"valueName\":\"search_term_string\"}}],\"inLanguage\":\"de\"},{\"@type\":\"Organization\",\"@id\":\"https:\\\/\\\/marktxxl.de\\\/markt\\\/#organization\",\"name\":\"Markt-XXL\",\"url\":\"https:\\\/\\\/marktxxl.de\\\/markt\\\/\",\"logo\":{\"@type\":\"ImageObject\",\"inLanguage\":\"de\",\"@id\":\"https:\\\/\\\/marktxxl.de\\\/markt\\\/#\\\/schema\\\/logo\\\/image\\\/\",\"url\":\"https:\\\/\\\/marktxxl.de\\\/markt\\\/wp-content\\\/uploads\\\/sites\\\/3\\\/2020\\\/12\\\/logo.png\",\"contentUrl\":\"https:\\\/\\\/marktxxl.de\\\/markt\\\/wp-content\\\/uploads\\\/sites\\\/3\\\/2020\\\/12\\\/logo.png\",\"width\":200,\"height\":70,\"caption\":\"Markt-XXL\"},\"image\":{\"@id\":\"https:\\\/\\\/marktxxl.de\\\/markt\\\/#\\\/schema\\\/logo\\\/image\\\/\"}}]}<\/script>\n<!-- \/ Yoast SEO plugin. -->","yoast_head_json":{"title":"Manitoba Ernte Herzen aus nat\u00fcrlichem Hanf, 8\u00a0oz - Markt-XXL","description":"Markt-XXL Manitoba Ernte Herzen aus nat\u00fcrlichem Hanf, 8\u00a0oz","robots":{"index":"index","follow":"follow","max-snippet":"max-snippet:-1","max-image-preview":"max-image-preview:large","max-video-preview":"max-video-preview:-1"},"canonical":"https:\/\/marktxxl.de\/markt\/produkt\/manitoba-ernte-herzen-aus-natuerlichem-hanf-8-oz\/","og_locale":"de_DE","og_type":"article","og_title":"Manitoba Ernte Herzen aus nat\u00fcrlichem Hanf, 8\u00a0oz - Markt-XXL","og_description":"Markt-XXL Manitoba Ernte Herzen aus nat\u00fcrlichem Hanf, 8\u00a0oz","og_url":"https:\/\/marktxxl.de\/markt\/produkt\/manitoba-ernte-herzen-aus-natuerlichem-hanf-8-oz\/","og_site_name":"Markt-XXL","article_modified_time":"2023-04-11T01:08:33+00:00","og_image":[{"width":327,"height":500,"url":"https:\/\/m.media-amazon.com\/images\/I\/51ZTaG7fhbL._SL500_.jpg","type":"image\/jpeg"}],"twitter_card":"summary_large_image","twitter_misc":{"Gesch\u00e4tzte Lesezeit":"1\u00a0Minute"},"schema":{"@context":"https:\/\/schema.org","@graph":[{"@type":"WebPage","@id":"https:\/\/marktxxl.de\/markt\/produkt\/manitoba-ernte-herzen-aus-natuerlichem-hanf-8-oz\/","url":"https:\/\/marktxxl.de\/markt\/produkt\/manitoba-ernte-herzen-aus-natuerlichem-hanf-8-oz\/","name":"Manitoba Ernte Herzen aus nat\u00fcrlichem Hanf, 8\u00a0oz - Markt-XXL","isPartOf":{"@id":"https:\/\/marktxxl.de\/markt\/#website"},"primaryImageOfPage":{"@id":"https:\/\/marktxxl.de\/markt\/produkt\/manitoba-ernte-herzen-aus-natuerlichem-hanf-8-oz\/#primaryimage"},"image":{"@id":"https:\/\/marktxxl.de\/markt\/produkt\/manitoba-ernte-herzen-aus-natuerlichem-hanf-8-oz\/#primaryimage"},"thumbnailUrl":"https:\/\/m.media-amazon.com\/images\/I\/51ZTaG7fhbL._SL500_.jpg","datePublished":"2021-12-28T17:18:36+00:00","dateModified":"2023-04-11T01:08:33+00:00","description":"Markt-XXL Manitoba Ernte Herzen aus nat\u00fcrlichem Hanf, 8\u00a0oz","breadcrumb":{"@id":"https:\/\/marktxxl.de\/markt\/produkt\/manitoba-ernte-herzen-aus-natuerlichem-hanf-8-oz\/#breadcrumb"},"inLanguage":"de","potentialAction":[{"@type":"ReadAction","target":["https:\/\/marktxxl.de\/markt\/produkt\/manitoba-ernte-herzen-aus-natuerlichem-hanf-8-oz\/"]}]},{"@type":"ImageObject","inLanguage":"de","@id":"https:\/\/marktxxl.de\/markt\/produkt\/manitoba-ernte-herzen-aus-natuerlichem-hanf-8-oz\/#primaryimage","url":"https:\/\/m.media-amazon.com\/images\/I\/51ZTaG7fhbL._SL500_.jpg","contentUrl":"https:\/\/m.media-amazon.com\/images\/I\/51ZTaG7fhbL._SL500_.jpg","width":327,"height":500},{"@type":"BreadcrumbList","@id":"https:\/\/marktxxl.de\/markt\/produkt\/manitoba-ernte-herzen-aus-natuerlichem-hanf-8-oz\/#breadcrumb","itemListElement":[{"@type":"ListItem","position":1,"name":"Startseite","item":"https:\/\/marktxxl.de\/markt\/"},{"@type":"ListItem","position":2,"name":"Markt","item":"https:\/\/marktxxl.de\/markt\/"},{"@type":"ListItem","position":3,"name":"Manitoba Ernte Herzen aus nat\u00fcrlichem Hanf, 8\u00a0oz"}]},{"@type":"WebSite","@id":"https:\/\/marktxxl.de\/markt\/#website","url":"https:\/\/marktxxl.de\/markt\/","name":"Markt-XXL","description":"Ihr Markt Online","publisher":{"@id":"https:\/\/marktxxl.de\/markt\/#organization"},"potentialAction":[{"@type":"SearchAction","target":{"@type":"EntryPoint","urlTemplate":"https:\/\/marktxxl.de\/markt\/?s={search_term_string}"},"query-input":{"@type":"PropertyValueSpecification","valueRequired":true,"valueName":"search_term_string"}}],"inLanguage":"de"},{"@type":"Organization","@id":"https:\/\/marktxxl.de\/markt\/#organization","name":"Markt-XXL","url":"https:\/\/marktxxl.de\/markt\/","logo":{"@type":"ImageObject","inLanguage":"de","@id":"https:\/\/marktxxl.de\/markt\/#\/schema\/logo\/image\/","url":"https:\/\/marktxxl.de\/markt\/wp-content\/uploads\/sites\/3\/2020\/12\/logo.png","contentUrl":"https:\/\/marktxxl.de\/markt\/wp-content\/uploads\/sites\/3\/2020\/12\/logo.png","width":200,"height":70,"caption":"Markt-XXL"},"image":{"@id":"https:\/\/marktxxl.de\/markt\/#\/schema\/logo\/image\/"}}]}},"_links":{"self":[{"href":"https:\/\/marktxxl.de\/markt\/wp-json\/wp\/v2\/product\/88795","targetHints":{"allow":["GET"]}}],"collection":[{"href":"https:\/\/marktxxl.de\/markt\/wp-json\/wp\/v2\/product"}],"about":[{"href":"https:\/\/marktxxl.de\/markt\/wp-json\/wp\/v2\/types\/product"}],"replies":[{"embeddable":true,"href":"https:\/\/marktxxl.de\/markt\/wp-json\/wp\/v2\/comments?post=88795"}],"wp:featuredmedia":[{"embeddable":true,"href":"https:\/\/marktxxl.de\/markt\/wp-json\/wp\/v2\/media\/88796"}],"wp:attachment":[{"href":"https:\/\/marktxxl.de\/markt\/wp-json\/wp\/v2\/media?parent=88795"}],"wp:term":[{"taxonomy":"product_brand","embeddable":true,"href":"https:\/\/marktxxl.de\/markt\/wp-json\/wp\/v2\/product_brand?post=88795"},{"taxonomy":"product_cat","embeddable":true,"href":"https:\/\/marktxxl.de\/markt\/wp-json\/wp\/v2\/product_cat?post=88795"},{"taxonomy":"product_tag","embeddable":true,"href":"https:\/\/marktxxl.de\/markt\/wp-json\/wp\/v2\/product_tag?post=88795"}],"curies":[{"name":"wp","href":"https:\/\/api.w.org\/{rel}","templated":true}]}}