{"id":88505,"date":"2021-12-28T18:04:24","date_gmt":"2021-12-28T17:04:24","guid":{"rendered":"https:\/\/marktxxl.de\/markt\/produkt\/koala-microfaser-reinigungstuch-computer-elektronik-glaeser-tv-digitaler-bildschirm-kamera-staub-und-streifen-frei-premium-optische-qualitaet-usa-gemacht-xl-6x7-size-6-pack\/"},"modified":"2023-04-11T03:08:27","modified_gmt":"2023-04-11T01:08:27","slug":"koala-microfaser-reinigungstuch-computer-elektronik-glaeser-tv-digitaler-bildschirm-kamera-staub-und-streifen-frei-premium-optische-qualitaet-usa-gemacht-xl-6x7-size-6-pack","status":"publish","type":"product","link":"https:\/\/marktxxl.de\/markt\/produkt\/koala-microfaser-reinigungstuch-computer-elektronik-glaeser-tv-digitaler-bildschirm-kamera-staub-und-streifen-frei-premium-optische-qualitaet-usa-gemacht-xl-6x7-size-6-pack\/","title":{"rendered":"Koala Microfaser Reinigungstuch | Computer, Elektronik, Gl\u00e4ser, TV, Digitaler Bildschirm, Kamera | Staub und Streifen\u2026"},"content":{"rendered":"<p>GREAT VALUE &#8211; Beinhaltet sechs 6 x 7 &#8220;extra gro\u00dfe XL American made Premium optische Qualit\u00e4t Mikrofaser Koala Kloths | Ideal f\u00fcr Sonnenbrillen, Brillen, Lesen<br \/>\nHIGH TECH &#8211; Das erweiterte, speziell behandelte Mikrofaser-Garn von Koala Kloth ist so dicht, dass es einf\u00e4ngt<br \/>\nSUPER DENSE &#8211; Ein Gramm Koala Kloth hat 25.700cm Filamentfl\u00e4che gegen\u00fcber 8.500cm auf vergleichbaren T\u00fcchern Gewebe wird f\u00fcr zus\u00e4tzliche Kapillarfunktion behandelt, um Wasser und \u00d6le zu absorbieren<br \/>\nVIELE ANWENDUNGEN &#8211; Perfekt f\u00fcr Brillen, Kameralinsen und Elektronik einschlie\u00dflich TVs, Apple iPhones, Macs, iPads, Laptops, Tabletten, Smartphones, Digitalmonitore und Auto Touchscreens Staub und Streifen frei | Auch f\u00fcr die Musikinstrumentenreinigung<br \/>\nVERR\u00dcCKTE QUALIT\u00c4T &#8211; Koala Kloths werden in den USA hergestellt, super hochwertig und von unserem Koala Lifestime Promise unterst\u00fctzt Geben Sie sie aus irgendeinem Grund zur\u00fcck, wenn sie nicht das beste Reinigungstuch sind, das Sie jemals benutzt haben<br \/>\n<div class=\"main-cross-sell\" data-asin=\"B072NC76XS\">\n\n\t<div class=\"WooZone-cross-sell-loader\">\n\t\t<div>\n\t\t\t<div id=\"floatingBarsG\">\n\t\t\t\t<div class=\"blockG\" id=\"rotateG_01\"><\/div>\n\t\t\t\t<div class=\"blockG\" id=\"rotateG_02\"><\/div>\n\t\t\t\t<div class=\"blockG\" id=\"rotateG_03\"><\/div>\n\t\t\t\t<div class=\"blockG\" id=\"rotateG_04\"><\/div>\n\t\t\t\t<div class=\"blockG\" id=\"rotateG_05\"><\/div>\n\t\t\t\t<div class=\"blockG\" id=\"rotateG_06\"><\/div>\n\t\t\t\t<div class=\"blockG\" id=\"rotateG_07\"><\/div>\n\t\t\t\t<div class=\"blockG\" id=\"rotateG_08\"><\/div>\n\t\t\t<\/div>\n\t\t\t<div class=\"WooZone-cross-sell-loader-text\"><\/div>\n\t\t<\/div>\n\t<\/div>\n\n\t\t\n<\/div>\n<div style=\"clear:both;\"><\/div><\/p>\n","protected":false},"excerpt":{"rendered":"<p>GREAT VALUE &#8211; Beinhaltet sechs 6 x 7 &#8220;extra gro\u00dfe XL American made Premium optische Qualit\u00e4t Mikrofaser Koala Kloths | Ideal f\u00fcr Sonnenbrillen, Brillen, Lesen<br \/>\nHIGH TECH &#8211; Das erweiterte, speziell behandelte Mikrofaser-Garn von Koala Kloth ist so dicht, dass es einf\u00e4ngt<br \/>\nSUPER DENSE &#8211; Ein Gramm Koala Kloth hat 25.700cm Filamentfl\u00e4che gegen\u00fcber 8.500cm auf vergleichbaren T\u00fcchern Gewebe wird f\u00fcr zus\u00e4tzliche Kapillarfunktion behandelt, um Wasser und \u00d6le zu absorbieren<\/p>\n","protected":false},"featured_media":88506,"comment_status":"open","ping_status":"closed","template":"","meta":[],"product_brand":[],"product_cat":[566,5775],"product_tag":[],"class_list":{"0":"post-88505","1":"product","2":"type-product","3":"status-publish","4":"has-post-thumbnail","6":"product_cat-drogerie-koerperpflege","7":"product_cat-kontaktlinsen-brillen","8":"pa_binding-textilien","9":"pa_brand-koala-lifestyle","11":"first","12":"instock","13":"shipping-taxable","14":"purchasable","15":"product-type-simple","16":"customify-col","17":"product-has-gallery"},"yoast_head":"<!-- This site is optimized with the Yoast SEO plugin v27.4 - https:\/\/yoast.com\/product\/yoast-seo-wordpress\/ -->\n<title>Koala Microfaser Reinigungstuch | Computer, Elektronik, Gl\u00e4ser, TV, Digitaler Bildschirm, Kamera | Staub und Streifen\u2026 - Markt-XXL<\/title>\n<meta name=\"description\" content=\"Markt-XXL Koala Microfaser Reinigungstuch | Computer, Elektronik, Gl\u00e4ser, TV, Digitaler Bildschirm, Kamera | Staub und Streifen\u2026\" \/>\n<meta name=\"robots\" content=\"index, follow, max-snippet:-1, max-image-preview:large, max-video-preview:-1\" \/>\n<link rel=\"canonical\" href=\"https:\/\/marktxxl.de\/markt\/produkt\/koala-microfaser-reinigungstuch-computer-elektronik-glaeser-tv-digitaler-bildschirm-kamera-staub-und-streifen-frei-premium-optische-qualitaet-usa-gemacht-xl-6x7-size-6-pack\/\" \/>\n<meta property=\"og:locale\" content=\"de_DE\" \/>\n<meta property=\"og:type\" content=\"article\" \/>\n<meta property=\"og:title\" content=\"Koala Microfaser Reinigungstuch | Computer, Elektronik, Gl\u00e4ser, TV, Digitaler Bildschirm, Kamera | Staub und Streifen\u2026 - Markt-XXL\" \/>\n<meta property=\"og:description\" content=\"Markt-XXL Koala Microfaser Reinigungstuch | Computer, Elektronik, Gl\u00e4ser, TV, Digitaler Bildschirm, Kamera | Staub und Streifen\u2026\" \/>\n<meta property=\"og:url\" content=\"https:\/\/marktxxl.de\/markt\/produkt\/koala-microfaser-reinigungstuch-computer-elektronik-glaeser-tv-digitaler-bildschirm-kamera-staub-und-streifen-frei-premium-optische-qualitaet-usa-gemacht-xl-6x7-size-6-pack\/\" \/>\n<meta property=\"og:site_name\" content=\"Markt-XXL\" \/>\n<meta property=\"article:modified_time\" content=\"2023-04-11T01:08:27+00:00\" \/>\n<meta property=\"og:image\" content=\"https:\/\/m.media-amazon.com\/images\/I\/51eINmmrevL._SL500_.jpg\" \/>\n\t<meta property=\"og:image:width\" content=\"500\" \/>\n\t<meta property=\"og:image:height\" content=\"500\" \/>\n\t<meta property=\"og:image:type\" content=\"image\/jpeg\" \/>\n<meta name=\"twitter:card\" content=\"summary_large_image\" \/>\n<meta name=\"twitter:label1\" content=\"Gesch\u00e4tzte Lesezeit\" \/>\n\t<meta name=\"twitter:data1\" content=\"1\u00a0Minute\" \/>\n<script type=\"application\/ld+json\" class=\"yoast-schema-graph\">{\"@context\":\"https:\\\/\\\/schema.org\",\"@graph\":[{\"@type\":\"WebPage\",\"@id\":\"https:\\\/\\\/marktxxl.de\\\/markt\\\/produkt\\\/koala-microfaser-reinigungstuch-computer-elektronik-glaeser-tv-digitaler-bildschirm-kamera-staub-und-streifen-frei-premium-optische-qualitaet-usa-gemacht-xl-6x7-size-6-pack\\\/\",\"url\":\"https:\\\/\\\/marktxxl.de\\\/markt\\\/produkt\\\/koala-microfaser-reinigungstuch-computer-elektronik-glaeser-tv-digitaler-bildschirm-kamera-staub-und-streifen-frei-premium-optische-qualitaet-usa-gemacht-xl-6x7-size-6-pack\\\/\",\"name\":\"Koala Microfaser Reinigungstuch | Computer, Elektronik, Gl\u00e4ser, TV, Digitaler Bildschirm, Kamera | Staub und Streifen\u2026 - Markt-XXL\",\"isPartOf\":{\"@id\":\"https:\\\/\\\/marktxxl.de\\\/markt\\\/#website\"},\"primaryImageOfPage\":{\"@id\":\"https:\\\/\\\/marktxxl.de\\\/markt\\\/produkt\\\/koala-microfaser-reinigungstuch-computer-elektronik-glaeser-tv-digitaler-bildschirm-kamera-staub-und-streifen-frei-premium-optische-qualitaet-usa-gemacht-xl-6x7-size-6-pack\\\/#primaryimage\"},\"image\":{\"@id\":\"https:\\\/\\\/marktxxl.de\\\/markt\\\/produkt\\\/koala-microfaser-reinigungstuch-computer-elektronik-glaeser-tv-digitaler-bildschirm-kamera-staub-und-streifen-frei-premium-optische-qualitaet-usa-gemacht-xl-6x7-size-6-pack\\\/#primaryimage\"},\"thumbnailUrl\":\"https:\\\/\\\/m.media-amazon.com\\\/images\\\/I\\\/51eINmmrevL._SL500_.jpg\",\"datePublished\":\"2021-12-28T17:04:24+00:00\",\"dateModified\":\"2023-04-11T01:08:27+00:00\",\"description\":\"Markt-XXL Koala Microfaser Reinigungstuch | Computer, Elektronik, Gl\u00e4ser, TV, Digitaler Bildschirm, Kamera | Staub und Streifen\u2026\",\"breadcrumb\":{\"@id\":\"https:\\\/\\\/marktxxl.de\\\/markt\\\/produkt\\\/koala-microfaser-reinigungstuch-computer-elektronik-glaeser-tv-digitaler-bildschirm-kamera-staub-und-streifen-frei-premium-optische-qualitaet-usa-gemacht-xl-6x7-size-6-pack\\\/#breadcrumb\"},\"inLanguage\":\"de\",\"potentialAction\":[{\"@type\":\"ReadAction\",\"target\":[\"https:\\\/\\\/marktxxl.de\\\/markt\\\/produkt\\\/koala-microfaser-reinigungstuch-computer-elektronik-glaeser-tv-digitaler-bildschirm-kamera-staub-und-streifen-frei-premium-optische-qualitaet-usa-gemacht-xl-6x7-size-6-pack\\\/\"]}]},{\"@type\":\"ImageObject\",\"inLanguage\":\"de\",\"@id\":\"https:\\\/\\\/marktxxl.de\\\/markt\\\/produkt\\\/koala-microfaser-reinigungstuch-computer-elektronik-glaeser-tv-digitaler-bildschirm-kamera-staub-und-streifen-frei-premium-optische-qualitaet-usa-gemacht-xl-6x7-size-6-pack\\\/#primaryimage\",\"url\":\"https:\\\/\\\/m.media-amazon.com\\\/images\\\/I\\\/51eINmmrevL._SL500_.jpg\",\"contentUrl\":\"https:\\\/\\\/m.media-amazon.com\\\/images\\\/I\\\/51eINmmrevL._SL500_.jpg\",\"width\":500,\"height\":500},{\"@type\":\"BreadcrumbList\",\"@id\":\"https:\\\/\\\/marktxxl.de\\\/markt\\\/produkt\\\/koala-microfaser-reinigungstuch-computer-elektronik-glaeser-tv-digitaler-bildschirm-kamera-staub-und-streifen-frei-premium-optische-qualitaet-usa-gemacht-xl-6x7-size-6-pack\\\/#breadcrumb\",\"itemListElement\":[{\"@type\":\"ListItem\",\"position\":1,\"name\":\"Startseite\",\"item\":\"https:\\\/\\\/marktxxl.de\\\/markt\\\/\"},{\"@type\":\"ListItem\",\"position\":2,\"name\":\"Markt\",\"item\":\"https:\\\/\\\/marktxxl.de\\\/markt\\\/\"},{\"@type\":\"ListItem\",\"position\":3,\"name\":\"Koala Microfaser Reinigungstuch | Computer, Elektronik, Gl\u00e4ser, TV, Digitaler Bildschirm, Kamera | Staub und Streifen\u2026\"}]},{\"@type\":\"WebSite\",\"@id\":\"https:\\\/\\\/marktxxl.de\\\/markt\\\/#website\",\"url\":\"https:\\\/\\\/marktxxl.de\\\/markt\\\/\",\"name\":\"Markt-XXL\",\"description\":\"Ihr Markt Online\",\"publisher\":{\"@id\":\"https:\\\/\\\/marktxxl.de\\\/markt\\\/#organization\"},\"potentialAction\":[{\"@type\":\"SearchAction\",\"target\":{\"@type\":\"EntryPoint\",\"urlTemplate\":\"https:\\\/\\\/marktxxl.de\\\/markt\\\/?s={search_term_string}\"},\"query-input\":{\"@type\":\"PropertyValueSpecification\",\"valueRequired\":true,\"valueName\":\"search_term_string\"}}],\"inLanguage\":\"de\"},{\"@type\":\"Organization\",\"@id\":\"https:\\\/\\\/marktxxl.de\\\/markt\\\/#organization\",\"name\":\"Markt-XXL\",\"url\":\"https:\\\/\\\/marktxxl.de\\\/markt\\\/\",\"logo\":{\"@type\":\"ImageObject\",\"inLanguage\":\"de\",\"@id\":\"https:\\\/\\\/marktxxl.de\\\/markt\\\/#\\\/schema\\\/logo\\\/image\\\/\",\"url\":\"https:\\\/\\\/marktxxl.de\\\/markt\\\/wp-content\\\/uploads\\\/sites\\\/3\\\/2020\\\/12\\\/logo.png\",\"contentUrl\":\"https:\\\/\\\/marktxxl.de\\\/markt\\\/wp-content\\\/uploads\\\/sites\\\/3\\\/2020\\\/12\\\/logo.png\",\"width\":200,\"height\":70,\"caption\":\"Markt-XXL\"},\"image\":{\"@id\":\"https:\\\/\\\/marktxxl.de\\\/markt\\\/#\\\/schema\\\/logo\\\/image\\\/\"}}]}<\/script>\n<!-- \/ Yoast SEO plugin. -->","yoast_head_json":{"title":"Koala Microfaser Reinigungstuch | Computer, Elektronik, Gl\u00e4ser, TV, Digitaler Bildschirm, Kamera | Staub und Streifen\u2026 - Markt-XXL","description":"Markt-XXL Koala Microfaser Reinigungstuch | Computer, Elektronik, Gl\u00e4ser, TV, Digitaler Bildschirm, Kamera | Staub und Streifen\u2026","robots":{"index":"index","follow":"follow","max-snippet":"max-snippet:-1","max-image-preview":"max-image-preview:large","max-video-preview":"max-video-preview:-1"},"canonical":"https:\/\/marktxxl.de\/markt\/produkt\/koala-microfaser-reinigungstuch-computer-elektronik-glaeser-tv-digitaler-bildschirm-kamera-staub-und-streifen-frei-premium-optische-qualitaet-usa-gemacht-xl-6x7-size-6-pack\/","og_locale":"de_DE","og_type":"article","og_title":"Koala Microfaser Reinigungstuch | Computer, Elektronik, Gl\u00e4ser, TV, Digitaler Bildschirm, Kamera | Staub und Streifen\u2026 - Markt-XXL","og_description":"Markt-XXL Koala Microfaser Reinigungstuch | Computer, Elektronik, Gl\u00e4ser, TV, Digitaler Bildschirm, Kamera | Staub und Streifen\u2026","og_url":"https:\/\/marktxxl.de\/markt\/produkt\/koala-microfaser-reinigungstuch-computer-elektronik-glaeser-tv-digitaler-bildschirm-kamera-staub-und-streifen-frei-premium-optische-qualitaet-usa-gemacht-xl-6x7-size-6-pack\/","og_site_name":"Markt-XXL","article_modified_time":"2023-04-11T01:08:27+00:00","og_image":[{"width":500,"height":500,"url":"https:\/\/m.media-amazon.com\/images\/I\/51eINmmrevL._SL500_.jpg","type":"image\/jpeg"}],"twitter_card":"summary_large_image","twitter_misc":{"Gesch\u00e4tzte Lesezeit":"1\u00a0Minute"},"schema":{"@context":"https:\/\/schema.org","@graph":[{"@type":"WebPage","@id":"https:\/\/marktxxl.de\/markt\/produkt\/koala-microfaser-reinigungstuch-computer-elektronik-glaeser-tv-digitaler-bildschirm-kamera-staub-und-streifen-frei-premium-optische-qualitaet-usa-gemacht-xl-6x7-size-6-pack\/","url":"https:\/\/marktxxl.de\/markt\/produkt\/koala-microfaser-reinigungstuch-computer-elektronik-glaeser-tv-digitaler-bildschirm-kamera-staub-und-streifen-frei-premium-optische-qualitaet-usa-gemacht-xl-6x7-size-6-pack\/","name":"Koala Microfaser Reinigungstuch | Computer, Elektronik, Gl\u00e4ser, TV, Digitaler Bildschirm, Kamera | Staub und Streifen\u2026 - Markt-XXL","isPartOf":{"@id":"https:\/\/marktxxl.de\/markt\/#website"},"primaryImageOfPage":{"@id":"https:\/\/marktxxl.de\/markt\/produkt\/koala-microfaser-reinigungstuch-computer-elektronik-glaeser-tv-digitaler-bildschirm-kamera-staub-und-streifen-frei-premium-optische-qualitaet-usa-gemacht-xl-6x7-size-6-pack\/#primaryimage"},"image":{"@id":"https:\/\/marktxxl.de\/markt\/produkt\/koala-microfaser-reinigungstuch-computer-elektronik-glaeser-tv-digitaler-bildschirm-kamera-staub-und-streifen-frei-premium-optische-qualitaet-usa-gemacht-xl-6x7-size-6-pack\/#primaryimage"},"thumbnailUrl":"https:\/\/m.media-amazon.com\/images\/I\/51eINmmrevL._SL500_.jpg","datePublished":"2021-12-28T17:04:24+00:00","dateModified":"2023-04-11T01:08:27+00:00","description":"Markt-XXL Koala Microfaser Reinigungstuch | Computer, Elektronik, Gl\u00e4ser, TV, Digitaler Bildschirm, Kamera | Staub und Streifen\u2026","breadcrumb":{"@id":"https:\/\/marktxxl.de\/markt\/produkt\/koala-microfaser-reinigungstuch-computer-elektronik-glaeser-tv-digitaler-bildschirm-kamera-staub-und-streifen-frei-premium-optische-qualitaet-usa-gemacht-xl-6x7-size-6-pack\/#breadcrumb"},"inLanguage":"de","potentialAction":[{"@type":"ReadAction","target":["https:\/\/marktxxl.de\/markt\/produkt\/koala-microfaser-reinigungstuch-computer-elektronik-glaeser-tv-digitaler-bildschirm-kamera-staub-und-streifen-frei-premium-optische-qualitaet-usa-gemacht-xl-6x7-size-6-pack\/"]}]},{"@type":"ImageObject","inLanguage":"de","@id":"https:\/\/marktxxl.de\/markt\/produkt\/koala-microfaser-reinigungstuch-computer-elektronik-glaeser-tv-digitaler-bildschirm-kamera-staub-und-streifen-frei-premium-optische-qualitaet-usa-gemacht-xl-6x7-size-6-pack\/#primaryimage","url":"https:\/\/m.media-amazon.com\/images\/I\/51eINmmrevL._SL500_.jpg","contentUrl":"https:\/\/m.media-amazon.com\/images\/I\/51eINmmrevL._SL500_.jpg","width":500,"height":500},{"@type":"BreadcrumbList","@id":"https:\/\/marktxxl.de\/markt\/produkt\/koala-microfaser-reinigungstuch-computer-elektronik-glaeser-tv-digitaler-bildschirm-kamera-staub-und-streifen-frei-premium-optische-qualitaet-usa-gemacht-xl-6x7-size-6-pack\/#breadcrumb","itemListElement":[{"@type":"ListItem","position":1,"name":"Startseite","item":"https:\/\/marktxxl.de\/markt\/"},{"@type":"ListItem","position":2,"name":"Markt","item":"https:\/\/marktxxl.de\/markt\/"},{"@type":"ListItem","position":3,"name":"Koala Microfaser Reinigungstuch | Computer, Elektronik, Gl\u00e4ser, TV, Digitaler Bildschirm, Kamera | Staub und Streifen\u2026"}]},{"@type":"WebSite","@id":"https:\/\/marktxxl.de\/markt\/#website","url":"https:\/\/marktxxl.de\/markt\/","name":"Markt-XXL","description":"Ihr Markt Online","publisher":{"@id":"https:\/\/marktxxl.de\/markt\/#organization"},"potentialAction":[{"@type":"SearchAction","target":{"@type":"EntryPoint","urlTemplate":"https:\/\/marktxxl.de\/markt\/?s={search_term_string}"},"query-input":{"@type":"PropertyValueSpecification","valueRequired":true,"valueName":"search_term_string"}}],"inLanguage":"de"},{"@type":"Organization","@id":"https:\/\/marktxxl.de\/markt\/#organization","name":"Markt-XXL","url":"https:\/\/marktxxl.de\/markt\/","logo":{"@type":"ImageObject","inLanguage":"de","@id":"https:\/\/marktxxl.de\/markt\/#\/schema\/logo\/image\/","url":"https:\/\/marktxxl.de\/markt\/wp-content\/uploads\/sites\/3\/2020\/12\/logo.png","contentUrl":"https:\/\/marktxxl.de\/markt\/wp-content\/uploads\/sites\/3\/2020\/12\/logo.png","width":200,"height":70,"caption":"Markt-XXL"},"image":{"@id":"https:\/\/marktxxl.de\/markt\/#\/schema\/logo\/image\/"}}]}},"_links":{"self":[{"href":"https:\/\/marktxxl.de\/markt\/wp-json\/wp\/v2\/product\/88505","targetHints":{"allow":["GET"]}}],"collection":[{"href":"https:\/\/marktxxl.de\/markt\/wp-json\/wp\/v2\/product"}],"about":[{"href":"https:\/\/marktxxl.de\/markt\/wp-json\/wp\/v2\/types\/product"}],"replies":[{"embeddable":true,"href":"https:\/\/marktxxl.de\/markt\/wp-json\/wp\/v2\/comments?post=88505"}],"wp:featuredmedia":[{"embeddable":true,"href":"https:\/\/marktxxl.de\/markt\/wp-json\/wp\/v2\/media\/88506"}],"wp:attachment":[{"href":"https:\/\/marktxxl.de\/markt\/wp-json\/wp\/v2\/media?parent=88505"}],"wp:term":[{"taxonomy":"product_brand","embeddable":true,"href":"https:\/\/marktxxl.de\/markt\/wp-json\/wp\/v2\/product_brand?post=88505"},{"taxonomy":"product_cat","embeddable":true,"href":"https:\/\/marktxxl.de\/markt\/wp-json\/wp\/v2\/product_cat?post=88505"},{"taxonomy":"product_tag","embeddable":true,"href":"https:\/\/marktxxl.de\/markt\/wp-json\/wp\/v2\/product_tag?post=88505"}],"curies":[{"name":"wp","href":"https:\/\/api.w.org\/{rel}","templated":true}]}}