{"id":88293,"date":"2021-12-28T17:54:29","date_gmt":"2021-12-28T16:54:29","guid":{"rendered":"https:\/\/marktxxl.de\/markt\/produkt\/weisser-riese-universal-pulver-100-waschladungen-vollwaschmittel-extra-stark-gegen-flecken-ergiebiges-waschpulver-ideal-fuer-familien-mit-kindern\/"},"modified":"2023-04-11T03:07:23","modified_gmt":"2023-04-11T01:07:23","slug":"weisser-riese-universal-pulver-100-waschladungen-vollwaschmittel-extra-stark-gegen-flecken-ergiebiges-waschpulver-ideal-fuer-familien-mit-kindern","status":"publish","type":"product","link":"https:\/\/marktxxl.de\/markt\/produkt\/weisser-riese-universal-pulver-100-waschladungen-vollwaschmittel-extra-stark-gegen-flecken-ergiebiges-waschpulver-ideal-fuer-familien-mit-kindern\/","title":{"rendered":"Wei\u00dfer Riese Universal Pulver umweltfreundliches Waschmittel mit sommerlichem Duft, 1er Pack Gro\u00dfpackung Waschpulver (1\u2026"},"content":{"rendered":"<p>Extra stark gegen Flecken \u2013 Dank seiner Riesen-Waschkraft mit Aktiv-Fleckl\u00f6ser ist das Waschmittel Pulver besonders ergiebig und l\u00f6st beim W\u00e4schewaschen selbst st\u00e4rksten Schmutz.<br \/>\nIdeal f\u00fcr Familien \u2013 Die besondere Ergiebigkeit und hochwirksame Waschkraft machen das Waschmittel f\u00fcr wei\u00dfe W\u00e4sche zum idealen Waschmittel f\u00fcr Familien mit Kindern.<br \/>\nRiesen Frische Kraft \u2013 Mit der Riesen Frische Kraft sorgt das Wei\u00dfer Riese Universal Waschmittel f\u00fcr ein angenehmes Frischegef\u00fchl und strahlend saubere W\u00e4sche.<br \/>\nLanganhaltender Duft \u2013 Dank der verbesserten Parf\u00fcmtechnologie des Universal Pulvers duftet die W\u00e4sche besonders lange wie frisch von der Leine.<br \/>\nSchont die Umwelt \u2013 Schon bei 20 \u00b0C lassen sich gute Waschergebnisse mit dem Universal Pulver erzielen. So sorgt es f\u00fcr strahlende helle und wei\u00dfe W\u00e4sche und schont die Umwelt.<br \/>\nHinweis: Die Abbildungen k\u00f6nnen leichte Abweichungen zu dem gelieferten Artikel aufweisen.<br \/>\n<div class=\"main-cross-sell\" data-asin=\"B004DNVFKY\">\n\n\t<div class=\"WooZone-cross-sell-loader\">\n\t\t<div>\n\t\t\t<div id=\"floatingBarsG\">\n\t\t\t\t<div class=\"blockG\" id=\"rotateG_01\"><\/div>\n\t\t\t\t<div class=\"blockG\" id=\"rotateG_02\"><\/div>\n\t\t\t\t<div class=\"blockG\" id=\"rotateG_03\"><\/div>\n\t\t\t\t<div class=\"blockG\" id=\"rotateG_04\"><\/div>\n\t\t\t\t<div class=\"blockG\" id=\"rotateG_05\"><\/div>\n\t\t\t\t<div class=\"blockG\" id=\"rotateG_06\"><\/div>\n\t\t\t\t<div class=\"blockG\" id=\"rotateG_07\"><\/div>\n\t\t\t\t<div class=\"blockG\" id=\"rotateG_08\"><\/div>\n\t\t\t<\/div>\n\t\t\t<div class=\"WooZone-cross-sell-loader-text\"><\/div>\n\t\t<\/div>\n\t<\/div>\n\n\t\t\n<\/div>\n<div style=\"clear:both;\"><\/div><\/p>\n","protected":false},"excerpt":{"rendered":"<p>Extra stark gegen Flecken \u2013 Dank seiner Riesen-Waschkraft mit Aktiv-Fleckl\u00f6ser ist das Waschmittel Pulver besonders ergiebig und l\u00f6st beim W\u00e4schewaschen selbst st\u00e4rksten Schmutz.<br \/>\nIdeal f\u00fcr Familien \u2013 Die besondere Ergiebigkeit und hochwirksame Waschkraft machen das Waschmittel f\u00fcr wei\u00dfe W\u00e4sche zum idealen Waschmittel f\u00fcr Familien mit Kindern.<br \/>\nRiesen Frische Kraft \u2013 Mit der Riesen Frische Kraft sorgt das Wei\u00dfer Riese Universal Waschmittel f\u00fcr ein angenehmes Frischegef\u00fchl und strahlend saubere W\u00e4sche.<\/p>\n","protected":false},"featured_media":88294,"comment_status":"open","ping_status":"closed","template":"","meta":[],"product_brand":[],"product_cat":[566,5467],"product_tag":[],"class_list":{"0":"post-88293","1":"product","2":"type-product","3":"status-publish","4":"has-post-thumbnail","6":"product_cat-drogerie-koerperpflege","7":"product_cat-haushaltswaren-reinigungsmittel","8":"pa_binding-elektronik","9":"pa_brand-weisser-riese","10":"pa_manufacturer-weisser-riese","11":"pa_model-wo10p","12":"pa_size-5-5-kg-1er-pack","14":"first","15":"instock","16":"shipping-taxable","17":"purchasable","18":"product-type-simple","19":"customify-col","20":"product-has-gallery"},"yoast_head":"<!-- This site is optimized with the Yoast SEO plugin v27.4 - https:\/\/yoast.com\/product\/yoast-seo-wordpress\/ -->\n<title>Wei\u00dfer Riese Universal Pulver umweltfreundliches Waschmittel mit sommerlichem Duft, 1er Pack Gro\u00dfpackung Waschpulver (1\u2026 - Markt-XXL<\/title>\n<meta name=\"description\" content=\"Markt-XXL Wei\u00dfer Riese Universal Pulver umweltfreundliches Waschmittel mit sommerlichem Duft, 1er Pack Gro\u00dfpackung Waschpulver (1\u2026\" \/>\n<meta name=\"robots\" content=\"index, follow, max-snippet:-1, max-image-preview:large, max-video-preview:-1\" \/>\n<link rel=\"canonical\" href=\"https:\/\/marktxxl.de\/markt\/produkt\/weisser-riese-universal-pulver-100-waschladungen-vollwaschmittel-extra-stark-gegen-flecken-ergiebiges-waschpulver-ideal-fuer-familien-mit-kindern\/\" \/>\n<meta property=\"og:locale\" content=\"de_DE\" \/>\n<meta property=\"og:type\" content=\"article\" \/>\n<meta property=\"og:title\" content=\"Wei\u00dfer Riese Universal Pulver umweltfreundliches Waschmittel mit sommerlichem Duft, 1er Pack Gro\u00dfpackung Waschpulver (1\u2026 - Markt-XXL\" \/>\n<meta property=\"og:description\" content=\"Markt-XXL Wei\u00dfer Riese Universal Pulver umweltfreundliches Waschmittel mit sommerlichem Duft, 1er Pack Gro\u00dfpackung Waschpulver (1\u2026\" \/>\n<meta property=\"og:url\" content=\"https:\/\/marktxxl.de\/markt\/produkt\/weisser-riese-universal-pulver-100-waschladungen-vollwaschmittel-extra-stark-gegen-flecken-ergiebiges-waschpulver-ideal-fuer-familien-mit-kindern\/\" \/>\n<meta property=\"og:site_name\" content=\"Markt-XXL\" \/>\n<meta property=\"article:modified_time\" content=\"2023-04-11T01:07:23+00:00\" \/>\n<meta property=\"og:image\" content=\"https:\/\/m.media-amazon.com\/images\/I\/513w3tmRabL._SL500_.jpg\" \/>\n\t<meta property=\"og:image:width\" content=\"341\" \/>\n\t<meta property=\"og:image:height\" content=\"500\" \/>\n\t<meta property=\"og:image:type\" content=\"image\/jpeg\" \/>\n<meta name=\"twitter:card\" content=\"summary_large_image\" \/>\n<meta name=\"twitter:label1\" content=\"Gesch\u00e4tzte Lesezeit\" \/>\n\t<meta name=\"twitter:data1\" content=\"1\u00a0Minute\" \/>\n<script type=\"application\/ld+json\" class=\"yoast-schema-graph\">{\"@context\":\"https:\\\/\\\/schema.org\",\"@graph\":[{\"@type\":\"WebPage\",\"@id\":\"https:\\\/\\\/marktxxl.de\\\/markt\\\/produkt\\\/weisser-riese-universal-pulver-100-waschladungen-vollwaschmittel-extra-stark-gegen-flecken-ergiebiges-waschpulver-ideal-fuer-familien-mit-kindern\\\/\",\"url\":\"https:\\\/\\\/marktxxl.de\\\/markt\\\/produkt\\\/weisser-riese-universal-pulver-100-waschladungen-vollwaschmittel-extra-stark-gegen-flecken-ergiebiges-waschpulver-ideal-fuer-familien-mit-kindern\\\/\",\"name\":\"Wei\u00dfer Riese Universal Pulver umweltfreundliches Waschmittel mit sommerlichem Duft, 1er Pack Gro\u00dfpackung Waschpulver (1\u2026 - Markt-XXL\",\"isPartOf\":{\"@id\":\"https:\\\/\\\/marktxxl.de\\\/markt\\\/#website\"},\"primaryImageOfPage\":{\"@id\":\"https:\\\/\\\/marktxxl.de\\\/markt\\\/produkt\\\/weisser-riese-universal-pulver-100-waschladungen-vollwaschmittel-extra-stark-gegen-flecken-ergiebiges-waschpulver-ideal-fuer-familien-mit-kindern\\\/#primaryimage\"},\"image\":{\"@id\":\"https:\\\/\\\/marktxxl.de\\\/markt\\\/produkt\\\/weisser-riese-universal-pulver-100-waschladungen-vollwaschmittel-extra-stark-gegen-flecken-ergiebiges-waschpulver-ideal-fuer-familien-mit-kindern\\\/#primaryimage\"},\"thumbnailUrl\":\"https:\\\/\\\/m.media-amazon.com\\\/images\\\/I\\\/513w3tmRabL._SL500_.jpg\",\"datePublished\":\"2021-12-28T16:54:29+00:00\",\"dateModified\":\"2023-04-11T01:07:23+00:00\",\"description\":\"Markt-XXL Wei\u00dfer Riese Universal Pulver umweltfreundliches Waschmittel mit sommerlichem Duft, 1er Pack Gro\u00dfpackung Waschpulver (1\u2026\",\"breadcrumb\":{\"@id\":\"https:\\\/\\\/marktxxl.de\\\/markt\\\/produkt\\\/weisser-riese-universal-pulver-100-waschladungen-vollwaschmittel-extra-stark-gegen-flecken-ergiebiges-waschpulver-ideal-fuer-familien-mit-kindern\\\/#breadcrumb\"},\"inLanguage\":\"de\",\"potentialAction\":[{\"@type\":\"ReadAction\",\"target\":[\"https:\\\/\\\/marktxxl.de\\\/markt\\\/produkt\\\/weisser-riese-universal-pulver-100-waschladungen-vollwaschmittel-extra-stark-gegen-flecken-ergiebiges-waschpulver-ideal-fuer-familien-mit-kindern\\\/\"]}]},{\"@type\":\"ImageObject\",\"inLanguage\":\"de\",\"@id\":\"https:\\\/\\\/marktxxl.de\\\/markt\\\/produkt\\\/weisser-riese-universal-pulver-100-waschladungen-vollwaschmittel-extra-stark-gegen-flecken-ergiebiges-waschpulver-ideal-fuer-familien-mit-kindern\\\/#primaryimage\",\"url\":\"https:\\\/\\\/m.media-amazon.com\\\/images\\\/I\\\/513w3tmRabL._SL500_.jpg\",\"contentUrl\":\"https:\\\/\\\/m.media-amazon.com\\\/images\\\/I\\\/513w3tmRabL._SL500_.jpg\",\"width\":341,\"height\":500},{\"@type\":\"BreadcrumbList\",\"@id\":\"https:\\\/\\\/marktxxl.de\\\/markt\\\/produkt\\\/weisser-riese-universal-pulver-100-waschladungen-vollwaschmittel-extra-stark-gegen-flecken-ergiebiges-waschpulver-ideal-fuer-familien-mit-kindern\\\/#breadcrumb\",\"itemListElement\":[{\"@type\":\"ListItem\",\"position\":1,\"name\":\"Startseite\",\"item\":\"https:\\\/\\\/marktxxl.de\\\/markt\\\/\"},{\"@type\":\"ListItem\",\"position\":2,\"name\":\"Markt\",\"item\":\"https:\\\/\\\/marktxxl.de\\\/markt\\\/\"},{\"@type\":\"ListItem\",\"position\":3,\"name\":\"Wei\u00dfer Riese Universal Pulver umweltfreundliches Waschmittel mit sommerlichem Duft, 1er Pack Gro\u00dfpackung Waschpulver (1\u2026\"}]},{\"@type\":\"WebSite\",\"@id\":\"https:\\\/\\\/marktxxl.de\\\/markt\\\/#website\",\"url\":\"https:\\\/\\\/marktxxl.de\\\/markt\\\/\",\"name\":\"Markt-XXL\",\"description\":\"Ihr Markt Online\",\"publisher\":{\"@id\":\"https:\\\/\\\/marktxxl.de\\\/markt\\\/#organization\"},\"potentialAction\":[{\"@type\":\"SearchAction\",\"target\":{\"@type\":\"EntryPoint\",\"urlTemplate\":\"https:\\\/\\\/marktxxl.de\\\/markt\\\/?s={search_term_string}\"},\"query-input\":{\"@type\":\"PropertyValueSpecification\",\"valueRequired\":true,\"valueName\":\"search_term_string\"}}],\"inLanguage\":\"de\"},{\"@type\":\"Organization\",\"@id\":\"https:\\\/\\\/marktxxl.de\\\/markt\\\/#organization\",\"name\":\"Markt-XXL\",\"url\":\"https:\\\/\\\/marktxxl.de\\\/markt\\\/\",\"logo\":{\"@type\":\"ImageObject\",\"inLanguage\":\"de\",\"@id\":\"https:\\\/\\\/marktxxl.de\\\/markt\\\/#\\\/schema\\\/logo\\\/image\\\/\",\"url\":\"https:\\\/\\\/marktxxl.de\\\/markt\\\/wp-content\\\/uploads\\\/sites\\\/3\\\/2020\\\/12\\\/logo.png\",\"contentUrl\":\"https:\\\/\\\/marktxxl.de\\\/markt\\\/wp-content\\\/uploads\\\/sites\\\/3\\\/2020\\\/12\\\/logo.png\",\"width\":200,\"height\":70,\"caption\":\"Markt-XXL\"},\"image\":{\"@id\":\"https:\\\/\\\/marktxxl.de\\\/markt\\\/#\\\/schema\\\/logo\\\/image\\\/\"}}]}<\/script>\n<!-- \/ Yoast SEO plugin. -->","yoast_head_json":{"title":"Wei\u00dfer Riese Universal Pulver umweltfreundliches Waschmittel mit sommerlichem Duft, 1er Pack Gro\u00dfpackung Waschpulver (1\u2026 - Markt-XXL","description":"Markt-XXL Wei\u00dfer Riese Universal Pulver umweltfreundliches Waschmittel mit sommerlichem Duft, 1er Pack Gro\u00dfpackung Waschpulver (1\u2026","robots":{"index":"index","follow":"follow","max-snippet":"max-snippet:-1","max-image-preview":"max-image-preview:large","max-video-preview":"max-video-preview:-1"},"canonical":"https:\/\/marktxxl.de\/markt\/produkt\/weisser-riese-universal-pulver-100-waschladungen-vollwaschmittel-extra-stark-gegen-flecken-ergiebiges-waschpulver-ideal-fuer-familien-mit-kindern\/","og_locale":"de_DE","og_type":"article","og_title":"Wei\u00dfer Riese Universal Pulver umweltfreundliches Waschmittel mit sommerlichem Duft, 1er Pack Gro\u00dfpackung Waschpulver (1\u2026 - Markt-XXL","og_description":"Markt-XXL Wei\u00dfer Riese Universal Pulver umweltfreundliches Waschmittel mit sommerlichem Duft, 1er Pack Gro\u00dfpackung Waschpulver (1\u2026","og_url":"https:\/\/marktxxl.de\/markt\/produkt\/weisser-riese-universal-pulver-100-waschladungen-vollwaschmittel-extra-stark-gegen-flecken-ergiebiges-waschpulver-ideal-fuer-familien-mit-kindern\/","og_site_name":"Markt-XXL","article_modified_time":"2023-04-11T01:07:23+00:00","og_image":[{"width":341,"height":500,"url":"https:\/\/m.media-amazon.com\/images\/I\/513w3tmRabL._SL500_.jpg","type":"image\/jpeg"}],"twitter_card":"summary_large_image","twitter_misc":{"Gesch\u00e4tzte Lesezeit":"1\u00a0Minute"},"schema":{"@context":"https:\/\/schema.org","@graph":[{"@type":"WebPage","@id":"https:\/\/marktxxl.de\/markt\/produkt\/weisser-riese-universal-pulver-100-waschladungen-vollwaschmittel-extra-stark-gegen-flecken-ergiebiges-waschpulver-ideal-fuer-familien-mit-kindern\/","url":"https:\/\/marktxxl.de\/markt\/produkt\/weisser-riese-universal-pulver-100-waschladungen-vollwaschmittel-extra-stark-gegen-flecken-ergiebiges-waschpulver-ideal-fuer-familien-mit-kindern\/","name":"Wei\u00dfer Riese Universal Pulver umweltfreundliches Waschmittel mit sommerlichem Duft, 1er Pack Gro\u00dfpackung Waschpulver (1\u2026 - Markt-XXL","isPartOf":{"@id":"https:\/\/marktxxl.de\/markt\/#website"},"primaryImageOfPage":{"@id":"https:\/\/marktxxl.de\/markt\/produkt\/weisser-riese-universal-pulver-100-waschladungen-vollwaschmittel-extra-stark-gegen-flecken-ergiebiges-waschpulver-ideal-fuer-familien-mit-kindern\/#primaryimage"},"image":{"@id":"https:\/\/marktxxl.de\/markt\/produkt\/weisser-riese-universal-pulver-100-waschladungen-vollwaschmittel-extra-stark-gegen-flecken-ergiebiges-waschpulver-ideal-fuer-familien-mit-kindern\/#primaryimage"},"thumbnailUrl":"https:\/\/m.media-amazon.com\/images\/I\/513w3tmRabL._SL500_.jpg","datePublished":"2021-12-28T16:54:29+00:00","dateModified":"2023-04-11T01:07:23+00:00","description":"Markt-XXL Wei\u00dfer Riese Universal Pulver umweltfreundliches Waschmittel mit sommerlichem Duft, 1er Pack Gro\u00dfpackung Waschpulver (1\u2026","breadcrumb":{"@id":"https:\/\/marktxxl.de\/markt\/produkt\/weisser-riese-universal-pulver-100-waschladungen-vollwaschmittel-extra-stark-gegen-flecken-ergiebiges-waschpulver-ideal-fuer-familien-mit-kindern\/#breadcrumb"},"inLanguage":"de","potentialAction":[{"@type":"ReadAction","target":["https:\/\/marktxxl.de\/markt\/produkt\/weisser-riese-universal-pulver-100-waschladungen-vollwaschmittel-extra-stark-gegen-flecken-ergiebiges-waschpulver-ideal-fuer-familien-mit-kindern\/"]}]},{"@type":"ImageObject","inLanguage":"de","@id":"https:\/\/marktxxl.de\/markt\/produkt\/weisser-riese-universal-pulver-100-waschladungen-vollwaschmittel-extra-stark-gegen-flecken-ergiebiges-waschpulver-ideal-fuer-familien-mit-kindern\/#primaryimage","url":"https:\/\/m.media-amazon.com\/images\/I\/513w3tmRabL._SL500_.jpg","contentUrl":"https:\/\/m.media-amazon.com\/images\/I\/513w3tmRabL._SL500_.jpg","width":341,"height":500},{"@type":"BreadcrumbList","@id":"https:\/\/marktxxl.de\/markt\/produkt\/weisser-riese-universal-pulver-100-waschladungen-vollwaschmittel-extra-stark-gegen-flecken-ergiebiges-waschpulver-ideal-fuer-familien-mit-kindern\/#breadcrumb","itemListElement":[{"@type":"ListItem","position":1,"name":"Startseite","item":"https:\/\/marktxxl.de\/markt\/"},{"@type":"ListItem","position":2,"name":"Markt","item":"https:\/\/marktxxl.de\/markt\/"},{"@type":"ListItem","position":3,"name":"Wei\u00dfer Riese Universal Pulver umweltfreundliches Waschmittel mit sommerlichem Duft, 1er Pack Gro\u00dfpackung Waschpulver (1\u2026"}]},{"@type":"WebSite","@id":"https:\/\/marktxxl.de\/markt\/#website","url":"https:\/\/marktxxl.de\/markt\/","name":"Markt-XXL","description":"Ihr Markt Online","publisher":{"@id":"https:\/\/marktxxl.de\/markt\/#organization"},"potentialAction":[{"@type":"SearchAction","target":{"@type":"EntryPoint","urlTemplate":"https:\/\/marktxxl.de\/markt\/?s={search_term_string}"},"query-input":{"@type":"PropertyValueSpecification","valueRequired":true,"valueName":"search_term_string"}}],"inLanguage":"de"},{"@type":"Organization","@id":"https:\/\/marktxxl.de\/markt\/#organization","name":"Markt-XXL","url":"https:\/\/marktxxl.de\/markt\/","logo":{"@type":"ImageObject","inLanguage":"de","@id":"https:\/\/marktxxl.de\/markt\/#\/schema\/logo\/image\/","url":"https:\/\/marktxxl.de\/markt\/wp-content\/uploads\/sites\/3\/2020\/12\/logo.png","contentUrl":"https:\/\/marktxxl.de\/markt\/wp-content\/uploads\/sites\/3\/2020\/12\/logo.png","width":200,"height":70,"caption":"Markt-XXL"},"image":{"@id":"https:\/\/marktxxl.de\/markt\/#\/schema\/logo\/image\/"}}]}},"_links":{"self":[{"href":"https:\/\/marktxxl.de\/markt\/wp-json\/wp\/v2\/product\/88293","targetHints":{"allow":["GET"]}}],"collection":[{"href":"https:\/\/marktxxl.de\/markt\/wp-json\/wp\/v2\/product"}],"about":[{"href":"https:\/\/marktxxl.de\/markt\/wp-json\/wp\/v2\/types\/product"}],"replies":[{"embeddable":true,"href":"https:\/\/marktxxl.de\/markt\/wp-json\/wp\/v2\/comments?post=88293"}],"wp:featuredmedia":[{"embeddable":true,"href":"https:\/\/marktxxl.de\/markt\/wp-json\/wp\/v2\/media\/88294"}],"wp:attachment":[{"href":"https:\/\/marktxxl.de\/markt\/wp-json\/wp\/v2\/media?parent=88293"}],"wp:term":[{"taxonomy":"product_brand","embeddable":true,"href":"https:\/\/marktxxl.de\/markt\/wp-json\/wp\/v2\/product_brand?post=88293"},{"taxonomy":"product_cat","embeddable":true,"href":"https:\/\/marktxxl.de\/markt\/wp-json\/wp\/v2\/product_cat?post=88293"},{"taxonomy":"product_tag","embeddable":true,"href":"https:\/\/marktxxl.de\/markt\/wp-json\/wp\/v2\/product_tag?post=88293"}],"curies":[{"name":"wp","href":"https:\/\/api.w.org\/{rel}","templated":true}]}}