{"id":88175,"date":"2021-12-28T17:49:02","date_gmt":"2021-12-28T16:49:02","guid":{"rendered":"https:\/\/marktxxl.de\/markt\/produkt\/karids-babybadetuch-mit-kapuze-weich-plueschig-saugfaehig-und-atmungsaktiv-extra-gross-rayon-bambus-weiss-90x90-cm\/"},"modified":"2023-04-11T03:07:20","modified_gmt":"2023-04-11T01:07:20","slug":"karids-babybadetuch-mit-kapuze-weich-plueschig-saugfaehig-und-atmungsaktiv-extra-gross-rayon-bambus-weiss-90x90-cm","status":"publish","type":"product","link":"https:\/\/marktxxl.de\/markt\/produkt\/karids-babybadetuch-mit-kapuze-weich-plueschig-saugfaehig-und-atmungsaktiv-extra-gross-rayon-bambus-weiss-90x90-cm\/","title":{"rendered":"Karids\u00ae Babybadetuch mit Kapuze &#8211; Weich, pl\u00fcschig, saugf\u00e4hig und atmungsaktiv &#8211; Extra gro\u00df &#8211; Rayon Bambus &#8211; Wei\u00df- 90X90\u2026"},"content":{"rendered":"<p>WEICH &amp; KUSCHELIG: Wir haben dieses Handtuch mit einem weichen, atmungsaktiven Stoff entworfen, der einen guten Luftstrom erm\u00f6glicht, da es Ihr Baby mit W\u00e4rme und Pl\u00fcschkomfort umh\u00fcllt, den Sie von Karids erwarten k\u00f6nnen.<br \/>\nDAS BABY WARM HALTEN: Unser Handtuch verf\u00fcgt \u00fcber eine Kapuze, die den Kopf Ihres Babys bedeckt, w\u00e4hrend es nach einem guten Bad trocken wird. Das sch\u00fctzt sie vor K\u00e4lte und h\u00e4lt sie sch\u00f6n warm.<br \/>\nSEHR SAUGF\u00c4HIG: Obwohl ultraweich und pl\u00fcschig wie eine Decke, erledigt dieses Handtuch die Arbeit und trocknet Ihr Kind im Handumdrehen. Es ist extra gro\u00df, um das Wickeln Ihres Babys zu erleichtern.<br \/>\nQUALIT\u00c4TSDESIGN: Das k\u00f6stliche Rayongewebe ist aus hochwertigem Bambus gefertigt und schont auch empfindliche Haut. Das Badetuch ist sicher f\u00fcr alle Kinder &#8211; S\u00e4uglinge, Kleinkinder, Neugeborene und Kleinkinder.<br \/>\nGRO\u00dfARTIGES PR\u00c4SENT: Dieses High-End-Badebabybadetuch ist ein Muss f\u00fcr jede Mami, um eine neue Mutter zu sein. Das Wei\u00df passt zu fast allem, daher ist es ideal als Teil eines Geschenksets zu verwenden.<br \/>\n<div class=\"main-cross-sell\" data-asin=\"B077GN8D3C\">\n\n\t<div class=\"WooZone-cross-sell-loader\">\n\t\t<div>\n\t\t\t<div id=\"floatingBarsG\">\n\t\t\t\t<div class=\"blockG\" id=\"rotateG_01\"><\/div>\n\t\t\t\t<div class=\"blockG\" id=\"rotateG_02\"><\/div>\n\t\t\t\t<div class=\"blockG\" id=\"rotateG_03\"><\/div>\n\t\t\t\t<div class=\"blockG\" id=\"rotateG_04\"><\/div>\n\t\t\t\t<div class=\"blockG\" id=\"rotateG_05\"><\/div>\n\t\t\t\t<div class=\"blockG\" id=\"rotateG_06\"><\/div>\n\t\t\t\t<div class=\"blockG\" id=\"rotateG_07\"><\/div>\n\t\t\t\t<div class=\"blockG\" id=\"rotateG_08\"><\/div>\n\t\t\t<\/div>\n\t\t\t<div class=\"WooZone-cross-sell-loader-text\"><\/div>\n\t\t<\/div>\n\t<\/div>\n\n\t\t\n<\/div>\n<div style=\"clear:both;\"><\/div><\/p>\n","protected":false},"excerpt":{"rendered":"<p>WEICH &amp; KUSCHELIG: Wir haben dieses Handtuch mit einem weichen, atmungsaktiven Stoff entworfen, der einen guten Luftstrom erm\u00f6glicht, da es Ihr Baby mit W\u00e4rme und Pl\u00fcschkomfort umh\u00fcllt, den Sie von Karids erwarten k\u00f6nnen.<br \/>\nDAS BABY WARM HALTEN: Unser Handtuch verf\u00fcgt \u00fcber eine Kapuze, die den Kopf Ihres Babys bedeckt, w\u00e4hrend es nach einem guten Bad trocken wird. Das sch\u00fctzt sie vor K\u00e4lte und h\u00e4lt sie sch\u00f6n warm.<br \/>\nSEHR SAUGF\u00c4HIG: Obwohl ultraweich und pl\u00fcschig wie eine Decke, erledigt dieses Handtuch die Arbeit und trocknet Ihr Kind im Handumdrehen. Es ist extra gro\u00df, um das Wickeln Ihres Babys zu erleichtern.<\/p>\n","protected":false},"featured_media":88176,"comment_status":"open","ping_status":"closed","template":"","meta":[],"product_brand":[],"product_cat":[566,5406],"product_tag":[],"class_list":{"0":"post-88175","1":"product","2":"type-product","3":"status-publish","4":"has-post-thumbnail","6":"product_cat-drogerie-koerperpflege","7":"product_cat-kinder-babypflege","8":"pa_binding-babyartikel","9":"pa_brand-karids","10":"pa_manufacturer-karids","12":"first","13":"instock","14":"shipping-taxable","15":"purchasable","16":"product-type-simple","17":"customify-col","18":"product-has-gallery"},"yoast_head":"<!-- This site is optimized with the Yoast SEO plugin v27.4 - https:\/\/yoast.com\/product\/yoast-seo-wordpress\/ -->\n<title>Karids\u00ae Babybadetuch mit Kapuze - Weich, pl\u00fcschig, saugf\u00e4hig und atmungsaktiv - Extra gro\u00df - Rayon Bambus - Wei\u00df- 90X90\u2026 - Markt-XXL<\/title>\n<meta name=\"description\" content=\"Markt-XXL Karids\u00ae Babybadetuch mit Kapuze - Weich, pl\u00fcschig, saugf\u00e4hig und atmungsaktiv - Extra gro\u00df - Rayon Bambus - Wei\u00df- 90X90\u2026\" \/>\n<meta name=\"robots\" content=\"index, follow, max-snippet:-1, max-image-preview:large, max-video-preview:-1\" \/>\n<link rel=\"canonical\" href=\"https:\/\/marktxxl.de\/markt\/produkt\/karids-babybadetuch-mit-kapuze-weich-plueschig-saugfaehig-und-atmungsaktiv-extra-gross-rayon-bambus-weiss-90x90-cm\/\" \/>\n<meta property=\"og:locale\" content=\"de_DE\" \/>\n<meta property=\"og:type\" content=\"article\" \/>\n<meta property=\"og:title\" content=\"Karids\u00ae Babybadetuch mit Kapuze - Weich, pl\u00fcschig, saugf\u00e4hig und atmungsaktiv - Extra gro\u00df - Rayon Bambus - Wei\u00df- 90X90\u2026 - Markt-XXL\" \/>\n<meta property=\"og:description\" content=\"Markt-XXL Karids\u00ae Babybadetuch mit Kapuze - Weich, pl\u00fcschig, saugf\u00e4hig und atmungsaktiv - Extra gro\u00df - Rayon Bambus - Wei\u00df- 90X90\u2026\" \/>\n<meta property=\"og:url\" content=\"https:\/\/marktxxl.de\/markt\/produkt\/karids-babybadetuch-mit-kapuze-weich-plueschig-saugfaehig-und-atmungsaktiv-extra-gross-rayon-bambus-weiss-90x90-cm\/\" \/>\n<meta property=\"og:site_name\" content=\"Markt-XXL\" \/>\n<meta property=\"article:modified_time\" content=\"2023-04-11T01:07:20+00:00\" \/>\n<meta property=\"og:image\" content=\"https:\/\/m.media-amazon.com\/images\/I\/41ldnw8rNaL._SL500_.jpg\" \/>\n\t<meta property=\"og:image:width\" content=\"500\" \/>\n\t<meta property=\"og:image:height\" content=\"500\" \/>\n\t<meta property=\"og:image:type\" content=\"image\/jpeg\" \/>\n<meta name=\"twitter:card\" content=\"summary_large_image\" \/>\n<meta name=\"twitter:label1\" content=\"Gesch\u00e4tzte Lesezeit\" \/>\n\t<meta name=\"twitter:data1\" content=\"1\u00a0Minute\" \/>\n<script type=\"application\/ld+json\" class=\"yoast-schema-graph\">{\"@context\":\"https:\\\/\\\/schema.org\",\"@graph\":[{\"@type\":\"WebPage\",\"@id\":\"https:\\\/\\\/marktxxl.de\\\/markt\\\/produkt\\\/karids-babybadetuch-mit-kapuze-weich-plueschig-saugfaehig-und-atmungsaktiv-extra-gross-rayon-bambus-weiss-90x90-cm\\\/\",\"url\":\"https:\\\/\\\/marktxxl.de\\\/markt\\\/produkt\\\/karids-babybadetuch-mit-kapuze-weich-plueschig-saugfaehig-und-atmungsaktiv-extra-gross-rayon-bambus-weiss-90x90-cm\\\/\",\"name\":\"Karids\u00ae Babybadetuch mit Kapuze - Weich, pl\u00fcschig, saugf\u00e4hig und atmungsaktiv - Extra gro\u00df - Rayon Bambus - Wei\u00df- 90X90\u2026 - Markt-XXL\",\"isPartOf\":{\"@id\":\"https:\\\/\\\/marktxxl.de\\\/markt\\\/#website\"},\"primaryImageOfPage\":{\"@id\":\"https:\\\/\\\/marktxxl.de\\\/markt\\\/produkt\\\/karids-babybadetuch-mit-kapuze-weich-plueschig-saugfaehig-und-atmungsaktiv-extra-gross-rayon-bambus-weiss-90x90-cm\\\/#primaryimage\"},\"image\":{\"@id\":\"https:\\\/\\\/marktxxl.de\\\/markt\\\/produkt\\\/karids-babybadetuch-mit-kapuze-weich-plueschig-saugfaehig-und-atmungsaktiv-extra-gross-rayon-bambus-weiss-90x90-cm\\\/#primaryimage\"},\"thumbnailUrl\":\"https:\\\/\\\/m.media-amazon.com\\\/images\\\/I\\\/41ldnw8rNaL._SL500_.jpg\",\"datePublished\":\"2021-12-28T16:49:02+00:00\",\"dateModified\":\"2023-04-11T01:07:20+00:00\",\"description\":\"Markt-XXL Karids\u00ae Babybadetuch mit Kapuze - Weich, pl\u00fcschig, saugf\u00e4hig und atmungsaktiv - Extra gro\u00df - Rayon Bambus - Wei\u00df- 90X90\u2026\",\"breadcrumb\":{\"@id\":\"https:\\\/\\\/marktxxl.de\\\/markt\\\/produkt\\\/karids-babybadetuch-mit-kapuze-weich-plueschig-saugfaehig-und-atmungsaktiv-extra-gross-rayon-bambus-weiss-90x90-cm\\\/#breadcrumb\"},\"inLanguage\":\"de\",\"potentialAction\":[{\"@type\":\"ReadAction\",\"target\":[\"https:\\\/\\\/marktxxl.de\\\/markt\\\/produkt\\\/karids-babybadetuch-mit-kapuze-weich-plueschig-saugfaehig-und-atmungsaktiv-extra-gross-rayon-bambus-weiss-90x90-cm\\\/\"]}]},{\"@type\":\"ImageObject\",\"inLanguage\":\"de\",\"@id\":\"https:\\\/\\\/marktxxl.de\\\/markt\\\/produkt\\\/karids-babybadetuch-mit-kapuze-weich-plueschig-saugfaehig-und-atmungsaktiv-extra-gross-rayon-bambus-weiss-90x90-cm\\\/#primaryimage\",\"url\":\"https:\\\/\\\/m.media-amazon.com\\\/images\\\/I\\\/41ldnw8rNaL._SL500_.jpg\",\"contentUrl\":\"https:\\\/\\\/m.media-amazon.com\\\/images\\\/I\\\/41ldnw8rNaL._SL500_.jpg\",\"width\":500,\"height\":500},{\"@type\":\"BreadcrumbList\",\"@id\":\"https:\\\/\\\/marktxxl.de\\\/markt\\\/produkt\\\/karids-babybadetuch-mit-kapuze-weich-plueschig-saugfaehig-und-atmungsaktiv-extra-gross-rayon-bambus-weiss-90x90-cm\\\/#breadcrumb\",\"itemListElement\":[{\"@type\":\"ListItem\",\"position\":1,\"name\":\"Startseite\",\"item\":\"https:\\\/\\\/marktxxl.de\\\/markt\\\/\"},{\"@type\":\"ListItem\",\"position\":2,\"name\":\"Markt\",\"item\":\"https:\\\/\\\/marktxxl.de\\\/markt\\\/\"},{\"@type\":\"ListItem\",\"position\":3,\"name\":\"Karids\u00ae Babybadetuch mit Kapuze &#8211; Weich, pl\u00fcschig, saugf\u00e4hig und atmungsaktiv &#8211; Extra gro\u00df &#8211; Rayon Bambus &#8211; Wei\u00df- 90X90\u2026\"}]},{\"@type\":\"WebSite\",\"@id\":\"https:\\\/\\\/marktxxl.de\\\/markt\\\/#website\",\"url\":\"https:\\\/\\\/marktxxl.de\\\/markt\\\/\",\"name\":\"Markt-XXL\",\"description\":\"Ihr Markt Online\",\"publisher\":{\"@id\":\"https:\\\/\\\/marktxxl.de\\\/markt\\\/#organization\"},\"potentialAction\":[{\"@type\":\"SearchAction\",\"target\":{\"@type\":\"EntryPoint\",\"urlTemplate\":\"https:\\\/\\\/marktxxl.de\\\/markt\\\/?s={search_term_string}\"},\"query-input\":{\"@type\":\"PropertyValueSpecification\",\"valueRequired\":true,\"valueName\":\"search_term_string\"}}],\"inLanguage\":\"de\"},{\"@type\":\"Organization\",\"@id\":\"https:\\\/\\\/marktxxl.de\\\/markt\\\/#organization\",\"name\":\"Markt-XXL\",\"url\":\"https:\\\/\\\/marktxxl.de\\\/markt\\\/\",\"logo\":{\"@type\":\"ImageObject\",\"inLanguage\":\"de\",\"@id\":\"https:\\\/\\\/marktxxl.de\\\/markt\\\/#\\\/schema\\\/logo\\\/image\\\/\",\"url\":\"https:\\\/\\\/marktxxl.de\\\/markt\\\/wp-content\\\/uploads\\\/sites\\\/3\\\/2020\\\/12\\\/logo.png\",\"contentUrl\":\"https:\\\/\\\/marktxxl.de\\\/markt\\\/wp-content\\\/uploads\\\/sites\\\/3\\\/2020\\\/12\\\/logo.png\",\"width\":200,\"height\":70,\"caption\":\"Markt-XXL\"},\"image\":{\"@id\":\"https:\\\/\\\/marktxxl.de\\\/markt\\\/#\\\/schema\\\/logo\\\/image\\\/\"}}]}<\/script>\n<!-- \/ Yoast SEO plugin. -->","yoast_head_json":{"title":"Karids\u00ae Babybadetuch mit Kapuze - Weich, pl\u00fcschig, saugf\u00e4hig und atmungsaktiv - Extra gro\u00df - Rayon Bambus - Wei\u00df- 90X90\u2026 - Markt-XXL","description":"Markt-XXL Karids\u00ae Babybadetuch mit Kapuze - Weich, pl\u00fcschig, saugf\u00e4hig und atmungsaktiv - Extra gro\u00df - Rayon Bambus - Wei\u00df- 90X90\u2026","robots":{"index":"index","follow":"follow","max-snippet":"max-snippet:-1","max-image-preview":"max-image-preview:large","max-video-preview":"max-video-preview:-1"},"canonical":"https:\/\/marktxxl.de\/markt\/produkt\/karids-babybadetuch-mit-kapuze-weich-plueschig-saugfaehig-und-atmungsaktiv-extra-gross-rayon-bambus-weiss-90x90-cm\/","og_locale":"de_DE","og_type":"article","og_title":"Karids\u00ae Babybadetuch mit Kapuze - Weich, pl\u00fcschig, saugf\u00e4hig und atmungsaktiv - Extra gro\u00df - Rayon Bambus - Wei\u00df- 90X90\u2026 - Markt-XXL","og_description":"Markt-XXL Karids\u00ae Babybadetuch mit Kapuze - Weich, pl\u00fcschig, saugf\u00e4hig und atmungsaktiv - Extra gro\u00df - Rayon Bambus - Wei\u00df- 90X90\u2026","og_url":"https:\/\/marktxxl.de\/markt\/produkt\/karids-babybadetuch-mit-kapuze-weich-plueschig-saugfaehig-und-atmungsaktiv-extra-gross-rayon-bambus-weiss-90x90-cm\/","og_site_name":"Markt-XXL","article_modified_time":"2023-04-11T01:07:20+00:00","og_image":[{"width":500,"height":500,"url":"https:\/\/m.media-amazon.com\/images\/I\/41ldnw8rNaL._SL500_.jpg","type":"image\/jpeg"}],"twitter_card":"summary_large_image","twitter_misc":{"Gesch\u00e4tzte Lesezeit":"1\u00a0Minute"},"schema":{"@context":"https:\/\/schema.org","@graph":[{"@type":"WebPage","@id":"https:\/\/marktxxl.de\/markt\/produkt\/karids-babybadetuch-mit-kapuze-weich-plueschig-saugfaehig-und-atmungsaktiv-extra-gross-rayon-bambus-weiss-90x90-cm\/","url":"https:\/\/marktxxl.de\/markt\/produkt\/karids-babybadetuch-mit-kapuze-weich-plueschig-saugfaehig-und-atmungsaktiv-extra-gross-rayon-bambus-weiss-90x90-cm\/","name":"Karids\u00ae Babybadetuch mit Kapuze - Weich, pl\u00fcschig, saugf\u00e4hig und atmungsaktiv - Extra gro\u00df - Rayon Bambus - Wei\u00df- 90X90\u2026 - Markt-XXL","isPartOf":{"@id":"https:\/\/marktxxl.de\/markt\/#website"},"primaryImageOfPage":{"@id":"https:\/\/marktxxl.de\/markt\/produkt\/karids-babybadetuch-mit-kapuze-weich-plueschig-saugfaehig-und-atmungsaktiv-extra-gross-rayon-bambus-weiss-90x90-cm\/#primaryimage"},"image":{"@id":"https:\/\/marktxxl.de\/markt\/produkt\/karids-babybadetuch-mit-kapuze-weich-plueschig-saugfaehig-und-atmungsaktiv-extra-gross-rayon-bambus-weiss-90x90-cm\/#primaryimage"},"thumbnailUrl":"https:\/\/m.media-amazon.com\/images\/I\/41ldnw8rNaL._SL500_.jpg","datePublished":"2021-12-28T16:49:02+00:00","dateModified":"2023-04-11T01:07:20+00:00","description":"Markt-XXL Karids\u00ae Babybadetuch mit Kapuze - Weich, pl\u00fcschig, saugf\u00e4hig und atmungsaktiv - Extra gro\u00df - Rayon Bambus - Wei\u00df- 90X90\u2026","breadcrumb":{"@id":"https:\/\/marktxxl.de\/markt\/produkt\/karids-babybadetuch-mit-kapuze-weich-plueschig-saugfaehig-und-atmungsaktiv-extra-gross-rayon-bambus-weiss-90x90-cm\/#breadcrumb"},"inLanguage":"de","potentialAction":[{"@type":"ReadAction","target":["https:\/\/marktxxl.de\/markt\/produkt\/karids-babybadetuch-mit-kapuze-weich-plueschig-saugfaehig-und-atmungsaktiv-extra-gross-rayon-bambus-weiss-90x90-cm\/"]}]},{"@type":"ImageObject","inLanguage":"de","@id":"https:\/\/marktxxl.de\/markt\/produkt\/karids-babybadetuch-mit-kapuze-weich-plueschig-saugfaehig-und-atmungsaktiv-extra-gross-rayon-bambus-weiss-90x90-cm\/#primaryimage","url":"https:\/\/m.media-amazon.com\/images\/I\/41ldnw8rNaL._SL500_.jpg","contentUrl":"https:\/\/m.media-amazon.com\/images\/I\/41ldnw8rNaL._SL500_.jpg","width":500,"height":500},{"@type":"BreadcrumbList","@id":"https:\/\/marktxxl.de\/markt\/produkt\/karids-babybadetuch-mit-kapuze-weich-plueschig-saugfaehig-und-atmungsaktiv-extra-gross-rayon-bambus-weiss-90x90-cm\/#breadcrumb","itemListElement":[{"@type":"ListItem","position":1,"name":"Startseite","item":"https:\/\/marktxxl.de\/markt\/"},{"@type":"ListItem","position":2,"name":"Markt","item":"https:\/\/marktxxl.de\/markt\/"},{"@type":"ListItem","position":3,"name":"Karids\u00ae Babybadetuch mit Kapuze &#8211; Weich, pl\u00fcschig, saugf\u00e4hig und atmungsaktiv &#8211; Extra gro\u00df &#8211; Rayon Bambus &#8211; Wei\u00df- 90X90\u2026"}]},{"@type":"WebSite","@id":"https:\/\/marktxxl.de\/markt\/#website","url":"https:\/\/marktxxl.de\/markt\/","name":"Markt-XXL","description":"Ihr Markt Online","publisher":{"@id":"https:\/\/marktxxl.de\/markt\/#organization"},"potentialAction":[{"@type":"SearchAction","target":{"@type":"EntryPoint","urlTemplate":"https:\/\/marktxxl.de\/markt\/?s={search_term_string}"},"query-input":{"@type":"PropertyValueSpecification","valueRequired":true,"valueName":"search_term_string"}}],"inLanguage":"de"},{"@type":"Organization","@id":"https:\/\/marktxxl.de\/markt\/#organization","name":"Markt-XXL","url":"https:\/\/marktxxl.de\/markt\/","logo":{"@type":"ImageObject","inLanguage":"de","@id":"https:\/\/marktxxl.de\/markt\/#\/schema\/logo\/image\/","url":"https:\/\/marktxxl.de\/markt\/wp-content\/uploads\/sites\/3\/2020\/12\/logo.png","contentUrl":"https:\/\/marktxxl.de\/markt\/wp-content\/uploads\/sites\/3\/2020\/12\/logo.png","width":200,"height":70,"caption":"Markt-XXL"},"image":{"@id":"https:\/\/marktxxl.de\/markt\/#\/schema\/logo\/image\/"}}]}},"_links":{"self":[{"href":"https:\/\/marktxxl.de\/markt\/wp-json\/wp\/v2\/product\/88175","targetHints":{"allow":["GET"]}}],"collection":[{"href":"https:\/\/marktxxl.de\/markt\/wp-json\/wp\/v2\/product"}],"about":[{"href":"https:\/\/marktxxl.de\/markt\/wp-json\/wp\/v2\/types\/product"}],"replies":[{"embeddable":true,"href":"https:\/\/marktxxl.de\/markt\/wp-json\/wp\/v2\/comments?post=88175"}],"wp:featuredmedia":[{"embeddable":true,"href":"https:\/\/marktxxl.de\/markt\/wp-json\/wp\/v2\/media\/88176"}],"wp:attachment":[{"href":"https:\/\/marktxxl.de\/markt\/wp-json\/wp\/v2\/media?parent=88175"}],"wp:term":[{"taxonomy":"product_brand","embeddable":true,"href":"https:\/\/marktxxl.de\/markt\/wp-json\/wp\/v2\/product_brand?post=88175"},{"taxonomy":"product_cat","embeddable":true,"href":"https:\/\/marktxxl.de\/markt\/wp-json\/wp\/v2\/product_cat?post=88175"},{"taxonomy":"product_tag","embeddable":true,"href":"https:\/\/marktxxl.de\/markt\/wp-json\/wp\/v2\/product_tag?post=88175"}],"curies":[{"name":"wp","href":"https:\/\/api.w.org\/{rel}","templated":true}]}}