{"id":88112,"date":"2021-12-28T17:45:12","date_gmt":"2021-12-28T16:45:12","guid":{"rendered":"https:\/\/marktxxl.de\/markt\/produkt\/giissmo-usb-c-hub-7-in-2-macbook-pro-air-adapter-mit-thunderbolt-3-4k-hdmi-3-usb-3-0-ports-sd-tf-kartenleser-kompatibel-mit-macbook-pro-2020-2016-macbook-air-2020-2018\/"},"modified":"2023-04-11T03:07:19","modified_gmt":"2023-04-11T01:07:19","slug":"giissmo-usb-c-hub-7-in-2-macbook-pro-air-adapter-mit-thunderbolt-3-4k-hdmi-3-usb-3-0-ports-sd-tf-kartenleser-kompatibel-mit-macbook-pro-2020-2016-macbook-air-2020-2018","status":"publish","type":"product","link":"https:\/\/marktxxl.de\/markt\/produkt\/giissmo-usb-c-hub-7-in-2-macbook-pro-air-adapter-mit-thunderbolt-3-4k-hdmi-3-usb-3-0-ports-sd-tf-kartenleser-kompatibel-mit-macbook-pro-2020-2016-macbook-air-2020-2018\/","title":{"rendered":"GIISSMO MacBook Adapter, USB C Hub mit Thunderbolt 3, 4K 60Hz HDMI, 3 USB-A Ports, SD\/TF Kartenleser, USB C MacBook\u2026"},"content":{"rendered":"<p>\u30107 IN 2 MacBook Adapter\u3011 Thunderbolt 3 Adapter Bis zu 5K@60Hz Videoanzeige, 40Gbp\/s Daten\u00fcbertragung und 100W Schnellladung. Das kompakte Design ist leicht zu transportieren und zu lagern. Ein Hub erf\u00fcllt alle Ihre Anforderungen und spart Platz auf Ihrem Desktop. Perfektes Match MacBook Pro\/Air 13&#8243; und 15&#8243; 2020\/2019\/2018\/2016\/2017. Hinweis: Bei Verwendung auf MacBook Pro 2021 14\u2019\u2019\/16\u2019\u2019 werden MagSafe und 3,5 mm Kopfh\u00f6reranschluss blockiert.<br \/>\n\u3010HDMI 4K\u3011 Die HDMI-Schnittstelle unterst\u00fctzt 4K 30 Hz Videoausgabe. Spiegeln oder erweitern Sie Ihre Bildschirminhalte in hoher Aufl\u00f6sung auf Ihrem HD-Fernseher, Monitor oder Beamer. Bringen Sie High-Definition-Video und erweiterte visuelle Erfahrungen. Es eignet sich eher f\u00fcr Arbeitspr\u00e4sentationen, das Ansehen von Filmen, Unterhaltungsspielen usw.<br \/>\n\u30103 * USB 3.0 Ports\u3011 USB 3.0 unterst\u00fctzt bis zu 5 Gbit\/s (USB 3.0), 480 Mbit\/s (USB 2.0), 12 Mbit\/s (USB 1.1) \u00dcbertragungsgeschwindigkeit. Es kann gleichzeitig an Festplatte, Drucker, Kamera, USB-Kabel angeschlossen werden und die Daten\u00fcbertragungsgeschwindigkeit betr\u00e4gt bis zu 5 Gbit \/ s. Machen Sie das Beste aus Ihrem MacBook.<br \/>\n\u3010Universeller SD \/ TF-Kartensteckplatz\u3011 SD \/ Micro SD-Unterst\u00fctzung jeweils 1T, wodurch Sie eine schnellere und bequemere \u00dcbertragungsmethode erhalten, ohne dass Sie einen Kartenleser kaufen m\u00fcssen. Es dauert nur wenige Sekunden, um mit der Kamera aufgenommene Fotos oder Videos problemlos von der Karte auf den Laptop zu \u00fcbertragen.<br \/>\n\u3010Exquisit und Langlebigkeit\u3011 Der USB C HUB verwendet den neuesten aktualisierten Chip aus MacBook-Aluminiumlegierungsmaterial, das leichter, d\u00fcnner und h\u00e4rter ist. Keine Hitze, auch bei l\u00e4ngerem Arbeiten ist die W\u00e4rmeableitung noch gut. Wenn Sie Qualit\u00e4tsprobleme mit unseren Produkten haben, k\u00f6nnen Sie sich gerne an uns wenden. Der GIISSMO USB C Hub bietet eine 2-j\u00e4hrige Kundendienstgarantie und einen 24-Stunden-Kundenservice.<br \/>\n<div class=\"main-cross-sell\" data-asin=\"B09MQVW9W3\">\n\n\t<div class=\"WooZone-cross-sell-loader\">\n\t\t<div>\n\t\t\t<div id=\"floatingBarsG\">\n\t\t\t\t<div class=\"blockG\" id=\"rotateG_01\"><\/div>\n\t\t\t\t<div class=\"blockG\" id=\"rotateG_02\"><\/div>\n\t\t\t\t<div class=\"blockG\" id=\"rotateG_03\"><\/div>\n\t\t\t\t<div class=\"blockG\" id=\"rotateG_04\"><\/div>\n\t\t\t\t<div class=\"blockG\" id=\"rotateG_05\"><\/div>\n\t\t\t\t<div class=\"blockG\" id=\"rotateG_06\"><\/div>\n\t\t\t\t<div class=\"blockG\" id=\"rotateG_07\"><\/div>\n\t\t\t\t<div class=\"blockG\" id=\"rotateG_08\"><\/div>\n\t\t\t<\/div>\n\t\t\t<div class=\"WooZone-cross-sell-loader-text\"><\/div>\n\t\t<\/div>\n\t<\/div>\n\n\t\t\n<\/div>\n<div style=\"clear:both;\"><\/div><\/p>\n","protected":false},"excerpt":{"rendered":"<p>\u30107 IN 2 MacBook Adapter\u3011 Thunderbolt 3 Adapter Bis zu 5K@60Hz Videoanzeige, 40Gbp\/s Daten\u00fcbertragung und 100W Schnellladung. Das kompakte Design ist leicht zu transportieren und zu lagern. Ein Hub erf\u00fcllt alle Ihre Anforderungen und spart Platz auf Ihrem Desktop. Perfektes Match MacBook Pro\/Air 13&#8243; und 15&#8243; 2020\/2019\/2018\/2016\/2017. Hinweis: Bei Verwendung auf MacBook Pro 2021 14\u2019\u2019\/16\u2019\u2019 werden MagSafe und 3,5 mm Kopfh\u00f6reranschluss blockiert.<br \/>\n\u3010HDMI 4K\u3011 Die HDMI-Schnittstelle unterst\u00fctzt 4K 30 Hz Videoausgabe. Spiegeln oder erweitern Sie Ihre Bildschirminhalte in hoher Aufl\u00f6sung auf Ihrem HD-Fernseher, Monitor oder Beamer. Bringen Sie High-Definition-Video und erweiterte visuelle Erfahrungen. Es eignet sich eher f\u00fcr Arbeitspr\u00e4sentationen, das Ansehen von Filmen, Unterhaltungsspielen usw.<br \/>\n\u30103 * USB 3.0 Ports\u3011 USB 3.0 unterst\u00fctzt bis zu 5 Gbit\/s (USB 3.0), 480 Mbit\/s (USB 2.0), 12 Mbit\/s (USB 1.1) \u00dcbertragungsgeschwindigkeit. Es kann gleichzeitig an Festplatte, Drucker, Kamera, USB-Kabel angeschlossen werden und die Daten\u00fcbertragungsgeschwindigkeit betr\u00e4gt bis zu 5 Gbit \/ s. Machen Sie das Beste aus Ihrem MacBook.<\/p>\n","protected":false},"featured_media":88113,"comment_status":"open","ping_status":"closed","template":"","meta":[],"product_brand":[],"product_cat":[863],"product_tag":[],"class_list":{"0":"post-88112","1":"product","2":"type-product","3":"status-publish","4":"has-post-thumbnail","6":"product_cat-computer-zubehoer","7":"pa_brand-giissmo","8":"pa_color-gray","9":"pa_height-0-38582677126-zoll","10":"pa_length-4-74803149122-zoll","11":"pa_manufacturer-giissmo","12":"pa_width-1-1417322823-zoll","14":"first","15":"instock","16":"shipping-taxable","17":"purchasable","18":"product-type-simple","19":"customify-col","20":"product-has-gallery"},"yoast_head":"<!-- This site is optimized with the Yoast SEO plugin v27.4 - https:\/\/yoast.com\/product\/yoast-seo-wordpress\/ -->\n<title>GIISSMO MacBook Adapter, USB C Hub mit Thunderbolt 3, 4K 60Hz HDMI, 3 USB-A Ports, SD\/TF Kartenleser, USB C MacBook\u2026 - Markt-XXL<\/title>\n<meta name=\"description\" content=\"Markt-XXL GIISSMO MacBook Adapter, USB C Hub mit Thunderbolt 3, 4K 60Hz HDMI, 3 USB-A Ports, SD\/TF Kartenleser, USB C MacBook\u2026\" \/>\n<meta name=\"robots\" content=\"index, follow, max-snippet:-1, max-image-preview:large, max-video-preview:-1\" \/>\n<link rel=\"canonical\" href=\"https:\/\/marktxxl.de\/markt\/produkt\/giissmo-usb-c-hub-7-in-2-macbook-pro-air-adapter-mit-thunderbolt-3-4k-hdmi-3-usb-3-0-ports-sd-tf-kartenleser-kompatibel-mit-macbook-pro-2020-2016-macbook-air-2020-2018\/\" \/>\n<meta property=\"og:locale\" content=\"de_DE\" \/>\n<meta property=\"og:type\" content=\"article\" \/>\n<meta property=\"og:title\" content=\"GIISSMO MacBook Adapter, USB C Hub mit Thunderbolt 3, 4K 60Hz HDMI, 3 USB-A Ports, SD\/TF Kartenleser, USB C MacBook\u2026 - Markt-XXL\" \/>\n<meta property=\"og:description\" content=\"Markt-XXL GIISSMO MacBook Adapter, USB C Hub mit Thunderbolt 3, 4K 60Hz HDMI, 3 USB-A Ports, SD\/TF Kartenleser, USB C MacBook\u2026\" \/>\n<meta property=\"og:url\" content=\"https:\/\/marktxxl.de\/markt\/produkt\/giissmo-usb-c-hub-7-in-2-macbook-pro-air-adapter-mit-thunderbolt-3-4k-hdmi-3-usb-3-0-ports-sd-tf-kartenleser-kompatibel-mit-macbook-pro-2020-2016-macbook-air-2020-2018\/\" \/>\n<meta property=\"og:site_name\" content=\"Markt-XXL\" \/>\n<meta property=\"article:modified_time\" content=\"2023-04-11T01:07:19+00:00\" \/>\n<meta property=\"og:image\" content=\"https:\/\/m.media-amazon.com\/images\/I\/41+hkH5ISDL._SL500_.jpg\" \/>\n\t<meta property=\"og:image:width\" content=\"500\" \/>\n\t<meta property=\"og:image:height\" content=\"500\" \/>\n\t<meta property=\"og:image:type\" content=\"image\/jpeg\" \/>\n<meta name=\"twitter:card\" content=\"summary_large_image\" \/>\n<meta name=\"twitter:label1\" content=\"Gesch\u00e4tzte Lesezeit\" \/>\n\t<meta name=\"twitter:data1\" content=\"1\u00a0Minute\" \/>\n<script type=\"application\/ld+json\" class=\"yoast-schema-graph\">{\"@context\":\"https:\\\/\\\/schema.org\",\"@graph\":[{\"@type\":\"WebPage\",\"@id\":\"https:\\\/\\\/marktxxl.de\\\/markt\\\/produkt\\\/giissmo-usb-c-hub-7-in-2-macbook-pro-air-adapter-mit-thunderbolt-3-4k-hdmi-3-usb-3-0-ports-sd-tf-kartenleser-kompatibel-mit-macbook-pro-2020-2016-macbook-air-2020-2018\\\/\",\"url\":\"https:\\\/\\\/marktxxl.de\\\/markt\\\/produkt\\\/giissmo-usb-c-hub-7-in-2-macbook-pro-air-adapter-mit-thunderbolt-3-4k-hdmi-3-usb-3-0-ports-sd-tf-kartenleser-kompatibel-mit-macbook-pro-2020-2016-macbook-air-2020-2018\\\/\",\"name\":\"GIISSMO MacBook Adapter, USB C Hub mit Thunderbolt 3, 4K 60Hz HDMI, 3 USB-A Ports, SD\\\/TF Kartenleser, USB C MacBook\u2026 - Markt-XXL\",\"isPartOf\":{\"@id\":\"https:\\\/\\\/marktxxl.de\\\/markt\\\/#website\"},\"primaryImageOfPage\":{\"@id\":\"https:\\\/\\\/marktxxl.de\\\/markt\\\/produkt\\\/giissmo-usb-c-hub-7-in-2-macbook-pro-air-adapter-mit-thunderbolt-3-4k-hdmi-3-usb-3-0-ports-sd-tf-kartenleser-kompatibel-mit-macbook-pro-2020-2016-macbook-air-2020-2018\\\/#primaryimage\"},\"image\":{\"@id\":\"https:\\\/\\\/marktxxl.de\\\/markt\\\/produkt\\\/giissmo-usb-c-hub-7-in-2-macbook-pro-air-adapter-mit-thunderbolt-3-4k-hdmi-3-usb-3-0-ports-sd-tf-kartenleser-kompatibel-mit-macbook-pro-2020-2016-macbook-air-2020-2018\\\/#primaryimage\"},\"thumbnailUrl\":\"https:\\\/\\\/m.media-amazon.com\\\/images\\\/I\\\/41+hkH5ISDL._SL500_.jpg\",\"datePublished\":\"2021-12-28T16:45:12+00:00\",\"dateModified\":\"2023-04-11T01:07:19+00:00\",\"description\":\"Markt-XXL GIISSMO MacBook Adapter, USB C Hub mit Thunderbolt 3, 4K 60Hz HDMI, 3 USB-A Ports, SD\\\/TF Kartenleser, USB C MacBook\u2026\",\"breadcrumb\":{\"@id\":\"https:\\\/\\\/marktxxl.de\\\/markt\\\/produkt\\\/giissmo-usb-c-hub-7-in-2-macbook-pro-air-adapter-mit-thunderbolt-3-4k-hdmi-3-usb-3-0-ports-sd-tf-kartenleser-kompatibel-mit-macbook-pro-2020-2016-macbook-air-2020-2018\\\/#breadcrumb\"},\"inLanguage\":\"de\",\"potentialAction\":[{\"@type\":\"ReadAction\",\"target\":[\"https:\\\/\\\/marktxxl.de\\\/markt\\\/produkt\\\/giissmo-usb-c-hub-7-in-2-macbook-pro-air-adapter-mit-thunderbolt-3-4k-hdmi-3-usb-3-0-ports-sd-tf-kartenleser-kompatibel-mit-macbook-pro-2020-2016-macbook-air-2020-2018\\\/\"]}]},{\"@type\":\"ImageObject\",\"inLanguage\":\"de\",\"@id\":\"https:\\\/\\\/marktxxl.de\\\/markt\\\/produkt\\\/giissmo-usb-c-hub-7-in-2-macbook-pro-air-adapter-mit-thunderbolt-3-4k-hdmi-3-usb-3-0-ports-sd-tf-kartenleser-kompatibel-mit-macbook-pro-2020-2016-macbook-air-2020-2018\\\/#primaryimage\",\"url\":\"https:\\\/\\\/m.media-amazon.com\\\/images\\\/I\\\/41+hkH5ISDL._SL500_.jpg\",\"contentUrl\":\"https:\\\/\\\/m.media-amazon.com\\\/images\\\/I\\\/41+hkH5ISDL._SL500_.jpg\",\"width\":500,\"height\":500},{\"@type\":\"BreadcrumbList\",\"@id\":\"https:\\\/\\\/marktxxl.de\\\/markt\\\/produkt\\\/giissmo-usb-c-hub-7-in-2-macbook-pro-air-adapter-mit-thunderbolt-3-4k-hdmi-3-usb-3-0-ports-sd-tf-kartenleser-kompatibel-mit-macbook-pro-2020-2016-macbook-air-2020-2018\\\/#breadcrumb\",\"itemListElement\":[{\"@type\":\"ListItem\",\"position\":1,\"name\":\"Startseite\",\"item\":\"https:\\\/\\\/marktxxl.de\\\/markt\\\/\"},{\"@type\":\"ListItem\",\"position\":2,\"name\":\"Markt\",\"item\":\"https:\\\/\\\/marktxxl.de\\\/markt\\\/\"},{\"@type\":\"ListItem\",\"position\":3,\"name\":\"GIISSMO MacBook Adapter, USB C Hub mit Thunderbolt 3, 4K 60Hz HDMI, 3 USB-A Ports, SD\\\/TF Kartenleser, USB C MacBook\u2026\"}]},{\"@type\":\"WebSite\",\"@id\":\"https:\\\/\\\/marktxxl.de\\\/markt\\\/#website\",\"url\":\"https:\\\/\\\/marktxxl.de\\\/markt\\\/\",\"name\":\"Markt-XXL\",\"description\":\"Ihr Markt Online\",\"publisher\":{\"@id\":\"https:\\\/\\\/marktxxl.de\\\/markt\\\/#organization\"},\"potentialAction\":[{\"@type\":\"SearchAction\",\"target\":{\"@type\":\"EntryPoint\",\"urlTemplate\":\"https:\\\/\\\/marktxxl.de\\\/markt\\\/?s={search_term_string}\"},\"query-input\":{\"@type\":\"PropertyValueSpecification\",\"valueRequired\":true,\"valueName\":\"search_term_string\"}}],\"inLanguage\":\"de\"},{\"@type\":\"Organization\",\"@id\":\"https:\\\/\\\/marktxxl.de\\\/markt\\\/#organization\",\"name\":\"Markt-XXL\",\"url\":\"https:\\\/\\\/marktxxl.de\\\/markt\\\/\",\"logo\":{\"@type\":\"ImageObject\",\"inLanguage\":\"de\",\"@id\":\"https:\\\/\\\/marktxxl.de\\\/markt\\\/#\\\/schema\\\/logo\\\/image\\\/\",\"url\":\"https:\\\/\\\/marktxxl.de\\\/markt\\\/wp-content\\\/uploads\\\/sites\\\/3\\\/2020\\\/12\\\/logo.png\",\"contentUrl\":\"https:\\\/\\\/marktxxl.de\\\/markt\\\/wp-content\\\/uploads\\\/sites\\\/3\\\/2020\\\/12\\\/logo.png\",\"width\":200,\"height\":70,\"caption\":\"Markt-XXL\"},\"image\":{\"@id\":\"https:\\\/\\\/marktxxl.de\\\/markt\\\/#\\\/schema\\\/logo\\\/image\\\/\"}}]}<\/script>\n<!-- \/ Yoast SEO plugin. -->","yoast_head_json":{"title":"GIISSMO MacBook Adapter, USB C Hub mit Thunderbolt 3, 4K 60Hz HDMI, 3 USB-A Ports, SD\/TF Kartenleser, USB C MacBook\u2026 - Markt-XXL","description":"Markt-XXL GIISSMO MacBook Adapter, USB C Hub mit Thunderbolt 3, 4K 60Hz HDMI, 3 USB-A Ports, SD\/TF Kartenleser, USB C MacBook\u2026","robots":{"index":"index","follow":"follow","max-snippet":"max-snippet:-1","max-image-preview":"max-image-preview:large","max-video-preview":"max-video-preview:-1"},"canonical":"https:\/\/marktxxl.de\/markt\/produkt\/giissmo-usb-c-hub-7-in-2-macbook-pro-air-adapter-mit-thunderbolt-3-4k-hdmi-3-usb-3-0-ports-sd-tf-kartenleser-kompatibel-mit-macbook-pro-2020-2016-macbook-air-2020-2018\/","og_locale":"de_DE","og_type":"article","og_title":"GIISSMO MacBook Adapter, USB C Hub mit Thunderbolt 3, 4K 60Hz HDMI, 3 USB-A Ports, SD\/TF Kartenleser, USB C MacBook\u2026 - Markt-XXL","og_description":"Markt-XXL GIISSMO MacBook Adapter, USB C Hub mit Thunderbolt 3, 4K 60Hz HDMI, 3 USB-A Ports, SD\/TF Kartenleser, USB C MacBook\u2026","og_url":"https:\/\/marktxxl.de\/markt\/produkt\/giissmo-usb-c-hub-7-in-2-macbook-pro-air-adapter-mit-thunderbolt-3-4k-hdmi-3-usb-3-0-ports-sd-tf-kartenleser-kompatibel-mit-macbook-pro-2020-2016-macbook-air-2020-2018\/","og_site_name":"Markt-XXL","article_modified_time":"2023-04-11T01:07:19+00:00","og_image":[{"width":500,"height":500,"url":"https:\/\/m.media-amazon.com\/images\/I\/41+hkH5ISDL._SL500_.jpg","type":"image\/jpeg"}],"twitter_card":"summary_large_image","twitter_misc":{"Gesch\u00e4tzte Lesezeit":"1\u00a0Minute"},"schema":{"@context":"https:\/\/schema.org","@graph":[{"@type":"WebPage","@id":"https:\/\/marktxxl.de\/markt\/produkt\/giissmo-usb-c-hub-7-in-2-macbook-pro-air-adapter-mit-thunderbolt-3-4k-hdmi-3-usb-3-0-ports-sd-tf-kartenleser-kompatibel-mit-macbook-pro-2020-2016-macbook-air-2020-2018\/","url":"https:\/\/marktxxl.de\/markt\/produkt\/giissmo-usb-c-hub-7-in-2-macbook-pro-air-adapter-mit-thunderbolt-3-4k-hdmi-3-usb-3-0-ports-sd-tf-kartenleser-kompatibel-mit-macbook-pro-2020-2016-macbook-air-2020-2018\/","name":"GIISSMO MacBook Adapter, USB C Hub mit Thunderbolt 3, 4K 60Hz HDMI, 3 USB-A Ports, SD\/TF Kartenleser, USB C MacBook\u2026 - Markt-XXL","isPartOf":{"@id":"https:\/\/marktxxl.de\/markt\/#website"},"primaryImageOfPage":{"@id":"https:\/\/marktxxl.de\/markt\/produkt\/giissmo-usb-c-hub-7-in-2-macbook-pro-air-adapter-mit-thunderbolt-3-4k-hdmi-3-usb-3-0-ports-sd-tf-kartenleser-kompatibel-mit-macbook-pro-2020-2016-macbook-air-2020-2018\/#primaryimage"},"image":{"@id":"https:\/\/marktxxl.de\/markt\/produkt\/giissmo-usb-c-hub-7-in-2-macbook-pro-air-adapter-mit-thunderbolt-3-4k-hdmi-3-usb-3-0-ports-sd-tf-kartenleser-kompatibel-mit-macbook-pro-2020-2016-macbook-air-2020-2018\/#primaryimage"},"thumbnailUrl":"https:\/\/m.media-amazon.com\/images\/I\/41+hkH5ISDL._SL500_.jpg","datePublished":"2021-12-28T16:45:12+00:00","dateModified":"2023-04-11T01:07:19+00:00","description":"Markt-XXL GIISSMO MacBook Adapter, USB C Hub mit Thunderbolt 3, 4K 60Hz HDMI, 3 USB-A Ports, SD\/TF Kartenleser, USB C MacBook\u2026","breadcrumb":{"@id":"https:\/\/marktxxl.de\/markt\/produkt\/giissmo-usb-c-hub-7-in-2-macbook-pro-air-adapter-mit-thunderbolt-3-4k-hdmi-3-usb-3-0-ports-sd-tf-kartenleser-kompatibel-mit-macbook-pro-2020-2016-macbook-air-2020-2018\/#breadcrumb"},"inLanguage":"de","potentialAction":[{"@type":"ReadAction","target":["https:\/\/marktxxl.de\/markt\/produkt\/giissmo-usb-c-hub-7-in-2-macbook-pro-air-adapter-mit-thunderbolt-3-4k-hdmi-3-usb-3-0-ports-sd-tf-kartenleser-kompatibel-mit-macbook-pro-2020-2016-macbook-air-2020-2018\/"]}]},{"@type":"ImageObject","inLanguage":"de","@id":"https:\/\/marktxxl.de\/markt\/produkt\/giissmo-usb-c-hub-7-in-2-macbook-pro-air-adapter-mit-thunderbolt-3-4k-hdmi-3-usb-3-0-ports-sd-tf-kartenleser-kompatibel-mit-macbook-pro-2020-2016-macbook-air-2020-2018\/#primaryimage","url":"https:\/\/m.media-amazon.com\/images\/I\/41+hkH5ISDL._SL500_.jpg","contentUrl":"https:\/\/m.media-amazon.com\/images\/I\/41+hkH5ISDL._SL500_.jpg","width":500,"height":500},{"@type":"BreadcrumbList","@id":"https:\/\/marktxxl.de\/markt\/produkt\/giissmo-usb-c-hub-7-in-2-macbook-pro-air-adapter-mit-thunderbolt-3-4k-hdmi-3-usb-3-0-ports-sd-tf-kartenleser-kompatibel-mit-macbook-pro-2020-2016-macbook-air-2020-2018\/#breadcrumb","itemListElement":[{"@type":"ListItem","position":1,"name":"Startseite","item":"https:\/\/marktxxl.de\/markt\/"},{"@type":"ListItem","position":2,"name":"Markt","item":"https:\/\/marktxxl.de\/markt\/"},{"@type":"ListItem","position":3,"name":"GIISSMO MacBook Adapter, USB C Hub mit Thunderbolt 3, 4K 60Hz HDMI, 3 USB-A Ports, SD\/TF Kartenleser, USB C MacBook\u2026"}]},{"@type":"WebSite","@id":"https:\/\/marktxxl.de\/markt\/#website","url":"https:\/\/marktxxl.de\/markt\/","name":"Markt-XXL","description":"Ihr Markt Online","publisher":{"@id":"https:\/\/marktxxl.de\/markt\/#organization"},"potentialAction":[{"@type":"SearchAction","target":{"@type":"EntryPoint","urlTemplate":"https:\/\/marktxxl.de\/markt\/?s={search_term_string}"},"query-input":{"@type":"PropertyValueSpecification","valueRequired":true,"valueName":"search_term_string"}}],"inLanguage":"de"},{"@type":"Organization","@id":"https:\/\/marktxxl.de\/markt\/#organization","name":"Markt-XXL","url":"https:\/\/marktxxl.de\/markt\/","logo":{"@type":"ImageObject","inLanguage":"de","@id":"https:\/\/marktxxl.de\/markt\/#\/schema\/logo\/image\/","url":"https:\/\/marktxxl.de\/markt\/wp-content\/uploads\/sites\/3\/2020\/12\/logo.png","contentUrl":"https:\/\/marktxxl.de\/markt\/wp-content\/uploads\/sites\/3\/2020\/12\/logo.png","width":200,"height":70,"caption":"Markt-XXL"},"image":{"@id":"https:\/\/marktxxl.de\/markt\/#\/schema\/logo\/image\/"}}]}},"_links":{"self":[{"href":"https:\/\/marktxxl.de\/markt\/wp-json\/wp\/v2\/product\/88112","targetHints":{"allow":["GET"]}}],"collection":[{"href":"https:\/\/marktxxl.de\/markt\/wp-json\/wp\/v2\/product"}],"about":[{"href":"https:\/\/marktxxl.de\/markt\/wp-json\/wp\/v2\/types\/product"}],"replies":[{"embeddable":true,"href":"https:\/\/marktxxl.de\/markt\/wp-json\/wp\/v2\/comments?post=88112"}],"wp:featuredmedia":[{"embeddable":true,"href":"https:\/\/marktxxl.de\/markt\/wp-json\/wp\/v2\/media\/88113"}],"wp:attachment":[{"href":"https:\/\/marktxxl.de\/markt\/wp-json\/wp\/v2\/media?parent=88112"}],"wp:term":[{"taxonomy":"product_brand","embeddable":true,"href":"https:\/\/marktxxl.de\/markt\/wp-json\/wp\/v2\/product_brand?post=88112"},{"taxonomy":"product_cat","embeddable":true,"href":"https:\/\/marktxxl.de\/markt\/wp-json\/wp\/v2\/product_cat?post=88112"},{"taxonomy":"product_tag","embeddable":true,"href":"https:\/\/marktxxl.de\/markt\/wp-json\/wp\/v2\/product_tag?post=88112"}],"curies":[{"name":"wp","href":"https:\/\/api.w.org\/{rel}","templated":true}]}}