{"id":88104,"date":"2021-12-28T17:45:07","date_gmt":"2021-12-28T16:45:07","guid":{"rendered":"https:\/\/marktxxl.de\/markt\/produkt\/raviad-multi-usb-kabel-3-in-1-multi-ladekabel-nylon-mehrfach-universal-ladekabel-ip-micro-usb-typ-c-lightning-cable-fuer-iphone-android-galaxy-huawei-oneplus-honor-kindle-lg-schwarz-1-2m\/"},"modified":"2023-04-11T03:07:19","modified_gmt":"2023-04-11T01:07:19","slug":"raviad-multi-usb-kabel-3-in-1-multi-ladekabel-nylon-mehrfach-universal-ladekabel-ip-micro-usb-typ-c-lightning-cable-fuer-iphone-android-galaxy-huawei-oneplus-honor-kindle-lg-schwarz-1-2m","status":"publish","type":"product","link":"https:\/\/marktxxl.de\/markt\/produkt\/raviad-multi-usb-kabel-3-in-1-multi-ladekabel-nylon-mehrfach-universal-ladekabel-ip-micro-usb-typ-c-lightning-cable-fuer-iphone-android-galaxy-huawei-oneplus-honor-kindle-lg-schwarz-1-2m\/","title":{"rendered":"RAVIAD Multi USB Kabel, 3 in 1 Multi Ladekabel Nylon Mehrfach Universal Ladekabel Micro USB Typ C Kabel f\u00fcr Phone\u2026"},"content":{"rendered":"<p>[Multi USB Kabel 3 in 1] RAVIAD Multi Ladekabel mit iP, Micro USB, USB Typ C Verbindung kann Ihre drei unterschiedlichen Anforderungen. Es ist perfekt f\u00fcr jede Gelegenheit, zu Hause, im B\u00fcro und im Auto.<br \/>\n[High Speed Charging] Dies USB Ladekabel 3 in 1 unterst\u00fctzt bis zu 3A(maximal) zum Aufladen von drei Ger\u00e4ten. 20% Schneller als herk\u00f6mmliche Kabel.<br \/>\n[Breite Kompatibilit\u00e4t] Ladekabel 3 in 1 mit 3 Verbindung kompatibel mit Phone 13 12 11 Pro Max XR X XS XS Max SE2020 8 Plus 8 7 Plus 7 6S 6 Plus 6 SE, Android Galaxy S21 S20 S10 S9 S8 S7 S6, A70 A50 A40 A3 A5 (2017), J3 J5 J7, Huawei P40 P30 P20 P10, Mate 40 30 20 10, Honor, MI, HTC, LG, Kindle und mehr.<br \/>\n[Perfekt Haltbarkeit] Dies USB Ladekabel Mehrfach ist mit hochwertigen nylonfasern \u00fcberzogen, die sorgt f\u00fcr eine lange Lebensdauer. Es kann hielt im Test 10,000+ Biegungen stand.<br \/>\n[24-Monate Garantie] 1.2M RAVIAD Multi Kabel USB bietet 24-Monate Ersatzgarantie und 100% freundlichen Kundenservice. Bitte kontaktieren Sie uns bei Fragen oder Anliegen.<br \/>\n<div class=\"main-cross-sell\" data-asin=\"B09LHJ88X7\">\n\n\t<div class=\"WooZone-cross-sell-loader\">\n\t\t<div>\n\t\t\t<div id=\"floatingBarsG\">\n\t\t\t\t<div class=\"blockG\" id=\"rotateG_01\"><\/div>\n\t\t\t\t<div class=\"blockG\" id=\"rotateG_02\"><\/div>\n\t\t\t\t<div class=\"blockG\" id=\"rotateG_03\"><\/div>\n\t\t\t\t<div class=\"blockG\" id=\"rotateG_04\"><\/div>\n\t\t\t\t<div class=\"blockG\" id=\"rotateG_05\"><\/div>\n\t\t\t\t<div class=\"blockG\" id=\"rotateG_06\"><\/div>\n\t\t\t\t<div class=\"blockG\" id=\"rotateG_07\"><\/div>\n\t\t\t\t<div class=\"blockG\" id=\"rotateG_08\"><\/div>\n\t\t\t<\/div>\n\t\t\t<div class=\"WooZone-cross-sell-loader-text\"><\/div>\n\t\t<\/div>\n\t<\/div>\n\n\t\t\n<\/div>\n<div style=\"clear:both;\"><\/div><\/p>\n","protected":false},"excerpt":{"rendered":"<p>[Multi USB Kabel 3 in 1] RAVIAD Multi Ladekabel mit iP, Micro USB, USB Typ C Verbindung kann Ihre drei unterschiedlichen Anforderungen. Es ist perfekt f\u00fcr jede Gelegenheit, zu Hause, im B\u00fcro und im Auto.<br \/>\n[High Speed Charging] Dies USB Ladekabel 3 in 1 unterst\u00fctzt bis zu 3A(maximal) zum Aufladen von drei Ger\u00e4ten. 20% Schneller als herk\u00f6mmliche Kabel.<br \/>\n[Breite Kompatibilit\u00e4t] Ladekabel 3 in 1 mit 3 Verbindung kompatibel mit Phone 13 12 11 Pro Max XR X XS XS Max SE2020 8 Plus 8 7 Plus 7 6S 6 Plus 6 SE, Android Galaxy S21 S20 S10 S9 S8 S7 S6, A70 A50 A40 A3 A5 (2017), J3 J5 J7, Huawei P40 P30 P20 P10, Mate 40 30 20 10, Honor, MI, HTC, LG, Kindle und mehr.<\/p>\n","protected":false},"featured_media":88105,"comment_status":"open","ping_status":"closed","template":"","meta":[],"product_brand":[],"product_cat":[863],"product_tag":[],"class_list":{"0":"post-88104","1":"product","2":"type-product","3":"status-publish","4":"has-post-thumbnail","6":"product_cat-computer-zubehoer","7":"pa_brand-raviad","8":"pa_color-schwarz","9":"pa_height-0-393700787-zoll","10":"pa_length-7-480314953-zoll","11":"pa_manufacturer-raviad","12":"pa_model-ravd-001-bw-18","13":"pa_size-1-2m","14":"pa_weight-0-08598028218-pfund","15":"pa_width-5-118110231-zoll","17":"first","18":"instock","19":"shipping-taxable","20":"purchasable","21":"product-type-simple","22":"customify-col","23":"product-has-gallery"},"yoast_head":"<!-- This site is optimized with the Yoast SEO plugin v27.3 - https:\/\/yoast.com\/product\/yoast-seo-wordpress\/ -->\n<title>RAVIAD Multi USB Kabel, 3 in 1 Multi Ladekabel Nylon Mehrfach Universal Ladekabel Micro USB Typ C Kabel f\u00fcr Phone\u2026 - Markt-XXL<\/title>\n<meta name=\"description\" content=\"Markt-XXL RAVIAD Multi USB Kabel, 3 in 1 Multi Ladekabel Nylon Mehrfach Universal Ladekabel Micro USB Typ C Kabel f\u00fcr Phone\u2026\" \/>\n<meta name=\"robots\" content=\"index, follow, max-snippet:-1, max-image-preview:large, max-video-preview:-1\" \/>\n<link rel=\"canonical\" href=\"https:\/\/marktxxl.de\/markt\/produkt\/raviad-multi-usb-kabel-3-in-1-multi-ladekabel-nylon-mehrfach-universal-ladekabel-ip-micro-usb-typ-c-lightning-cable-fuer-iphone-android-galaxy-huawei-oneplus-honor-kindle-lg-schwarz-1-2m\/\" \/>\n<meta property=\"og:locale\" content=\"de_DE\" \/>\n<meta property=\"og:type\" content=\"article\" \/>\n<meta property=\"og:title\" content=\"RAVIAD Multi USB Kabel, 3 in 1 Multi Ladekabel Nylon Mehrfach Universal Ladekabel Micro USB Typ C Kabel f\u00fcr Phone\u2026 - Markt-XXL\" \/>\n<meta property=\"og:description\" content=\"Markt-XXL RAVIAD Multi USB Kabel, 3 in 1 Multi Ladekabel Nylon Mehrfach Universal Ladekabel Micro USB Typ C Kabel f\u00fcr Phone\u2026\" \/>\n<meta property=\"og:url\" content=\"https:\/\/marktxxl.de\/markt\/produkt\/raviad-multi-usb-kabel-3-in-1-multi-ladekabel-nylon-mehrfach-universal-ladekabel-ip-micro-usb-typ-c-lightning-cable-fuer-iphone-android-galaxy-huawei-oneplus-honor-kindle-lg-schwarz-1-2m\/\" \/>\n<meta property=\"og:site_name\" content=\"Markt-XXL\" \/>\n<meta property=\"article:modified_time\" content=\"2023-04-11T01:07:19+00:00\" \/>\n<meta property=\"og:image\" content=\"https:\/\/m.media-amazon.com\/images\/I\/41caPpmF+5L._SL500_.jpg\" \/>\n\t<meta property=\"og:image:width\" content=\"500\" \/>\n\t<meta property=\"og:image:height\" content=\"500\" \/>\n\t<meta property=\"og:image:type\" content=\"image\/jpeg\" \/>\n<meta name=\"twitter:card\" content=\"summary_large_image\" \/>\n<meta name=\"twitter:label1\" content=\"Gesch\u00e4tzte Lesezeit\" \/>\n\t<meta name=\"twitter:data1\" content=\"1\u00a0Minute\" \/>\n<script type=\"application\/ld+json\" class=\"yoast-schema-graph\">{\"@context\":\"https:\\\/\\\/schema.org\",\"@graph\":[{\"@type\":\"WebPage\",\"@id\":\"https:\\\/\\\/marktxxl.de\\\/markt\\\/produkt\\\/raviad-multi-usb-kabel-3-in-1-multi-ladekabel-nylon-mehrfach-universal-ladekabel-ip-micro-usb-typ-c-lightning-cable-fuer-iphone-android-galaxy-huawei-oneplus-honor-kindle-lg-schwarz-1-2m\\\/\",\"url\":\"https:\\\/\\\/marktxxl.de\\\/markt\\\/produkt\\\/raviad-multi-usb-kabel-3-in-1-multi-ladekabel-nylon-mehrfach-universal-ladekabel-ip-micro-usb-typ-c-lightning-cable-fuer-iphone-android-galaxy-huawei-oneplus-honor-kindle-lg-schwarz-1-2m\\\/\",\"name\":\"RAVIAD Multi USB Kabel, 3 in 1 Multi Ladekabel Nylon Mehrfach Universal Ladekabel Micro USB Typ C Kabel f\u00fcr Phone\u2026 - Markt-XXL\",\"isPartOf\":{\"@id\":\"https:\\\/\\\/marktxxl.de\\\/markt\\\/#website\"},\"primaryImageOfPage\":{\"@id\":\"https:\\\/\\\/marktxxl.de\\\/markt\\\/produkt\\\/raviad-multi-usb-kabel-3-in-1-multi-ladekabel-nylon-mehrfach-universal-ladekabel-ip-micro-usb-typ-c-lightning-cable-fuer-iphone-android-galaxy-huawei-oneplus-honor-kindle-lg-schwarz-1-2m\\\/#primaryimage\"},\"image\":{\"@id\":\"https:\\\/\\\/marktxxl.de\\\/markt\\\/produkt\\\/raviad-multi-usb-kabel-3-in-1-multi-ladekabel-nylon-mehrfach-universal-ladekabel-ip-micro-usb-typ-c-lightning-cable-fuer-iphone-android-galaxy-huawei-oneplus-honor-kindle-lg-schwarz-1-2m\\\/#primaryimage\"},\"thumbnailUrl\":\"https:\\\/\\\/m.media-amazon.com\\\/images\\\/I\\\/41caPpmF+5L._SL500_.jpg\",\"datePublished\":\"2021-12-28T16:45:07+00:00\",\"dateModified\":\"2023-04-11T01:07:19+00:00\",\"description\":\"Markt-XXL RAVIAD Multi USB Kabel, 3 in 1 Multi Ladekabel Nylon Mehrfach Universal Ladekabel Micro USB Typ C Kabel f\u00fcr Phone\u2026\",\"breadcrumb\":{\"@id\":\"https:\\\/\\\/marktxxl.de\\\/markt\\\/produkt\\\/raviad-multi-usb-kabel-3-in-1-multi-ladekabel-nylon-mehrfach-universal-ladekabel-ip-micro-usb-typ-c-lightning-cable-fuer-iphone-android-galaxy-huawei-oneplus-honor-kindle-lg-schwarz-1-2m\\\/#breadcrumb\"},\"inLanguage\":\"de\",\"potentialAction\":[{\"@type\":\"ReadAction\",\"target\":[\"https:\\\/\\\/marktxxl.de\\\/markt\\\/produkt\\\/raviad-multi-usb-kabel-3-in-1-multi-ladekabel-nylon-mehrfach-universal-ladekabel-ip-micro-usb-typ-c-lightning-cable-fuer-iphone-android-galaxy-huawei-oneplus-honor-kindle-lg-schwarz-1-2m\\\/\"]}]},{\"@type\":\"ImageObject\",\"inLanguage\":\"de\",\"@id\":\"https:\\\/\\\/marktxxl.de\\\/markt\\\/produkt\\\/raviad-multi-usb-kabel-3-in-1-multi-ladekabel-nylon-mehrfach-universal-ladekabel-ip-micro-usb-typ-c-lightning-cable-fuer-iphone-android-galaxy-huawei-oneplus-honor-kindle-lg-schwarz-1-2m\\\/#primaryimage\",\"url\":\"https:\\\/\\\/m.media-amazon.com\\\/images\\\/I\\\/41caPpmF+5L._SL500_.jpg\",\"contentUrl\":\"https:\\\/\\\/m.media-amazon.com\\\/images\\\/I\\\/41caPpmF+5L._SL500_.jpg\",\"width\":500,\"height\":500},{\"@type\":\"BreadcrumbList\",\"@id\":\"https:\\\/\\\/marktxxl.de\\\/markt\\\/produkt\\\/raviad-multi-usb-kabel-3-in-1-multi-ladekabel-nylon-mehrfach-universal-ladekabel-ip-micro-usb-typ-c-lightning-cable-fuer-iphone-android-galaxy-huawei-oneplus-honor-kindle-lg-schwarz-1-2m\\\/#breadcrumb\",\"itemListElement\":[{\"@type\":\"ListItem\",\"position\":1,\"name\":\"Startseite\",\"item\":\"https:\\\/\\\/marktxxl.de\\\/markt\\\/\"},{\"@type\":\"ListItem\",\"position\":2,\"name\":\"Markt\",\"item\":\"https:\\\/\\\/marktxxl.de\\\/markt\\\/\"},{\"@type\":\"ListItem\",\"position\":3,\"name\":\"RAVIAD Multi USB Kabel, 3 in 1 Multi Ladekabel Nylon Mehrfach Universal Ladekabel Micro USB Typ C Kabel f\u00fcr Phone\u2026\"}]},{\"@type\":\"WebSite\",\"@id\":\"https:\\\/\\\/marktxxl.de\\\/markt\\\/#website\",\"url\":\"https:\\\/\\\/marktxxl.de\\\/markt\\\/\",\"name\":\"Markt-XXL\",\"description\":\"Ihr Markt Online\",\"publisher\":{\"@id\":\"https:\\\/\\\/marktxxl.de\\\/markt\\\/#organization\"},\"potentialAction\":[{\"@type\":\"SearchAction\",\"target\":{\"@type\":\"EntryPoint\",\"urlTemplate\":\"https:\\\/\\\/marktxxl.de\\\/markt\\\/?s={search_term_string}\"},\"query-input\":{\"@type\":\"PropertyValueSpecification\",\"valueRequired\":true,\"valueName\":\"search_term_string\"}}],\"inLanguage\":\"de\"},{\"@type\":\"Organization\",\"@id\":\"https:\\\/\\\/marktxxl.de\\\/markt\\\/#organization\",\"name\":\"Markt-XXL\",\"url\":\"https:\\\/\\\/marktxxl.de\\\/markt\\\/\",\"logo\":{\"@type\":\"ImageObject\",\"inLanguage\":\"de\",\"@id\":\"https:\\\/\\\/marktxxl.de\\\/markt\\\/#\\\/schema\\\/logo\\\/image\\\/\",\"url\":\"https:\\\/\\\/marktxxl.de\\\/markt\\\/wp-content\\\/uploads\\\/sites\\\/3\\\/2020\\\/12\\\/logo.png\",\"contentUrl\":\"https:\\\/\\\/marktxxl.de\\\/markt\\\/wp-content\\\/uploads\\\/sites\\\/3\\\/2020\\\/12\\\/logo.png\",\"width\":200,\"height\":70,\"caption\":\"Markt-XXL\"},\"image\":{\"@id\":\"https:\\\/\\\/marktxxl.de\\\/markt\\\/#\\\/schema\\\/logo\\\/image\\\/\"}}]}<\/script>\n<!-- \/ Yoast SEO plugin. -->","yoast_head_json":{"title":"RAVIAD Multi USB Kabel, 3 in 1 Multi Ladekabel Nylon Mehrfach Universal Ladekabel Micro USB Typ C Kabel f\u00fcr Phone\u2026 - Markt-XXL","description":"Markt-XXL RAVIAD Multi USB Kabel, 3 in 1 Multi Ladekabel Nylon Mehrfach Universal Ladekabel Micro USB Typ C Kabel f\u00fcr Phone\u2026","robots":{"index":"index","follow":"follow","max-snippet":"max-snippet:-1","max-image-preview":"max-image-preview:large","max-video-preview":"max-video-preview:-1"},"canonical":"https:\/\/marktxxl.de\/markt\/produkt\/raviad-multi-usb-kabel-3-in-1-multi-ladekabel-nylon-mehrfach-universal-ladekabel-ip-micro-usb-typ-c-lightning-cable-fuer-iphone-android-galaxy-huawei-oneplus-honor-kindle-lg-schwarz-1-2m\/","og_locale":"de_DE","og_type":"article","og_title":"RAVIAD Multi USB Kabel, 3 in 1 Multi Ladekabel Nylon Mehrfach Universal Ladekabel Micro USB Typ C Kabel f\u00fcr Phone\u2026 - Markt-XXL","og_description":"Markt-XXL RAVIAD Multi USB Kabel, 3 in 1 Multi Ladekabel Nylon Mehrfach Universal Ladekabel Micro USB Typ C Kabel f\u00fcr Phone\u2026","og_url":"https:\/\/marktxxl.de\/markt\/produkt\/raviad-multi-usb-kabel-3-in-1-multi-ladekabel-nylon-mehrfach-universal-ladekabel-ip-micro-usb-typ-c-lightning-cable-fuer-iphone-android-galaxy-huawei-oneplus-honor-kindle-lg-schwarz-1-2m\/","og_site_name":"Markt-XXL","article_modified_time":"2023-04-11T01:07:19+00:00","og_image":[{"width":500,"height":500,"url":"https:\/\/m.media-amazon.com\/images\/I\/41caPpmF+5L._SL500_.jpg","type":"image\/jpeg"}],"twitter_card":"summary_large_image","twitter_misc":{"Gesch\u00e4tzte Lesezeit":"1\u00a0Minute"},"schema":{"@context":"https:\/\/schema.org","@graph":[{"@type":"WebPage","@id":"https:\/\/marktxxl.de\/markt\/produkt\/raviad-multi-usb-kabel-3-in-1-multi-ladekabel-nylon-mehrfach-universal-ladekabel-ip-micro-usb-typ-c-lightning-cable-fuer-iphone-android-galaxy-huawei-oneplus-honor-kindle-lg-schwarz-1-2m\/","url":"https:\/\/marktxxl.de\/markt\/produkt\/raviad-multi-usb-kabel-3-in-1-multi-ladekabel-nylon-mehrfach-universal-ladekabel-ip-micro-usb-typ-c-lightning-cable-fuer-iphone-android-galaxy-huawei-oneplus-honor-kindle-lg-schwarz-1-2m\/","name":"RAVIAD Multi USB Kabel, 3 in 1 Multi Ladekabel Nylon Mehrfach Universal Ladekabel Micro USB Typ C Kabel f\u00fcr Phone\u2026 - Markt-XXL","isPartOf":{"@id":"https:\/\/marktxxl.de\/markt\/#website"},"primaryImageOfPage":{"@id":"https:\/\/marktxxl.de\/markt\/produkt\/raviad-multi-usb-kabel-3-in-1-multi-ladekabel-nylon-mehrfach-universal-ladekabel-ip-micro-usb-typ-c-lightning-cable-fuer-iphone-android-galaxy-huawei-oneplus-honor-kindle-lg-schwarz-1-2m\/#primaryimage"},"image":{"@id":"https:\/\/marktxxl.de\/markt\/produkt\/raviad-multi-usb-kabel-3-in-1-multi-ladekabel-nylon-mehrfach-universal-ladekabel-ip-micro-usb-typ-c-lightning-cable-fuer-iphone-android-galaxy-huawei-oneplus-honor-kindle-lg-schwarz-1-2m\/#primaryimage"},"thumbnailUrl":"https:\/\/m.media-amazon.com\/images\/I\/41caPpmF+5L._SL500_.jpg","datePublished":"2021-12-28T16:45:07+00:00","dateModified":"2023-04-11T01:07:19+00:00","description":"Markt-XXL RAVIAD Multi USB Kabel, 3 in 1 Multi Ladekabel Nylon Mehrfach Universal Ladekabel Micro USB Typ C Kabel f\u00fcr Phone\u2026","breadcrumb":{"@id":"https:\/\/marktxxl.de\/markt\/produkt\/raviad-multi-usb-kabel-3-in-1-multi-ladekabel-nylon-mehrfach-universal-ladekabel-ip-micro-usb-typ-c-lightning-cable-fuer-iphone-android-galaxy-huawei-oneplus-honor-kindle-lg-schwarz-1-2m\/#breadcrumb"},"inLanguage":"de","potentialAction":[{"@type":"ReadAction","target":["https:\/\/marktxxl.de\/markt\/produkt\/raviad-multi-usb-kabel-3-in-1-multi-ladekabel-nylon-mehrfach-universal-ladekabel-ip-micro-usb-typ-c-lightning-cable-fuer-iphone-android-galaxy-huawei-oneplus-honor-kindle-lg-schwarz-1-2m\/"]}]},{"@type":"ImageObject","inLanguage":"de","@id":"https:\/\/marktxxl.de\/markt\/produkt\/raviad-multi-usb-kabel-3-in-1-multi-ladekabel-nylon-mehrfach-universal-ladekabel-ip-micro-usb-typ-c-lightning-cable-fuer-iphone-android-galaxy-huawei-oneplus-honor-kindle-lg-schwarz-1-2m\/#primaryimage","url":"https:\/\/m.media-amazon.com\/images\/I\/41caPpmF+5L._SL500_.jpg","contentUrl":"https:\/\/m.media-amazon.com\/images\/I\/41caPpmF+5L._SL500_.jpg","width":500,"height":500},{"@type":"BreadcrumbList","@id":"https:\/\/marktxxl.de\/markt\/produkt\/raviad-multi-usb-kabel-3-in-1-multi-ladekabel-nylon-mehrfach-universal-ladekabel-ip-micro-usb-typ-c-lightning-cable-fuer-iphone-android-galaxy-huawei-oneplus-honor-kindle-lg-schwarz-1-2m\/#breadcrumb","itemListElement":[{"@type":"ListItem","position":1,"name":"Startseite","item":"https:\/\/marktxxl.de\/markt\/"},{"@type":"ListItem","position":2,"name":"Markt","item":"https:\/\/marktxxl.de\/markt\/"},{"@type":"ListItem","position":3,"name":"RAVIAD Multi USB Kabel, 3 in 1 Multi Ladekabel Nylon Mehrfach Universal Ladekabel Micro USB Typ C Kabel f\u00fcr Phone\u2026"}]},{"@type":"WebSite","@id":"https:\/\/marktxxl.de\/markt\/#website","url":"https:\/\/marktxxl.de\/markt\/","name":"Markt-XXL","description":"Ihr Markt Online","publisher":{"@id":"https:\/\/marktxxl.de\/markt\/#organization"},"potentialAction":[{"@type":"SearchAction","target":{"@type":"EntryPoint","urlTemplate":"https:\/\/marktxxl.de\/markt\/?s={search_term_string}"},"query-input":{"@type":"PropertyValueSpecification","valueRequired":true,"valueName":"search_term_string"}}],"inLanguage":"de"},{"@type":"Organization","@id":"https:\/\/marktxxl.de\/markt\/#organization","name":"Markt-XXL","url":"https:\/\/marktxxl.de\/markt\/","logo":{"@type":"ImageObject","inLanguage":"de","@id":"https:\/\/marktxxl.de\/markt\/#\/schema\/logo\/image\/","url":"https:\/\/marktxxl.de\/markt\/wp-content\/uploads\/sites\/3\/2020\/12\/logo.png","contentUrl":"https:\/\/marktxxl.de\/markt\/wp-content\/uploads\/sites\/3\/2020\/12\/logo.png","width":200,"height":70,"caption":"Markt-XXL"},"image":{"@id":"https:\/\/marktxxl.de\/markt\/#\/schema\/logo\/image\/"}}]}},"_links":{"self":[{"href":"https:\/\/marktxxl.de\/markt\/wp-json\/wp\/v2\/product\/88104","targetHints":{"allow":["GET"]}}],"collection":[{"href":"https:\/\/marktxxl.de\/markt\/wp-json\/wp\/v2\/product"}],"about":[{"href":"https:\/\/marktxxl.de\/markt\/wp-json\/wp\/v2\/types\/product"}],"replies":[{"embeddable":true,"href":"https:\/\/marktxxl.de\/markt\/wp-json\/wp\/v2\/comments?post=88104"}],"wp:featuredmedia":[{"embeddable":true,"href":"https:\/\/marktxxl.de\/markt\/wp-json\/wp\/v2\/media\/88105"}],"wp:attachment":[{"href":"https:\/\/marktxxl.de\/markt\/wp-json\/wp\/v2\/media?parent=88104"}],"wp:term":[{"taxonomy":"product_brand","embeddable":true,"href":"https:\/\/marktxxl.de\/markt\/wp-json\/wp\/v2\/product_brand?post=88104"},{"taxonomy":"product_cat","embeddable":true,"href":"https:\/\/marktxxl.de\/markt\/wp-json\/wp\/v2\/product_cat?post=88104"},{"taxonomy":"product_tag","embeddable":true,"href":"https:\/\/marktxxl.de\/markt\/wp-json\/wp\/v2\/product_tag?post=88104"}],"curies":[{"name":"wp","href":"https:\/\/api.w.org\/{rel}","templated":true}]}}