{"id":88096,"date":"2021-12-28T17:45:02","date_gmt":"2021-12-28T16:45:02","guid":{"rendered":"https:\/\/marktxxl.de\/markt\/produkt\/usb-typ-c-kabel2-stueck-2m-3m-ladekabel-fuer-xiaomi-redmi-note-10-9-pro-10s-9smi-11t-11-10t-lite-pro-nepoco-x3-pro-f3-m3-f2huawei-p20-p30-p40gigaset-gs43a-typ-c-schnellladekabel-und-datenkabel\/"},"modified":"2023-04-11T03:07:19","modified_gmt":"2023-04-11T01:07:19","slug":"usb-typ-c-kabel2-stueck-2m-3m-ladekabel-fuer-xiaomi-redmi-note-10-9-pro-10s-9smi-11t-11-10t-lite-pro-nepoco-x3-pro-f3-m3-f2huawei-p20-p30-p40gigaset-gs43a-typ-c-schnellladekabel-und-datenkabel","status":"publish","type":"product","link":"https:\/\/marktxxl.de\/markt\/produkt\/usb-typ-c-kabel2-stueck-2m-3m-ladekabel-fuer-xiaomi-redmi-note-10-9-pro-10s-9smi-11t-11-10t-lite-pro-nepoco-x3-pro-f3-m3-f2huawei-p20-p30-p40gigaset-gs43a-typ-c-schnellladekabel-und-datenkabel\/","title":{"rendered":"USB Typ C Kabel,2-St\u00fcck 2M 3M Ladekabel f\u00fcr Xiaomi Redmi Note 10 9 8 Pro 10S 9S 7 8T,Mi 11T 11 10T Lite Pro NE,Poco X3\u2026"},"content":{"rendered":"<p>\u3010Schnelle Aufladen und Daten\u00fcbertragung\u3011 Type C kabel Ladeunterst\u00fctzung bis zu 5V\/ 3A,9V\/2A,12V\/1.5A und Daten\u00fcbertragung in Hochgeschwindigkeit bew\u00e4ltigen 480Mbps. Type C USB Kabel problemlos all Ihre Anforderungen. Dieses USB C Kabel unterst\u00fctzt Schnellladeprotokolle wie QC 3.0\/QC 2.0\/AFC\/FCP sowie die Stromversorgung 3.1A\/5V, 2.4A\/5V, 1A\/5V, damit verschiedenartige Ger\u00e4te aufgeladen werden k\u00f6nnen.<br \/>\n\u30102M+3M USB Typ C Kabel\u3011 2 St\u00fcck USB C Ladekabel ist perfekt f\u00fcr jede Gelegenheit, im Hause, im B\u00fcro, Auto und alle Aktivit\u00e4ten draussen geeignet. Keine Sorgen mehr f\u00fcr lange Distanzen von Ihrem Ladekabel. Eine Bestellung enth\u00e4lt 2 Kabel.Wir bieten Ihnen eine 12-monatige Garantie. Wenn Sie jegliche Probleme haben, wenden Sie sich bitte rechtzeitig an uns.<br \/>\n\u3010Kompatibilit\u00e4t:\u3011 Dieses USB A zu USB C Kabel ist mit allen USB-C-Ger\u00e4ten kompatibel, wie z. B.:Xiaomi Redmi 10,Redmi Note 8 2021\/10S \/10 5G\/4G\/ 10 Pro\/9T 5G,Note 9 Pro\/9 9S,Note 8 Pro,Mi 11T Pro 5G,11T 5G,11 Lite 5G NE,11 Ultra 5G,11i 5G,11 Lite,11 5G,10T Lite 5G,10T Pro 5G,10T 5G,POCO Mi 10,X3 Pro,F3 5G,M3,X3 NFC,F2 Pro,Huawei P20\/P20 Lite\/P20 Pro,P30\/P30 Lite\/P30 Pro,P40\/P40 Lite\/P40 Pro,Gigaset GS4 GS5<br \/>\n\u3010Revolution\u00e4re Belastbarkeit\u3011Hochwertiges Nylon verhindert Knoten und erleichtert die Nutzung und Verstauung ihres Kabels. Das Nylon-umflochtene Kabel besticht mit glatter und angenehmer Haptik. USB C Kabel auf USB A Ladekabel h\u00e4lt mindestens 8.000 Zyklen eines 90-Grad-Biegeversuchs stand.<br \/>\n\u3010Zertifizierte Sicherheit und hohe Qualit\u00e4tssicherung\u3011Dieses USB-C-Kabel verf\u00fcgt \u00fcber elektronische Sicherheitszertifizierungen, die den entsprechenden Standards entsprechen. Sie m\u00fcssen sich um diese Kabelqualit\u00e4t \u00fcberhaupt keine Sorgen machen.<br \/>\n<div class=\"main-cross-sell\" data-asin=\"B09HNPNF35\">\n\n\t<div class=\"WooZone-cross-sell-loader\">\n\t\t<div>\n\t\t\t<div id=\"floatingBarsG\">\n\t\t\t\t<div class=\"blockG\" id=\"rotateG_01\"><\/div>\n\t\t\t\t<div class=\"blockG\" id=\"rotateG_02\"><\/div>\n\t\t\t\t<div class=\"blockG\" id=\"rotateG_03\"><\/div>\n\t\t\t\t<div class=\"blockG\" id=\"rotateG_04\"><\/div>\n\t\t\t\t<div class=\"blockG\" id=\"rotateG_05\"><\/div>\n\t\t\t\t<div class=\"blockG\" id=\"rotateG_06\"><\/div>\n\t\t\t\t<div class=\"blockG\" id=\"rotateG_07\"><\/div>\n\t\t\t\t<div class=\"blockG\" id=\"rotateG_08\"><\/div>\n\t\t\t<\/div>\n\t\t\t<div class=\"WooZone-cross-sell-loader-text\"><\/div>\n\t\t<\/div>\n\t<\/div>\n\n\t\t\n<\/div>\n<div style=\"clear:both;\"><\/div><\/p>\n","protected":false},"excerpt":{"rendered":"<p>\u3010Schnelle Aufladen und Daten\u00fcbertragung\u3011 Type C kabel Ladeunterst\u00fctzung bis zu 5V\/ 3A,9V\/2A,12V\/1.5A und Daten\u00fcbertragung in Hochgeschwindigkeit bew\u00e4ltigen 480Mbps. Type C USB Kabel problemlos all Ihre Anforderungen. Dieses USB C Kabel unterst\u00fctzt Schnellladeprotokolle wie QC 3.0\/QC 2.0\/AFC\/FCP sowie die Stromversorgung 3.1A\/5V, 2.4A\/5V, 1A\/5V, damit verschiedenartige Ger\u00e4te aufgeladen werden k\u00f6nnen.<br \/>\n\u30102M+3M USB Typ C Kabel\u3011 2 St\u00fcck USB C Ladekabel ist perfekt f\u00fcr jede Gelegenheit, im Hause, im B\u00fcro, Auto und alle Aktivit\u00e4ten draussen geeignet. Keine Sorgen mehr f\u00fcr lange Distanzen von Ihrem Ladekabel. Eine Bestellung enth\u00e4lt 2 Kabel.Wir bieten Ihnen eine 12-monatige Garantie. Wenn Sie jegliche Probleme haben, wenden Sie sich bitte rechtzeitig an uns.<br \/>\n\u3010Kompatibilit\u00e4t:\u3011 Dieses USB A zu USB C Kabel ist mit allen USB-C-Ger\u00e4ten kompatibel, wie z. B.:Xiaomi Redmi 10,Redmi Note 8 2021\/10S \/10 5G\/4G\/ 10 Pro\/9T 5G,Note 9 Pro\/9 9S,Note 8 Pro,Mi 11T Pro 5G,11T 5G,11 Lite 5G NE,11 Ultra 5G,11i 5G,11 Lite,11 5G,10T Lite 5G,10T Pro 5G,10T 5G,POCO Mi 10,X3 Pro,F3 5G,M3,X3 NFC,F2 Pro,Huawei P20\/P20 Lite\/P20 Pro,P30\/P30 Lite\/P30 Pro,P40\/P40 Lite\/P40 Pro,Gigaset GS4 GS5<\/p>\n","protected":false},"featured_media":88097,"comment_status":"open","ping_status":"closed","template":"","meta":[],"product_brand":[],"product_cat":[863],"product_tag":[],"class_list":{"0":"post-88096","1":"product","2":"type-product","3":"status-publish","4":"has-post-thumbnail","6":"product_cat-computer-zubehoer","7":"pa_brand-28313","8":"pa_manufacturer-hhxtkj","10":"first","11":"instock","12":"shipping-taxable","13":"purchasable","14":"product-type-simple","15":"customify-col","16":"product-has-gallery"},"yoast_head":"<!-- This site is optimized with the Yoast SEO plugin v27.4 - https:\/\/yoast.com\/product\/yoast-seo-wordpress\/ -->\n<title>USB Typ C Kabel,2-St\u00fcck 2M 3M Ladekabel f\u00fcr Xiaomi Redmi Note 10 9 8 Pro 10S 9S 7 8T,Mi 11T 11 10T Lite Pro NE,Poco X3\u2026 - Markt-XXL<\/title>\n<meta name=\"description\" content=\"Markt-XXL USB Typ C Kabel,2-St\u00fcck 2M 3M Ladekabel f\u00fcr Xiaomi Redmi Note 10 9 8 Pro 10S 9S 7 8T,Mi 11T 11 10T Lite Pro NE,Poco X3\u2026\" \/>\n<meta name=\"robots\" content=\"index, follow, max-snippet:-1, max-image-preview:large, max-video-preview:-1\" \/>\n<link rel=\"canonical\" href=\"https:\/\/marktxxl.de\/markt\/produkt\/usb-typ-c-kabel2-stueck-2m-3m-ladekabel-fuer-xiaomi-redmi-note-10-9-pro-10s-9smi-11t-11-10t-lite-pro-nepoco-x3-pro-f3-m3-f2huawei-p20-p30-p40gigaset-gs43a-typ-c-schnellladekabel-und-datenkabel\/\" \/>\n<meta property=\"og:locale\" content=\"de_DE\" \/>\n<meta property=\"og:type\" content=\"article\" \/>\n<meta property=\"og:title\" content=\"USB Typ C Kabel,2-St\u00fcck 2M 3M Ladekabel f\u00fcr Xiaomi Redmi Note 10 9 8 Pro 10S 9S 7 8T,Mi 11T 11 10T Lite Pro NE,Poco X3\u2026 - Markt-XXL\" \/>\n<meta property=\"og:description\" content=\"Markt-XXL USB Typ C Kabel,2-St\u00fcck 2M 3M Ladekabel f\u00fcr Xiaomi Redmi Note 10 9 8 Pro 10S 9S 7 8T,Mi 11T 11 10T Lite Pro NE,Poco X3\u2026\" \/>\n<meta property=\"og:url\" content=\"https:\/\/marktxxl.de\/markt\/produkt\/usb-typ-c-kabel2-stueck-2m-3m-ladekabel-fuer-xiaomi-redmi-note-10-9-pro-10s-9smi-11t-11-10t-lite-pro-nepoco-x3-pro-f3-m3-f2huawei-p20-p30-p40gigaset-gs43a-typ-c-schnellladekabel-und-datenkabel\/\" \/>\n<meta property=\"og:site_name\" content=\"Markt-XXL\" \/>\n<meta property=\"article:modified_time\" content=\"2023-04-11T01:07:19+00:00\" \/>\n<meta property=\"og:image\" content=\"https:\/\/m.media-amazon.com\/images\/I\/41LXx0SELTS._SL500_.jpg\" \/>\n\t<meta property=\"og:image:width\" content=\"500\" \/>\n\t<meta property=\"og:image:height\" content=\"500\" \/>\n\t<meta property=\"og:image:type\" content=\"image\/jpeg\" \/>\n<meta name=\"twitter:card\" content=\"summary_large_image\" \/>\n<meta name=\"twitter:label1\" content=\"Gesch\u00e4tzte Lesezeit\" \/>\n\t<meta name=\"twitter:data1\" content=\"1\u00a0Minute\" \/>\n<script type=\"application\/ld+json\" class=\"yoast-schema-graph\">{\"@context\":\"https:\\\/\\\/schema.org\",\"@graph\":[{\"@type\":\"WebPage\",\"@id\":\"https:\\\/\\\/marktxxl.de\\\/markt\\\/produkt\\\/usb-typ-c-kabel2-stueck-2m-3m-ladekabel-fuer-xiaomi-redmi-note-10-9-pro-10s-9smi-11t-11-10t-lite-pro-nepoco-x3-pro-f3-m3-f2huawei-p20-p30-p40gigaset-gs43a-typ-c-schnellladekabel-und-datenkabel\\\/\",\"url\":\"https:\\\/\\\/marktxxl.de\\\/markt\\\/produkt\\\/usb-typ-c-kabel2-stueck-2m-3m-ladekabel-fuer-xiaomi-redmi-note-10-9-pro-10s-9smi-11t-11-10t-lite-pro-nepoco-x3-pro-f3-m3-f2huawei-p20-p30-p40gigaset-gs43a-typ-c-schnellladekabel-und-datenkabel\\\/\",\"name\":\"USB Typ C Kabel,2-St\u00fcck 2M 3M Ladekabel f\u00fcr Xiaomi Redmi Note 10 9 8 Pro 10S 9S 7 8T,Mi 11T 11 10T Lite Pro NE,Poco X3\u2026 - Markt-XXL\",\"isPartOf\":{\"@id\":\"https:\\\/\\\/marktxxl.de\\\/markt\\\/#website\"},\"primaryImageOfPage\":{\"@id\":\"https:\\\/\\\/marktxxl.de\\\/markt\\\/produkt\\\/usb-typ-c-kabel2-stueck-2m-3m-ladekabel-fuer-xiaomi-redmi-note-10-9-pro-10s-9smi-11t-11-10t-lite-pro-nepoco-x3-pro-f3-m3-f2huawei-p20-p30-p40gigaset-gs43a-typ-c-schnellladekabel-und-datenkabel\\\/#primaryimage\"},\"image\":{\"@id\":\"https:\\\/\\\/marktxxl.de\\\/markt\\\/produkt\\\/usb-typ-c-kabel2-stueck-2m-3m-ladekabel-fuer-xiaomi-redmi-note-10-9-pro-10s-9smi-11t-11-10t-lite-pro-nepoco-x3-pro-f3-m3-f2huawei-p20-p30-p40gigaset-gs43a-typ-c-schnellladekabel-und-datenkabel\\\/#primaryimage\"},\"thumbnailUrl\":\"https:\\\/\\\/m.media-amazon.com\\\/images\\\/I\\\/41LXx0SELTS._SL500_.jpg\",\"datePublished\":\"2021-12-28T16:45:02+00:00\",\"dateModified\":\"2023-04-11T01:07:19+00:00\",\"description\":\"Markt-XXL USB Typ C Kabel,2-St\u00fcck 2M 3M Ladekabel f\u00fcr Xiaomi Redmi Note 10 9 8 Pro 10S 9S 7 8T,Mi 11T 11 10T Lite Pro NE,Poco X3\u2026\",\"breadcrumb\":{\"@id\":\"https:\\\/\\\/marktxxl.de\\\/markt\\\/produkt\\\/usb-typ-c-kabel2-stueck-2m-3m-ladekabel-fuer-xiaomi-redmi-note-10-9-pro-10s-9smi-11t-11-10t-lite-pro-nepoco-x3-pro-f3-m3-f2huawei-p20-p30-p40gigaset-gs43a-typ-c-schnellladekabel-und-datenkabel\\\/#breadcrumb\"},\"inLanguage\":\"de\",\"potentialAction\":[{\"@type\":\"ReadAction\",\"target\":[\"https:\\\/\\\/marktxxl.de\\\/markt\\\/produkt\\\/usb-typ-c-kabel2-stueck-2m-3m-ladekabel-fuer-xiaomi-redmi-note-10-9-pro-10s-9smi-11t-11-10t-lite-pro-nepoco-x3-pro-f3-m3-f2huawei-p20-p30-p40gigaset-gs43a-typ-c-schnellladekabel-und-datenkabel\\\/\"]}]},{\"@type\":\"ImageObject\",\"inLanguage\":\"de\",\"@id\":\"https:\\\/\\\/marktxxl.de\\\/markt\\\/produkt\\\/usb-typ-c-kabel2-stueck-2m-3m-ladekabel-fuer-xiaomi-redmi-note-10-9-pro-10s-9smi-11t-11-10t-lite-pro-nepoco-x3-pro-f3-m3-f2huawei-p20-p30-p40gigaset-gs43a-typ-c-schnellladekabel-und-datenkabel\\\/#primaryimage\",\"url\":\"https:\\\/\\\/m.media-amazon.com\\\/images\\\/I\\\/41LXx0SELTS._SL500_.jpg\",\"contentUrl\":\"https:\\\/\\\/m.media-amazon.com\\\/images\\\/I\\\/41LXx0SELTS._SL500_.jpg\",\"width\":500,\"height\":500},{\"@type\":\"BreadcrumbList\",\"@id\":\"https:\\\/\\\/marktxxl.de\\\/markt\\\/produkt\\\/usb-typ-c-kabel2-stueck-2m-3m-ladekabel-fuer-xiaomi-redmi-note-10-9-pro-10s-9smi-11t-11-10t-lite-pro-nepoco-x3-pro-f3-m3-f2huawei-p20-p30-p40gigaset-gs43a-typ-c-schnellladekabel-und-datenkabel\\\/#breadcrumb\",\"itemListElement\":[{\"@type\":\"ListItem\",\"position\":1,\"name\":\"Startseite\",\"item\":\"https:\\\/\\\/marktxxl.de\\\/markt\\\/\"},{\"@type\":\"ListItem\",\"position\":2,\"name\":\"Markt\",\"item\":\"https:\\\/\\\/marktxxl.de\\\/markt\\\/\"},{\"@type\":\"ListItem\",\"position\":3,\"name\":\"USB Typ C Kabel,2-St\u00fcck 2M 3M Ladekabel f\u00fcr Xiaomi Redmi Note 10 9 8 Pro 10S 9S 7 8T,Mi 11T 11 10T Lite Pro NE,Poco X3\u2026\"}]},{\"@type\":\"WebSite\",\"@id\":\"https:\\\/\\\/marktxxl.de\\\/markt\\\/#website\",\"url\":\"https:\\\/\\\/marktxxl.de\\\/markt\\\/\",\"name\":\"Markt-XXL\",\"description\":\"Ihr Markt Online\",\"publisher\":{\"@id\":\"https:\\\/\\\/marktxxl.de\\\/markt\\\/#organization\"},\"potentialAction\":[{\"@type\":\"SearchAction\",\"target\":{\"@type\":\"EntryPoint\",\"urlTemplate\":\"https:\\\/\\\/marktxxl.de\\\/markt\\\/?s={search_term_string}\"},\"query-input\":{\"@type\":\"PropertyValueSpecification\",\"valueRequired\":true,\"valueName\":\"search_term_string\"}}],\"inLanguage\":\"de\"},{\"@type\":\"Organization\",\"@id\":\"https:\\\/\\\/marktxxl.de\\\/markt\\\/#organization\",\"name\":\"Markt-XXL\",\"url\":\"https:\\\/\\\/marktxxl.de\\\/markt\\\/\",\"logo\":{\"@type\":\"ImageObject\",\"inLanguage\":\"de\",\"@id\":\"https:\\\/\\\/marktxxl.de\\\/markt\\\/#\\\/schema\\\/logo\\\/image\\\/\",\"url\":\"https:\\\/\\\/marktxxl.de\\\/markt\\\/wp-content\\\/uploads\\\/sites\\\/3\\\/2020\\\/12\\\/logo.png\",\"contentUrl\":\"https:\\\/\\\/marktxxl.de\\\/markt\\\/wp-content\\\/uploads\\\/sites\\\/3\\\/2020\\\/12\\\/logo.png\",\"width\":200,\"height\":70,\"caption\":\"Markt-XXL\"},\"image\":{\"@id\":\"https:\\\/\\\/marktxxl.de\\\/markt\\\/#\\\/schema\\\/logo\\\/image\\\/\"}}]}<\/script>\n<!-- \/ Yoast SEO plugin. -->","yoast_head_json":{"title":"USB Typ C Kabel,2-St\u00fcck 2M 3M Ladekabel f\u00fcr Xiaomi Redmi Note 10 9 8 Pro 10S 9S 7 8T,Mi 11T 11 10T Lite Pro NE,Poco X3\u2026 - Markt-XXL","description":"Markt-XXL USB Typ C Kabel,2-St\u00fcck 2M 3M Ladekabel f\u00fcr Xiaomi Redmi Note 10 9 8 Pro 10S 9S 7 8T,Mi 11T 11 10T Lite Pro NE,Poco X3\u2026","robots":{"index":"index","follow":"follow","max-snippet":"max-snippet:-1","max-image-preview":"max-image-preview:large","max-video-preview":"max-video-preview:-1"},"canonical":"https:\/\/marktxxl.de\/markt\/produkt\/usb-typ-c-kabel2-stueck-2m-3m-ladekabel-fuer-xiaomi-redmi-note-10-9-pro-10s-9smi-11t-11-10t-lite-pro-nepoco-x3-pro-f3-m3-f2huawei-p20-p30-p40gigaset-gs43a-typ-c-schnellladekabel-und-datenkabel\/","og_locale":"de_DE","og_type":"article","og_title":"USB Typ C Kabel,2-St\u00fcck 2M 3M Ladekabel f\u00fcr Xiaomi Redmi Note 10 9 8 Pro 10S 9S 7 8T,Mi 11T 11 10T Lite Pro NE,Poco X3\u2026 - Markt-XXL","og_description":"Markt-XXL USB Typ C Kabel,2-St\u00fcck 2M 3M Ladekabel f\u00fcr Xiaomi Redmi Note 10 9 8 Pro 10S 9S 7 8T,Mi 11T 11 10T Lite Pro NE,Poco X3\u2026","og_url":"https:\/\/marktxxl.de\/markt\/produkt\/usb-typ-c-kabel2-stueck-2m-3m-ladekabel-fuer-xiaomi-redmi-note-10-9-pro-10s-9smi-11t-11-10t-lite-pro-nepoco-x3-pro-f3-m3-f2huawei-p20-p30-p40gigaset-gs43a-typ-c-schnellladekabel-und-datenkabel\/","og_site_name":"Markt-XXL","article_modified_time":"2023-04-11T01:07:19+00:00","og_image":[{"width":500,"height":500,"url":"https:\/\/m.media-amazon.com\/images\/I\/41LXx0SELTS._SL500_.jpg","type":"image\/jpeg"}],"twitter_card":"summary_large_image","twitter_misc":{"Gesch\u00e4tzte Lesezeit":"1\u00a0Minute"},"schema":{"@context":"https:\/\/schema.org","@graph":[{"@type":"WebPage","@id":"https:\/\/marktxxl.de\/markt\/produkt\/usb-typ-c-kabel2-stueck-2m-3m-ladekabel-fuer-xiaomi-redmi-note-10-9-pro-10s-9smi-11t-11-10t-lite-pro-nepoco-x3-pro-f3-m3-f2huawei-p20-p30-p40gigaset-gs43a-typ-c-schnellladekabel-und-datenkabel\/","url":"https:\/\/marktxxl.de\/markt\/produkt\/usb-typ-c-kabel2-stueck-2m-3m-ladekabel-fuer-xiaomi-redmi-note-10-9-pro-10s-9smi-11t-11-10t-lite-pro-nepoco-x3-pro-f3-m3-f2huawei-p20-p30-p40gigaset-gs43a-typ-c-schnellladekabel-und-datenkabel\/","name":"USB Typ C Kabel,2-St\u00fcck 2M 3M Ladekabel f\u00fcr Xiaomi Redmi Note 10 9 8 Pro 10S 9S 7 8T,Mi 11T 11 10T Lite Pro NE,Poco X3\u2026 - Markt-XXL","isPartOf":{"@id":"https:\/\/marktxxl.de\/markt\/#website"},"primaryImageOfPage":{"@id":"https:\/\/marktxxl.de\/markt\/produkt\/usb-typ-c-kabel2-stueck-2m-3m-ladekabel-fuer-xiaomi-redmi-note-10-9-pro-10s-9smi-11t-11-10t-lite-pro-nepoco-x3-pro-f3-m3-f2huawei-p20-p30-p40gigaset-gs43a-typ-c-schnellladekabel-und-datenkabel\/#primaryimage"},"image":{"@id":"https:\/\/marktxxl.de\/markt\/produkt\/usb-typ-c-kabel2-stueck-2m-3m-ladekabel-fuer-xiaomi-redmi-note-10-9-pro-10s-9smi-11t-11-10t-lite-pro-nepoco-x3-pro-f3-m3-f2huawei-p20-p30-p40gigaset-gs43a-typ-c-schnellladekabel-und-datenkabel\/#primaryimage"},"thumbnailUrl":"https:\/\/m.media-amazon.com\/images\/I\/41LXx0SELTS._SL500_.jpg","datePublished":"2021-12-28T16:45:02+00:00","dateModified":"2023-04-11T01:07:19+00:00","description":"Markt-XXL USB Typ C Kabel,2-St\u00fcck 2M 3M Ladekabel f\u00fcr Xiaomi Redmi Note 10 9 8 Pro 10S 9S 7 8T,Mi 11T 11 10T Lite Pro NE,Poco X3\u2026","breadcrumb":{"@id":"https:\/\/marktxxl.de\/markt\/produkt\/usb-typ-c-kabel2-stueck-2m-3m-ladekabel-fuer-xiaomi-redmi-note-10-9-pro-10s-9smi-11t-11-10t-lite-pro-nepoco-x3-pro-f3-m3-f2huawei-p20-p30-p40gigaset-gs43a-typ-c-schnellladekabel-und-datenkabel\/#breadcrumb"},"inLanguage":"de","potentialAction":[{"@type":"ReadAction","target":["https:\/\/marktxxl.de\/markt\/produkt\/usb-typ-c-kabel2-stueck-2m-3m-ladekabel-fuer-xiaomi-redmi-note-10-9-pro-10s-9smi-11t-11-10t-lite-pro-nepoco-x3-pro-f3-m3-f2huawei-p20-p30-p40gigaset-gs43a-typ-c-schnellladekabel-und-datenkabel\/"]}]},{"@type":"ImageObject","inLanguage":"de","@id":"https:\/\/marktxxl.de\/markt\/produkt\/usb-typ-c-kabel2-stueck-2m-3m-ladekabel-fuer-xiaomi-redmi-note-10-9-pro-10s-9smi-11t-11-10t-lite-pro-nepoco-x3-pro-f3-m3-f2huawei-p20-p30-p40gigaset-gs43a-typ-c-schnellladekabel-und-datenkabel\/#primaryimage","url":"https:\/\/m.media-amazon.com\/images\/I\/41LXx0SELTS._SL500_.jpg","contentUrl":"https:\/\/m.media-amazon.com\/images\/I\/41LXx0SELTS._SL500_.jpg","width":500,"height":500},{"@type":"BreadcrumbList","@id":"https:\/\/marktxxl.de\/markt\/produkt\/usb-typ-c-kabel2-stueck-2m-3m-ladekabel-fuer-xiaomi-redmi-note-10-9-pro-10s-9smi-11t-11-10t-lite-pro-nepoco-x3-pro-f3-m3-f2huawei-p20-p30-p40gigaset-gs43a-typ-c-schnellladekabel-und-datenkabel\/#breadcrumb","itemListElement":[{"@type":"ListItem","position":1,"name":"Startseite","item":"https:\/\/marktxxl.de\/markt\/"},{"@type":"ListItem","position":2,"name":"Markt","item":"https:\/\/marktxxl.de\/markt\/"},{"@type":"ListItem","position":3,"name":"USB Typ C Kabel,2-St\u00fcck 2M 3M Ladekabel f\u00fcr Xiaomi Redmi Note 10 9 8 Pro 10S 9S 7 8T,Mi 11T 11 10T Lite Pro NE,Poco X3\u2026"}]},{"@type":"WebSite","@id":"https:\/\/marktxxl.de\/markt\/#website","url":"https:\/\/marktxxl.de\/markt\/","name":"Markt-XXL","description":"Ihr Markt Online","publisher":{"@id":"https:\/\/marktxxl.de\/markt\/#organization"},"potentialAction":[{"@type":"SearchAction","target":{"@type":"EntryPoint","urlTemplate":"https:\/\/marktxxl.de\/markt\/?s={search_term_string}"},"query-input":{"@type":"PropertyValueSpecification","valueRequired":true,"valueName":"search_term_string"}}],"inLanguage":"de"},{"@type":"Organization","@id":"https:\/\/marktxxl.de\/markt\/#organization","name":"Markt-XXL","url":"https:\/\/marktxxl.de\/markt\/","logo":{"@type":"ImageObject","inLanguage":"de","@id":"https:\/\/marktxxl.de\/markt\/#\/schema\/logo\/image\/","url":"https:\/\/marktxxl.de\/markt\/wp-content\/uploads\/sites\/3\/2020\/12\/logo.png","contentUrl":"https:\/\/marktxxl.de\/markt\/wp-content\/uploads\/sites\/3\/2020\/12\/logo.png","width":200,"height":70,"caption":"Markt-XXL"},"image":{"@id":"https:\/\/marktxxl.de\/markt\/#\/schema\/logo\/image\/"}}]}},"_links":{"self":[{"href":"https:\/\/marktxxl.de\/markt\/wp-json\/wp\/v2\/product\/88096","targetHints":{"allow":["GET"]}}],"collection":[{"href":"https:\/\/marktxxl.de\/markt\/wp-json\/wp\/v2\/product"}],"about":[{"href":"https:\/\/marktxxl.de\/markt\/wp-json\/wp\/v2\/types\/product"}],"replies":[{"embeddable":true,"href":"https:\/\/marktxxl.de\/markt\/wp-json\/wp\/v2\/comments?post=88096"}],"wp:featuredmedia":[{"embeddable":true,"href":"https:\/\/marktxxl.de\/markt\/wp-json\/wp\/v2\/media\/88097"}],"wp:attachment":[{"href":"https:\/\/marktxxl.de\/markt\/wp-json\/wp\/v2\/media?parent=88096"}],"wp:term":[{"taxonomy":"product_brand","embeddable":true,"href":"https:\/\/marktxxl.de\/markt\/wp-json\/wp\/v2\/product_brand?post=88096"},{"taxonomy":"product_cat","embeddable":true,"href":"https:\/\/marktxxl.de\/markt\/wp-json\/wp\/v2\/product_cat?post=88096"},{"taxonomy":"product_tag","embeddable":true,"href":"https:\/\/marktxxl.de\/markt\/wp-json\/wp\/v2\/product_tag?post=88096"}],"curies":[{"name":"wp","href":"https:\/\/api.w.org\/{rel}","templated":true}]}}