{"id":88072,"date":"2021-12-28T17:42:42","date_gmt":"2021-12-28T16:42:42","guid":{"rendered":"https:\/\/marktxxl.de\/markt\/produkt\/rgb-gaming-maus-ergonomische-pc-maus-mit-kabel-chrom-rgb-hintergrundbeleuchtung-8000-dpi-einstellbar-8-programmierbare-tasten-feuertaste-optische-computer-maus-gamer-fuer-windows-mac-schwarz\/"},"modified":"2023-04-11T03:07:18","modified_gmt":"2023-04-11T01:07:18","slug":"rgb-gaming-maus-ergonomische-pc-maus-mit-kabel-chrom-rgb-hintergrundbeleuchtung-8000-dpi-einstellbar-8-programmierbare-tasten-feuertaste-optische-computer-maus-gamer-fuer-windows-mac-schwarz","status":"publish","type":"product","link":"https:\/\/marktxxl.de\/markt\/produkt\/rgb-gaming-maus-ergonomische-pc-maus-mit-kabel-chrom-rgb-hintergrundbeleuchtung-8000-dpi-einstellbar-8-programmierbare-tasten-feuertaste-optische-computer-maus-gamer-fuer-windows-mac-schwarz\/","title":{"rendered":"RGB Gaming Maus, ergonomische PC Maus mit Kabel, Chrom RGB Hintergrundbeleuchtung, 8000 DPI einstellbar, 8\u2026"},"content":{"rendered":"<p>\u2665\u3010Anpassbare RGB-Hintergrundbeleuchtung\u3011 Mit 4 Beleuchtungszonen, einschlie\u00dflich Scrollrad, linkem Streifen, rechtem Streifen und Logo, k\u00f6nnen Sie mit dieser PC Maus mit Kabel mit 7 einstellbaren RGB-Lichtmodi Ihre Gaming-\u00c4sthetik anpassen. Dar\u00fcber hinaus k\u00f6nnen Sie die Helligkeit des Lichts und die \u00c4nderungsgeschwindigkeit \u00fcber die Software anpassen. (\u273f Lange dr\u00fccken, um das Licht auszuschalten.)<br \/>\n\u2665\u30108 programmierbare Tasten und 5-Stufen-DPI\u30115 DPI-Stufen verf\u00fcgbar: (Rot-1200\/Blau-2400\/Gr\u00fcn-3500\/Rosa-5500\/Gelb-8000). Mit der Computer Maus k\u00f6nnen Sie Ihr gew\u00fcnschtes Gleichgewicht zwischen Genauigkeit und Pr\u00e4zision erreichen, indem Sie programmierbare Tasten, DPI, Polling-Rate, Scrollrad-Geschwindigkeit und RGB-Beleuchtungsmodi einstellen. (\u273fHinweis: Die Programmfunktion ist nur auf dem Windows-System verf\u00fcgbar.)<br \/>\n\u2665\u3010Ergonomische Passform und Komfort\u3011 Die glatte Beschichtung bietet Ihnen einen bequemen Griff und m\u00fchelose Kontrolle. Entworfen mit einer tiefen Analyse der Hand, wie der nach innen gerichteten Daumenauflage, den typischen L\u00e4ngen von Zeige- und Mittelfinger, der Ring- und Kleinfingerauflage sowie der Form der Handinnenfl\u00e4che, passt die Gamer Maus mit Kabel perfekt zu Rechtsh\u00e4ndern. Helfen Sie dabei, Armbeschwerden und Handsteifheit zu reduzieren.<br \/>\n\u2665\u3010Erh\u00f6hen Sie Ihre Gewinnchance\u3011 Die optische Maus ist mit einer unabh\u00e4ngigen Feuertaste (Dreifachklick) ausgestattet und erm\u00f6glicht es Spielern, die konstante Schussfunktion durch einfaches Dr\u00fccken schnell zu aktivieren. Schie\u00dfen Sie nach dem Klicken weiter, bis die Freigabe erfolgt.<br \/>\n\u2665\u3010Haltbare Gaming-Maus\u3011 Die Laptop USB Maus wurde \u00fcber 10 Millionen Klicks getestet und widersteht schnellen und intensiven Spielen. Das 1,56 m lange Kabel ist lang und zuverl\u00e4ssig genug f\u00fcr den t\u00e4glichen Gebrauch. Gut kompatibel mit dem Laptop-Desktop-Computer Chromebook und dem System von Windows 10,8,7, Vista, Mac OS\/Linus und anderen Systemen. Unsere Produkte beinhalten 12 Monate Garantie und kostenlosen lebenslangen technischen Support.<br \/>\n<div class=\"main-cross-sell\" data-asin=\"B09N93WTJ1\">\n\n\t<div class=\"WooZone-cross-sell-loader\">\n\t\t<div>\n\t\t\t<div id=\"floatingBarsG\">\n\t\t\t\t<div class=\"blockG\" id=\"rotateG_01\"><\/div>\n\t\t\t\t<div class=\"blockG\" id=\"rotateG_02\"><\/div>\n\t\t\t\t<div class=\"blockG\" id=\"rotateG_03\"><\/div>\n\t\t\t\t<div class=\"blockG\" id=\"rotateG_04\"><\/div>\n\t\t\t\t<div class=\"blockG\" id=\"rotateG_05\"><\/div>\n\t\t\t\t<div class=\"blockG\" id=\"rotateG_06\"><\/div>\n\t\t\t\t<div class=\"blockG\" id=\"rotateG_07\"><\/div>\n\t\t\t\t<div class=\"blockG\" id=\"rotateG_08\"><\/div>\n\t\t\t<\/div>\n\t\t\t<div class=\"WooZone-cross-sell-loader-text\"><\/div>\n\t\t<\/div>\n\t<\/div>\n\n\t\t\n<\/div>\n<div style=\"clear:both;\"><\/div><\/p>\n","protected":false},"excerpt":{"rendered":"<p>\u2665\u3010Anpassbare RGB-Hintergrundbeleuchtung\u3011 Mit 4 Beleuchtungszonen, einschlie\u00dflich Scrollrad, linkem Streifen, rechtem Streifen und Logo, k\u00f6nnen Sie mit dieser PC Maus mit Kabel mit 7 einstellbaren RGB-Lichtmodi Ihre Gaming-\u00c4sthetik anpassen. Dar\u00fcber hinaus k\u00f6nnen Sie die Helligkeit des Lichts und die \u00c4nderungsgeschwindigkeit \u00fcber die Software anpassen. (\u273f Lange dr\u00fccken, um das Licht auszuschalten.)<br \/>\n\u2665\u30108 programmierbare Tasten und 5-Stufen-DPI\u30115 DPI-Stufen verf\u00fcgbar: (Rot-1200\/Blau-2400\/Gr\u00fcn-3500\/Rosa-5500\/Gelb-8000). Mit der Computer Maus k\u00f6nnen Sie Ihr gew\u00fcnschtes Gleichgewicht zwischen Genauigkeit und Pr\u00e4zision erreichen, indem Sie programmierbare Tasten, DPI, Polling-Rate, Scrollrad-Geschwindigkeit und RGB-Beleuchtungsmodi einstellen. (\u273fHinweis: Die Programmfunktion ist nur auf dem Windows-System verf\u00fcgbar.)<br \/>\n\u2665\u3010Ergonomische Passform und Komfort\u3011 Die glatte Beschichtung bietet Ihnen einen bequemen Griff und m\u00fchelose Kontrolle. Entworfen mit einer tiefen Analyse der Hand, wie der nach innen gerichteten Daumenauflage, den typischen L\u00e4ngen von Zeige- und Mittelfinger, der Ring- und Kleinfingerauflage sowie der Form der Handinnenfl\u00e4che, passt die Gamer Maus mit Kabel perfekt zu Rechtsh\u00e4ndern. Helfen Sie dabei, Armbeschwerden und Handsteifheit zu reduzieren.<\/p>\n","protected":false},"featured_media":88073,"comment_status":"open","ping_status":"closed","template":"","meta":[],"product_brand":[],"product_cat":[863],"product_tag":[],"class_list":{"0":"post-88072","1":"product","2":"type-product","3":"status-publish","4":"has-post-thumbnail","6":"product_cat-computer-zubehoer","7":"pa_color-black","8":"pa_manufacturer-vmde","10":"first","11":"instock","12":"shipping-taxable","13":"purchasable","14":"product-type-simple","15":"customify-col","16":"product-has-gallery"},"yoast_head":"<!-- This site is optimized with the Yoast SEO plugin v27.4 - https:\/\/yoast.com\/product\/yoast-seo-wordpress\/ -->\n<title>RGB Gaming Maus, ergonomische PC Maus mit Kabel, Chrom RGB Hintergrundbeleuchtung, 8000 DPI einstellbar, 8\u2026 - Markt-XXL<\/title>\n<meta name=\"description\" content=\"Markt-XXL RGB Gaming Maus, ergonomische PC Maus mit Kabel, Chrom RGB Hintergrundbeleuchtung, 8000 DPI einstellbar, 8\u2026\" \/>\n<meta name=\"robots\" content=\"index, follow, max-snippet:-1, max-image-preview:large, max-video-preview:-1\" \/>\n<link rel=\"canonical\" href=\"https:\/\/marktxxl.de\/markt\/produkt\/rgb-gaming-maus-ergonomische-pc-maus-mit-kabel-chrom-rgb-hintergrundbeleuchtung-8000-dpi-einstellbar-8-programmierbare-tasten-feuertaste-optische-computer-maus-gamer-fuer-windows-mac-schwarz\/\" \/>\n<meta property=\"og:locale\" content=\"de_DE\" \/>\n<meta property=\"og:type\" content=\"article\" \/>\n<meta property=\"og:title\" content=\"RGB Gaming Maus, ergonomische PC Maus mit Kabel, Chrom RGB Hintergrundbeleuchtung, 8000 DPI einstellbar, 8\u2026 - Markt-XXL\" \/>\n<meta property=\"og:description\" content=\"Markt-XXL RGB Gaming Maus, ergonomische PC Maus mit Kabel, Chrom RGB Hintergrundbeleuchtung, 8000 DPI einstellbar, 8\u2026\" \/>\n<meta property=\"og:url\" content=\"https:\/\/marktxxl.de\/markt\/produkt\/rgb-gaming-maus-ergonomische-pc-maus-mit-kabel-chrom-rgb-hintergrundbeleuchtung-8000-dpi-einstellbar-8-programmierbare-tasten-feuertaste-optische-computer-maus-gamer-fuer-windows-mac-schwarz\/\" \/>\n<meta property=\"og:site_name\" content=\"Markt-XXL\" \/>\n<meta property=\"article:modified_time\" content=\"2023-04-11T01:07:18+00:00\" \/>\n<meta property=\"og:image\" content=\"https:\/\/m.media-amazon.com\/images\/I\/418jYdCQ4XL._SL500_.jpg\" \/>\n\t<meta property=\"og:image:width\" content=\"500\" \/>\n\t<meta property=\"og:image:height\" content=\"500\" \/>\n\t<meta property=\"og:image:type\" content=\"image\/jpeg\" \/>\n<meta name=\"twitter:card\" content=\"summary_large_image\" \/>\n<meta name=\"twitter:label1\" content=\"Gesch\u00e4tzte Lesezeit\" \/>\n\t<meta name=\"twitter:data1\" content=\"1\u00a0Minute\" \/>\n<script type=\"application\/ld+json\" class=\"yoast-schema-graph\">{\"@context\":\"https:\\\/\\\/schema.org\",\"@graph\":[{\"@type\":\"WebPage\",\"@id\":\"https:\\\/\\\/marktxxl.de\\\/markt\\\/produkt\\\/rgb-gaming-maus-ergonomische-pc-maus-mit-kabel-chrom-rgb-hintergrundbeleuchtung-8000-dpi-einstellbar-8-programmierbare-tasten-feuertaste-optische-computer-maus-gamer-fuer-windows-mac-schwarz\\\/\",\"url\":\"https:\\\/\\\/marktxxl.de\\\/markt\\\/produkt\\\/rgb-gaming-maus-ergonomische-pc-maus-mit-kabel-chrom-rgb-hintergrundbeleuchtung-8000-dpi-einstellbar-8-programmierbare-tasten-feuertaste-optische-computer-maus-gamer-fuer-windows-mac-schwarz\\\/\",\"name\":\"RGB Gaming Maus, ergonomische PC Maus mit Kabel, Chrom RGB Hintergrundbeleuchtung, 8000 DPI einstellbar, 8\u2026 - Markt-XXL\",\"isPartOf\":{\"@id\":\"https:\\\/\\\/marktxxl.de\\\/markt\\\/#website\"},\"primaryImageOfPage\":{\"@id\":\"https:\\\/\\\/marktxxl.de\\\/markt\\\/produkt\\\/rgb-gaming-maus-ergonomische-pc-maus-mit-kabel-chrom-rgb-hintergrundbeleuchtung-8000-dpi-einstellbar-8-programmierbare-tasten-feuertaste-optische-computer-maus-gamer-fuer-windows-mac-schwarz\\\/#primaryimage\"},\"image\":{\"@id\":\"https:\\\/\\\/marktxxl.de\\\/markt\\\/produkt\\\/rgb-gaming-maus-ergonomische-pc-maus-mit-kabel-chrom-rgb-hintergrundbeleuchtung-8000-dpi-einstellbar-8-programmierbare-tasten-feuertaste-optische-computer-maus-gamer-fuer-windows-mac-schwarz\\\/#primaryimage\"},\"thumbnailUrl\":\"https:\\\/\\\/m.media-amazon.com\\\/images\\\/I\\\/418jYdCQ4XL._SL500_.jpg\",\"datePublished\":\"2021-12-28T16:42:42+00:00\",\"dateModified\":\"2023-04-11T01:07:18+00:00\",\"description\":\"Markt-XXL RGB Gaming Maus, ergonomische PC Maus mit Kabel, Chrom RGB Hintergrundbeleuchtung, 8000 DPI einstellbar, 8\u2026\",\"breadcrumb\":{\"@id\":\"https:\\\/\\\/marktxxl.de\\\/markt\\\/produkt\\\/rgb-gaming-maus-ergonomische-pc-maus-mit-kabel-chrom-rgb-hintergrundbeleuchtung-8000-dpi-einstellbar-8-programmierbare-tasten-feuertaste-optische-computer-maus-gamer-fuer-windows-mac-schwarz\\\/#breadcrumb\"},\"inLanguage\":\"de\",\"potentialAction\":[{\"@type\":\"ReadAction\",\"target\":[\"https:\\\/\\\/marktxxl.de\\\/markt\\\/produkt\\\/rgb-gaming-maus-ergonomische-pc-maus-mit-kabel-chrom-rgb-hintergrundbeleuchtung-8000-dpi-einstellbar-8-programmierbare-tasten-feuertaste-optische-computer-maus-gamer-fuer-windows-mac-schwarz\\\/\"]}]},{\"@type\":\"ImageObject\",\"inLanguage\":\"de\",\"@id\":\"https:\\\/\\\/marktxxl.de\\\/markt\\\/produkt\\\/rgb-gaming-maus-ergonomische-pc-maus-mit-kabel-chrom-rgb-hintergrundbeleuchtung-8000-dpi-einstellbar-8-programmierbare-tasten-feuertaste-optische-computer-maus-gamer-fuer-windows-mac-schwarz\\\/#primaryimage\",\"url\":\"https:\\\/\\\/m.media-amazon.com\\\/images\\\/I\\\/418jYdCQ4XL._SL500_.jpg\",\"contentUrl\":\"https:\\\/\\\/m.media-amazon.com\\\/images\\\/I\\\/418jYdCQ4XL._SL500_.jpg\",\"width\":500,\"height\":500},{\"@type\":\"BreadcrumbList\",\"@id\":\"https:\\\/\\\/marktxxl.de\\\/markt\\\/produkt\\\/rgb-gaming-maus-ergonomische-pc-maus-mit-kabel-chrom-rgb-hintergrundbeleuchtung-8000-dpi-einstellbar-8-programmierbare-tasten-feuertaste-optische-computer-maus-gamer-fuer-windows-mac-schwarz\\\/#breadcrumb\",\"itemListElement\":[{\"@type\":\"ListItem\",\"position\":1,\"name\":\"Startseite\",\"item\":\"https:\\\/\\\/marktxxl.de\\\/markt\\\/\"},{\"@type\":\"ListItem\",\"position\":2,\"name\":\"Markt\",\"item\":\"https:\\\/\\\/marktxxl.de\\\/markt\\\/\"},{\"@type\":\"ListItem\",\"position\":3,\"name\":\"RGB Gaming Maus, ergonomische PC Maus mit Kabel, Chrom RGB Hintergrundbeleuchtung, 8000 DPI einstellbar, 8\u2026\"}]},{\"@type\":\"WebSite\",\"@id\":\"https:\\\/\\\/marktxxl.de\\\/markt\\\/#website\",\"url\":\"https:\\\/\\\/marktxxl.de\\\/markt\\\/\",\"name\":\"Markt-XXL\",\"description\":\"Ihr Markt Online\",\"publisher\":{\"@id\":\"https:\\\/\\\/marktxxl.de\\\/markt\\\/#organization\"},\"potentialAction\":[{\"@type\":\"SearchAction\",\"target\":{\"@type\":\"EntryPoint\",\"urlTemplate\":\"https:\\\/\\\/marktxxl.de\\\/markt\\\/?s={search_term_string}\"},\"query-input\":{\"@type\":\"PropertyValueSpecification\",\"valueRequired\":true,\"valueName\":\"search_term_string\"}}],\"inLanguage\":\"de\"},{\"@type\":\"Organization\",\"@id\":\"https:\\\/\\\/marktxxl.de\\\/markt\\\/#organization\",\"name\":\"Markt-XXL\",\"url\":\"https:\\\/\\\/marktxxl.de\\\/markt\\\/\",\"logo\":{\"@type\":\"ImageObject\",\"inLanguage\":\"de\",\"@id\":\"https:\\\/\\\/marktxxl.de\\\/markt\\\/#\\\/schema\\\/logo\\\/image\\\/\",\"url\":\"https:\\\/\\\/marktxxl.de\\\/markt\\\/wp-content\\\/uploads\\\/sites\\\/3\\\/2020\\\/12\\\/logo.png\",\"contentUrl\":\"https:\\\/\\\/marktxxl.de\\\/markt\\\/wp-content\\\/uploads\\\/sites\\\/3\\\/2020\\\/12\\\/logo.png\",\"width\":200,\"height\":70,\"caption\":\"Markt-XXL\"},\"image\":{\"@id\":\"https:\\\/\\\/marktxxl.de\\\/markt\\\/#\\\/schema\\\/logo\\\/image\\\/\"}}]}<\/script>\n<!-- \/ Yoast SEO plugin. -->","yoast_head_json":{"title":"RGB Gaming Maus, ergonomische PC Maus mit Kabel, Chrom RGB Hintergrundbeleuchtung, 8000 DPI einstellbar, 8\u2026 - Markt-XXL","description":"Markt-XXL RGB Gaming Maus, ergonomische PC Maus mit Kabel, Chrom RGB Hintergrundbeleuchtung, 8000 DPI einstellbar, 8\u2026","robots":{"index":"index","follow":"follow","max-snippet":"max-snippet:-1","max-image-preview":"max-image-preview:large","max-video-preview":"max-video-preview:-1"},"canonical":"https:\/\/marktxxl.de\/markt\/produkt\/rgb-gaming-maus-ergonomische-pc-maus-mit-kabel-chrom-rgb-hintergrundbeleuchtung-8000-dpi-einstellbar-8-programmierbare-tasten-feuertaste-optische-computer-maus-gamer-fuer-windows-mac-schwarz\/","og_locale":"de_DE","og_type":"article","og_title":"RGB Gaming Maus, ergonomische PC Maus mit Kabel, Chrom RGB Hintergrundbeleuchtung, 8000 DPI einstellbar, 8\u2026 - Markt-XXL","og_description":"Markt-XXL RGB Gaming Maus, ergonomische PC Maus mit Kabel, Chrom RGB Hintergrundbeleuchtung, 8000 DPI einstellbar, 8\u2026","og_url":"https:\/\/marktxxl.de\/markt\/produkt\/rgb-gaming-maus-ergonomische-pc-maus-mit-kabel-chrom-rgb-hintergrundbeleuchtung-8000-dpi-einstellbar-8-programmierbare-tasten-feuertaste-optische-computer-maus-gamer-fuer-windows-mac-schwarz\/","og_site_name":"Markt-XXL","article_modified_time":"2023-04-11T01:07:18+00:00","og_image":[{"width":500,"height":500,"url":"https:\/\/m.media-amazon.com\/images\/I\/418jYdCQ4XL._SL500_.jpg","type":"image\/jpeg"}],"twitter_card":"summary_large_image","twitter_misc":{"Gesch\u00e4tzte Lesezeit":"1\u00a0Minute"},"schema":{"@context":"https:\/\/schema.org","@graph":[{"@type":"WebPage","@id":"https:\/\/marktxxl.de\/markt\/produkt\/rgb-gaming-maus-ergonomische-pc-maus-mit-kabel-chrom-rgb-hintergrundbeleuchtung-8000-dpi-einstellbar-8-programmierbare-tasten-feuertaste-optische-computer-maus-gamer-fuer-windows-mac-schwarz\/","url":"https:\/\/marktxxl.de\/markt\/produkt\/rgb-gaming-maus-ergonomische-pc-maus-mit-kabel-chrom-rgb-hintergrundbeleuchtung-8000-dpi-einstellbar-8-programmierbare-tasten-feuertaste-optische-computer-maus-gamer-fuer-windows-mac-schwarz\/","name":"RGB Gaming Maus, ergonomische PC Maus mit Kabel, Chrom RGB Hintergrundbeleuchtung, 8000 DPI einstellbar, 8\u2026 - Markt-XXL","isPartOf":{"@id":"https:\/\/marktxxl.de\/markt\/#website"},"primaryImageOfPage":{"@id":"https:\/\/marktxxl.de\/markt\/produkt\/rgb-gaming-maus-ergonomische-pc-maus-mit-kabel-chrom-rgb-hintergrundbeleuchtung-8000-dpi-einstellbar-8-programmierbare-tasten-feuertaste-optische-computer-maus-gamer-fuer-windows-mac-schwarz\/#primaryimage"},"image":{"@id":"https:\/\/marktxxl.de\/markt\/produkt\/rgb-gaming-maus-ergonomische-pc-maus-mit-kabel-chrom-rgb-hintergrundbeleuchtung-8000-dpi-einstellbar-8-programmierbare-tasten-feuertaste-optische-computer-maus-gamer-fuer-windows-mac-schwarz\/#primaryimage"},"thumbnailUrl":"https:\/\/m.media-amazon.com\/images\/I\/418jYdCQ4XL._SL500_.jpg","datePublished":"2021-12-28T16:42:42+00:00","dateModified":"2023-04-11T01:07:18+00:00","description":"Markt-XXL RGB Gaming Maus, ergonomische PC Maus mit Kabel, Chrom RGB Hintergrundbeleuchtung, 8000 DPI einstellbar, 8\u2026","breadcrumb":{"@id":"https:\/\/marktxxl.de\/markt\/produkt\/rgb-gaming-maus-ergonomische-pc-maus-mit-kabel-chrom-rgb-hintergrundbeleuchtung-8000-dpi-einstellbar-8-programmierbare-tasten-feuertaste-optische-computer-maus-gamer-fuer-windows-mac-schwarz\/#breadcrumb"},"inLanguage":"de","potentialAction":[{"@type":"ReadAction","target":["https:\/\/marktxxl.de\/markt\/produkt\/rgb-gaming-maus-ergonomische-pc-maus-mit-kabel-chrom-rgb-hintergrundbeleuchtung-8000-dpi-einstellbar-8-programmierbare-tasten-feuertaste-optische-computer-maus-gamer-fuer-windows-mac-schwarz\/"]}]},{"@type":"ImageObject","inLanguage":"de","@id":"https:\/\/marktxxl.de\/markt\/produkt\/rgb-gaming-maus-ergonomische-pc-maus-mit-kabel-chrom-rgb-hintergrundbeleuchtung-8000-dpi-einstellbar-8-programmierbare-tasten-feuertaste-optische-computer-maus-gamer-fuer-windows-mac-schwarz\/#primaryimage","url":"https:\/\/m.media-amazon.com\/images\/I\/418jYdCQ4XL._SL500_.jpg","contentUrl":"https:\/\/m.media-amazon.com\/images\/I\/418jYdCQ4XL._SL500_.jpg","width":500,"height":500},{"@type":"BreadcrumbList","@id":"https:\/\/marktxxl.de\/markt\/produkt\/rgb-gaming-maus-ergonomische-pc-maus-mit-kabel-chrom-rgb-hintergrundbeleuchtung-8000-dpi-einstellbar-8-programmierbare-tasten-feuertaste-optische-computer-maus-gamer-fuer-windows-mac-schwarz\/#breadcrumb","itemListElement":[{"@type":"ListItem","position":1,"name":"Startseite","item":"https:\/\/marktxxl.de\/markt\/"},{"@type":"ListItem","position":2,"name":"Markt","item":"https:\/\/marktxxl.de\/markt\/"},{"@type":"ListItem","position":3,"name":"RGB Gaming Maus, ergonomische PC Maus mit Kabel, Chrom RGB Hintergrundbeleuchtung, 8000 DPI einstellbar, 8\u2026"}]},{"@type":"WebSite","@id":"https:\/\/marktxxl.de\/markt\/#website","url":"https:\/\/marktxxl.de\/markt\/","name":"Markt-XXL","description":"Ihr Markt Online","publisher":{"@id":"https:\/\/marktxxl.de\/markt\/#organization"},"potentialAction":[{"@type":"SearchAction","target":{"@type":"EntryPoint","urlTemplate":"https:\/\/marktxxl.de\/markt\/?s={search_term_string}"},"query-input":{"@type":"PropertyValueSpecification","valueRequired":true,"valueName":"search_term_string"}}],"inLanguage":"de"},{"@type":"Organization","@id":"https:\/\/marktxxl.de\/markt\/#organization","name":"Markt-XXL","url":"https:\/\/marktxxl.de\/markt\/","logo":{"@type":"ImageObject","inLanguage":"de","@id":"https:\/\/marktxxl.de\/markt\/#\/schema\/logo\/image\/","url":"https:\/\/marktxxl.de\/markt\/wp-content\/uploads\/sites\/3\/2020\/12\/logo.png","contentUrl":"https:\/\/marktxxl.de\/markt\/wp-content\/uploads\/sites\/3\/2020\/12\/logo.png","width":200,"height":70,"caption":"Markt-XXL"},"image":{"@id":"https:\/\/marktxxl.de\/markt\/#\/schema\/logo\/image\/"}}]}},"_links":{"self":[{"href":"https:\/\/marktxxl.de\/markt\/wp-json\/wp\/v2\/product\/88072","targetHints":{"allow":["GET"]}}],"collection":[{"href":"https:\/\/marktxxl.de\/markt\/wp-json\/wp\/v2\/product"}],"about":[{"href":"https:\/\/marktxxl.de\/markt\/wp-json\/wp\/v2\/types\/product"}],"replies":[{"embeddable":true,"href":"https:\/\/marktxxl.de\/markt\/wp-json\/wp\/v2\/comments?post=88072"}],"wp:featuredmedia":[{"embeddable":true,"href":"https:\/\/marktxxl.de\/markt\/wp-json\/wp\/v2\/media\/88073"}],"wp:attachment":[{"href":"https:\/\/marktxxl.de\/markt\/wp-json\/wp\/v2\/media?parent=88072"}],"wp:term":[{"taxonomy":"product_brand","embeddable":true,"href":"https:\/\/marktxxl.de\/markt\/wp-json\/wp\/v2\/product_brand?post=88072"},{"taxonomy":"product_cat","embeddable":true,"href":"https:\/\/marktxxl.de\/markt\/wp-json\/wp\/v2\/product_cat?post=88072"},{"taxonomy":"product_tag","embeddable":true,"href":"https:\/\/marktxxl.de\/markt\/wp-json\/wp\/v2\/product_tag?post=88072"}],"curies":[{"name":"wp","href":"https:\/\/api.w.org\/{rel}","templated":true}]}}