{"id":87994,"date":"2021-12-28T17:39:43","date_gmt":"2021-12-28T16:39:43","guid":{"rendered":"https:\/\/marktxxl.de\/markt\/produkt\/kabellose-maus-funkmaus-fuer-laptop-2-4g-kabellose-computermaus-geraeuschloser-klick-1600dpi-portable-laptop-maus-fuer-laptop-pc-computer-notebook\/"},"modified":"2023-04-11T03:07:18","modified_gmt":"2023-04-11T01:07:18","slug":"kabellose-maus-funkmaus-fuer-laptop-2-4g-kabellose-computermaus-geraeuschloser-klick-1600dpi-portable-laptop-maus-fuer-laptop-pc-computer-notebook","status":"publish","type":"product","link":"https:\/\/marktxxl.de\/markt\/produkt\/kabellose-maus-funkmaus-fuer-laptop-2-4g-kabellose-computermaus-geraeuschloser-klick-1600dpi-portable-laptop-maus-fuer-laptop-pc-computer-notebook\/","title":{"rendered":"Kabellose Maus, Funkmaus f\u00fcr Laptop, 2.4G kabellose Computermaus- Ger\u00e4uschloser klick, 1600DPI Portable Laptop Maus f\u00fcr\u2026"},"content":{"rendered":"<p>\u3010Genie\u00dfen Sie ger\u00e4uschloses Klicken\u3011Die kabellose Maus mit leisen Klicks verf\u00fcgt \u00fcber ein hochwertiges Design, das die Klickger\u00e4usche um 90 % reduziert. Befreien Sie sich von der Sorge, andere zu st\u00f6ren, konzentrieren Sie sich bei der Arbeit mit Ihrem Laptop und genie\u00dfen Sie Ihr Desktop-Leben jederzeit und \u00fcberall!<br \/>\n\u30102.4G Drahtlose Maus\u3011Die kabellose 2.4G-\u00dcbertragung erm\u00f6glicht eine Arbeitsdistanz von bis zu 15m\/50ft. 1600 DPI machen die Maus Spur mehr reibungslos \u00fcber eine Vielzahl von Oberfl\u00e4chen. Helfen Sie, eine pr\u00e4zisere Kontrolle zu erlangen.<br \/>\n\u3010Passen Sie Ihre Hand besser an\u3011Mit dem matten Material und der rutschfesten Matte bieten die drahtlosen Computerm\u00e4use ein besseres Handgef\u00fchl f\u00fcr Sie, was die Benutzung komfortabler macht.<br \/>\n\u3010Schlankes und tragbares Design\u3011Die d\u00fcnne und leichte Maus eignet sich sehr gut zum Tragen und Arbeiten im Freien. Die drahtlose Maus kann leicht in Ihre Laptoptasche passen. Wenn sie nicht in Gebrauch ist, kann der Nano-Empf\u00e4nger auf der R\u00fcckseite der Maus aufbewahrt werden.<br \/>\n\u3010Bis zu 12 Monate Batterielebensdauer\u3011Diese kabellose Maus verf\u00fcgt \u00fcber ein fortschrittliches Stromspardesign und intelligente Energiesparmodi, die helfen, Batteriestrom zu sparen. Klicken Sie einfach auf eine beliebige Taste, um sie aufzuwecken. Machen Sie sich keine Sorgen \u00fcber h\u00e4ufige Batteriewechsel!<br \/>\n<div class=\"main-cross-sell\" data-asin=\"B09NBMYRBJ\">\n\n\t<div class=\"WooZone-cross-sell-loader\">\n\t\t<div>\n\t\t\t<div id=\"floatingBarsG\">\n\t\t\t\t<div class=\"blockG\" id=\"rotateG_01\"><\/div>\n\t\t\t\t<div class=\"blockG\" id=\"rotateG_02\"><\/div>\n\t\t\t\t<div class=\"blockG\" id=\"rotateG_03\"><\/div>\n\t\t\t\t<div class=\"blockG\" id=\"rotateG_04\"><\/div>\n\t\t\t\t<div class=\"blockG\" id=\"rotateG_05\"><\/div>\n\t\t\t\t<div class=\"blockG\" id=\"rotateG_06\"><\/div>\n\t\t\t\t<div class=\"blockG\" id=\"rotateG_07\"><\/div>\n\t\t\t\t<div class=\"blockG\" id=\"rotateG_08\"><\/div>\n\t\t\t<\/div>\n\t\t\t<div class=\"WooZone-cross-sell-loader-text\"><\/div>\n\t\t<\/div>\n\t<\/div>\n\n\t\t\n<\/div>\n<div style=\"clear:both;\"><\/div><\/p>\n","protected":false},"excerpt":{"rendered":"<p>\u3010Genie\u00dfen Sie ger\u00e4uschloses Klicken\u3011Die kabellose Maus mit leisen Klicks verf\u00fcgt \u00fcber ein hochwertiges Design, das die Klickger\u00e4usche um 90 % reduziert. Befreien Sie sich von der Sorge, andere zu st\u00f6ren, konzentrieren Sie sich bei der Arbeit mit Ihrem Laptop und genie\u00dfen Sie Ihr Desktop-Leben jederzeit und \u00fcberall!<br \/>\n\u30102.4G Drahtlose Maus\u3011Die kabellose 2.4G-\u00dcbertragung erm\u00f6glicht eine Arbeitsdistanz von bis zu 15m\/50ft. 1600 DPI machen die Maus Spur mehr reibungslos \u00fcber eine Vielzahl von Oberfl\u00e4chen. Helfen Sie, eine pr\u00e4zisere Kontrolle zu erlangen.<br \/>\n\u3010Passen Sie Ihre Hand besser an\u3011Mit dem matten Material und der rutschfesten Matte bieten die drahtlosen Computerm\u00e4use ein besseres Handgef\u00fchl f\u00fcr Sie, was die Benutzung komfortabler macht.<\/p>\n","protected":false},"featured_media":87995,"comment_status":"open","ping_status":"closed","template":"","meta":[],"product_brand":[],"product_cat":[863],"product_tag":[],"class_list":{"0":"post-87994","1":"product","2":"type-product","3":"status-publish","4":"has-post-thumbnail","6":"product_cat-computer-zubehoer","7":"pa_brand-bnalu","8":"pa_manufacturer-bnalu","10":"first","11":"instock","12":"shipping-taxable","13":"purchasable","14":"product-type-simple","15":"customify-col","16":"product-has-gallery"},"yoast_head":"<!-- This site is optimized with the Yoast SEO plugin v27.4 - https:\/\/yoast.com\/product\/yoast-seo-wordpress\/ -->\n<title>Kabellose Maus, Funkmaus f\u00fcr Laptop, 2.4G kabellose Computermaus- Ger\u00e4uschloser klick, 1600DPI Portable Laptop Maus f\u00fcr\u2026 - Markt-XXL<\/title>\n<meta name=\"description\" content=\"Markt-XXL Kabellose Maus, Funkmaus f\u00fcr Laptop, 2.4G kabellose Computermaus- Ger\u00e4uschloser klick, 1600DPI Portable Laptop Maus f\u00fcr\u2026\" \/>\n<meta name=\"robots\" content=\"index, follow, max-snippet:-1, max-image-preview:large, max-video-preview:-1\" \/>\n<link rel=\"canonical\" href=\"https:\/\/marktxxl.de\/markt\/produkt\/kabellose-maus-funkmaus-fuer-laptop-2-4g-kabellose-computermaus-geraeuschloser-klick-1600dpi-portable-laptop-maus-fuer-laptop-pc-computer-notebook\/\" \/>\n<meta property=\"og:locale\" content=\"de_DE\" \/>\n<meta property=\"og:type\" content=\"article\" \/>\n<meta property=\"og:title\" content=\"Kabellose Maus, Funkmaus f\u00fcr Laptop, 2.4G kabellose Computermaus- Ger\u00e4uschloser klick, 1600DPI Portable Laptop Maus f\u00fcr\u2026 - Markt-XXL\" \/>\n<meta property=\"og:description\" content=\"Markt-XXL Kabellose Maus, Funkmaus f\u00fcr Laptop, 2.4G kabellose Computermaus- Ger\u00e4uschloser klick, 1600DPI Portable Laptop Maus f\u00fcr\u2026\" \/>\n<meta property=\"og:url\" content=\"https:\/\/marktxxl.de\/markt\/produkt\/kabellose-maus-funkmaus-fuer-laptop-2-4g-kabellose-computermaus-geraeuschloser-klick-1600dpi-portable-laptop-maus-fuer-laptop-pc-computer-notebook\/\" \/>\n<meta property=\"og:site_name\" content=\"Markt-XXL\" \/>\n<meta property=\"article:modified_time\" content=\"2023-04-11T01:07:18+00:00\" \/>\n<meta property=\"og:image\" content=\"https:\/\/m.media-amazon.com\/images\/I\/41E8Q6GtrYL._SL500_.jpg\" \/>\n\t<meta property=\"og:image:width\" content=\"500\" \/>\n\t<meta property=\"og:image:height\" content=\"500\" \/>\n\t<meta property=\"og:image:type\" content=\"image\/jpeg\" \/>\n<meta name=\"twitter:card\" content=\"summary_large_image\" \/>\n<meta name=\"twitter:label1\" content=\"Gesch\u00e4tzte Lesezeit\" \/>\n\t<meta name=\"twitter:data1\" content=\"1\u00a0Minute\" \/>\n<script type=\"application\/ld+json\" class=\"yoast-schema-graph\">{\"@context\":\"https:\\\/\\\/schema.org\",\"@graph\":[{\"@type\":\"WebPage\",\"@id\":\"https:\\\/\\\/marktxxl.de\\\/markt\\\/produkt\\\/kabellose-maus-funkmaus-fuer-laptop-2-4g-kabellose-computermaus-geraeuschloser-klick-1600dpi-portable-laptop-maus-fuer-laptop-pc-computer-notebook\\\/\",\"url\":\"https:\\\/\\\/marktxxl.de\\\/markt\\\/produkt\\\/kabellose-maus-funkmaus-fuer-laptop-2-4g-kabellose-computermaus-geraeuschloser-klick-1600dpi-portable-laptop-maus-fuer-laptop-pc-computer-notebook\\\/\",\"name\":\"Kabellose Maus, Funkmaus f\u00fcr Laptop, 2.4G kabellose Computermaus- Ger\u00e4uschloser klick, 1600DPI Portable Laptop Maus f\u00fcr\u2026 - Markt-XXL\",\"isPartOf\":{\"@id\":\"https:\\\/\\\/marktxxl.de\\\/markt\\\/#website\"},\"primaryImageOfPage\":{\"@id\":\"https:\\\/\\\/marktxxl.de\\\/markt\\\/produkt\\\/kabellose-maus-funkmaus-fuer-laptop-2-4g-kabellose-computermaus-geraeuschloser-klick-1600dpi-portable-laptop-maus-fuer-laptop-pc-computer-notebook\\\/#primaryimage\"},\"image\":{\"@id\":\"https:\\\/\\\/marktxxl.de\\\/markt\\\/produkt\\\/kabellose-maus-funkmaus-fuer-laptop-2-4g-kabellose-computermaus-geraeuschloser-klick-1600dpi-portable-laptop-maus-fuer-laptop-pc-computer-notebook\\\/#primaryimage\"},\"thumbnailUrl\":\"https:\\\/\\\/m.media-amazon.com\\\/images\\\/I\\\/41E8Q6GtrYL._SL500_.jpg\",\"datePublished\":\"2021-12-28T16:39:43+00:00\",\"dateModified\":\"2023-04-11T01:07:18+00:00\",\"description\":\"Markt-XXL Kabellose Maus, Funkmaus f\u00fcr Laptop, 2.4G kabellose Computermaus- Ger\u00e4uschloser klick, 1600DPI Portable Laptop Maus f\u00fcr\u2026\",\"breadcrumb\":{\"@id\":\"https:\\\/\\\/marktxxl.de\\\/markt\\\/produkt\\\/kabellose-maus-funkmaus-fuer-laptop-2-4g-kabellose-computermaus-geraeuschloser-klick-1600dpi-portable-laptop-maus-fuer-laptop-pc-computer-notebook\\\/#breadcrumb\"},\"inLanguage\":\"de\",\"potentialAction\":[{\"@type\":\"ReadAction\",\"target\":[\"https:\\\/\\\/marktxxl.de\\\/markt\\\/produkt\\\/kabellose-maus-funkmaus-fuer-laptop-2-4g-kabellose-computermaus-geraeuschloser-klick-1600dpi-portable-laptop-maus-fuer-laptop-pc-computer-notebook\\\/\"]}]},{\"@type\":\"ImageObject\",\"inLanguage\":\"de\",\"@id\":\"https:\\\/\\\/marktxxl.de\\\/markt\\\/produkt\\\/kabellose-maus-funkmaus-fuer-laptop-2-4g-kabellose-computermaus-geraeuschloser-klick-1600dpi-portable-laptop-maus-fuer-laptop-pc-computer-notebook\\\/#primaryimage\",\"url\":\"https:\\\/\\\/m.media-amazon.com\\\/images\\\/I\\\/41E8Q6GtrYL._SL500_.jpg\",\"contentUrl\":\"https:\\\/\\\/m.media-amazon.com\\\/images\\\/I\\\/41E8Q6GtrYL._SL500_.jpg\",\"width\":500,\"height\":500},{\"@type\":\"BreadcrumbList\",\"@id\":\"https:\\\/\\\/marktxxl.de\\\/markt\\\/produkt\\\/kabellose-maus-funkmaus-fuer-laptop-2-4g-kabellose-computermaus-geraeuschloser-klick-1600dpi-portable-laptop-maus-fuer-laptop-pc-computer-notebook\\\/#breadcrumb\",\"itemListElement\":[{\"@type\":\"ListItem\",\"position\":1,\"name\":\"Startseite\",\"item\":\"https:\\\/\\\/marktxxl.de\\\/markt\\\/\"},{\"@type\":\"ListItem\",\"position\":2,\"name\":\"Markt\",\"item\":\"https:\\\/\\\/marktxxl.de\\\/markt\\\/\"},{\"@type\":\"ListItem\",\"position\":3,\"name\":\"Kabellose Maus, Funkmaus f\u00fcr Laptop, 2.4G kabellose Computermaus- Ger\u00e4uschloser klick, 1600DPI Portable Laptop Maus f\u00fcr\u2026\"}]},{\"@type\":\"WebSite\",\"@id\":\"https:\\\/\\\/marktxxl.de\\\/markt\\\/#website\",\"url\":\"https:\\\/\\\/marktxxl.de\\\/markt\\\/\",\"name\":\"Markt-XXL\",\"description\":\"Ihr Markt Online\",\"publisher\":{\"@id\":\"https:\\\/\\\/marktxxl.de\\\/markt\\\/#organization\"},\"potentialAction\":[{\"@type\":\"SearchAction\",\"target\":{\"@type\":\"EntryPoint\",\"urlTemplate\":\"https:\\\/\\\/marktxxl.de\\\/markt\\\/?s={search_term_string}\"},\"query-input\":{\"@type\":\"PropertyValueSpecification\",\"valueRequired\":true,\"valueName\":\"search_term_string\"}}],\"inLanguage\":\"de\"},{\"@type\":\"Organization\",\"@id\":\"https:\\\/\\\/marktxxl.de\\\/markt\\\/#organization\",\"name\":\"Markt-XXL\",\"url\":\"https:\\\/\\\/marktxxl.de\\\/markt\\\/\",\"logo\":{\"@type\":\"ImageObject\",\"inLanguage\":\"de\",\"@id\":\"https:\\\/\\\/marktxxl.de\\\/markt\\\/#\\\/schema\\\/logo\\\/image\\\/\",\"url\":\"https:\\\/\\\/marktxxl.de\\\/markt\\\/wp-content\\\/uploads\\\/sites\\\/3\\\/2020\\\/12\\\/logo.png\",\"contentUrl\":\"https:\\\/\\\/marktxxl.de\\\/markt\\\/wp-content\\\/uploads\\\/sites\\\/3\\\/2020\\\/12\\\/logo.png\",\"width\":200,\"height\":70,\"caption\":\"Markt-XXL\"},\"image\":{\"@id\":\"https:\\\/\\\/marktxxl.de\\\/markt\\\/#\\\/schema\\\/logo\\\/image\\\/\"}}]}<\/script>\n<!-- \/ Yoast SEO plugin. -->","yoast_head_json":{"title":"Kabellose Maus, Funkmaus f\u00fcr Laptop, 2.4G kabellose Computermaus- Ger\u00e4uschloser klick, 1600DPI Portable Laptop Maus f\u00fcr\u2026 - Markt-XXL","description":"Markt-XXL Kabellose Maus, Funkmaus f\u00fcr Laptop, 2.4G kabellose Computermaus- Ger\u00e4uschloser klick, 1600DPI Portable Laptop Maus f\u00fcr\u2026","robots":{"index":"index","follow":"follow","max-snippet":"max-snippet:-1","max-image-preview":"max-image-preview:large","max-video-preview":"max-video-preview:-1"},"canonical":"https:\/\/marktxxl.de\/markt\/produkt\/kabellose-maus-funkmaus-fuer-laptop-2-4g-kabellose-computermaus-geraeuschloser-klick-1600dpi-portable-laptop-maus-fuer-laptop-pc-computer-notebook\/","og_locale":"de_DE","og_type":"article","og_title":"Kabellose Maus, Funkmaus f\u00fcr Laptop, 2.4G kabellose Computermaus- Ger\u00e4uschloser klick, 1600DPI Portable Laptop Maus f\u00fcr\u2026 - Markt-XXL","og_description":"Markt-XXL Kabellose Maus, Funkmaus f\u00fcr Laptop, 2.4G kabellose Computermaus- Ger\u00e4uschloser klick, 1600DPI Portable Laptop Maus f\u00fcr\u2026","og_url":"https:\/\/marktxxl.de\/markt\/produkt\/kabellose-maus-funkmaus-fuer-laptop-2-4g-kabellose-computermaus-geraeuschloser-klick-1600dpi-portable-laptop-maus-fuer-laptop-pc-computer-notebook\/","og_site_name":"Markt-XXL","article_modified_time":"2023-04-11T01:07:18+00:00","og_image":[{"width":500,"height":500,"url":"https:\/\/m.media-amazon.com\/images\/I\/41E8Q6GtrYL._SL500_.jpg","type":"image\/jpeg"}],"twitter_card":"summary_large_image","twitter_misc":{"Gesch\u00e4tzte Lesezeit":"1\u00a0Minute"},"schema":{"@context":"https:\/\/schema.org","@graph":[{"@type":"WebPage","@id":"https:\/\/marktxxl.de\/markt\/produkt\/kabellose-maus-funkmaus-fuer-laptop-2-4g-kabellose-computermaus-geraeuschloser-klick-1600dpi-portable-laptop-maus-fuer-laptop-pc-computer-notebook\/","url":"https:\/\/marktxxl.de\/markt\/produkt\/kabellose-maus-funkmaus-fuer-laptop-2-4g-kabellose-computermaus-geraeuschloser-klick-1600dpi-portable-laptop-maus-fuer-laptop-pc-computer-notebook\/","name":"Kabellose Maus, Funkmaus f\u00fcr Laptop, 2.4G kabellose Computermaus- Ger\u00e4uschloser klick, 1600DPI Portable Laptop Maus f\u00fcr\u2026 - Markt-XXL","isPartOf":{"@id":"https:\/\/marktxxl.de\/markt\/#website"},"primaryImageOfPage":{"@id":"https:\/\/marktxxl.de\/markt\/produkt\/kabellose-maus-funkmaus-fuer-laptop-2-4g-kabellose-computermaus-geraeuschloser-klick-1600dpi-portable-laptop-maus-fuer-laptop-pc-computer-notebook\/#primaryimage"},"image":{"@id":"https:\/\/marktxxl.de\/markt\/produkt\/kabellose-maus-funkmaus-fuer-laptop-2-4g-kabellose-computermaus-geraeuschloser-klick-1600dpi-portable-laptop-maus-fuer-laptop-pc-computer-notebook\/#primaryimage"},"thumbnailUrl":"https:\/\/m.media-amazon.com\/images\/I\/41E8Q6GtrYL._SL500_.jpg","datePublished":"2021-12-28T16:39:43+00:00","dateModified":"2023-04-11T01:07:18+00:00","description":"Markt-XXL Kabellose Maus, Funkmaus f\u00fcr Laptop, 2.4G kabellose Computermaus- Ger\u00e4uschloser klick, 1600DPI Portable Laptop Maus f\u00fcr\u2026","breadcrumb":{"@id":"https:\/\/marktxxl.de\/markt\/produkt\/kabellose-maus-funkmaus-fuer-laptop-2-4g-kabellose-computermaus-geraeuschloser-klick-1600dpi-portable-laptop-maus-fuer-laptop-pc-computer-notebook\/#breadcrumb"},"inLanguage":"de","potentialAction":[{"@type":"ReadAction","target":["https:\/\/marktxxl.de\/markt\/produkt\/kabellose-maus-funkmaus-fuer-laptop-2-4g-kabellose-computermaus-geraeuschloser-klick-1600dpi-portable-laptop-maus-fuer-laptop-pc-computer-notebook\/"]}]},{"@type":"ImageObject","inLanguage":"de","@id":"https:\/\/marktxxl.de\/markt\/produkt\/kabellose-maus-funkmaus-fuer-laptop-2-4g-kabellose-computermaus-geraeuschloser-klick-1600dpi-portable-laptop-maus-fuer-laptop-pc-computer-notebook\/#primaryimage","url":"https:\/\/m.media-amazon.com\/images\/I\/41E8Q6GtrYL._SL500_.jpg","contentUrl":"https:\/\/m.media-amazon.com\/images\/I\/41E8Q6GtrYL._SL500_.jpg","width":500,"height":500},{"@type":"BreadcrumbList","@id":"https:\/\/marktxxl.de\/markt\/produkt\/kabellose-maus-funkmaus-fuer-laptop-2-4g-kabellose-computermaus-geraeuschloser-klick-1600dpi-portable-laptop-maus-fuer-laptop-pc-computer-notebook\/#breadcrumb","itemListElement":[{"@type":"ListItem","position":1,"name":"Startseite","item":"https:\/\/marktxxl.de\/markt\/"},{"@type":"ListItem","position":2,"name":"Markt","item":"https:\/\/marktxxl.de\/markt\/"},{"@type":"ListItem","position":3,"name":"Kabellose Maus, Funkmaus f\u00fcr Laptop, 2.4G kabellose Computermaus- Ger\u00e4uschloser klick, 1600DPI Portable Laptop Maus f\u00fcr\u2026"}]},{"@type":"WebSite","@id":"https:\/\/marktxxl.de\/markt\/#website","url":"https:\/\/marktxxl.de\/markt\/","name":"Markt-XXL","description":"Ihr Markt Online","publisher":{"@id":"https:\/\/marktxxl.de\/markt\/#organization"},"potentialAction":[{"@type":"SearchAction","target":{"@type":"EntryPoint","urlTemplate":"https:\/\/marktxxl.de\/markt\/?s={search_term_string}"},"query-input":{"@type":"PropertyValueSpecification","valueRequired":true,"valueName":"search_term_string"}}],"inLanguage":"de"},{"@type":"Organization","@id":"https:\/\/marktxxl.de\/markt\/#organization","name":"Markt-XXL","url":"https:\/\/marktxxl.de\/markt\/","logo":{"@type":"ImageObject","inLanguage":"de","@id":"https:\/\/marktxxl.de\/markt\/#\/schema\/logo\/image\/","url":"https:\/\/marktxxl.de\/markt\/wp-content\/uploads\/sites\/3\/2020\/12\/logo.png","contentUrl":"https:\/\/marktxxl.de\/markt\/wp-content\/uploads\/sites\/3\/2020\/12\/logo.png","width":200,"height":70,"caption":"Markt-XXL"},"image":{"@id":"https:\/\/marktxxl.de\/markt\/#\/schema\/logo\/image\/"}}]}},"_links":{"self":[{"href":"https:\/\/marktxxl.de\/markt\/wp-json\/wp\/v2\/product\/87994","targetHints":{"allow":["GET"]}}],"collection":[{"href":"https:\/\/marktxxl.de\/markt\/wp-json\/wp\/v2\/product"}],"about":[{"href":"https:\/\/marktxxl.de\/markt\/wp-json\/wp\/v2\/types\/product"}],"replies":[{"embeddable":true,"href":"https:\/\/marktxxl.de\/markt\/wp-json\/wp\/v2\/comments?post=87994"}],"wp:featuredmedia":[{"embeddable":true,"href":"https:\/\/marktxxl.de\/markt\/wp-json\/wp\/v2\/media\/87995"}],"wp:attachment":[{"href":"https:\/\/marktxxl.de\/markt\/wp-json\/wp\/v2\/media?parent=87994"}],"wp:term":[{"taxonomy":"product_brand","embeddable":true,"href":"https:\/\/marktxxl.de\/markt\/wp-json\/wp\/v2\/product_brand?post=87994"},{"taxonomy":"product_cat","embeddable":true,"href":"https:\/\/marktxxl.de\/markt\/wp-json\/wp\/v2\/product_cat?post=87994"},{"taxonomy":"product_tag","embeddable":true,"href":"https:\/\/marktxxl.de\/markt\/wp-json\/wp\/v2\/product_tag?post=87994"}],"curies":[{"name":"wp","href":"https:\/\/api.w.org\/{rel}","templated":true}]}}