{"id":87986,"date":"2021-12-28T17:39:38","date_gmt":"2021-12-28T16:39:38","guid":{"rendered":"https:\/\/marktxxl.de\/markt\/produkt\/neues-upgrade-bluetooth-adapter-5-1-zexmte-bluetooth-usb-dongle-bluetooth-stick-fuer-pc-laptop-bluetooth-maus-tastatur-headset-lautsprecher-bluetooth-sender-empfaenger-fuer-windows-11-10-8-7\/"},"modified":"2023-04-11T03:07:18","modified_gmt":"2023-04-11T01:07:18","slug":"neues-upgrade-bluetooth-adapter-5-1-zexmte-bluetooth-usb-dongle-bluetooth-stick-fuer-pc-laptop-bluetooth-maus-tastatur-headset-lautsprecher-bluetooth-sender-empfaenger-fuer-windows-11-10-8-7","status":"publish","type":"product","link":"https:\/\/marktxxl.de\/markt\/produkt\/neues-upgrade-bluetooth-adapter-5-1-zexmte-bluetooth-usb-dongle-bluetooth-stick-fuer-pc-laptop-bluetooth-maus-tastatur-headset-lautsprecher-bluetooth-sender-empfaenger-fuer-windows-11-10-8-7\/","title":{"rendered":"Bluetooth Adapter PC, Langstrecken 100M USB Bluetooth Dongle 5.1 EDR f\u00fcr Desktop, Laptop, Maus Tastatur Kopfh\u00f6rer\u2026"},"content":{"rendered":"<p>\ud83d\ude80[Bluetooth 5.1] Der Bluetooth-Dongle verwendet die neueste Bluetooth 5.1+ EDR-Technologie und ist abw\u00e4rtskompatibel mit Bluetooth V5.0\/4.0\/3.0\/2.1\/2.0. Es verwandelt PC oder Laptop ohne Bluetooth in Bluetooth-f\u00e4hig, genie\u00dfen Sie die drahtlose Verbindung f\u00fcr Ihr B\u00fcro t\u00e4glich.<br \/>\n\ud83d\ude80 [Stabiler und st\u00f6rungsfreier] Der PC-Bluetooth-Adapter verwendet den neuesten Bluetooth 5.1-Chipsatz und reduziert den Stromverbrauch von Bluetooth (BLE) erheblich. Verbessern Sie die Entst\u00f6rungsf\u00e4higkeit und -stabilit\u00e4t und verringern Sie den Verlust der \u00dcbertragungseffizienz, der durch die Interferenz des 2,4-GHz-Frequenzbands verursacht wird, und verringern Sie die M\u00f6glichkeit einer Signalunterbrechung<br \/>\n\ud83d\ude80[High Gain Long Range] Ausgestattet mit einer 2dbi High-Gain-Antenne zur weiteren Verbesserung des Empfangs- und \u00dcbertragungssignals des Bluetooth-Dongles, bietet die um 90 \u00b0 drehbare Antenne eine st\u00e4rkere drahtlose \u00dcbertragung und empf\u00e4ngt Signale aus jedem Winkel. Befreien Sie sich von der kabelgebundenen Steuerung und genie\u00dfen Sie ein freies Leben<br \/>\n\ud83d\ude80[Schnelle \u00dcbertragungsrate] Unterst\u00fctzt die Enhanced Data Rate (EDR)-Technologie, die die \u00dcbertragungsrate erheblich verbessert und Ihnen eine schnelle und verz\u00f6gerungsfreie drahtlose Datenverbindung zwischen Ihrem Computer und Bluetooth-Ger\u00e4ten bietet.<br \/>\n\ud83d\ude80[Vielf\u00e4ltige Anwendungen] Verwandeln Sie Ihren Desktop in Bluetooth-f\u00e4hig, um eine Verbindung mit Bluetooth-Audioger\u00e4ten f\u00fcr drahtloses Audio-Streaming herzustellen. Es kann auch die Bandbreite voll ausnutzen, um mehrere Bluetooth-Ger\u00e4te gleichzeitig zu verbinden, wie Bluetooth-Lautsprecher, Tastaturen, Headsets, M\u00e4use und Bluetooth-Drucker usw. Unterst\u00fctzt 32\/64-Bit-Windows10\/8\/8.1\/7.<br \/>\n<div class=\"main-cross-sell\" data-asin=\"B09MZ8715D\">\n\n\t<div class=\"WooZone-cross-sell-loader\">\n\t\t<div>\n\t\t\t<div id=\"floatingBarsG\">\n\t\t\t\t<div class=\"blockG\" id=\"rotateG_01\"><\/div>\n\t\t\t\t<div class=\"blockG\" id=\"rotateG_02\"><\/div>\n\t\t\t\t<div class=\"blockG\" id=\"rotateG_03\"><\/div>\n\t\t\t\t<div class=\"blockG\" id=\"rotateG_04\"><\/div>\n\t\t\t\t<div class=\"blockG\" id=\"rotateG_05\"><\/div>\n\t\t\t\t<div class=\"blockG\" id=\"rotateG_06\"><\/div>\n\t\t\t\t<div class=\"blockG\" id=\"rotateG_07\"><\/div>\n\t\t\t\t<div class=\"blockG\" id=\"rotateG_08\"><\/div>\n\t\t\t<\/div>\n\t\t\t<div class=\"WooZone-cross-sell-loader-text\"><\/div>\n\t\t<\/div>\n\t<\/div>\n\n\t\t\n<\/div>\n<div style=\"clear:both;\"><\/div><\/p>\n","protected":false},"excerpt":{"rendered":"<p>\ud83d\ude80[Bluetooth 5.1] Der Bluetooth-Dongle verwendet die neueste Bluetooth 5.1+ EDR-Technologie und ist abw\u00e4rtskompatibel mit Bluetooth V5.0\/4.0\/3.0\/2.1\/2.0. Es verwandelt PC oder Laptop ohne Bluetooth in Bluetooth-f\u00e4hig, genie\u00dfen Sie die drahtlose Verbindung f\u00fcr Ihr B\u00fcro t\u00e4glich.<br \/>\n\ud83d\ude80 [Stabiler und st\u00f6rungsfreier] Der PC-Bluetooth-Adapter verwendet den neuesten Bluetooth 5.1-Chipsatz und reduziert den Stromverbrauch von Bluetooth (BLE) erheblich. Verbessern Sie die Entst\u00f6rungsf\u00e4higkeit und -stabilit\u00e4t und verringern Sie den Verlust der \u00dcbertragungseffizienz, der durch die Interferenz des 2,4-GHz-Frequenzbands verursacht wird, und verringern Sie die M\u00f6glichkeit einer Signalunterbrechung<br \/>\n\ud83d\ude80[High Gain Long Range] Ausgestattet mit einer 2dbi High-Gain-Antenne zur weiteren Verbesserung des Empfangs- und \u00dcbertragungssignals des Bluetooth-Dongles, bietet die um 90 \u00b0 drehbare Antenne eine st\u00e4rkere drahtlose \u00dcbertragung und empf\u00e4ngt Signale aus jedem Winkel. Befreien Sie sich von der kabelgebundenen Steuerung und genie\u00dfen Sie ein freies Leben<\/p>\n","protected":false},"featured_media":87987,"comment_status":"open","ping_status":"closed","template":"","meta":[],"product_brand":[],"product_cat":[863],"product_tag":[],"class_list":{"0":"post-87986","1":"product","2":"type-product","3":"status-publish","4":"has-post-thumbnail","6":"product_cat-computer-zubehoer","7":"pa_brand-zexmte","8":"pa_height-0-15354330693-zoll","9":"pa_length-1-55118110078-zoll","10":"pa_manufacturer-zexmte","11":"pa_width-0-31102362173-zoll","13":"first","14":"instock","15":"shipping-taxable","16":"purchasable","17":"product-type-simple","18":"customify-col","19":"product-has-gallery"},"yoast_head":"<!-- This site is optimized with the Yoast SEO plugin v27.4 - https:\/\/yoast.com\/product\/yoast-seo-wordpress\/ -->\n<title>Bluetooth Adapter PC, Langstrecken 100M USB Bluetooth Dongle 5.1 EDR f\u00fcr Desktop, Laptop, Maus Tastatur Kopfh\u00f6rer\u2026 - Markt-XXL<\/title>\n<meta name=\"description\" content=\"Markt-XXL Bluetooth Adapter PC, Langstrecken 100M USB Bluetooth Dongle 5.1 EDR f\u00fcr Desktop, Laptop, Maus Tastatur Kopfh\u00f6rer\u2026\" \/>\n<meta name=\"robots\" content=\"index, follow, max-snippet:-1, max-image-preview:large, max-video-preview:-1\" \/>\n<link rel=\"canonical\" href=\"https:\/\/marktxxl.de\/markt\/produkt\/neues-upgrade-bluetooth-adapter-5-1-zexmte-bluetooth-usb-dongle-bluetooth-stick-fuer-pc-laptop-bluetooth-maus-tastatur-headset-lautsprecher-bluetooth-sender-empfaenger-fuer-windows-11-10-8-7\/\" \/>\n<meta property=\"og:locale\" content=\"de_DE\" \/>\n<meta property=\"og:type\" content=\"article\" \/>\n<meta property=\"og:title\" content=\"Bluetooth Adapter PC, Langstrecken 100M USB Bluetooth Dongle 5.1 EDR f\u00fcr Desktop, Laptop, Maus Tastatur Kopfh\u00f6rer\u2026 - Markt-XXL\" \/>\n<meta property=\"og:description\" content=\"Markt-XXL Bluetooth Adapter PC, Langstrecken 100M USB Bluetooth Dongle 5.1 EDR f\u00fcr Desktop, Laptop, Maus Tastatur Kopfh\u00f6rer\u2026\" \/>\n<meta property=\"og:url\" content=\"https:\/\/marktxxl.de\/markt\/produkt\/neues-upgrade-bluetooth-adapter-5-1-zexmte-bluetooth-usb-dongle-bluetooth-stick-fuer-pc-laptop-bluetooth-maus-tastatur-headset-lautsprecher-bluetooth-sender-empfaenger-fuer-windows-11-10-8-7\/\" \/>\n<meta property=\"og:site_name\" content=\"Markt-XXL\" \/>\n<meta property=\"article:modified_time\" content=\"2023-04-11T01:07:18+00:00\" \/>\n<meta property=\"og:image\" content=\"https:\/\/m.media-amazon.com\/images\/I\/31tNqOe3sCL._SL500_.jpg\" \/>\n\t<meta property=\"og:image:width\" content=\"500\" \/>\n\t<meta property=\"og:image:height\" content=\"500\" \/>\n\t<meta property=\"og:image:type\" content=\"image\/jpeg\" \/>\n<meta name=\"twitter:card\" content=\"summary_large_image\" \/>\n<meta name=\"twitter:label1\" content=\"Gesch\u00e4tzte Lesezeit\" \/>\n\t<meta name=\"twitter:data1\" content=\"1\u00a0Minute\" \/>\n<script type=\"application\/ld+json\" class=\"yoast-schema-graph\">{\"@context\":\"https:\\\/\\\/schema.org\",\"@graph\":[{\"@type\":\"WebPage\",\"@id\":\"https:\\\/\\\/marktxxl.de\\\/markt\\\/produkt\\\/neues-upgrade-bluetooth-adapter-5-1-zexmte-bluetooth-usb-dongle-bluetooth-stick-fuer-pc-laptop-bluetooth-maus-tastatur-headset-lautsprecher-bluetooth-sender-empfaenger-fuer-windows-11-10-8-7\\\/\",\"url\":\"https:\\\/\\\/marktxxl.de\\\/markt\\\/produkt\\\/neues-upgrade-bluetooth-adapter-5-1-zexmte-bluetooth-usb-dongle-bluetooth-stick-fuer-pc-laptop-bluetooth-maus-tastatur-headset-lautsprecher-bluetooth-sender-empfaenger-fuer-windows-11-10-8-7\\\/\",\"name\":\"Bluetooth Adapter PC, Langstrecken 100M USB Bluetooth Dongle 5.1 EDR f\u00fcr Desktop, Laptop, Maus Tastatur Kopfh\u00f6rer\u2026 - Markt-XXL\",\"isPartOf\":{\"@id\":\"https:\\\/\\\/marktxxl.de\\\/markt\\\/#website\"},\"primaryImageOfPage\":{\"@id\":\"https:\\\/\\\/marktxxl.de\\\/markt\\\/produkt\\\/neues-upgrade-bluetooth-adapter-5-1-zexmte-bluetooth-usb-dongle-bluetooth-stick-fuer-pc-laptop-bluetooth-maus-tastatur-headset-lautsprecher-bluetooth-sender-empfaenger-fuer-windows-11-10-8-7\\\/#primaryimage\"},\"image\":{\"@id\":\"https:\\\/\\\/marktxxl.de\\\/markt\\\/produkt\\\/neues-upgrade-bluetooth-adapter-5-1-zexmte-bluetooth-usb-dongle-bluetooth-stick-fuer-pc-laptop-bluetooth-maus-tastatur-headset-lautsprecher-bluetooth-sender-empfaenger-fuer-windows-11-10-8-7\\\/#primaryimage\"},\"thumbnailUrl\":\"https:\\\/\\\/m.media-amazon.com\\\/images\\\/I\\\/31tNqOe3sCL._SL500_.jpg\",\"datePublished\":\"2021-12-28T16:39:38+00:00\",\"dateModified\":\"2023-04-11T01:07:18+00:00\",\"description\":\"Markt-XXL Bluetooth Adapter PC, Langstrecken 100M USB Bluetooth Dongle 5.1 EDR f\u00fcr Desktop, Laptop, Maus Tastatur Kopfh\u00f6rer\u2026\",\"breadcrumb\":{\"@id\":\"https:\\\/\\\/marktxxl.de\\\/markt\\\/produkt\\\/neues-upgrade-bluetooth-adapter-5-1-zexmte-bluetooth-usb-dongle-bluetooth-stick-fuer-pc-laptop-bluetooth-maus-tastatur-headset-lautsprecher-bluetooth-sender-empfaenger-fuer-windows-11-10-8-7\\\/#breadcrumb\"},\"inLanguage\":\"de\",\"potentialAction\":[{\"@type\":\"ReadAction\",\"target\":[\"https:\\\/\\\/marktxxl.de\\\/markt\\\/produkt\\\/neues-upgrade-bluetooth-adapter-5-1-zexmte-bluetooth-usb-dongle-bluetooth-stick-fuer-pc-laptop-bluetooth-maus-tastatur-headset-lautsprecher-bluetooth-sender-empfaenger-fuer-windows-11-10-8-7\\\/\"]}]},{\"@type\":\"ImageObject\",\"inLanguage\":\"de\",\"@id\":\"https:\\\/\\\/marktxxl.de\\\/markt\\\/produkt\\\/neues-upgrade-bluetooth-adapter-5-1-zexmte-bluetooth-usb-dongle-bluetooth-stick-fuer-pc-laptop-bluetooth-maus-tastatur-headset-lautsprecher-bluetooth-sender-empfaenger-fuer-windows-11-10-8-7\\\/#primaryimage\",\"url\":\"https:\\\/\\\/m.media-amazon.com\\\/images\\\/I\\\/31tNqOe3sCL._SL500_.jpg\",\"contentUrl\":\"https:\\\/\\\/m.media-amazon.com\\\/images\\\/I\\\/31tNqOe3sCL._SL500_.jpg\",\"width\":500,\"height\":500},{\"@type\":\"BreadcrumbList\",\"@id\":\"https:\\\/\\\/marktxxl.de\\\/markt\\\/produkt\\\/neues-upgrade-bluetooth-adapter-5-1-zexmte-bluetooth-usb-dongle-bluetooth-stick-fuer-pc-laptop-bluetooth-maus-tastatur-headset-lautsprecher-bluetooth-sender-empfaenger-fuer-windows-11-10-8-7\\\/#breadcrumb\",\"itemListElement\":[{\"@type\":\"ListItem\",\"position\":1,\"name\":\"Startseite\",\"item\":\"https:\\\/\\\/marktxxl.de\\\/markt\\\/\"},{\"@type\":\"ListItem\",\"position\":2,\"name\":\"Markt\",\"item\":\"https:\\\/\\\/marktxxl.de\\\/markt\\\/\"},{\"@type\":\"ListItem\",\"position\":3,\"name\":\"Bluetooth Adapter PC, Langstrecken 100M USB Bluetooth Dongle 5.1 EDR f\u00fcr Desktop, Laptop, Maus Tastatur Kopfh\u00f6rer\u2026\"}]},{\"@type\":\"WebSite\",\"@id\":\"https:\\\/\\\/marktxxl.de\\\/markt\\\/#website\",\"url\":\"https:\\\/\\\/marktxxl.de\\\/markt\\\/\",\"name\":\"Markt-XXL\",\"description\":\"Ihr Markt Online\",\"publisher\":{\"@id\":\"https:\\\/\\\/marktxxl.de\\\/markt\\\/#organization\"},\"potentialAction\":[{\"@type\":\"SearchAction\",\"target\":{\"@type\":\"EntryPoint\",\"urlTemplate\":\"https:\\\/\\\/marktxxl.de\\\/markt\\\/?s={search_term_string}\"},\"query-input\":{\"@type\":\"PropertyValueSpecification\",\"valueRequired\":true,\"valueName\":\"search_term_string\"}}],\"inLanguage\":\"de\"},{\"@type\":\"Organization\",\"@id\":\"https:\\\/\\\/marktxxl.de\\\/markt\\\/#organization\",\"name\":\"Markt-XXL\",\"url\":\"https:\\\/\\\/marktxxl.de\\\/markt\\\/\",\"logo\":{\"@type\":\"ImageObject\",\"inLanguage\":\"de\",\"@id\":\"https:\\\/\\\/marktxxl.de\\\/markt\\\/#\\\/schema\\\/logo\\\/image\\\/\",\"url\":\"https:\\\/\\\/marktxxl.de\\\/markt\\\/wp-content\\\/uploads\\\/sites\\\/3\\\/2020\\\/12\\\/logo.png\",\"contentUrl\":\"https:\\\/\\\/marktxxl.de\\\/markt\\\/wp-content\\\/uploads\\\/sites\\\/3\\\/2020\\\/12\\\/logo.png\",\"width\":200,\"height\":70,\"caption\":\"Markt-XXL\"},\"image\":{\"@id\":\"https:\\\/\\\/marktxxl.de\\\/markt\\\/#\\\/schema\\\/logo\\\/image\\\/\"}}]}<\/script>\n<!-- \/ Yoast SEO plugin. -->","yoast_head_json":{"title":"Bluetooth Adapter PC, Langstrecken 100M USB Bluetooth Dongle 5.1 EDR f\u00fcr Desktop, Laptop, Maus Tastatur Kopfh\u00f6rer\u2026 - Markt-XXL","description":"Markt-XXL Bluetooth Adapter PC, Langstrecken 100M USB Bluetooth Dongle 5.1 EDR f\u00fcr Desktop, Laptop, Maus Tastatur Kopfh\u00f6rer\u2026","robots":{"index":"index","follow":"follow","max-snippet":"max-snippet:-1","max-image-preview":"max-image-preview:large","max-video-preview":"max-video-preview:-1"},"canonical":"https:\/\/marktxxl.de\/markt\/produkt\/neues-upgrade-bluetooth-adapter-5-1-zexmte-bluetooth-usb-dongle-bluetooth-stick-fuer-pc-laptop-bluetooth-maus-tastatur-headset-lautsprecher-bluetooth-sender-empfaenger-fuer-windows-11-10-8-7\/","og_locale":"de_DE","og_type":"article","og_title":"Bluetooth Adapter PC, Langstrecken 100M USB Bluetooth Dongle 5.1 EDR f\u00fcr Desktop, Laptop, Maus Tastatur Kopfh\u00f6rer\u2026 - Markt-XXL","og_description":"Markt-XXL Bluetooth Adapter PC, Langstrecken 100M USB Bluetooth Dongle 5.1 EDR f\u00fcr Desktop, Laptop, Maus Tastatur Kopfh\u00f6rer\u2026","og_url":"https:\/\/marktxxl.de\/markt\/produkt\/neues-upgrade-bluetooth-adapter-5-1-zexmte-bluetooth-usb-dongle-bluetooth-stick-fuer-pc-laptop-bluetooth-maus-tastatur-headset-lautsprecher-bluetooth-sender-empfaenger-fuer-windows-11-10-8-7\/","og_site_name":"Markt-XXL","article_modified_time":"2023-04-11T01:07:18+00:00","og_image":[{"width":500,"height":500,"url":"https:\/\/m.media-amazon.com\/images\/I\/31tNqOe3sCL._SL500_.jpg","type":"image\/jpeg"}],"twitter_card":"summary_large_image","twitter_misc":{"Gesch\u00e4tzte Lesezeit":"1\u00a0Minute"},"schema":{"@context":"https:\/\/schema.org","@graph":[{"@type":"WebPage","@id":"https:\/\/marktxxl.de\/markt\/produkt\/neues-upgrade-bluetooth-adapter-5-1-zexmte-bluetooth-usb-dongle-bluetooth-stick-fuer-pc-laptop-bluetooth-maus-tastatur-headset-lautsprecher-bluetooth-sender-empfaenger-fuer-windows-11-10-8-7\/","url":"https:\/\/marktxxl.de\/markt\/produkt\/neues-upgrade-bluetooth-adapter-5-1-zexmte-bluetooth-usb-dongle-bluetooth-stick-fuer-pc-laptop-bluetooth-maus-tastatur-headset-lautsprecher-bluetooth-sender-empfaenger-fuer-windows-11-10-8-7\/","name":"Bluetooth Adapter PC, Langstrecken 100M USB Bluetooth Dongle 5.1 EDR f\u00fcr Desktop, Laptop, Maus Tastatur Kopfh\u00f6rer\u2026 - Markt-XXL","isPartOf":{"@id":"https:\/\/marktxxl.de\/markt\/#website"},"primaryImageOfPage":{"@id":"https:\/\/marktxxl.de\/markt\/produkt\/neues-upgrade-bluetooth-adapter-5-1-zexmte-bluetooth-usb-dongle-bluetooth-stick-fuer-pc-laptop-bluetooth-maus-tastatur-headset-lautsprecher-bluetooth-sender-empfaenger-fuer-windows-11-10-8-7\/#primaryimage"},"image":{"@id":"https:\/\/marktxxl.de\/markt\/produkt\/neues-upgrade-bluetooth-adapter-5-1-zexmte-bluetooth-usb-dongle-bluetooth-stick-fuer-pc-laptop-bluetooth-maus-tastatur-headset-lautsprecher-bluetooth-sender-empfaenger-fuer-windows-11-10-8-7\/#primaryimage"},"thumbnailUrl":"https:\/\/m.media-amazon.com\/images\/I\/31tNqOe3sCL._SL500_.jpg","datePublished":"2021-12-28T16:39:38+00:00","dateModified":"2023-04-11T01:07:18+00:00","description":"Markt-XXL Bluetooth Adapter PC, Langstrecken 100M USB Bluetooth Dongle 5.1 EDR f\u00fcr Desktop, Laptop, Maus Tastatur Kopfh\u00f6rer\u2026","breadcrumb":{"@id":"https:\/\/marktxxl.de\/markt\/produkt\/neues-upgrade-bluetooth-adapter-5-1-zexmte-bluetooth-usb-dongle-bluetooth-stick-fuer-pc-laptop-bluetooth-maus-tastatur-headset-lautsprecher-bluetooth-sender-empfaenger-fuer-windows-11-10-8-7\/#breadcrumb"},"inLanguage":"de","potentialAction":[{"@type":"ReadAction","target":["https:\/\/marktxxl.de\/markt\/produkt\/neues-upgrade-bluetooth-adapter-5-1-zexmte-bluetooth-usb-dongle-bluetooth-stick-fuer-pc-laptop-bluetooth-maus-tastatur-headset-lautsprecher-bluetooth-sender-empfaenger-fuer-windows-11-10-8-7\/"]}]},{"@type":"ImageObject","inLanguage":"de","@id":"https:\/\/marktxxl.de\/markt\/produkt\/neues-upgrade-bluetooth-adapter-5-1-zexmte-bluetooth-usb-dongle-bluetooth-stick-fuer-pc-laptop-bluetooth-maus-tastatur-headset-lautsprecher-bluetooth-sender-empfaenger-fuer-windows-11-10-8-7\/#primaryimage","url":"https:\/\/m.media-amazon.com\/images\/I\/31tNqOe3sCL._SL500_.jpg","contentUrl":"https:\/\/m.media-amazon.com\/images\/I\/31tNqOe3sCL._SL500_.jpg","width":500,"height":500},{"@type":"BreadcrumbList","@id":"https:\/\/marktxxl.de\/markt\/produkt\/neues-upgrade-bluetooth-adapter-5-1-zexmte-bluetooth-usb-dongle-bluetooth-stick-fuer-pc-laptop-bluetooth-maus-tastatur-headset-lautsprecher-bluetooth-sender-empfaenger-fuer-windows-11-10-8-7\/#breadcrumb","itemListElement":[{"@type":"ListItem","position":1,"name":"Startseite","item":"https:\/\/marktxxl.de\/markt\/"},{"@type":"ListItem","position":2,"name":"Markt","item":"https:\/\/marktxxl.de\/markt\/"},{"@type":"ListItem","position":3,"name":"Bluetooth Adapter PC, Langstrecken 100M USB Bluetooth Dongle 5.1 EDR f\u00fcr Desktop, Laptop, Maus Tastatur Kopfh\u00f6rer\u2026"}]},{"@type":"WebSite","@id":"https:\/\/marktxxl.de\/markt\/#website","url":"https:\/\/marktxxl.de\/markt\/","name":"Markt-XXL","description":"Ihr Markt Online","publisher":{"@id":"https:\/\/marktxxl.de\/markt\/#organization"},"potentialAction":[{"@type":"SearchAction","target":{"@type":"EntryPoint","urlTemplate":"https:\/\/marktxxl.de\/markt\/?s={search_term_string}"},"query-input":{"@type":"PropertyValueSpecification","valueRequired":true,"valueName":"search_term_string"}}],"inLanguage":"de"},{"@type":"Organization","@id":"https:\/\/marktxxl.de\/markt\/#organization","name":"Markt-XXL","url":"https:\/\/marktxxl.de\/markt\/","logo":{"@type":"ImageObject","inLanguage":"de","@id":"https:\/\/marktxxl.de\/markt\/#\/schema\/logo\/image\/","url":"https:\/\/marktxxl.de\/markt\/wp-content\/uploads\/sites\/3\/2020\/12\/logo.png","contentUrl":"https:\/\/marktxxl.de\/markt\/wp-content\/uploads\/sites\/3\/2020\/12\/logo.png","width":200,"height":70,"caption":"Markt-XXL"},"image":{"@id":"https:\/\/marktxxl.de\/markt\/#\/schema\/logo\/image\/"}}]}},"_links":{"self":[{"href":"https:\/\/marktxxl.de\/markt\/wp-json\/wp\/v2\/product\/87986","targetHints":{"allow":["GET"]}}],"collection":[{"href":"https:\/\/marktxxl.de\/markt\/wp-json\/wp\/v2\/product"}],"about":[{"href":"https:\/\/marktxxl.de\/markt\/wp-json\/wp\/v2\/types\/product"}],"replies":[{"embeddable":true,"href":"https:\/\/marktxxl.de\/markt\/wp-json\/wp\/v2\/comments?post=87986"}],"wp:featuredmedia":[{"embeddable":true,"href":"https:\/\/marktxxl.de\/markt\/wp-json\/wp\/v2\/media\/87987"}],"wp:attachment":[{"href":"https:\/\/marktxxl.de\/markt\/wp-json\/wp\/v2\/media?parent=87986"}],"wp:term":[{"taxonomy":"product_brand","embeddable":true,"href":"https:\/\/marktxxl.de\/markt\/wp-json\/wp\/v2\/product_brand?post=87986"},{"taxonomy":"product_cat","embeddable":true,"href":"https:\/\/marktxxl.de\/markt\/wp-json\/wp\/v2\/product_cat?post=87986"},{"taxonomy":"product_tag","embeddable":true,"href":"https:\/\/marktxxl.de\/markt\/wp-json\/wp\/v2\/product_tag?post=87986"}],"curies":[{"name":"wp","href":"https:\/\/api.w.org\/{rel}","templated":true}]}}