{"id":87966,"date":"2021-12-28T17:39:23","date_gmt":"2021-12-28T16:39:23","guid":{"rendered":"https:\/\/marktxxl.de\/markt\/produkt\/fintie-huelle-kompatibel-mit-macbook-pro-16-2021-freisetzung-a2485-m1-pro-max-ultraduenne-glatt-hartschale-schutzhuelle-snap-case-kompatibel-mit-macbook-pro-16-zoll-retina\/"},"modified":"2023-04-11T03:07:18","modified_gmt":"2023-04-11T01:07:18","slug":"fintie-huelle-kompatibel-mit-macbook-pro-16-2021-freisetzung-a2485-m1-pro-max-ultraduenne-glatt-hartschale-schutzhuelle-snap-case-kompatibel-mit-macbook-pro-16-zoll-retina","status":"publish","type":"product","link":"https:\/\/marktxxl.de\/markt\/produkt\/fintie-huelle-kompatibel-mit-macbook-pro-16-2021-freisetzung-a2485-m1-pro-max-ultraduenne-glatt-hartschale-schutzhuelle-snap-case-kompatibel-mit-macbook-pro-16-zoll-retina\/","title":{"rendered":"Fintie H\u00fclle Kompatibel mit MacBook Pro 16&#8243; (2023-2021 Freisetzung) A2780 A2485 M2 M1 Pro\/Max, Ultrad\u00fcnne Hartschale Schutzh\u00fclle Snap Case Kompatibel mit MacBook Pro 16 Zoll, Transparent Klar"},"content":{"rendered":"<p>Nur kompatibel mit MacBook Pro 16 Zoll (2021 Freisetzung) A2485 M1 Pro \/ M1 Max. Nicht kompatibel mit MacBook Pro 16 Zoll (2019-2020 Freisetzung) A2141, Bitte \u00fcberpr\u00fcfen Sie die Modellnummer auf der R\u00fcckseite des Laptops vor dem Kauf.<br \/>\nDer hochwertigem polycarbonat schutzh\u00fclle hat eine hohe Schlagfestigkeit, einen gro\u00dfen Temperaturbereich und eine gute Dimensionsstabilit\u00e4t. Sch\u00fctzt Ihr Laptop vor Staub, Kratzern und versch\u00fcttet wird.<br \/>\nPr\u00e4zise Ausschneidungen erm\u00f6glichen einen einfachen Zugriff auf alle Funktionen und Bedienelemente. Design erm\u00f6glicht Ihnen das komplette \u00d6ffnen \/ Schlie\u00dfen Ihres laptop und den Zugriff auf alle Port-Anschl\u00fcsse.<br \/>\n2 Teilige, Ultrad\u00fcnne leichte Schale, vollst\u00e4ndig abnehmbar, leicht an- und auszuschalten. Befinden sich auf der Unterseite L\u00fcftungsl\u00f6cher, Voll bel\u00fcftet f\u00fcr eine sichere W\u00e4rmeabf\u00fchrung. 4 Gummif\u00fc\u00dfe halten Ihr Laptop stabil und sicher.<br \/>\nErh\u00e4ltlich in einer grossen Auswahl von hellen, fr\u00f6hlichen Farben, um Ihrem Geschmack zu entsprechen.<br \/>\n<div class=\"main-cross-sell\" data-asin=\"B09LV5M8MV\">\n\n\t<div class=\"WooZone-cross-sell-loader\">\n\t\t<div>\n\t\t\t<div id=\"floatingBarsG\">\n\t\t\t\t<div class=\"blockG\" id=\"rotateG_01\"><\/div>\n\t\t\t\t<div class=\"blockG\" id=\"rotateG_02\"><\/div>\n\t\t\t\t<div class=\"blockG\" id=\"rotateG_03\"><\/div>\n\t\t\t\t<div class=\"blockG\" id=\"rotateG_04\"><\/div>\n\t\t\t\t<div class=\"blockG\" id=\"rotateG_05\"><\/div>\n\t\t\t\t<div class=\"blockG\" id=\"rotateG_06\"><\/div>\n\t\t\t\t<div class=\"blockG\" id=\"rotateG_07\"><\/div>\n\t\t\t\t<div class=\"blockG\" id=\"rotateG_08\"><\/div>\n\t\t\t<\/div>\n\t\t\t<div class=\"WooZone-cross-sell-loader-text\"><\/div>\n\t\t<\/div>\n\t<\/div>\n\n\t\t\n<\/div>\n<div style=\"clear:both;\"><\/div><\/p>\n","protected":false},"excerpt":{"rendered":"<p>Nur kompatibel mit MacBook Pro 16 Zoll (2021 Freisetzung) A2485 M1 Pro \/ M1 Max. Nicht kompatibel mit MacBook Pro 16 Zoll (2019-2020 Freisetzung) A2141, Bitte \u00fcberpr\u00fcfen Sie die Modellnummer auf der R\u00fcckseite des Laptops vor dem Kauf.<br \/>\nDer hochwertigem polycarbonat schutzh\u00fclle hat eine hohe Schlagfestigkeit, einen gro\u00dfen Temperaturbereich und eine gute Dimensionsstabilit\u00e4t. Sch\u00fctzt Ihr Laptop vor Staub, Kratzern und versch\u00fcttet wird.<br \/>\nPr\u00e4zise Ausschneidungen erm\u00f6glichen einen einfachen Zugriff auf alle Funktionen und Bedienelemente. Design erm\u00f6glicht Ihnen das komplette \u00d6ffnen \/ Schlie\u00dfen Ihres laptop und den Zugriff auf alle Port-Anschl\u00fcsse.<\/p>\n","protected":false},"featured_media":87967,"comment_status":"open","ping_status":"closed","template":"","meta":[],"product_brand":[],"product_cat":[863],"product_tag":[],"class_list":{"0":"post-87966","1":"product","2":"type-product","3":"status-publish","4":"has-post-thumbnail","6":"product_cat-computer-zubehoer","7":"pa_brand-fintie","8":"pa_manufacturer-fintie","10":"first","11":"instock","12":"shipping-taxable","13":"purchasable","14":"product-type-simple","15":"customify-col","16":"product-has-gallery"},"yoast_head":"<!-- This site is optimized with the Yoast SEO plugin v27.4 - https:\/\/yoast.com\/product\/yoast-seo-wordpress\/ -->\n<title>Fintie H\u00fclle Kompatibel mit MacBook Pro 16&quot; (2023-2021 Freisetzung) A2780 A2485 M2 M1 Pro\/Max, Ultrad\u00fcnne Hartschale Schutzh\u00fclle Snap Case Kompatibel mit MacBook Pro 16 Zoll, Transparent Klar - Markt-XXL<\/title>\n<meta name=\"description\" content=\"Markt-XXL Fintie H\u00fclle Kompatibel mit MacBook Pro 16&quot; (2023-2021 Freisetzung) A2780 A2485 M2 M1 Pro\/Max, Ultrad\u00fcnne Hartschale Schutzh\u00fclle Snap Case Kompatibel mit MacBook Pro 16 Zoll, Transparent Klar\" \/>\n<meta name=\"robots\" content=\"index, follow, max-snippet:-1, max-image-preview:large, max-video-preview:-1\" \/>\n<link rel=\"canonical\" href=\"https:\/\/marktxxl.de\/markt\/produkt\/fintie-huelle-kompatibel-mit-macbook-pro-16-2021-freisetzung-a2485-m1-pro-max-ultraduenne-glatt-hartschale-schutzhuelle-snap-case-kompatibel-mit-macbook-pro-16-zoll-retina\/\" \/>\n<meta property=\"og:locale\" content=\"de_DE\" \/>\n<meta property=\"og:type\" content=\"article\" \/>\n<meta property=\"og:title\" content=\"Fintie H\u00fclle Kompatibel mit MacBook Pro 16&quot; (2023-2021 Freisetzung) A2780 A2485 M2 M1 Pro\/Max, Ultrad\u00fcnne Hartschale Schutzh\u00fclle Snap Case Kompatibel mit MacBook Pro 16 Zoll, Transparent Klar - Markt-XXL\" \/>\n<meta property=\"og:description\" content=\"Markt-XXL Fintie H\u00fclle Kompatibel mit MacBook Pro 16&quot; (2023-2021 Freisetzung) A2780 A2485 M2 M1 Pro\/Max, Ultrad\u00fcnne Hartschale Schutzh\u00fclle Snap Case Kompatibel mit MacBook Pro 16 Zoll, Transparent Klar\" \/>\n<meta property=\"og:url\" content=\"https:\/\/marktxxl.de\/markt\/produkt\/fintie-huelle-kompatibel-mit-macbook-pro-16-2021-freisetzung-a2485-m1-pro-max-ultraduenne-glatt-hartschale-schutzhuelle-snap-case-kompatibel-mit-macbook-pro-16-zoll-retina\/\" \/>\n<meta property=\"og:site_name\" content=\"Markt-XXL\" \/>\n<meta property=\"article:modified_time\" content=\"2023-04-11T01:07:18+00:00\" \/>\n<meta property=\"og:image\" content=\"https:\/\/m.media-amazon.com\/images\/I\/318-zVJW8DL._SL500_.jpg\" \/>\n\t<meta property=\"og:image:width\" content=\"500\" \/>\n\t<meta property=\"og:image:height\" content=\"500\" \/>\n\t<meta property=\"og:image:type\" content=\"image\/jpeg\" \/>\n<meta name=\"twitter:card\" content=\"summary_large_image\" \/>\n<meta name=\"twitter:label1\" content=\"Gesch\u00e4tzte Lesezeit\" \/>\n\t<meta name=\"twitter:data1\" content=\"1\u00a0Minute\" \/>\n<script type=\"application\/ld+json\" class=\"yoast-schema-graph\">{\"@context\":\"https:\\\/\\\/schema.org\",\"@graph\":[{\"@type\":\"WebPage\",\"@id\":\"https:\\\/\\\/marktxxl.de\\\/markt\\\/produkt\\\/fintie-huelle-kompatibel-mit-macbook-pro-16-2021-freisetzung-a2485-m1-pro-max-ultraduenne-glatt-hartschale-schutzhuelle-snap-case-kompatibel-mit-macbook-pro-16-zoll-retina\\\/\",\"url\":\"https:\\\/\\\/marktxxl.de\\\/markt\\\/produkt\\\/fintie-huelle-kompatibel-mit-macbook-pro-16-2021-freisetzung-a2485-m1-pro-max-ultraduenne-glatt-hartschale-schutzhuelle-snap-case-kompatibel-mit-macbook-pro-16-zoll-retina\\\/\",\"name\":\"Fintie H\u00fclle Kompatibel mit MacBook Pro 16\\\" (2023-2021 Freisetzung) A2780 A2485 M2 M1 Pro\\\/Max, Ultrad\u00fcnne Hartschale Schutzh\u00fclle Snap Case Kompatibel mit MacBook Pro 16 Zoll, Transparent Klar - Markt-XXL\",\"isPartOf\":{\"@id\":\"https:\\\/\\\/marktxxl.de\\\/markt\\\/#website\"},\"primaryImageOfPage\":{\"@id\":\"https:\\\/\\\/marktxxl.de\\\/markt\\\/produkt\\\/fintie-huelle-kompatibel-mit-macbook-pro-16-2021-freisetzung-a2485-m1-pro-max-ultraduenne-glatt-hartschale-schutzhuelle-snap-case-kompatibel-mit-macbook-pro-16-zoll-retina\\\/#primaryimage\"},\"image\":{\"@id\":\"https:\\\/\\\/marktxxl.de\\\/markt\\\/produkt\\\/fintie-huelle-kompatibel-mit-macbook-pro-16-2021-freisetzung-a2485-m1-pro-max-ultraduenne-glatt-hartschale-schutzhuelle-snap-case-kompatibel-mit-macbook-pro-16-zoll-retina\\\/#primaryimage\"},\"thumbnailUrl\":\"https:\\\/\\\/m.media-amazon.com\\\/images\\\/I\\\/318-zVJW8DL._SL500_.jpg\",\"datePublished\":\"2021-12-28T16:39:23+00:00\",\"dateModified\":\"2023-04-11T01:07:18+00:00\",\"description\":\"Markt-XXL Fintie H\u00fclle Kompatibel mit MacBook Pro 16\\\" (2023-2021 Freisetzung) A2780 A2485 M2 M1 Pro\\\/Max, Ultrad\u00fcnne Hartschale Schutzh\u00fclle Snap Case Kompatibel mit MacBook Pro 16 Zoll, Transparent Klar\",\"breadcrumb\":{\"@id\":\"https:\\\/\\\/marktxxl.de\\\/markt\\\/produkt\\\/fintie-huelle-kompatibel-mit-macbook-pro-16-2021-freisetzung-a2485-m1-pro-max-ultraduenne-glatt-hartschale-schutzhuelle-snap-case-kompatibel-mit-macbook-pro-16-zoll-retina\\\/#breadcrumb\"},\"inLanguage\":\"de\",\"potentialAction\":[{\"@type\":\"ReadAction\",\"target\":[\"https:\\\/\\\/marktxxl.de\\\/markt\\\/produkt\\\/fintie-huelle-kompatibel-mit-macbook-pro-16-2021-freisetzung-a2485-m1-pro-max-ultraduenne-glatt-hartschale-schutzhuelle-snap-case-kompatibel-mit-macbook-pro-16-zoll-retina\\\/\"]}]},{\"@type\":\"ImageObject\",\"inLanguage\":\"de\",\"@id\":\"https:\\\/\\\/marktxxl.de\\\/markt\\\/produkt\\\/fintie-huelle-kompatibel-mit-macbook-pro-16-2021-freisetzung-a2485-m1-pro-max-ultraduenne-glatt-hartschale-schutzhuelle-snap-case-kompatibel-mit-macbook-pro-16-zoll-retina\\\/#primaryimage\",\"url\":\"https:\\\/\\\/m.media-amazon.com\\\/images\\\/I\\\/318-zVJW8DL._SL500_.jpg\",\"contentUrl\":\"https:\\\/\\\/m.media-amazon.com\\\/images\\\/I\\\/318-zVJW8DL._SL500_.jpg\",\"width\":500,\"height\":500},{\"@type\":\"BreadcrumbList\",\"@id\":\"https:\\\/\\\/marktxxl.de\\\/markt\\\/produkt\\\/fintie-huelle-kompatibel-mit-macbook-pro-16-2021-freisetzung-a2485-m1-pro-max-ultraduenne-glatt-hartschale-schutzhuelle-snap-case-kompatibel-mit-macbook-pro-16-zoll-retina\\\/#breadcrumb\",\"itemListElement\":[{\"@type\":\"ListItem\",\"position\":1,\"name\":\"Startseite\",\"item\":\"https:\\\/\\\/marktxxl.de\\\/markt\\\/\"},{\"@type\":\"ListItem\",\"position\":2,\"name\":\"Markt\",\"item\":\"https:\\\/\\\/marktxxl.de\\\/markt\\\/\"},{\"@type\":\"ListItem\",\"position\":3,\"name\":\"Fintie H\u00fclle Kompatibel mit MacBook Pro 16&#8243; (2023-2021 Freisetzung) A2780 A2485 M2 M1 Pro\\\/Max, Ultrad\u00fcnne Hartschale Schutzh\u00fclle Snap Case Kompatibel mit MacBook Pro 16 Zoll, Transparent Klar\"}]},{\"@type\":\"WebSite\",\"@id\":\"https:\\\/\\\/marktxxl.de\\\/markt\\\/#website\",\"url\":\"https:\\\/\\\/marktxxl.de\\\/markt\\\/\",\"name\":\"Markt-XXL\",\"description\":\"Ihr Markt Online\",\"publisher\":{\"@id\":\"https:\\\/\\\/marktxxl.de\\\/markt\\\/#organization\"},\"potentialAction\":[{\"@type\":\"SearchAction\",\"target\":{\"@type\":\"EntryPoint\",\"urlTemplate\":\"https:\\\/\\\/marktxxl.de\\\/markt\\\/?s={search_term_string}\"},\"query-input\":{\"@type\":\"PropertyValueSpecification\",\"valueRequired\":true,\"valueName\":\"search_term_string\"}}],\"inLanguage\":\"de\"},{\"@type\":\"Organization\",\"@id\":\"https:\\\/\\\/marktxxl.de\\\/markt\\\/#organization\",\"name\":\"Markt-XXL\",\"url\":\"https:\\\/\\\/marktxxl.de\\\/markt\\\/\",\"logo\":{\"@type\":\"ImageObject\",\"inLanguage\":\"de\",\"@id\":\"https:\\\/\\\/marktxxl.de\\\/markt\\\/#\\\/schema\\\/logo\\\/image\\\/\",\"url\":\"https:\\\/\\\/marktxxl.de\\\/markt\\\/wp-content\\\/uploads\\\/sites\\\/3\\\/2020\\\/12\\\/logo.png\",\"contentUrl\":\"https:\\\/\\\/marktxxl.de\\\/markt\\\/wp-content\\\/uploads\\\/sites\\\/3\\\/2020\\\/12\\\/logo.png\",\"width\":200,\"height\":70,\"caption\":\"Markt-XXL\"},\"image\":{\"@id\":\"https:\\\/\\\/marktxxl.de\\\/markt\\\/#\\\/schema\\\/logo\\\/image\\\/\"}}]}<\/script>\n<!-- \/ Yoast SEO plugin. -->","yoast_head_json":{"title":"Fintie H\u00fclle Kompatibel mit MacBook Pro 16\" (2023-2021 Freisetzung) A2780 A2485 M2 M1 Pro\/Max, Ultrad\u00fcnne Hartschale Schutzh\u00fclle Snap Case Kompatibel mit MacBook Pro 16 Zoll, Transparent Klar - Markt-XXL","description":"Markt-XXL Fintie H\u00fclle Kompatibel mit MacBook Pro 16\" (2023-2021 Freisetzung) A2780 A2485 M2 M1 Pro\/Max, Ultrad\u00fcnne Hartschale Schutzh\u00fclle Snap Case Kompatibel mit MacBook Pro 16 Zoll, Transparent Klar","robots":{"index":"index","follow":"follow","max-snippet":"max-snippet:-1","max-image-preview":"max-image-preview:large","max-video-preview":"max-video-preview:-1"},"canonical":"https:\/\/marktxxl.de\/markt\/produkt\/fintie-huelle-kompatibel-mit-macbook-pro-16-2021-freisetzung-a2485-m1-pro-max-ultraduenne-glatt-hartschale-schutzhuelle-snap-case-kompatibel-mit-macbook-pro-16-zoll-retina\/","og_locale":"de_DE","og_type":"article","og_title":"Fintie H\u00fclle Kompatibel mit MacBook Pro 16\" (2023-2021 Freisetzung) A2780 A2485 M2 M1 Pro\/Max, Ultrad\u00fcnne Hartschale Schutzh\u00fclle Snap Case Kompatibel mit MacBook Pro 16 Zoll, Transparent Klar - Markt-XXL","og_description":"Markt-XXL Fintie H\u00fclle Kompatibel mit MacBook Pro 16\" (2023-2021 Freisetzung) A2780 A2485 M2 M1 Pro\/Max, Ultrad\u00fcnne Hartschale Schutzh\u00fclle Snap Case Kompatibel mit MacBook Pro 16 Zoll, Transparent Klar","og_url":"https:\/\/marktxxl.de\/markt\/produkt\/fintie-huelle-kompatibel-mit-macbook-pro-16-2021-freisetzung-a2485-m1-pro-max-ultraduenne-glatt-hartschale-schutzhuelle-snap-case-kompatibel-mit-macbook-pro-16-zoll-retina\/","og_site_name":"Markt-XXL","article_modified_time":"2023-04-11T01:07:18+00:00","og_image":[{"width":500,"height":500,"url":"https:\/\/m.media-amazon.com\/images\/I\/318-zVJW8DL._SL500_.jpg","type":"image\/jpeg"}],"twitter_card":"summary_large_image","twitter_misc":{"Gesch\u00e4tzte Lesezeit":"1\u00a0Minute"},"schema":{"@context":"https:\/\/schema.org","@graph":[{"@type":"WebPage","@id":"https:\/\/marktxxl.de\/markt\/produkt\/fintie-huelle-kompatibel-mit-macbook-pro-16-2021-freisetzung-a2485-m1-pro-max-ultraduenne-glatt-hartschale-schutzhuelle-snap-case-kompatibel-mit-macbook-pro-16-zoll-retina\/","url":"https:\/\/marktxxl.de\/markt\/produkt\/fintie-huelle-kompatibel-mit-macbook-pro-16-2021-freisetzung-a2485-m1-pro-max-ultraduenne-glatt-hartschale-schutzhuelle-snap-case-kompatibel-mit-macbook-pro-16-zoll-retina\/","name":"Fintie H\u00fclle Kompatibel mit MacBook Pro 16\" (2023-2021 Freisetzung) A2780 A2485 M2 M1 Pro\/Max, Ultrad\u00fcnne Hartschale Schutzh\u00fclle Snap Case Kompatibel mit MacBook Pro 16 Zoll, Transparent Klar - Markt-XXL","isPartOf":{"@id":"https:\/\/marktxxl.de\/markt\/#website"},"primaryImageOfPage":{"@id":"https:\/\/marktxxl.de\/markt\/produkt\/fintie-huelle-kompatibel-mit-macbook-pro-16-2021-freisetzung-a2485-m1-pro-max-ultraduenne-glatt-hartschale-schutzhuelle-snap-case-kompatibel-mit-macbook-pro-16-zoll-retina\/#primaryimage"},"image":{"@id":"https:\/\/marktxxl.de\/markt\/produkt\/fintie-huelle-kompatibel-mit-macbook-pro-16-2021-freisetzung-a2485-m1-pro-max-ultraduenne-glatt-hartschale-schutzhuelle-snap-case-kompatibel-mit-macbook-pro-16-zoll-retina\/#primaryimage"},"thumbnailUrl":"https:\/\/m.media-amazon.com\/images\/I\/318-zVJW8DL._SL500_.jpg","datePublished":"2021-12-28T16:39:23+00:00","dateModified":"2023-04-11T01:07:18+00:00","description":"Markt-XXL Fintie H\u00fclle Kompatibel mit MacBook Pro 16\" (2023-2021 Freisetzung) A2780 A2485 M2 M1 Pro\/Max, Ultrad\u00fcnne Hartschale Schutzh\u00fclle Snap Case Kompatibel mit MacBook Pro 16 Zoll, Transparent Klar","breadcrumb":{"@id":"https:\/\/marktxxl.de\/markt\/produkt\/fintie-huelle-kompatibel-mit-macbook-pro-16-2021-freisetzung-a2485-m1-pro-max-ultraduenne-glatt-hartschale-schutzhuelle-snap-case-kompatibel-mit-macbook-pro-16-zoll-retina\/#breadcrumb"},"inLanguage":"de","potentialAction":[{"@type":"ReadAction","target":["https:\/\/marktxxl.de\/markt\/produkt\/fintie-huelle-kompatibel-mit-macbook-pro-16-2021-freisetzung-a2485-m1-pro-max-ultraduenne-glatt-hartschale-schutzhuelle-snap-case-kompatibel-mit-macbook-pro-16-zoll-retina\/"]}]},{"@type":"ImageObject","inLanguage":"de","@id":"https:\/\/marktxxl.de\/markt\/produkt\/fintie-huelle-kompatibel-mit-macbook-pro-16-2021-freisetzung-a2485-m1-pro-max-ultraduenne-glatt-hartschale-schutzhuelle-snap-case-kompatibel-mit-macbook-pro-16-zoll-retina\/#primaryimage","url":"https:\/\/m.media-amazon.com\/images\/I\/318-zVJW8DL._SL500_.jpg","contentUrl":"https:\/\/m.media-amazon.com\/images\/I\/318-zVJW8DL._SL500_.jpg","width":500,"height":500},{"@type":"BreadcrumbList","@id":"https:\/\/marktxxl.de\/markt\/produkt\/fintie-huelle-kompatibel-mit-macbook-pro-16-2021-freisetzung-a2485-m1-pro-max-ultraduenne-glatt-hartschale-schutzhuelle-snap-case-kompatibel-mit-macbook-pro-16-zoll-retina\/#breadcrumb","itemListElement":[{"@type":"ListItem","position":1,"name":"Startseite","item":"https:\/\/marktxxl.de\/markt\/"},{"@type":"ListItem","position":2,"name":"Markt","item":"https:\/\/marktxxl.de\/markt\/"},{"@type":"ListItem","position":3,"name":"Fintie H\u00fclle Kompatibel mit MacBook Pro 16&#8243; (2023-2021 Freisetzung) A2780 A2485 M2 M1 Pro\/Max, Ultrad\u00fcnne Hartschale Schutzh\u00fclle Snap Case Kompatibel mit MacBook Pro 16 Zoll, Transparent Klar"}]},{"@type":"WebSite","@id":"https:\/\/marktxxl.de\/markt\/#website","url":"https:\/\/marktxxl.de\/markt\/","name":"Markt-XXL","description":"Ihr Markt Online","publisher":{"@id":"https:\/\/marktxxl.de\/markt\/#organization"},"potentialAction":[{"@type":"SearchAction","target":{"@type":"EntryPoint","urlTemplate":"https:\/\/marktxxl.de\/markt\/?s={search_term_string}"},"query-input":{"@type":"PropertyValueSpecification","valueRequired":true,"valueName":"search_term_string"}}],"inLanguage":"de"},{"@type":"Organization","@id":"https:\/\/marktxxl.de\/markt\/#organization","name":"Markt-XXL","url":"https:\/\/marktxxl.de\/markt\/","logo":{"@type":"ImageObject","inLanguage":"de","@id":"https:\/\/marktxxl.de\/markt\/#\/schema\/logo\/image\/","url":"https:\/\/marktxxl.de\/markt\/wp-content\/uploads\/sites\/3\/2020\/12\/logo.png","contentUrl":"https:\/\/marktxxl.de\/markt\/wp-content\/uploads\/sites\/3\/2020\/12\/logo.png","width":200,"height":70,"caption":"Markt-XXL"},"image":{"@id":"https:\/\/marktxxl.de\/markt\/#\/schema\/logo\/image\/"}}]}},"_links":{"self":[{"href":"https:\/\/marktxxl.de\/markt\/wp-json\/wp\/v2\/product\/87966","targetHints":{"allow":["GET"]}}],"collection":[{"href":"https:\/\/marktxxl.de\/markt\/wp-json\/wp\/v2\/product"}],"about":[{"href":"https:\/\/marktxxl.de\/markt\/wp-json\/wp\/v2\/types\/product"}],"replies":[{"embeddable":true,"href":"https:\/\/marktxxl.de\/markt\/wp-json\/wp\/v2\/comments?post=87966"}],"wp:featuredmedia":[{"embeddable":true,"href":"https:\/\/marktxxl.de\/markt\/wp-json\/wp\/v2\/media\/87967"}],"wp:attachment":[{"href":"https:\/\/marktxxl.de\/markt\/wp-json\/wp\/v2\/media?parent=87966"}],"wp:term":[{"taxonomy":"product_brand","embeddable":true,"href":"https:\/\/marktxxl.de\/markt\/wp-json\/wp\/v2\/product_brand?post=87966"},{"taxonomy":"product_cat","embeddable":true,"href":"https:\/\/marktxxl.de\/markt\/wp-json\/wp\/v2\/product_cat?post=87966"},{"taxonomy":"product_tag","embeddable":true,"href":"https:\/\/marktxxl.de\/markt\/wp-json\/wp\/v2\/product_tag?post=87966"}],"curies":[{"name":"wp","href":"https:\/\/api.w.org\/{rel}","templated":true}]}}