{"id":87942,"date":"2021-12-28T17:39:07","date_gmt":"2021-12-28T16:39:07","guid":{"rendered":"https:\/\/marktxxl.de\/markt\/produkt\/anker-powerport-atom-iii-slim-wandladegeraet-duale-usb-c-ports-65-max-4-port-piq-3-0-gan-fuer-usb-c-laptops-ipad-pro-iphone-galaxy-pixel\/"},"modified":"2023-04-11T03:07:17","modified_gmt":"2023-04-11T01:07:17","slug":"anker-powerport-atom-iii-slim-wandladegeraet-duale-usb-c-ports-65-max-4-port-piq-3-0-gan-fuer-usb-c-laptops-ipad-pro-iphone-galaxy-pixel","status":"publish","type":"product","link":"https:\/\/marktxxl.de\/markt\/produkt\/anker-powerport-atom-iii-slim-wandladegeraet-duale-usb-c-ports-65-max-4-port-piq-3-0-gan-fuer-usb-c-laptops-ipad-pro-iphone-galaxy-pixel\/","title":{"rendered":"Anker PowerPort Atom III Slim Wandladeger\u00e4t Duale USB-C Ports (65W Max), 4 Port PIQ 3.0 &amp; GaN, f\u00fcr USB C Laptops, iPad\u2026"},"content":{"rendered":"<p>HIGH SPEED MIT USB-C: Lade per 45W USB-C-Eingang deine USB-C Notebooks oder per 20W USB-C-Eingang deine Tablets und Smartphones mit H\u00f6chstgeschwindigkeit.<br \/>\nEINER F\u00dcR ALLE: Ab jetzt kannst du 4 Ger\u00e4te gleichzeitig laden! Der PowerIQ USB-C Port schenkt dir die maximale Leistung f\u00fcr deine USB-C-Ger\u00e4te, w\u00e4hrend dich zwei zus\u00e4tzliche USB-A-Ports mit einer Gesamtleistung von 65W versorgen.<br \/>\nGREATER WITH GaN: Silizium wurde erstmals mit Galliumnitrid (GaN) ersetzt. Das Ergebnis: Fantastische Effizienz bei weniger W\u00e4rmeerzeugung in einem kleinen, federleichten Design.<br \/>\nUNIVERSELLE KOMPATIBILIT\u00c4T: Ankers hauseigene PowerIQ 3.0 Technologie garantiert blitzschnelle Ladungen f\u00fcr so gut wie jedes deiner Ger\u00e4te! Unterst\u00fctzt au\u00dferdem PPS (Programmable Power Supply) f\u00fcr uneingeschr\u00e4nkte Kompatibilit\u00e4t mit Samsung-Ger\u00e4ten. (45W Schnellladeleistung f\u00fcr Samsung Note 10 wird nicht unterst\u00fctzt.)<br \/>\nWAS DU BEKOMMST: Ein PowerPort Atom III 65W Slim Ladeger\u00e4t, ein 150cm langes Ladekabel, einen Klebestreifen, eine Bedienungsanleitung, 18 Monate Herstellergarantie sowie freundlichen Kundenservice.<br \/>\n<div class=\"main-cross-sell\" data-asin=\"B098X6BQ8P\">\n\n\t<div class=\"WooZone-cross-sell-loader\">\n\t\t<div>\n\t\t\t<div id=\"floatingBarsG\">\n\t\t\t\t<div class=\"blockG\" id=\"rotateG_01\"><\/div>\n\t\t\t\t<div class=\"blockG\" id=\"rotateG_02\"><\/div>\n\t\t\t\t<div class=\"blockG\" id=\"rotateG_03\"><\/div>\n\t\t\t\t<div class=\"blockG\" id=\"rotateG_04\"><\/div>\n\t\t\t\t<div class=\"blockG\" id=\"rotateG_05\"><\/div>\n\t\t\t\t<div class=\"blockG\" id=\"rotateG_06\"><\/div>\n\t\t\t\t<div class=\"blockG\" id=\"rotateG_07\"><\/div>\n\t\t\t\t<div class=\"blockG\" id=\"rotateG_08\"><\/div>\n\t\t\t<\/div>\n\t\t\t<div class=\"WooZone-cross-sell-loader-text\"><\/div>\n\t\t<\/div>\n\t<\/div>\n\n\t\t\n<\/div>\n<div style=\"clear:both;\"><\/div><\/p>\n","protected":false},"excerpt":{"rendered":"<p>HIGH SPEED MIT USB-C: Lade per 45W USB-C-Eingang deine USB-C Notebooks oder per 20W USB-C-Eingang deine Tablets und Smartphones mit H\u00f6chstgeschwindigkeit.<br \/>\nEINER F\u00dcR ALLE: Ab jetzt kannst du 4 Ger\u00e4te gleichzeitig laden! Der PowerIQ USB-C Port schenkt dir die maximale Leistung f\u00fcr deine USB-C-Ger\u00e4te, w\u00e4hrend dich zwei zus\u00e4tzliche USB-A-Ports mit einer Gesamtleistung von 65W versorgen.<br \/>\nGREATER WITH GaN: Silizium wurde erstmals mit Galliumnitrid (GaN) ersetzt. Das Ergebnis: Fantastische Effizienz bei weniger W\u00e4rmeerzeugung in einem kleinen, federleichten Design.<\/p>\n","protected":false},"featured_media":87943,"comment_status":"open","ping_status":"closed","template":"","meta":[],"product_brand":[],"product_cat":[863],"product_tag":[],"class_list":{"0":"post-87942","1":"product","2":"type-product","3":"status-publish","4":"has-post-thumbnail","6":"product_cat-computer-zubehoer","7":"pa_brand-anker","8":"pa_color-black","9":"pa_height-0-70866-zoll","10":"pa_length-3-5433-zoll","11":"pa_manufacturer-anker","12":"pa_weight-0-36-pfund","13":"pa_width-3-405505-zoll","15":"first","16":"instock","17":"shipping-taxable","18":"purchasable","19":"product-type-simple","20":"customify-col","21":"product-has-gallery"},"yoast_head":"<!-- This site is optimized with the Yoast SEO plugin v27.4 - https:\/\/yoast.com\/product\/yoast-seo-wordpress\/ -->\n<title>Anker PowerPort Atom III Slim Wandladeger\u00e4t Duale USB-C Ports (65W Max), 4 Port PIQ 3.0 &amp; GaN, f\u00fcr USB C Laptops, iPad\u2026 - Markt-XXL<\/title>\n<meta name=\"description\" content=\"Markt-XXL Anker PowerPort Atom III Slim Wandladeger\u00e4t Duale USB-C Ports (65W Max), 4 Port PIQ 3.0 &amp; GaN, f\u00fcr USB C Laptops, iPad\u2026\" \/>\n<meta name=\"robots\" content=\"index, follow, max-snippet:-1, max-image-preview:large, max-video-preview:-1\" \/>\n<link rel=\"canonical\" href=\"https:\/\/marktxxl.de\/markt\/produkt\/anker-powerport-atom-iii-slim-wandladegeraet-duale-usb-c-ports-65-max-4-port-piq-3-0-gan-fuer-usb-c-laptops-ipad-pro-iphone-galaxy-pixel\/\" \/>\n<meta property=\"og:locale\" content=\"de_DE\" \/>\n<meta property=\"og:type\" content=\"article\" \/>\n<meta property=\"og:title\" content=\"Anker PowerPort Atom III Slim Wandladeger\u00e4t Duale USB-C Ports (65W Max), 4 Port PIQ 3.0 &amp; GaN, f\u00fcr USB C Laptops, iPad\u2026 - Markt-XXL\" \/>\n<meta property=\"og:description\" content=\"Markt-XXL Anker PowerPort Atom III Slim Wandladeger\u00e4t Duale USB-C Ports (65W Max), 4 Port PIQ 3.0 &amp; GaN, f\u00fcr USB C Laptops, iPad\u2026\" \/>\n<meta property=\"og:url\" content=\"https:\/\/marktxxl.de\/markt\/produkt\/anker-powerport-atom-iii-slim-wandladegeraet-duale-usb-c-ports-65-max-4-port-piq-3-0-gan-fuer-usb-c-laptops-ipad-pro-iphone-galaxy-pixel\/\" \/>\n<meta property=\"og:site_name\" content=\"Markt-XXL\" \/>\n<meta property=\"article:modified_time\" content=\"2023-04-11T01:07:17+00:00\" \/>\n<meta property=\"og:image\" content=\"https:\/\/m.media-amazon.com\/images\/I\/31vXybC3FzL._SL500_.jpg\" \/>\n\t<meta property=\"og:image:width\" content=\"400\" \/>\n\t<meta property=\"og:image:height\" content=\"500\" \/>\n\t<meta property=\"og:image:type\" content=\"image\/jpeg\" \/>\n<meta name=\"twitter:card\" content=\"summary_large_image\" \/>\n<meta name=\"twitter:label1\" content=\"Gesch\u00e4tzte Lesezeit\" \/>\n\t<meta name=\"twitter:data1\" content=\"1\u00a0Minute\" \/>\n<script type=\"application\/ld+json\" class=\"yoast-schema-graph\">{\"@context\":\"https:\\\/\\\/schema.org\",\"@graph\":[{\"@type\":\"WebPage\",\"@id\":\"https:\\\/\\\/marktxxl.de\\\/markt\\\/produkt\\\/anker-powerport-atom-iii-slim-wandladegeraet-duale-usb-c-ports-65-max-4-port-piq-3-0-gan-fuer-usb-c-laptops-ipad-pro-iphone-galaxy-pixel\\\/\",\"url\":\"https:\\\/\\\/marktxxl.de\\\/markt\\\/produkt\\\/anker-powerport-atom-iii-slim-wandladegeraet-duale-usb-c-ports-65-max-4-port-piq-3-0-gan-fuer-usb-c-laptops-ipad-pro-iphone-galaxy-pixel\\\/\",\"name\":\"Anker PowerPort Atom III Slim Wandladeger\u00e4t Duale USB-C Ports (65W Max), 4 Port PIQ 3.0 &amp; GaN, f\u00fcr USB C Laptops, iPad\u2026 - Markt-XXL\",\"isPartOf\":{\"@id\":\"https:\\\/\\\/marktxxl.de\\\/markt\\\/#website\"},\"primaryImageOfPage\":{\"@id\":\"https:\\\/\\\/marktxxl.de\\\/markt\\\/produkt\\\/anker-powerport-atom-iii-slim-wandladegeraet-duale-usb-c-ports-65-max-4-port-piq-3-0-gan-fuer-usb-c-laptops-ipad-pro-iphone-galaxy-pixel\\\/#primaryimage\"},\"image\":{\"@id\":\"https:\\\/\\\/marktxxl.de\\\/markt\\\/produkt\\\/anker-powerport-atom-iii-slim-wandladegeraet-duale-usb-c-ports-65-max-4-port-piq-3-0-gan-fuer-usb-c-laptops-ipad-pro-iphone-galaxy-pixel\\\/#primaryimage\"},\"thumbnailUrl\":\"https:\\\/\\\/m.media-amazon.com\\\/images\\\/I\\\/31vXybC3FzL._SL500_.jpg\",\"datePublished\":\"2021-12-28T16:39:07+00:00\",\"dateModified\":\"2023-04-11T01:07:17+00:00\",\"description\":\"Markt-XXL Anker PowerPort Atom III Slim Wandladeger\u00e4t Duale USB-C Ports (65W Max), 4 Port PIQ 3.0 &amp; GaN, f\u00fcr USB C Laptops, iPad\u2026\",\"breadcrumb\":{\"@id\":\"https:\\\/\\\/marktxxl.de\\\/markt\\\/produkt\\\/anker-powerport-atom-iii-slim-wandladegeraet-duale-usb-c-ports-65-max-4-port-piq-3-0-gan-fuer-usb-c-laptops-ipad-pro-iphone-galaxy-pixel\\\/#breadcrumb\"},\"inLanguage\":\"de\",\"potentialAction\":[{\"@type\":\"ReadAction\",\"target\":[\"https:\\\/\\\/marktxxl.de\\\/markt\\\/produkt\\\/anker-powerport-atom-iii-slim-wandladegeraet-duale-usb-c-ports-65-max-4-port-piq-3-0-gan-fuer-usb-c-laptops-ipad-pro-iphone-galaxy-pixel\\\/\"]}]},{\"@type\":\"ImageObject\",\"inLanguage\":\"de\",\"@id\":\"https:\\\/\\\/marktxxl.de\\\/markt\\\/produkt\\\/anker-powerport-atom-iii-slim-wandladegeraet-duale-usb-c-ports-65-max-4-port-piq-3-0-gan-fuer-usb-c-laptops-ipad-pro-iphone-galaxy-pixel\\\/#primaryimage\",\"url\":\"https:\\\/\\\/m.media-amazon.com\\\/images\\\/I\\\/31vXybC3FzL._SL500_.jpg\",\"contentUrl\":\"https:\\\/\\\/m.media-amazon.com\\\/images\\\/I\\\/31vXybC3FzL._SL500_.jpg\",\"width\":400,\"height\":500},{\"@type\":\"BreadcrumbList\",\"@id\":\"https:\\\/\\\/marktxxl.de\\\/markt\\\/produkt\\\/anker-powerport-atom-iii-slim-wandladegeraet-duale-usb-c-ports-65-max-4-port-piq-3-0-gan-fuer-usb-c-laptops-ipad-pro-iphone-galaxy-pixel\\\/#breadcrumb\",\"itemListElement\":[{\"@type\":\"ListItem\",\"position\":1,\"name\":\"Startseite\",\"item\":\"https:\\\/\\\/marktxxl.de\\\/markt\\\/\"},{\"@type\":\"ListItem\",\"position\":2,\"name\":\"Markt\",\"item\":\"https:\\\/\\\/marktxxl.de\\\/markt\\\/\"},{\"@type\":\"ListItem\",\"position\":3,\"name\":\"Anker PowerPort Atom III Slim Wandladeger\u00e4t Duale USB-C Ports (65W Max), 4 Port PIQ 3.0 &amp; GaN, f\u00fcr USB C Laptops, iPad\u2026\"}]},{\"@type\":\"WebSite\",\"@id\":\"https:\\\/\\\/marktxxl.de\\\/markt\\\/#website\",\"url\":\"https:\\\/\\\/marktxxl.de\\\/markt\\\/\",\"name\":\"Markt-XXL\",\"description\":\"Ihr Markt Online\",\"publisher\":{\"@id\":\"https:\\\/\\\/marktxxl.de\\\/markt\\\/#organization\"},\"potentialAction\":[{\"@type\":\"SearchAction\",\"target\":{\"@type\":\"EntryPoint\",\"urlTemplate\":\"https:\\\/\\\/marktxxl.de\\\/markt\\\/?s={search_term_string}\"},\"query-input\":{\"@type\":\"PropertyValueSpecification\",\"valueRequired\":true,\"valueName\":\"search_term_string\"}}],\"inLanguage\":\"de\"},{\"@type\":\"Organization\",\"@id\":\"https:\\\/\\\/marktxxl.de\\\/markt\\\/#organization\",\"name\":\"Markt-XXL\",\"url\":\"https:\\\/\\\/marktxxl.de\\\/markt\\\/\",\"logo\":{\"@type\":\"ImageObject\",\"inLanguage\":\"de\",\"@id\":\"https:\\\/\\\/marktxxl.de\\\/markt\\\/#\\\/schema\\\/logo\\\/image\\\/\",\"url\":\"https:\\\/\\\/marktxxl.de\\\/markt\\\/wp-content\\\/uploads\\\/sites\\\/3\\\/2020\\\/12\\\/logo.png\",\"contentUrl\":\"https:\\\/\\\/marktxxl.de\\\/markt\\\/wp-content\\\/uploads\\\/sites\\\/3\\\/2020\\\/12\\\/logo.png\",\"width\":200,\"height\":70,\"caption\":\"Markt-XXL\"},\"image\":{\"@id\":\"https:\\\/\\\/marktxxl.de\\\/markt\\\/#\\\/schema\\\/logo\\\/image\\\/\"}}]}<\/script>\n<!-- \/ Yoast SEO plugin. -->","yoast_head_json":{"title":"Anker PowerPort Atom III Slim Wandladeger\u00e4t Duale USB-C Ports (65W Max), 4 Port PIQ 3.0 &amp; GaN, f\u00fcr USB C Laptops, iPad\u2026 - Markt-XXL","description":"Markt-XXL Anker PowerPort Atom III Slim Wandladeger\u00e4t Duale USB-C Ports (65W Max), 4 Port PIQ 3.0 &amp; GaN, f\u00fcr USB C Laptops, iPad\u2026","robots":{"index":"index","follow":"follow","max-snippet":"max-snippet:-1","max-image-preview":"max-image-preview:large","max-video-preview":"max-video-preview:-1"},"canonical":"https:\/\/marktxxl.de\/markt\/produkt\/anker-powerport-atom-iii-slim-wandladegeraet-duale-usb-c-ports-65-max-4-port-piq-3-0-gan-fuer-usb-c-laptops-ipad-pro-iphone-galaxy-pixel\/","og_locale":"de_DE","og_type":"article","og_title":"Anker PowerPort Atom III Slim Wandladeger\u00e4t Duale USB-C Ports (65W Max), 4 Port PIQ 3.0 &amp; GaN, f\u00fcr USB C Laptops, iPad\u2026 - Markt-XXL","og_description":"Markt-XXL Anker PowerPort Atom III Slim Wandladeger\u00e4t Duale USB-C Ports (65W Max), 4 Port PIQ 3.0 &amp; GaN, f\u00fcr USB C Laptops, iPad\u2026","og_url":"https:\/\/marktxxl.de\/markt\/produkt\/anker-powerport-atom-iii-slim-wandladegeraet-duale-usb-c-ports-65-max-4-port-piq-3-0-gan-fuer-usb-c-laptops-ipad-pro-iphone-galaxy-pixel\/","og_site_name":"Markt-XXL","article_modified_time":"2023-04-11T01:07:17+00:00","og_image":[{"width":400,"height":500,"url":"https:\/\/m.media-amazon.com\/images\/I\/31vXybC3FzL._SL500_.jpg","type":"image\/jpeg"}],"twitter_card":"summary_large_image","twitter_misc":{"Gesch\u00e4tzte Lesezeit":"1\u00a0Minute"},"schema":{"@context":"https:\/\/schema.org","@graph":[{"@type":"WebPage","@id":"https:\/\/marktxxl.de\/markt\/produkt\/anker-powerport-atom-iii-slim-wandladegeraet-duale-usb-c-ports-65-max-4-port-piq-3-0-gan-fuer-usb-c-laptops-ipad-pro-iphone-galaxy-pixel\/","url":"https:\/\/marktxxl.de\/markt\/produkt\/anker-powerport-atom-iii-slim-wandladegeraet-duale-usb-c-ports-65-max-4-port-piq-3-0-gan-fuer-usb-c-laptops-ipad-pro-iphone-galaxy-pixel\/","name":"Anker PowerPort Atom III Slim Wandladeger\u00e4t Duale USB-C Ports (65W Max), 4 Port PIQ 3.0 &amp; GaN, f\u00fcr USB C Laptops, iPad\u2026 - Markt-XXL","isPartOf":{"@id":"https:\/\/marktxxl.de\/markt\/#website"},"primaryImageOfPage":{"@id":"https:\/\/marktxxl.de\/markt\/produkt\/anker-powerport-atom-iii-slim-wandladegeraet-duale-usb-c-ports-65-max-4-port-piq-3-0-gan-fuer-usb-c-laptops-ipad-pro-iphone-galaxy-pixel\/#primaryimage"},"image":{"@id":"https:\/\/marktxxl.de\/markt\/produkt\/anker-powerport-atom-iii-slim-wandladegeraet-duale-usb-c-ports-65-max-4-port-piq-3-0-gan-fuer-usb-c-laptops-ipad-pro-iphone-galaxy-pixel\/#primaryimage"},"thumbnailUrl":"https:\/\/m.media-amazon.com\/images\/I\/31vXybC3FzL._SL500_.jpg","datePublished":"2021-12-28T16:39:07+00:00","dateModified":"2023-04-11T01:07:17+00:00","description":"Markt-XXL Anker PowerPort Atom III Slim Wandladeger\u00e4t Duale USB-C Ports (65W Max), 4 Port PIQ 3.0 &amp; GaN, f\u00fcr USB C Laptops, iPad\u2026","breadcrumb":{"@id":"https:\/\/marktxxl.de\/markt\/produkt\/anker-powerport-atom-iii-slim-wandladegeraet-duale-usb-c-ports-65-max-4-port-piq-3-0-gan-fuer-usb-c-laptops-ipad-pro-iphone-galaxy-pixel\/#breadcrumb"},"inLanguage":"de","potentialAction":[{"@type":"ReadAction","target":["https:\/\/marktxxl.de\/markt\/produkt\/anker-powerport-atom-iii-slim-wandladegeraet-duale-usb-c-ports-65-max-4-port-piq-3-0-gan-fuer-usb-c-laptops-ipad-pro-iphone-galaxy-pixel\/"]}]},{"@type":"ImageObject","inLanguage":"de","@id":"https:\/\/marktxxl.de\/markt\/produkt\/anker-powerport-atom-iii-slim-wandladegeraet-duale-usb-c-ports-65-max-4-port-piq-3-0-gan-fuer-usb-c-laptops-ipad-pro-iphone-galaxy-pixel\/#primaryimage","url":"https:\/\/m.media-amazon.com\/images\/I\/31vXybC3FzL._SL500_.jpg","contentUrl":"https:\/\/m.media-amazon.com\/images\/I\/31vXybC3FzL._SL500_.jpg","width":400,"height":500},{"@type":"BreadcrumbList","@id":"https:\/\/marktxxl.de\/markt\/produkt\/anker-powerport-atom-iii-slim-wandladegeraet-duale-usb-c-ports-65-max-4-port-piq-3-0-gan-fuer-usb-c-laptops-ipad-pro-iphone-galaxy-pixel\/#breadcrumb","itemListElement":[{"@type":"ListItem","position":1,"name":"Startseite","item":"https:\/\/marktxxl.de\/markt\/"},{"@type":"ListItem","position":2,"name":"Markt","item":"https:\/\/marktxxl.de\/markt\/"},{"@type":"ListItem","position":3,"name":"Anker PowerPort Atom III Slim Wandladeger\u00e4t Duale USB-C Ports (65W Max), 4 Port PIQ 3.0 &amp; GaN, f\u00fcr USB C Laptops, iPad\u2026"}]},{"@type":"WebSite","@id":"https:\/\/marktxxl.de\/markt\/#website","url":"https:\/\/marktxxl.de\/markt\/","name":"Markt-XXL","description":"Ihr Markt Online","publisher":{"@id":"https:\/\/marktxxl.de\/markt\/#organization"},"potentialAction":[{"@type":"SearchAction","target":{"@type":"EntryPoint","urlTemplate":"https:\/\/marktxxl.de\/markt\/?s={search_term_string}"},"query-input":{"@type":"PropertyValueSpecification","valueRequired":true,"valueName":"search_term_string"}}],"inLanguage":"de"},{"@type":"Organization","@id":"https:\/\/marktxxl.de\/markt\/#organization","name":"Markt-XXL","url":"https:\/\/marktxxl.de\/markt\/","logo":{"@type":"ImageObject","inLanguage":"de","@id":"https:\/\/marktxxl.de\/markt\/#\/schema\/logo\/image\/","url":"https:\/\/marktxxl.de\/markt\/wp-content\/uploads\/sites\/3\/2020\/12\/logo.png","contentUrl":"https:\/\/marktxxl.de\/markt\/wp-content\/uploads\/sites\/3\/2020\/12\/logo.png","width":200,"height":70,"caption":"Markt-XXL"},"image":{"@id":"https:\/\/marktxxl.de\/markt\/#\/schema\/logo\/image\/"}}]}},"_links":{"self":[{"href":"https:\/\/marktxxl.de\/markt\/wp-json\/wp\/v2\/product\/87942","targetHints":{"allow":["GET"]}}],"collection":[{"href":"https:\/\/marktxxl.de\/markt\/wp-json\/wp\/v2\/product"}],"about":[{"href":"https:\/\/marktxxl.de\/markt\/wp-json\/wp\/v2\/types\/product"}],"replies":[{"embeddable":true,"href":"https:\/\/marktxxl.de\/markt\/wp-json\/wp\/v2\/comments?post=87942"}],"wp:featuredmedia":[{"embeddable":true,"href":"https:\/\/marktxxl.de\/markt\/wp-json\/wp\/v2\/media\/87943"}],"wp:attachment":[{"href":"https:\/\/marktxxl.de\/markt\/wp-json\/wp\/v2\/media?parent=87942"}],"wp:term":[{"taxonomy":"product_brand","embeddable":true,"href":"https:\/\/marktxxl.de\/markt\/wp-json\/wp\/v2\/product_brand?post=87942"},{"taxonomy":"product_cat","embeddable":true,"href":"https:\/\/marktxxl.de\/markt\/wp-json\/wp\/v2\/product_cat?post=87942"},{"taxonomy":"product_tag","embeddable":true,"href":"https:\/\/marktxxl.de\/markt\/wp-json\/wp\/v2\/product_tag?post=87942"}],"curies":[{"name":"wp","href":"https:\/\/api.w.org\/{rel}","templated":true}]}}