{"id":87809,"date":"2021-12-28T17:34:15","date_gmt":"2021-12-28T16:34:15","guid":{"rendered":"https:\/\/marktxxl.de\/markt\/produkt\/bibelhuelle-mit-violettem-sonnenblumen-motiv-mit-englischer-aufschrift-she-is-clothed-w-strength-dignity-proverbs-31-woman-bibeletui-buchhuelle-kunstleder-gross\/"},"modified":"2023-04-11T03:07:15","modified_gmt":"2023-04-11T01:07:15","slug":"bibelhuelle-mit-violettem-sonnenblumen-motiv-mit-englischer-aufschrift-she-is-clothed-w-strength-dignity-proverbs-31-woman-bibeletui-buchhuelle-kunstleder-gross","status":"publish","type":"product","link":"https:\/\/marktxxl.de\/markt\/produkt\/bibelhuelle-mit-violettem-sonnenblumen-motiv-mit-englischer-aufschrift-she-is-clothed-w-strength-dignity-proverbs-31-woman-bibeletui-buchhuelle-kunstleder-gross\/","title":{"rendered":"Bibelh\u00fclle mit violettem Sonnenblumen-Motiv, mit englischer Aufschrift &#8220;She is Clothed w\/Strength Dignity Proverbs 31 Woman&#8221;, Bibeletui, Buchh\u00fclle, Kunstleder, gro\u00df"},"content":{"rendered":"<p>Sch\u00fctzen Sie Ihre Bibel: Das Bibeletui mit Rei\u00dfverschluss h\u00e4lt Ihre Bibel sauber und sicher vor Unf\u00e4llen und Missgeschicken. Innentaschen halten die Bibelh\u00fclle an Ort und Stelle und Stiftschlaufen bieten einen praktischen Platz f\u00fcr einen Stift oder Textmarker.<br \/>\nLanglebiger Bibeleinband: Der violette Kunstleder-Bibelbezug ist aus k\u00fcnstlichem Material, das aussieht und sich anf\u00fchlt wie echtes Leder tr\u00e4gt. Langlebig und leicht zu reinigen, h\u00e4lt dem t\u00e4glichen Verschlei\u00df stand. Au\u00dfentasche f\u00fcr Notizen und Papiere.<br \/>\nViolette Bibelabdeckung: Der lilafarbene und goldene Modeeinband verf\u00fcgt \u00fcber ein eingestanztes gro\u00dfes Sonnenblumen-Design mit metallischen Goldakzenten und den ermutigenden Bibelvers aus Sprichw\u00f6rtern 31:25<br \/>\nMittlere und gro\u00dfe Bibelabdeckungen: Die Gr\u00f6\u00dfenangaben sind Au\u00dfenma\u00dfe. Um die beste Passform zu gew\u00e4hrleisten, messen Sie bitte die Bibel genau und vergleichen Sie sie mit dem Bild der Herstellergr\u00f6\u00dfentabelle. Erlauben Sie zus\u00e4tzlichen Platz, um eine zu enge Passform zu vermeiden.<br \/>\nGlaube Hoffnung Liebe: Christian Art Gifts bietet eine Vielzahl von Bibeln, Accessoires und anderen Glaube-Bauartikeln mit einer speziellen Botschaft der Hoffnung und Ermutigung auf jedem St\u00fcck.<br \/>\n<div class=\"main-cross-sell\" data-asin=\"B08K9976LR\">\n\n\t<div class=\"WooZone-cross-sell-loader\">\n\t\t<div>\n\t\t\t<div id=\"floatingBarsG\">\n\t\t\t\t<div class=\"blockG\" id=\"rotateG_01\"><\/div>\n\t\t\t\t<div class=\"blockG\" id=\"rotateG_02\"><\/div>\n\t\t\t\t<div class=\"blockG\" id=\"rotateG_03\"><\/div>\n\t\t\t\t<div class=\"blockG\" id=\"rotateG_04\"><\/div>\n\t\t\t\t<div class=\"blockG\" id=\"rotateG_05\"><\/div>\n\t\t\t\t<div class=\"blockG\" id=\"rotateG_06\"><\/div>\n\t\t\t\t<div class=\"blockG\" id=\"rotateG_07\"><\/div>\n\t\t\t\t<div class=\"blockG\" id=\"rotateG_08\"><\/div>\n\t\t\t<\/div>\n\t\t\t<div class=\"WooZone-cross-sell-loader-text\"><\/div>\n\t\t<\/div>\n\t<\/div>\n\n\t\t\n<\/div>\n<div style=\"clear:both;\"><\/div><\/p>\n","protected":false},"excerpt":{"rendered":"<p>Sch\u00fctzen Sie Ihre Bibel: Das Bibeletui mit Rei\u00dfverschluss h\u00e4lt Ihre Bibel sauber und sicher vor Unf\u00e4llen und Missgeschicken. Innentaschen halten die Bibelh\u00fclle an Ort und Stelle und Stiftschlaufen bieten einen praktischen Platz f\u00fcr einen Stift oder Textmarker.<br \/>\nLanglebiger Bibeleinband: Der violette Kunstleder-Bibelbezug ist aus k\u00fcnstlichem Material, das aussieht und sich anf\u00fchlt wie echtes Leder tr\u00e4gt. Langlebig und leicht zu reinigen, h\u00e4lt dem t\u00e4glichen Verschlei\u00df stand. Au\u00dfentasche f\u00fcr Notizen und Papiere.<br \/>\nViolette Bibelabdeckung: Der lilafarbene und goldene Modeeinband verf\u00fcgt \u00fcber ein eingestanztes gro\u00dfes Sonnenblumen-Design mit metallischen Goldakzenten und den ermutigenden Bibelvers aus Sprichw\u00f6rtern 31:25<\/p>\n","protected":false},"featured_media":87810,"comment_status":"open","ping_status":"closed","template":"","meta":[],"product_brand":[],"product_cat":[504,8631],"product_tag":[],"class_list":{"0":"post-87809","1":"product","2":"type-product","3":"status-publish","4":"has-post-thumbnail","6":"product_cat-buerobedarf-schreibwaren","7":"product_cat-schul-unibedarf","8":"pa_binding-buerobedarf-schreibwaren","9":"pa_brand-christian-art-gifts","10":"pa_color-violett","11":"pa_height-10-9-zoll","12":"pa_length-2-2-zoll","13":"pa_manufacturer-christian-art-gifts","14":"pa_model-bbl693","15":"pa_size-large","16":"pa_width-8-1-zoll","18":"first","19":"instock","20":"shipping-taxable","21":"purchasable","22":"product-type-simple","23":"customify-col","24":"product-has-gallery"},"yoast_head":"<!-- This site is optimized with the Yoast SEO plugin v27.3 - https:\/\/yoast.com\/product\/yoast-seo-wordpress\/ -->\n<title>Bibelh\u00fclle mit violettem Sonnenblumen-Motiv, mit englischer Aufschrift &quot;She is Clothed w\/Strength Dignity Proverbs 31 Woman&quot;, Bibeletui, Buchh\u00fclle, Kunstleder, gro\u00df - Markt-XXL<\/title>\n<meta name=\"description\" content=\"Markt-XXL Bibelh\u00fclle mit violettem Sonnenblumen-Motiv, mit englischer Aufschrift &quot;She is Clothed w\/Strength Dignity Proverbs 31 Woman&quot;, Bibeletui, Buchh\u00fclle, Kunstleder, gro\u00df\" \/>\n<meta name=\"robots\" content=\"index, follow, max-snippet:-1, max-image-preview:large, max-video-preview:-1\" \/>\n<link rel=\"canonical\" href=\"https:\/\/marktxxl.de\/markt\/produkt\/bibelhuelle-mit-violettem-sonnenblumen-motiv-mit-englischer-aufschrift-she-is-clothed-w-strength-dignity-proverbs-31-woman-bibeletui-buchhuelle-kunstleder-gross\/\" \/>\n<meta property=\"og:locale\" content=\"de_DE\" \/>\n<meta property=\"og:type\" content=\"article\" \/>\n<meta property=\"og:title\" content=\"Bibelh\u00fclle mit violettem Sonnenblumen-Motiv, mit englischer Aufschrift &quot;She is Clothed w\/Strength Dignity Proverbs 31 Woman&quot;, Bibeletui, Buchh\u00fclle, Kunstleder, gro\u00df - Markt-XXL\" \/>\n<meta property=\"og:description\" content=\"Markt-XXL Bibelh\u00fclle mit violettem Sonnenblumen-Motiv, mit englischer Aufschrift &quot;She is Clothed w\/Strength Dignity Proverbs 31 Woman&quot;, Bibeletui, Buchh\u00fclle, Kunstleder, gro\u00df\" \/>\n<meta property=\"og:url\" content=\"https:\/\/marktxxl.de\/markt\/produkt\/bibelhuelle-mit-violettem-sonnenblumen-motiv-mit-englischer-aufschrift-she-is-clothed-w-strength-dignity-proverbs-31-woman-bibeletui-buchhuelle-kunstleder-gross\/\" \/>\n<meta property=\"og:site_name\" content=\"Markt-XXL\" \/>\n<meta property=\"article:modified_time\" content=\"2023-04-11T01:07:15+00:00\" \/>\n<meta property=\"og:image\" content=\"https:\/\/m.media-amazon.com\/images\/I\/51MEKBZSWML._SL500_.jpg\" \/>\n\t<meta property=\"og:image:width\" content=\"500\" \/>\n\t<meta property=\"og:image:height\" content=\"500\" \/>\n\t<meta property=\"og:image:type\" content=\"image\/jpeg\" \/>\n<meta name=\"twitter:card\" content=\"summary_large_image\" \/>\n<meta name=\"twitter:label1\" content=\"Gesch\u00e4tzte Lesezeit\" \/>\n\t<meta name=\"twitter:data1\" content=\"1\u00a0Minute\" \/>\n<script type=\"application\/ld+json\" class=\"yoast-schema-graph\">{\"@context\":\"https:\\\/\\\/schema.org\",\"@graph\":[{\"@type\":\"WebPage\",\"@id\":\"https:\\\/\\\/marktxxl.de\\\/markt\\\/produkt\\\/bibelhuelle-mit-violettem-sonnenblumen-motiv-mit-englischer-aufschrift-she-is-clothed-w-strength-dignity-proverbs-31-woman-bibeletui-buchhuelle-kunstleder-gross\\\/\",\"url\":\"https:\\\/\\\/marktxxl.de\\\/markt\\\/produkt\\\/bibelhuelle-mit-violettem-sonnenblumen-motiv-mit-englischer-aufschrift-she-is-clothed-w-strength-dignity-proverbs-31-woman-bibeletui-buchhuelle-kunstleder-gross\\\/\",\"name\":\"Bibelh\u00fclle mit violettem Sonnenblumen-Motiv, mit englischer Aufschrift \\\"She is Clothed w\\\/Strength Dignity Proverbs 31 Woman\\\", Bibeletui, Buchh\u00fclle, Kunstleder, gro\u00df - Markt-XXL\",\"isPartOf\":{\"@id\":\"https:\\\/\\\/marktxxl.de\\\/markt\\\/#website\"},\"primaryImageOfPage\":{\"@id\":\"https:\\\/\\\/marktxxl.de\\\/markt\\\/produkt\\\/bibelhuelle-mit-violettem-sonnenblumen-motiv-mit-englischer-aufschrift-she-is-clothed-w-strength-dignity-proverbs-31-woman-bibeletui-buchhuelle-kunstleder-gross\\\/#primaryimage\"},\"image\":{\"@id\":\"https:\\\/\\\/marktxxl.de\\\/markt\\\/produkt\\\/bibelhuelle-mit-violettem-sonnenblumen-motiv-mit-englischer-aufschrift-she-is-clothed-w-strength-dignity-proverbs-31-woman-bibeletui-buchhuelle-kunstleder-gross\\\/#primaryimage\"},\"thumbnailUrl\":\"https:\\\/\\\/m.media-amazon.com\\\/images\\\/I\\\/51MEKBZSWML._SL500_.jpg\",\"datePublished\":\"2021-12-28T16:34:15+00:00\",\"dateModified\":\"2023-04-11T01:07:15+00:00\",\"description\":\"Markt-XXL Bibelh\u00fclle mit violettem Sonnenblumen-Motiv, mit englischer Aufschrift \\\"She is Clothed w\\\/Strength Dignity Proverbs 31 Woman\\\", Bibeletui, Buchh\u00fclle, Kunstleder, gro\u00df\",\"breadcrumb\":{\"@id\":\"https:\\\/\\\/marktxxl.de\\\/markt\\\/produkt\\\/bibelhuelle-mit-violettem-sonnenblumen-motiv-mit-englischer-aufschrift-she-is-clothed-w-strength-dignity-proverbs-31-woman-bibeletui-buchhuelle-kunstleder-gross\\\/#breadcrumb\"},\"inLanguage\":\"de\",\"potentialAction\":[{\"@type\":\"ReadAction\",\"target\":[\"https:\\\/\\\/marktxxl.de\\\/markt\\\/produkt\\\/bibelhuelle-mit-violettem-sonnenblumen-motiv-mit-englischer-aufschrift-she-is-clothed-w-strength-dignity-proverbs-31-woman-bibeletui-buchhuelle-kunstleder-gross\\\/\"]}]},{\"@type\":\"ImageObject\",\"inLanguage\":\"de\",\"@id\":\"https:\\\/\\\/marktxxl.de\\\/markt\\\/produkt\\\/bibelhuelle-mit-violettem-sonnenblumen-motiv-mit-englischer-aufschrift-she-is-clothed-w-strength-dignity-proverbs-31-woman-bibeletui-buchhuelle-kunstleder-gross\\\/#primaryimage\",\"url\":\"https:\\\/\\\/m.media-amazon.com\\\/images\\\/I\\\/51MEKBZSWML._SL500_.jpg\",\"contentUrl\":\"https:\\\/\\\/m.media-amazon.com\\\/images\\\/I\\\/51MEKBZSWML._SL500_.jpg\",\"width\":500,\"height\":500},{\"@type\":\"BreadcrumbList\",\"@id\":\"https:\\\/\\\/marktxxl.de\\\/markt\\\/produkt\\\/bibelhuelle-mit-violettem-sonnenblumen-motiv-mit-englischer-aufschrift-she-is-clothed-w-strength-dignity-proverbs-31-woman-bibeletui-buchhuelle-kunstleder-gross\\\/#breadcrumb\",\"itemListElement\":[{\"@type\":\"ListItem\",\"position\":1,\"name\":\"Startseite\",\"item\":\"https:\\\/\\\/marktxxl.de\\\/markt\\\/\"},{\"@type\":\"ListItem\",\"position\":2,\"name\":\"Markt\",\"item\":\"https:\\\/\\\/marktxxl.de\\\/markt\\\/\"},{\"@type\":\"ListItem\",\"position\":3,\"name\":\"Bibelh\u00fclle mit violettem Sonnenblumen-Motiv, mit englischer Aufschrift &#8220;She is Clothed w\\\/Strength Dignity Proverbs 31 Woman&#8221;, Bibeletui, Buchh\u00fclle, Kunstleder, gro\u00df\"}]},{\"@type\":\"WebSite\",\"@id\":\"https:\\\/\\\/marktxxl.de\\\/markt\\\/#website\",\"url\":\"https:\\\/\\\/marktxxl.de\\\/markt\\\/\",\"name\":\"Markt-XXL\",\"description\":\"Ihr Markt Online\",\"publisher\":{\"@id\":\"https:\\\/\\\/marktxxl.de\\\/markt\\\/#organization\"},\"potentialAction\":[{\"@type\":\"SearchAction\",\"target\":{\"@type\":\"EntryPoint\",\"urlTemplate\":\"https:\\\/\\\/marktxxl.de\\\/markt\\\/?s={search_term_string}\"},\"query-input\":{\"@type\":\"PropertyValueSpecification\",\"valueRequired\":true,\"valueName\":\"search_term_string\"}}],\"inLanguage\":\"de\"},{\"@type\":\"Organization\",\"@id\":\"https:\\\/\\\/marktxxl.de\\\/markt\\\/#organization\",\"name\":\"Markt-XXL\",\"url\":\"https:\\\/\\\/marktxxl.de\\\/markt\\\/\",\"logo\":{\"@type\":\"ImageObject\",\"inLanguage\":\"de\",\"@id\":\"https:\\\/\\\/marktxxl.de\\\/markt\\\/#\\\/schema\\\/logo\\\/image\\\/\",\"url\":\"https:\\\/\\\/marktxxl.de\\\/markt\\\/wp-content\\\/uploads\\\/sites\\\/3\\\/2020\\\/12\\\/logo.png\",\"contentUrl\":\"https:\\\/\\\/marktxxl.de\\\/markt\\\/wp-content\\\/uploads\\\/sites\\\/3\\\/2020\\\/12\\\/logo.png\",\"width\":200,\"height\":70,\"caption\":\"Markt-XXL\"},\"image\":{\"@id\":\"https:\\\/\\\/marktxxl.de\\\/markt\\\/#\\\/schema\\\/logo\\\/image\\\/\"}}]}<\/script>\n<!-- \/ Yoast SEO plugin. -->","yoast_head_json":{"title":"Bibelh\u00fclle mit violettem Sonnenblumen-Motiv, mit englischer Aufschrift \"She is Clothed w\/Strength Dignity Proverbs 31 Woman\", Bibeletui, Buchh\u00fclle, Kunstleder, gro\u00df - Markt-XXL","description":"Markt-XXL Bibelh\u00fclle mit violettem Sonnenblumen-Motiv, mit englischer Aufschrift \"She is Clothed w\/Strength Dignity Proverbs 31 Woman\", Bibeletui, Buchh\u00fclle, Kunstleder, gro\u00df","robots":{"index":"index","follow":"follow","max-snippet":"max-snippet:-1","max-image-preview":"max-image-preview:large","max-video-preview":"max-video-preview:-1"},"canonical":"https:\/\/marktxxl.de\/markt\/produkt\/bibelhuelle-mit-violettem-sonnenblumen-motiv-mit-englischer-aufschrift-she-is-clothed-w-strength-dignity-proverbs-31-woman-bibeletui-buchhuelle-kunstleder-gross\/","og_locale":"de_DE","og_type":"article","og_title":"Bibelh\u00fclle mit violettem Sonnenblumen-Motiv, mit englischer Aufschrift \"She is Clothed w\/Strength Dignity Proverbs 31 Woman\", Bibeletui, Buchh\u00fclle, Kunstleder, gro\u00df - Markt-XXL","og_description":"Markt-XXL Bibelh\u00fclle mit violettem Sonnenblumen-Motiv, mit englischer Aufschrift \"She is Clothed w\/Strength Dignity Proverbs 31 Woman\", Bibeletui, Buchh\u00fclle, Kunstleder, gro\u00df","og_url":"https:\/\/marktxxl.de\/markt\/produkt\/bibelhuelle-mit-violettem-sonnenblumen-motiv-mit-englischer-aufschrift-she-is-clothed-w-strength-dignity-proverbs-31-woman-bibeletui-buchhuelle-kunstleder-gross\/","og_site_name":"Markt-XXL","article_modified_time":"2023-04-11T01:07:15+00:00","og_image":[{"width":500,"height":500,"url":"https:\/\/m.media-amazon.com\/images\/I\/51MEKBZSWML._SL500_.jpg","type":"image\/jpeg"}],"twitter_card":"summary_large_image","twitter_misc":{"Gesch\u00e4tzte Lesezeit":"1\u00a0Minute"},"schema":{"@context":"https:\/\/schema.org","@graph":[{"@type":"WebPage","@id":"https:\/\/marktxxl.de\/markt\/produkt\/bibelhuelle-mit-violettem-sonnenblumen-motiv-mit-englischer-aufschrift-she-is-clothed-w-strength-dignity-proverbs-31-woman-bibeletui-buchhuelle-kunstleder-gross\/","url":"https:\/\/marktxxl.de\/markt\/produkt\/bibelhuelle-mit-violettem-sonnenblumen-motiv-mit-englischer-aufschrift-she-is-clothed-w-strength-dignity-proverbs-31-woman-bibeletui-buchhuelle-kunstleder-gross\/","name":"Bibelh\u00fclle mit violettem Sonnenblumen-Motiv, mit englischer Aufschrift \"She is Clothed w\/Strength Dignity Proverbs 31 Woman\", Bibeletui, Buchh\u00fclle, Kunstleder, gro\u00df - Markt-XXL","isPartOf":{"@id":"https:\/\/marktxxl.de\/markt\/#website"},"primaryImageOfPage":{"@id":"https:\/\/marktxxl.de\/markt\/produkt\/bibelhuelle-mit-violettem-sonnenblumen-motiv-mit-englischer-aufschrift-she-is-clothed-w-strength-dignity-proverbs-31-woman-bibeletui-buchhuelle-kunstleder-gross\/#primaryimage"},"image":{"@id":"https:\/\/marktxxl.de\/markt\/produkt\/bibelhuelle-mit-violettem-sonnenblumen-motiv-mit-englischer-aufschrift-she-is-clothed-w-strength-dignity-proverbs-31-woman-bibeletui-buchhuelle-kunstleder-gross\/#primaryimage"},"thumbnailUrl":"https:\/\/m.media-amazon.com\/images\/I\/51MEKBZSWML._SL500_.jpg","datePublished":"2021-12-28T16:34:15+00:00","dateModified":"2023-04-11T01:07:15+00:00","description":"Markt-XXL Bibelh\u00fclle mit violettem Sonnenblumen-Motiv, mit englischer Aufschrift \"She is Clothed w\/Strength Dignity Proverbs 31 Woman\", Bibeletui, Buchh\u00fclle, Kunstleder, gro\u00df","breadcrumb":{"@id":"https:\/\/marktxxl.de\/markt\/produkt\/bibelhuelle-mit-violettem-sonnenblumen-motiv-mit-englischer-aufschrift-she-is-clothed-w-strength-dignity-proverbs-31-woman-bibeletui-buchhuelle-kunstleder-gross\/#breadcrumb"},"inLanguage":"de","potentialAction":[{"@type":"ReadAction","target":["https:\/\/marktxxl.de\/markt\/produkt\/bibelhuelle-mit-violettem-sonnenblumen-motiv-mit-englischer-aufschrift-she-is-clothed-w-strength-dignity-proverbs-31-woman-bibeletui-buchhuelle-kunstleder-gross\/"]}]},{"@type":"ImageObject","inLanguage":"de","@id":"https:\/\/marktxxl.de\/markt\/produkt\/bibelhuelle-mit-violettem-sonnenblumen-motiv-mit-englischer-aufschrift-she-is-clothed-w-strength-dignity-proverbs-31-woman-bibeletui-buchhuelle-kunstleder-gross\/#primaryimage","url":"https:\/\/m.media-amazon.com\/images\/I\/51MEKBZSWML._SL500_.jpg","contentUrl":"https:\/\/m.media-amazon.com\/images\/I\/51MEKBZSWML._SL500_.jpg","width":500,"height":500},{"@type":"BreadcrumbList","@id":"https:\/\/marktxxl.de\/markt\/produkt\/bibelhuelle-mit-violettem-sonnenblumen-motiv-mit-englischer-aufschrift-she-is-clothed-w-strength-dignity-proverbs-31-woman-bibeletui-buchhuelle-kunstleder-gross\/#breadcrumb","itemListElement":[{"@type":"ListItem","position":1,"name":"Startseite","item":"https:\/\/marktxxl.de\/markt\/"},{"@type":"ListItem","position":2,"name":"Markt","item":"https:\/\/marktxxl.de\/markt\/"},{"@type":"ListItem","position":3,"name":"Bibelh\u00fclle mit violettem Sonnenblumen-Motiv, mit englischer Aufschrift &#8220;She is Clothed w\/Strength Dignity Proverbs 31 Woman&#8221;, Bibeletui, Buchh\u00fclle, Kunstleder, gro\u00df"}]},{"@type":"WebSite","@id":"https:\/\/marktxxl.de\/markt\/#website","url":"https:\/\/marktxxl.de\/markt\/","name":"Markt-XXL","description":"Ihr Markt Online","publisher":{"@id":"https:\/\/marktxxl.de\/markt\/#organization"},"potentialAction":[{"@type":"SearchAction","target":{"@type":"EntryPoint","urlTemplate":"https:\/\/marktxxl.de\/markt\/?s={search_term_string}"},"query-input":{"@type":"PropertyValueSpecification","valueRequired":true,"valueName":"search_term_string"}}],"inLanguage":"de"},{"@type":"Organization","@id":"https:\/\/marktxxl.de\/markt\/#organization","name":"Markt-XXL","url":"https:\/\/marktxxl.de\/markt\/","logo":{"@type":"ImageObject","inLanguage":"de","@id":"https:\/\/marktxxl.de\/markt\/#\/schema\/logo\/image\/","url":"https:\/\/marktxxl.de\/markt\/wp-content\/uploads\/sites\/3\/2020\/12\/logo.png","contentUrl":"https:\/\/marktxxl.de\/markt\/wp-content\/uploads\/sites\/3\/2020\/12\/logo.png","width":200,"height":70,"caption":"Markt-XXL"},"image":{"@id":"https:\/\/marktxxl.de\/markt\/#\/schema\/logo\/image\/"}}]}},"_links":{"self":[{"href":"https:\/\/marktxxl.de\/markt\/wp-json\/wp\/v2\/product\/87809","targetHints":{"allow":["GET"]}}],"collection":[{"href":"https:\/\/marktxxl.de\/markt\/wp-json\/wp\/v2\/product"}],"about":[{"href":"https:\/\/marktxxl.de\/markt\/wp-json\/wp\/v2\/types\/product"}],"replies":[{"embeddable":true,"href":"https:\/\/marktxxl.de\/markt\/wp-json\/wp\/v2\/comments?post=87809"}],"wp:featuredmedia":[{"embeddable":true,"href":"https:\/\/marktxxl.de\/markt\/wp-json\/wp\/v2\/media\/87810"}],"wp:attachment":[{"href":"https:\/\/marktxxl.de\/markt\/wp-json\/wp\/v2\/media?parent=87809"}],"wp:term":[{"taxonomy":"product_brand","embeddable":true,"href":"https:\/\/marktxxl.de\/markt\/wp-json\/wp\/v2\/product_brand?post=87809"},{"taxonomy":"product_cat","embeddable":true,"href":"https:\/\/marktxxl.de\/markt\/wp-json\/wp\/v2\/product_cat?post=87809"},{"taxonomy":"product_tag","embeddable":true,"href":"https:\/\/marktxxl.de\/markt\/wp-json\/wp\/v2\/product_tag?post=87809"}],"curies":[{"name":"wp","href":"https:\/\/api.w.org\/{rel}","templated":true}]}}