{"id":87710,"date":"2021-12-28T17:27:42","date_gmt":"2021-12-28T16:27:42","guid":{"rendered":"https:\/\/marktxxl.de\/markt\/produkt\/karte-geburt-storch-neutralpop-up-glueckwunschkarte-geburt-fuer-mama-und-papababy-geschenkgutschein-und-geschenk-zur-geburt-fuer-maedchen-oder-jungeg23-1\/"},"modified":"2023-04-11T03:07:14","modified_gmt":"2023-04-11T01:07:14","slug":"karte-geburt-storch-neutralpop-up-glueckwunschkarte-geburt-fuer-mama-und-papababy-geschenkgutschein-und-geschenk-zur-geburt-fuer-maedchen-oder-jungeg23-1","status":"publish","type":"product","link":"https:\/\/marktxxl.de\/markt\/produkt\/karte-geburt-storch-neutralpop-up-glueckwunschkarte-geburt-fuer-mama-und-papababy-geschenkgutschein-und-geschenk-zur-geburt-fuer-maedchen-oder-jungeg23-1\/","title":{"rendered":"Karte Geburt Storch neutral|Pop up Gl\u00fcckwunschkarte Geburt f\u00fcr Mama und Papa|Baby Geschenk|Gutschein und Geschenk zur\u2026"},"content":{"rendered":"<p>BESONDERES GESCHENK: Diese Karte zur Geburt ist originell und eignet sich als Gl\u00fcckwunschkarte f\u00fcr Eltern zur Geburt von Tochter oder Sohn oder als Geschenkgutschein bzw. Geschenkkarte f\u00fcrs Baby.<br \/>\nEIN L\u00c4CHELN VERSCHENKEN: Ob als Gru\u00dfkarte zum Verschicken, als Beigabe zum Geschenk oder als Geldgeschenke Verpackung, diese niedliche Karte wird jeden erfreuen und ist eine prima Geschenkidee.<br \/>\nFAIR TRADE &amp; QUALIT\u00c4T: Die Karten haben ein anspruchsvolles und hochwertiges Design und werden in Handarbeit unter fairen Bedingungen in einem Familienbetrieb gefertigt, lasergeschnitten und von Hand zusammengesetzt.<br \/>\nDETAILS: Abmessungen geschlossen 12x18cm, Lieferung mit passendem Umschlag und in sch\u00fctzender Zellophan-H\u00fclle. Mit blanko Innenseiten und ausreichend Platz f\u00fcr eine pers\u00f6nliche Botschaft.<br \/>\nLIEFERUNG &amp; ZUFRIEDENHEIT: Schnelle Lieferung direkt aus dem Amazon Lager. Werden Sie Teil unserer bereits \u00fcber 20.000 zufriedenen Kunden. Noch Fragen? Melden Sie sich gerne bei uns!<br \/>\n<div class=\"main-cross-sell\" data-asin=\"B087G4N8HR\">\n\n\t<div class=\"WooZone-cross-sell-loader\">\n\t\t<div>\n\t\t\t<div id=\"floatingBarsG\">\n\t\t\t\t<div class=\"blockG\" id=\"rotateG_01\"><\/div>\n\t\t\t\t<div class=\"blockG\" id=\"rotateG_02\"><\/div>\n\t\t\t\t<div class=\"blockG\" id=\"rotateG_03\"><\/div>\n\t\t\t\t<div class=\"blockG\" id=\"rotateG_04\"><\/div>\n\t\t\t\t<div class=\"blockG\" id=\"rotateG_05\"><\/div>\n\t\t\t\t<div class=\"blockG\" id=\"rotateG_06\"><\/div>\n\t\t\t\t<div class=\"blockG\" id=\"rotateG_07\"><\/div>\n\t\t\t\t<div class=\"blockG\" id=\"rotateG_08\"><\/div>\n\t\t\t<\/div>\n\t\t\t<div class=\"WooZone-cross-sell-loader-text\"><\/div>\n\t\t<\/div>\n\t<\/div>\n\n\t\t\n<\/div>\n<div style=\"clear:both;\"><\/div><\/p>\n","protected":false},"excerpt":{"rendered":"<p>BESONDERES GESCHENK: Diese Karte zur Geburt ist originell und eignet sich als Gl\u00fcckwunschkarte f\u00fcr Eltern zur Geburt von Tochter oder Sohn oder als Geschenkgutschein bzw. Geschenkkarte f\u00fcrs Baby.<br \/>\nEIN L\u00c4CHELN VERSCHENKEN: Ob als Gru\u00dfkarte zum Verschicken, als Beigabe zum Geschenk oder als Geldgeschenke Verpackung, diese niedliche Karte wird jeden erfreuen und ist eine prima Geschenkidee.<br \/>\nFAIR TRADE &amp; QUALIT\u00c4T: Die Karten haben ein anspruchsvolles und hochwertiges Design und werden in Handarbeit unter fairen Bedingungen in einem Familienbetrieb gefertigt, lasergeschnitten und von Hand zusammengesetzt.<\/p>\n","protected":false},"featured_media":87711,"comment_status":"open","ping_status":"closed","template":"","meta":[],"product_brand":[],"product_cat":[504,8527],"product_tag":[],"class_list":{"0":"post-87710","1":"product","2":"type-product","3":"status-publish","4":"has-post-thumbnail","6":"product_cat-buerobedarf-schreibwaren","7":"product_cat-papierprodukte","8":"pa_brand-diese-klappkarten","9":"pa_height-0-393700787-zoll","10":"pa_length-7-086614166-zoll","11":"pa_manufacturer-diese-klappkarten","12":"pa_width-4-724409444-zoll","14":"first","15":"instock","16":"shipping-taxable","17":"purchasable","18":"product-type-simple","19":"customify-col","20":"product-has-gallery"},"yoast_head":"<!-- This site is optimized with the Yoast SEO plugin v27.3 - https:\/\/yoast.com\/product\/yoast-seo-wordpress\/ -->\n<title>Karte Geburt Storch neutral|Pop up Gl\u00fcckwunschkarte Geburt f\u00fcr Mama und Papa|Baby Geschenk|Gutschein und Geschenk zur\u2026 - Markt-XXL<\/title>\n<meta name=\"description\" content=\"Markt-XXL Karte Geburt Storch neutral|Pop up Gl\u00fcckwunschkarte Geburt f\u00fcr Mama und Papa|Baby Geschenk|Gutschein und Geschenk zur\u2026\" \/>\n<meta name=\"robots\" content=\"index, follow, max-snippet:-1, max-image-preview:large, max-video-preview:-1\" \/>\n<link rel=\"canonical\" href=\"https:\/\/marktxxl.de\/markt\/produkt\/karte-geburt-storch-neutralpop-up-glueckwunschkarte-geburt-fuer-mama-und-papababy-geschenkgutschein-und-geschenk-zur-geburt-fuer-maedchen-oder-jungeg23-1\/\" \/>\n<meta property=\"og:locale\" content=\"de_DE\" \/>\n<meta property=\"og:type\" content=\"article\" \/>\n<meta property=\"og:title\" content=\"Karte Geburt Storch neutral|Pop up Gl\u00fcckwunschkarte Geburt f\u00fcr Mama und Papa|Baby Geschenk|Gutschein und Geschenk zur\u2026 - Markt-XXL\" \/>\n<meta property=\"og:description\" content=\"Markt-XXL Karte Geburt Storch neutral|Pop up Gl\u00fcckwunschkarte Geburt f\u00fcr Mama und Papa|Baby Geschenk|Gutschein und Geschenk zur\u2026\" \/>\n<meta property=\"og:url\" content=\"https:\/\/marktxxl.de\/markt\/produkt\/karte-geburt-storch-neutralpop-up-glueckwunschkarte-geburt-fuer-mama-und-papababy-geschenkgutschein-und-geschenk-zur-geburt-fuer-maedchen-oder-jungeg23-1\/\" \/>\n<meta property=\"og:site_name\" content=\"Markt-XXL\" \/>\n<meta property=\"article:modified_time\" content=\"2023-04-11T01:07:14+00:00\" \/>\n<meta property=\"og:image\" content=\"https:\/\/m.media-amazon.com\/images\/I\/41rd6bAuQjL._SL500_.jpg\" \/>\n\t<meta property=\"og:image:width\" content=\"500\" \/>\n\t<meta property=\"og:image:height\" content=\"500\" \/>\n\t<meta property=\"og:image:type\" content=\"image\/jpeg\" \/>\n<meta name=\"twitter:card\" content=\"summary_large_image\" \/>\n<meta name=\"twitter:label1\" content=\"Gesch\u00e4tzte Lesezeit\" \/>\n\t<meta name=\"twitter:data1\" content=\"1\u00a0Minute\" \/>\n<script type=\"application\/ld+json\" class=\"yoast-schema-graph\">{\"@context\":\"https:\\\/\\\/schema.org\",\"@graph\":[{\"@type\":\"WebPage\",\"@id\":\"https:\\\/\\\/marktxxl.de\\\/markt\\\/produkt\\\/karte-geburt-storch-neutralpop-up-glueckwunschkarte-geburt-fuer-mama-und-papababy-geschenkgutschein-und-geschenk-zur-geburt-fuer-maedchen-oder-jungeg23-1\\\/\",\"url\":\"https:\\\/\\\/marktxxl.de\\\/markt\\\/produkt\\\/karte-geburt-storch-neutralpop-up-glueckwunschkarte-geburt-fuer-mama-und-papababy-geschenkgutschein-und-geschenk-zur-geburt-fuer-maedchen-oder-jungeg23-1\\\/\",\"name\":\"Karte Geburt Storch neutral|Pop up Gl\u00fcckwunschkarte Geburt f\u00fcr Mama und Papa|Baby Geschenk|Gutschein und Geschenk zur\u2026 - Markt-XXL\",\"isPartOf\":{\"@id\":\"https:\\\/\\\/marktxxl.de\\\/markt\\\/#website\"},\"primaryImageOfPage\":{\"@id\":\"https:\\\/\\\/marktxxl.de\\\/markt\\\/produkt\\\/karte-geburt-storch-neutralpop-up-glueckwunschkarte-geburt-fuer-mama-und-papababy-geschenkgutschein-und-geschenk-zur-geburt-fuer-maedchen-oder-jungeg23-1\\\/#primaryimage\"},\"image\":{\"@id\":\"https:\\\/\\\/marktxxl.de\\\/markt\\\/produkt\\\/karte-geburt-storch-neutralpop-up-glueckwunschkarte-geburt-fuer-mama-und-papababy-geschenkgutschein-und-geschenk-zur-geburt-fuer-maedchen-oder-jungeg23-1\\\/#primaryimage\"},\"thumbnailUrl\":\"https:\\\/\\\/m.media-amazon.com\\\/images\\\/I\\\/41rd6bAuQjL._SL500_.jpg\",\"datePublished\":\"2021-12-28T16:27:42+00:00\",\"dateModified\":\"2023-04-11T01:07:14+00:00\",\"description\":\"Markt-XXL Karte Geburt Storch neutral|Pop up Gl\u00fcckwunschkarte Geburt f\u00fcr Mama und Papa|Baby Geschenk|Gutschein und Geschenk zur\u2026\",\"breadcrumb\":{\"@id\":\"https:\\\/\\\/marktxxl.de\\\/markt\\\/produkt\\\/karte-geburt-storch-neutralpop-up-glueckwunschkarte-geburt-fuer-mama-und-papababy-geschenkgutschein-und-geschenk-zur-geburt-fuer-maedchen-oder-jungeg23-1\\\/#breadcrumb\"},\"inLanguage\":\"de\",\"potentialAction\":[{\"@type\":\"ReadAction\",\"target\":[\"https:\\\/\\\/marktxxl.de\\\/markt\\\/produkt\\\/karte-geburt-storch-neutralpop-up-glueckwunschkarte-geburt-fuer-mama-und-papababy-geschenkgutschein-und-geschenk-zur-geburt-fuer-maedchen-oder-jungeg23-1\\\/\"]}]},{\"@type\":\"ImageObject\",\"inLanguage\":\"de\",\"@id\":\"https:\\\/\\\/marktxxl.de\\\/markt\\\/produkt\\\/karte-geburt-storch-neutralpop-up-glueckwunschkarte-geburt-fuer-mama-und-papababy-geschenkgutschein-und-geschenk-zur-geburt-fuer-maedchen-oder-jungeg23-1\\\/#primaryimage\",\"url\":\"https:\\\/\\\/m.media-amazon.com\\\/images\\\/I\\\/41rd6bAuQjL._SL500_.jpg\",\"contentUrl\":\"https:\\\/\\\/m.media-amazon.com\\\/images\\\/I\\\/41rd6bAuQjL._SL500_.jpg\",\"width\":500,\"height\":500},{\"@type\":\"BreadcrumbList\",\"@id\":\"https:\\\/\\\/marktxxl.de\\\/markt\\\/produkt\\\/karte-geburt-storch-neutralpop-up-glueckwunschkarte-geburt-fuer-mama-und-papababy-geschenkgutschein-und-geschenk-zur-geburt-fuer-maedchen-oder-jungeg23-1\\\/#breadcrumb\",\"itemListElement\":[{\"@type\":\"ListItem\",\"position\":1,\"name\":\"Startseite\",\"item\":\"https:\\\/\\\/marktxxl.de\\\/markt\\\/\"},{\"@type\":\"ListItem\",\"position\":2,\"name\":\"Markt\",\"item\":\"https:\\\/\\\/marktxxl.de\\\/markt\\\/\"},{\"@type\":\"ListItem\",\"position\":3,\"name\":\"Karte Geburt Storch neutral|Pop up Gl\u00fcckwunschkarte Geburt f\u00fcr Mama und Papa|Baby Geschenk|Gutschein und Geschenk zur\u2026\"}]},{\"@type\":\"WebSite\",\"@id\":\"https:\\\/\\\/marktxxl.de\\\/markt\\\/#website\",\"url\":\"https:\\\/\\\/marktxxl.de\\\/markt\\\/\",\"name\":\"Markt-XXL\",\"description\":\"Ihr Markt Online\",\"publisher\":{\"@id\":\"https:\\\/\\\/marktxxl.de\\\/markt\\\/#organization\"},\"potentialAction\":[{\"@type\":\"SearchAction\",\"target\":{\"@type\":\"EntryPoint\",\"urlTemplate\":\"https:\\\/\\\/marktxxl.de\\\/markt\\\/?s={search_term_string}\"},\"query-input\":{\"@type\":\"PropertyValueSpecification\",\"valueRequired\":true,\"valueName\":\"search_term_string\"}}],\"inLanguage\":\"de\"},{\"@type\":\"Organization\",\"@id\":\"https:\\\/\\\/marktxxl.de\\\/markt\\\/#organization\",\"name\":\"Markt-XXL\",\"url\":\"https:\\\/\\\/marktxxl.de\\\/markt\\\/\",\"logo\":{\"@type\":\"ImageObject\",\"inLanguage\":\"de\",\"@id\":\"https:\\\/\\\/marktxxl.de\\\/markt\\\/#\\\/schema\\\/logo\\\/image\\\/\",\"url\":\"https:\\\/\\\/marktxxl.de\\\/markt\\\/wp-content\\\/uploads\\\/sites\\\/3\\\/2020\\\/12\\\/logo.png\",\"contentUrl\":\"https:\\\/\\\/marktxxl.de\\\/markt\\\/wp-content\\\/uploads\\\/sites\\\/3\\\/2020\\\/12\\\/logo.png\",\"width\":200,\"height\":70,\"caption\":\"Markt-XXL\"},\"image\":{\"@id\":\"https:\\\/\\\/marktxxl.de\\\/markt\\\/#\\\/schema\\\/logo\\\/image\\\/\"}}]}<\/script>\n<!-- \/ Yoast SEO plugin. -->","yoast_head_json":{"title":"Karte Geburt Storch neutral|Pop up Gl\u00fcckwunschkarte Geburt f\u00fcr Mama und Papa|Baby Geschenk|Gutschein und Geschenk zur\u2026 - Markt-XXL","description":"Markt-XXL Karte Geburt Storch neutral|Pop up Gl\u00fcckwunschkarte Geburt f\u00fcr Mama und Papa|Baby Geschenk|Gutschein und Geschenk zur\u2026","robots":{"index":"index","follow":"follow","max-snippet":"max-snippet:-1","max-image-preview":"max-image-preview:large","max-video-preview":"max-video-preview:-1"},"canonical":"https:\/\/marktxxl.de\/markt\/produkt\/karte-geburt-storch-neutralpop-up-glueckwunschkarte-geburt-fuer-mama-und-papababy-geschenkgutschein-und-geschenk-zur-geburt-fuer-maedchen-oder-jungeg23-1\/","og_locale":"de_DE","og_type":"article","og_title":"Karte Geburt Storch neutral|Pop up Gl\u00fcckwunschkarte Geburt f\u00fcr Mama und Papa|Baby Geschenk|Gutschein und Geschenk zur\u2026 - Markt-XXL","og_description":"Markt-XXL Karte Geburt Storch neutral|Pop up Gl\u00fcckwunschkarte Geburt f\u00fcr Mama und Papa|Baby Geschenk|Gutschein und Geschenk zur\u2026","og_url":"https:\/\/marktxxl.de\/markt\/produkt\/karte-geburt-storch-neutralpop-up-glueckwunschkarte-geburt-fuer-mama-und-papababy-geschenkgutschein-und-geschenk-zur-geburt-fuer-maedchen-oder-jungeg23-1\/","og_site_name":"Markt-XXL","article_modified_time":"2023-04-11T01:07:14+00:00","og_image":[{"width":500,"height":500,"url":"https:\/\/m.media-amazon.com\/images\/I\/41rd6bAuQjL._SL500_.jpg","type":"image\/jpeg"}],"twitter_card":"summary_large_image","twitter_misc":{"Gesch\u00e4tzte Lesezeit":"1\u00a0Minute"},"schema":{"@context":"https:\/\/schema.org","@graph":[{"@type":"WebPage","@id":"https:\/\/marktxxl.de\/markt\/produkt\/karte-geburt-storch-neutralpop-up-glueckwunschkarte-geburt-fuer-mama-und-papababy-geschenkgutschein-und-geschenk-zur-geburt-fuer-maedchen-oder-jungeg23-1\/","url":"https:\/\/marktxxl.de\/markt\/produkt\/karte-geburt-storch-neutralpop-up-glueckwunschkarte-geburt-fuer-mama-und-papababy-geschenkgutschein-und-geschenk-zur-geburt-fuer-maedchen-oder-jungeg23-1\/","name":"Karte Geburt Storch neutral|Pop up Gl\u00fcckwunschkarte Geburt f\u00fcr Mama und Papa|Baby Geschenk|Gutschein und Geschenk zur\u2026 - Markt-XXL","isPartOf":{"@id":"https:\/\/marktxxl.de\/markt\/#website"},"primaryImageOfPage":{"@id":"https:\/\/marktxxl.de\/markt\/produkt\/karte-geburt-storch-neutralpop-up-glueckwunschkarte-geburt-fuer-mama-und-papababy-geschenkgutschein-und-geschenk-zur-geburt-fuer-maedchen-oder-jungeg23-1\/#primaryimage"},"image":{"@id":"https:\/\/marktxxl.de\/markt\/produkt\/karte-geburt-storch-neutralpop-up-glueckwunschkarte-geburt-fuer-mama-und-papababy-geschenkgutschein-und-geschenk-zur-geburt-fuer-maedchen-oder-jungeg23-1\/#primaryimage"},"thumbnailUrl":"https:\/\/m.media-amazon.com\/images\/I\/41rd6bAuQjL._SL500_.jpg","datePublished":"2021-12-28T16:27:42+00:00","dateModified":"2023-04-11T01:07:14+00:00","description":"Markt-XXL Karte Geburt Storch neutral|Pop up Gl\u00fcckwunschkarte Geburt f\u00fcr Mama und Papa|Baby Geschenk|Gutschein und Geschenk zur\u2026","breadcrumb":{"@id":"https:\/\/marktxxl.de\/markt\/produkt\/karte-geburt-storch-neutralpop-up-glueckwunschkarte-geburt-fuer-mama-und-papababy-geschenkgutschein-und-geschenk-zur-geburt-fuer-maedchen-oder-jungeg23-1\/#breadcrumb"},"inLanguage":"de","potentialAction":[{"@type":"ReadAction","target":["https:\/\/marktxxl.de\/markt\/produkt\/karte-geburt-storch-neutralpop-up-glueckwunschkarte-geburt-fuer-mama-und-papababy-geschenkgutschein-und-geschenk-zur-geburt-fuer-maedchen-oder-jungeg23-1\/"]}]},{"@type":"ImageObject","inLanguage":"de","@id":"https:\/\/marktxxl.de\/markt\/produkt\/karte-geburt-storch-neutralpop-up-glueckwunschkarte-geburt-fuer-mama-und-papababy-geschenkgutschein-und-geschenk-zur-geburt-fuer-maedchen-oder-jungeg23-1\/#primaryimage","url":"https:\/\/m.media-amazon.com\/images\/I\/41rd6bAuQjL._SL500_.jpg","contentUrl":"https:\/\/m.media-amazon.com\/images\/I\/41rd6bAuQjL._SL500_.jpg","width":500,"height":500},{"@type":"BreadcrumbList","@id":"https:\/\/marktxxl.de\/markt\/produkt\/karte-geburt-storch-neutralpop-up-glueckwunschkarte-geburt-fuer-mama-und-papababy-geschenkgutschein-und-geschenk-zur-geburt-fuer-maedchen-oder-jungeg23-1\/#breadcrumb","itemListElement":[{"@type":"ListItem","position":1,"name":"Startseite","item":"https:\/\/marktxxl.de\/markt\/"},{"@type":"ListItem","position":2,"name":"Markt","item":"https:\/\/marktxxl.de\/markt\/"},{"@type":"ListItem","position":3,"name":"Karte Geburt Storch neutral|Pop up Gl\u00fcckwunschkarte Geburt f\u00fcr Mama und Papa|Baby Geschenk|Gutschein und Geschenk zur\u2026"}]},{"@type":"WebSite","@id":"https:\/\/marktxxl.de\/markt\/#website","url":"https:\/\/marktxxl.de\/markt\/","name":"Markt-XXL","description":"Ihr Markt Online","publisher":{"@id":"https:\/\/marktxxl.de\/markt\/#organization"},"potentialAction":[{"@type":"SearchAction","target":{"@type":"EntryPoint","urlTemplate":"https:\/\/marktxxl.de\/markt\/?s={search_term_string}"},"query-input":{"@type":"PropertyValueSpecification","valueRequired":true,"valueName":"search_term_string"}}],"inLanguage":"de"},{"@type":"Organization","@id":"https:\/\/marktxxl.de\/markt\/#organization","name":"Markt-XXL","url":"https:\/\/marktxxl.de\/markt\/","logo":{"@type":"ImageObject","inLanguage":"de","@id":"https:\/\/marktxxl.de\/markt\/#\/schema\/logo\/image\/","url":"https:\/\/marktxxl.de\/markt\/wp-content\/uploads\/sites\/3\/2020\/12\/logo.png","contentUrl":"https:\/\/marktxxl.de\/markt\/wp-content\/uploads\/sites\/3\/2020\/12\/logo.png","width":200,"height":70,"caption":"Markt-XXL"},"image":{"@id":"https:\/\/marktxxl.de\/markt\/#\/schema\/logo\/image\/"}}]}},"_links":{"self":[{"href":"https:\/\/marktxxl.de\/markt\/wp-json\/wp\/v2\/product\/87710","targetHints":{"allow":["GET"]}}],"collection":[{"href":"https:\/\/marktxxl.de\/markt\/wp-json\/wp\/v2\/product"}],"about":[{"href":"https:\/\/marktxxl.de\/markt\/wp-json\/wp\/v2\/types\/product"}],"replies":[{"embeddable":true,"href":"https:\/\/marktxxl.de\/markt\/wp-json\/wp\/v2\/comments?post=87710"}],"wp:featuredmedia":[{"embeddable":true,"href":"https:\/\/marktxxl.de\/markt\/wp-json\/wp\/v2\/media\/87711"}],"wp:attachment":[{"href":"https:\/\/marktxxl.de\/markt\/wp-json\/wp\/v2\/media?parent=87710"}],"wp:term":[{"taxonomy":"product_brand","embeddable":true,"href":"https:\/\/marktxxl.de\/markt\/wp-json\/wp\/v2\/product_brand?post=87710"},{"taxonomy":"product_cat","embeddable":true,"href":"https:\/\/marktxxl.de\/markt\/wp-json\/wp\/v2\/product_cat?post=87710"},{"taxonomy":"product_tag","embeddable":true,"href":"https:\/\/marktxxl.de\/markt\/wp-json\/wp\/v2\/product_tag?post=87710"}],"curies":[{"name":"wp","href":"https:\/\/api.w.org\/{rel}","templated":true}]}}