{"id":87687,"date":"2021-12-28T17:27:20","date_gmt":"2021-12-28T16:27:20","guid":{"rendered":"https:\/\/marktxxl.de\/markt\/produkt\/puzzle-patenonkel-moechtest-du-mein-patenonkel-werden-geburt-taufpaten-fragen-patenonkel-fragen-geschenke-fuer-patenonkel-schwangerschaft-verkuenden\/"},"modified":"2023-04-11T03:07:13","modified_gmt":"2023-04-11T01:07:13","slug":"puzzle-patenonkel-moechtest-du-mein-patenonkel-werden-geburt-taufpaten-fragen-patenonkel-fragen-geschenke-fuer-patenonkel-schwangerschaft-verkuenden","status":"publish","type":"product","link":"https:\/\/marktxxl.de\/markt\/produkt\/puzzle-patenonkel-moechtest-du-mein-patenonkel-werden-geburt-taufpaten-fragen-patenonkel-fragen-geschenke-fuer-patenonkel-schwangerschaft-verkuenden\/","title":{"rendered":"Puzzle Patenonkel | M\u00f6chtest du mein Patenonkel werden ? | Geburt &#8211; Taufpaten fragen &#8211; Patenonkel fragen &#8211; Geschenke f\u00fcr\u2026"},"content":{"rendered":"<p>PATENONKEL FRAGEN : Das Puzzle &#8220;M\u00f6chtest du mein Patenonkel werden ?&#8221; ist eine originelle Ank\u00fcndigungsidee, die der zuk\u00fcnftiger Patenonkel lieben wird. Um die kleine versteckte Nachricht zu entdecken, wird der Patenonkel puzzeln und so die Frage entdecken. Eine sehr sch\u00f6ne \u00dcberraschung und ein Moment voller Emotionen.<br \/>\nMERKMALE : Format A6 (10x15cm) \/ 15 Teilen<br \/>\nKOSTENLOSE GESCHENKT\u00dcTE : Kommt mit einem Kraft-Umschlag und einem sch\u00f6nen Baumwollbeutel angeboten : &#8220;Ein kleines Geschenk nur f\u00fcr dich&#8221;.<br \/>\nSUPER QUALIT\u00c4T : Das Puzzle ist auf ein dickes Karton von au\u00dfergew\u00f6hnlicher Qualit\u00e4t gedruckt. Das Puzzle ist konzipiert, um f\u00fcr immer als Erinnerung an diesen wunderbaren Moment aufbewahrt werden zu k\u00f6nnen.<br \/>\n<div class=\"main-cross-sell\" data-asin=\"B07NPRXT68\">\n\n\t<div class=\"WooZone-cross-sell-loader\">\n\t\t<div>\n\t\t\t<div id=\"floatingBarsG\">\n\t\t\t\t<div class=\"blockG\" id=\"rotateG_01\"><\/div>\n\t\t\t\t<div class=\"blockG\" id=\"rotateG_02\"><\/div>\n\t\t\t\t<div class=\"blockG\" id=\"rotateG_03\"><\/div>\n\t\t\t\t<div class=\"blockG\" id=\"rotateG_04\"><\/div>\n\t\t\t\t<div class=\"blockG\" id=\"rotateG_05\"><\/div>\n\t\t\t\t<div class=\"blockG\" id=\"rotateG_06\"><\/div>\n\t\t\t\t<div class=\"blockG\" id=\"rotateG_07\"><\/div>\n\t\t\t\t<div class=\"blockG\" id=\"rotateG_08\"><\/div>\n\t\t\t<\/div>\n\t\t\t<div class=\"WooZone-cross-sell-loader-text\"><\/div>\n\t\t<\/div>\n\t<\/div>\n\n\t\t\n<\/div>\n<div style=\"clear:both;\"><\/div><\/p>\n","protected":false},"excerpt":{"rendered":"<p>PATENONKEL FRAGEN : Das Puzzle &#8220;M\u00f6chtest du mein Patenonkel werden ?&#8221; ist eine originelle Ank\u00fcndigungsidee, die der zuk\u00fcnftiger Patenonkel lieben wird. Um die kleine versteckte Nachricht zu entdecken, wird der Patenonkel puzzeln und so die Frage entdecken. Eine sehr sch\u00f6ne \u00dcberraschung und ein Moment voller Emotionen.<br \/>\nMERKMALE : Format A6 (10x15cm) \/ 15 Teilen<br \/>\nKOSTENLOSE GESCHENKT\u00dcTE : Kommt mit einem Kraft-Umschlag und einem sch\u00f6nen Baumwollbeutel angeboten : &#8220;Ein kleines Geschenk nur f\u00fcr dich&#8221;.<\/p>\n","protected":false},"featured_media":87688,"comment_status":"open","ping_status":"closed","template":"","meta":[],"product_brand":[],"product_cat":[504,8527],"product_tag":[],"class_list":{"0":"post-87687","1":"product","2":"type-product","3":"status-publish","4":"has-post-thumbnail","6":"product_cat-buerobedarf-schreibwaren","7":"product_cat-papierprodukte","8":"pa_brand-manahia","9":"pa_height-0-1968503935-zoll","10":"pa_length-5-905511805-zoll","11":"pa_width-3-93700787-zoll","13":"first","14":"instock","15":"shipping-taxable","16":"purchasable","17":"product-type-simple","18":"customify-col","19":"product-has-gallery"},"yoast_head":"<!-- This site is optimized with the Yoast SEO plugin v27.4 - https:\/\/yoast.com\/product\/yoast-seo-wordpress\/ -->\n<title>Puzzle Patenonkel | M\u00f6chtest du mein Patenonkel werden ? | Geburt - Taufpaten fragen - Patenonkel fragen - Geschenke f\u00fcr\u2026 - Markt-XXL<\/title>\n<meta name=\"description\" content=\"Markt-XXL Puzzle Patenonkel | M\u00f6chtest du mein Patenonkel werden ? | Geburt - Taufpaten fragen - Patenonkel fragen - Geschenke f\u00fcr\u2026\" \/>\n<meta name=\"robots\" content=\"index, follow, max-snippet:-1, max-image-preview:large, max-video-preview:-1\" \/>\n<link rel=\"canonical\" href=\"https:\/\/marktxxl.de\/markt\/produkt\/puzzle-patenonkel-moechtest-du-mein-patenonkel-werden-geburt-taufpaten-fragen-patenonkel-fragen-geschenke-fuer-patenonkel-schwangerschaft-verkuenden\/\" \/>\n<meta property=\"og:locale\" content=\"de_DE\" \/>\n<meta property=\"og:type\" content=\"article\" \/>\n<meta property=\"og:title\" content=\"Puzzle Patenonkel | M\u00f6chtest du mein Patenonkel werden ? | Geburt - Taufpaten fragen - Patenonkel fragen - Geschenke f\u00fcr\u2026 - Markt-XXL\" \/>\n<meta property=\"og:description\" content=\"Markt-XXL Puzzle Patenonkel | M\u00f6chtest du mein Patenonkel werden ? | Geburt - Taufpaten fragen - Patenonkel fragen - Geschenke f\u00fcr\u2026\" \/>\n<meta property=\"og:url\" content=\"https:\/\/marktxxl.de\/markt\/produkt\/puzzle-patenonkel-moechtest-du-mein-patenonkel-werden-geburt-taufpaten-fragen-patenonkel-fragen-geschenke-fuer-patenonkel-schwangerschaft-verkuenden\/\" \/>\n<meta property=\"og:site_name\" content=\"Markt-XXL\" \/>\n<meta property=\"article:modified_time\" content=\"2023-04-11T01:07:13+00:00\" \/>\n<meta property=\"og:image\" content=\"https:\/\/m.media-amazon.com\/images\/I\/417G4soFpbL._SL500_.jpg\" \/>\n\t<meta property=\"og:image:width\" content=\"493\" \/>\n\t<meta property=\"og:image:height\" content=\"500\" \/>\n\t<meta property=\"og:image:type\" content=\"image\/jpeg\" \/>\n<meta name=\"twitter:card\" content=\"summary_large_image\" \/>\n<meta name=\"twitter:label1\" content=\"Gesch\u00e4tzte Lesezeit\" \/>\n\t<meta name=\"twitter:data1\" content=\"1\u00a0Minute\" \/>\n<script type=\"application\/ld+json\" class=\"yoast-schema-graph\">{\"@context\":\"https:\\\/\\\/schema.org\",\"@graph\":[{\"@type\":\"WebPage\",\"@id\":\"https:\\\/\\\/marktxxl.de\\\/markt\\\/produkt\\\/puzzle-patenonkel-moechtest-du-mein-patenonkel-werden-geburt-taufpaten-fragen-patenonkel-fragen-geschenke-fuer-patenonkel-schwangerschaft-verkuenden\\\/\",\"url\":\"https:\\\/\\\/marktxxl.de\\\/markt\\\/produkt\\\/puzzle-patenonkel-moechtest-du-mein-patenonkel-werden-geburt-taufpaten-fragen-patenonkel-fragen-geschenke-fuer-patenonkel-schwangerschaft-verkuenden\\\/\",\"name\":\"Puzzle Patenonkel | M\u00f6chtest du mein Patenonkel werden ? | Geburt - Taufpaten fragen - Patenonkel fragen - Geschenke f\u00fcr\u2026 - Markt-XXL\",\"isPartOf\":{\"@id\":\"https:\\\/\\\/marktxxl.de\\\/markt\\\/#website\"},\"primaryImageOfPage\":{\"@id\":\"https:\\\/\\\/marktxxl.de\\\/markt\\\/produkt\\\/puzzle-patenonkel-moechtest-du-mein-patenonkel-werden-geburt-taufpaten-fragen-patenonkel-fragen-geschenke-fuer-patenonkel-schwangerschaft-verkuenden\\\/#primaryimage\"},\"image\":{\"@id\":\"https:\\\/\\\/marktxxl.de\\\/markt\\\/produkt\\\/puzzle-patenonkel-moechtest-du-mein-patenonkel-werden-geburt-taufpaten-fragen-patenonkel-fragen-geschenke-fuer-patenonkel-schwangerschaft-verkuenden\\\/#primaryimage\"},\"thumbnailUrl\":\"https:\\\/\\\/m.media-amazon.com\\\/images\\\/I\\\/417G4soFpbL._SL500_.jpg\",\"datePublished\":\"2021-12-28T16:27:20+00:00\",\"dateModified\":\"2023-04-11T01:07:13+00:00\",\"description\":\"Markt-XXL Puzzle Patenonkel | M\u00f6chtest du mein Patenonkel werden ? | Geburt - Taufpaten fragen - Patenonkel fragen - Geschenke f\u00fcr\u2026\",\"breadcrumb\":{\"@id\":\"https:\\\/\\\/marktxxl.de\\\/markt\\\/produkt\\\/puzzle-patenonkel-moechtest-du-mein-patenonkel-werden-geburt-taufpaten-fragen-patenonkel-fragen-geschenke-fuer-patenonkel-schwangerschaft-verkuenden\\\/#breadcrumb\"},\"inLanguage\":\"de\",\"potentialAction\":[{\"@type\":\"ReadAction\",\"target\":[\"https:\\\/\\\/marktxxl.de\\\/markt\\\/produkt\\\/puzzle-patenonkel-moechtest-du-mein-patenonkel-werden-geburt-taufpaten-fragen-patenonkel-fragen-geschenke-fuer-patenonkel-schwangerschaft-verkuenden\\\/\"]}]},{\"@type\":\"ImageObject\",\"inLanguage\":\"de\",\"@id\":\"https:\\\/\\\/marktxxl.de\\\/markt\\\/produkt\\\/puzzle-patenonkel-moechtest-du-mein-patenonkel-werden-geburt-taufpaten-fragen-patenonkel-fragen-geschenke-fuer-patenonkel-schwangerschaft-verkuenden\\\/#primaryimage\",\"url\":\"https:\\\/\\\/m.media-amazon.com\\\/images\\\/I\\\/417G4soFpbL._SL500_.jpg\",\"contentUrl\":\"https:\\\/\\\/m.media-amazon.com\\\/images\\\/I\\\/417G4soFpbL._SL500_.jpg\",\"width\":493,\"height\":500},{\"@type\":\"BreadcrumbList\",\"@id\":\"https:\\\/\\\/marktxxl.de\\\/markt\\\/produkt\\\/puzzle-patenonkel-moechtest-du-mein-patenonkel-werden-geburt-taufpaten-fragen-patenonkel-fragen-geschenke-fuer-patenonkel-schwangerschaft-verkuenden\\\/#breadcrumb\",\"itemListElement\":[{\"@type\":\"ListItem\",\"position\":1,\"name\":\"Startseite\",\"item\":\"https:\\\/\\\/marktxxl.de\\\/markt\\\/\"},{\"@type\":\"ListItem\",\"position\":2,\"name\":\"Markt\",\"item\":\"https:\\\/\\\/marktxxl.de\\\/markt\\\/\"},{\"@type\":\"ListItem\",\"position\":3,\"name\":\"Puzzle Patenonkel | M\u00f6chtest du mein Patenonkel werden ? | Geburt &#8211; Taufpaten fragen &#8211; Patenonkel fragen &#8211; Geschenke f\u00fcr\u2026\"}]},{\"@type\":\"WebSite\",\"@id\":\"https:\\\/\\\/marktxxl.de\\\/markt\\\/#website\",\"url\":\"https:\\\/\\\/marktxxl.de\\\/markt\\\/\",\"name\":\"Markt-XXL\",\"description\":\"Ihr Markt Online\",\"publisher\":{\"@id\":\"https:\\\/\\\/marktxxl.de\\\/markt\\\/#organization\"},\"potentialAction\":[{\"@type\":\"SearchAction\",\"target\":{\"@type\":\"EntryPoint\",\"urlTemplate\":\"https:\\\/\\\/marktxxl.de\\\/markt\\\/?s={search_term_string}\"},\"query-input\":{\"@type\":\"PropertyValueSpecification\",\"valueRequired\":true,\"valueName\":\"search_term_string\"}}],\"inLanguage\":\"de\"},{\"@type\":\"Organization\",\"@id\":\"https:\\\/\\\/marktxxl.de\\\/markt\\\/#organization\",\"name\":\"Markt-XXL\",\"url\":\"https:\\\/\\\/marktxxl.de\\\/markt\\\/\",\"logo\":{\"@type\":\"ImageObject\",\"inLanguage\":\"de\",\"@id\":\"https:\\\/\\\/marktxxl.de\\\/markt\\\/#\\\/schema\\\/logo\\\/image\\\/\",\"url\":\"https:\\\/\\\/marktxxl.de\\\/markt\\\/wp-content\\\/uploads\\\/sites\\\/3\\\/2020\\\/12\\\/logo.png\",\"contentUrl\":\"https:\\\/\\\/marktxxl.de\\\/markt\\\/wp-content\\\/uploads\\\/sites\\\/3\\\/2020\\\/12\\\/logo.png\",\"width\":200,\"height\":70,\"caption\":\"Markt-XXL\"},\"image\":{\"@id\":\"https:\\\/\\\/marktxxl.de\\\/markt\\\/#\\\/schema\\\/logo\\\/image\\\/\"}}]}<\/script>\n<!-- \/ Yoast SEO plugin. -->","yoast_head_json":{"title":"Puzzle Patenonkel | M\u00f6chtest du mein Patenonkel werden ? | Geburt - Taufpaten fragen - Patenonkel fragen - Geschenke f\u00fcr\u2026 - Markt-XXL","description":"Markt-XXL Puzzle Patenonkel | M\u00f6chtest du mein Patenonkel werden ? | Geburt - Taufpaten fragen - Patenonkel fragen - Geschenke f\u00fcr\u2026","robots":{"index":"index","follow":"follow","max-snippet":"max-snippet:-1","max-image-preview":"max-image-preview:large","max-video-preview":"max-video-preview:-1"},"canonical":"https:\/\/marktxxl.de\/markt\/produkt\/puzzle-patenonkel-moechtest-du-mein-patenonkel-werden-geburt-taufpaten-fragen-patenonkel-fragen-geschenke-fuer-patenonkel-schwangerschaft-verkuenden\/","og_locale":"de_DE","og_type":"article","og_title":"Puzzle Patenonkel | M\u00f6chtest du mein Patenonkel werden ? | Geburt - Taufpaten fragen - Patenonkel fragen - Geschenke f\u00fcr\u2026 - Markt-XXL","og_description":"Markt-XXL Puzzle Patenonkel | M\u00f6chtest du mein Patenonkel werden ? | Geburt - Taufpaten fragen - Patenonkel fragen - Geschenke f\u00fcr\u2026","og_url":"https:\/\/marktxxl.de\/markt\/produkt\/puzzle-patenonkel-moechtest-du-mein-patenonkel-werden-geburt-taufpaten-fragen-patenonkel-fragen-geschenke-fuer-patenonkel-schwangerschaft-verkuenden\/","og_site_name":"Markt-XXL","article_modified_time":"2023-04-11T01:07:13+00:00","og_image":[{"width":493,"height":500,"url":"https:\/\/m.media-amazon.com\/images\/I\/417G4soFpbL._SL500_.jpg","type":"image\/jpeg"}],"twitter_card":"summary_large_image","twitter_misc":{"Gesch\u00e4tzte Lesezeit":"1\u00a0Minute"},"schema":{"@context":"https:\/\/schema.org","@graph":[{"@type":"WebPage","@id":"https:\/\/marktxxl.de\/markt\/produkt\/puzzle-patenonkel-moechtest-du-mein-patenonkel-werden-geburt-taufpaten-fragen-patenonkel-fragen-geschenke-fuer-patenonkel-schwangerschaft-verkuenden\/","url":"https:\/\/marktxxl.de\/markt\/produkt\/puzzle-patenonkel-moechtest-du-mein-patenonkel-werden-geburt-taufpaten-fragen-patenonkel-fragen-geschenke-fuer-patenonkel-schwangerschaft-verkuenden\/","name":"Puzzle Patenonkel | M\u00f6chtest du mein Patenonkel werden ? | Geburt - Taufpaten fragen - Patenonkel fragen - Geschenke f\u00fcr\u2026 - Markt-XXL","isPartOf":{"@id":"https:\/\/marktxxl.de\/markt\/#website"},"primaryImageOfPage":{"@id":"https:\/\/marktxxl.de\/markt\/produkt\/puzzle-patenonkel-moechtest-du-mein-patenonkel-werden-geburt-taufpaten-fragen-patenonkel-fragen-geschenke-fuer-patenonkel-schwangerschaft-verkuenden\/#primaryimage"},"image":{"@id":"https:\/\/marktxxl.de\/markt\/produkt\/puzzle-patenonkel-moechtest-du-mein-patenonkel-werden-geburt-taufpaten-fragen-patenonkel-fragen-geschenke-fuer-patenonkel-schwangerschaft-verkuenden\/#primaryimage"},"thumbnailUrl":"https:\/\/m.media-amazon.com\/images\/I\/417G4soFpbL._SL500_.jpg","datePublished":"2021-12-28T16:27:20+00:00","dateModified":"2023-04-11T01:07:13+00:00","description":"Markt-XXL Puzzle Patenonkel | M\u00f6chtest du mein Patenonkel werden ? | Geburt - Taufpaten fragen - Patenonkel fragen - Geschenke f\u00fcr\u2026","breadcrumb":{"@id":"https:\/\/marktxxl.de\/markt\/produkt\/puzzle-patenonkel-moechtest-du-mein-patenonkel-werden-geburt-taufpaten-fragen-patenonkel-fragen-geschenke-fuer-patenonkel-schwangerschaft-verkuenden\/#breadcrumb"},"inLanguage":"de","potentialAction":[{"@type":"ReadAction","target":["https:\/\/marktxxl.de\/markt\/produkt\/puzzle-patenonkel-moechtest-du-mein-patenonkel-werden-geburt-taufpaten-fragen-patenonkel-fragen-geschenke-fuer-patenonkel-schwangerschaft-verkuenden\/"]}]},{"@type":"ImageObject","inLanguage":"de","@id":"https:\/\/marktxxl.de\/markt\/produkt\/puzzle-patenonkel-moechtest-du-mein-patenonkel-werden-geburt-taufpaten-fragen-patenonkel-fragen-geschenke-fuer-patenonkel-schwangerschaft-verkuenden\/#primaryimage","url":"https:\/\/m.media-amazon.com\/images\/I\/417G4soFpbL._SL500_.jpg","contentUrl":"https:\/\/m.media-amazon.com\/images\/I\/417G4soFpbL._SL500_.jpg","width":493,"height":500},{"@type":"BreadcrumbList","@id":"https:\/\/marktxxl.de\/markt\/produkt\/puzzle-patenonkel-moechtest-du-mein-patenonkel-werden-geburt-taufpaten-fragen-patenonkel-fragen-geschenke-fuer-patenonkel-schwangerschaft-verkuenden\/#breadcrumb","itemListElement":[{"@type":"ListItem","position":1,"name":"Startseite","item":"https:\/\/marktxxl.de\/markt\/"},{"@type":"ListItem","position":2,"name":"Markt","item":"https:\/\/marktxxl.de\/markt\/"},{"@type":"ListItem","position":3,"name":"Puzzle Patenonkel | M\u00f6chtest du mein Patenonkel werden ? | Geburt &#8211; Taufpaten fragen &#8211; Patenonkel fragen &#8211; Geschenke f\u00fcr\u2026"}]},{"@type":"WebSite","@id":"https:\/\/marktxxl.de\/markt\/#website","url":"https:\/\/marktxxl.de\/markt\/","name":"Markt-XXL","description":"Ihr Markt Online","publisher":{"@id":"https:\/\/marktxxl.de\/markt\/#organization"},"potentialAction":[{"@type":"SearchAction","target":{"@type":"EntryPoint","urlTemplate":"https:\/\/marktxxl.de\/markt\/?s={search_term_string}"},"query-input":{"@type":"PropertyValueSpecification","valueRequired":true,"valueName":"search_term_string"}}],"inLanguage":"de"},{"@type":"Organization","@id":"https:\/\/marktxxl.de\/markt\/#organization","name":"Markt-XXL","url":"https:\/\/marktxxl.de\/markt\/","logo":{"@type":"ImageObject","inLanguage":"de","@id":"https:\/\/marktxxl.de\/markt\/#\/schema\/logo\/image\/","url":"https:\/\/marktxxl.de\/markt\/wp-content\/uploads\/sites\/3\/2020\/12\/logo.png","contentUrl":"https:\/\/marktxxl.de\/markt\/wp-content\/uploads\/sites\/3\/2020\/12\/logo.png","width":200,"height":70,"caption":"Markt-XXL"},"image":{"@id":"https:\/\/marktxxl.de\/markt\/#\/schema\/logo\/image\/"}}]}},"_links":{"self":[{"href":"https:\/\/marktxxl.de\/markt\/wp-json\/wp\/v2\/product\/87687","targetHints":{"allow":["GET"]}}],"collection":[{"href":"https:\/\/marktxxl.de\/markt\/wp-json\/wp\/v2\/product"}],"about":[{"href":"https:\/\/marktxxl.de\/markt\/wp-json\/wp\/v2\/types\/product"}],"replies":[{"embeddable":true,"href":"https:\/\/marktxxl.de\/markt\/wp-json\/wp\/v2\/comments?post=87687"}],"wp:featuredmedia":[{"embeddable":true,"href":"https:\/\/marktxxl.de\/markt\/wp-json\/wp\/v2\/media\/87688"}],"wp:attachment":[{"href":"https:\/\/marktxxl.de\/markt\/wp-json\/wp\/v2\/media?parent=87687"}],"wp:term":[{"taxonomy":"product_brand","embeddable":true,"href":"https:\/\/marktxxl.de\/markt\/wp-json\/wp\/v2\/product_brand?post=87687"},{"taxonomy":"product_cat","embeddable":true,"href":"https:\/\/marktxxl.de\/markt\/wp-json\/wp\/v2\/product_cat?post=87687"},{"taxonomy":"product_tag","embeddable":true,"href":"https:\/\/marktxxl.de\/markt\/wp-json\/wp\/v2\/product_tag?post=87687"}],"curies":[{"name":"wp","href":"https:\/\/api.w.org\/{rel}","templated":true}]}}