{"id":87611,"date":"2021-12-28T17:24:27","date_gmt":"2021-12-28T16:24:27","guid":{"rendered":"https:\/\/marktxxl.de\/markt\/produkt\/thank-you-cards-48-blank-gold-foil-watercolor-wedding-baby-bridal-shower\/"},"modified":"2023-04-11T03:07:12","modified_gmt":"2023-04-11T01:07:12","slug":"thank-you-cards-48-blank-gold-foil-watercolor-wedding-baby-bridal-shower","status":"publish","type":"product","link":"https:\/\/marktxxl.de\/markt\/produkt\/thank-you-cards-48-blank-gold-foil-watercolor-wedding-baby-bridal-shower\/","title":{"rendered":"Dankeskarten | 48 leere Goldfolie Aquarell Hochzeit Baby &amp; Brautparty Abschluss"},"content":{"rendered":"<p>SENDEN SIE EINEN LIEBE &#8211; Wer liebt es nicht, eine handgeschriebene Dankesch\u00f6n zu erhalten? Senden Sie eine Nachricht aus dem Herzen und zeigen Sie Ihren Liebsten einige Dankbarkeit mit Paper + Bloom&#8217;s 48-Count Dankeskarten Pack<br \/>\nPreiswert \u2013 Schreibwaren k\u00f6nnen teuer sein, vor allem Goldfolien-Briefpapier. Bei weniger als einem Dollar pro Karte, der Kauf Dankeskarten in der Masse spart ernsthafte Dollar. Jede Packung wird mit einer stabilen, wiederverwendbaren Box geliefert, um sicherzustellen, dass Karten sicher aufbewahrt werden.<br \/>\nQualit\u00e4t \u2013 Wenn Papierqualit\u00e4t durch den Bildschirm zu sp\u00fcren ist, werden Sie begeistert sein. Unsere Dankeskarten mit Aquarell-, Goldfolie sind auf mattem, strukturiertem 250 g\/m\u00b2 Papier gedruckt. Hochwertig und schwer, aber einfach zu beschreiben.<br \/>\nMODERN &amp; CHIC- Blush und Gold ist eine trendige und doch zeitlose Kombination. Ein perfektes Duo f\u00fcr Hochzeiten, Brautpartys, Babypartys, Gesch\u00e4ftskunden und alles dazwischen. Dieses moderne Design ist auf der Innenseite leer, damit Sie Ihre pers\u00f6nliche Nachricht hinzuf\u00fcgen k\u00f6nnen.<br \/>\nGr\u00f6\u00dfe \u2013 Gro\u00df genug, um Ihre Gef\u00fchle zu teilen, klein genug, um es kurz zu halten. Zusammengeklappt misst jede Dankeskarte 9,5 x 12,7 cm und jede Packung kommt mit entsprechenden wei\u00dfen Umschl\u00e4gen.<br \/>\n<div class=\"main-cross-sell\" data-asin=\"B07FYTG958\">\n\n\t<div class=\"WooZone-cross-sell-loader\">\n\t\t<div>\n\t\t\t<div id=\"floatingBarsG\">\n\t\t\t\t<div class=\"blockG\" id=\"rotateG_01\"><\/div>\n\t\t\t\t<div class=\"blockG\" id=\"rotateG_02\"><\/div>\n\t\t\t\t<div class=\"blockG\" id=\"rotateG_03\"><\/div>\n\t\t\t\t<div class=\"blockG\" id=\"rotateG_04\"><\/div>\n\t\t\t\t<div class=\"blockG\" id=\"rotateG_05\"><\/div>\n\t\t\t\t<div class=\"blockG\" id=\"rotateG_06\"><\/div>\n\t\t\t\t<div class=\"blockG\" id=\"rotateG_07\"><\/div>\n\t\t\t\t<div class=\"blockG\" id=\"rotateG_08\"><\/div>\n\t\t\t<\/div>\n\t\t\t<div class=\"WooZone-cross-sell-loader-text\"><\/div>\n\t\t<\/div>\n\t<\/div>\n\n\t\t\n<\/div>\n<div style=\"clear:both;\"><\/div><\/p>\n","protected":false},"excerpt":{"rendered":"<p>SENDEN SIE EINEN LIEBE &#8211; Wer liebt es nicht, eine handgeschriebene Dankesch\u00f6n zu erhalten? Senden Sie eine Nachricht aus dem Herzen und zeigen Sie Ihren Liebsten einige Dankbarkeit mit Paper + Bloom&#8217;s 48-Count Dankeskarten Pack<br \/>\nPreiswert \u2013 Schreibwaren k\u00f6nnen teuer sein, vor allem Goldfolien-Briefpapier. Bei weniger als einem Dollar pro Karte, der Kauf Dankeskarten in der Masse spart ernsthafte Dollar. Jede Packung wird mit einer stabilen, wiederverwendbaren Box geliefert, um sicherzustellen, dass Karten sicher aufbewahrt werden.<br \/>\nQualit\u00e4t \u2013 Wenn Papierqualit\u00e4t durch den Bildschirm zu sp\u00fcren ist, werden Sie begeistert sein. Unsere Dankeskarten mit Aquarell-, Goldfolie sind auf mattem, strukturiertem 250 g\/m\u00b2 Papier gedruckt. Hochwertig und schwer, aber einfach zu beschreiben.<\/p>\n","protected":false},"featured_media":87612,"comment_status":"open","ping_status":"closed","template":"","meta":[],"product_brand":[],"product_cat":[504,8527],"product_tag":[],"class_list":{"0":"post-87611","1":"product","2":"type-product","3":"status-publish","4":"has-post-thumbnail","6":"product_cat-buerobedarf-schreibwaren","7":"product_cat-papierprodukte","8":"pa_binding-buerobedarf-schreibwaren","9":"pa_brand-educate","10":"pa_color-xx3","11":"pa_manufacturer-educates","12":"pa_size-xx3","14":"first","15":"instock","16":"shipping-taxable","17":"purchasable","18":"product-type-simple","19":"customify-col","20":"product-has-gallery"},"yoast_head":"<!-- This site is optimized with the Yoast SEO plugin v27.4 - https:\/\/yoast.com\/product\/yoast-seo-wordpress\/ -->\n<title>Dankeskarten | 48 leere Goldfolie Aquarell Hochzeit Baby &amp; Brautparty Abschluss - Markt-XXL<\/title>\n<meta name=\"description\" content=\"Markt-XXL Dankeskarten | 48 leere Goldfolie Aquarell Hochzeit Baby &amp; Brautparty Abschluss\" \/>\n<meta name=\"robots\" content=\"index, follow, max-snippet:-1, max-image-preview:large, max-video-preview:-1\" \/>\n<link rel=\"canonical\" href=\"https:\/\/marktxxl.de\/markt\/produkt\/thank-you-cards-48-blank-gold-foil-watercolor-wedding-baby-bridal-shower\/\" \/>\n<meta property=\"og:locale\" content=\"de_DE\" \/>\n<meta property=\"og:type\" content=\"article\" \/>\n<meta property=\"og:title\" content=\"Dankeskarten | 48 leere Goldfolie Aquarell Hochzeit Baby &amp; Brautparty Abschluss - Markt-XXL\" \/>\n<meta property=\"og:description\" content=\"Markt-XXL Dankeskarten | 48 leere Goldfolie Aquarell Hochzeit Baby &amp; Brautparty Abschluss\" \/>\n<meta property=\"og:url\" content=\"https:\/\/marktxxl.de\/markt\/produkt\/thank-you-cards-48-blank-gold-foil-watercolor-wedding-baby-bridal-shower\/\" \/>\n<meta property=\"og:site_name\" content=\"Markt-XXL\" \/>\n<meta property=\"article:modified_time\" content=\"2023-04-11T01:07:12+00:00\" \/>\n<meta property=\"og:image\" content=\"https:\/\/m.media-amazon.com\/images\/I\/31Skt3cfTyL._SL500_.jpg\" \/>\n\t<meta property=\"og:image:width\" content=\"455\" \/>\n\t<meta property=\"og:image:height\" content=\"500\" \/>\n\t<meta property=\"og:image:type\" content=\"image\/jpeg\" \/>\n<meta name=\"twitter:card\" content=\"summary_large_image\" \/>\n<meta name=\"twitter:label1\" content=\"Gesch\u00e4tzte Lesezeit\" \/>\n\t<meta name=\"twitter:data1\" content=\"1\u00a0Minute\" \/>\n<script type=\"application\/ld+json\" class=\"yoast-schema-graph\">{\"@context\":\"https:\\\/\\\/schema.org\",\"@graph\":[{\"@type\":\"WebPage\",\"@id\":\"https:\\\/\\\/marktxxl.de\\\/markt\\\/produkt\\\/thank-you-cards-48-blank-gold-foil-watercolor-wedding-baby-bridal-shower\\\/\",\"url\":\"https:\\\/\\\/marktxxl.de\\\/markt\\\/produkt\\\/thank-you-cards-48-blank-gold-foil-watercolor-wedding-baby-bridal-shower\\\/\",\"name\":\"Dankeskarten | 48 leere Goldfolie Aquarell Hochzeit Baby &amp; Brautparty Abschluss - Markt-XXL\",\"isPartOf\":{\"@id\":\"https:\\\/\\\/marktxxl.de\\\/markt\\\/#website\"},\"primaryImageOfPage\":{\"@id\":\"https:\\\/\\\/marktxxl.de\\\/markt\\\/produkt\\\/thank-you-cards-48-blank-gold-foil-watercolor-wedding-baby-bridal-shower\\\/#primaryimage\"},\"image\":{\"@id\":\"https:\\\/\\\/marktxxl.de\\\/markt\\\/produkt\\\/thank-you-cards-48-blank-gold-foil-watercolor-wedding-baby-bridal-shower\\\/#primaryimage\"},\"thumbnailUrl\":\"https:\\\/\\\/m.media-amazon.com\\\/images\\\/I\\\/31Skt3cfTyL._SL500_.jpg\",\"datePublished\":\"2021-12-28T16:24:27+00:00\",\"dateModified\":\"2023-04-11T01:07:12+00:00\",\"description\":\"Markt-XXL Dankeskarten | 48 leere Goldfolie Aquarell Hochzeit Baby &amp; Brautparty Abschluss\",\"breadcrumb\":{\"@id\":\"https:\\\/\\\/marktxxl.de\\\/markt\\\/produkt\\\/thank-you-cards-48-blank-gold-foil-watercolor-wedding-baby-bridal-shower\\\/#breadcrumb\"},\"inLanguage\":\"de\",\"potentialAction\":[{\"@type\":\"ReadAction\",\"target\":[\"https:\\\/\\\/marktxxl.de\\\/markt\\\/produkt\\\/thank-you-cards-48-blank-gold-foil-watercolor-wedding-baby-bridal-shower\\\/\"]}]},{\"@type\":\"ImageObject\",\"inLanguage\":\"de\",\"@id\":\"https:\\\/\\\/marktxxl.de\\\/markt\\\/produkt\\\/thank-you-cards-48-blank-gold-foil-watercolor-wedding-baby-bridal-shower\\\/#primaryimage\",\"url\":\"https:\\\/\\\/m.media-amazon.com\\\/images\\\/I\\\/31Skt3cfTyL._SL500_.jpg\",\"contentUrl\":\"https:\\\/\\\/m.media-amazon.com\\\/images\\\/I\\\/31Skt3cfTyL._SL500_.jpg\",\"width\":455,\"height\":500},{\"@type\":\"BreadcrumbList\",\"@id\":\"https:\\\/\\\/marktxxl.de\\\/markt\\\/produkt\\\/thank-you-cards-48-blank-gold-foil-watercolor-wedding-baby-bridal-shower\\\/#breadcrumb\",\"itemListElement\":[{\"@type\":\"ListItem\",\"position\":1,\"name\":\"Startseite\",\"item\":\"https:\\\/\\\/marktxxl.de\\\/markt\\\/\"},{\"@type\":\"ListItem\",\"position\":2,\"name\":\"Markt\",\"item\":\"https:\\\/\\\/marktxxl.de\\\/markt\\\/\"},{\"@type\":\"ListItem\",\"position\":3,\"name\":\"Dankeskarten | 48 leere Goldfolie Aquarell Hochzeit Baby &amp; Brautparty Abschluss\"}]},{\"@type\":\"WebSite\",\"@id\":\"https:\\\/\\\/marktxxl.de\\\/markt\\\/#website\",\"url\":\"https:\\\/\\\/marktxxl.de\\\/markt\\\/\",\"name\":\"Markt-XXL\",\"description\":\"Ihr Markt Online\",\"publisher\":{\"@id\":\"https:\\\/\\\/marktxxl.de\\\/markt\\\/#organization\"},\"potentialAction\":[{\"@type\":\"SearchAction\",\"target\":{\"@type\":\"EntryPoint\",\"urlTemplate\":\"https:\\\/\\\/marktxxl.de\\\/markt\\\/?s={search_term_string}\"},\"query-input\":{\"@type\":\"PropertyValueSpecification\",\"valueRequired\":true,\"valueName\":\"search_term_string\"}}],\"inLanguage\":\"de\"},{\"@type\":\"Organization\",\"@id\":\"https:\\\/\\\/marktxxl.de\\\/markt\\\/#organization\",\"name\":\"Markt-XXL\",\"url\":\"https:\\\/\\\/marktxxl.de\\\/markt\\\/\",\"logo\":{\"@type\":\"ImageObject\",\"inLanguage\":\"de\",\"@id\":\"https:\\\/\\\/marktxxl.de\\\/markt\\\/#\\\/schema\\\/logo\\\/image\\\/\",\"url\":\"https:\\\/\\\/marktxxl.de\\\/markt\\\/wp-content\\\/uploads\\\/sites\\\/3\\\/2020\\\/12\\\/logo.png\",\"contentUrl\":\"https:\\\/\\\/marktxxl.de\\\/markt\\\/wp-content\\\/uploads\\\/sites\\\/3\\\/2020\\\/12\\\/logo.png\",\"width\":200,\"height\":70,\"caption\":\"Markt-XXL\"},\"image\":{\"@id\":\"https:\\\/\\\/marktxxl.de\\\/markt\\\/#\\\/schema\\\/logo\\\/image\\\/\"}}]}<\/script>\n<!-- \/ Yoast SEO plugin. -->","yoast_head_json":{"title":"Dankeskarten | 48 leere Goldfolie Aquarell Hochzeit Baby &amp; Brautparty Abschluss - Markt-XXL","description":"Markt-XXL Dankeskarten | 48 leere Goldfolie Aquarell Hochzeit Baby &amp; Brautparty Abschluss","robots":{"index":"index","follow":"follow","max-snippet":"max-snippet:-1","max-image-preview":"max-image-preview:large","max-video-preview":"max-video-preview:-1"},"canonical":"https:\/\/marktxxl.de\/markt\/produkt\/thank-you-cards-48-blank-gold-foil-watercolor-wedding-baby-bridal-shower\/","og_locale":"de_DE","og_type":"article","og_title":"Dankeskarten | 48 leere Goldfolie Aquarell Hochzeit Baby &amp; Brautparty Abschluss - Markt-XXL","og_description":"Markt-XXL Dankeskarten | 48 leere Goldfolie Aquarell Hochzeit Baby &amp; Brautparty Abschluss","og_url":"https:\/\/marktxxl.de\/markt\/produkt\/thank-you-cards-48-blank-gold-foil-watercolor-wedding-baby-bridal-shower\/","og_site_name":"Markt-XXL","article_modified_time":"2023-04-11T01:07:12+00:00","og_image":[{"width":455,"height":500,"url":"https:\/\/m.media-amazon.com\/images\/I\/31Skt3cfTyL._SL500_.jpg","type":"image\/jpeg"}],"twitter_card":"summary_large_image","twitter_misc":{"Gesch\u00e4tzte Lesezeit":"1\u00a0Minute"},"schema":{"@context":"https:\/\/schema.org","@graph":[{"@type":"WebPage","@id":"https:\/\/marktxxl.de\/markt\/produkt\/thank-you-cards-48-blank-gold-foil-watercolor-wedding-baby-bridal-shower\/","url":"https:\/\/marktxxl.de\/markt\/produkt\/thank-you-cards-48-blank-gold-foil-watercolor-wedding-baby-bridal-shower\/","name":"Dankeskarten | 48 leere Goldfolie Aquarell Hochzeit Baby &amp; Brautparty Abschluss - Markt-XXL","isPartOf":{"@id":"https:\/\/marktxxl.de\/markt\/#website"},"primaryImageOfPage":{"@id":"https:\/\/marktxxl.de\/markt\/produkt\/thank-you-cards-48-blank-gold-foil-watercolor-wedding-baby-bridal-shower\/#primaryimage"},"image":{"@id":"https:\/\/marktxxl.de\/markt\/produkt\/thank-you-cards-48-blank-gold-foil-watercolor-wedding-baby-bridal-shower\/#primaryimage"},"thumbnailUrl":"https:\/\/m.media-amazon.com\/images\/I\/31Skt3cfTyL._SL500_.jpg","datePublished":"2021-12-28T16:24:27+00:00","dateModified":"2023-04-11T01:07:12+00:00","description":"Markt-XXL Dankeskarten | 48 leere Goldfolie Aquarell Hochzeit Baby &amp; Brautparty Abschluss","breadcrumb":{"@id":"https:\/\/marktxxl.de\/markt\/produkt\/thank-you-cards-48-blank-gold-foil-watercolor-wedding-baby-bridal-shower\/#breadcrumb"},"inLanguage":"de","potentialAction":[{"@type":"ReadAction","target":["https:\/\/marktxxl.de\/markt\/produkt\/thank-you-cards-48-blank-gold-foil-watercolor-wedding-baby-bridal-shower\/"]}]},{"@type":"ImageObject","inLanguage":"de","@id":"https:\/\/marktxxl.de\/markt\/produkt\/thank-you-cards-48-blank-gold-foil-watercolor-wedding-baby-bridal-shower\/#primaryimage","url":"https:\/\/m.media-amazon.com\/images\/I\/31Skt3cfTyL._SL500_.jpg","contentUrl":"https:\/\/m.media-amazon.com\/images\/I\/31Skt3cfTyL._SL500_.jpg","width":455,"height":500},{"@type":"BreadcrumbList","@id":"https:\/\/marktxxl.de\/markt\/produkt\/thank-you-cards-48-blank-gold-foil-watercolor-wedding-baby-bridal-shower\/#breadcrumb","itemListElement":[{"@type":"ListItem","position":1,"name":"Startseite","item":"https:\/\/marktxxl.de\/markt\/"},{"@type":"ListItem","position":2,"name":"Markt","item":"https:\/\/marktxxl.de\/markt\/"},{"@type":"ListItem","position":3,"name":"Dankeskarten | 48 leere Goldfolie Aquarell Hochzeit Baby &amp; Brautparty Abschluss"}]},{"@type":"WebSite","@id":"https:\/\/marktxxl.de\/markt\/#website","url":"https:\/\/marktxxl.de\/markt\/","name":"Markt-XXL","description":"Ihr Markt Online","publisher":{"@id":"https:\/\/marktxxl.de\/markt\/#organization"},"potentialAction":[{"@type":"SearchAction","target":{"@type":"EntryPoint","urlTemplate":"https:\/\/marktxxl.de\/markt\/?s={search_term_string}"},"query-input":{"@type":"PropertyValueSpecification","valueRequired":true,"valueName":"search_term_string"}}],"inLanguage":"de"},{"@type":"Organization","@id":"https:\/\/marktxxl.de\/markt\/#organization","name":"Markt-XXL","url":"https:\/\/marktxxl.de\/markt\/","logo":{"@type":"ImageObject","inLanguage":"de","@id":"https:\/\/marktxxl.de\/markt\/#\/schema\/logo\/image\/","url":"https:\/\/marktxxl.de\/markt\/wp-content\/uploads\/sites\/3\/2020\/12\/logo.png","contentUrl":"https:\/\/marktxxl.de\/markt\/wp-content\/uploads\/sites\/3\/2020\/12\/logo.png","width":200,"height":70,"caption":"Markt-XXL"},"image":{"@id":"https:\/\/marktxxl.de\/markt\/#\/schema\/logo\/image\/"}}]}},"_links":{"self":[{"href":"https:\/\/marktxxl.de\/markt\/wp-json\/wp\/v2\/product\/87611","targetHints":{"allow":["GET"]}}],"collection":[{"href":"https:\/\/marktxxl.de\/markt\/wp-json\/wp\/v2\/product"}],"about":[{"href":"https:\/\/marktxxl.de\/markt\/wp-json\/wp\/v2\/types\/product"}],"replies":[{"embeddable":true,"href":"https:\/\/marktxxl.de\/markt\/wp-json\/wp\/v2\/comments?post=87611"}],"wp:featuredmedia":[{"embeddable":true,"href":"https:\/\/marktxxl.de\/markt\/wp-json\/wp\/v2\/media\/87612"}],"wp:attachment":[{"href":"https:\/\/marktxxl.de\/markt\/wp-json\/wp\/v2\/media?parent=87611"}],"wp:term":[{"taxonomy":"product_brand","embeddable":true,"href":"https:\/\/marktxxl.de\/markt\/wp-json\/wp\/v2\/product_brand?post=87611"},{"taxonomy":"product_cat","embeddable":true,"href":"https:\/\/marktxxl.de\/markt\/wp-json\/wp\/v2\/product_cat?post=87611"},{"taxonomy":"product_tag","embeddable":true,"href":"https:\/\/marktxxl.de\/markt\/wp-json\/wp\/v2\/product_tag?post=87611"}],"curies":[{"name":"wp","href":"https:\/\/api.w.org\/{rel}","templated":true}]}}