{"id":87552,"date":"2021-12-28T17:21:44","date_gmt":"2021-12-28T16:21:44","guid":{"rendered":"https:\/\/marktxxl.de\/markt\/produkt\/wall35-zum-aufhaengen-datei-halter-wand-montiert-metall-draht-rack-buero-ordner-organizer-mit-namensschild-slot-in-schwarz\/"},"modified":"2023-04-11T03:07:11","modified_gmt":"2023-04-11T01:07:11","slug":"wall35-zum-aufhaengen-datei-halter-wand-montiert-metall-draht-rack-buero-ordner-organizer-mit-namensschild-slot-in-schwarz","status":"publish","type":"product","link":"https:\/\/marktxxl.de\/markt\/produkt\/wall35-zum-aufhaengen-datei-halter-wand-montiert-metall-draht-rack-buero-ordner-organizer-mit-namensschild-slot-in-schwarz\/","title":{"rendered":"Wall35 Felic H\u00e4ngeregistratur-Organizer, Ordner und Briefhalter f\u00fcr Wand, Metall H\u00fchnerdraht K\u00f6rbe mit Etikettenschlitz"},"content":{"rendered":"<p>Attraktive Organisation: Ob Sie von zu Hause aus arbeiten, ein kleines Geb\u00e4ude in einem Business, Unternehmen oder in jeder braucht um sich organisatorischen Gewohnheiten produktiver zu arbeiten, diese, aus Draht, Leiste ist ideal zum Aufbewahren von Ihren Datei Ordner und Dokumente.<br \/>\nKeine Montage n\u00f6tig: Dieses Produkt wird vollst\u00e4ndig montiert geliefert und kann sofort zu installieren, effiziente Nutzung der leere Wandfl\u00e4che wird oft \u00fcbersehen wertvolle Platz auf Ihrem Schreibtisch, um unaufger\u00e4umtes zu verursachen. Mit keine l\u00e4stige Installation, h\u00e4ngen die Rack durch die Mauer Raum \u00fcber oder neben Ihrem Schreibtisch.<br \/>\nProfessionelles: erfolgreiche Menschen erhalten die Gewohnheit der Organisation Ihrer Arbeitsbereich und halten Sie organisiert. Es ist Zeit zu beginnen, Errungenschaften zu stellen in Ihrem Leben, zu organisieren und Dekorieren mit diesem, aus Draht, Rack.<br \/>\nDas Leben leichter machen: Wenn Sie organisieren und auch der Schreibtisch Kabelsalat wird Sie werden bemerken, dass Ihr Leben in vollst\u00e4ndig order loswerden sorgt f\u00fcr Ordnung, die wichtigsten Dinge in Ihrem Leben, so k\u00f6nnen Sie finden, was Sie brauchen an Ihren Fingerspitzen.<br \/>\nMagazin Rack: Das aufh\u00e4ngen Datei Ordner dienen wird als gro\u00dfe Magazin Organizer, k\u00f6nnen Sie es verwenden, um zu speichern Sie Ihre Zeitschriften vertikal oder horizontal, innen mit seiner dezenter Tragf\u00e4higkeit und breit, die Halter ist geeignet f\u00fcr Geh\u00e4use Katalogen und Magazinen an der gleichen Zeit.<br \/>\n<div class=\"main-cross-sell\" data-asin=\"B0751KPKM1\">\n\n\t<div class=\"WooZone-cross-sell-loader\">\n\t\t<div>\n\t\t\t<div id=\"floatingBarsG\">\n\t\t\t\t<div class=\"blockG\" id=\"rotateG_01\"><\/div>\n\t\t\t\t<div class=\"blockG\" id=\"rotateG_02\"><\/div>\n\t\t\t\t<div class=\"blockG\" id=\"rotateG_03\"><\/div>\n\t\t\t\t<div class=\"blockG\" id=\"rotateG_04\"><\/div>\n\t\t\t\t<div class=\"blockG\" id=\"rotateG_05\"><\/div>\n\t\t\t\t<div class=\"blockG\" id=\"rotateG_06\"><\/div>\n\t\t\t\t<div class=\"blockG\" id=\"rotateG_07\"><\/div>\n\t\t\t\t<div class=\"blockG\" id=\"rotateG_08\"><\/div>\n\t\t\t<\/div>\n\t\t\t<div class=\"WooZone-cross-sell-loader-text\"><\/div>\n\t\t<\/div>\n\t<\/div>\n\n\t\t\n<\/div>\n<div style=\"clear:both;\"><\/div><\/p>\n","protected":false},"excerpt":{"rendered":"<p>Attraktive Organisation: Ob Sie von zu Hause aus arbeiten, ein kleines Geb\u00e4ude in einem Business, Unternehmen oder in jeder braucht um sich organisatorischen Gewohnheiten produktiver zu arbeiten, diese, aus Draht, Leiste ist ideal zum Aufbewahren von Ihren Datei Ordner und Dokumente.<br \/>\nKeine Montage n\u00f6tig: Dieses Produkt wird vollst\u00e4ndig montiert geliefert und kann sofort zu installieren, effiziente Nutzung der leere Wandfl\u00e4che wird oft \u00fcbersehen wertvolle Platz auf Ihrem Schreibtisch, um unaufger\u00e4umtes zu verursachen. Mit keine l\u00e4stige Installation, h\u00e4ngen die Rack durch die Mauer Raum \u00fcber oder neben Ihrem Schreibtisch.<br \/>\nProfessionelles: erfolgreiche Menschen erhalten die Gewohnheit der Organisation Ihrer Arbeitsbereich und halten Sie organisiert. Es ist Zeit zu beginnen, Errungenschaften zu stellen in Ihrem Leben, zu organisieren und Dekorieren mit diesem, aus Draht, Rack.<\/p>\n","protected":false},"featured_media":87553,"comment_status":"open","ping_status":"closed","template":"","meta":[],"product_brand":[],"product_cat":[504,8312],"product_tag":[],"class_list":{"0":"post-87552","1":"product","2":"type-product","3":"status-publish","4":"has-post-thumbnail","6":"product_cat-buerobedarf-schreibwaren","7":"product_cat-bueromoebel-beleuchtung","8":"pa_binding-buerobedarf-schreibwaren","9":"pa_brand-unbekannt","10":"pa_color-schwarz","11":"pa_manufacturer-wall35","12":"pa_model-28211","14":"first","15":"instock","16":"shipping-taxable","17":"purchasable","18":"product-type-simple","19":"customify-col","20":"product-has-gallery"},"yoast_head":"<!-- This site is optimized with the Yoast SEO plugin v27.4 - https:\/\/yoast.com\/product\/yoast-seo-wordpress\/ -->\n<title>Wall35 Felic H\u00e4ngeregistratur-Organizer, Ordner und Briefhalter f\u00fcr Wand, Metall H\u00fchnerdraht K\u00f6rbe mit Etikettenschlitz - Markt-XXL<\/title>\n<meta name=\"description\" content=\"Markt-XXL Wall35 Felic H\u00e4ngeregistratur-Organizer, Ordner und Briefhalter f\u00fcr Wand, Metall H\u00fchnerdraht K\u00f6rbe mit Etikettenschlitz\" \/>\n<meta name=\"robots\" content=\"index, follow, max-snippet:-1, max-image-preview:large, max-video-preview:-1\" \/>\n<link rel=\"canonical\" href=\"https:\/\/marktxxl.de\/markt\/produkt\/wall35-zum-aufhaengen-datei-halter-wand-montiert-metall-draht-rack-buero-ordner-organizer-mit-namensschild-slot-in-schwarz\/\" \/>\n<meta property=\"og:locale\" content=\"de_DE\" \/>\n<meta property=\"og:type\" content=\"article\" \/>\n<meta property=\"og:title\" content=\"Wall35 Felic H\u00e4ngeregistratur-Organizer, Ordner und Briefhalter f\u00fcr Wand, Metall H\u00fchnerdraht K\u00f6rbe mit Etikettenschlitz - Markt-XXL\" \/>\n<meta property=\"og:description\" content=\"Markt-XXL Wall35 Felic H\u00e4ngeregistratur-Organizer, Ordner und Briefhalter f\u00fcr Wand, Metall H\u00fchnerdraht K\u00f6rbe mit Etikettenschlitz\" \/>\n<meta property=\"og:url\" content=\"https:\/\/marktxxl.de\/markt\/produkt\/wall35-zum-aufhaengen-datei-halter-wand-montiert-metall-draht-rack-buero-ordner-organizer-mit-namensschild-slot-in-schwarz\/\" \/>\n<meta property=\"og:site_name\" content=\"Markt-XXL\" \/>\n<meta property=\"article:modified_time\" content=\"2023-04-11T01:07:11+00:00\" \/>\n<meta property=\"og:image\" content=\"https:\/\/m.media-amazon.com\/images\/I\/51rdmONnuiL._SL500_.jpg\" \/>\n\t<meta property=\"og:image:width\" content=\"500\" \/>\n\t<meta property=\"og:image:height\" content=\"500\" \/>\n\t<meta property=\"og:image:type\" content=\"image\/jpeg\" \/>\n<meta name=\"twitter:card\" content=\"summary_large_image\" \/>\n<meta name=\"twitter:label1\" content=\"Gesch\u00e4tzte Lesezeit\" \/>\n\t<meta name=\"twitter:data1\" content=\"1\u00a0Minute\" \/>\n<script type=\"application\/ld+json\" class=\"yoast-schema-graph\">{\"@context\":\"https:\\\/\\\/schema.org\",\"@graph\":[{\"@type\":\"WebPage\",\"@id\":\"https:\\\/\\\/marktxxl.de\\\/markt\\\/produkt\\\/wall35-zum-aufhaengen-datei-halter-wand-montiert-metall-draht-rack-buero-ordner-organizer-mit-namensschild-slot-in-schwarz\\\/\",\"url\":\"https:\\\/\\\/marktxxl.de\\\/markt\\\/produkt\\\/wall35-zum-aufhaengen-datei-halter-wand-montiert-metall-draht-rack-buero-ordner-organizer-mit-namensschild-slot-in-schwarz\\\/\",\"name\":\"Wall35 Felic H\u00e4ngeregistratur-Organizer, Ordner und Briefhalter f\u00fcr Wand, Metall H\u00fchnerdraht K\u00f6rbe mit Etikettenschlitz - Markt-XXL\",\"isPartOf\":{\"@id\":\"https:\\\/\\\/marktxxl.de\\\/markt\\\/#website\"},\"primaryImageOfPage\":{\"@id\":\"https:\\\/\\\/marktxxl.de\\\/markt\\\/produkt\\\/wall35-zum-aufhaengen-datei-halter-wand-montiert-metall-draht-rack-buero-ordner-organizer-mit-namensschild-slot-in-schwarz\\\/#primaryimage\"},\"image\":{\"@id\":\"https:\\\/\\\/marktxxl.de\\\/markt\\\/produkt\\\/wall35-zum-aufhaengen-datei-halter-wand-montiert-metall-draht-rack-buero-ordner-organizer-mit-namensschild-slot-in-schwarz\\\/#primaryimage\"},\"thumbnailUrl\":\"https:\\\/\\\/m.media-amazon.com\\\/images\\\/I\\\/51rdmONnuiL._SL500_.jpg\",\"datePublished\":\"2021-12-28T16:21:44+00:00\",\"dateModified\":\"2023-04-11T01:07:11+00:00\",\"description\":\"Markt-XXL Wall35 Felic H\u00e4ngeregistratur-Organizer, Ordner und Briefhalter f\u00fcr Wand, Metall H\u00fchnerdraht K\u00f6rbe mit Etikettenschlitz\",\"breadcrumb\":{\"@id\":\"https:\\\/\\\/marktxxl.de\\\/markt\\\/produkt\\\/wall35-zum-aufhaengen-datei-halter-wand-montiert-metall-draht-rack-buero-ordner-organizer-mit-namensschild-slot-in-schwarz\\\/#breadcrumb\"},\"inLanguage\":\"de\",\"potentialAction\":[{\"@type\":\"ReadAction\",\"target\":[\"https:\\\/\\\/marktxxl.de\\\/markt\\\/produkt\\\/wall35-zum-aufhaengen-datei-halter-wand-montiert-metall-draht-rack-buero-ordner-organizer-mit-namensschild-slot-in-schwarz\\\/\"]}]},{\"@type\":\"ImageObject\",\"inLanguage\":\"de\",\"@id\":\"https:\\\/\\\/marktxxl.de\\\/markt\\\/produkt\\\/wall35-zum-aufhaengen-datei-halter-wand-montiert-metall-draht-rack-buero-ordner-organizer-mit-namensschild-slot-in-schwarz\\\/#primaryimage\",\"url\":\"https:\\\/\\\/m.media-amazon.com\\\/images\\\/I\\\/51rdmONnuiL._SL500_.jpg\",\"contentUrl\":\"https:\\\/\\\/m.media-amazon.com\\\/images\\\/I\\\/51rdmONnuiL._SL500_.jpg\",\"width\":500,\"height\":500},{\"@type\":\"BreadcrumbList\",\"@id\":\"https:\\\/\\\/marktxxl.de\\\/markt\\\/produkt\\\/wall35-zum-aufhaengen-datei-halter-wand-montiert-metall-draht-rack-buero-ordner-organizer-mit-namensschild-slot-in-schwarz\\\/#breadcrumb\",\"itemListElement\":[{\"@type\":\"ListItem\",\"position\":1,\"name\":\"Startseite\",\"item\":\"https:\\\/\\\/marktxxl.de\\\/markt\\\/\"},{\"@type\":\"ListItem\",\"position\":2,\"name\":\"Markt\",\"item\":\"https:\\\/\\\/marktxxl.de\\\/markt\\\/\"},{\"@type\":\"ListItem\",\"position\":3,\"name\":\"Wall35 Felic H\u00e4ngeregistratur-Organizer, Ordner und Briefhalter f\u00fcr Wand, Metall H\u00fchnerdraht K\u00f6rbe mit Etikettenschlitz\"}]},{\"@type\":\"WebSite\",\"@id\":\"https:\\\/\\\/marktxxl.de\\\/markt\\\/#website\",\"url\":\"https:\\\/\\\/marktxxl.de\\\/markt\\\/\",\"name\":\"Markt-XXL\",\"description\":\"Ihr Markt Online\",\"publisher\":{\"@id\":\"https:\\\/\\\/marktxxl.de\\\/markt\\\/#organization\"},\"potentialAction\":[{\"@type\":\"SearchAction\",\"target\":{\"@type\":\"EntryPoint\",\"urlTemplate\":\"https:\\\/\\\/marktxxl.de\\\/markt\\\/?s={search_term_string}\"},\"query-input\":{\"@type\":\"PropertyValueSpecification\",\"valueRequired\":true,\"valueName\":\"search_term_string\"}}],\"inLanguage\":\"de\"},{\"@type\":\"Organization\",\"@id\":\"https:\\\/\\\/marktxxl.de\\\/markt\\\/#organization\",\"name\":\"Markt-XXL\",\"url\":\"https:\\\/\\\/marktxxl.de\\\/markt\\\/\",\"logo\":{\"@type\":\"ImageObject\",\"inLanguage\":\"de\",\"@id\":\"https:\\\/\\\/marktxxl.de\\\/markt\\\/#\\\/schema\\\/logo\\\/image\\\/\",\"url\":\"https:\\\/\\\/marktxxl.de\\\/markt\\\/wp-content\\\/uploads\\\/sites\\\/3\\\/2020\\\/12\\\/logo.png\",\"contentUrl\":\"https:\\\/\\\/marktxxl.de\\\/markt\\\/wp-content\\\/uploads\\\/sites\\\/3\\\/2020\\\/12\\\/logo.png\",\"width\":200,\"height\":70,\"caption\":\"Markt-XXL\"},\"image\":{\"@id\":\"https:\\\/\\\/marktxxl.de\\\/markt\\\/#\\\/schema\\\/logo\\\/image\\\/\"}}]}<\/script>\n<!-- \/ Yoast SEO plugin. -->","yoast_head_json":{"title":"Wall35 Felic H\u00e4ngeregistratur-Organizer, Ordner und Briefhalter f\u00fcr Wand, Metall H\u00fchnerdraht K\u00f6rbe mit Etikettenschlitz - Markt-XXL","description":"Markt-XXL Wall35 Felic H\u00e4ngeregistratur-Organizer, Ordner und Briefhalter f\u00fcr Wand, Metall H\u00fchnerdraht K\u00f6rbe mit Etikettenschlitz","robots":{"index":"index","follow":"follow","max-snippet":"max-snippet:-1","max-image-preview":"max-image-preview:large","max-video-preview":"max-video-preview:-1"},"canonical":"https:\/\/marktxxl.de\/markt\/produkt\/wall35-zum-aufhaengen-datei-halter-wand-montiert-metall-draht-rack-buero-ordner-organizer-mit-namensschild-slot-in-schwarz\/","og_locale":"de_DE","og_type":"article","og_title":"Wall35 Felic H\u00e4ngeregistratur-Organizer, Ordner und Briefhalter f\u00fcr Wand, Metall H\u00fchnerdraht K\u00f6rbe mit Etikettenschlitz - Markt-XXL","og_description":"Markt-XXL Wall35 Felic H\u00e4ngeregistratur-Organizer, Ordner und Briefhalter f\u00fcr Wand, Metall H\u00fchnerdraht K\u00f6rbe mit Etikettenschlitz","og_url":"https:\/\/marktxxl.de\/markt\/produkt\/wall35-zum-aufhaengen-datei-halter-wand-montiert-metall-draht-rack-buero-ordner-organizer-mit-namensschild-slot-in-schwarz\/","og_site_name":"Markt-XXL","article_modified_time":"2023-04-11T01:07:11+00:00","og_image":[{"width":500,"height":500,"url":"https:\/\/m.media-amazon.com\/images\/I\/51rdmONnuiL._SL500_.jpg","type":"image\/jpeg"}],"twitter_card":"summary_large_image","twitter_misc":{"Gesch\u00e4tzte Lesezeit":"1\u00a0Minute"},"schema":{"@context":"https:\/\/schema.org","@graph":[{"@type":"WebPage","@id":"https:\/\/marktxxl.de\/markt\/produkt\/wall35-zum-aufhaengen-datei-halter-wand-montiert-metall-draht-rack-buero-ordner-organizer-mit-namensschild-slot-in-schwarz\/","url":"https:\/\/marktxxl.de\/markt\/produkt\/wall35-zum-aufhaengen-datei-halter-wand-montiert-metall-draht-rack-buero-ordner-organizer-mit-namensschild-slot-in-schwarz\/","name":"Wall35 Felic H\u00e4ngeregistratur-Organizer, Ordner und Briefhalter f\u00fcr Wand, Metall H\u00fchnerdraht K\u00f6rbe mit Etikettenschlitz - Markt-XXL","isPartOf":{"@id":"https:\/\/marktxxl.de\/markt\/#website"},"primaryImageOfPage":{"@id":"https:\/\/marktxxl.de\/markt\/produkt\/wall35-zum-aufhaengen-datei-halter-wand-montiert-metall-draht-rack-buero-ordner-organizer-mit-namensschild-slot-in-schwarz\/#primaryimage"},"image":{"@id":"https:\/\/marktxxl.de\/markt\/produkt\/wall35-zum-aufhaengen-datei-halter-wand-montiert-metall-draht-rack-buero-ordner-organizer-mit-namensschild-slot-in-schwarz\/#primaryimage"},"thumbnailUrl":"https:\/\/m.media-amazon.com\/images\/I\/51rdmONnuiL._SL500_.jpg","datePublished":"2021-12-28T16:21:44+00:00","dateModified":"2023-04-11T01:07:11+00:00","description":"Markt-XXL Wall35 Felic H\u00e4ngeregistratur-Organizer, Ordner und Briefhalter f\u00fcr Wand, Metall H\u00fchnerdraht K\u00f6rbe mit Etikettenschlitz","breadcrumb":{"@id":"https:\/\/marktxxl.de\/markt\/produkt\/wall35-zum-aufhaengen-datei-halter-wand-montiert-metall-draht-rack-buero-ordner-organizer-mit-namensschild-slot-in-schwarz\/#breadcrumb"},"inLanguage":"de","potentialAction":[{"@type":"ReadAction","target":["https:\/\/marktxxl.de\/markt\/produkt\/wall35-zum-aufhaengen-datei-halter-wand-montiert-metall-draht-rack-buero-ordner-organizer-mit-namensschild-slot-in-schwarz\/"]}]},{"@type":"ImageObject","inLanguage":"de","@id":"https:\/\/marktxxl.de\/markt\/produkt\/wall35-zum-aufhaengen-datei-halter-wand-montiert-metall-draht-rack-buero-ordner-organizer-mit-namensschild-slot-in-schwarz\/#primaryimage","url":"https:\/\/m.media-amazon.com\/images\/I\/51rdmONnuiL._SL500_.jpg","contentUrl":"https:\/\/m.media-amazon.com\/images\/I\/51rdmONnuiL._SL500_.jpg","width":500,"height":500},{"@type":"BreadcrumbList","@id":"https:\/\/marktxxl.de\/markt\/produkt\/wall35-zum-aufhaengen-datei-halter-wand-montiert-metall-draht-rack-buero-ordner-organizer-mit-namensschild-slot-in-schwarz\/#breadcrumb","itemListElement":[{"@type":"ListItem","position":1,"name":"Startseite","item":"https:\/\/marktxxl.de\/markt\/"},{"@type":"ListItem","position":2,"name":"Markt","item":"https:\/\/marktxxl.de\/markt\/"},{"@type":"ListItem","position":3,"name":"Wall35 Felic H\u00e4ngeregistratur-Organizer, Ordner und Briefhalter f\u00fcr Wand, Metall H\u00fchnerdraht K\u00f6rbe mit Etikettenschlitz"}]},{"@type":"WebSite","@id":"https:\/\/marktxxl.de\/markt\/#website","url":"https:\/\/marktxxl.de\/markt\/","name":"Markt-XXL","description":"Ihr Markt Online","publisher":{"@id":"https:\/\/marktxxl.de\/markt\/#organization"},"potentialAction":[{"@type":"SearchAction","target":{"@type":"EntryPoint","urlTemplate":"https:\/\/marktxxl.de\/markt\/?s={search_term_string}"},"query-input":{"@type":"PropertyValueSpecification","valueRequired":true,"valueName":"search_term_string"}}],"inLanguage":"de"},{"@type":"Organization","@id":"https:\/\/marktxxl.de\/markt\/#organization","name":"Markt-XXL","url":"https:\/\/marktxxl.de\/markt\/","logo":{"@type":"ImageObject","inLanguage":"de","@id":"https:\/\/marktxxl.de\/markt\/#\/schema\/logo\/image\/","url":"https:\/\/marktxxl.de\/markt\/wp-content\/uploads\/sites\/3\/2020\/12\/logo.png","contentUrl":"https:\/\/marktxxl.de\/markt\/wp-content\/uploads\/sites\/3\/2020\/12\/logo.png","width":200,"height":70,"caption":"Markt-XXL"},"image":{"@id":"https:\/\/marktxxl.de\/markt\/#\/schema\/logo\/image\/"}}]}},"_links":{"self":[{"href":"https:\/\/marktxxl.de\/markt\/wp-json\/wp\/v2\/product\/87552","targetHints":{"allow":["GET"]}}],"collection":[{"href":"https:\/\/marktxxl.de\/markt\/wp-json\/wp\/v2\/product"}],"about":[{"href":"https:\/\/marktxxl.de\/markt\/wp-json\/wp\/v2\/types\/product"}],"replies":[{"embeddable":true,"href":"https:\/\/marktxxl.de\/markt\/wp-json\/wp\/v2\/comments?post=87552"}],"wp:featuredmedia":[{"embeddable":true,"href":"https:\/\/marktxxl.de\/markt\/wp-json\/wp\/v2\/media\/87553"}],"wp:attachment":[{"href":"https:\/\/marktxxl.de\/markt\/wp-json\/wp\/v2\/media?parent=87552"}],"wp:term":[{"taxonomy":"product_brand","embeddable":true,"href":"https:\/\/marktxxl.de\/markt\/wp-json\/wp\/v2\/product_brand?post=87552"},{"taxonomy":"product_cat","embeddable":true,"href":"https:\/\/marktxxl.de\/markt\/wp-json\/wp\/v2\/product_cat?post=87552"},{"taxonomy":"product_tag","embeddable":true,"href":"https:\/\/marktxxl.de\/markt\/wp-json\/wp\/v2\/product_tag?post=87552"}],"curies":[{"name":"wp","href":"https:\/\/api.w.org\/{rel}","templated":true}]}}