{"id":87544,"date":"2021-12-28T17:21:39","date_gmt":"2021-12-28T16:21:39","guid":{"rendered":"https:\/\/marktxxl.de\/markt\/produkt\/pro-plus-48-von-vari-hoehenverstellbarer-stehpultkonverter-stehpult-fuer-zwei-monitore-schwarz\/"},"modified":"2023-04-11T03:07:11","modified_gmt":"2023-04-11T01:07:11","slug":"pro-plus-48-von-vari-hoehenverstellbarer-stehpultkonverter-stehpult-fuer-zwei-monitore-schwarz","status":"publish","type":"product","link":"https:\/\/marktxxl.de\/markt\/produkt\/pro-plus-48-von-vari-hoehenverstellbarer-stehpultkonverter-stehpult-fuer-zwei-monitore-schwarz\/","title":{"rendered":"Vari Pro Plus 48 H\u00f6henverstellbarer Stehpultkonverter &#8211; Stehpult f\u00fcr Zwei Monitore &#8211; (Schwarz)"},"content":{"rendered":"<p>VariDesk Pro Plus 48 Stehpult ist 4 Fu\u00df breit, Ihnen ausreichend Platz f\u00fcr Multi-Monitor-Setups oder zus\u00e4tzlichen Platzbedarf<br \/>\nDas zwei-Klassen-Design bietet Ihnen eine obere Display-Oberfl\u00e4che f\u00fcr mehrere Monitore und ein ger\u00e4umiges unteren Deck f\u00fcr Tastatur und Maus<br \/>\nH\u00f6henverstellbar in 11 verschiedenen Positionen f\u00fcr ergonomischen Komfort. Bleibt stabil und standfest auch bei voll ausgefahren<br \/>\nVaris patentierten gefederten Hebemechanismus verwendet, um leicht heben bis zu 45 lbs in 3 Sekunden, so dass Sie aufstehen und hinsetzen ohne brechen Sie Ihre Konzentration<br \/>\nKommt fertig montiert direkt aus der Box &#8211; keine Montage, Installation oder Werkzeuge erforderlich!<br \/>\n<div class=\"main-cross-sell\" data-asin=\"B00UVHTGJ8\">\n\n\t<div class=\"WooZone-cross-sell-loader\">\n\t\t<div>\n\t\t\t<div id=\"floatingBarsG\">\n\t\t\t\t<div class=\"blockG\" id=\"rotateG_01\"><\/div>\n\t\t\t\t<div class=\"blockG\" id=\"rotateG_02\"><\/div>\n\t\t\t\t<div class=\"blockG\" id=\"rotateG_03\"><\/div>\n\t\t\t\t<div class=\"blockG\" id=\"rotateG_04\"><\/div>\n\t\t\t\t<div class=\"blockG\" id=\"rotateG_05\"><\/div>\n\t\t\t\t<div class=\"blockG\" id=\"rotateG_06\"><\/div>\n\t\t\t\t<div class=\"blockG\" id=\"rotateG_07\"><\/div>\n\t\t\t\t<div class=\"blockG\" id=\"rotateG_08\"><\/div>\n\t\t\t<\/div>\n\t\t\t<div class=\"WooZone-cross-sell-loader-text\"><\/div>\n\t\t<\/div>\n\t<\/div>\n\n\t\t\n<\/div>\n<div style=\"clear:both;\"><\/div><\/p>\n","protected":false},"excerpt":{"rendered":"<p>VariDesk Pro Plus 48 Stehpult ist 4 Fu\u00df breit, Ihnen ausreichend Platz f\u00fcr Multi-Monitor-Setups oder zus\u00e4tzlichen Platzbedarf<br \/>\nDas zwei-Klassen-Design bietet Ihnen eine obere Display-Oberfl\u00e4che f\u00fcr mehrere Monitore und ein ger\u00e4umiges unteren Deck f\u00fcr Tastatur und Maus<br \/>\nH\u00f6henverstellbar in 11 verschiedenen Positionen f\u00fcr ergonomischen Komfort. Bleibt stabil und standfest auch bei voll ausgefahren<\/p>\n","protected":false},"featured_media":87545,"comment_status":"open","ping_status":"closed","template":"","meta":[],"product_brand":[],"product_cat":[504,8312],"product_tag":[],"class_list":{"0":"post-87544","1":"product","2":"type-product","3":"status-publish","4":"has-post-thumbnail","6":"product_cat-buerobedarf-schreibwaren","7":"product_cat-bueromoebel-beleuchtung","8":"pa_binding-personal-computers","9":"pa_brand-vari","10":"pa_color-schwarz","11":"pa_height-7-2-zoll","12":"pa_length-51-zoll","13":"pa_manufacturer-vari","14":"pa_model-28206","15":"pa_weight-60-5609833714-pfund","16":"pa_width-33-8-zoll","18":"first","19":"instock","20":"shipping-taxable","21":"purchasable","22":"product-type-simple","23":"customify-col","24":"product-has-gallery"},"yoast_head":"<!-- This site is optimized with the Yoast SEO plugin v27.4 - https:\/\/yoast.com\/product\/yoast-seo-wordpress\/ -->\n<title>Vari Pro Plus 48 H\u00f6henverstellbarer Stehpultkonverter - Stehpult f\u00fcr Zwei Monitore - (Schwarz) - Markt-XXL<\/title>\n<meta name=\"description\" content=\"Markt-XXL Vari Pro Plus 48 H\u00f6henverstellbarer Stehpultkonverter - Stehpult f\u00fcr Zwei Monitore - (Schwarz)\" \/>\n<meta name=\"robots\" content=\"index, follow, max-snippet:-1, max-image-preview:large, max-video-preview:-1\" \/>\n<link rel=\"canonical\" href=\"https:\/\/marktxxl.de\/markt\/produkt\/pro-plus-48-von-vari-hoehenverstellbarer-stehpultkonverter-stehpult-fuer-zwei-monitore-schwarz\/\" \/>\n<meta property=\"og:locale\" content=\"de_DE\" \/>\n<meta property=\"og:type\" content=\"article\" \/>\n<meta property=\"og:title\" content=\"Vari Pro Plus 48 H\u00f6henverstellbarer Stehpultkonverter - Stehpult f\u00fcr Zwei Monitore - (Schwarz) - Markt-XXL\" \/>\n<meta property=\"og:description\" content=\"Markt-XXL Vari Pro Plus 48 H\u00f6henverstellbarer Stehpultkonverter - Stehpult f\u00fcr Zwei Monitore - (Schwarz)\" \/>\n<meta property=\"og:url\" content=\"https:\/\/marktxxl.de\/markt\/produkt\/pro-plus-48-von-vari-hoehenverstellbarer-stehpultkonverter-stehpult-fuer-zwei-monitore-schwarz\/\" \/>\n<meta property=\"og:site_name\" content=\"Markt-XXL\" \/>\n<meta property=\"article:modified_time\" content=\"2023-04-11T01:07:11+00:00\" \/>\n<meta property=\"og:image\" content=\"https:\/\/m.media-amazon.com\/images\/I\/41oOz8w2OYL._SL500_.jpg\" \/>\n\t<meta property=\"og:image:width\" content=\"500\" \/>\n\t<meta property=\"og:image:height\" content=\"500\" \/>\n\t<meta property=\"og:image:type\" content=\"image\/jpeg\" \/>\n<meta name=\"twitter:card\" content=\"summary_large_image\" \/>\n<meta name=\"twitter:label1\" content=\"Gesch\u00e4tzte Lesezeit\" \/>\n\t<meta name=\"twitter:data1\" content=\"1\u00a0Minute\" \/>\n<script type=\"application\/ld+json\" class=\"yoast-schema-graph\">{\"@context\":\"https:\\\/\\\/schema.org\",\"@graph\":[{\"@type\":\"WebPage\",\"@id\":\"https:\\\/\\\/marktxxl.de\\\/markt\\\/produkt\\\/pro-plus-48-von-vari-hoehenverstellbarer-stehpultkonverter-stehpult-fuer-zwei-monitore-schwarz\\\/\",\"url\":\"https:\\\/\\\/marktxxl.de\\\/markt\\\/produkt\\\/pro-plus-48-von-vari-hoehenverstellbarer-stehpultkonverter-stehpult-fuer-zwei-monitore-schwarz\\\/\",\"name\":\"Vari Pro Plus 48 H\u00f6henverstellbarer Stehpultkonverter - Stehpult f\u00fcr Zwei Monitore - (Schwarz) - Markt-XXL\",\"isPartOf\":{\"@id\":\"https:\\\/\\\/marktxxl.de\\\/markt\\\/#website\"},\"primaryImageOfPage\":{\"@id\":\"https:\\\/\\\/marktxxl.de\\\/markt\\\/produkt\\\/pro-plus-48-von-vari-hoehenverstellbarer-stehpultkonverter-stehpult-fuer-zwei-monitore-schwarz\\\/#primaryimage\"},\"image\":{\"@id\":\"https:\\\/\\\/marktxxl.de\\\/markt\\\/produkt\\\/pro-plus-48-von-vari-hoehenverstellbarer-stehpultkonverter-stehpult-fuer-zwei-monitore-schwarz\\\/#primaryimage\"},\"thumbnailUrl\":\"https:\\\/\\\/m.media-amazon.com\\\/images\\\/I\\\/41oOz8w2OYL._SL500_.jpg\",\"datePublished\":\"2021-12-28T16:21:39+00:00\",\"dateModified\":\"2023-04-11T01:07:11+00:00\",\"description\":\"Markt-XXL Vari Pro Plus 48 H\u00f6henverstellbarer Stehpultkonverter - Stehpult f\u00fcr Zwei Monitore - (Schwarz)\",\"breadcrumb\":{\"@id\":\"https:\\\/\\\/marktxxl.de\\\/markt\\\/produkt\\\/pro-plus-48-von-vari-hoehenverstellbarer-stehpultkonverter-stehpult-fuer-zwei-monitore-schwarz\\\/#breadcrumb\"},\"inLanguage\":\"de\",\"potentialAction\":[{\"@type\":\"ReadAction\",\"target\":[\"https:\\\/\\\/marktxxl.de\\\/markt\\\/produkt\\\/pro-plus-48-von-vari-hoehenverstellbarer-stehpultkonverter-stehpult-fuer-zwei-monitore-schwarz\\\/\"]}]},{\"@type\":\"ImageObject\",\"inLanguage\":\"de\",\"@id\":\"https:\\\/\\\/marktxxl.de\\\/markt\\\/produkt\\\/pro-plus-48-von-vari-hoehenverstellbarer-stehpultkonverter-stehpult-fuer-zwei-monitore-schwarz\\\/#primaryimage\",\"url\":\"https:\\\/\\\/m.media-amazon.com\\\/images\\\/I\\\/41oOz8w2OYL._SL500_.jpg\",\"contentUrl\":\"https:\\\/\\\/m.media-amazon.com\\\/images\\\/I\\\/41oOz8w2OYL._SL500_.jpg\",\"width\":500,\"height\":500},{\"@type\":\"BreadcrumbList\",\"@id\":\"https:\\\/\\\/marktxxl.de\\\/markt\\\/produkt\\\/pro-plus-48-von-vari-hoehenverstellbarer-stehpultkonverter-stehpult-fuer-zwei-monitore-schwarz\\\/#breadcrumb\",\"itemListElement\":[{\"@type\":\"ListItem\",\"position\":1,\"name\":\"Startseite\",\"item\":\"https:\\\/\\\/marktxxl.de\\\/markt\\\/\"},{\"@type\":\"ListItem\",\"position\":2,\"name\":\"Markt\",\"item\":\"https:\\\/\\\/marktxxl.de\\\/markt\\\/\"},{\"@type\":\"ListItem\",\"position\":3,\"name\":\"Vari Pro Plus 48 H\u00f6henverstellbarer Stehpultkonverter &#8211; Stehpult f\u00fcr Zwei Monitore &#8211; (Schwarz)\"}]},{\"@type\":\"WebSite\",\"@id\":\"https:\\\/\\\/marktxxl.de\\\/markt\\\/#website\",\"url\":\"https:\\\/\\\/marktxxl.de\\\/markt\\\/\",\"name\":\"Markt-XXL\",\"description\":\"Ihr Markt Online\",\"publisher\":{\"@id\":\"https:\\\/\\\/marktxxl.de\\\/markt\\\/#organization\"},\"potentialAction\":[{\"@type\":\"SearchAction\",\"target\":{\"@type\":\"EntryPoint\",\"urlTemplate\":\"https:\\\/\\\/marktxxl.de\\\/markt\\\/?s={search_term_string}\"},\"query-input\":{\"@type\":\"PropertyValueSpecification\",\"valueRequired\":true,\"valueName\":\"search_term_string\"}}],\"inLanguage\":\"de\"},{\"@type\":\"Organization\",\"@id\":\"https:\\\/\\\/marktxxl.de\\\/markt\\\/#organization\",\"name\":\"Markt-XXL\",\"url\":\"https:\\\/\\\/marktxxl.de\\\/markt\\\/\",\"logo\":{\"@type\":\"ImageObject\",\"inLanguage\":\"de\",\"@id\":\"https:\\\/\\\/marktxxl.de\\\/markt\\\/#\\\/schema\\\/logo\\\/image\\\/\",\"url\":\"https:\\\/\\\/marktxxl.de\\\/markt\\\/wp-content\\\/uploads\\\/sites\\\/3\\\/2020\\\/12\\\/logo.png\",\"contentUrl\":\"https:\\\/\\\/marktxxl.de\\\/markt\\\/wp-content\\\/uploads\\\/sites\\\/3\\\/2020\\\/12\\\/logo.png\",\"width\":200,\"height\":70,\"caption\":\"Markt-XXL\"},\"image\":{\"@id\":\"https:\\\/\\\/marktxxl.de\\\/markt\\\/#\\\/schema\\\/logo\\\/image\\\/\"}}]}<\/script>\n<!-- \/ Yoast SEO plugin. -->","yoast_head_json":{"title":"Vari Pro Plus 48 H\u00f6henverstellbarer Stehpultkonverter - Stehpult f\u00fcr Zwei Monitore - (Schwarz) - Markt-XXL","description":"Markt-XXL Vari Pro Plus 48 H\u00f6henverstellbarer Stehpultkonverter - Stehpult f\u00fcr Zwei Monitore - (Schwarz)","robots":{"index":"index","follow":"follow","max-snippet":"max-snippet:-1","max-image-preview":"max-image-preview:large","max-video-preview":"max-video-preview:-1"},"canonical":"https:\/\/marktxxl.de\/markt\/produkt\/pro-plus-48-von-vari-hoehenverstellbarer-stehpultkonverter-stehpult-fuer-zwei-monitore-schwarz\/","og_locale":"de_DE","og_type":"article","og_title":"Vari Pro Plus 48 H\u00f6henverstellbarer Stehpultkonverter - Stehpult f\u00fcr Zwei Monitore - (Schwarz) - Markt-XXL","og_description":"Markt-XXL Vari Pro Plus 48 H\u00f6henverstellbarer Stehpultkonverter - Stehpult f\u00fcr Zwei Monitore - (Schwarz)","og_url":"https:\/\/marktxxl.de\/markt\/produkt\/pro-plus-48-von-vari-hoehenverstellbarer-stehpultkonverter-stehpult-fuer-zwei-monitore-schwarz\/","og_site_name":"Markt-XXL","article_modified_time":"2023-04-11T01:07:11+00:00","og_image":[{"width":500,"height":500,"url":"https:\/\/m.media-amazon.com\/images\/I\/41oOz8w2OYL._SL500_.jpg","type":"image\/jpeg"}],"twitter_card":"summary_large_image","twitter_misc":{"Gesch\u00e4tzte Lesezeit":"1\u00a0Minute"},"schema":{"@context":"https:\/\/schema.org","@graph":[{"@type":"WebPage","@id":"https:\/\/marktxxl.de\/markt\/produkt\/pro-plus-48-von-vari-hoehenverstellbarer-stehpultkonverter-stehpult-fuer-zwei-monitore-schwarz\/","url":"https:\/\/marktxxl.de\/markt\/produkt\/pro-plus-48-von-vari-hoehenverstellbarer-stehpultkonverter-stehpult-fuer-zwei-monitore-schwarz\/","name":"Vari Pro Plus 48 H\u00f6henverstellbarer Stehpultkonverter - Stehpult f\u00fcr Zwei Monitore - (Schwarz) - Markt-XXL","isPartOf":{"@id":"https:\/\/marktxxl.de\/markt\/#website"},"primaryImageOfPage":{"@id":"https:\/\/marktxxl.de\/markt\/produkt\/pro-plus-48-von-vari-hoehenverstellbarer-stehpultkonverter-stehpult-fuer-zwei-monitore-schwarz\/#primaryimage"},"image":{"@id":"https:\/\/marktxxl.de\/markt\/produkt\/pro-plus-48-von-vari-hoehenverstellbarer-stehpultkonverter-stehpult-fuer-zwei-monitore-schwarz\/#primaryimage"},"thumbnailUrl":"https:\/\/m.media-amazon.com\/images\/I\/41oOz8w2OYL._SL500_.jpg","datePublished":"2021-12-28T16:21:39+00:00","dateModified":"2023-04-11T01:07:11+00:00","description":"Markt-XXL Vari Pro Plus 48 H\u00f6henverstellbarer Stehpultkonverter - Stehpult f\u00fcr Zwei Monitore - (Schwarz)","breadcrumb":{"@id":"https:\/\/marktxxl.de\/markt\/produkt\/pro-plus-48-von-vari-hoehenverstellbarer-stehpultkonverter-stehpult-fuer-zwei-monitore-schwarz\/#breadcrumb"},"inLanguage":"de","potentialAction":[{"@type":"ReadAction","target":["https:\/\/marktxxl.de\/markt\/produkt\/pro-plus-48-von-vari-hoehenverstellbarer-stehpultkonverter-stehpult-fuer-zwei-monitore-schwarz\/"]}]},{"@type":"ImageObject","inLanguage":"de","@id":"https:\/\/marktxxl.de\/markt\/produkt\/pro-plus-48-von-vari-hoehenverstellbarer-stehpultkonverter-stehpult-fuer-zwei-monitore-schwarz\/#primaryimage","url":"https:\/\/m.media-amazon.com\/images\/I\/41oOz8w2OYL._SL500_.jpg","contentUrl":"https:\/\/m.media-amazon.com\/images\/I\/41oOz8w2OYL._SL500_.jpg","width":500,"height":500},{"@type":"BreadcrumbList","@id":"https:\/\/marktxxl.de\/markt\/produkt\/pro-plus-48-von-vari-hoehenverstellbarer-stehpultkonverter-stehpult-fuer-zwei-monitore-schwarz\/#breadcrumb","itemListElement":[{"@type":"ListItem","position":1,"name":"Startseite","item":"https:\/\/marktxxl.de\/markt\/"},{"@type":"ListItem","position":2,"name":"Markt","item":"https:\/\/marktxxl.de\/markt\/"},{"@type":"ListItem","position":3,"name":"Vari Pro Plus 48 H\u00f6henverstellbarer Stehpultkonverter &#8211; Stehpult f\u00fcr Zwei Monitore &#8211; (Schwarz)"}]},{"@type":"WebSite","@id":"https:\/\/marktxxl.de\/markt\/#website","url":"https:\/\/marktxxl.de\/markt\/","name":"Markt-XXL","description":"Ihr Markt Online","publisher":{"@id":"https:\/\/marktxxl.de\/markt\/#organization"},"potentialAction":[{"@type":"SearchAction","target":{"@type":"EntryPoint","urlTemplate":"https:\/\/marktxxl.de\/markt\/?s={search_term_string}"},"query-input":{"@type":"PropertyValueSpecification","valueRequired":true,"valueName":"search_term_string"}}],"inLanguage":"de"},{"@type":"Organization","@id":"https:\/\/marktxxl.de\/markt\/#organization","name":"Markt-XXL","url":"https:\/\/marktxxl.de\/markt\/","logo":{"@type":"ImageObject","inLanguage":"de","@id":"https:\/\/marktxxl.de\/markt\/#\/schema\/logo\/image\/","url":"https:\/\/marktxxl.de\/markt\/wp-content\/uploads\/sites\/3\/2020\/12\/logo.png","contentUrl":"https:\/\/marktxxl.de\/markt\/wp-content\/uploads\/sites\/3\/2020\/12\/logo.png","width":200,"height":70,"caption":"Markt-XXL"},"image":{"@id":"https:\/\/marktxxl.de\/markt\/#\/schema\/logo\/image\/"}}]}},"_links":{"self":[{"href":"https:\/\/marktxxl.de\/markt\/wp-json\/wp\/v2\/product\/87544","targetHints":{"allow":["GET"]}}],"collection":[{"href":"https:\/\/marktxxl.de\/markt\/wp-json\/wp\/v2\/product"}],"about":[{"href":"https:\/\/marktxxl.de\/markt\/wp-json\/wp\/v2\/types\/product"}],"replies":[{"embeddable":true,"href":"https:\/\/marktxxl.de\/markt\/wp-json\/wp\/v2\/comments?post=87544"}],"wp:featuredmedia":[{"embeddable":true,"href":"https:\/\/marktxxl.de\/markt\/wp-json\/wp\/v2\/media\/87545"}],"wp:attachment":[{"href":"https:\/\/marktxxl.de\/markt\/wp-json\/wp\/v2\/media?parent=87544"}],"wp:term":[{"taxonomy":"product_brand","embeddable":true,"href":"https:\/\/marktxxl.de\/markt\/wp-json\/wp\/v2\/product_brand?post=87544"},{"taxonomy":"product_cat","embeddable":true,"href":"https:\/\/marktxxl.de\/markt\/wp-json\/wp\/v2\/product_cat?post=87544"},{"taxonomy":"product_tag","embeddable":true,"href":"https:\/\/marktxxl.de\/markt\/wp-json\/wp\/v2\/product_tag?post=87544"}],"curies":[{"name":"wp","href":"https:\/\/api.w.org\/{rel}","templated":true}]}}