{"id":87383,"date":"2021-12-28T17:12:32","date_gmt":"2021-12-28T16:12:32","guid":{"rendered":"https:\/\/marktxxl.de\/markt\/produkt\/mooho-wiederaufbereitet-hp-302-xl-druckerpatronen-302xl-tintenpatronen-ersatz-fuer-hp-officejet-3831-5230-5220-3833-4650-3830-envy-4525-4520-4524-deskjet-3630-3636-1110-2130-1-schwarz-1-tri-colour\/"},"modified":"2023-04-09T02:40:22","modified_gmt":"2023-04-09T00:40:22","slug":"mooho-wiederaufbereitet-hp-302-xl-druckerpatronen-302xl-tintenpatronen-ersatz-fuer-hp-officejet-3831-5230-5220-3833-4650-3830-envy-4525-4520-4524-deskjet-3630-3636-1110-2130-1-schwarz-1-tri-colour","status":"publish","type":"product","link":"https:\/\/marktxxl.de\/markt\/produkt\/mooho-wiederaufbereitet-hp-302-xl-druckerpatronen-302xl-tintenpatronen-ersatz-fuer-hp-officejet-3831-5230-5220-3833-4650-3830-envy-4525-4520-4524-deskjet-3630-3636-1110-2130-1-schwarz-1-tri-colour\/","title":{"rendered":"Mooho 302XL 302 XL Wiederaufbereitet HP 302 Druckerpatronen Ersatz f\u00fcr HP Envy 4525 Druckerpatronen Envy 4520 4523\u2026"},"content":{"rendered":"<p>Patrone Modell: Wiederaufbereitete druckerpatronen hp 302 hp-302xl Tintenpatronen (nicht original)<br \/>\nPackungsinhalt: 2-Pack, 1 hp 302 Schwarz und 1 hp 302 Dreifarbig (Kombipackung aus F6U67AE Tinte und F6U68AE Tinte)<br \/>\nKompatible Druckermodelle: HP Deskjet 1110 1111 1112 2130 2131 2132 2133 2134 2136 2138 3630 3632 3634 3636 3637 3638 3639; HP Envy 4510 4511 4512 4513 4516 4517 4520 4521 4522 4523 4524 4525 4526 4527 4528; HP OfficeJet 3830 3831 3832 3833 3834 4650 4652 4654 4655 5220 5230 5252 5255 5258 5264 drucker<br \/>\nGesch\u00e4tzte Seitenleistung: Schwarz 480 Seiten, Farbe 330 Seiten pro 302 patrone (bei 5 Prozent Deckung auf A4-Papier)<br \/>\nVorteile: Der intelligente Chip der wiederaufbereiteten Patronen von MOOHO \u00fcberwacht den Tintenstand genau und gew\u00e4hrleistet gleichzeitig die volle Kompatibilit\u00e4t der Patrone mit Ihrem Drucker<br \/>\n<div class=\"main-cross-sell\" data-asin=\"B09G2VLC47\">\n\n\t<div class=\"WooZone-cross-sell-loader\">\n\t\t<div>\n\t\t\t<div id=\"floatingBarsG\">\n\t\t\t\t<div class=\"blockG\" id=\"rotateG_01\"><\/div>\n\t\t\t\t<div class=\"blockG\" id=\"rotateG_02\"><\/div>\n\t\t\t\t<div class=\"blockG\" id=\"rotateG_03\"><\/div>\n\t\t\t\t<div class=\"blockG\" id=\"rotateG_04\"><\/div>\n\t\t\t\t<div class=\"blockG\" id=\"rotateG_05\"><\/div>\n\t\t\t\t<div class=\"blockG\" id=\"rotateG_06\"><\/div>\n\t\t\t\t<div class=\"blockG\" id=\"rotateG_07\"><\/div>\n\t\t\t\t<div class=\"blockG\" id=\"rotateG_08\"><\/div>\n\t\t\t<\/div>\n\t\t\t<div class=\"WooZone-cross-sell-loader-text\"><\/div>\n\t\t<\/div>\n\t<\/div>\n\n\t\t\n<\/div>\n<div style=\"clear:both;\"><\/div><\/p>\n","protected":false},"excerpt":{"rendered":"<p>Patrone Modell: Wiederaufbereitete druckerpatronen hp 302 hp-302xl Tintenpatronen (nicht original)<br \/>\nPackungsinhalt: 2-Pack, 1 hp 302 Schwarz und 1 hp 302 Dreifarbig (Kombipackung aus F6U67AE Tinte und F6U68AE Tinte)<br \/>\nKompatible Druckermodelle: HP Deskjet 1110 1111 1112 2130 2131 2132 2133 2134 2136 2138 3630 3632 3634 3636 3637 3638 3639; HP Envy 4510 4511 4512 4513 4516 4517 4520 4521 4522 4523 4524 4525 4526 4527 4528; HP OfficeJet 3830 3831 3832 3833 3834 4650 4652 4654 4655 5220 5230 5252 5255 5258 5264 drucker<\/p>\n","protected":false},"featured_media":87384,"comment_status":"open","ping_status":"closed","template":"","meta":[],"product_brand":[],"product_cat":[504,8208],"product_tag":[],"class_list":{"0":"post-87383","1":"product","2":"type-product","3":"status-publish","4":"has-post-thumbnail","6":"product_cat-buerobedarf-schreibwaren","7":"product_cat-bueroelektronik","8":"pa_brand-mooho","9":"pa_color-schwarz","10":"pa_manufacturer-mooho-nicht-oem-hp","11":"pa_model-encre-hp-302","13":"first","14":"instock","15":"shipping-taxable","16":"purchasable","17":"product-type-simple","18":"customify-col","19":"product-has-gallery"},"yoast_head":"<!-- This site is optimized with the Yoast SEO plugin v27.4 - https:\/\/yoast.com\/product\/yoast-seo-wordpress\/ -->\n<title>Mooho 302XL 302 XL Wiederaufbereitet HP 302 Druckerpatronen Ersatz f\u00fcr HP Envy 4525 Druckerpatronen Envy 4520 4523\u2026 - Markt-XXL<\/title>\n<meta name=\"description\" content=\"Markt-XXL Mooho 302XL 302 XL Wiederaufbereitet HP 302 Druckerpatronen Ersatz f\u00fcr HP Envy 4525 Druckerpatronen Envy 4520 4523\u2026\" \/>\n<meta name=\"robots\" content=\"index, follow, max-snippet:-1, max-image-preview:large, max-video-preview:-1\" \/>\n<link rel=\"canonical\" href=\"https:\/\/marktxxl.de\/markt\/produkt\/mooho-wiederaufbereitet-hp-302-xl-druckerpatronen-302xl-tintenpatronen-ersatz-fuer-hp-officejet-3831-5230-5220-3833-4650-3830-envy-4525-4520-4524-deskjet-3630-3636-1110-2130-1-schwarz-1-tri-colour\/\" \/>\n<meta property=\"og:locale\" content=\"de_DE\" \/>\n<meta property=\"og:type\" content=\"article\" \/>\n<meta property=\"og:title\" content=\"Mooho 302XL 302 XL Wiederaufbereitet HP 302 Druckerpatronen Ersatz f\u00fcr HP Envy 4525 Druckerpatronen Envy 4520 4523\u2026 - Markt-XXL\" \/>\n<meta property=\"og:description\" content=\"Markt-XXL Mooho 302XL 302 XL Wiederaufbereitet HP 302 Druckerpatronen Ersatz f\u00fcr HP Envy 4525 Druckerpatronen Envy 4520 4523\u2026\" \/>\n<meta property=\"og:url\" content=\"https:\/\/marktxxl.de\/markt\/produkt\/mooho-wiederaufbereitet-hp-302-xl-druckerpatronen-302xl-tintenpatronen-ersatz-fuer-hp-officejet-3831-5230-5220-3833-4650-3830-envy-4525-4520-4524-deskjet-3630-3636-1110-2130-1-schwarz-1-tri-colour\/\" \/>\n<meta property=\"og:site_name\" content=\"Markt-XXL\" \/>\n<meta property=\"article:modified_time\" content=\"2023-04-09T00:40:22+00:00\" \/>\n<meta property=\"og:image\" content=\"https:\/\/m.media-amazon.com\/images\/I\/51-gIOaZo+L._SL500_.jpg\" \/>\n\t<meta property=\"og:image:width\" content=\"500\" \/>\n\t<meta property=\"og:image:height\" content=\"500\" \/>\n\t<meta property=\"og:image:type\" content=\"image\/jpeg\" \/>\n<meta name=\"twitter:card\" content=\"summary_large_image\" \/>\n<script type=\"application\/ld+json\" class=\"yoast-schema-graph\">{\"@context\":\"https:\\\/\\\/schema.org\",\"@graph\":[{\"@type\":\"WebPage\",\"@id\":\"https:\\\/\\\/marktxxl.de\\\/markt\\\/produkt\\\/mooho-wiederaufbereitet-hp-302-xl-druckerpatronen-302xl-tintenpatronen-ersatz-fuer-hp-officejet-3831-5230-5220-3833-4650-3830-envy-4525-4520-4524-deskjet-3630-3636-1110-2130-1-schwarz-1-tri-colour\\\/\",\"url\":\"https:\\\/\\\/marktxxl.de\\\/markt\\\/produkt\\\/mooho-wiederaufbereitet-hp-302-xl-druckerpatronen-302xl-tintenpatronen-ersatz-fuer-hp-officejet-3831-5230-5220-3833-4650-3830-envy-4525-4520-4524-deskjet-3630-3636-1110-2130-1-schwarz-1-tri-colour\\\/\",\"name\":\"Mooho 302XL 302 XL Wiederaufbereitet HP 302 Druckerpatronen Ersatz f\u00fcr HP Envy 4525 Druckerpatronen Envy 4520 4523\u2026 - Markt-XXL\",\"isPartOf\":{\"@id\":\"https:\\\/\\\/marktxxl.de\\\/markt\\\/#website\"},\"primaryImageOfPage\":{\"@id\":\"https:\\\/\\\/marktxxl.de\\\/markt\\\/produkt\\\/mooho-wiederaufbereitet-hp-302-xl-druckerpatronen-302xl-tintenpatronen-ersatz-fuer-hp-officejet-3831-5230-5220-3833-4650-3830-envy-4525-4520-4524-deskjet-3630-3636-1110-2130-1-schwarz-1-tri-colour\\\/#primaryimage\"},\"image\":{\"@id\":\"https:\\\/\\\/marktxxl.de\\\/markt\\\/produkt\\\/mooho-wiederaufbereitet-hp-302-xl-druckerpatronen-302xl-tintenpatronen-ersatz-fuer-hp-officejet-3831-5230-5220-3833-4650-3830-envy-4525-4520-4524-deskjet-3630-3636-1110-2130-1-schwarz-1-tri-colour\\\/#primaryimage\"},\"thumbnailUrl\":\"https:\\\/\\\/m.media-amazon.com\\\/images\\\/I\\\/51-gIOaZo+L._SL500_.jpg\",\"datePublished\":\"2021-12-28T16:12:32+00:00\",\"dateModified\":\"2023-04-09T00:40:22+00:00\",\"description\":\"Markt-XXL Mooho 302XL 302 XL Wiederaufbereitet HP 302 Druckerpatronen Ersatz f\u00fcr HP Envy 4525 Druckerpatronen Envy 4520 4523\u2026\",\"breadcrumb\":{\"@id\":\"https:\\\/\\\/marktxxl.de\\\/markt\\\/produkt\\\/mooho-wiederaufbereitet-hp-302-xl-druckerpatronen-302xl-tintenpatronen-ersatz-fuer-hp-officejet-3831-5230-5220-3833-4650-3830-envy-4525-4520-4524-deskjet-3630-3636-1110-2130-1-schwarz-1-tri-colour\\\/#breadcrumb\"},\"inLanguage\":\"de\",\"potentialAction\":[{\"@type\":\"ReadAction\",\"target\":[\"https:\\\/\\\/marktxxl.de\\\/markt\\\/produkt\\\/mooho-wiederaufbereitet-hp-302-xl-druckerpatronen-302xl-tintenpatronen-ersatz-fuer-hp-officejet-3831-5230-5220-3833-4650-3830-envy-4525-4520-4524-deskjet-3630-3636-1110-2130-1-schwarz-1-tri-colour\\\/\"]}]},{\"@type\":\"ImageObject\",\"inLanguage\":\"de\",\"@id\":\"https:\\\/\\\/marktxxl.de\\\/markt\\\/produkt\\\/mooho-wiederaufbereitet-hp-302-xl-druckerpatronen-302xl-tintenpatronen-ersatz-fuer-hp-officejet-3831-5230-5220-3833-4650-3830-envy-4525-4520-4524-deskjet-3630-3636-1110-2130-1-schwarz-1-tri-colour\\\/#primaryimage\",\"url\":\"https:\\\/\\\/m.media-amazon.com\\\/images\\\/I\\\/51-gIOaZo+L._SL500_.jpg\",\"contentUrl\":\"https:\\\/\\\/m.media-amazon.com\\\/images\\\/I\\\/51-gIOaZo+L._SL500_.jpg\",\"width\":500,\"height\":500},{\"@type\":\"BreadcrumbList\",\"@id\":\"https:\\\/\\\/marktxxl.de\\\/markt\\\/produkt\\\/mooho-wiederaufbereitet-hp-302-xl-druckerpatronen-302xl-tintenpatronen-ersatz-fuer-hp-officejet-3831-5230-5220-3833-4650-3830-envy-4525-4520-4524-deskjet-3630-3636-1110-2130-1-schwarz-1-tri-colour\\\/#breadcrumb\",\"itemListElement\":[{\"@type\":\"ListItem\",\"position\":1,\"name\":\"Startseite\",\"item\":\"https:\\\/\\\/marktxxl.de\\\/markt\\\/\"},{\"@type\":\"ListItem\",\"position\":2,\"name\":\"Markt\",\"item\":\"https:\\\/\\\/marktxxl.de\\\/markt\\\/\"},{\"@type\":\"ListItem\",\"position\":3,\"name\":\"Mooho 302XL 302 XL Wiederaufbereitet HP 302 Druckerpatronen Ersatz f\u00fcr HP Envy 4525 Druckerpatronen Envy 4520 4523\u2026\"}]},{\"@type\":\"WebSite\",\"@id\":\"https:\\\/\\\/marktxxl.de\\\/markt\\\/#website\",\"url\":\"https:\\\/\\\/marktxxl.de\\\/markt\\\/\",\"name\":\"Markt-XXL\",\"description\":\"Ihr Markt Online\",\"publisher\":{\"@id\":\"https:\\\/\\\/marktxxl.de\\\/markt\\\/#organization\"},\"potentialAction\":[{\"@type\":\"SearchAction\",\"target\":{\"@type\":\"EntryPoint\",\"urlTemplate\":\"https:\\\/\\\/marktxxl.de\\\/markt\\\/?s={search_term_string}\"},\"query-input\":{\"@type\":\"PropertyValueSpecification\",\"valueRequired\":true,\"valueName\":\"search_term_string\"}}],\"inLanguage\":\"de\"},{\"@type\":\"Organization\",\"@id\":\"https:\\\/\\\/marktxxl.de\\\/markt\\\/#organization\",\"name\":\"Markt-XXL\",\"url\":\"https:\\\/\\\/marktxxl.de\\\/markt\\\/\",\"logo\":{\"@type\":\"ImageObject\",\"inLanguage\":\"de\",\"@id\":\"https:\\\/\\\/marktxxl.de\\\/markt\\\/#\\\/schema\\\/logo\\\/image\\\/\",\"url\":\"https:\\\/\\\/marktxxl.de\\\/markt\\\/wp-content\\\/uploads\\\/sites\\\/3\\\/2020\\\/12\\\/logo.png\",\"contentUrl\":\"https:\\\/\\\/marktxxl.de\\\/markt\\\/wp-content\\\/uploads\\\/sites\\\/3\\\/2020\\\/12\\\/logo.png\",\"width\":200,\"height\":70,\"caption\":\"Markt-XXL\"},\"image\":{\"@id\":\"https:\\\/\\\/marktxxl.de\\\/markt\\\/#\\\/schema\\\/logo\\\/image\\\/\"}}]}<\/script>\n<!-- \/ Yoast SEO plugin. -->","yoast_head_json":{"title":"Mooho 302XL 302 XL Wiederaufbereitet HP 302 Druckerpatronen Ersatz f\u00fcr HP Envy 4525 Druckerpatronen Envy 4520 4523\u2026 - Markt-XXL","description":"Markt-XXL Mooho 302XL 302 XL Wiederaufbereitet HP 302 Druckerpatronen Ersatz f\u00fcr HP Envy 4525 Druckerpatronen Envy 4520 4523\u2026","robots":{"index":"index","follow":"follow","max-snippet":"max-snippet:-1","max-image-preview":"max-image-preview:large","max-video-preview":"max-video-preview:-1"},"canonical":"https:\/\/marktxxl.de\/markt\/produkt\/mooho-wiederaufbereitet-hp-302-xl-druckerpatronen-302xl-tintenpatronen-ersatz-fuer-hp-officejet-3831-5230-5220-3833-4650-3830-envy-4525-4520-4524-deskjet-3630-3636-1110-2130-1-schwarz-1-tri-colour\/","og_locale":"de_DE","og_type":"article","og_title":"Mooho 302XL 302 XL Wiederaufbereitet HP 302 Druckerpatronen Ersatz f\u00fcr HP Envy 4525 Druckerpatronen Envy 4520 4523\u2026 - Markt-XXL","og_description":"Markt-XXL Mooho 302XL 302 XL Wiederaufbereitet HP 302 Druckerpatronen Ersatz f\u00fcr HP Envy 4525 Druckerpatronen Envy 4520 4523\u2026","og_url":"https:\/\/marktxxl.de\/markt\/produkt\/mooho-wiederaufbereitet-hp-302-xl-druckerpatronen-302xl-tintenpatronen-ersatz-fuer-hp-officejet-3831-5230-5220-3833-4650-3830-envy-4525-4520-4524-deskjet-3630-3636-1110-2130-1-schwarz-1-tri-colour\/","og_site_name":"Markt-XXL","article_modified_time":"2023-04-09T00:40:22+00:00","og_image":[{"width":500,"height":500,"url":"https:\/\/m.media-amazon.com\/images\/I\/51-gIOaZo+L._SL500_.jpg","type":"image\/jpeg"}],"twitter_card":"summary_large_image","schema":{"@context":"https:\/\/schema.org","@graph":[{"@type":"WebPage","@id":"https:\/\/marktxxl.de\/markt\/produkt\/mooho-wiederaufbereitet-hp-302-xl-druckerpatronen-302xl-tintenpatronen-ersatz-fuer-hp-officejet-3831-5230-5220-3833-4650-3830-envy-4525-4520-4524-deskjet-3630-3636-1110-2130-1-schwarz-1-tri-colour\/","url":"https:\/\/marktxxl.de\/markt\/produkt\/mooho-wiederaufbereitet-hp-302-xl-druckerpatronen-302xl-tintenpatronen-ersatz-fuer-hp-officejet-3831-5230-5220-3833-4650-3830-envy-4525-4520-4524-deskjet-3630-3636-1110-2130-1-schwarz-1-tri-colour\/","name":"Mooho 302XL 302 XL Wiederaufbereitet HP 302 Druckerpatronen Ersatz f\u00fcr HP Envy 4525 Druckerpatronen Envy 4520 4523\u2026 - Markt-XXL","isPartOf":{"@id":"https:\/\/marktxxl.de\/markt\/#website"},"primaryImageOfPage":{"@id":"https:\/\/marktxxl.de\/markt\/produkt\/mooho-wiederaufbereitet-hp-302-xl-druckerpatronen-302xl-tintenpatronen-ersatz-fuer-hp-officejet-3831-5230-5220-3833-4650-3830-envy-4525-4520-4524-deskjet-3630-3636-1110-2130-1-schwarz-1-tri-colour\/#primaryimage"},"image":{"@id":"https:\/\/marktxxl.de\/markt\/produkt\/mooho-wiederaufbereitet-hp-302-xl-druckerpatronen-302xl-tintenpatronen-ersatz-fuer-hp-officejet-3831-5230-5220-3833-4650-3830-envy-4525-4520-4524-deskjet-3630-3636-1110-2130-1-schwarz-1-tri-colour\/#primaryimage"},"thumbnailUrl":"https:\/\/m.media-amazon.com\/images\/I\/51-gIOaZo+L._SL500_.jpg","datePublished":"2021-12-28T16:12:32+00:00","dateModified":"2023-04-09T00:40:22+00:00","description":"Markt-XXL Mooho 302XL 302 XL Wiederaufbereitet HP 302 Druckerpatronen Ersatz f\u00fcr HP Envy 4525 Druckerpatronen Envy 4520 4523\u2026","breadcrumb":{"@id":"https:\/\/marktxxl.de\/markt\/produkt\/mooho-wiederaufbereitet-hp-302-xl-druckerpatronen-302xl-tintenpatronen-ersatz-fuer-hp-officejet-3831-5230-5220-3833-4650-3830-envy-4525-4520-4524-deskjet-3630-3636-1110-2130-1-schwarz-1-tri-colour\/#breadcrumb"},"inLanguage":"de","potentialAction":[{"@type":"ReadAction","target":["https:\/\/marktxxl.de\/markt\/produkt\/mooho-wiederaufbereitet-hp-302-xl-druckerpatronen-302xl-tintenpatronen-ersatz-fuer-hp-officejet-3831-5230-5220-3833-4650-3830-envy-4525-4520-4524-deskjet-3630-3636-1110-2130-1-schwarz-1-tri-colour\/"]}]},{"@type":"ImageObject","inLanguage":"de","@id":"https:\/\/marktxxl.de\/markt\/produkt\/mooho-wiederaufbereitet-hp-302-xl-druckerpatronen-302xl-tintenpatronen-ersatz-fuer-hp-officejet-3831-5230-5220-3833-4650-3830-envy-4525-4520-4524-deskjet-3630-3636-1110-2130-1-schwarz-1-tri-colour\/#primaryimage","url":"https:\/\/m.media-amazon.com\/images\/I\/51-gIOaZo+L._SL500_.jpg","contentUrl":"https:\/\/m.media-amazon.com\/images\/I\/51-gIOaZo+L._SL500_.jpg","width":500,"height":500},{"@type":"BreadcrumbList","@id":"https:\/\/marktxxl.de\/markt\/produkt\/mooho-wiederaufbereitet-hp-302-xl-druckerpatronen-302xl-tintenpatronen-ersatz-fuer-hp-officejet-3831-5230-5220-3833-4650-3830-envy-4525-4520-4524-deskjet-3630-3636-1110-2130-1-schwarz-1-tri-colour\/#breadcrumb","itemListElement":[{"@type":"ListItem","position":1,"name":"Startseite","item":"https:\/\/marktxxl.de\/markt\/"},{"@type":"ListItem","position":2,"name":"Markt","item":"https:\/\/marktxxl.de\/markt\/"},{"@type":"ListItem","position":3,"name":"Mooho 302XL 302 XL Wiederaufbereitet HP 302 Druckerpatronen Ersatz f\u00fcr HP Envy 4525 Druckerpatronen Envy 4520 4523\u2026"}]},{"@type":"WebSite","@id":"https:\/\/marktxxl.de\/markt\/#website","url":"https:\/\/marktxxl.de\/markt\/","name":"Markt-XXL","description":"Ihr Markt Online","publisher":{"@id":"https:\/\/marktxxl.de\/markt\/#organization"},"potentialAction":[{"@type":"SearchAction","target":{"@type":"EntryPoint","urlTemplate":"https:\/\/marktxxl.de\/markt\/?s={search_term_string}"},"query-input":{"@type":"PropertyValueSpecification","valueRequired":true,"valueName":"search_term_string"}}],"inLanguage":"de"},{"@type":"Organization","@id":"https:\/\/marktxxl.de\/markt\/#organization","name":"Markt-XXL","url":"https:\/\/marktxxl.de\/markt\/","logo":{"@type":"ImageObject","inLanguage":"de","@id":"https:\/\/marktxxl.de\/markt\/#\/schema\/logo\/image\/","url":"https:\/\/marktxxl.de\/markt\/wp-content\/uploads\/sites\/3\/2020\/12\/logo.png","contentUrl":"https:\/\/marktxxl.de\/markt\/wp-content\/uploads\/sites\/3\/2020\/12\/logo.png","width":200,"height":70,"caption":"Markt-XXL"},"image":{"@id":"https:\/\/marktxxl.de\/markt\/#\/schema\/logo\/image\/"}}]}},"_links":{"self":[{"href":"https:\/\/marktxxl.de\/markt\/wp-json\/wp\/v2\/product\/87383","targetHints":{"allow":["GET"]}}],"collection":[{"href":"https:\/\/marktxxl.de\/markt\/wp-json\/wp\/v2\/product"}],"about":[{"href":"https:\/\/marktxxl.de\/markt\/wp-json\/wp\/v2\/types\/product"}],"replies":[{"embeddable":true,"href":"https:\/\/marktxxl.de\/markt\/wp-json\/wp\/v2\/comments?post=87383"}],"wp:featuredmedia":[{"embeddable":true,"href":"https:\/\/marktxxl.de\/markt\/wp-json\/wp\/v2\/media\/87384"}],"wp:attachment":[{"href":"https:\/\/marktxxl.de\/markt\/wp-json\/wp\/v2\/media?parent=87383"}],"wp:term":[{"taxonomy":"product_brand","embeddable":true,"href":"https:\/\/marktxxl.de\/markt\/wp-json\/wp\/v2\/product_brand?post=87383"},{"taxonomy":"product_cat","embeddable":true,"href":"https:\/\/marktxxl.de\/markt\/wp-json\/wp\/v2\/product_cat?post=87383"},{"taxonomy":"product_tag","embeddable":true,"href":"https:\/\/marktxxl.de\/markt\/wp-json\/wp\/v2\/product_tag?post=87383"}],"curies":[{"name":"wp","href":"https:\/\/api.w.org\/{rel}","templated":true}]}}