{"id":87288,"date":"2021-12-28T17:09:47","date_gmt":"2021-12-28T16:09:47","guid":{"rendered":"https:\/\/marktxxl.de\/markt\/produkt\/it-dusters-compucleaner-xpert-staubgeblaese\/"},"modified":"2023-04-09T02:40:21","modified_gmt":"2023-04-09T00:40:21","slug":"it-dusters-compucleaner-xpert-staubgeblaese","status":"publish","type":"product","link":"https:\/\/marktxxl.de\/markt\/produkt\/it-dusters-compucleaner-xpert-staubgeblaese\/","title":{"rendered":"IT Dusters CompuCleaner Xpert Elektrische Staubgebl\u00e4se Druckluftspray Staubgebl\u00e4se"},"content":{"rendered":"<p>&#8211; PROFESSIONELLE TIEFENREINIGUNG: Eingeklemmten Staub und Schmutz von PC&#8217;s, Laptops einfach wegblasen. Spielkonsolen, Tablets und Fernseher lassen sich sicher mit einem kr\u00e4ftigen Luftstrahl abblasen. Die Reinigung mit Luft erm\u00f6glicht eine effektive ber\u00fchrungslose Reinigung, um Sch\u00e4den an empfindlichen Komponenten und den Zugang zu schwer zug\u00e4nglichen Bereichen tief im Inneren des Geh\u00e4uses zu vermeiden.<br \/>\n&#8211; EINSTELLBARE XPERT POWER: Verwenden Sie den Zweiwege-Wippschalter zum nahtlosen Umschalten zwischen 2 Leistungsmodi f\u00fcr ultimative Kontrolle und Finesse. Entfesseln Sie einen st\u00fcrmischen Luftstrahl im Vollgeschwindigkeitsmodus oder verwenden Sie den Modus mit halber Leistung, um empfindlichere Anwendungen sanft zu reinigen. Mit einer nicht enden wollenden Luftzufuhr ist es ein Leichtes, den hartn\u00e4ckigsten Staub von schwer zug\u00e4nglichen und empfindlichen Anwendungen zu entfernen.<br \/>\n&#8211; ERGONOMISCH: Das leichte und robuste Design beherbergt einen Industriemotor mit 550 Watt (.0,9 PS), der nie an Druck verliert und f\u00fcr eine lange Lebensdauer ausgelegt ist. Mit einem Gewicht von nur 950 g kann der CompuCleaner Xpert im Gegensatz zu Luftkonserven in jedem beliebigen Winkel eingesetzt werden, was ihn superman\u00f6vrierf\u00e4hig macht.<br \/>\n&#8211; KOMPLETTER BAUSATZ: W\u00e4hlen Sie zwischen 3 einzigartig geformten, nicht statischen D\u00fcsenaufs\u00e4tzen f\u00fcr eine pr\u00e4zise Luftrichtung und -steuerung mit einem einfachen Klick. Verwendung in Kombination mit dem 3-teiligen ESD-B\u00fcrstenset f\u00fcr die gr\u00fcndliche Reinigung selbst der empfindlichsten Teile. Bewahren Sie den Xpert und das Zubeh\u00f6r in dem mitgelieferten Premium-Mikrofaser-Zugfadenbeutel auf.<br \/>\n&#8211; UMWELTFREUNDLICH: Die Reduzierung des Abfalls und die Maximierung des Preis-Leistungs-Verh\u00e4ltnisses war die Schl\u00fcsselphilosophie bei der Entwicklung von CompuCleaner. Indem der CompuCleaner den Bedarf an Einweg-Luftspr\u00fchdosen ersetzt, spart er Ihnen Geld und reduziert langfristig Abfall und Ausgaben drastisch. Durch die Verwendung eines leistungsstarken und dennoch energieeffizienten netzbetriebenen Elektromotors kann der CompuCleaner eine nachhaltige Hochleistungsreinigung liefern,<br \/>\n<div class=\"main-cross-sell\" data-asin=\"B01G1Z0RF0\">\n\n\t<div class=\"WooZone-cross-sell-loader\">\n\t\t<div>\n\t\t\t<div id=\"floatingBarsG\">\n\t\t\t\t<div class=\"blockG\" id=\"rotateG_01\"><\/div>\n\t\t\t\t<div class=\"blockG\" id=\"rotateG_02\"><\/div>\n\t\t\t\t<div class=\"blockG\" id=\"rotateG_03\"><\/div>\n\t\t\t\t<div class=\"blockG\" id=\"rotateG_04\"><\/div>\n\t\t\t\t<div class=\"blockG\" id=\"rotateG_05\"><\/div>\n\t\t\t\t<div class=\"blockG\" id=\"rotateG_06\"><\/div>\n\t\t\t\t<div class=\"blockG\" id=\"rotateG_07\"><\/div>\n\t\t\t\t<div class=\"blockG\" id=\"rotateG_08\"><\/div>\n\t\t\t<\/div>\n\t\t\t<div class=\"WooZone-cross-sell-loader-text\"><\/div>\n\t\t<\/div>\n\t<\/div>\n\n\t\t\n<\/div>\n<div style=\"clear:both;\"><\/div><\/p>\n","protected":false},"excerpt":{"rendered":"<p>&#8211; PROFESSIONELLE TIEFENREINIGUNG: Eingeklemmten Staub und Schmutz von PC&#8217;s, Laptops einfach wegblasen. Spielkonsolen, Tablets und Fernseher lassen sich sicher mit einem kr\u00e4ftigen Luftstrahl abblasen. Die Reinigung mit Luft erm\u00f6glicht eine effektive ber\u00fchrungslose Reinigung, um Sch\u00e4den an empfindlichen Komponenten und den Zugang zu schwer zug\u00e4nglichen Bereichen tief im Inneren des Geh\u00e4uses zu vermeiden.<br \/>\n&#8211; EINSTELLBARE XPERT POWER: Verwenden Sie den Zweiwege-Wippschalter zum nahtlosen Umschalten zwischen 2 Leistungsmodi f\u00fcr ultimative Kontrolle und Finesse. Entfesseln Sie einen st\u00fcrmischen Luftstrahl im Vollgeschwindigkeitsmodus oder verwenden Sie den Modus mit halber Leistung, um empfindlichere Anwendungen sanft zu reinigen. Mit einer nicht enden wollenden Luftzufuhr ist es ein Leichtes, den hartn\u00e4ckigsten Staub von schwer zug\u00e4nglichen und empfindlichen Anwendungen zu entfernen.<br \/>\n&#8211; ERGONOMISCH: Das leichte und robuste Design beherbergt einen Industriemotor mit 550 Watt (.0,9 PS), der nie an Druck verliert und f\u00fcr eine lange Lebensdauer ausgelegt ist. Mit einem Gewicht von nur 950 g kann der CompuCleaner Xpert im Gegensatz zu Luftkonserven in jedem beliebigen Winkel eingesetzt werden, was ihn superman\u00f6vrierf\u00e4hig macht.<\/p>\n","protected":false},"featured_media":87289,"comment_status":"open","ping_status":"closed","template":"","meta":[],"product_brand":[],"product_cat":[504,8284],"product_tag":[],"class_list":{"0":"post-87288","1":"product","2":"type-product","3":"status-publish","4":"has-post-thumbnail","6":"product_cat-buerobedarf-schreibwaren","7":"product_cat-bueromaterial","8":"pa_binding-buerobedarf-schreibwaren","9":"pa_brand-it-dusters","10":"pa_height-8-11022-zoll","11":"pa_length-4-52755-zoll","12":"pa_manufacturer-it-dusters","13":"pa_model-eg-2000","14":"pa_weight-2-645547144-pfund","15":"pa_width-8-46455-zoll","17":"first","18":"instock","19":"shipping-taxable","20":"purchasable","21":"product-type-simple","22":"customify-col","23":"product-has-gallery"},"yoast_head":"<!-- This site is optimized with the Yoast SEO plugin v27.3 - https:\/\/yoast.com\/product\/yoast-seo-wordpress\/ -->\n<title>IT Dusters CompuCleaner Xpert Elektrische Staubgebl\u00e4se Druckluftspray Staubgebl\u00e4se - Markt-XXL<\/title>\n<meta name=\"description\" content=\"Markt-XXL IT Dusters CompuCleaner Xpert Elektrische Staubgebl\u00e4se Druckluftspray Staubgebl\u00e4se\" \/>\n<meta name=\"robots\" content=\"index, follow, max-snippet:-1, max-image-preview:large, max-video-preview:-1\" \/>\n<link rel=\"canonical\" href=\"https:\/\/marktxxl.de\/markt\/produkt\/it-dusters-compucleaner-xpert-staubgeblaese\/\" \/>\n<meta property=\"og:locale\" content=\"de_DE\" \/>\n<meta property=\"og:type\" content=\"article\" \/>\n<meta property=\"og:title\" content=\"IT Dusters CompuCleaner Xpert Elektrische Staubgebl\u00e4se Druckluftspray Staubgebl\u00e4se - Markt-XXL\" \/>\n<meta property=\"og:description\" content=\"Markt-XXL IT Dusters CompuCleaner Xpert Elektrische Staubgebl\u00e4se Druckluftspray Staubgebl\u00e4se\" \/>\n<meta property=\"og:url\" content=\"https:\/\/marktxxl.de\/markt\/produkt\/it-dusters-compucleaner-xpert-staubgeblaese\/\" \/>\n<meta property=\"og:site_name\" content=\"Markt-XXL\" \/>\n<meta property=\"article:modified_time\" content=\"2023-04-09T00:40:21+00:00\" \/>\n<meta property=\"og:image\" content=\"https:\/\/m.media-amazon.com\/images\/I\/41IRseEKwDS._SL500_.jpg\" \/>\n\t<meta property=\"og:image:width\" content=\"500\" \/>\n\t<meta property=\"og:image:height\" content=\"500\" \/>\n\t<meta property=\"og:image:type\" content=\"image\/jpeg\" \/>\n<meta name=\"twitter:card\" content=\"summary_large_image\" \/>\n<meta name=\"twitter:label1\" content=\"Gesch\u00e4tzte Lesezeit\" \/>\n\t<meta name=\"twitter:data1\" content=\"1\u00a0Minute\" \/>\n<script type=\"application\/ld+json\" class=\"yoast-schema-graph\">{\"@context\":\"https:\\\/\\\/schema.org\",\"@graph\":[{\"@type\":\"WebPage\",\"@id\":\"https:\\\/\\\/marktxxl.de\\\/markt\\\/produkt\\\/it-dusters-compucleaner-xpert-staubgeblaese\\\/\",\"url\":\"https:\\\/\\\/marktxxl.de\\\/markt\\\/produkt\\\/it-dusters-compucleaner-xpert-staubgeblaese\\\/\",\"name\":\"IT Dusters CompuCleaner Xpert Elektrische Staubgebl\u00e4se Druckluftspray Staubgebl\u00e4se - Markt-XXL\",\"isPartOf\":{\"@id\":\"https:\\\/\\\/marktxxl.de\\\/markt\\\/#website\"},\"primaryImageOfPage\":{\"@id\":\"https:\\\/\\\/marktxxl.de\\\/markt\\\/produkt\\\/it-dusters-compucleaner-xpert-staubgeblaese\\\/#primaryimage\"},\"image\":{\"@id\":\"https:\\\/\\\/marktxxl.de\\\/markt\\\/produkt\\\/it-dusters-compucleaner-xpert-staubgeblaese\\\/#primaryimage\"},\"thumbnailUrl\":\"https:\\\/\\\/m.media-amazon.com\\\/images\\\/I\\\/41IRseEKwDS._SL500_.jpg\",\"datePublished\":\"2021-12-28T16:09:47+00:00\",\"dateModified\":\"2023-04-09T00:40:21+00:00\",\"description\":\"Markt-XXL IT Dusters CompuCleaner Xpert Elektrische Staubgebl\u00e4se Druckluftspray Staubgebl\u00e4se\",\"breadcrumb\":{\"@id\":\"https:\\\/\\\/marktxxl.de\\\/markt\\\/produkt\\\/it-dusters-compucleaner-xpert-staubgeblaese\\\/#breadcrumb\"},\"inLanguage\":\"de\",\"potentialAction\":[{\"@type\":\"ReadAction\",\"target\":[\"https:\\\/\\\/marktxxl.de\\\/markt\\\/produkt\\\/it-dusters-compucleaner-xpert-staubgeblaese\\\/\"]}]},{\"@type\":\"ImageObject\",\"inLanguage\":\"de\",\"@id\":\"https:\\\/\\\/marktxxl.de\\\/markt\\\/produkt\\\/it-dusters-compucleaner-xpert-staubgeblaese\\\/#primaryimage\",\"url\":\"https:\\\/\\\/m.media-amazon.com\\\/images\\\/I\\\/41IRseEKwDS._SL500_.jpg\",\"contentUrl\":\"https:\\\/\\\/m.media-amazon.com\\\/images\\\/I\\\/41IRseEKwDS._SL500_.jpg\",\"width\":500,\"height\":500},{\"@type\":\"BreadcrumbList\",\"@id\":\"https:\\\/\\\/marktxxl.de\\\/markt\\\/produkt\\\/it-dusters-compucleaner-xpert-staubgeblaese\\\/#breadcrumb\",\"itemListElement\":[{\"@type\":\"ListItem\",\"position\":1,\"name\":\"Startseite\",\"item\":\"https:\\\/\\\/marktxxl.de\\\/markt\\\/\"},{\"@type\":\"ListItem\",\"position\":2,\"name\":\"Markt\",\"item\":\"https:\\\/\\\/marktxxl.de\\\/markt\\\/\"},{\"@type\":\"ListItem\",\"position\":3,\"name\":\"IT Dusters CompuCleaner Xpert Elektrische Staubgebl\u00e4se Druckluftspray Staubgebl\u00e4se\"}]},{\"@type\":\"WebSite\",\"@id\":\"https:\\\/\\\/marktxxl.de\\\/markt\\\/#website\",\"url\":\"https:\\\/\\\/marktxxl.de\\\/markt\\\/\",\"name\":\"Markt-XXL\",\"description\":\"Ihr Markt Online\",\"publisher\":{\"@id\":\"https:\\\/\\\/marktxxl.de\\\/markt\\\/#organization\"},\"potentialAction\":[{\"@type\":\"SearchAction\",\"target\":{\"@type\":\"EntryPoint\",\"urlTemplate\":\"https:\\\/\\\/marktxxl.de\\\/markt\\\/?s={search_term_string}\"},\"query-input\":{\"@type\":\"PropertyValueSpecification\",\"valueRequired\":true,\"valueName\":\"search_term_string\"}}],\"inLanguage\":\"de\"},{\"@type\":\"Organization\",\"@id\":\"https:\\\/\\\/marktxxl.de\\\/markt\\\/#organization\",\"name\":\"Markt-XXL\",\"url\":\"https:\\\/\\\/marktxxl.de\\\/markt\\\/\",\"logo\":{\"@type\":\"ImageObject\",\"inLanguage\":\"de\",\"@id\":\"https:\\\/\\\/marktxxl.de\\\/markt\\\/#\\\/schema\\\/logo\\\/image\\\/\",\"url\":\"https:\\\/\\\/marktxxl.de\\\/markt\\\/wp-content\\\/uploads\\\/sites\\\/3\\\/2020\\\/12\\\/logo.png\",\"contentUrl\":\"https:\\\/\\\/marktxxl.de\\\/markt\\\/wp-content\\\/uploads\\\/sites\\\/3\\\/2020\\\/12\\\/logo.png\",\"width\":200,\"height\":70,\"caption\":\"Markt-XXL\"},\"image\":{\"@id\":\"https:\\\/\\\/marktxxl.de\\\/markt\\\/#\\\/schema\\\/logo\\\/image\\\/\"}}]}<\/script>\n<!-- \/ Yoast SEO plugin. -->","yoast_head_json":{"title":"IT Dusters CompuCleaner Xpert Elektrische Staubgebl\u00e4se Druckluftspray Staubgebl\u00e4se - Markt-XXL","description":"Markt-XXL IT Dusters CompuCleaner Xpert Elektrische Staubgebl\u00e4se Druckluftspray Staubgebl\u00e4se","robots":{"index":"index","follow":"follow","max-snippet":"max-snippet:-1","max-image-preview":"max-image-preview:large","max-video-preview":"max-video-preview:-1"},"canonical":"https:\/\/marktxxl.de\/markt\/produkt\/it-dusters-compucleaner-xpert-staubgeblaese\/","og_locale":"de_DE","og_type":"article","og_title":"IT Dusters CompuCleaner Xpert Elektrische Staubgebl\u00e4se Druckluftspray Staubgebl\u00e4se - Markt-XXL","og_description":"Markt-XXL IT Dusters CompuCleaner Xpert Elektrische Staubgebl\u00e4se Druckluftspray Staubgebl\u00e4se","og_url":"https:\/\/marktxxl.de\/markt\/produkt\/it-dusters-compucleaner-xpert-staubgeblaese\/","og_site_name":"Markt-XXL","article_modified_time":"2023-04-09T00:40:21+00:00","og_image":[{"width":500,"height":500,"url":"https:\/\/m.media-amazon.com\/images\/I\/41IRseEKwDS._SL500_.jpg","type":"image\/jpeg"}],"twitter_card":"summary_large_image","twitter_misc":{"Gesch\u00e4tzte Lesezeit":"1\u00a0Minute"},"schema":{"@context":"https:\/\/schema.org","@graph":[{"@type":"WebPage","@id":"https:\/\/marktxxl.de\/markt\/produkt\/it-dusters-compucleaner-xpert-staubgeblaese\/","url":"https:\/\/marktxxl.de\/markt\/produkt\/it-dusters-compucleaner-xpert-staubgeblaese\/","name":"IT Dusters CompuCleaner Xpert Elektrische Staubgebl\u00e4se Druckluftspray Staubgebl\u00e4se - Markt-XXL","isPartOf":{"@id":"https:\/\/marktxxl.de\/markt\/#website"},"primaryImageOfPage":{"@id":"https:\/\/marktxxl.de\/markt\/produkt\/it-dusters-compucleaner-xpert-staubgeblaese\/#primaryimage"},"image":{"@id":"https:\/\/marktxxl.de\/markt\/produkt\/it-dusters-compucleaner-xpert-staubgeblaese\/#primaryimage"},"thumbnailUrl":"https:\/\/m.media-amazon.com\/images\/I\/41IRseEKwDS._SL500_.jpg","datePublished":"2021-12-28T16:09:47+00:00","dateModified":"2023-04-09T00:40:21+00:00","description":"Markt-XXL IT Dusters CompuCleaner Xpert Elektrische Staubgebl\u00e4se Druckluftspray Staubgebl\u00e4se","breadcrumb":{"@id":"https:\/\/marktxxl.de\/markt\/produkt\/it-dusters-compucleaner-xpert-staubgeblaese\/#breadcrumb"},"inLanguage":"de","potentialAction":[{"@type":"ReadAction","target":["https:\/\/marktxxl.de\/markt\/produkt\/it-dusters-compucleaner-xpert-staubgeblaese\/"]}]},{"@type":"ImageObject","inLanguage":"de","@id":"https:\/\/marktxxl.de\/markt\/produkt\/it-dusters-compucleaner-xpert-staubgeblaese\/#primaryimage","url":"https:\/\/m.media-amazon.com\/images\/I\/41IRseEKwDS._SL500_.jpg","contentUrl":"https:\/\/m.media-amazon.com\/images\/I\/41IRseEKwDS._SL500_.jpg","width":500,"height":500},{"@type":"BreadcrumbList","@id":"https:\/\/marktxxl.de\/markt\/produkt\/it-dusters-compucleaner-xpert-staubgeblaese\/#breadcrumb","itemListElement":[{"@type":"ListItem","position":1,"name":"Startseite","item":"https:\/\/marktxxl.de\/markt\/"},{"@type":"ListItem","position":2,"name":"Markt","item":"https:\/\/marktxxl.de\/markt\/"},{"@type":"ListItem","position":3,"name":"IT Dusters CompuCleaner Xpert Elektrische Staubgebl\u00e4se Druckluftspray Staubgebl\u00e4se"}]},{"@type":"WebSite","@id":"https:\/\/marktxxl.de\/markt\/#website","url":"https:\/\/marktxxl.de\/markt\/","name":"Markt-XXL","description":"Ihr Markt Online","publisher":{"@id":"https:\/\/marktxxl.de\/markt\/#organization"},"potentialAction":[{"@type":"SearchAction","target":{"@type":"EntryPoint","urlTemplate":"https:\/\/marktxxl.de\/markt\/?s={search_term_string}"},"query-input":{"@type":"PropertyValueSpecification","valueRequired":true,"valueName":"search_term_string"}}],"inLanguage":"de"},{"@type":"Organization","@id":"https:\/\/marktxxl.de\/markt\/#organization","name":"Markt-XXL","url":"https:\/\/marktxxl.de\/markt\/","logo":{"@type":"ImageObject","inLanguage":"de","@id":"https:\/\/marktxxl.de\/markt\/#\/schema\/logo\/image\/","url":"https:\/\/marktxxl.de\/markt\/wp-content\/uploads\/sites\/3\/2020\/12\/logo.png","contentUrl":"https:\/\/marktxxl.de\/markt\/wp-content\/uploads\/sites\/3\/2020\/12\/logo.png","width":200,"height":70,"caption":"Markt-XXL"},"image":{"@id":"https:\/\/marktxxl.de\/markt\/#\/schema\/logo\/image\/"}}]}},"_links":{"self":[{"href":"https:\/\/marktxxl.de\/markt\/wp-json\/wp\/v2\/product\/87288","targetHints":{"allow":["GET"]}}],"collection":[{"href":"https:\/\/marktxxl.de\/markt\/wp-json\/wp\/v2\/product"}],"about":[{"href":"https:\/\/marktxxl.de\/markt\/wp-json\/wp\/v2\/types\/product"}],"replies":[{"embeddable":true,"href":"https:\/\/marktxxl.de\/markt\/wp-json\/wp\/v2\/comments?post=87288"}],"wp:featuredmedia":[{"embeddable":true,"href":"https:\/\/marktxxl.de\/markt\/wp-json\/wp\/v2\/media\/87289"}],"wp:attachment":[{"href":"https:\/\/marktxxl.de\/markt\/wp-json\/wp\/v2\/media?parent=87288"}],"wp:term":[{"taxonomy":"product_brand","embeddable":true,"href":"https:\/\/marktxxl.de\/markt\/wp-json\/wp\/v2\/product_brand?post=87288"},{"taxonomy":"product_cat","embeddable":true,"href":"https:\/\/marktxxl.de\/markt\/wp-json\/wp\/v2\/product_cat?post=87288"},{"taxonomy":"product_tag","embeddable":true,"href":"https:\/\/marktxxl.de\/markt\/wp-json\/wp\/v2\/product_tag?post=87288"}],"curies":[{"name":"wp","href":"https:\/\/api.w.org\/{rel}","templated":true}]}}