{"id":87274,"date":"2021-12-28T17:09:36","date_gmt":"2021-12-28T16:09:36","guid":{"rendered":"https:\/\/marktxxl.de\/markt\/produkt\/kwmobile-60x-foldback-klammern-set-20x-19mm-20x-25mm-20x-32mm-vielzweckklammer-buero-dokumenten-clips-metall-maul-klammer-klemmen-in-schwarz\/"},"modified":"2023-04-09T02:40:21","modified_gmt":"2023-04-09T00:40:21","slug":"kwmobile-60x-foldback-klammern-set-20x-19mm-20x-25mm-20x-32mm-vielzweckklammer-buero-dokumenten-clips-metall-maul-klammer-klemmen-in-schwarz","status":"publish","type":"product","link":"https:\/\/marktxxl.de\/markt\/produkt\/kwmobile-60x-foldback-klammern-set-20x-19mm-20x-25mm-20x-32mm-vielzweckklammer-buero-dokumenten-clips-metall-maul-klammer-klemmen-in-schwarz\/","title":{"rendered":"kwmobile 60x Foldback Klammern Set &#8211; 20x 19mm 20x 25mm 20x 32mm &#8211; Vielzweckklammer B\u00fcro Dokumenten Clips &#8211; Metall Maul\u2026"},"content":{"rendered":"<p>ORDNUNG MUSS SEIN: Lose Bl\u00e4tter, offene Fenster, Durchzug und schon ist es passiert. Die Maulis schaffen Abhilfe und heften das Papier sicher zusammen. Aber nat\u00fcrlich auch so, um Ordnung im Office, zu Hause oder in der Schule zu halten.<br \/>\nALLES BLEIBT HEILE: Im Gegensatz zu herk\u00f6mmlichen B\u00fcroklammern zerknittern die Foldbackklammern das Papier nicht und sorgen f\u00fcr weniger unsch\u00f6ne Abdr\u00fccke oder Risse.<br \/>\nUMFASSEND: Du erh\u00e4ltst insgesamt 60 Metallklammern in 3 Gr\u00f6\u00dfen: 20x 19mm 20x 25mm 20x 32mm &#8211; Hinzu kommt eine wiederverwendbare Box zum Aufbewahren der Clip Papierklammern.<br \/>\nODER F\u00dcR ANDERE ZWECKE: Die Maulklammern m\u00fcssen aber nicht ausschlie\u00dflich f\u00fcr Dokumente, Karteikarten, Zettel oder Akten genutzt werden. Wie w\u00e4re es z. B. als Handyhalter, Kabelhalter, Kopfh\u00f6rerhalter, Hosenb\u00fcgel oder Geldhalter?<br \/>\nKEIN SPIELZEUG: Kinder k\u00f6nnen kleine Zettelclips verschlucken. Daher muss sichergestellt werden, dass die Klemmer nicht in die H\u00e4nde von Kindern gelangen!<br \/>\n<div class=\"main-cross-sell\" data-asin=\"B08QMHXDCN\">\n\n\t<div class=\"WooZone-cross-sell-loader\">\n\t\t<div>\n\t\t\t<div id=\"floatingBarsG\">\n\t\t\t\t<div class=\"blockG\" id=\"rotateG_01\"><\/div>\n\t\t\t\t<div class=\"blockG\" id=\"rotateG_02\"><\/div>\n\t\t\t\t<div class=\"blockG\" id=\"rotateG_03\"><\/div>\n\t\t\t\t<div class=\"blockG\" id=\"rotateG_04\"><\/div>\n\t\t\t\t<div class=\"blockG\" id=\"rotateG_05\"><\/div>\n\t\t\t\t<div class=\"blockG\" id=\"rotateG_06\"><\/div>\n\t\t\t\t<div class=\"blockG\" id=\"rotateG_07\"><\/div>\n\t\t\t\t<div class=\"blockG\" id=\"rotateG_08\"><\/div>\n\t\t\t<\/div>\n\t\t\t<div class=\"WooZone-cross-sell-loader-text\"><\/div>\n\t\t<\/div>\n\t<\/div>\n\n\t\t\n<\/div>\n<div style=\"clear:both;\"><\/div><\/p>\n","protected":false},"excerpt":{"rendered":"<p>ORDNUNG MUSS SEIN: Lose Bl\u00e4tter, offene Fenster, Durchzug und schon ist es passiert. Die Maulis schaffen Abhilfe und heften das Papier sicher zusammen. Aber nat\u00fcrlich auch so, um Ordnung im Office, zu Hause oder in der Schule zu halten.<br \/>\nALLES BLEIBT HEILE: Im Gegensatz zu herk\u00f6mmlichen B\u00fcroklammern zerknittern die Foldbackklammern das Papier nicht und sorgen f\u00fcr weniger unsch\u00f6ne Abdr\u00fccke oder Risse.<br \/>\nUMFASSEND: Du erh\u00e4ltst insgesamt 60 Metallklammern in 3 Gr\u00f6\u00dfen: 20x 19mm 20x 25mm 20x 32mm &#8211; Hinzu kommt eine wiederverwendbare Box zum Aufbewahren der Clip Papierklammern.<\/p>\n","protected":false},"featured_media":87275,"comment_status":"open","ping_status":"closed","template":"","meta":[],"product_brand":[],"product_cat":[504,8284],"product_tag":[],"class_list":{"0":"post-87274","1":"product","2":"type-product","3":"status-publish","4":"has-post-thumbnail","6":"product_cat-buerobedarf-schreibwaren","7":"product_cat-bueromaterial","8":"pa_brand-kwmobile","9":"pa_manufacturer-kw-commerce","11":"first","12":"instock","13":"shipping-taxable","14":"purchasable","15":"product-type-simple","16":"customify-col","17":"product-has-gallery"},"yoast_head":"<!-- This site is optimized with the Yoast SEO plugin v27.3 - https:\/\/yoast.com\/product\/yoast-seo-wordpress\/ -->\n<title>kwmobile 60x Foldback Klammern Set - 20x 19mm 20x 25mm 20x 32mm - Vielzweckklammer B\u00fcro Dokumenten Clips - Metall Maul\u2026 - Markt-XXL<\/title>\n<meta name=\"description\" content=\"Markt-XXL kwmobile 60x Foldback Klammern Set - 20x 19mm 20x 25mm 20x 32mm - Vielzweckklammer B\u00fcro Dokumenten Clips - Metall Maul\u2026\" \/>\n<meta name=\"robots\" content=\"index, follow, max-snippet:-1, max-image-preview:large, max-video-preview:-1\" \/>\n<link rel=\"canonical\" href=\"https:\/\/marktxxl.de\/markt\/produkt\/kwmobile-60x-foldback-klammern-set-20x-19mm-20x-25mm-20x-32mm-vielzweckklammer-buero-dokumenten-clips-metall-maul-klammer-klemmen-in-schwarz\/\" \/>\n<meta property=\"og:locale\" content=\"de_DE\" \/>\n<meta property=\"og:type\" content=\"article\" \/>\n<meta property=\"og:title\" content=\"kwmobile 60x Foldback Klammern Set - 20x 19mm 20x 25mm 20x 32mm - Vielzweckklammer B\u00fcro Dokumenten Clips - Metall Maul\u2026 - Markt-XXL\" \/>\n<meta property=\"og:description\" content=\"Markt-XXL kwmobile 60x Foldback Klammern Set - 20x 19mm 20x 25mm 20x 32mm - Vielzweckklammer B\u00fcro Dokumenten Clips - Metall Maul\u2026\" \/>\n<meta property=\"og:url\" content=\"https:\/\/marktxxl.de\/markt\/produkt\/kwmobile-60x-foldback-klammern-set-20x-19mm-20x-25mm-20x-32mm-vielzweckklammer-buero-dokumenten-clips-metall-maul-klammer-klemmen-in-schwarz\/\" \/>\n<meta property=\"og:site_name\" content=\"Markt-XXL\" \/>\n<meta property=\"article:modified_time\" content=\"2023-04-09T00:40:21+00:00\" \/>\n<meta property=\"og:image\" content=\"https:\/\/m.media-amazon.com\/images\/I\/51KKk1ZTXBL._SL500_.jpg\" \/>\n\t<meta property=\"og:image:width\" content=\"500\" \/>\n\t<meta property=\"og:image:height\" content=\"500\" \/>\n\t<meta property=\"og:image:type\" content=\"image\/jpeg\" \/>\n<meta name=\"twitter:card\" content=\"summary_large_image\" \/>\n<meta name=\"twitter:label1\" content=\"Gesch\u00e4tzte Lesezeit\" \/>\n\t<meta name=\"twitter:data1\" content=\"1\u00a0Minute\" \/>\n<script type=\"application\/ld+json\" class=\"yoast-schema-graph\">{\"@context\":\"https:\\\/\\\/schema.org\",\"@graph\":[{\"@type\":\"WebPage\",\"@id\":\"https:\\\/\\\/marktxxl.de\\\/markt\\\/produkt\\\/kwmobile-60x-foldback-klammern-set-20x-19mm-20x-25mm-20x-32mm-vielzweckklammer-buero-dokumenten-clips-metall-maul-klammer-klemmen-in-schwarz\\\/\",\"url\":\"https:\\\/\\\/marktxxl.de\\\/markt\\\/produkt\\\/kwmobile-60x-foldback-klammern-set-20x-19mm-20x-25mm-20x-32mm-vielzweckklammer-buero-dokumenten-clips-metall-maul-klammer-klemmen-in-schwarz\\\/\",\"name\":\"kwmobile 60x Foldback Klammern Set - 20x 19mm 20x 25mm 20x 32mm - Vielzweckklammer B\u00fcro Dokumenten Clips - Metall Maul\u2026 - Markt-XXL\",\"isPartOf\":{\"@id\":\"https:\\\/\\\/marktxxl.de\\\/markt\\\/#website\"},\"primaryImageOfPage\":{\"@id\":\"https:\\\/\\\/marktxxl.de\\\/markt\\\/produkt\\\/kwmobile-60x-foldback-klammern-set-20x-19mm-20x-25mm-20x-32mm-vielzweckklammer-buero-dokumenten-clips-metall-maul-klammer-klemmen-in-schwarz\\\/#primaryimage\"},\"image\":{\"@id\":\"https:\\\/\\\/marktxxl.de\\\/markt\\\/produkt\\\/kwmobile-60x-foldback-klammern-set-20x-19mm-20x-25mm-20x-32mm-vielzweckklammer-buero-dokumenten-clips-metall-maul-klammer-klemmen-in-schwarz\\\/#primaryimage\"},\"thumbnailUrl\":\"https:\\\/\\\/m.media-amazon.com\\\/images\\\/I\\\/51KKk1ZTXBL._SL500_.jpg\",\"datePublished\":\"2021-12-28T16:09:36+00:00\",\"dateModified\":\"2023-04-09T00:40:21+00:00\",\"description\":\"Markt-XXL kwmobile 60x Foldback Klammern Set - 20x 19mm 20x 25mm 20x 32mm - Vielzweckklammer B\u00fcro Dokumenten Clips - Metall Maul\u2026\",\"breadcrumb\":{\"@id\":\"https:\\\/\\\/marktxxl.de\\\/markt\\\/produkt\\\/kwmobile-60x-foldback-klammern-set-20x-19mm-20x-25mm-20x-32mm-vielzweckklammer-buero-dokumenten-clips-metall-maul-klammer-klemmen-in-schwarz\\\/#breadcrumb\"},\"inLanguage\":\"de\",\"potentialAction\":[{\"@type\":\"ReadAction\",\"target\":[\"https:\\\/\\\/marktxxl.de\\\/markt\\\/produkt\\\/kwmobile-60x-foldback-klammern-set-20x-19mm-20x-25mm-20x-32mm-vielzweckklammer-buero-dokumenten-clips-metall-maul-klammer-klemmen-in-schwarz\\\/\"]}]},{\"@type\":\"ImageObject\",\"inLanguage\":\"de\",\"@id\":\"https:\\\/\\\/marktxxl.de\\\/markt\\\/produkt\\\/kwmobile-60x-foldback-klammern-set-20x-19mm-20x-25mm-20x-32mm-vielzweckklammer-buero-dokumenten-clips-metall-maul-klammer-klemmen-in-schwarz\\\/#primaryimage\",\"url\":\"https:\\\/\\\/m.media-amazon.com\\\/images\\\/I\\\/51KKk1ZTXBL._SL500_.jpg\",\"contentUrl\":\"https:\\\/\\\/m.media-amazon.com\\\/images\\\/I\\\/51KKk1ZTXBL._SL500_.jpg\",\"width\":500,\"height\":500},{\"@type\":\"BreadcrumbList\",\"@id\":\"https:\\\/\\\/marktxxl.de\\\/markt\\\/produkt\\\/kwmobile-60x-foldback-klammern-set-20x-19mm-20x-25mm-20x-32mm-vielzweckklammer-buero-dokumenten-clips-metall-maul-klammer-klemmen-in-schwarz\\\/#breadcrumb\",\"itemListElement\":[{\"@type\":\"ListItem\",\"position\":1,\"name\":\"Startseite\",\"item\":\"https:\\\/\\\/marktxxl.de\\\/markt\\\/\"},{\"@type\":\"ListItem\",\"position\":2,\"name\":\"Markt\",\"item\":\"https:\\\/\\\/marktxxl.de\\\/markt\\\/\"},{\"@type\":\"ListItem\",\"position\":3,\"name\":\"kwmobile 60x Foldback Klammern Set &#8211; 20x 19mm 20x 25mm 20x 32mm &#8211; Vielzweckklammer B\u00fcro Dokumenten Clips &#8211; Metall Maul\u2026\"}]},{\"@type\":\"WebSite\",\"@id\":\"https:\\\/\\\/marktxxl.de\\\/markt\\\/#website\",\"url\":\"https:\\\/\\\/marktxxl.de\\\/markt\\\/\",\"name\":\"Markt-XXL\",\"description\":\"Ihr Markt Online\",\"publisher\":{\"@id\":\"https:\\\/\\\/marktxxl.de\\\/markt\\\/#organization\"},\"potentialAction\":[{\"@type\":\"SearchAction\",\"target\":{\"@type\":\"EntryPoint\",\"urlTemplate\":\"https:\\\/\\\/marktxxl.de\\\/markt\\\/?s={search_term_string}\"},\"query-input\":{\"@type\":\"PropertyValueSpecification\",\"valueRequired\":true,\"valueName\":\"search_term_string\"}}],\"inLanguage\":\"de\"},{\"@type\":\"Organization\",\"@id\":\"https:\\\/\\\/marktxxl.de\\\/markt\\\/#organization\",\"name\":\"Markt-XXL\",\"url\":\"https:\\\/\\\/marktxxl.de\\\/markt\\\/\",\"logo\":{\"@type\":\"ImageObject\",\"inLanguage\":\"de\",\"@id\":\"https:\\\/\\\/marktxxl.de\\\/markt\\\/#\\\/schema\\\/logo\\\/image\\\/\",\"url\":\"https:\\\/\\\/marktxxl.de\\\/markt\\\/wp-content\\\/uploads\\\/sites\\\/3\\\/2020\\\/12\\\/logo.png\",\"contentUrl\":\"https:\\\/\\\/marktxxl.de\\\/markt\\\/wp-content\\\/uploads\\\/sites\\\/3\\\/2020\\\/12\\\/logo.png\",\"width\":200,\"height\":70,\"caption\":\"Markt-XXL\"},\"image\":{\"@id\":\"https:\\\/\\\/marktxxl.de\\\/markt\\\/#\\\/schema\\\/logo\\\/image\\\/\"}}]}<\/script>\n<!-- \/ Yoast SEO plugin. -->","yoast_head_json":{"title":"kwmobile 60x Foldback Klammern Set - 20x 19mm 20x 25mm 20x 32mm - Vielzweckklammer B\u00fcro Dokumenten Clips - Metall Maul\u2026 - Markt-XXL","description":"Markt-XXL kwmobile 60x Foldback Klammern Set - 20x 19mm 20x 25mm 20x 32mm - Vielzweckklammer B\u00fcro Dokumenten Clips - Metall Maul\u2026","robots":{"index":"index","follow":"follow","max-snippet":"max-snippet:-1","max-image-preview":"max-image-preview:large","max-video-preview":"max-video-preview:-1"},"canonical":"https:\/\/marktxxl.de\/markt\/produkt\/kwmobile-60x-foldback-klammern-set-20x-19mm-20x-25mm-20x-32mm-vielzweckklammer-buero-dokumenten-clips-metall-maul-klammer-klemmen-in-schwarz\/","og_locale":"de_DE","og_type":"article","og_title":"kwmobile 60x Foldback Klammern Set - 20x 19mm 20x 25mm 20x 32mm - Vielzweckklammer B\u00fcro Dokumenten Clips - Metall Maul\u2026 - Markt-XXL","og_description":"Markt-XXL kwmobile 60x Foldback Klammern Set - 20x 19mm 20x 25mm 20x 32mm - Vielzweckklammer B\u00fcro Dokumenten Clips - Metall Maul\u2026","og_url":"https:\/\/marktxxl.de\/markt\/produkt\/kwmobile-60x-foldback-klammern-set-20x-19mm-20x-25mm-20x-32mm-vielzweckklammer-buero-dokumenten-clips-metall-maul-klammer-klemmen-in-schwarz\/","og_site_name":"Markt-XXL","article_modified_time":"2023-04-09T00:40:21+00:00","og_image":[{"width":500,"height":500,"url":"https:\/\/m.media-amazon.com\/images\/I\/51KKk1ZTXBL._SL500_.jpg","type":"image\/jpeg"}],"twitter_card":"summary_large_image","twitter_misc":{"Gesch\u00e4tzte Lesezeit":"1\u00a0Minute"},"schema":{"@context":"https:\/\/schema.org","@graph":[{"@type":"WebPage","@id":"https:\/\/marktxxl.de\/markt\/produkt\/kwmobile-60x-foldback-klammern-set-20x-19mm-20x-25mm-20x-32mm-vielzweckklammer-buero-dokumenten-clips-metall-maul-klammer-klemmen-in-schwarz\/","url":"https:\/\/marktxxl.de\/markt\/produkt\/kwmobile-60x-foldback-klammern-set-20x-19mm-20x-25mm-20x-32mm-vielzweckklammer-buero-dokumenten-clips-metall-maul-klammer-klemmen-in-schwarz\/","name":"kwmobile 60x Foldback Klammern Set - 20x 19mm 20x 25mm 20x 32mm - Vielzweckklammer B\u00fcro Dokumenten Clips - Metall Maul\u2026 - Markt-XXL","isPartOf":{"@id":"https:\/\/marktxxl.de\/markt\/#website"},"primaryImageOfPage":{"@id":"https:\/\/marktxxl.de\/markt\/produkt\/kwmobile-60x-foldback-klammern-set-20x-19mm-20x-25mm-20x-32mm-vielzweckklammer-buero-dokumenten-clips-metall-maul-klammer-klemmen-in-schwarz\/#primaryimage"},"image":{"@id":"https:\/\/marktxxl.de\/markt\/produkt\/kwmobile-60x-foldback-klammern-set-20x-19mm-20x-25mm-20x-32mm-vielzweckklammer-buero-dokumenten-clips-metall-maul-klammer-klemmen-in-schwarz\/#primaryimage"},"thumbnailUrl":"https:\/\/m.media-amazon.com\/images\/I\/51KKk1ZTXBL._SL500_.jpg","datePublished":"2021-12-28T16:09:36+00:00","dateModified":"2023-04-09T00:40:21+00:00","description":"Markt-XXL kwmobile 60x Foldback Klammern Set - 20x 19mm 20x 25mm 20x 32mm - Vielzweckklammer B\u00fcro Dokumenten Clips - Metall Maul\u2026","breadcrumb":{"@id":"https:\/\/marktxxl.de\/markt\/produkt\/kwmobile-60x-foldback-klammern-set-20x-19mm-20x-25mm-20x-32mm-vielzweckklammer-buero-dokumenten-clips-metall-maul-klammer-klemmen-in-schwarz\/#breadcrumb"},"inLanguage":"de","potentialAction":[{"@type":"ReadAction","target":["https:\/\/marktxxl.de\/markt\/produkt\/kwmobile-60x-foldback-klammern-set-20x-19mm-20x-25mm-20x-32mm-vielzweckklammer-buero-dokumenten-clips-metall-maul-klammer-klemmen-in-schwarz\/"]}]},{"@type":"ImageObject","inLanguage":"de","@id":"https:\/\/marktxxl.de\/markt\/produkt\/kwmobile-60x-foldback-klammern-set-20x-19mm-20x-25mm-20x-32mm-vielzweckklammer-buero-dokumenten-clips-metall-maul-klammer-klemmen-in-schwarz\/#primaryimage","url":"https:\/\/m.media-amazon.com\/images\/I\/51KKk1ZTXBL._SL500_.jpg","contentUrl":"https:\/\/m.media-amazon.com\/images\/I\/51KKk1ZTXBL._SL500_.jpg","width":500,"height":500},{"@type":"BreadcrumbList","@id":"https:\/\/marktxxl.de\/markt\/produkt\/kwmobile-60x-foldback-klammern-set-20x-19mm-20x-25mm-20x-32mm-vielzweckklammer-buero-dokumenten-clips-metall-maul-klammer-klemmen-in-schwarz\/#breadcrumb","itemListElement":[{"@type":"ListItem","position":1,"name":"Startseite","item":"https:\/\/marktxxl.de\/markt\/"},{"@type":"ListItem","position":2,"name":"Markt","item":"https:\/\/marktxxl.de\/markt\/"},{"@type":"ListItem","position":3,"name":"kwmobile 60x Foldback Klammern Set &#8211; 20x 19mm 20x 25mm 20x 32mm &#8211; Vielzweckklammer B\u00fcro Dokumenten Clips &#8211; Metall Maul\u2026"}]},{"@type":"WebSite","@id":"https:\/\/marktxxl.de\/markt\/#website","url":"https:\/\/marktxxl.de\/markt\/","name":"Markt-XXL","description":"Ihr Markt Online","publisher":{"@id":"https:\/\/marktxxl.de\/markt\/#organization"},"potentialAction":[{"@type":"SearchAction","target":{"@type":"EntryPoint","urlTemplate":"https:\/\/marktxxl.de\/markt\/?s={search_term_string}"},"query-input":{"@type":"PropertyValueSpecification","valueRequired":true,"valueName":"search_term_string"}}],"inLanguage":"de"},{"@type":"Organization","@id":"https:\/\/marktxxl.de\/markt\/#organization","name":"Markt-XXL","url":"https:\/\/marktxxl.de\/markt\/","logo":{"@type":"ImageObject","inLanguage":"de","@id":"https:\/\/marktxxl.de\/markt\/#\/schema\/logo\/image\/","url":"https:\/\/marktxxl.de\/markt\/wp-content\/uploads\/sites\/3\/2020\/12\/logo.png","contentUrl":"https:\/\/marktxxl.de\/markt\/wp-content\/uploads\/sites\/3\/2020\/12\/logo.png","width":200,"height":70,"caption":"Markt-XXL"},"image":{"@id":"https:\/\/marktxxl.de\/markt\/#\/schema\/logo\/image\/"}}]}},"_links":{"self":[{"href":"https:\/\/marktxxl.de\/markt\/wp-json\/wp\/v2\/product\/87274","targetHints":{"allow":["GET"]}}],"collection":[{"href":"https:\/\/marktxxl.de\/markt\/wp-json\/wp\/v2\/product"}],"about":[{"href":"https:\/\/marktxxl.de\/markt\/wp-json\/wp\/v2\/types\/product"}],"replies":[{"embeddable":true,"href":"https:\/\/marktxxl.de\/markt\/wp-json\/wp\/v2\/comments?post=87274"}],"wp:featuredmedia":[{"embeddable":true,"href":"https:\/\/marktxxl.de\/markt\/wp-json\/wp\/v2\/media\/87275"}],"wp:attachment":[{"href":"https:\/\/marktxxl.de\/markt\/wp-json\/wp\/v2\/media?parent=87274"}],"wp:term":[{"taxonomy":"product_brand","embeddable":true,"href":"https:\/\/marktxxl.de\/markt\/wp-json\/wp\/v2\/product_brand?post=87274"},{"taxonomy":"product_cat","embeddable":true,"href":"https:\/\/marktxxl.de\/markt\/wp-json\/wp\/v2\/product_cat?post=87274"},{"taxonomy":"product_tag","embeddable":true,"href":"https:\/\/marktxxl.de\/markt\/wp-json\/wp\/v2\/product_tag?post=87274"}],"curies":[{"name":"wp","href":"https:\/\/api.w.org\/{rel}","templated":true}]}}